{"id":837,"date":"2020-02-17T16:19:04","date_gmt":"2020-02-17T21:19:04","guid":{"rendered":"https:\/\/resqjack.wpengine.com\/?page_id=837"},"modified":"2020-06-12T16:54:31","modified_gmt":"2020-06-12T21:54:31","slug":"ucretsiz-demo","status":"publish","type":"page","link":"https:\/\/res-q-jack.com\/tr\/free-demo\/","title":{"rendered":"\u00dccretsiz Demo"},"content":{"rendered":"<h1>\u00dccretsiz Demo<\/h1>\t\t\t\n\t\t\t\t<p>Hendek iksa, stabilizasyon ve kald\u0131rma desteklerimizin \u00fccretsiz, uygulamal\u0131 bir demosunu ayarlamak i\u00e7in Res-Q-Jack ile ileti\u015fime ge\u00e7in.<\/p>\n\t\t\t\t<img decoding=\"async\" data-src=\"https:\/\/res-q-jack.com\/wp-content\/uploads\/2020\/03\/Res-Q-Jack-Free-Demonstration.jpg\" alt=\"Res-Q-Jack \u00dccretsiz Demonstrasyon\" title=\"Res-Q-Jack \u00dccretsiz Demonstrasyon\" itemprop=\"image\" src=\"data:image\/svg+xml;base64,PHN2ZyB3aWR0aD0iMSIgaGVpZ2h0PSIxIiB4bWxucz0iaHR0cDovL3d3dy53My5vcmcvMjAwMC9zdmciPjwvc3ZnPg==\" class=\"lazyload\" style=\"--smush-placeholder-width: 874px; --smush-placeholder-aspect-ratio: 874\/502;\" \/>\n\t<h1>\n\t\t\t\tE\u011fitim Gecesi, Tatbikat Gecesi, tesisinizde bire bir.\n\t\t\t<\/h1>\n\t\t\t\t<p>\u0130htiyac\u0131n\u0131z olan tek \u015fey hurda bir ara\u00e7, gerisini biz hallederiz! Kendi tesisinizin konforunda ara\u00e7lar\u0131m\u0131zla uygulamal\u0131 olarak tan\u0131\u015f\u0131n ve \u00dcCRETS\u0130Z Demo ile Res-Q-Jack fark\u0131n\u0131 deneyimleyin.<\/p>\n<p>Sadece bizi aray\u0131n ve size uygun bir zamanda tesisinize gelerek size ve departman\u0131n\u0131za ara\u00e7lar\u0131m\u0131z\u0131n yeteneklerini ve avantajlar\u0131n\u0131 g\u00f6stermesi i\u00e7in yerel Res-Q-Jack bayinizle temasa ge\u00e7menizi sa\u011flayal\u0131m.<\/p>\n<p>\u00dcCRETS\u0130Z, y\u00fck\u00fcml\u00fcl\u00fck gerektirmeyen tan\u0131t\u0131m\u0131n\u0131z\u0131 bug\u00fcn planlay\u0131n!<\/p>\n\t<ul>\n\t\t<li>\t\t\t\t\n\t\t<h3>1-800-466-9626<\/h3><\/li><li>\t\t\t\t\n\t\t<h3><a href=\"mailto:fr******@********ck.com\" data-original-string=\"qt9AHLRrLiQb95PoPCHtZg==ea0Ci33Osw3Aqvg\/5lbPMLvdmCM6X8\/8cXPyXavy45SOPI4N59hs79ZDNeiHpGn++BBwMnC8H\/iFWlKhzDmuyzvzw==\" title=\"This contact has been encoded by Anti-Spam by CleanTalk. Click to decode. To finish the decoding make sure that JavaScript is enabled in your browser.?subject=Schedule a Demo with Res-Q-Jack\" target=\"_self\" rel=\"noopener noreferrer\"><span \n                data-original-string='k8vLPei5IKqm61gVbYCogw==ea0CTLotkPXAue\/3QPxdPPBxTbS0wFqYu2Z2rtIvUYjmpo='\n                class='apbct-email-encoder'\n                title='This contact has been encoded by Anti-Spam by CleanTalk. Click to decode. To finish the decoding make sure that JavaScript is enabled in your browser.'>Fr<span class=\"apbct-blur\">******<\/span>@<span class=\"apbct-blur\">********<\/span>ck.com<\/span><\/a><\/h3><\/li>\t<\/ul>","protected":false},"excerpt":{"rendered":"<p>\u00dccretsiz Demo Hendek iksa, stabilizasyon ve kald\u0131rma desteklerimizin \u00fccretsiz, uygulamal\u0131 bir demosunu ayarlamak i\u00e7in Res-Q-Jack ile ileti\u015fime ge\u00e7in. E\u011fitim Gecesi, Tatbikat Gecesi, tesisinizde bire bir. \u0130htiyac\u0131n\u0131z olan tek \u015fey hurda bir ara\u00e7, gerisini biz hallederiz! Kendi tesisinizin konforunda ara\u00e7lar\u0131m\u0131zla uygulamal\u0131 olarak \u00e7al\u0131\u015f\u0131n ve Res-Q-Jack fark\u0131n\u0131 ya\u015fay\u0131n...<\/p>","protected":false},"author":2,"featured_media":0,"parent":0,"menu_order":0,"comment_status":"closed","ping_status":"closed","template":"","meta":{"footnotes":""},"class_list":["post-837","page","type-page","status-publish","hentry"],"yoast_head":"<!-- This site is optimized with the Yoast SEO plugin v27.2 - https:\/\/yoast.com\/product\/yoast-seo-wordpress\/ -->\n<title>Free Demo | Res-Q-Jack, Inc.<\/title>\n<meta name=\"robots\" content=\"index, follow, max-snippet:-1, max-image-preview:large, max-video-preview:-1\" \/>\n<link rel=\"canonical\" href=\"https:\/\/res-q-jack.com\/tr\/ucretsiz-demo\/\" \/>\n<meta property=\"og:locale\" content=\"tr_TR\" \/>\n<meta property=\"og:type\" content=\"article\" \/>\n<meta property=\"og:title\" content=\"Free Demo | Res-Q-Jack, Inc.\" \/>\n<meta property=\"og:description\" content=\"Free Demo Contact Res-Q-Jack to setup a free, hands-on demo of our trench shoring, stabilization and lifting struts. Training Night, Drill Night, one-on-one at your facility. All you need is a junk vehicle and we&#8217;ll do the rest! Get hands-on with our tools in the comfort of your own facility and experience the Res-Q-Jack difference&hellip;\" \/>\n<meta property=\"og:url\" content=\"https:\/\/res-q-jack.com\/tr\/ucretsiz-demo\/\" \/>\n<meta property=\"og:site_name\" content=\"Res-Q-Jack, Inc.\" \/>\n<meta property=\"article:modified_time\" content=\"2020-06-12T21:54:31+00:00\" \/>\n<meta property=\"og:image\" content=\"https:\/\/res-q-jack.com\/wp-content\/uploads\/2020\/03\/Res-Q-Jack-Free-Demonstration.jpg\" \/>\n<meta name=\"twitter:card\" content=\"summary_large_image\" \/>\n<meta name=\"twitter:label1\" content=\"Tahmini okuma s\u00fcresi\" \/>\n\t<meta name=\"twitter:data1\" content=\"1 dakika\" \/>\n<script type=\"application\/ld+json\" class=\"yoast-schema-graph\">{\"@context\":\"https:\/\/schema.org\",\"@graph\":[{\"@type\":\"WebPage\",\"@id\":\"https:\/\/res-q-jack.com\/free-demo\/\",\"url\":\"https:\/\/res-q-jack.com\/free-demo\/\",\"name\":\"Free Demo | Res-Q-Jack, Inc.\",\"isPartOf\":{\"@id\":\"https:\/\/res-q-jack.com\/#website\"},\"primaryImageOfPage\":{\"@id\":\"https:\/\/res-q-jack.com\/free-demo\/#primaryimage\"},\"image\":{\"@id\":\"https:\/\/res-q-jack.com\/free-demo\/#primaryimage\"},\"thumbnailUrl\":\"https:\/\/res-q-jack.com\/wp-content\/uploads\/2020\/03\/Res-Q-Jack-Free-Demonstration.jpg\",\"datePublished\":\"2020-02-17T21:19:04+00:00\",\"dateModified\":\"2020-06-12T21:54:31+00:00\",\"breadcrumb\":{\"@id\":\"https:\/\/res-q-jack.com\/free-demo\/#breadcrumb\"},\"inLanguage\":\"tr\",\"potentialAction\":[{\"@type\":\"ReadAction\",\"target\":[\"https:\/\/res-q-jack.com\/free-demo\/\"]}]},{\"@type\":\"ImageObject\",\"inLanguage\":\"tr\",\"@id\":\"https:\/\/res-q-jack.com\/free-demo\/#primaryimage\",\"url\":\"https:\/\/res-q-jack.com\/wp-content\/uploads\/2020\/03\/Res-Q-Jack-Free-Demonstration.jpg\",\"contentUrl\":\"https:\/\/res-q-jack.com\/wp-content\/uploads\/2020\/03\/Res-Q-Jack-Free-Demonstration.jpg\"},{\"@type\":\"BreadcrumbList\",\"@id\":\"https:\/\/res-q-jack.com\/free-demo\/#breadcrumb\",\"itemListElement\":[{\"@type\":\"ListItem\",\"position\":1,\"name\":\"Home\",\"item\":\"https:\/\/res-q-jack.com\/\"},{\"@type\":\"ListItem\",\"position\":2,\"name\":\"Free Demo\"}]},{\"@type\":\"WebSite\",\"@id\":\"https:\/\/res-q-jack.com\/#website\",\"url\":\"https:\/\/res-q-jack.com\/\",\"name\":\"Res-Q-Jack, Inc.\",\"description\":\"Vehicle Stabilization Struts\",\"publisher\":{\"@id\":\"https:\/\/res-q-jack.com\/#organization\"},\"potentialAction\":[{\"@type\":\"SearchAction\",\"target\":{\"@type\":\"EntryPoint\",\"urlTemplate\":\"https:\/\/res-q-jack.com\/?s={search_term_string}\"},\"query-input\":{\"@type\":\"PropertyValueSpecification\",\"valueRequired\":true,\"valueName\":\"search_term_string\"}}],\"inLanguage\":\"tr\"},{\"@type\":\"Organization\",\"@id\":\"https:\/\/res-q-jack.com\/#organization\",\"name\":\"Res-Q-Jack, Inc.\",\"url\":\"https:\/\/res-q-jack.com\/\",\"logo\":{\"@type\":\"ImageObject\",\"inLanguage\":\"tr\",\"@id\":\"https:\/\/res-q-jack.com\/#\/schema\/logo\/image\/\",\"url\":\"https:\/\/res-q-jack.com\/wp-content\/uploads\/2020\/03\/Res-Q-Jack-SEO-Logo.png\",\"contentUrl\":\"https:\/\/res-q-jack.com\/wp-content\/uploads\/2020\/03\/Res-Q-Jack-SEO-Logo.png\",\"width\":612,\"height\":138,\"caption\":\"Res-Q-Jack, Inc.\"},\"image\":{\"@id\":\"https:\/\/res-q-jack.com\/#\/schema\/logo\/image\/\"}}]}<\/script>\n<!-- \/ Yoast SEO plugin. -->","yoast_head_json":{"title":"\u00dccretsiz Demo | Res-Q-Jack, Inc.","robots":{"index":"index","follow":"follow","max-snippet":"max-snippet:-1","max-image-preview":"max-image-preview:large","max-video-preview":"max-video-preview:-1"},"canonical":"https:\/\/res-q-jack.com\/tr\/ucretsiz-demo\/","og_locale":"tr_TR","og_type":"article","og_title":"Free Demo | Res-Q-Jack, Inc.","og_description":"Free Demo Contact Res-Q-Jack to setup a free, hands-on demo of our trench shoring, stabilization and lifting struts. Training Night, Drill Night, one-on-one at your facility. All you need is a junk vehicle and we&#8217;ll do the rest! Get hands-on with our tools in the comfort of your own facility and experience the Res-Q-Jack difference&hellip;","og_url":"https:\/\/res-q-jack.com\/tr\/ucretsiz-demo\/","og_site_name":"Res-Q-Jack, Inc.","article_modified_time":"2020-06-12T21:54:31+00:00","og_image":[{"url":"https:\/\/res-q-jack.com\/wp-content\/uploads\/2020\/03\/Res-Q-Jack-Free-Demonstration.jpg","type":"","width":"","height":""}],"twitter_card":"summary_large_image","twitter_misc":{"Tahmini okuma s\u00fcresi":"1 dakika"},"schema":{"@context":"https:\/\/schema.org","@graph":[{"@type":"WebPage","@id":"https:\/\/res-q-jack.com\/free-demo\/","url":"https:\/\/res-q-jack.com\/free-demo\/","name":"\u00dccretsiz Demo | Res-Q-Jack, Inc.","isPartOf":{"@id":"https:\/\/res-q-jack.com\/#website"},"primaryImageOfPage":{"@id":"https:\/\/res-q-jack.com\/free-demo\/#primaryimage"},"image":{"@id":"https:\/\/res-q-jack.com\/free-demo\/#primaryimage"},"thumbnailUrl":"https:\/\/res-q-jack.com\/wp-content\/uploads\/2020\/03\/Res-Q-Jack-Free-Demonstration.jpg","datePublished":"2020-02-17T21:19:04+00:00","dateModified":"2020-06-12T21:54:31+00:00","breadcrumb":{"@id":"https:\/\/res-q-jack.com\/free-demo\/#breadcrumb"},"inLanguage":"tr","potentialAction":[{"@type":"ReadAction","target":["https:\/\/res-q-jack.com\/free-demo\/"]}]},{"@type":"ImageObject","inLanguage":"tr","@id":"https:\/\/res-q-jack.com\/free-demo\/#primaryimage","url":"https:\/\/res-q-jack.com\/wp-content\/uploads\/2020\/03\/Res-Q-Jack-Free-Demonstration.jpg","contentUrl":"https:\/\/res-q-jack.com\/wp-content\/uploads\/2020\/03\/Res-Q-Jack-Free-Demonstration.jpg"},{"@type":"BreadcrumbList","@id":"https:\/\/res-q-jack.com\/free-demo\/#breadcrumb","itemListElement":[{"@type":"ListItem","position":1,"name":"Home","item":"https:\/\/res-q-jack.com\/"},{"@type":"ListItem","position":2,"name":"Free Demo"}]},{"@type":"WebSite","@id":"https:\/\/res-q-jack.com\/#website","url":"https:\/\/res-q-jack.com\/","name":"Res-Q-Jack, Inc.","description":"Ara\u00e7 Stabilizasyon Destekleri","publisher":{"@id":"https:\/\/res-q-jack.com\/#organization"},"potentialAction":[{"@type":"SearchAction","target":{"@type":"EntryPoint","urlTemplate":"https:\/\/res-q-jack.com\/?s={search_term_string}"},"query-input":{"@type":"PropertyValueSpecification","valueRequired":true,"valueName":"search_term_string"}}],"inLanguage":"tr"},{"@type":"Organization","@id":"https:\/\/res-q-jack.com\/#organization","name":"Res-Q-Jack, Inc.","url":"https:\/\/res-q-jack.com\/","logo":{"@type":"ImageObject","inLanguage":"tr","@id":"https:\/\/res-q-jack.com\/#\/schema\/logo\/image\/","url":"https:\/\/res-q-jack.com\/wp-content\/uploads\/2020\/03\/Res-Q-Jack-SEO-Logo.png","contentUrl":"https:\/\/res-q-jack.com\/wp-content\/uploads\/2020\/03\/Res-Q-Jack-SEO-Logo.png","width":612,"height":138,"caption":"Res-Q-Jack, Inc."},"image":{"@id":"https:\/\/res-q-jack.com\/#\/schema\/logo\/image\/"}}]}},"_links":{"self":[{"href":"https:\/\/res-q-jack.com\/tr\/wp-json\/wp\/v2\/pages\/837","targetHints":{"allow":["GET"]}}],"collection":[{"href":"https:\/\/res-q-jack.com\/tr\/wp-json\/wp\/v2\/pages"}],"about":[{"href":"https:\/\/res-q-jack.com\/tr\/wp-json\/wp\/v2\/types\/page"}],"author":[{"embeddable":true,"href":"https:\/\/res-q-jack.com\/tr\/wp-json\/wp\/v2\/users\/2"}],"replies":[{"embeddable":true,"href":"https:\/\/res-q-jack.com\/tr\/wp-json\/wp\/v2\/comments?post=837"}],"version-history":[{"count":0,"href":"https:\/\/res-q-jack.com\/tr\/wp-json\/wp\/v2\/pages\/837\/revisions"}],"wp:attachment":[{"href":"https:\/\/res-q-jack.com\/tr\/wp-json\/wp\/v2\/media?parent=837"}],"curies":[{"name":"wp","href":"https:\/\/api.w.org\/{rel}","templated":true}]}}