{"id":819,"date":"2020-02-26T17:27:36","date_gmt":"2020-02-26T22:27:36","guid":{"rendered":"https:\/\/resqjack.wpengine.com\/?page_id=819"},"modified":"2024-10-16T13:51:44","modified_gmt":"2024-10-16T18:51:44","slug":"stabilizasyon-universite","status":"publish","type":"page","link":"https:\/\/res-q-jack.com\/tr\/training\/stabilization-university\/","title":{"rendered":"Stabilizasyon \u00dcniversitesi"},"content":{"rendered":"<img decoding=\"async\" data-src=\"https:\/\/res-q-jack.com\/wp-content\/uploads\/2021\/06\/Stabilization-University-Logo-2021.png\" alt=\"Ara\u00e7 Stabilizasyonu i\u00e7in \u0130pu\u00e7lar\u0131 ve Teknikleri \u00d6\u011frenin\" title=\"Stabilizasyon-\u00dcniversite-Logo 2021\" itemprop=\"image\" src=\"data:image\/svg+xml;base64,PHN2ZyB3aWR0aD0iMSIgaGVpZ2h0PSIxIiB4bWxucz0iaHR0cDovL3d3dy53My5vcmcvMjAwMC9zdmciPjwvc3ZnPg==\" class=\"lazyload\" style=\"--smush-placeholder-width: 625px; --smush-placeholder-aspect-ratio: 625\/137;\" \/>\n\t\t<h1>Patentli ara\u00e7lar.  Patentli e\u011fitim.<\/h1>\t\t\t\n\t\t\t\t<p>Nitelikli Res-Q-Jack e\u011fitmenlerinden ara\u00e7lar\u0131m\u0131z ve patentli tekniklerimiz hakk\u0131nda daha fazla bilgi edinin.  Bu uygulamal\u0131, t\u00fcm g\u00fcn s\u00fcren etkinlikler y\u0131l boyunca \u00fclkenin d\u00f6rt bir yan\u0131nda d\u00fczenlenmektedir.<\/p>\n\tGreek Peak Mtn'deki 2025 Fabrika Stabilizasyon \u00dcniversitemiz i\u00e7in kay\u0131tlar ba\u015flam\u0131\u015ft\u0131r. Cortland, NY'daki Resort!<br \/>\nCumartesi, 27 Eyl\u00fcl 2025\n\t<ul>\n\t\t<li>\t\t\n\t\t\t\t<img decoding=\"async\" data-src=\"https:\/\/res-q-jack.com\/wp-content\/uploads\/2024\/10\/2025_stabilization-university_thumb.webp\" alt=\"2025 Stabilizasyon \u00dcniversitesi Kay\u0131t Olun\" title=\"2025_stabilization-university_thumb\" itemprop=\"image\" src=\"data:image\/svg+xml;base64,PHN2ZyB3aWR0aD0iMSIgaGVpZ2h0PSIxIiB4bWxucz0iaHR0cDovL3d3dy53My5vcmcvMjAwMC9zdmciPjwvc3ZnPg==\" class=\"lazyload\" style=\"--smush-placeholder-width: 500px; --smush-placeholder-aspect-ratio: 500\/647;\" \/>\n\t\t<h3><strong>Yerinizi ay\u0131rtmak i\u00e7in \u015fimdi kaydolun!<\/strong> Yer sadece 125 \u00f6\u011frenci ile s\u0131n\u0131rl\u0131d\u0131r<\/h3><p>Cortland, NY'deki g\u00fczel Greek Peak Mountain Resort'ta yo\u011fun uygulamal\u0131 e\u011fitimle dolu \u00f6zel bir g\u00fcn i\u00e7in bize kat\u0131l\u0131n. Stabilizasyon \u00dcniversitesi'ndeki yerinizi ay\u0131rtmak i\u00e7in formu doldurun. Kay\u0131t ve \u00f6deme ayr\u0131nt\u0131lar\u0131n\u0131 do\u011frulamak i\u00e7in k\u0131sa s\u00fcre i\u00e7inde sizinle ileti\u015fime ge\u00e7ilecektir.<\/p><\/li>\t<\/ul>\n\t\t\t<a href=\"https:\/\/res-q-jack.com\/wp-content\/uploads\/2024\/10\/2025_Stabilization-University_Flyer.pdf\" target=\"_blank\" rel=\"noopener\">\n\t\t\t\t\t\t\tYazd\u0131r\u0131labilir Formu \u0130ndirin\n\t\t\t\t\t<\/a>\n\t<h1>\n\t\t\t\tAra\u00e7lar\u0131m\u0131z ve Patentli Tekniklerimiz Hakk\u0131nda Uygulamal\u0131 E\u011fitim\n\t\t\t<\/h1>\n\t<p>Patentli tekniklerimizle ara\u00e7 stabilizasyonu ve kald\u0131rmadaki en son geli\u015fmeleri \u00f6\u011frenin! Stabilizasyon \u00dcniversitesi, Res-Q-Jack ara\u00e7lar\u0131n\u0131z hakk\u0131nda bilgi sahibi olman\u0131z ve en son tekniklerimizi g\u00fcncel tutman\u0131z i\u00e7in biletinizdir.<\/p>\n<p>Her Stabilizasyon \u00dcniversitesi, kald\u0131rma teorimiz hakk\u0131nda k\u0131sa bir bilgilendirme ile ba\u015flar ve ard\u0131ndan ger\u00e7ek\u00e7i uygulamal\u0131 senaryolar\u0131 ele almak i\u00e7in d\u0131\u015far\u0131 \u00e7\u0131kar. Res-Q-Jack profesyonelleri taraf\u0131ndan verilen her Stabilizasyon \u00dcniversitesi, ekipman\u0131n\u0131zdan en iyi \u015fekilde yararlanman\u0131z\u0131 sa\u011flamak i\u00e7in size temelden ileri tekniklere kadar \u00f6\u011fretecektir.<\/p>\n<p>Size yak\u0131n bir Stabilizasyon \u00dcniversitesi bulmak i\u00e7in etkinlik takvimimize g\u00f6z at\u0131n ve bizi Facebook'ta takip edin!<\/p>\n<h3>Kurslar \u015funlar\u0131 i\u00e7erir:<\/h3>\n<ul>\n<li>Stabilizasyon ve kald\u0131rma kavramlar\u0131n\u0131n temelleri \u00fczerine sunum.<\/li>\n<li>Temel tekerlek dayana\u011f\u0131, yan dayanak ve tavan dayana\u011f\u0131 stabilizasyonu ve kald\u0131rma.<\/li>\n<li>Kontroll\u00fc Devrilme, Darlington Devrilme ve geli\u015fmi\u015f devrilme teknikleri.<\/li>\n<li>Temel ve Geli\u015fmi\u015f ge\u00e7ersiz k\u0131lma kurulumlar\u0131.<\/li>\n<li>Bariyer, s\u0131ra d\u0131\u015f\u0131 ara\u00e7lar, b\u00fcy\u00fck ara\u00e7 kald\u0131rma ve di\u011fer karma\u015f\u0131k senaryolar.<\/li>\n<\/ul>","protected":false},"excerpt":{"rendered":"<p>Patented tools. Patented training. Learn more about our tools and our patented techniques from qualified Res-Q-Jack instructors.\u00a0 These hands-on, all-day events are held throughout the year all over the country. Registration is now open for our 2025 Factory Stabilization University at Greek Peak Mtn. Resort in Cortland, NY! Saturday, September 27, 2025 Register now to&hellip;<\/p>","protected":false},"author":2,"featured_media":0,"parent":1501,"menu_order":0,"comment_status":"closed","ping_status":"closed","template":"","meta":{"footnotes":""},"class_list":["post-819","page","type-page","status-publish","hentry"],"yoast_head":"<!-- This site is optimized with the Yoast SEO plugin v27.5 - https:\/\/yoast.com\/product\/yoast-seo-wordpress\/ -->\n<title>Stabilization University | Res-Q-Jack, Inc.<\/title>\n<meta name=\"robots\" content=\"index, follow, max-snippet:-1, max-image-preview:large, max-video-preview:-1\" \/>\n<link rel=\"canonical\" href=\"https:\/\/res-q-jack.com\/tr\/egitim\/stabilizasyon-universite\/\" \/>\n<meta property=\"og:locale\" content=\"tr_TR\" \/>\n<meta property=\"og:type\" content=\"article\" \/>\n<meta property=\"og:title\" content=\"Stabilization University | Res-Q-Jack, Inc.\" \/>\n<meta property=\"og:description\" content=\"Patented tools. Patented training. Learn more about our tools and our patented techniques from qualified Res-Q-Jack instructors.\u00a0 These hands-on, all-day events are held throughout the year all over the country. Registration is now open for our 2025 Factory Stabilization University at Greek Peak Mtn. Resort in Cortland, NY! Saturday, September 27, 2025 Register now to&hellip;\" \/>\n<meta property=\"og:url\" content=\"https:\/\/res-q-jack.com\/tr\/egitim\/stabilizasyon-universite\/\" \/>\n<meta property=\"og:site_name\" content=\"Res-Q-Jack, Inc.\" \/>\n<meta property=\"article:modified_time\" content=\"2024-10-16T18:51:44+00:00\" \/>\n<meta property=\"og:image\" content=\"https:\/\/res-q-jack.com\/wp-content\/uploads\/2021\/06\/Stabilization-University-Logo-2021.png\" \/>\n<meta name=\"twitter:card\" content=\"summary_large_image\" \/>\n<meta name=\"twitter:label1\" content=\"Tahmini okuma s\u00fcresi\" \/>\n\t<meta name=\"twitter:data1\" content=\"1 dakika\" \/>\n<script type=\"application\/ld+json\" class=\"yoast-schema-graph\">{\"@context\":\"https:\\\/\\\/schema.org\",\"@graph\":[{\"@type\":\"WebPage\",\"@id\":\"https:\\\/\\\/res-q-jack.com\\\/training\\\/stabilization-university\\\/\",\"url\":\"https:\\\/\\\/res-q-jack.com\\\/training\\\/stabilization-university\\\/\",\"name\":\"Stabilization University | Res-Q-Jack, Inc.\",\"isPartOf\":{\"@id\":\"https:\\\/\\\/res-q-jack.com\\\/#website\"},\"primaryImageOfPage\":{\"@id\":\"https:\\\/\\\/res-q-jack.com\\\/training\\\/stabilization-university\\\/#primaryimage\"},\"image\":{\"@id\":\"https:\\\/\\\/res-q-jack.com\\\/training\\\/stabilization-university\\\/#primaryimage\"},\"thumbnailUrl\":\"https:\\\/\\\/res-q-jack.com\\\/wp-content\\\/uploads\\\/2021\\\/06\\\/Stabilization-University-Logo-2021.png\",\"datePublished\":\"2020-02-26T22:27:36+00:00\",\"dateModified\":\"2024-10-16T18:51:44+00:00\",\"breadcrumb\":{\"@id\":\"https:\\\/\\\/res-q-jack.com\\\/training\\\/stabilization-university\\\/#breadcrumb\"},\"inLanguage\":\"tr\",\"potentialAction\":[{\"@type\":\"ReadAction\",\"target\":[\"https:\\\/\\\/res-q-jack.com\\\/training\\\/stabilization-university\\\/\"]}]},{\"@type\":\"ImageObject\",\"inLanguage\":\"tr\",\"@id\":\"https:\\\/\\\/res-q-jack.com\\\/training\\\/stabilization-university\\\/#primaryimage\",\"url\":\"https:\\\/\\\/res-q-jack.com\\\/wp-content\\\/uploads\\\/2021\\\/06\\\/Stabilization-University-Logo-2021.png\",\"contentUrl\":\"https:\\\/\\\/res-q-jack.com\\\/wp-content\\\/uploads\\\/2021\\\/06\\\/Stabilization-University-Logo-2021.png\"},{\"@type\":\"BreadcrumbList\",\"@id\":\"https:\\\/\\\/res-q-jack.com\\\/training\\\/stabilization-university\\\/#breadcrumb\",\"itemListElement\":[{\"@type\":\"ListItem\",\"position\":1,\"name\":\"Home\",\"item\":\"https:\\\/\\\/res-q-jack.com\\\/\"},{\"@type\":\"ListItem\",\"position\":2,\"name\":\"Training\",\"item\":\"https:\\\/\\\/res-q-jack.com\\\/training\\\/\"},{\"@type\":\"ListItem\",\"position\":3,\"name\":\"Stabilization University\"}]},{\"@type\":\"WebSite\",\"@id\":\"https:\\\/\\\/res-q-jack.com\\\/#website\",\"url\":\"https:\\\/\\\/res-q-jack.com\\\/\",\"name\":\"Res-Q-Jack, Inc.\",\"description\":\"Vehicle Stabilization Struts\",\"publisher\":{\"@id\":\"https:\\\/\\\/res-q-jack.com\\\/#organization\"},\"potentialAction\":[{\"@type\":\"SearchAction\",\"target\":{\"@type\":\"EntryPoint\",\"urlTemplate\":\"https:\\\/\\\/res-q-jack.com\\\/?s={search_term_string}\"},\"query-input\":{\"@type\":\"PropertyValueSpecification\",\"valueRequired\":true,\"valueName\":\"search_term_string\"}}],\"inLanguage\":\"tr\"},{\"@type\":\"Organization\",\"@id\":\"https:\\\/\\\/res-q-jack.com\\\/#organization\",\"name\":\"Res-Q-Jack, Inc.\",\"url\":\"https:\\\/\\\/res-q-jack.com\\\/\",\"logo\":{\"@type\":\"ImageObject\",\"inLanguage\":\"tr\",\"@id\":\"https:\\\/\\\/res-q-jack.com\\\/#\\\/schema\\\/logo\\\/image\\\/\",\"url\":\"https:\\\/\\\/res-q-jack.com\\\/wp-content\\\/uploads\\\/2020\\\/03\\\/Res-Q-Jack-SEO-Logo.png\",\"contentUrl\":\"https:\\\/\\\/res-q-jack.com\\\/wp-content\\\/uploads\\\/2020\\\/03\\\/Res-Q-Jack-SEO-Logo.png\",\"width\":612,\"height\":138,\"caption\":\"Res-Q-Jack, Inc.\"},\"image\":{\"@id\":\"https:\\\/\\\/res-q-jack.com\\\/#\\\/schema\\\/logo\\\/image\\\/\"}}]}<\/script>\n<!-- \/ Yoast SEO plugin. -->","yoast_head_json":{"title":"Stabilizasyon \u00dcniversitesi | Res-Q-Jack, Inc.","robots":{"index":"index","follow":"follow","max-snippet":"max-snippet:-1","max-image-preview":"max-image-preview:large","max-video-preview":"max-video-preview:-1"},"canonical":"https:\/\/res-q-jack.com\/tr\/egitim\/stabilizasyon-universite\/","og_locale":"tr_TR","og_type":"article","og_title":"Stabilization University | Res-Q-Jack, Inc.","og_description":"Patented tools. Patented training. Learn more about our tools and our patented techniques from qualified Res-Q-Jack instructors.\u00a0 These hands-on, all-day events are held throughout the year all over the country. Registration is now open for our 2025 Factory Stabilization University at Greek Peak Mtn. Resort in Cortland, NY! Saturday, September 27, 2025 Register now to&hellip;","og_url":"https:\/\/res-q-jack.com\/tr\/egitim\/stabilizasyon-universite\/","og_site_name":"Res-Q-Jack, Inc.","article_modified_time":"2024-10-16T18:51:44+00:00","og_image":[{"url":"https:\/\/res-q-jack.com\/wp-content\/uploads\/2021\/06\/Stabilization-University-Logo-2021.png","type":"","width":"","height":""}],"twitter_card":"summary_large_image","twitter_misc":{"Tahmini okuma s\u00fcresi":"1 dakika"},"schema":{"@context":"https:\/\/schema.org","@graph":[{"@type":"WebPage","@id":"https:\/\/res-q-jack.com\/training\/stabilization-university\/","url":"https:\/\/res-q-jack.com\/training\/stabilization-university\/","name":"Stabilizasyon \u00dcniversitesi | Res-Q-Jack, Inc.","isPartOf":{"@id":"https:\/\/res-q-jack.com\/#website"},"primaryImageOfPage":{"@id":"https:\/\/res-q-jack.com\/training\/stabilization-university\/#primaryimage"},"image":{"@id":"https:\/\/res-q-jack.com\/training\/stabilization-university\/#primaryimage"},"thumbnailUrl":"https:\/\/res-q-jack.com\/wp-content\/uploads\/2021\/06\/Stabilization-University-Logo-2021.png","datePublished":"2020-02-26T22:27:36+00:00","dateModified":"2024-10-16T18:51:44+00:00","breadcrumb":{"@id":"https:\/\/res-q-jack.com\/training\/stabilization-university\/#breadcrumb"},"inLanguage":"tr","potentialAction":[{"@type":"ReadAction","target":["https:\/\/res-q-jack.com\/training\/stabilization-university\/"]}]},{"@type":"ImageObject","inLanguage":"tr","@id":"https:\/\/res-q-jack.com\/training\/stabilization-university\/#primaryimage","url":"https:\/\/res-q-jack.com\/wp-content\/uploads\/2021\/06\/Stabilization-University-Logo-2021.png","contentUrl":"https:\/\/res-q-jack.com\/wp-content\/uploads\/2021\/06\/Stabilization-University-Logo-2021.png"},{"@type":"BreadcrumbList","@id":"https:\/\/res-q-jack.com\/training\/stabilization-university\/#breadcrumb","itemListElement":[{"@type":"ListItem","position":1,"name":"Home","item":"https:\/\/res-q-jack.com\/"},{"@type":"ListItem","position":2,"name":"Training","item":"https:\/\/res-q-jack.com\/training\/"},{"@type":"ListItem","position":3,"name":"Stabilization University"}]},{"@type":"WebSite","@id":"https:\/\/res-q-jack.com\/#website","url":"https:\/\/res-q-jack.com\/","name":"Res-Q-Jack, Inc.","description":"Ara\u00e7 Stabilizasyon Destekleri","publisher":{"@id":"https:\/\/res-q-jack.com\/#organization"},"potentialAction":[{"@type":"SearchAction","target":{"@type":"EntryPoint","urlTemplate":"https:\/\/res-q-jack.com\/?s={search_term_string}"},"query-input":{"@type":"PropertyValueSpecification","valueRequired":true,"valueName":"search_term_string"}}],"inLanguage":"tr"},{"@type":"Organization","@id":"https:\/\/res-q-jack.com\/#organization","name":"Res-Q-Jack, Inc.","url":"https:\/\/res-q-jack.com\/","logo":{"@type":"ImageObject","inLanguage":"tr","@id":"https:\/\/res-q-jack.com\/#\/schema\/logo\/image\/","url":"https:\/\/res-q-jack.com\/wp-content\/uploads\/2020\/03\/Res-Q-Jack-SEO-Logo.png","contentUrl":"https:\/\/res-q-jack.com\/wp-content\/uploads\/2020\/03\/Res-Q-Jack-SEO-Logo.png","width":612,"height":138,"caption":"Res-Q-Jack, Inc."},"image":{"@id":"https:\/\/res-q-jack.com\/#\/schema\/logo\/image\/"}}]}},"_links":{"self":[{"href":"https:\/\/res-q-jack.com\/tr\/wp-json\/wp\/v2\/pages\/819","targetHints":{"allow":["GET"]}}],"collection":[{"href":"https:\/\/res-q-jack.com\/tr\/wp-json\/wp\/v2\/pages"}],"about":[{"href":"https:\/\/res-q-jack.com\/tr\/wp-json\/wp\/v2\/types\/page"}],"author":[{"embeddable":true,"href":"https:\/\/res-q-jack.com\/tr\/wp-json\/wp\/v2\/users\/2"}],"replies":[{"embeddable":true,"href":"https:\/\/res-q-jack.com\/tr\/wp-json\/wp\/v2\/comments?post=819"}],"version-history":[{"count":0,"href":"https:\/\/res-q-jack.com\/tr\/wp-json\/wp\/v2\/pages\/819\/revisions"}],"up":[{"embeddable":true,"href":"https:\/\/res-q-jack.com\/tr\/wp-json\/wp\/v2\/pages\/1501"}],"wp:attachment":[{"href":"https:\/\/res-q-jack.com\/tr\/wp-json\/wp\/v2\/media?parent=819"}],"curies":[{"name":"wp","href":"https:\/\/api.w.org\/{rel}","templated":true}]}}