{"id":50,"date":"2019-12-13T12:40:42","date_gmt":"2019-12-13T17:40:42","guid":{"rendered":"https:\/\/resqjack.wpengine.com\/?page_id=50"},"modified":"2021-02-01T16:18:07","modified_gmt":"2021-02-01T21:18:07","slug":"hakkinda","status":"publish","type":"page","link":"https:\/\/res-q-jack.com\/tr\/about\/","title":{"rendered":"Hakk\u0131nda"},"content":{"rendered":"<h1>\n\t\t\t\t\u015eirketimiz\n\t\t\t<\/h1>\n\t<p>\"ALETLERI\u0307MI\u0307Z HAYAT KURTARIR.\"  Bu s\u00f6zler, Elmira, NY'daki \u00fcretim tesisimizde, \u00fcr\u00fcnlerimizin \u00fczerinde ne oldu\u011funu hat\u0131rlatmak i\u00e7in 8 metrelik bir tabelaya bas\u0131lm\u0131\u015ft\u0131r.  Bir\u00e7o\u011fu g\u00f6n\u00fcll\u00fc m\u00fcdahale g\u00f6revlisi olarak hizmet vermi\u015f olan \u00e7al\u0131\u015fanlar\u0131m\u0131z, \u00fcretti\u011fimiz \u00fcr\u00fcnlerin \u00f6nemini biliyor ve bu yapt\u0131\u011f\u0131m\u0131z her i\u015fte kendini g\u00f6steriyor.<\/p>\n<p>Her bir kurtarma payandas\u0131n\u0131 at\u00f6lyemizde, kan\u0131tlanm\u0131\u015f ve \u00f6ng\u00f6r\u00fclebilir malzemelerden elle in\u015fa ediyoruz.  El kaynaklar\u0131ndan \u00fcst d\u00fczey i\u015flemeye kadar t\u00fcm payandalar\u0131m\u0131z \u00f6zenle \u00fcretilir ve sahada y\u0131llarca performans sa\u011flamak i\u00e7in denetlenir ve test edilir.<\/p>\n<p>Ara\u00e7lar\u0131m\u0131z sahadaki ilk elden deneyimlerle do\u011fdu ve m\u00fcdahale ekipleriyle ileti\u015fim yoluyla m\u00fcdahale ekiplerinin ihtiya\u00e7lar\u0131na uyacak \u015fekilde geli\u015ftirildi.<\/p>\n<p>Felsefemiz basittir: \"Basit ara\u00e7lar, geli\u015fmi\u015f e\u011fitim.\"  M\u00fcdahale ekiplerine etkili olduklar\u0131 kadar sezgisel ara\u00e7lar sa\u011flamaya ve sahadaki etkinli\u011fi en \u00fcst d\u00fczeye \u00e7\u0131karmak i\u00e7in derinlemesine e\u011fitim vermeye inan\u0131yoruz.<\/p>\n<p>\u00dcr\u00fcnlerimizi basit tutmam\u0131z\u0131n bir nedeni var.  M\u00fcdahale ekiplerinin ara\u00e7lar\u0131m\u0131z\u0131 kullan\u0131rken kendilerine g\u00fcvenmelerini ve ba\u015far\u0131l\u0131 olmalar\u0131n\u0131 istiyoruz.  Karma\u015f\u0131k hidrolikler, \u00f6ng\u00f6r\u00fclemeyen \"uzay \u00e7a\u011f\u0131\" plastikleri veya a\u015f\u0131r\u0131 karma\u015f\u0131k kurulumlar kullanm\u0131yoruz.<\/p>\n<p>Desteklerimizi kullan\u0131c\u0131 dostu, etkili ve g\u00fcvenilir olacak \u015fekilde tasarl\u0131yoruz.  Malzemeleri g\u00fc\u00e7 ve \u00f6ng\u00f6r\u00fclebilirlik i\u00e7in se\u00e7iyoruz ve sistemlerimizi daha karma\u015f\u0131k ekipmanlardan daha basit ancak daha yetenekli olacak \u015fekilde tasarl\u0131yoruz.  En \u00f6nemli anlarda zamandan tasarruf etmek i\u00e7in payandalar\u0131m\u0131z\u0131 kamyondan \u00e7\u0131kar \u00e7\u0131kmaz kullan\u0131ma haz\u0131r olacak \u015fekilde tasarl\u0131yoruz.<\/p>\n<p>Ara\u00e7lar\u0131m\u0131z tasar\u0131mlar\u0131 gere\u011fi sezgisel olsa da, harika bir kurtarma arac\u0131n\u0131n ancak arkas\u0131ndaki e\u011fitim kadar iyi oldu\u011funa inan\u0131yoruz.  Bu nedenle departman\u0131n\u0131z Res-Q-Jack'ten sat\u0131n ald\u0131\u011f\u0131nda, tesisinizde hem ekipmanlar\u0131m\u0131z hem de tekniklerimiz hakk\u0131nda \u00fccretsiz hizmet i\u00e7i e\u011fitim sa\u011fl\u0131yoruz.<\/p>\n<p>Temel kurulumlardan ileri tekniklere kadar Res-Q-Jack, siz \u00fcr\u00fcnlerimizi rahat\u00e7a kullanana kadar departman\u0131n\u0131z\u0131 e\u011fitmeyi taahh\u00fct eder.  \u00d6nc\u00fc stabilizasyon ve kald\u0131rma tekniklerimizi anlamak, sahadaki ba\u015far\u0131n\u0131za yard\u0131mc\u0131 olacakt\u0131r.<\/p>\n<p>Ara\u00e7lar\u0131m\u0131z\u0131 kullanan m\u00fcdahale ekiplerini, onlar\u0131 kullanma nedenleri kadar \u00f6nemseyen cana yak\u0131n bir \u015firket olmaktan gurur duyuyoruz.<\/p>\n<p>Res-Q-Jack'te telefon a\u011fa\u00e7lar\u0131, otomatik hatlar ve oyalanma bulamazs\u0131n\u0131z.  Bize ihtiya\u00e7 duyduklar\u0131nda m\u00fc\u015fterilerimiz i\u00e7in buraday\u0131z ve elimizden gelen her \u015fekilde yard\u0131mc\u0131 olmak i\u00e7in elimizden geleni yapaca\u011f\u0131z.  \u00dccretsiz tan\u0131t\u0131mlar ve e\u011fitimlerden \u00f6zelle\u015ftirilmi\u015f \u00fcr\u00fcnlere kadar, i\u015finizi yapmak i\u00e7in en iyi ara\u00e7lara ve en iyi e\u011fitime sahip olman\u0131z\u0131 istiyoruz.<\/p>\n<p>Ula\u015f\u0131labilir olmak ve bireysel ilgi sa\u011flamak i\u00e7in yeterince k\u00fc\u00e7\u00fc\u011f\u00fcz, ancak markam\u0131za bizim kadar inanan, \u00f6zenle se\u00e7ilmi\u015f geni\u015f bir bayi a\u011f\u0131yla, nerede olursan\u0131z olun e\u011fitim ve destekle yan\u0131n\u0131zda olacak kadar b\u00fcy\u00fc\u011f\u00fcz.<\/p>\n\t<h3>\n\t\t\t\tTarih\u00e7emiz\n\t\t\t<\/h3>\n\t<p>Cris Pasto, makine m\u00fchendisli\u011fi alan\u0131nda y\u00fcksek lisans yapt\u0131ktan ve birka\u00e7 y\u0131l dan\u0131\u015fmanl\u0131k ve tasar\u0131m m\u00fchendisli\u011fi alan\u0131nda \u00e7al\u0131\u015ft\u0131ktan sonra Cepco Tool Company'yi kurdu.  Cepco Tools, \u00e7arp\u0131k zemin kaplamas\u0131 levhalar\u0131n\u0131n, kontrplaklar\u0131n ve z\u0131vana ve oluk malzemelerinin kolay montaj\u0131 i\u00e7in bir \u00fcr\u00fcnle ba\u015flad\u0131. Bu \u00fcr\u00fcn, Bowrench Deck Tool, amazon.com'da en \u00e7ok satan el aletleri listesinde s\u0131k s\u0131k yer ald\u0131 ve \u015firkete b\u00fcy\u00fck ba\u015far\u0131 getirdi.<\/p>\n<p>Bowrench'in ba\u015far\u0131s\u0131, parke d\u00f6\u015feme krikosu olan QuikJack adl\u0131 \u00fcr\u00fcn\u00fc ortaya \u00e7\u0131kard\u0131. Cepco Tools'un geli\u015fmesi ve \u00f6nemli \u00f6l\u00e7\u00fcde b\u00fcy\u00fcmesiyle Cris bir ad\u0131m geri \u00e7ekilebildi.  B\u00f6ylece, bir s\u00fcredir yapmak istedi\u011fi bir \u015feyi yapt\u0131 - yerel itfaiye te\u015fkilat\u0131na kat\u0131ld\u0131.<\/p>\n<p>Departman\u0131n bir par\u00e7as\u0131 olarak Cris, itfaiye hizmetinde pek \u00e7ok ilgin\u00e7 ve yarat\u0131c\u0131 ara\u00e7la tan\u0131\u015ft\u0131, ancak \u00f6zellikle binek ara\u00e7 stabilizasyonu alan\u0131nda iyile\u015ftirilmesi gereken \u00e7ok \u015fey oldu\u011funu g\u00f6rd\u00fc.  Devrilme tipi ara\u00e7 kazalar\u0131na m\u00fcdahale ettiklerinde hayal k\u0131r\u0131kl\u0131\u011f\u0131na u\u011frayan Cris, ellerindeki kaynaklarla elde ettikleri stabilite derecesinden hi\u00e7bir zaman rahat hissetmedi.<\/p>\n<p>Sonraki birka\u00e7 ay boyunca Cris prototipler geli\u015ftirdi ve Cepco Tools ilk Res-Q-Jack Model RJ1'i \u00fcretti. As\u0131l ama\u00e7 sadece bir itfaiye departman\u0131na stabilizasyon i\u00e7in yeterli ara\u00e7lar sa\u011flamakt\u0131, ancak \u00e7ok daha fazlas\u0131 gelecekti.<\/p>\n<p>RJ1'i geli\u015ftirdikten sonra, kom\u015fu itfaiye departman\u0131 Cepco Tools'tan kendilerine bir set yapmas\u0131n\u0131 istedi. Oradan, Firehouse Magazine'den Ron Moore ve Teksas'taki Plano \u0130tfaiye Departman\u0131 Res-Q-Jack'in r\u00fczgar\u0131n\u0131 yakalad\u0131.<\/p>\n<p>Cris'i arayarak tasar\u0131m\u0131 test edip edemeyece\u011fini ve bulgular\u0131n\u0131 Firehouse Magazine i\u00e7in stabilizasyonla ilgili \u00f6zel bir makaleye dahil edip edemeyece\u011fini sordu. Bu makale Res-Q-Jack \u00fcr\u00fcn serisinin pazara girmesini sa\u011flad\u0131. Ron ayr\u0131ca de\u011ferli katk\u0131larda bulunmaya devam ederek hem \u015firketi hem de \u00fcr\u00fcn geli\u015ftirmeyi ilerletti.<\/p>\n<p>John Meier 2004 y\u0131l\u0131nda \u015firketi sat\u0131n ald\u0131\u011f\u0131nda Res-Q-Jack, Cepco Tools'tan ayr\u0131 olarak kendi \u015firketi haline geldi.  O zamandan beri, \u00e7ok y\u00f6nl\u00fcl\u00fc\u011f\u00fc en \u00fcst d\u00fczeye \u00e7\u0131karmak, kurulum h\u0131z\u0131n\u0131 art\u0131rmak, daha kullan\u0131c\u0131 ve hasta dostu hale getirmek ve uygun fiyatl\u0131 tutmak i\u00e7in \u00fcr\u00fcnlerimizi geli\u015ftirmeye ve iyile\u015ftirmeye devam ettik.<\/p>\n<p>Cepco Tool Company \u00fcr\u00fcnlerinin amac\u0131 her zaman m\u00fcteahhitlerin hayat\u0131n\u0131 kolayla\u015ft\u0131rmak olsa da, Res-Q-Jack art\u0131k kurtar\u0131c\u0131lar\u0131n i\u015flerini kolayla\u015ft\u0131r\u0131yor; ve daha da iyisi, her g\u00fcn hayat kurtarmaya yard\u0131mc\u0131 oluyoruz.<\/p>\n<p>\u015eirket bug\u00fcn web sitemizde g\u00f6rd\u00fc\u011f\u00fcn\u00fcz hale geldi ve ara\u00e7 stabilizasyonu ve kald\u0131rmada \u00e7\u0131tay\u0131 belirlemeye devam ediyor.<\/p>\n\t<h4>\n\t\t\t\tSorusu olan?  Bizi aray\u0131n 1-800-466-9626\n\t\t\t<\/h4>","protected":false},"excerpt":{"rendered":"<p>\u015eirketimiz \"ARA\u00c7LARIMIZ HAYAT KURTARIR.\"  Bu s\u00f6zler, Elmira, NY'daki \u00fcretim tesisimizde, \u00fcr\u00fcnlerimizde nelerin kullan\u0131ld\u0131\u011f\u0131n\u0131 hat\u0131rlatmak i\u00e7in 8 metrelik bir tabelaya bas\u0131lm\u0131\u015ft\u0131r.  Bir\u00e7o\u011fu g\u00f6n\u00fcll\u00fc m\u00fcdahale g\u00f6revlisi olarak hizmet vermi\u015f olan \u00e7al\u0131\u015fanlar\u0131m\u0131z, \u00fcretti\u011fimiz \u00fcr\u00fcnlerin \u00f6nemini biliyor ve bu yapt\u0131\u011f\u0131m\u0131z her i\u015fte kendini g\u00f6steriyor....<\/p>","protected":false},"author":2,"featured_media":0,"parent":0,"menu_order":0,"comment_status":"closed","ping_status":"closed","template":"","meta":{"footnotes":""},"class_list":["post-50","page","type-page","status-publish","hentry"],"yoast_head":"<!-- This site is optimized with the Yoast SEO plugin v27.5 - https:\/\/yoast.com\/product\/yoast-seo-wordpress\/ -->\n<title>About | Res-Q-Jack, Inc.<\/title>\n<meta name=\"robots\" content=\"index, follow, max-snippet:-1, max-image-preview:large, max-video-preview:-1\" \/>\n<link rel=\"canonical\" href=\"https:\/\/res-q-jack.com\/tr\/hakkinda\/\" \/>\n<meta property=\"og:locale\" content=\"tr_TR\" \/>\n<meta property=\"og:type\" content=\"article\" \/>\n<meta property=\"og:title\" content=\"About | Res-Q-Jack, Inc.\" \/>\n<meta property=\"og:description\" content=\"Our Company &#8220;OUR TOOLS SAVE LIVES.&#8221;\u00a0 These words are printed on an 8-foot sign in our manufacturing facility in Elmira, NY as a reminder of what rides on our products.\u00a0 Our employees, many of whom have served as volunteer responders, know the importance of the products we produce, and this shows in all we do.&hellip;\" \/>\n<meta property=\"og:url\" content=\"https:\/\/res-q-jack.com\/tr\/hakkinda\/\" \/>\n<meta property=\"og:site_name\" content=\"Res-Q-Jack, Inc.\" \/>\n<meta property=\"article:modified_time\" content=\"2021-02-01T21:18:07+00:00\" \/>\n<meta name=\"twitter:card\" content=\"summary_large_image\" \/>\n<meta name=\"twitter:label1\" content=\"Tahmini okuma s\u00fcresi\" \/>\n\t<meta name=\"twitter:data1\" content=\"4 dakika\" \/>\n<script type=\"application\/ld+json\" class=\"yoast-schema-graph\">{\"@context\":\"https:\\\/\\\/schema.org\",\"@graph\":[{\"@type\":\"WebPage\",\"@id\":\"https:\\\/\\\/res-q-jack.com\\\/about\\\/\",\"url\":\"https:\\\/\\\/res-q-jack.com\\\/about\\\/\",\"name\":\"About | Res-Q-Jack, Inc.\",\"isPartOf\":{\"@id\":\"https:\\\/\\\/res-q-jack.com\\\/#website\"},\"datePublished\":\"2019-12-13T17:40:42+00:00\",\"dateModified\":\"2021-02-01T21:18:07+00:00\",\"breadcrumb\":{\"@id\":\"https:\\\/\\\/res-q-jack.com\\\/about\\\/#breadcrumb\"},\"inLanguage\":\"tr\",\"potentialAction\":[{\"@type\":\"ReadAction\",\"target\":[\"https:\\\/\\\/res-q-jack.com\\\/about\\\/\"]}]},{\"@type\":\"BreadcrumbList\",\"@id\":\"https:\\\/\\\/res-q-jack.com\\\/about\\\/#breadcrumb\",\"itemListElement\":[{\"@type\":\"ListItem\",\"position\":1,\"name\":\"Home\",\"item\":\"https:\\\/\\\/res-q-jack.com\\\/\"},{\"@type\":\"ListItem\",\"position\":2,\"name\":\"About\"}]},{\"@type\":\"WebSite\",\"@id\":\"https:\\\/\\\/res-q-jack.com\\\/#website\",\"url\":\"https:\\\/\\\/res-q-jack.com\\\/\",\"name\":\"Res-Q-Jack, Inc.\",\"description\":\"Vehicle Stabilization Struts\",\"publisher\":{\"@id\":\"https:\\\/\\\/res-q-jack.com\\\/#organization\"},\"potentialAction\":[{\"@type\":\"SearchAction\",\"target\":{\"@type\":\"EntryPoint\",\"urlTemplate\":\"https:\\\/\\\/res-q-jack.com\\\/?s={search_term_string}\"},\"query-input\":{\"@type\":\"PropertyValueSpecification\",\"valueRequired\":true,\"valueName\":\"search_term_string\"}}],\"inLanguage\":\"tr\"},{\"@type\":\"Organization\",\"@id\":\"https:\\\/\\\/res-q-jack.com\\\/#organization\",\"name\":\"Res-Q-Jack, Inc.\",\"url\":\"https:\\\/\\\/res-q-jack.com\\\/\",\"logo\":{\"@type\":\"ImageObject\",\"inLanguage\":\"tr\",\"@id\":\"https:\\\/\\\/res-q-jack.com\\\/#\\\/schema\\\/logo\\\/image\\\/\",\"url\":\"https:\\\/\\\/res-q-jack.com\\\/wp-content\\\/uploads\\\/2020\\\/03\\\/Res-Q-Jack-SEO-Logo.png\",\"contentUrl\":\"https:\\\/\\\/res-q-jack.com\\\/wp-content\\\/uploads\\\/2020\\\/03\\\/Res-Q-Jack-SEO-Logo.png\",\"width\":612,\"height\":138,\"caption\":\"Res-Q-Jack, Inc.\"},\"image\":{\"@id\":\"https:\\\/\\\/res-q-jack.com\\\/#\\\/schema\\\/logo\\\/image\\\/\"}}]}<\/script>\n<!-- \/ Yoast SEO plugin. -->","yoast_head_json":{"title":"Hakk\u0131nda | Res-Q-Jack, Inc.","robots":{"index":"index","follow":"follow","max-snippet":"max-snippet:-1","max-image-preview":"max-image-preview:large","max-video-preview":"max-video-preview:-1"},"canonical":"https:\/\/res-q-jack.com\/tr\/hakkinda\/","og_locale":"tr_TR","og_type":"article","og_title":"About | Res-Q-Jack, Inc.","og_description":"Our Company &#8220;OUR TOOLS SAVE LIVES.&#8221;\u00a0 These words are printed on an 8-foot sign in our manufacturing facility in Elmira, NY as a reminder of what rides on our products.\u00a0 Our employees, many of whom have served as volunteer responders, know the importance of the products we produce, and this shows in all we do.&hellip;","og_url":"https:\/\/res-q-jack.com\/tr\/hakkinda\/","og_site_name":"Res-Q-Jack, Inc.","article_modified_time":"2021-02-01T21:18:07+00:00","twitter_card":"summary_large_image","twitter_misc":{"Tahmini okuma s\u00fcresi":"4 dakika"},"schema":{"@context":"https:\/\/schema.org","@graph":[{"@type":"WebPage","@id":"https:\/\/res-q-jack.com\/about\/","url":"https:\/\/res-q-jack.com\/about\/","name":"Hakk\u0131nda | Res-Q-Jack, Inc.","isPartOf":{"@id":"https:\/\/res-q-jack.com\/#website"},"datePublished":"2019-12-13T17:40:42+00:00","dateModified":"2021-02-01T21:18:07+00:00","breadcrumb":{"@id":"https:\/\/res-q-jack.com\/about\/#breadcrumb"},"inLanguage":"tr","potentialAction":[{"@type":"ReadAction","target":["https:\/\/res-q-jack.com\/about\/"]}]},{"@type":"BreadcrumbList","@id":"https:\/\/res-q-jack.com\/about\/#breadcrumb","itemListElement":[{"@type":"ListItem","position":1,"name":"Home","item":"https:\/\/res-q-jack.com\/"},{"@type":"ListItem","position":2,"name":"About"}]},{"@type":"WebSite","@id":"https:\/\/res-q-jack.com\/#website","url":"https:\/\/res-q-jack.com\/","name":"Res-Q-Jack, Inc.","description":"Ara\u00e7 Stabilizasyon Destekleri","publisher":{"@id":"https:\/\/res-q-jack.com\/#organization"},"potentialAction":[{"@type":"SearchAction","target":{"@type":"EntryPoint","urlTemplate":"https:\/\/res-q-jack.com\/?s={search_term_string}"},"query-input":{"@type":"PropertyValueSpecification","valueRequired":true,"valueName":"search_term_string"}}],"inLanguage":"tr"},{"@type":"Organization","@id":"https:\/\/res-q-jack.com\/#organization","name":"Res-Q-Jack, Inc.","url":"https:\/\/res-q-jack.com\/","logo":{"@type":"ImageObject","inLanguage":"tr","@id":"https:\/\/res-q-jack.com\/#\/schema\/logo\/image\/","url":"https:\/\/res-q-jack.com\/wp-content\/uploads\/2020\/03\/Res-Q-Jack-SEO-Logo.png","contentUrl":"https:\/\/res-q-jack.com\/wp-content\/uploads\/2020\/03\/Res-Q-Jack-SEO-Logo.png","width":612,"height":138,"caption":"Res-Q-Jack, Inc."},"image":{"@id":"https:\/\/res-q-jack.com\/#\/schema\/logo\/image\/"}}]}},"_links":{"self":[{"href":"https:\/\/res-q-jack.com\/tr\/wp-json\/wp\/v2\/pages\/50","targetHints":{"allow":["GET"]}}],"collection":[{"href":"https:\/\/res-q-jack.com\/tr\/wp-json\/wp\/v2\/pages"}],"about":[{"href":"https:\/\/res-q-jack.com\/tr\/wp-json\/wp\/v2\/types\/page"}],"author":[{"embeddable":true,"href":"https:\/\/res-q-jack.com\/tr\/wp-json\/wp\/v2\/users\/2"}],"replies":[{"embeddable":true,"href":"https:\/\/res-q-jack.com\/tr\/wp-json\/wp\/v2\/comments?post=50"}],"version-history":[{"count":0,"href":"https:\/\/res-q-jack.com\/tr\/wp-json\/wp\/v2\/pages\/50\/revisions"}],"wp:attachment":[{"href":"https:\/\/res-q-jack.com\/tr\/wp-json\/wp\/v2\/media?parent=50"}],"curies":[{"name":"wp","href":"https:\/\/api.w.org\/{rel}","templated":true}]}}