{"id":42,"date":"2019-12-13T12:39:51","date_gmt":"2019-12-13T17:39:51","guid":{"rendered":"https:\/\/resqjack.wpengine.com\/?page_id=42"},"modified":"2026-05-01T10:59:32","modified_gmt":"2026-05-01T15:59:32","slug":"payandalar","status":"publish","type":"page","link":"https:\/\/res-q-jack.com\/tr\/struts\/","title":{"rendered":"Kurtarma Dikmeleri"},"content":{"rendered":"<h1>Stabilizasyon, \u0130ksa<br \/>&amp; Kald\u0131rma Dikmeleri<\/h1>\t\t\t\n\t\t\t\t<p>Res-Q-Jack destekleri, Yang\u0131n ve Kurtarma alan\u0131nda y\u0131llar\u0131n ilk elden deneyiminden do\u011fmu\u015ftur.  Sahadan gelen geri bildirimlere dayanarak kurtarma desteklerimizi iyile\u015ftirmeye ve geli\u015ftirmeye devam ediyoruz.  Size kullan\u0131c\u0131 dostu, g\u00fcvenli ve etkili kurtarma ara\u00e7lar\u0131 sunmak i\u00e7in t\u00fcm desteklerimizi ABD'de kaliteli malzemelerden tasarl\u0131yor, \u00fcretiyor ve test ediyoruz.<\/p>\n\t\t\t\t<img decoding=\"async\" data-src=\"https:\/\/res-q-jack.com\/wp-content\/uploads\/2026\/04\/Super-X-Long-w-Ratchet-Hooked-on-Top.png\" alt=\"Super X Long w Ratchet Hooked on Top\" title=\"Super X Long w Ratchet Hooked on Top\" itemprop=\"image\" src=\"data:image\/svg+xml;base64,PHN2ZyB3aWR0aD0iMSIgaGVpZ2h0PSIxIiB4bWxucz0iaHR0cDovL3d3dy53My5vcmcvMjAwMC9zdmciPjwvc3ZnPg==\" class=\"lazyload\" style=\"--smush-placeholder-width: 1700px; --smush-placeholder-aspect-ratio: 1700\/8300;\" \/>\n\t\t\t<h5><img decoding=\"async\" data-src=\"https:\/\/res-q-jack.com\/wp-content\/uploads\/2020\/05\/Pin-Free-Stabilization-Struts-95x18-1.png\" src=\"data:image\/svg+xml;base64,PHN2ZyB3aWR0aD0iMSIgaGVpZ2h0PSIxIiB4bWxucz0iaHR0cDovL3d3dy53My5vcmcvMjAwMC9zdmciPjwvc3ZnPg==\" class=\"lazyload\" style=\"--smush-placeholder-width: 95px; --smush-placeholder-aspect-ratio: 95\/18;\" \/><\/h5><h3>S\u00fcper X-Strut Serisi<\/h3>\t\t\t\n\t\t\t\t<p>Super X, a\u011f\u0131r ara\u00e7 kurtarma, yap\u0131sal iksa ve teknik kurtarma i\u00e7in tasarlanm\u0131\u015f en a\u011f\u0131r hizmet tipi dikme serimizdir.\u00a0<\/p>\n<p><strong>\u00c7al\u0131\u015fma Y\u00fck\u00fc Limiti: 19.300 lbs. (2:1 G\u00fcvenlik Fakt\u00f6r\u00fc)<\/strong><\/p>\n\t\t\t<a href=\"https:\/\/res-q-jack.com\/tr\/payandalar\/arac-stabilizasyon-strutlari\/agir-gorev-arac-stabilizasyon-strutlari\/super-x-strut\/\" title=\"Detaylar\u0131 G\u00f6r\u00fcnt\u00fcle\" target=\"_self\"   role=\"button\" aria-label=\"Detaylar\u0131 G\u00f6r\u00fcnt\u00fcle\">\n\t\t\t\t\t\t\t\t\t\t\tDetaylar\u0131 G\u00f6r\u00fcnt\u00fcle\n\t\t<\/a>\n\t\t\t\t<img decoding=\"async\" data-src=\"https:\/\/res-q-jack.com\/wp-content\/uploads\/2026\/04\/Apex-Long-Strut-scaled.png\" alt=\"Apex Long Strut\" title=\"Apex Long Strut\" itemprop=\"image\" src=\"data:image\/svg+xml;base64,PHN2ZyB3aWR0aD0iMSIgaGVpZ2h0PSIxIiB4bWxucz0iaHR0cDovL3d3dy53My5vcmcvMjAwMC9zdmciPjwvc3ZnPg==\" class=\"lazyload\" style=\"--smush-placeholder-width: 604px; --smush-placeholder-aspect-ratio: 604\/2560;\" \/>\n\t\t\t<h5><img decoding=\"async\" data-src=\"https:\/\/res-q-jack.com\/wp-content\/uploads\/2020\/05\/Pin-Free-Stabilization-Struts-95x18-1.png\" src=\"data:image\/svg+xml;base64,PHN2ZyB3aWR0aD0iMSIgaGVpZ2h0PSIxIiB4bWxucz0iaHR0cDovL3d3dy53My5vcmcvMjAwMC9zdmciPjwvc3ZnPg==\" class=\"lazyload\" style=\"--smush-placeholder-width: 95px; --smush-placeholder-aspect-ratio: 95\/18;\" \/><\/h5><h3>Apex X-Strut Serisi<\/h3>\t\t\t\n\t\t\t\t<p>Apex, \u00e7o\u011fu ara\u00e7 kurtarma senaryosu i\u00e7in tasarlanm\u0131\u015f en yeni a\u011f\u0131r hizmet tipi pimsiz dikme serimizdir.\u00a0\u00a0<\/p>\n<p><strong>\u00c7al\u0131\u015fma Y\u00fck\u00fc Limiti: 12.500 lbs'ye kadar (2:1 G\u00fcvenlik Fakt\u00f6r\u00fc)<\/strong><\/p>\n\t\t\t<a href=\"https:\/\/res-q-jack.com\/tr\/payandalar\/arac-stabilizasyon-strutlari\/agir-gorev-arac-stabilizasyon-strutlari\/apex-x-strut\/\" title=\"Detaylar\u0131 G\u00f6r\u00fcnt\u00fcle\" target=\"_self\"   role=\"button\" aria-label=\"Detaylar\u0131 G\u00f6r\u00fcnt\u00fcle\">\n\t\t\t\t\t\t\t\t\t\t\tDetaylar\u0131 G\u00f6r\u00fcnt\u00fcle\n\t\t<\/a>\n\t\t\t\t<img decoding=\"async\" data-src=\"https:\/\/res-q-jack.com\/wp-content\/uploads\/2026\/04\/Aluminum-Phoenix-Long-Strut-scaled-e1776176683990.png\" alt=\"Aluminum Phoenix Long Strut\" title=\"Aluminum Phoenix Long Strut\" itemprop=\"image\" src=\"data:image\/svg+xml;base64,PHN2ZyB3aWR0aD0iMSIgaGVpZ2h0PSIxIiB4bWxucz0iaHR0cDovL3d3dy53My5vcmcvMjAwMC9zdmciPjwvc3ZnPg==\" class=\"lazyload\" style=\"--smush-placeholder-width: 576px; --smush-placeholder-aspect-ratio: 576\/2415;\" \/>\n\t\t\t<h3>Aluminum X-Strut Series<\/h3>\t\t\t\n\t\t\t\t<p>Al\u00fcminyum X-Strut, di\u011fer \u00e7e\u015fitli uygulamalar\u0131n yan\u0131 s\u0131ra a\u011f\u0131r ara\u00e7 kurtarma i\u00e7in tasarlanm\u0131\u015f en a\u011f\u0131r hizmet tipi pimli dikme serimizdir.<\/p>\n<p><strong>\u00c7al\u0131\u015fma Y\u00fck\u00fc Limiti: 10.000 lbs. (2:1 G\u00fcvenlik Fakt\u00f6r\u00fc)<\/strong><\/p>\n\t\t\t<a href=\"https:\/\/res-q-jack.com\/tr\/payandalar\/arac-stabilizasyon-strutlari\/agir-gorev-arac-stabilizasyon-strutlari\/aluminyum-x-strut\/\" title=\"Detaylar\u0131 G\u00f6r\u00fcnt\u00fcle\" target=\"_self\"   role=\"button\" aria-label=\"Detaylar\u0131 G\u00f6r\u00fcnt\u00fcle\">\n\t\t\t\t\t\t\t\t\t\t\tDetaylar\u0131 G\u00f6r\u00fcnt\u00fcle\n\t\t<\/a>\n\t\t\t\t<img decoding=\"async\" data-src=\"https:\/\/res-q-jack.com\/wp-content\/uploads\/2026\/04\/Steel-X-Long-Strut-scaled.png\" alt=\"Steel X Long Strut\" title=\"Steel X Long Strut\" itemprop=\"image\" src=\"data:image\/svg+xml;base64,PHN2ZyB3aWR0aD0iMSIgaGVpZ2h0PSIxIiB4bWxucz0iaHR0cDovL3d3dy53My5vcmcvMjAwMC9zdmciPjwvc3ZnPg==\" class=\"lazyload\" style=\"--smush-placeholder-width: 569px; --smush-placeholder-aspect-ratio: 569\/2560;\" \/>\n\t\t\t<h3>Steel X-Strut Series Struts<\/h3>\t\t\t\n\t\t\t\t<p>\u00c7elik X-Strut serisi, tipik ara\u00e7 kurtarma i\u00e7in tasarlanm\u0131\u015f orijinal X-Strut serimizdir.<\/p>\n<p><strong>\u00c7al\u0131\u015fma Y\u00fck\u00fc Limiti: 4.000 lbs. (2:1 G\u00fcvenlik Fakt\u00f6r\u00fc)<\/strong><\/p>\n\t\t\t<a href=\"https:\/\/res-q-jack.com\/tr\/payandalar\/arac-stabilizasyon-strutlari\/standart-gorev-arac-stabilizasyon-destekleri\/celik-x-strut\/\" title=\"Detaylar\u0131 G\u00f6r\u00fcnt\u00fcle\" target=\"_self\"   role=\"button\" aria-label=\"Detaylar\u0131 G\u00f6r\u00fcnt\u00fcle\">\n\t\t\t\t\t\t\t\t\t\t\tDetaylar\u0131 G\u00f6r\u00fcnt\u00fcle\n\t\t<\/a>\n\t\t\t\t<img decoding=\"async\" data-src=\"https:\/\/res-q-jack.com\/wp-content\/uploads\/2026\/04\/Auto-X-Long-Strut-scaled.png\" alt=\"Auto X Long Strut\" title=\"Auto X Long Strut\" itemprop=\"image\" src=\"data:image\/svg+xml;base64,PHN2ZyB3aWR0aD0iMSIgaGVpZ2h0PSIxIiB4bWxucz0iaHR0cDovL3d3dy53My5vcmcvMjAwMC9zdmciPjwvc3ZnPg==\" class=\"lazyload\" style=\"--smush-placeholder-width: 602px; --smush-placeholder-aspect-ratio: 602\/2560;\" \/>\n\t\t\t<h5><img decoding=\"async\" data-src=\"https:\/\/res-q-jack.com\/wp-content\/uploads\/2020\/05\/Pin-Free-Stabilization-Struts-95x18-1.png\" src=\"data:image\/svg+xml;base64,PHN2ZyB3aWR0aD0iMSIgaGVpZ2h0PSIxIiB4bWxucz0iaHR0cDovL3d3dy53My5vcmcvMjAwMC9zdmciPjwvc3ZnPg==\" class=\"lazyload\" style=\"--smush-placeholder-width: 95px; --smush-placeholder-aspect-ratio: 95\/18;\" \/><\/h5><h3>Otomatik X-Strut Serisi<\/h3>\t\t\t\n\t\t\t\t<p>Auto X, tipik k\u00fc\u00e7\u00fck ara\u00e7lar\u0131n y\u0131ld\u0131r\u0131m h\u0131z\u0131nda stabilizasyonu ve kald\u0131r\u0131lmas\u0131 i\u00e7in hafif hizmet tipi pimsiz payandam\u0131zd\u0131r.<\/p>\n<p><strong>\u00c7al\u0131\u015fma Y\u00fck\u00fc Limiti: 3.250 lbs. (2:1 G\u00fcvenlik Fakt\u00f6r\u00fc)<\/strong><\/p>\n\t\t\t<a href=\"https:\/\/res-q-jack.com\/tr\/payandalar\/arac-stabilizasyon-strutlari\/hafif-gorev-arac-stabilizasyon-strutlari\/auto-x-strut\/\" title=\"Detaylar\u0131 G\u00f6r\u00fcnt\u00fcle\" target=\"_self\"   role=\"button\" aria-label=\"Detaylar\u0131 G\u00f6r\u00fcnt\u00fcle\">\n\t\t\t\t\t\t\t\t\t\t\tDetaylar\u0131 G\u00f6r\u00fcnt\u00fcle\n\t\t<\/a>\n\t\t\t\t<img decoding=\"async\" data-src=\"https:\/\/res-q-jack.com\/wp-content\/uploads\/2026\/04\/Green-X-Long-Strut-71x300.png\" alt=\"Green X Long Strut\" title=\"Green X Long Strut\" itemprop=\"image\" src=\"data:image\/svg+xml;base64,PHN2ZyB3aWR0aD0iMSIgaGVpZ2h0PSIxIiB4bWxucz0iaHR0cDovL3d3dy53My5vcmcvMjAwMC9zdmciPjwvc3ZnPg==\" class=\"lazyload\" style=\"--smush-placeholder-width: 71px; --smush-placeholder-aspect-ratio: 71\/300;\" \/>\n\t\t\t<h3>GreenLite\u2122 X-Strut Series<\/h3>\t\t\t\n\t\t\t\t<p>GreenLite serisi, gerekti\u011finde kald\u0131rma kabiliyeti ile h\u0131zl\u0131 stabilizasyon i\u00e7in tasarlanm\u0131\u015f en uygun fiyatl\u0131 X-Strut serimizdir.<\/p>\n<p><strong>\u00c7al\u0131\u015fma Y\u00fck\u00fc Limiti: 2.500 lbs. (2:1 G\u00fcvenlik Fakt\u00f6r\u00fc)<\/strong><\/p>\n\t\t\t<a href=\"https:\/\/res-q-jack.com\/tr\/payandalar\/arac-stabilizasyon-strutlari\/hafif-gorev-arac-stabilizasyon-strutlari\/greenlite-x-strut\/\" title=\"Detaylar\u0131 G\u00f6r\u00fcnt\u00fcle\" target=\"_self\"   role=\"button\" aria-label=\"Detaylar\u0131 G\u00f6r\u00fcnt\u00fcle\">\n\t\t\t\t\t\t\t\t\t\t\tDetaylar\u0131 G\u00f6r\u00fcnt\u00fcle\n\t\t<\/a>\n\t\t\t\t<img decoding=\"async\" data-src=\"https:\/\/res-q-jack.com\/wp-content\/uploads\/2020\/01\/RJ3-Jack-Stand.png\" alt=\"RJ3 Jack Stand\" title=\"RJ3 Jack Stand\" itemprop=\"image\" src=\"data:image\/svg+xml;base64,PHN2ZyB3aWR0aD0iMSIgaGVpZ2h0PSIxIiB4bWxucz0iaHR0cDovL3d3dy53My5vcmcvMjAwMC9zdmciPjwvc3ZnPg==\" class=\"lazyload\" style=\"--smush-placeholder-width: 664px; --smush-placeholder-aspect-ratio: 664\/1500;\" \/>\n\t\t\t<h3>RJ3 Serisi Dikmeler<\/h3>\t\t\t\n\t\t\t\t<p>RJ3 Serisi, tipik ara\u00e7 kurtarma i\u00e7in tasarlanm\u0131\u015f orijinal \u00e7elik stabilizasyon destekleri serisidir.<\/p>\n<p><strong>\u00c7al\u0131\u015fma Y\u00fck\u00fc Limiti: 4.000 lbs. (2:1 G\u00fcvenlik Fakt\u00f6r\u00fc)<\/strong><\/p>\n\t\t\t<a href=\"https:\/\/res-q-jack.com\/tr\/payandalar\/arac-stabilizasyon-strutlari\/standart-gorev-arac-stabilizasyon-destekleri\/rj3-jkst-jackstand\/\" title=\"Detaylar\u0131 G\u00f6r\u00fcnt\u00fcle\" target=\"_self\"   role=\"button\" aria-label=\"Detaylar\u0131 G\u00f6r\u00fcnt\u00fcle\">\n\t\t\t\t\t\t\t\t\t\t\tDetaylar\u0131 G\u00f6r\u00fcnt\u00fcle\n\t\t<\/a>\n\t\t\t\t<img decoding=\"async\" data-src=\"https:\/\/res-q-jack.com\/wp-content\/uploads\/2026\/04\/Trench-Large.png\" alt=\"Trench Large\" title=\"Trench Large\" itemprop=\"image\" src=\"data:image\/svg+xml;base64,PHN2ZyB3aWR0aD0iMSIgaGVpZ2h0PSIxIiB4bWxucz0iaHR0cDovL3d3dy53My5vcmcvMjAwMC9zdmciPjwvc3ZnPg==\" class=\"lazyload\" style=\"--smush-placeholder-width: 300px; --smush-placeholder-aspect-ratio: 300\/2000;\" \/>\n\t\t\t<h5><img decoding=\"async\" data-src=\"https:\/\/res-q-jack.com\/wp-content\/uploads\/2020\/05\/Pin-Free-Stabilization-Struts-95x18-1.png\" src=\"data:image\/svg+xml;base64,PHN2ZyB3aWR0aD0iMSIgaGVpZ2h0PSIxIiB4bWxucz0iaHR0cDovL3d3dy53My5vcmcvMjAwMC9zdmciPjwvc3ZnPg==\" class=\"lazyload\" style=\"--smush-placeholder-width: 95px; --smush-placeholder-aspect-ratio: 95\/18;\" \/><\/h5><h3>SPX Hendek Sahil Sistemi<\/h3>\t\t\t\n\t\t\t\t<p>Super X-Strut mimarisine dayanan bu sistem, hendek iksa uygulamalar\u0131 i\u00e7in etkili bir \u00e7\u00f6z\u00fcm sunar.<\/p>\n<p><strong>Working Load Limit: 10,400 lbs. &#8211; 38,400 lbs. (2:1 Safety Factor)<\/strong><\/p>\n\t\t\t<a href=\"https:\/\/res-q-jack.com\/tr\/payandalar\/hendek-koruyucu-strutlar\/\" title=\"Detaylar\u0131 G\u00f6r\u00fcnt\u00fcle\" target=\"_self\"   role=\"button\" aria-label=\"Detaylar\u0131 G\u00f6r\u00fcnt\u00fcle\">\n\t\t\t\t\t\t\t\t\t\t\tDetaylar\u0131 G\u00f6r\u00fcnt\u00fcle\n\t\t<\/a>","protected":false},"excerpt":{"rendered":"<p>Stabilizasyon, \u0130ksa ve Kald\u0131rma Destekleri Res-Q-Jack destekleri, Yang\u0131n ve Kurtarma alan\u0131nda y\u0131llar\u0131n ilk elden deneyiminden do\u011fmu\u015ftur.  Sahadan gelen geri bildirimlere dayanarak kurtarma desteklerimizi iyile\u015ftirmeye ve geli\u015ftirmeye devam ediyoruz.  Size kullan\u0131c\u0131 dostu, g\u00fcvenli ve etkili kurtarma \u00e7\u00f6z\u00fcmleri sunmak i\u00e7in t\u00fcm desteklerimizi ABD'de kaliteli malzemelerden tasarl\u0131yor, \u00fcretiyor ve test ediyoruz...<\/p>","protected":false},"author":2,"featured_media":745,"parent":0,"menu_order":0,"comment_status":"closed","ping_status":"closed","template":"","meta":{"footnotes":""},"class_list":["post-42","page","type-page","status-publish","has-post-thumbnail","hentry"],"yoast_head":"<!-- This site is optimized with the Yoast SEO plugin v27.5 - https:\/\/yoast.com\/product\/yoast-seo-wordpress\/ -->\n<title>Rescue Struts | Res-Q-Jack, Inc.<\/title>\n<meta name=\"description\" content=\"Res-Q-Jack rescue struts include pinned and pin-free options for Fire and Rescue squads. Our rescue struts are designed, built and tested in the USA.\" \/>\n<meta name=\"robots\" content=\"index, follow, max-snippet:-1, max-image-preview:large, max-video-preview:-1\" \/>\n<link rel=\"canonical\" href=\"https:\/\/res-q-jack.com\/tr\/payandalar\/\" \/>\n<meta property=\"og:locale\" content=\"tr_TR\" \/>\n<meta property=\"og:type\" content=\"article\" \/>\n<meta property=\"og:title\" content=\"Rescue Struts | Res-Q-Jack, Inc.\" \/>\n<meta property=\"og:description\" content=\"Res-Q-Jack rescue struts include pinned and pin-free options for Fire and Rescue squads. Our rescue struts are designed, built and tested in the USA.\" \/>\n<meta property=\"og:url\" content=\"https:\/\/res-q-jack.com\/tr\/payandalar\/\" \/>\n<meta property=\"og:site_name\" content=\"Res-Q-Jack, Inc.\" \/>\n<meta property=\"article:modified_time\" content=\"2026-05-01T15:59:32+00:00\" \/>\n<meta property=\"og:image\" content=\"https:\/\/res-q-jack.com\/wp-content\/uploads\/2020\/02\/APEX-X-Strut-Heavy-Duty-Vehicle-Lifting-Strut-1.jpg\" \/>\n\t<meta property=\"og:image:width\" content=\"900\" \/>\n\t<meta property=\"og:image:height\" content=\"600\" \/>\n\t<meta property=\"og:image:type\" content=\"image\/jpeg\" \/>\n<meta name=\"twitter:card\" content=\"summary_large_image\" \/>\n<meta name=\"twitter:label1\" content=\"Tahmini okuma s\u00fcresi\" \/>\n\t<meta name=\"twitter:data1\" content=\"4 dakika\" \/>\n<script type=\"application\/ld+json\" class=\"yoast-schema-graph\">{\"@context\":\"https:\\\/\\\/schema.org\",\"@graph\":[{\"@type\":\"WebPage\",\"@id\":\"https:\\\/\\\/res-q-jack.com\\\/struts\\\/\",\"url\":\"https:\\\/\\\/res-q-jack.com\\\/struts\\\/\",\"name\":\"Rescue Struts | Res-Q-Jack, Inc.\",\"isPartOf\":{\"@id\":\"https:\\\/\\\/res-q-jack.com\\\/#website\"},\"primaryImageOfPage\":{\"@id\":\"https:\\\/\\\/res-q-jack.com\\\/struts\\\/#primaryimage\"},\"image\":{\"@id\":\"https:\\\/\\\/res-q-jack.com\\\/struts\\\/#primaryimage\"},\"thumbnailUrl\":\"https:\\\/\\\/res-q-jack.com\\\/wp-content\\\/uploads\\\/2020\\\/02\\\/APEX-X-Strut-Heavy-Duty-Vehicle-Lifting-Strut-1.jpg\",\"datePublished\":\"2019-12-13T17:39:51+00:00\",\"dateModified\":\"2026-05-01T15:59:32+00:00\",\"description\":\"Res-Q-Jack rescue struts include pinned and pin-free options for Fire and Rescue squads. Our rescue struts are designed, built and tested in the USA.\",\"breadcrumb\":{\"@id\":\"https:\\\/\\\/res-q-jack.com\\\/struts\\\/#breadcrumb\"},\"inLanguage\":\"tr\",\"potentialAction\":[{\"@type\":\"ReadAction\",\"target\":[\"https:\\\/\\\/res-q-jack.com\\\/struts\\\/\"]}]},{\"@type\":\"ImageObject\",\"inLanguage\":\"tr\",\"@id\":\"https:\\\/\\\/res-q-jack.com\\\/struts\\\/#primaryimage\",\"url\":\"https:\\\/\\\/res-q-jack.com\\\/wp-content\\\/uploads\\\/2020\\\/02\\\/APEX-X-Strut-Heavy-Duty-Vehicle-Lifting-Strut-1.jpg\",\"contentUrl\":\"https:\\\/\\\/res-q-jack.com\\\/wp-content\\\/uploads\\\/2020\\\/02\\\/APEX-X-Strut-Heavy-Duty-Vehicle-Lifting-Strut-1.jpg\",\"width\":900,\"height\":600,\"caption\":\"APEX X-Strut Heavy-Duty Vehicle Lifting Strut 1\"},{\"@type\":\"BreadcrumbList\",\"@id\":\"https:\\\/\\\/res-q-jack.com\\\/struts\\\/#breadcrumb\",\"itemListElement\":[{\"@type\":\"ListItem\",\"position\":1,\"name\":\"Home\",\"item\":\"https:\\\/\\\/res-q-jack.com\\\/\"},{\"@type\":\"ListItem\",\"position\":2,\"name\":\"Rescue Struts\"}]},{\"@type\":\"WebSite\",\"@id\":\"https:\\\/\\\/res-q-jack.com\\\/#website\",\"url\":\"https:\\\/\\\/res-q-jack.com\\\/\",\"name\":\"Res-Q-Jack, Inc.\",\"description\":\"Vehicle Stabilization Struts\",\"publisher\":{\"@id\":\"https:\\\/\\\/res-q-jack.com\\\/#organization\"},\"potentialAction\":[{\"@type\":\"SearchAction\",\"target\":{\"@type\":\"EntryPoint\",\"urlTemplate\":\"https:\\\/\\\/res-q-jack.com\\\/?s={search_term_string}\"},\"query-input\":{\"@type\":\"PropertyValueSpecification\",\"valueRequired\":true,\"valueName\":\"search_term_string\"}}],\"inLanguage\":\"tr\"},{\"@type\":\"Organization\",\"@id\":\"https:\\\/\\\/res-q-jack.com\\\/#organization\",\"name\":\"Res-Q-Jack, Inc.\",\"url\":\"https:\\\/\\\/res-q-jack.com\\\/\",\"logo\":{\"@type\":\"ImageObject\",\"inLanguage\":\"tr\",\"@id\":\"https:\\\/\\\/res-q-jack.com\\\/#\\\/schema\\\/logo\\\/image\\\/\",\"url\":\"https:\\\/\\\/res-q-jack.com\\\/wp-content\\\/uploads\\\/2020\\\/03\\\/Res-Q-Jack-SEO-Logo.png\",\"contentUrl\":\"https:\\\/\\\/res-q-jack.com\\\/wp-content\\\/uploads\\\/2020\\\/03\\\/Res-Q-Jack-SEO-Logo.png\",\"width\":612,\"height\":138,\"caption\":\"Res-Q-Jack, Inc.\"},\"image\":{\"@id\":\"https:\\\/\\\/res-q-jack.com\\\/#\\\/schema\\\/logo\\\/image\\\/\"}}]}<\/script>\n<!-- \/ Yoast SEO plugin. -->","yoast_head_json":{"title":"Kurtarma Destekleri | Res-Q-Jack, Inc.","description":"Res-Q-Jack kurtarma destekleri, Yang\u0131n ve Kurtarma ekipleri i\u00e7in pimli ve pimsiz se\u00e7enekler i\u00e7erir. Kurtarma desteklerimiz ABD'de tasarlanmakta, \u00fcretilmekte ve test edilmektedir.","robots":{"index":"index","follow":"follow","max-snippet":"max-snippet:-1","max-image-preview":"max-image-preview:large","max-video-preview":"max-video-preview:-1"},"canonical":"https:\/\/res-q-jack.com\/tr\/payandalar\/","og_locale":"tr_TR","og_type":"article","og_title":"Rescue Struts | Res-Q-Jack, Inc.","og_description":"Res-Q-Jack rescue struts include pinned and pin-free options for Fire and Rescue squads. Our rescue struts are designed, built and tested in the USA.","og_url":"https:\/\/res-q-jack.com\/tr\/payandalar\/","og_site_name":"Res-Q-Jack, Inc.","article_modified_time":"2026-05-01T15:59:32+00:00","og_image":[{"width":900,"height":600,"url":"https:\/\/res-q-jack.com\/wp-content\/uploads\/2020\/02\/APEX-X-Strut-Heavy-Duty-Vehicle-Lifting-Strut-1.jpg","type":"image\/jpeg"}],"twitter_card":"summary_large_image","twitter_misc":{"Tahmini okuma s\u00fcresi":"4 dakika"},"schema":{"@context":"https:\/\/schema.org","@graph":[{"@type":"WebPage","@id":"https:\/\/res-q-jack.com\/struts\/","url":"https:\/\/res-q-jack.com\/struts\/","name":"Kurtarma Destekleri | Res-Q-Jack, Inc.","isPartOf":{"@id":"https:\/\/res-q-jack.com\/#website"},"primaryImageOfPage":{"@id":"https:\/\/res-q-jack.com\/struts\/#primaryimage"},"image":{"@id":"https:\/\/res-q-jack.com\/struts\/#primaryimage"},"thumbnailUrl":"https:\/\/res-q-jack.com\/wp-content\/uploads\/2020\/02\/APEX-X-Strut-Heavy-Duty-Vehicle-Lifting-Strut-1.jpg","datePublished":"2019-12-13T17:39:51+00:00","dateModified":"2026-05-01T15:59:32+00:00","description":"Res-Q-Jack kurtarma destekleri, Yang\u0131n ve Kurtarma ekipleri i\u00e7in pimli ve pimsiz se\u00e7enekler i\u00e7erir. Kurtarma desteklerimiz ABD'de tasarlanmakta, \u00fcretilmekte ve test edilmektedir.","breadcrumb":{"@id":"https:\/\/res-q-jack.com\/struts\/#breadcrumb"},"inLanguage":"tr","potentialAction":[{"@type":"ReadAction","target":["https:\/\/res-q-jack.com\/struts\/"]}]},{"@type":"ImageObject","inLanguage":"tr","@id":"https:\/\/res-q-jack.com\/struts\/#primaryimage","url":"https:\/\/res-q-jack.com\/wp-content\/uploads\/2020\/02\/APEX-X-Strut-Heavy-Duty-Vehicle-Lifting-Strut-1.jpg","contentUrl":"https:\/\/res-q-jack.com\/wp-content\/uploads\/2020\/02\/APEX-X-Strut-Heavy-Duty-Vehicle-Lifting-Strut-1.jpg","width":900,"height":600,"caption":"APEX X-Strut Heavy-Duty Vehicle Lifting Strut 1"},{"@type":"BreadcrumbList","@id":"https:\/\/res-q-jack.com\/struts\/#breadcrumb","itemListElement":[{"@type":"ListItem","position":1,"name":"Home","item":"https:\/\/res-q-jack.com\/"},{"@type":"ListItem","position":2,"name":"Rescue Struts"}]},{"@type":"WebSite","@id":"https:\/\/res-q-jack.com\/#website","url":"https:\/\/res-q-jack.com\/","name":"Res-Q-Jack, Inc.","description":"Ara\u00e7 Stabilizasyon Destekleri","publisher":{"@id":"https:\/\/res-q-jack.com\/#organization"},"potentialAction":[{"@type":"SearchAction","target":{"@type":"EntryPoint","urlTemplate":"https:\/\/res-q-jack.com\/?s={search_term_string}"},"query-input":{"@type":"PropertyValueSpecification","valueRequired":true,"valueName":"search_term_string"}}],"inLanguage":"tr"},{"@type":"Organization","@id":"https:\/\/res-q-jack.com\/#organization","name":"Res-Q-Jack, Inc.","url":"https:\/\/res-q-jack.com\/","logo":{"@type":"ImageObject","inLanguage":"tr","@id":"https:\/\/res-q-jack.com\/#\/schema\/logo\/image\/","url":"https:\/\/res-q-jack.com\/wp-content\/uploads\/2020\/03\/Res-Q-Jack-SEO-Logo.png","contentUrl":"https:\/\/res-q-jack.com\/wp-content\/uploads\/2020\/03\/Res-Q-Jack-SEO-Logo.png","width":612,"height":138,"caption":"Res-Q-Jack, Inc."},"image":{"@id":"https:\/\/res-q-jack.com\/#\/schema\/logo\/image\/"}}]}},"_links":{"self":[{"href":"https:\/\/res-q-jack.com\/tr\/wp-json\/wp\/v2\/pages\/42","targetHints":{"allow":["GET"]}}],"collection":[{"href":"https:\/\/res-q-jack.com\/tr\/wp-json\/wp\/v2\/pages"}],"about":[{"href":"https:\/\/res-q-jack.com\/tr\/wp-json\/wp\/v2\/types\/page"}],"author":[{"embeddable":true,"href":"https:\/\/res-q-jack.com\/tr\/wp-json\/wp\/v2\/users\/2"}],"replies":[{"embeddable":true,"href":"https:\/\/res-q-jack.com\/tr\/wp-json\/wp\/v2\/comments?post=42"}],"version-history":[{"count":6,"href":"https:\/\/res-q-jack.com\/tr\/wp-json\/wp\/v2\/pages\/42\/revisions"}],"predecessor-version":[{"id":2484,"href":"https:\/\/res-q-jack.com\/tr\/wp-json\/wp\/v2\/pages\/42\/revisions\/2484"}],"wp:featuredmedia":[{"embeddable":true,"href":"https:\/\/res-q-jack.com\/tr\/wp-json\/wp\/v2\/media\/745"}],"wp:attachment":[{"href":"https:\/\/res-q-jack.com\/tr\/wp-json\/wp\/v2\/media?parent=42"}],"curies":[{"name":"wp","href":"https:\/\/api.w.org\/{rel}","templated":true}]}}