{"id":3,"date":"2019-12-13T14:37:13","date_gmt":"2019-12-13T14:37:13","guid":{"rendered":"https:\/\/resqjack.wpengine.com\/?page_id=3"},"modified":"2020-02-19T17:27:48","modified_gmt":"2020-02-19T22:27:48","slug":"gi%cc%87zli%cc%87li%cc%87k-poli%cc%87ti%cc%87kasi","status":"publish","type":"page","link":"https:\/\/res-q-jack.com\/tr\/privacy-policy\/","title":{"rendered":"Gizlilik Politikas\u0131"},"content":{"rendered":"<p><strong>RES-Q-JACK.COM I\u00c7IN GIZLILIK POLITIKASI<\/strong><\/p>\n<strong>G\u0130R\u0130\u015e<\/strong><br \/>\nGizlilik hakk\u0131n\u0131z\u0131 ciddiye al\u0131yor ve web sitemizi kullan\u0131rken kendinizi rahat hissetmenizi istiyoruz. Bu Gizlilik Politikas\u0131, sitemizde taraf\u0131m\u0131zdan toplanabilecek ki\u015fisel olarak tan\u0131mlanabilir bilgilerle (a\u015fa\u011f\u0131da \"Veriler\" olarak an\u0131lacakt\u0131r) ilgilidir. Bu Politika, sahibi olmad\u0131\u011f\u0131m\u0131z veya kontrol etmedi\u011fimiz di\u011fer kurulu\u015flar veya \u00e7al\u0131\u015fanlar\u0131m\u0131z, temsilcilerimiz veya kontrol\u00fcm\u00fcz alt\u0131nda olmayan ki\u015filer i\u00e7in ge\u00e7erli de\u011fildir.\n<strong>1. VERI\u0307LERI\u0307N TOPLANMASI<\/strong><br \/>\nKay\u0131t i\u015flemimiz yaln\u0131zca ge\u00e7erli bir e-posta adresi ve benzersiz bir kullan\u0131c\u0131 kimli\u011fi ve parola gerektirir. Bize di\u011fer bilgileri sa\u011flamak sizin tercihinize ba\u011fl\u0131d\u0131r. L\u00fctfen kullan\u0131c\u0131 ad\u0131n\u0131z\u0131n, e-posta adresinizin veya bu sitede yapt\u0131\u011f\u0131n\u0131z di\u011fer g\u00f6nderimlerin ger\u00e7ek ad\u0131n\u0131z\u0131 veya di\u011fer ki\u015fisel olarak tan\u0131mlanabilir bilgilerinizi i\u00e7erebilece\u011fini ve sonu\u00e7 olarak bu sitede g\u00f6r\u00fcnebilece\u011fini unutmay\u0131n. Bir\u00e7ok web sitesi gibi biz de IP adresiniz ve \u00e7erez bilgileriniz gibi sunucu g\u00fcnl\u00fck dosyalar\u0131m\u0131zda bulunan genel bilgileri otomatik olarak alabiliriz. Bu sitede (e\u011fer varsa) reklamlar\u0131n nas\u0131l sunulabilece\u011fine ili\u015fkin bilgiler a\u015fa\u011f\u0131da belirtilmi\u015ftir.\n<strong>2. VERI\u0307LERI\u0307N KULLANIMI<\/strong><br \/>\nVerileri, bu sitedeki kullan\u0131c\u0131 deneyiminizi \u00f6zelle\u015ftirmek ve iyile\u015ftirmek i\u00e7in kullanabiliriz. (i) bu Gizlilik Politikas\u0131nda aksi belirtilmedik\u00e7e; (ii) Verilerin payla\u015f\u0131lmas\u0131na kat\u0131lmay\u0131 veya kat\u0131lmamay\u0131 se\u00e7ti\u011finizde oldu\u011fu gibi onay\u0131n\u0131z\u0131 almad\u0131k\u00e7a; (iii) sitemizde sa\u011flanan bir hizmet, \u00f6rne\u011fin bir Uygulama Hizmet Sa\u011flay\u0131c\u0131s\u0131 gibi \u00fc\u00e7\u00fcnc\u00fc bir tarafla etkile\u015fimi gerektirmedik\u00e7e veya \u00fc\u00e7\u00fcnc\u00fc bir taraf\u00e7a sa\u011flanmad\u0131k\u00e7a Verilerinizin \u00fc\u00e7\u00fcnc\u00fc taraflara sa\u011flanmamas\u0131 i\u00e7in \u00e7aba g\u00f6sterece\u011fiz; (iv) yasal s\u00fcre\u00e7 veya kolluk kuvvetleri uyar\u0131nca; (v) bu siteyi kullan\u0131m\u0131n\u0131z\u0131n bu Politikam\u0131z\u0131, Hizmet \u015eartlar\u0131m\u0131z\u0131, di\u011fer kullan\u0131m y\u00f6nergelerimizi ihlal etti\u011fini tespit etti\u011fimizde veya yasal haklar\u0131m\u0131z\u0131 ve\/veya m\u00fclkiyetimizi korumak i\u00e7in taraf\u0131m\u0131zdan makul olarak gerekli g\u00f6r\u00fcld\u00fc\u011f\u00fcnde; (vi) veya (vi) bu site \u00fc\u00e7\u00fcnc\u00fc bir taraf\u00e7a sat\u0131n al\u0131nd\u0131\u011f\u0131nda, s\u00f6z konusu \u00fc\u00e7\u00fcnc\u00fc taraf Verileri bu Politikada belirtildi\u011fi \u015fekilde bizim kullanabilece\u011fimiz \u015fekilde kullanabilecektir. Di\u011fer web sitelerini ziyaret etmek i\u00e7in sitemizde g\u00f6r\u00fcnen ba\u011flant\u0131lar\u0131 kullanmay\u0131 tercih etmeniz durumunda, bu sitelerde g\u00f6r\u00fcnen gizlilik politikalar\u0131n\u0131 okuman\u0131z tavsiye edilir.\n<strong>3. KURAB\u0130YELER<\/strong><br \/>\nBir\u00e7ok web sitesi gibi, ki\u015fisel ayarlar\u0131n\u0131z\u0131 korumak gibi kullan\u0131c\u0131 deneyiminizi geli\u015ftirmek i\u00e7in \u00e7erezler ayarlar ve kullan\u0131r\u0131z. Web sitemizde reklamlar g\u00f6r\u00fcnebilir ve bu durumda, bilgisayar\u0131n\u0131zda \u00e7erezler ayarlayabilir ve bunlara eri\u015febilir ve reklam\u0131 sa\u011flayan taraflar\u0131n gizlilik politikas\u0131na tabidir. Ancak, reklam\u0131 sunan \u015firketlerin \u00e7erezlerimize eri\u015fimi yoktur. Bu \u015firketler, sitemize yapt\u0131\u011f\u0131n\u0131z ziyaretler hakk\u0131nda bilgi edinmek i\u00e7in genellikle ki\u015fisel olarak tan\u0131mlanamayan veya anonim kodlar kullan\u0131r.\n<strong>4. \u00c7OCUKLAR<\/strong><br \/>\nOn yedi ya\u015f ve alt\u0131ndaki ki\u015filerin bu siteye \u00fcye olmalar\u0131na izin vermiyoruz. Daha fazla bilgi i\u00e7in l\u00fctfen web y\u00f6neticimizle ileti\u015fime ge\u00e7in.\n<strong>5. HESAP BI\u0307LGI\u0307LERI\u0307NI\u0307ZI\u0307 D\u00dcZENLEME VEYA SI\u0307LME<\/strong><br \/>\nKi\u015fisel sayfa yap\u0131land\u0131rma alan\u0131n\u0131z\u0131 kullanarak kay\u0131t s\u0131ras\u0131nda bize sa\u011flad\u0131\u011f\u0131n\u0131z kullan\u0131c\u0131 hesab\u0131 bilgilerinizdeki bilgileri d\u00fczenleme olana\u011f\u0131 sa\u011fl\u0131yoruz. Web y\u00f6neticimizle ileti\u015fime ge\u00e7erek kullan\u0131c\u0131 hesab\u0131n\u0131z\u0131n silinmesini talep edebilirsiniz. Bize sa\u011flam\u0131\u015f olabilece\u011finiz ve kullan\u0131c\u0131 hesab\u0131n\u0131zda yer almayan i\u00e7erik veya di\u011fer veriler, \u00f6rne\u011fin forumlar\u0131m\u0131zda g\u00f6r\u00fcnebilecek g\u00f6nderiler, kullan\u0131c\u0131 hesab\u0131n\u0131z silinse bile bizim takdirimize ba\u011fl\u0131 olarak sitemizde kalmaya devam edebilir.\n<strong>6. BU GI\u0307ZLI\u0307LI\u0307K POLI\u0307TI\u0307KASINDAKI\u0307 DE\u011eI\u0307\u015eI\u0307KLI\u0307KLER<\/strong><br \/>\nBu Politikada zaman zaman de\u011fi\u015fiklikler yapabiliriz. Bu Politikada yap\u0131lan \u00f6nemli de\u011fi\u015fiklikleri, sitemizde belirgin bir duyuru yay\u0131nlayarak ve\/veya kullan\u0131c\u0131 ayarlar\u0131n\u0131zda bulunan bize verdi\u011finiz e-posta adresine bir mesaj g\u00f6ndererek size bildirece\u011fiz.\n<strong>7. GARANT\u0130 YOK<\/strong><br \/>\nBu Gizlilik Politikas\u0131, Verilerin korunmas\u0131na y\u00f6nelik standartlar\u0131m\u0131z\u0131 belirtirken ve bunlar\u0131 kar\u015f\u0131lamak i\u00e7in \u00e7aba g\u00f6sterecek olsak da, bu standartlar\u0131 garanti edecek konumda de\u011filiz. Verilerin if\u015fa edilmesine neden olabilecek kontrol\u00fcm\u00fcz d\u0131\u015f\u0131ndaki fakt\u00f6rler olabilir. Sonu\u00e7 olarak, Verilerin bak\u0131m\u0131 veya if\u015fa edilmemesi ile ilgili herhangi bir garanti veya beyan\u0131 reddederiz.\n<strong>8. I\u0307LETI\u0307\u015eI\u0307M BI\u0307LGI\u0307LERI\u0307<\/strong><br \/>\nBu Politika veya web sitemiz hakk\u0131nda herhangi bir sorunuz varsa, l\u00fctfen bizimle ileti\u015fime ge\u00e7mekten \u00e7ekinmeyin.\n<p>&nbsp;<\/p>\n\t<h3>\n\t\t\t\tSorusu olan?  Bizi aray\u0131n 1-800-466-9626\n\t\t\t<\/h3>","protected":false},"excerpt":{"rendered":"<p>RES-Q-JACK.COM \u0130\u00c7\u0130N G\u0130ZL\u0130L\u0130K POL\u0130T\u0130KASI G\u0130R\u0130\u015e Gizlilik hakk\u0131n\u0131z\u0131 ciddiye al\u0131yor ve web sitemizi kullan\u0131rken kendinizi rahat hissetmenizi istiyoruz. Bu Gizlilik Politikas\u0131, sitemizde taraf\u0131m\u0131zdan toplanabilecek ki\u015fisel olarak tan\u0131mlanabilir bilgilerle (a\u015fa\u011f\u0131da \"Veriler\" olarak an\u0131lacakt\u0131r) ilgilidir. Bu Politika, i\u015f yapt\u0131\u011f\u0131m\u0131z di\u011fer kurulu\u015flar i\u00e7in ge\u00e7erli de\u011fildir...<\/p>","protected":false},"author":1,"featured_media":0,"parent":0,"menu_order":0,"comment_status":"closed","ping_status":"open","template":"","meta":{"footnotes":""},"class_list":["post-3","page","type-page","status-publish","hentry"],"yoast_head":"<!-- This site is optimized with the Yoast SEO plugin v27.2 - https:\/\/yoast.com\/product\/yoast-seo-wordpress\/ -->\n<title>Privacy Policy | Res-Q-Jack, Inc.<\/title>\n<meta name=\"robots\" content=\"index, follow, max-snippet:-1, max-image-preview:large, max-video-preview:-1\" \/>\n<link rel=\"canonical\" href=\"https:\/\/res-q-jack.com\/tr\/gi\u0307zli\u0307li\u0307k-poli\u0307ti\u0307kasi\/\" \/>\n<meta property=\"og:locale\" content=\"tr_TR\" \/>\n<meta property=\"og:type\" content=\"article\" \/>\n<meta property=\"og:title\" content=\"Privacy Policy | Res-Q-Jack, Inc.\" \/>\n<meta property=\"og:description\" content=\"PRIVACY POLICY FOR RES-Q-JACK.COM INTRODUCTION We take your right to privacy seriously and want you to feel comfortable using our web site. This Privacy Policy deals with personally identifiable information (referred to as &#8220;Data&#8221; below) that may be collected by us on our site. This Policy does not apply to other entities that we do&hellip;\" \/>\n<meta property=\"og:url\" content=\"https:\/\/res-q-jack.com\/tr\/gi\u0307zli\u0307li\u0307k-poli\u0307ti\u0307kasi\/\" \/>\n<meta property=\"og:site_name\" content=\"Res-Q-Jack, Inc.\" \/>\n<meta property=\"article:modified_time\" content=\"2020-02-19T22:27:48+00:00\" \/>\n<meta name=\"twitter:card\" content=\"summary_large_image\" \/>\n<meta name=\"twitter:label1\" content=\"Tahmini okuma s\u00fcresi\" \/>\n\t<meta name=\"twitter:data1\" content=\"4 dakika\" \/>\n<script type=\"application\/ld+json\" class=\"yoast-schema-graph\">{\"@context\":\"https:\/\/schema.org\",\"@graph\":[{\"@type\":\"WebPage\",\"@id\":\"https:\/\/res-q-jack.com\/privacy-policy\/\",\"url\":\"https:\/\/res-q-jack.com\/privacy-policy\/\",\"name\":\"Privacy Policy | Res-Q-Jack, Inc.\",\"isPartOf\":{\"@id\":\"https:\/\/res-q-jack.com\/#website\"},\"datePublished\":\"2019-12-13T14:37:13+00:00\",\"dateModified\":\"2020-02-19T22:27:48+00:00\",\"breadcrumb\":{\"@id\":\"https:\/\/res-q-jack.com\/privacy-policy\/#breadcrumb\"},\"inLanguage\":\"tr\",\"potentialAction\":[{\"@type\":\"ReadAction\",\"target\":[\"https:\/\/res-q-jack.com\/privacy-policy\/\"]}]},{\"@type\":\"BreadcrumbList\",\"@id\":\"https:\/\/res-q-jack.com\/privacy-policy\/#breadcrumb\",\"itemListElement\":[{\"@type\":\"ListItem\",\"position\":1,\"name\":\"Home\",\"item\":\"https:\/\/res-q-jack.com\/\"},{\"@type\":\"ListItem\",\"position\":2,\"name\":\"Privacy Policy\"}]},{\"@type\":\"WebSite\",\"@id\":\"https:\/\/res-q-jack.com\/#website\",\"url\":\"https:\/\/res-q-jack.com\/\",\"name\":\"Res-Q-Jack, Inc.\",\"description\":\"Vehicle Stabilization Struts\",\"publisher\":{\"@id\":\"https:\/\/res-q-jack.com\/#organization\"},\"potentialAction\":[{\"@type\":\"SearchAction\",\"target\":{\"@type\":\"EntryPoint\",\"urlTemplate\":\"https:\/\/res-q-jack.com\/?s={search_term_string}\"},\"query-input\":{\"@type\":\"PropertyValueSpecification\",\"valueRequired\":true,\"valueName\":\"search_term_string\"}}],\"inLanguage\":\"tr\"},{\"@type\":\"Organization\",\"@id\":\"https:\/\/res-q-jack.com\/#organization\",\"name\":\"Res-Q-Jack, Inc.\",\"url\":\"https:\/\/res-q-jack.com\/\",\"logo\":{\"@type\":\"ImageObject\",\"inLanguage\":\"tr\",\"@id\":\"https:\/\/res-q-jack.com\/#\/schema\/logo\/image\/\",\"url\":\"https:\/\/res-q-jack.com\/wp-content\/uploads\/2020\/03\/Res-Q-Jack-SEO-Logo.png\",\"contentUrl\":\"https:\/\/res-q-jack.com\/wp-content\/uploads\/2020\/03\/Res-Q-Jack-SEO-Logo.png\",\"width\":612,\"height\":138,\"caption\":\"Res-Q-Jack, Inc.\"},\"image\":{\"@id\":\"https:\/\/res-q-jack.com\/#\/schema\/logo\/image\/\"}}]}<\/script>\n<!-- \/ Yoast SEO plugin. -->","yoast_head_json":{"title":"Gizlilik Politikas\u0131 | Res-Q-Jack, Inc.","robots":{"index":"index","follow":"follow","max-snippet":"max-snippet:-1","max-image-preview":"max-image-preview:large","max-video-preview":"max-video-preview:-1"},"canonical":"https:\/\/res-q-jack.com\/tr\/gi\u0307zli\u0307li\u0307k-poli\u0307ti\u0307kasi\/","og_locale":"tr_TR","og_type":"article","og_title":"Privacy Policy | Res-Q-Jack, Inc.","og_description":"PRIVACY POLICY FOR RES-Q-JACK.COM INTRODUCTION We take your right to privacy seriously and want you to feel comfortable using our web site. This Privacy Policy deals with personally identifiable information (referred to as &#8220;Data&#8221; below) that may be collected by us on our site. This Policy does not apply to other entities that we do&hellip;","og_url":"https:\/\/res-q-jack.com\/tr\/gi\u0307zli\u0307li\u0307k-poli\u0307ti\u0307kasi\/","og_site_name":"Res-Q-Jack, Inc.","article_modified_time":"2020-02-19T22:27:48+00:00","twitter_card":"summary_large_image","twitter_misc":{"Tahmini okuma s\u00fcresi":"4 dakika"},"schema":{"@context":"https:\/\/schema.org","@graph":[{"@type":"WebPage","@id":"https:\/\/res-q-jack.com\/privacy-policy\/","url":"https:\/\/res-q-jack.com\/privacy-policy\/","name":"Gizlilik Politikas\u0131 | Res-Q-Jack, Inc.","isPartOf":{"@id":"https:\/\/res-q-jack.com\/#website"},"datePublished":"2019-12-13T14:37:13+00:00","dateModified":"2020-02-19T22:27:48+00:00","breadcrumb":{"@id":"https:\/\/res-q-jack.com\/privacy-policy\/#breadcrumb"},"inLanguage":"tr","potentialAction":[{"@type":"ReadAction","target":["https:\/\/res-q-jack.com\/privacy-policy\/"]}]},{"@type":"BreadcrumbList","@id":"https:\/\/res-q-jack.com\/privacy-policy\/#breadcrumb","itemListElement":[{"@type":"ListItem","position":1,"name":"Home","item":"https:\/\/res-q-jack.com\/"},{"@type":"ListItem","position":2,"name":"Privacy Policy"}]},{"@type":"WebSite","@id":"https:\/\/res-q-jack.com\/#website","url":"https:\/\/res-q-jack.com\/","name":"Res-Q-Jack, Inc.","description":"Ara\u00e7 Stabilizasyon Destekleri","publisher":{"@id":"https:\/\/res-q-jack.com\/#organization"},"potentialAction":[{"@type":"SearchAction","target":{"@type":"EntryPoint","urlTemplate":"https:\/\/res-q-jack.com\/?s={search_term_string}"},"query-input":{"@type":"PropertyValueSpecification","valueRequired":true,"valueName":"search_term_string"}}],"inLanguage":"tr"},{"@type":"Organization","@id":"https:\/\/res-q-jack.com\/#organization","name":"Res-Q-Jack, Inc.","url":"https:\/\/res-q-jack.com\/","logo":{"@type":"ImageObject","inLanguage":"tr","@id":"https:\/\/res-q-jack.com\/#\/schema\/logo\/image\/","url":"https:\/\/res-q-jack.com\/wp-content\/uploads\/2020\/03\/Res-Q-Jack-SEO-Logo.png","contentUrl":"https:\/\/res-q-jack.com\/wp-content\/uploads\/2020\/03\/Res-Q-Jack-SEO-Logo.png","width":612,"height":138,"caption":"Res-Q-Jack, Inc."},"image":{"@id":"https:\/\/res-q-jack.com\/#\/schema\/logo\/image\/"}}]}},"_links":{"self":[{"href":"https:\/\/res-q-jack.com\/tr\/wp-json\/wp\/v2\/pages\/3","targetHints":{"allow":["GET"]}}],"collection":[{"href":"https:\/\/res-q-jack.com\/tr\/wp-json\/wp\/v2\/pages"}],"about":[{"href":"https:\/\/res-q-jack.com\/tr\/wp-json\/wp\/v2\/types\/page"}],"author":[{"embeddable":true,"href":"https:\/\/res-q-jack.com\/tr\/wp-json\/wp\/v2\/users\/1"}],"replies":[{"embeddable":true,"href":"https:\/\/res-q-jack.com\/tr\/wp-json\/wp\/v2\/comments?post=3"}],"version-history":[{"count":0,"href":"https:\/\/res-q-jack.com\/tr\/wp-json\/wp\/v2\/pages\/3\/revisions"}],"wp:attachment":[{"href":"https:\/\/res-q-jack.com\/tr\/wp-json\/wp\/v2\/media?parent=3"}],"curies":[{"name":"wp","href":"https:\/\/api.w.org\/{rel}","templated":true}]}}