{"id":197,"date":"2019-12-18T18:33:03","date_gmt":"2019-12-18T23:33:03","guid":{"rendered":"https:\/\/resqjack.wpengine.com\/?page_id=197"},"modified":"2024-02-27T12:33:18","modified_gmt":"2024-02-27T17:33:18","slug":"pimli-uc-fittings","status":"publish","type":"page","link":"https:\/\/res-q-jack.com\/tr\/accessories\/pinned-end-fittings\/","title":{"rendered":"Pimli U\u00e7 Ba\u011flant\u0131 Par\u00e7alar\u0131"},"content":{"rendered":"<h1>Pimli U\u00e7 Ba\u011flant\u0131 Par\u00e7alar\u0131<\/h1>\r\n<ul>\r\n<li>\r\n<h3><a href=\"https:\/\/res-q-jack.com\/tr\/aksesuarlar\/\" target=\"_self\" rel=\"noopener noreferrer\">Aksesuarlar\u0131m\u0131z hakk\u0131nda daha fazla bilgi edinin<\/a><\/h3>\r\n<\/li>\r\n<\/ul>\r\n<p><img decoding=\"async\" title=\"Pimli Tripod Ba\u015fl\u0131\u011f\u0131\" data-src=\"https:\/\/res-q-jack.com\/wp-content\/uploads\/2020\/02\/Pinned-Tripod-Head.jpg\" alt=\"Pimli Tripod Ba\u015fl\u0131\u011f\u0131\" src=\"data:image\/svg+xml;base64,PHN2ZyB3aWR0aD0iMSIgaGVpZ2h0PSIxIiB4bWxucz0iaHR0cDovL3d3dy53My5vcmcvMjAwMC9zdmciPjwvc3ZnPg==\" class=\"lazyload\" style=\"--smush-placeholder-width: 900px; --smush-placeholder-aspect-ratio: 900\/600;\" \/><\/p>\r\n<h5>ALX-TRPD| RJ3-TRPD | GLX-TRPD<\/h5>\r\n<h3>Tripod Ba\u015fl\u0131\u011f\u0131<\/h3>\r\n<p>Pimle \u00e7al\u0131\u015fan desteklerinizi teknik kurtarma senaryolar\u0131 i\u00e7in bir tripoda d\u00f6n\u00fc\u015ft\u00fcr\u00fcn. Toz boya kapl\u0131 \u00e7elik ta\u00e7 ve \u00e7elik boru ayaklara sahiptir. Sertle\u015ftirilmi\u015f \u00e7elik t\u0131rnakl\u0131 kilit pimlerimizle sabitlenmi\u015ftir. \u00c7elik X \/ RJ3 ve GreenLite ba\u015fl\u0131klar, 9 feet'e kadar ula\u015fmak i\u00e7in 36 \u2033 uzatmalar i\u00e7erir.<\/p>\r\n<p><img decoding=\"async\" title=\"Pimli Kare Kafa\" data-src=\"https:\/\/res-q-jack.com\/wp-content\/uploads\/2020\/02\/Pinned-Square-Head.jpg\" alt=\"Pimli Kare Kafa\" src=\"data:image\/svg+xml;base64,PHN2ZyB3aWR0aD0iMSIgaGVpZ2h0PSIxIiB4bWxucz0iaHR0cDovL3d3dy53My5vcmcvMjAwMC9zdmciPjwvc3ZnPg==\" class=\"lazyload\" style=\"--smush-placeholder-width: 900px; --smush-placeholder-aspect-ratio: 900\/600;\" \/><\/p>\r\n<h5>ALX-SQUR | RJ3-SQUR<\/h5>\r\n<h3>Kare Kafa<\/h3>\r\n<p>Bu u\u00e7 ba\u011flant\u0131 par\u00e7as\u0131, d\u00fcz bir ba\u015f \u00fcst\u00fc y\u00fczeye kar\u015f\u0131 hafif iksa gibi yap\u0131sal durumlarda kullan\u0131m i\u00e7in kare bir plaka ile donat\u0131lm\u0131\u015ft\u0131r. Al\u00fcminyum X, \u00c7elik X ve RJ3 Serileri i\u00e7in mevcuttur.<\/p>\r\n<p><img decoding=\"async\" title=\"Pimli L-Plaka\" data-src=\"https:\/\/res-q-jack.com\/wp-content\/uploads\/2020\/02\/Pinned-L-Plate.jpg\" alt=\"Pimli L-Plaka\" src=\"data:image\/svg+xml;base64,PHN2ZyB3aWR0aD0iMSIgaGVpZ2h0PSIxIiB4bWxucz0iaHR0cDovL3d3dy53My5vcmcvMjAwMC9zdmciPjwvc3ZnPg==\" class=\"lazyload\" style=\"--smush-placeholder-width: 900px; --smush-placeholder-aspect-ratio: 900\/600;\" \/><\/p>\r\n<h5>ALX-LPLT | RJ3-LPLT<\/h5>\r\n<h3>L-PLate<\/h3>\r\n<p>Bu u\u00e7 ba\u011flant\u0131 par\u00e7as\u0131, hafif yap\u0131sal iksa s\u0131ras\u0131nda kiri\u015f deste\u011fi i\u00e7in tasarlanm\u0131\u015ft\u0131r. L \u015feklindeki tasar\u0131m\u0131 kiri\u015fi sarar ve \u00e7ivi veya vidalarla sabitlemek i\u00e7in her iki tarafta delikler i\u00e7erir. Al\u00fcminyum X, \u00c7elik X ve RJ3 Serileri i\u00e7in mevcuttur.\u00a0<\/p>\r\n<p><img decoding=\"async\" title=\"Pimli C-Kafa\" data-src=\"https:\/\/res-q-jack.com\/wp-content\/uploads\/2020\/02\/Pinned-C-Head.jpg\" alt=\"Pimli C-Kafa\" src=\"data:image\/svg+xml;base64,PHN2ZyB3aWR0aD0iMSIgaGVpZ2h0PSIxIiB4bWxucz0iaHR0cDovL3d3dy53My5vcmcvMjAwMC9zdmciPjwvc3ZnPg==\" class=\"lazyload\" style=\"--smush-placeholder-width: 900px; --smush-placeholder-aspect-ratio: 900\/600;\" \/><\/p>\r\n<h5>ALX-CHED | RJ3-CHED<\/h5>\r\n<h3>C-Kafa<\/h3>\r\n<p>Bu u\u00e7 ba\u011flant\u0131 par\u00e7as\u0131, A dire\u011fi gibi geni\u015f elemanlar\u0131n g\u00fcvenli bir \u015fekilde pozitif tutu\u015fla be\u015fiklenmesini sa\u011flar. Al\u00fcminyum X, \u00c7elik X ve RJ3 Serileri i\u00e7in mevcuttur.<\/p>\r\n<p><img decoding=\"async\" title=\"Pimli Sabit Taban\" data-src=\"https:\/\/res-q-jack.com\/wp-content\/uploads\/2020\/02\/Pinned-Fixed-Base.jpg\" alt=\"Pimli Sabit Taban\" src=\"data:image\/svg+xml;base64,PHN2ZyB3aWR0aD0iMSIgaGVpZ2h0PSIxIiB4bWxucz0iaHR0cDovL3d3dy53My5vcmcvMjAwMC9zdmciPjwvc3ZnPg==\" class=\"lazyload\" style=\"--smush-placeholder-width: 900px; --smush-placeholder-aspect-ratio: 900\/600;\" \/><\/p>\r\n<h5>RJ3-FBAS<\/h5>\r\n<h3>Sabit Taban<\/h3>\r\n<p>Bu rijit taban dik durur ve al\u00e7ak seviyeli nesne kald\u0131rma cihaz\u0131 olarak kullan\u0131lan kriko \u00fcnitesi, devrilme veya kapal\u0131 alan uygulamalar\u0131 gibi bir\u00e7ok uygulama i\u00e7in kullan\u0131\u015fl\u0131d\u0131r. Yaln\u0131zca RJ3 ile uyumludur.<\/p>\r\n<p><img decoding=\"async\" title=\"Pimli RJ3 Taban\u0131\" data-src=\"https:\/\/res-q-jack.com\/wp-content\/uploads\/2020\/02\/Pinned-RJ3-Base.jpg\" alt=\"Pimli RJ3 Taban\u0131\" src=\"data:image\/svg+xml;base64,PHN2ZyB3aWR0aD0iMSIgaGVpZ2h0PSIxIiB4bWxucz0iaHR0cDovL3d3dy53My5vcmcvMjAwMC9zdmciPjwvc3ZnPg==\" class=\"lazyload\" style=\"--smush-placeholder-width: 900px; --smush-placeholder-aspect-ratio: 900\/600;\" \/><\/p>\r\n<h5>RJ3-BASE<\/h5>\r\n<h3>RJ3 Taban<\/h3>\r\n<p>RJ3 Serisi i\u00e7in standart taban plakam\u0131z. D-Ring ba\u011flant\u0131lar\u0131, taban s\u0131n\u0131rlamalar\u0131n\u0131n kolay ba\u011flant\u0131s\u0131 i\u00e7in kal\u0131c\u0131 olarak tak\u0131lm\u0131\u015ft\u0131r ve ayr\u0131ca kolayl\u0131k sa\u011flamak i\u00e7in CAM toka kay\u0131\u015flar\u0131 vard\u0131r. Yaln\u0131zca RJ3 ile uyumludur.<\/p>\r\n<p><img decoding=\"async\" title=\"D\u00f6ner CRG Ba\u015fl\u0131\u011f\u0131 - Sar\u0131\" data-src=\"https:\/\/res-q-jack.com\/wp-content\/uploads\/2020\/04\/Swivel-CRG-Head-Yellow.png\" alt=\"D\u00f6ner CRG Ba\u015fl\u0131\u011f\u0131 - Sar\u0131\" src=\"data:image\/svg+xml;base64,PHN2ZyB3aWR0aD0iMSIgaGVpZ2h0PSIxIiB4bWxucz0iaHR0cDovL3d3dy53My5vcmcvMjAwMC9zdmciPjwvc3ZnPg==\" class=\"lazyload\" style=\"--smush-placeholder-width: 900px; --smush-placeholder-aspect-ratio: 900\/600;\" \/><\/p>\r\n<h5>ALX-SCRG | STX-SCRG | RJ3-SCRG | GLX-SCRG<\/h5>\r\n<h3>D\u00f6ner CRG Ba\u015fl\u0131\u011f\u0131<\/h3>\r\n<p>CRG, Kanal, Yuvarlak U\u00e7 ve Zincirli Kep\u00e7e u\u00e7 ba\u011flant\u0131lar\u0131n\u0131 devrim niteli\u011finde tek bir ba\u015fl\u0131kta birle\u015ftirir ve kurtarma s\u0131ras\u0131nda ba\u015fl\u0131k de\u011fi\u015ftirmeyi gereksiz hale getirir. D\u00f6ner CRG ucu, her a\u00e7\u0131dan al\u0131m noktalar\u0131n\u0131 kolayca bulmak i\u00e7in 360\u00b0 d\u00f6ner. Sabit CRG ba\u015fl\u0131\u011f\u0131 olarak da mevcuttur (yaln\u0131zca RJ3-FCRG -RJ3 Jackstand).<\/p>","protected":false},"excerpt":{"rendered":"<p>Pimli U\u00e7 Ba\u011flant\u0131 Par\u00e7alar\u0131 Aksesuarlar\u0131m\u0131z hakk\u0131nda daha fazla bilgi edinin ALX-TRPD| RJ3-TRPD | GLX-TRPD Tripod Ba\u015fl\u0131\u011f\u0131 Pimli desteklerinizi teknik kurtarma senaryolar\u0131 i\u00e7in bir tripoda d\u00f6n\u00fc\u015ft\u00fcr\u00fcn. Toz boya kapl\u0131 \u00e7elik ta\u00e7 ve \u00e7elik boru ayaklara sahiptir. Sertle\u015ftirilmi\u015f \u00e7elik t\u0131rnakl\u0131 kilit pimlerimizle sabitlenmi\u015ftir. \u00c7elik X \/ RJ3 ve GreenLite kafalar, yukar\u0131 ula\u015fmak i\u00e7in 36 \u2033 uzant\u0131lar i\u00e7erir ...<\/p>","protected":false},"author":2,"featured_media":0,"parent":44,"menu_order":0,"comment_status":"closed","ping_status":"closed","template":"","meta":{"footnotes":""},"class_list":["post-197","page","type-page","status-publish","hentry"],"yoast_head":"<!-- This site is optimized with the Yoast SEO plugin v27.2 - https:\/\/yoast.com\/product\/yoast-seo-wordpress\/ -->\n<title>Pinned End Fittings | Res-Q-Jack, Inc.<\/title>\n<meta name=\"robots\" content=\"index, follow, max-snippet:-1, max-image-preview:large, max-video-preview:-1\" \/>\n<link rel=\"canonical\" href=\"https:\/\/res-q-jack.com\/tr\/aksesuarlar\/pimli-uc-fittings\/\" \/>\n<meta property=\"og:locale\" content=\"tr_TR\" \/>\n<meta property=\"og:type\" content=\"article\" \/>\n<meta property=\"og:title\" content=\"Pinned End Fittings | Res-Q-Jack, Inc.\" \/>\n<meta property=\"og:description\" content=\"Pinned End Fittings Learn more about our accessories ALX-TRPD| RJ3-TRPD | GLX-TRPD Tripod Head Turn your pin-operated struts into a tripod for technical rescue scenarios. Features powder coated steel crown and tubular steel legs. Secured with our hardened steel tab lock pins. Steel X \/ RJ3 and GreenLite heads include 36&#8243; extensions to reach up&hellip;\" \/>\n<meta property=\"og:url\" content=\"https:\/\/res-q-jack.com\/tr\/aksesuarlar\/pimli-uc-fittings\/\" \/>\n<meta property=\"og:site_name\" content=\"Res-Q-Jack, Inc.\" \/>\n<meta property=\"article:modified_time\" content=\"2024-02-27T17:33:18+00:00\" \/>\n<meta property=\"og:image\" content=\"https:\/\/res-q-jack.com\/wp-content\/uploads\/2020\/02\/Pinned-Tripod-Head.jpg\" \/>\n<meta name=\"twitter:card\" content=\"summary_large_image\" \/>\n<meta name=\"twitter:label1\" content=\"Tahmini okuma s\u00fcresi\" \/>\n\t<meta name=\"twitter:data1\" content=\"4 dakika\" \/>\n<script type=\"application\/ld+json\" class=\"yoast-schema-graph\">{\"@context\":\"https:\/\/schema.org\",\"@graph\":[{\"@type\":\"WebPage\",\"@id\":\"https:\/\/res-q-jack.com\/accessories\/pinned-end-fittings\/\",\"url\":\"https:\/\/res-q-jack.com\/accessories\/pinned-end-fittings\/\",\"name\":\"Pinned End Fittings | Res-Q-Jack, Inc.\",\"isPartOf\":{\"@id\":\"https:\/\/res-q-jack.com\/#website\"},\"primaryImageOfPage\":{\"@id\":\"https:\/\/res-q-jack.com\/accessories\/pinned-end-fittings\/#primaryimage\"},\"image\":{\"@id\":\"https:\/\/res-q-jack.com\/accessories\/pinned-end-fittings\/#primaryimage\"},\"thumbnailUrl\":\"https:\/\/res-q-jack.com\/wp-content\/uploads\/2020\/02\/Pinned-Tripod-Head.jpg\",\"datePublished\":\"2019-12-18T23:33:03+00:00\",\"dateModified\":\"2024-02-27T17:33:18+00:00\",\"breadcrumb\":{\"@id\":\"https:\/\/res-q-jack.com\/accessories\/pinned-end-fittings\/#breadcrumb\"},\"inLanguage\":\"tr\",\"potentialAction\":[{\"@type\":\"ReadAction\",\"target\":[\"https:\/\/res-q-jack.com\/accessories\/pinned-end-fittings\/\"]}]},{\"@type\":\"ImageObject\",\"inLanguage\":\"tr\",\"@id\":\"https:\/\/res-q-jack.com\/accessories\/pinned-end-fittings\/#primaryimage\",\"url\":\"https:\/\/res-q-jack.com\/wp-content\/uploads\/2020\/02\/Pinned-Tripod-Head.jpg\",\"contentUrl\":\"https:\/\/res-q-jack.com\/wp-content\/uploads\/2020\/02\/Pinned-Tripod-Head.jpg\"},{\"@type\":\"BreadcrumbList\",\"@id\":\"https:\/\/res-q-jack.com\/accessories\/pinned-end-fittings\/#breadcrumb\",\"itemListElement\":[{\"@type\":\"ListItem\",\"position\":1,\"name\":\"Home\",\"item\":\"https:\/\/res-q-jack.com\/\"},{\"@type\":\"ListItem\",\"position\":2,\"name\":\"Accessories\",\"item\":\"https:\/\/res-q-jack.com\/accessories\/\"},{\"@type\":\"ListItem\",\"position\":3,\"name\":\"Pinned End Fittings\"}]},{\"@type\":\"WebSite\",\"@id\":\"https:\/\/res-q-jack.com\/#website\",\"url\":\"https:\/\/res-q-jack.com\/\",\"name\":\"Res-Q-Jack, Inc.\",\"description\":\"Vehicle Stabilization Struts\",\"publisher\":{\"@id\":\"https:\/\/res-q-jack.com\/#organization\"},\"potentialAction\":[{\"@type\":\"SearchAction\",\"target\":{\"@type\":\"EntryPoint\",\"urlTemplate\":\"https:\/\/res-q-jack.com\/?s={search_term_string}\"},\"query-input\":{\"@type\":\"PropertyValueSpecification\",\"valueRequired\":true,\"valueName\":\"search_term_string\"}}],\"inLanguage\":\"tr\"},{\"@type\":\"Organization\",\"@id\":\"https:\/\/res-q-jack.com\/#organization\",\"name\":\"Res-Q-Jack, Inc.\",\"url\":\"https:\/\/res-q-jack.com\/\",\"logo\":{\"@type\":\"ImageObject\",\"inLanguage\":\"tr\",\"@id\":\"https:\/\/res-q-jack.com\/#\/schema\/logo\/image\/\",\"url\":\"https:\/\/res-q-jack.com\/wp-content\/uploads\/2020\/03\/Res-Q-Jack-SEO-Logo.png\",\"contentUrl\":\"https:\/\/res-q-jack.com\/wp-content\/uploads\/2020\/03\/Res-Q-Jack-SEO-Logo.png\",\"width\":612,\"height\":138,\"caption\":\"Res-Q-Jack, Inc.\"},\"image\":{\"@id\":\"https:\/\/res-q-jack.com\/#\/schema\/logo\/image\/\"}}]}<\/script>\n<!-- \/ Yoast SEO plugin. -->","yoast_head_json":{"title":"Pimli U\u00e7 Ba\u011flant\u0131 Par\u00e7alar\u0131 | Res-Q-Jack, Inc.","robots":{"index":"index","follow":"follow","max-snippet":"max-snippet:-1","max-image-preview":"max-image-preview:large","max-video-preview":"max-video-preview:-1"},"canonical":"https:\/\/res-q-jack.com\/tr\/aksesuarlar\/pimli-uc-fittings\/","og_locale":"tr_TR","og_type":"article","og_title":"Pinned End Fittings | Res-Q-Jack, Inc.","og_description":"Pinned End Fittings Learn more about our accessories ALX-TRPD| RJ3-TRPD | GLX-TRPD Tripod Head Turn your pin-operated struts into a tripod for technical rescue scenarios. Features powder coated steel crown and tubular steel legs. Secured with our hardened steel tab lock pins. Steel X \/ RJ3 and GreenLite heads include 36&#8243; extensions to reach up&hellip;","og_url":"https:\/\/res-q-jack.com\/tr\/aksesuarlar\/pimli-uc-fittings\/","og_site_name":"Res-Q-Jack, Inc.","article_modified_time":"2024-02-27T17:33:18+00:00","og_image":[{"url":"https:\/\/res-q-jack.com\/wp-content\/uploads\/2020\/02\/Pinned-Tripod-Head.jpg","type":"","width":"","height":""}],"twitter_card":"summary_large_image","twitter_misc":{"Tahmini okuma s\u00fcresi":"4 dakika"},"schema":{"@context":"https:\/\/schema.org","@graph":[{"@type":"WebPage","@id":"https:\/\/res-q-jack.com\/accessories\/pinned-end-fittings\/","url":"https:\/\/res-q-jack.com\/accessories\/pinned-end-fittings\/","name":"Pimli U\u00e7 Ba\u011flant\u0131 Par\u00e7alar\u0131 | Res-Q-Jack, Inc.","isPartOf":{"@id":"https:\/\/res-q-jack.com\/#website"},"primaryImageOfPage":{"@id":"https:\/\/res-q-jack.com\/accessories\/pinned-end-fittings\/#primaryimage"},"image":{"@id":"https:\/\/res-q-jack.com\/accessories\/pinned-end-fittings\/#primaryimage"},"thumbnailUrl":"https:\/\/res-q-jack.com\/wp-content\/uploads\/2020\/02\/Pinned-Tripod-Head.jpg","datePublished":"2019-12-18T23:33:03+00:00","dateModified":"2024-02-27T17:33:18+00:00","breadcrumb":{"@id":"https:\/\/res-q-jack.com\/accessories\/pinned-end-fittings\/#breadcrumb"},"inLanguage":"tr","potentialAction":[{"@type":"ReadAction","target":["https:\/\/res-q-jack.com\/accessories\/pinned-end-fittings\/"]}]},{"@type":"ImageObject","inLanguage":"tr","@id":"https:\/\/res-q-jack.com\/accessories\/pinned-end-fittings\/#primaryimage","url":"https:\/\/res-q-jack.com\/wp-content\/uploads\/2020\/02\/Pinned-Tripod-Head.jpg","contentUrl":"https:\/\/res-q-jack.com\/wp-content\/uploads\/2020\/02\/Pinned-Tripod-Head.jpg"},{"@type":"BreadcrumbList","@id":"https:\/\/res-q-jack.com\/accessories\/pinned-end-fittings\/#breadcrumb","itemListElement":[{"@type":"ListItem","position":1,"name":"Home","item":"https:\/\/res-q-jack.com\/"},{"@type":"ListItem","position":2,"name":"Accessories","item":"https:\/\/res-q-jack.com\/accessories\/"},{"@type":"ListItem","position":3,"name":"Pinned End Fittings"}]},{"@type":"WebSite","@id":"https:\/\/res-q-jack.com\/#website","url":"https:\/\/res-q-jack.com\/","name":"Res-Q-Jack, Inc.","description":"Ara\u00e7 Stabilizasyon Destekleri","publisher":{"@id":"https:\/\/res-q-jack.com\/#organization"},"potentialAction":[{"@type":"SearchAction","target":{"@type":"EntryPoint","urlTemplate":"https:\/\/res-q-jack.com\/?s={search_term_string}"},"query-input":{"@type":"PropertyValueSpecification","valueRequired":true,"valueName":"search_term_string"}}],"inLanguage":"tr"},{"@type":"Organization","@id":"https:\/\/res-q-jack.com\/#organization","name":"Res-Q-Jack, Inc.","url":"https:\/\/res-q-jack.com\/","logo":{"@type":"ImageObject","inLanguage":"tr","@id":"https:\/\/res-q-jack.com\/#\/schema\/logo\/image\/","url":"https:\/\/res-q-jack.com\/wp-content\/uploads\/2020\/03\/Res-Q-Jack-SEO-Logo.png","contentUrl":"https:\/\/res-q-jack.com\/wp-content\/uploads\/2020\/03\/Res-Q-Jack-SEO-Logo.png","width":612,"height":138,"caption":"Res-Q-Jack, Inc."},"image":{"@id":"https:\/\/res-q-jack.com\/#\/schema\/logo\/image\/"}}]}},"_links":{"self":[{"href":"https:\/\/res-q-jack.com\/tr\/wp-json\/wp\/v2\/pages\/197","targetHints":{"allow":["GET"]}}],"collection":[{"href":"https:\/\/res-q-jack.com\/tr\/wp-json\/wp\/v2\/pages"}],"about":[{"href":"https:\/\/res-q-jack.com\/tr\/wp-json\/wp\/v2\/types\/page"}],"author":[{"embeddable":true,"href":"https:\/\/res-q-jack.com\/tr\/wp-json\/wp\/v2\/users\/2"}],"replies":[{"embeddable":true,"href":"https:\/\/res-q-jack.com\/tr\/wp-json\/wp\/v2\/comments?post=197"}],"version-history":[{"count":0,"href":"https:\/\/res-q-jack.com\/tr\/wp-json\/wp\/v2\/pages\/197\/revisions"}],"up":[{"embeddable":true,"href":"https:\/\/res-q-jack.com\/tr\/wp-json\/wp\/v2\/pages\/44"}],"wp:attachment":[{"href":"https:\/\/res-q-jack.com\/tr\/wp-json\/wp\/v2\/media?parent=197"}],"curies":[{"name":"wp","href":"https:\/\/api.w.org\/{rel}","templated":true}]}}