{"id":195,"date":"2019-12-18T18:32:39","date_gmt":"2019-12-18T23:32:39","guid":{"rendered":"https:\/\/resqjack.wpengine.com\/?page_id=195"},"modified":"2026-04-16T14:40:41","modified_gmt":"2026-04-16T19:40:41","slug":"pimsiz-uc-fittings","status":"publish","type":"page","link":"https:\/\/res-q-jack.com\/tr\/accessories\/pin-free-end-fittings\/","title":{"rendered":"Pimsiz U\u00e7 Ba\u011flant\u0131 Par\u00e7alar\u0131"},"content":{"rendered":"<h1>\n\t\t\t\tPimsiz U\u00e7 Ba\u011flant\u0131 Par\u00e7alar\u0131\n\t\t\t<\/h1>\n\t<ul>\n\t\t<li>\t\t\t\t\n\t\t<h3><a href=\"https:\/\/res-q-jack.com\/tr\/aksesuarlar\/\" target=\"_self\"  aria-label=\"Go to https:\/\/res-q-jack.com\/accessories\/\">Aksesuarlar\u0131m\u0131z hakk\u0131nda daha fazla bilgi edinin<\/a><\/h3><\/li>\t<\/ul>\n\t\t\t\t<img decoding=\"async\" data-src=\"https:\/\/res-q-jack.com\/wp-content\/uploads\/2026\/04\/Extension-Tubing-2.png\" alt=\"Uzatma Borular\u0131\" title=\"Uzatma Borular\u0131\" itemprop=\"image\" src=\"data:image\/svg+xml;base64,PHN2ZyB3aWR0aD0iMSIgaGVpZ2h0PSIxIiB4bWxucz0iaHR0cDovL3d3dy53My5vcmcvMjAwMC9zdmciPjwvc3ZnPg==\" class=\"lazyload\" style=\"--smush-placeholder-width: 900px; --smush-placeholder-aspect-ratio: 900\/600;\" \/>\n\t\t<h5>SPX-12EX (12&#8243;) | SPX-24EX (24&#8243;) | SPX-36EX (36&#8243;)<\/h5><h3>Uzatma Borular\u0131<\/h3>\t\t\t\n\t\t\t\t<p>Bu uzatma borular\u0131yla yeni y\u00fcksekliklere ula\u015f\u0131n. Bu kullan\u0131m\u0131 kolay uzatmalar 6061 T-6 al\u00fcminyumdan i\u015flenmi\u015ftir ve Pin-Free X-Struts, Trench Shore ve Teknik Kurtarma Kitlerinize ekstra uzunluk sa\u011flar. Bir, iki ve \u00fc\u00e7 ayak uzunluklar\u0131nda mevcuttur.<\/p>\n\t\t\t\t<img decoding=\"async\" data-src=\"https:\/\/res-q-jack.com\/wp-content\/uploads\/2026\/04\/Tripod-Head.png\" alt=\"Tripod Ba\u015fl\u0131\u011f\u0131\" title=\"Tripod Ba\u015fl\u0131\u011f\u0131\" itemprop=\"image\" src=\"data:image\/svg+xml;base64,PHN2ZyB3aWR0aD0iMSIgaGVpZ2h0PSIxIiB4bWxucz0iaHR0cDovL3d3dy53My5vcmcvMjAwMC9zdmciPjwvc3ZnPg==\" class=\"lazyload\" style=\"--smush-placeholder-width: 900px; --smush-placeholder-aspect-ratio: 900\/600;\" \/>\n\t\t<h5>SPX-TRPD<\/h5><h3> Tripod Ba\u015fl\u0131\u011f\u0131<\/h3>\t\t\t\n\t\t\t\t<p>Bu pimsiz kafa ba\u011flant\u0131s\u0131yla \u00fc\u00e7 adet Pimsiz dikmeyi bir teknik kurtarma tripoduna d\u00f6n\u00fc\u015ft\u00fcr\u00fcn. Tripod Ba\u015fl\u0131\u011f\u0131, h\u0131zl\u0131 kurulum i\u00e7in \u00fc\u00e7 adet i\u015flenmi\u015f al\u00fcminyum ba\u011flant\u0131ya sahip toz boya kapl\u0131 \u00e7elik bir ta\u00e7 i\u00e7erir. Dikmeler ayr\u0131 sat\u0131l\u0131r.<\/p>\n\t\t\t\t<img decoding=\"async\" data-src=\"https:\/\/res-q-jack.com\/wp-content\/uploads\/2026\/04\/Trench-Plate-2.png\" alt=\"Trench Plate\" title=\"Trench Plate\" itemprop=\"image\" src=\"data:image\/svg+xml;base64,PHN2ZyB3aWR0aD0iMSIgaGVpZ2h0PSIxIiB4bWxucz0iaHR0cDovL3d3dy53My5vcmcvMjAwMC9zdmciPjwvc3ZnPg==\" class=\"lazyload\" style=\"--smush-placeholder-width: 900px; --smush-placeholder-aspect-ratio: 900\/600;\" \/>\n\t\t<h5>SPX-TRBP<\/h5><h3>Hendek Plakas\u0131<\/h3>\t\t\t\n\t\t\t\t<p>Bu d\u00f6ner bilyeli plaka, \u00e7ivi veya vidalarla sabitlemek i\u00e7in 4 k\u00f6\u015fe deli\u011fi ile hendek kurtarma iksas\u0131 i\u00e7in idealdir. \u0130\u015flenmi\u015f al\u00fcminyumdan yap\u0131lm\u0131\u015ft\u0131r.<\/p>\n\t\t\t\t<img decoding=\"async\" data-src=\"https:\/\/res-q-jack.com\/wp-content\/uploads\/2026\/04\/Flat-Plate-1.png\" alt=\"Flat Plate\" title=\"Flat Plate\" itemprop=\"image\" src=\"data:image\/svg+xml;base64,PHN2ZyB3aWR0aD0iMSIgaGVpZ2h0PSIxIiB4bWxucz0iaHR0cDovL3d3dy53My5vcmcvMjAwMC9zdmciPjwvc3ZnPg==\" class=\"lazyload\" style=\"--smush-placeholder-width: 900px; --smush-placeholder-aspect-ratio: 900\/600;\" \/>\n\t\t<h5>SPX-FLTH<\/h5><h3>D\u00fcz Ba\u015fl\u0131 Plaka<\/h3>\t\t\t\n\t\t\t\t<p>This 6&#8243; fixed plate is your straightforward shoring head. Recommended for structural applications with the Super X, but also compatible with the SPX Trench Shore. Made from machined aluminum.<\/p>\n\t\t\t\t<img decoding=\"async\" data-src=\"https:\/\/res-q-jack.com\/wp-content\/uploads\/2026\/04\/Large-Base-Plate.png\" alt=\"Large Base Plate\" title=\"Large Base Plate\" itemprop=\"image\" src=\"data:image\/svg+xml;base64,PHN2ZyB3aWR0aD0iMSIgaGVpZ2h0PSIxIiB4bWxucz0iaHR0cDovL3d3dy53My5vcmcvMjAwMC9zdmciPjwvc3ZnPg==\" class=\"lazyload\" style=\"--smush-placeholder-width: 900px; --smush-placeholder-aspect-ratio: 900\/600;\" \/>\n\t\t<h5>SPX-12BP<\/h5><h3> S\u00fcper X-Strut B\u00fcy\u00fck Taban<\/h3>\t\t\t\n\t\t\t\t<p>This 12&#8243; swiveling base plate will work in a wide range of scenarios, especially when you need to spread out the load on soft ground. Includes attachment for straps. Made from machined aluminum.<\/p>\n\t\t\t\t<img decoding=\"async\" data-src=\"https:\/\/res-q-jack.com\/wp-content\/uploads\/2026\/04\/Extrication-Base-Plate.png\" alt=\"Extrication Base Plate\" title=\"Extrication Base Plate\" itemprop=\"image\" src=\"data:image\/svg+xml;base64,PHN2ZyB3aWR0aD0iMSIgaGVpZ2h0PSIxIiB4bWxucz0iaHR0cDovL3d3dy53My5vcmcvMjAwMC9zdmciPjwvc3ZnPg==\" class=\"lazyload\" style=\"--smush-placeholder-width: 900px; --smush-placeholder-aspect-ratio: 900\/600;\" \/>\n\t\t<h5>SPX-EXBP<\/h5><h3>S\u00fcper X-Strut K\u00fc\u00e7\u00fck Taban Plakas\u0131<\/h3>\t\t\t\n\t\t\t\t<p>Standart, d\u00f6ner taban plakam\u0131z, ancak Super X i\u00e7in \u00f6zel olarak \u00fcretilmi\u015ftir. Bu hafif tasar\u0131m, kaz\u0131klar i\u00e7in veya kay\u0131\u015flar\u0131 ve zincirleri ba\u011flamak i\u00e7in D halkalar\u0131 i\u00e7erir. Toz boyal\u0131 \u00e7elik taban ve halkalarla i\u015flenmi\u015f al\u00fcminyum ba\u011flant\u0131ya sahiptir.<\/p>\n\t\t\t\t<img decoding=\"async\" data-src=\"https:\/\/res-q-jack.com\/wp-content\/uploads\/2026\/04\/Swivel-CRG-Head.png\" alt=\"D\u00f6ner CRG Ba\u015fl\u0131\u011f\u0131\" title=\"D\u00f6ner CRG Ba\u015fl\u0131\u011f\u0131\" itemprop=\"image\" src=\"data:image\/svg+xml;base64,PHN2ZyB3aWR0aD0iMSIgaGVpZ2h0PSIxIiB4bWxucz0iaHR0cDovL3d3dy53My5vcmcvMjAwMC9zdmciPjwvc3ZnPg==\" class=\"lazyload\" style=\"--smush-placeholder-width: 900px; --smush-placeholder-aspect-ratio: 900\/600;\" \/>\n\t\t<h5>SPX-SCRG<\/h5><h3> Pimsiz D\u00f6ner CRG Ba\u015fl\u0131\u011f\u0131<\/h3>\t\t\t\n\t\t\t\t<p>CRG, Kanal, Yuvarlak U\u00e7 ve Zincirli Kep\u00e7e u\u00e7 ba\u011flant\u0131lar\u0131n\u0131 devrim niteli\u011finde tek bir ba\u015fl\u0131kta birle\u015ftirerek kurtarma s\u0131ras\u0131nda ba\u015fl\u0131k de\u011fi\u015ftirmeyi gereksiz hale getirir. Super X, Apex ve Auto X'e uyar.<\/p>","protected":false},"excerpt":{"rendered":"<p>Pin-Free End Fittings Learn more about our accessories SPX-12EX (12&#8243;) | SPX-24EX (24&#8243;) | SPX-36EX (36&#8243;) Extension Tubing Reach new heights with these extension tubes. These easy-to-use extensions are machined from 6061 T-6 aluminum and provide extra length to your Pin-Free X-Struts,Trench Shore, and Technical Rescue Kits. Available in one, two and three foot lengths.&hellip;<\/p>","protected":false},"author":2,"featured_media":0,"parent":44,"menu_order":0,"comment_status":"closed","ping_status":"closed","template":"","meta":{"footnotes":""},"class_list":["post-195","page","type-page","status-publish","hentry"],"yoast_head":"<!-- This site is optimized with the Yoast SEO plugin v27.5 - https:\/\/yoast.com\/product\/yoast-seo-wordpress\/ -->\n<title>Pin-Free End Fittings | Res-Q-Jack, Inc.<\/title>\n<meta name=\"robots\" content=\"index, follow, max-snippet:-1, max-image-preview:large, max-video-preview:-1\" \/>\n<link rel=\"canonical\" href=\"https:\/\/res-q-jack.com\/tr\/aksesuarlar\/pimsiz-uc-fittings\/\" \/>\n<meta property=\"og:locale\" content=\"tr_TR\" \/>\n<meta property=\"og:type\" content=\"article\" \/>\n<meta property=\"og:title\" content=\"Pin-Free End Fittings | Res-Q-Jack, Inc.\" \/>\n<meta property=\"og:description\" content=\"Pin-Free End Fittings Learn more about our accessories SPX-12EX (12&#8243;) | SPX-24EX (24&#8243;) | SPX-36EX (36&#8243;) Extension Tubing Reach new heights with these extension tubes. These easy-to-use extensions are machined from 6061 T-6 aluminum and provide extra length to your Pin-Free X-Struts,Trench Shore, and Technical Rescue Kits. Available in one, two and three foot lengths.&hellip;\" \/>\n<meta property=\"og:url\" content=\"https:\/\/res-q-jack.com\/tr\/aksesuarlar\/pimsiz-uc-fittings\/\" \/>\n<meta property=\"og:site_name\" content=\"Res-Q-Jack, Inc.\" \/>\n<meta property=\"article:modified_time\" content=\"2026-04-16T19:40:41+00:00\" \/>\n<meta property=\"og:image\" content=\"https:\/\/res-q-jack.com\/wp-content\/uploads\/2026\/04\/Extension-Tubing-2.png\" \/>\n<meta name=\"twitter:card\" content=\"summary_large_image\" \/>\n<meta name=\"twitter:label1\" content=\"Tahmini okuma s\u00fcresi\" \/>\n\t<meta name=\"twitter:data1\" content=\"5 dakika\" \/>\n<script type=\"application\/ld+json\" class=\"yoast-schema-graph\">{\"@context\":\"https:\\\/\\\/schema.org\",\"@graph\":[{\"@type\":\"WebPage\",\"@id\":\"https:\\\/\\\/res-q-jack.com\\\/accessories\\\/pin-free-end-fittings\\\/\",\"url\":\"https:\\\/\\\/res-q-jack.com\\\/accessories\\\/pin-free-end-fittings\\\/\",\"name\":\"Pin-Free End Fittings | Res-Q-Jack, Inc.\",\"isPartOf\":{\"@id\":\"https:\\\/\\\/res-q-jack.com\\\/#website\"},\"primaryImageOfPage\":{\"@id\":\"https:\\\/\\\/res-q-jack.com\\\/accessories\\\/pin-free-end-fittings\\\/#primaryimage\"},\"image\":{\"@id\":\"https:\\\/\\\/res-q-jack.com\\\/accessories\\\/pin-free-end-fittings\\\/#primaryimage\"},\"thumbnailUrl\":\"https:\\\/\\\/res-q-jack.com\\\/wp-content\\\/uploads\\\/2026\\\/04\\\/Extension-Tubing-2.png\",\"datePublished\":\"2019-12-18T23:32:39+00:00\",\"dateModified\":\"2026-04-16T19:40:41+00:00\",\"breadcrumb\":{\"@id\":\"https:\\\/\\\/res-q-jack.com\\\/accessories\\\/pin-free-end-fittings\\\/#breadcrumb\"},\"inLanguage\":\"tr\",\"potentialAction\":[{\"@type\":\"ReadAction\",\"target\":[\"https:\\\/\\\/res-q-jack.com\\\/accessories\\\/pin-free-end-fittings\\\/\"]}]},{\"@type\":\"ImageObject\",\"inLanguage\":\"tr\",\"@id\":\"https:\\\/\\\/res-q-jack.com\\\/accessories\\\/pin-free-end-fittings\\\/#primaryimage\",\"url\":\"https:\\\/\\\/res-q-jack.com\\\/wp-content\\\/uploads\\\/2026\\\/04\\\/Extension-Tubing-2.png\",\"contentUrl\":\"https:\\\/\\\/res-q-jack.com\\\/wp-content\\\/uploads\\\/2026\\\/04\\\/Extension-Tubing-2.png\"},{\"@type\":\"BreadcrumbList\",\"@id\":\"https:\\\/\\\/res-q-jack.com\\\/accessories\\\/pin-free-end-fittings\\\/#breadcrumb\",\"itemListElement\":[{\"@type\":\"ListItem\",\"position\":1,\"name\":\"Home\",\"item\":\"https:\\\/\\\/res-q-jack.com\\\/\"},{\"@type\":\"ListItem\",\"position\":2,\"name\":\"Accessories\",\"item\":\"https:\\\/\\\/res-q-jack.com\\\/accessories\\\/\"},{\"@type\":\"ListItem\",\"position\":3,\"name\":\"Pin-Free End Fittings\"}]},{\"@type\":\"WebSite\",\"@id\":\"https:\\\/\\\/res-q-jack.com\\\/#website\",\"url\":\"https:\\\/\\\/res-q-jack.com\\\/\",\"name\":\"Res-Q-Jack, Inc.\",\"description\":\"Vehicle Stabilization Struts\",\"publisher\":{\"@id\":\"https:\\\/\\\/res-q-jack.com\\\/#organization\"},\"potentialAction\":[{\"@type\":\"SearchAction\",\"target\":{\"@type\":\"EntryPoint\",\"urlTemplate\":\"https:\\\/\\\/res-q-jack.com\\\/?s={search_term_string}\"},\"query-input\":{\"@type\":\"PropertyValueSpecification\",\"valueRequired\":true,\"valueName\":\"search_term_string\"}}],\"inLanguage\":\"tr\"},{\"@type\":\"Organization\",\"@id\":\"https:\\\/\\\/res-q-jack.com\\\/#organization\",\"name\":\"Res-Q-Jack, Inc.\",\"url\":\"https:\\\/\\\/res-q-jack.com\\\/\",\"logo\":{\"@type\":\"ImageObject\",\"inLanguage\":\"tr\",\"@id\":\"https:\\\/\\\/res-q-jack.com\\\/#\\\/schema\\\/logo\\\/image\\\/\",\"url\":\"https:\\\/\\\/res-q-jack.com\\\/wp-content\\\/uploads\\\/2020\\\/03\\\/Res-Q-Jack-SEO-Logo.png\",\"contentUrl\":\"https:\\\/\\\/res-q-jack.com\\\/wp-content\\\/uploads\\\/2020\\\/03\\\/Res-Q-Jack-SEO-Logo.png\",\"width\":612,\"height\":138,\"caption\":\"Res-Q-Jack, Inc.\"},\"image\":{\"@id\":\"https:\\\/\\\/res-q-jack.com\\\/#\\\/schema\\\/logo\\\/image\\\/\"}}]}<\/script>\n<!-- \/ Yoast SEO plugin. -->","yoast_head_json":{"title":"Pimsiz U\u00e7 Ba\u011flant\u0131 Par\u00e7alar\u0131 | Res-Q-Jack, Inc.","robots":{"index":"index","follow":"follow","max-snippet":"max-snippet:-1","max-image-preview":"max-image-preview:large","max-video-preview":"max-video-preview:-1"},"canonical":"https:\/\/res-q-jack.com\/tr\/aksesuarlar\/pimsiz-uc-fittings\/","og_locale":"tr_TR","og_type":"article","og_title":"Pin-Free End Fittings | Res-Q-Jack, Inc.","og_description":"Pin-Free End Fittings Learn more about our accessories SPX-12EX (12&#8243;) | SPX-24EX (24&#8243;) | SPX-36EX (36&#8243;) Extension Tubing Reach new heights with these extension tubes. These easy-to-use extensions are machined from 6061 T-6 aluminum and provide extra length to your Pin-Free X-Struts,Trench Shore, and Technical Rescue Kits. Available in one, two and three foot lengths.&hellip;","og_url":"https:\/\/res-q-jack.com\/tr\/aksesuarlar\/pimsiz-uc-fittings\/","og_site_name":"Res-Q-Jack, Inc.","article_modified_time":"2026-04-16T19:40:41+00:00","og_image":[{"url":"https:\/\/res-q-jack.com\/wp-content\/uploads\/2026\/04\/Extension-Tubing-2.png","type":"","width":"","height":""}],"twitter_card":"summary_large_image","twitter_misc":{"Tahmini okuma s\u00fcresi":"5 dakika"},"schema":{"@context":"https:\/\/schema.org","@graph":[{"@type":"WebPage","@id":"https:\/\/res-q-jack.com\/accessories\/pin-free-end-fittings\/","url":"https:\/\/res-q-jack.com\/accessories\/pin-free-end-fittings\/","name":"Pimsiz U\u00e7 Ba\u011flant\u0131 Par\u00e7alar\u0131 | Res-Q-Jack, Inc.","isPartOf":{"@id":"https:\/\/res-q-jack.com\/#website"},"primaryImageOfPage":{"@id":"https:\/\/res-q-jack.com\/accessories\/pin-free-end-fittings\/#primaryimage"},"image":{"@id":"https:\/\/res-q-jack.com\/accessories\/pin-free-end-fittings\/#primaryimage"},"thumbnailUrl":"https:\/\/res-q-jack.com\/wp-content\/uploads\/2026\/04\/Extension-Tubing-2.png","datePublished":"2019-12-18T23:32:39+00:00","dateModified":"2026-04-16T19:40:41+00:00","breadcrumb":{"@id":"https:\/\/res-q-jack.com\/accessories\/pin-free-end-fittings\/#breadcrumb"},"inLanguage":"tr","potentialAction":[{"@type":"ReadAction","target":["https:\/\/res-q-jack.com\/accessories\/pin-free-end-fittings\/"]}]},{"@type":"ImageObject","inLanguage":"tr","@id":"https:\/\/res-q-jack.com\/accessories\/pin-free-end-fittings\/#primaryimage","url":"https:\/\/res-q-jack.com\/wp-content\/uploads\/2026\/04\/Extension-Tubing-2.png","contentUrl":"https:\/\/res-q-jack.com\/wp-content\/uploads\/2026\/04\/Extension-Tubing-2.png"},{"@type":"BreadcrumbList","@id":"https:\/\/res-q-jack.com\/accessories\/pin-free-end-fittings\/#breadcrumb","itemListElement":[{"@type":"ListItem","position":1,"name":"Home","item":"https:\/\/res-q-jack.com\/"},{"@type":"ListItem","position":2,"name":"Accessories","item":"https:\/\/res-q-jack.com\/accessories\/"},{"@type":"ListItem","position":3,"name":"Pin-Free End Fittings"}]},{"@type":"WebSite","@id":"https:\/\/res-q-jack.com\/#website","url":"https:\/\/res-q-jack.com\/","name":"Res-Q-Jack, Inc.","description":"Ara\u00e7 Stabilizasyon Destekleri","publisher":{"@id":"https:\/\/res-q-jack.com\/#organization"},"potentialAction":[{"@type":"SearchAction","target":{"@type":"EntryPoint","urlTemplate":"https:\/\/res-q-jack.com\/?s={search_term_string}"},"query-input":{"@type":"PropertyValueSpecification","valueRequired":true,"valueName":"search_term_string"}}],"inLanguage":"tr"},{"@type":"Organization","@id":"https:\/\/res-q-jack.com\/#organization","name":"Res-Q-Jack, Inc.","url":"https:\/\/res-q-jack.com\/","logo":{"@type":"ImageObject","inLanguage":"tr","@id":"https:\/\/res-q-jack.com\/#\/schema\/logo\/image\/","url":"https:\/\/res-q-jack.com\/wp-content\/uploads\/2020\/03\/Res-Q-Jack-SEO-Logo.png","contentUrl":"https:\/\/res-q-jack.com\/wp-content\/uploads\/2020\/03\/Res-Q-Jack-SEO-Logo.png","width":612,"height":138,"caption":"Res-Q-Jack, Inc."},"image":{"@id":"https:\/\/res-q-jack.com\/#\/schema\/logo\/image\/"}}]}},"_links":{"self":[{"href":"https:\/\/res-q-jack.com\/tr\/wp-json\/wp\/v2\/pages\/195","targetHints":{"allow":["GET"]}}],"collection":[{"href":"https:\/\/res-q-jack.com\/tr\/wp-json\/wp\/v2\/pages"}],"about":[{"href":"https:\/\/res-q-jack.com\/tr\/wp-json\/wp\/v2\/types\/page"}],"author":[{"embeddable":true,"href":"https:\/\/res-q-jack.com\/tr\/wp-json\/wp\/v2\/users\/2"}],"replies":[{"embeddable":true,"href":"https:\/\/res-q-jack.com\/tr\/wp-json\/wp\/v2\/comments?post=195"}],"version-history":[{"count":2,"href":"https:\/\/res-q-jack.com\/tr\/wp-json\/wp\/v2\/pages\/195\/revisions"}],"predecessor-version":[{"id":2381,"href":"https:\/\/res-q-jack.com\/tr\/wp-json\/wp\/v2\/pages\/195\/revisions\/2381"}],"up":[{"embeddable":true,"href":"https:\/\/res-q-jack.com\/tr\/wp-json\/wp\/v2\/pages\/44"}],"wp:attachment":[{"href":"https:\/\/res-q-jack.com\/tr\/wp-json\/wp\/v2\/media?parent=195"}],"curies":[{"name":"wp","href":"https:\/\/api.w.org\/{rel}","templated":true}]}}