{"id":193,"date":"2019-12-18T18:31:55","date_gmt":"2019-12-18T23:31:55","guid":{"rendered":"https:\/\/resqjack.wpengine.com\/?page_id=193"},"modified":"2024-04-02T10:38:43","modified_gmt":"2024-04-02T15:38:43","slug":"evrensel-aksesuarlar","status":"publish","type":"page","link":"https:\/\/res-q-jack.com\/tr\/accessories\/universal-accessories\/","title":{"rendered":"Evrensel Aksesuarlar"},"content":{"rendered":"<h1>\n\t\t\t\tEvrensel Aksesuarlar\n\t\t\t<\/h1>\n\t<ul>\n\t\t<li>\t\t\t\t\n\t\t<h3><a href=\"https:\/\/res-q-jack.com\/tr\/aksesuarlar\/\" target=\"_self\" aria-label=\"Go to https:\/\/res-q-jack.com\/accessories\/\" rel=\"noopener\">Aksesuarlar\u0131m\u0131z hakk\u0131nda daha fazla bilgi edinin<\/a><\/h3><\/li>\t<\/ul>\n\t\t\t\t<img decoding=\"async\" data-src=\"https:\/\/res-q-jack.com\/wp-content\/uploads\/2020\/02\/Darlington-Head.jpg\" alt=\"Darlington Head \u00dcniversal Aksesuarlar\" title=\"Darlington Head \u00dcniversal Aksesuarlar\" itemprop=\"image\" src=\"data:image\/svg+xml;base64,PHN2ZyB3aWR0aD0iMSIgaGVpZ2h0PSIxIiB4bWxucz0iaHR0cDovL3d3dy53My5vcmcvMjAwMC9zdmciPjwvc3ZnPg==\" class=\"lazyload\" style=\"--smush-placeholder-width: 900px; --smush-placeholder-aspect-ratio: 900\/600;\" \/>\n\t\t<h5>Dar-HEAD<\/h5><h3>Darlington Head<\/h3>\t\t\t\n\t\t\t\t<p>Darlington Ba\u015fl\u0131\u011f\u0131, CRG Ba\u015fl\u0131klar\u0131n\u0131 birbirine ba\u011flayarak iki dikmeyi bir araya getirmenize olanak tan\u0131r. Bu, Darlington Roll'u ger\u00e7ekle\u015ftirmek i\u00e7in daha kolay bir kurulum sa\u011flar. Ayr\u0131ca iki payanda kullanarak bir Bi Pod kurmak i\u00e7in de kullan\u0131labilir. T\u00dcM Res-Q-Jack Destekleri ile uyumludur.<\/p>\n\t\t\t\t<img decoding=\"async\" data-src=\"https:\/\/res-q-jack.com\/wp-content\/uploads\/2020\/02\/EZ-Pick-Plate.jpg\" alt=\"EZ Se\u00e7im Plakas\u0131 Darlington Kafa \u00dcniversal Aksesuarlar\" title=\"EZ Se\u00e7im Plakas\u0131 Darlington Kafa \u00dcniversal Aksesuarlar\" itemprop=\"image\" src=\"data:image\/svg+xml;base64,PHN2ZyB3aWR0aD0iMSIgaGVpZ2h0PSIxIiB4bWxucz0iaHR0cDovL3d3dy53My5vcmcvMjAwMC9zdmciPjwvc3ZnPg==\" class=\"lazyload\" style=\"--smush-placeholder-width: 900px; --smush-placeholder-aspect-ratio: 900\/600;\" \/>\n\t\t<h5>ACC-EAPP<\/h5><h3>EZ Kaz\u0131k Plakas\u0131<\/h3>\t\t\t\n\t\t\t\t<p>The EZ Picket Plate features three oversized collars for 1&#8243; diameter pickets, which are set at 20\u00b0 angles for fast and precise placement. Includes two extra holes to accommodate pickets up to 1 5\/8&#8243; diameter. The EZ Picket Plate measures 30&#8243; long by 6&#8243; wide and features a built-in carry handle, D-Ring and diamond plate foot print.<\/p>\n\t\t\t\t<img decoding=\"async\" data-src=\"https:\/\/res-q-jack.com\/wp-content\/uploads\/2020\/02\/Ratcheting-Wheel-Chock.jpg\" alt=\"C\u0131rc\u0131rl\u0131 Tekerlek Takozu \u00dcniversal Aksesuarlar\" title=\"C\u0131rc\u0131rl\u0131 Tekerlek Takozu \u00dcniversal Aksesuarlar\" itemprop=\"image\" src=\"data:image\/svg+xml;base64,PHN2ZyB3aWR0aD0iMSIgaGVpZ2h0PSIxIiB4bWxucz0iaHR0cDovL3d3dy53My5vcmcvMjAwMC9zdmciPjwvc3ZnPg==\" class=\"lazyload\" style=\"--smush-placeholder-width: 900px; --smush-placeholder-aspect-ratio: 900\/600;\" \/>\n\t\t<h5>ACC-WCHK<\/h5><h3>C\u0131rc\u0131rl\u0131 Tekerlek Takozu<\/h3>\t\t\t\n\t\t\t\t<p>A rugged and easy-to-use option for chocking wheels, this chock won&#8217;t &#8220;push&#8221; both sides of the wheel with just one piece of equipment, as do oversized blocks and chocks.<\/p>\n\t\t\t\t<img decoding=\"async\" data-src=\"https:\/\/res-q-jack.com\/wp-content\/uploads\/2020\/02\/Ram-Plate.jpg\" alt=\"Rampa Plakas\u0131 \u00dcniversal Aksesuarlar\u0131\" title=\"Ram Plakas\u0131 \u00dcniversal Aksesuarlar\u0131\" itemprop=\"image\" src=\"data:image\/svg+xml;base64,PHN2ZyB3aWR0aD0iMSIgaGVpZ2h0PSIxIiB4bWxucz0iaHR0cDovL3d3dy53My5vcmcvMjAwMC9zdmciPjwvc3ZnPg==\" class=\"lazyload\" style=\"--smush-placeholder-width: 900px; --smush-placeholder-aspect-ratio: 900\/600;\" \/>\n\t\t<h5>ACC-RAMP<\/h5><h3>Ram Plakas\u0131<\/h3>\t\t\t\n\t\t\t\t<p>Bu a\u011f\u0131r hizmet tipi, \u00e7ok ama\u00e7l\u0131 ko\u00e7 destek plakas\u0131, g\u00f6sterge paneli yer de\u011fi\u015ftirirken ko\u00e7unuz i\u00e7in birden fazla ba\u011flant\u0131 noktas\u0131 elde etmek i\u00e7in bir k\u00fclb\u00fct\u00f6r panelinin \u00fczerine yerle\u015ftirilmelidir.<\/p>\n\t\t\t\t<img decoding=\"async\" data-src=\"https:\/\/res-q-jack.com\/wp-content\/uploads\/2020\/02\/Load-Pad.jpg\" alt=\"Y\u00fck Pedi \u00dcniversal Aksesuarlar\u0131\" title=\"Y\u00fck Pedi \u00dcniversal Aksesuarlar\u0131\" itemprop=\"image\" src=\"data:image\/svg+xml;base64,PHN2ZyB3aWR0aD0iMSIgaGVpZ2h0PSIxIiB4bWxucz0iaHR0cDovL3d3dy53My5vcmcvMjAwMC9zdmciPjwvc3ZnPg==\" class=\"lazyload\" style=\"--smush-placeholder-width: 900px; --smush-placeholder-aspect-ratio: 900\/600;\" \/>\n\t\t<h5>ACC-LOAD<\/h5><h3> Y\u00fck Pedi<\/h3>\t\t\t\n\t\t\t\t<p>This 14&#8243; x 14&#8243; load pad allows you to spread the load evenly over soft ground. Four carry holes double as stake holes, and the inner strut pocket is designed to fit the strut base.<\/p>","protected":false},"excerpt":{"rendered":"<p>Evrensel Aksesuarlar Aksesuarlar\u0131m\u0131z hakk\u0131nda daha fazla bilgi edinin Dar-HEAD Darlington Ba\u015fl\u0131\u011f\u0131 Darlington Ba\u015fl\u0131\u011f\u0131, CRG Ba\u015fl\u0131klar\u0131n\u0131 birbirine ba\u011flayarak iki dikmeyi bir araya getirmenize olanak tan\u0131r. Bu, Darlington Roll'u ger\u00e7ekle\u015ftirmek i\u00e7in daha kolay bir kurulum sa\u011flar. Ayr\u0131ca iki payanda kullanarak bir Bi Pod kurmak i\u00e7in de kullan\u0131labilir. T\u00dcM Res-Q-Jack ile uyumludur...<\/p>","protected":false},"author":2,"featured_media":0,"parent":44,"menu_order":0,"comment_status":"closed","ping_status":"closed","template":"","meta":{"footnotes":""},"class_list":["post-193","page","type-page","status-publish","hentry"],"yoast_head":"<!-- This site is optimized with the Yoast SEO plugin v27.2 - https:\/\/yoast.com\/product\/yoast-seo-wordpress\/ -->\n<title>Universal Accessories | Res-Q-Jack, Inc.<\/title>\n<meta name=\"robots\" content=\"index, follow, max-snippet:-1, max-image-preview:large, max-video-preview:-1\" \/>\n<link rel=\"canonical\" href=\"https:\/\/res-q-jack.com\/tr\/aksesuarlar\/evrensel-aksesuarlar\/\" \/>\n<meta property=\"og:locale\" content=\"tr_TR\" \/>\n<meta property=\"og:type\" content=\"article\" \/>\n<meta property=\"og:title\" content=\"Universal Accessories | Res-Q-Jack, Inc.\" \/>\n<meta property=\"og:description\" content=\"Universal Accessories Learn more about our accessories Dar-HEAD Darlington Head The Darlington Head allows you to marry two struts together by linking the CRG Heads together. This allows for an easier set up to perform the Darlington Roll. Also can be used to set up a Bi Pod using two struts. Compatible with ALL Res-Q-Jack&hellip;\" \/>\n<meta property=\"og:url\" content=\"https:\/\/res-q-jack.com\/tr\/aksesuarlar\/evrensel-aksesuarlar\/\" \/>\n<meta property=\"og:site_name\" content=\"Res-Q-Jack, Inc.\" \/>\n<meta property=\"article:modified_time\" content=\"2024-04-02T15:38:43+00:00\" \/>\n<meta property=\"og:image\" content=\"https:\/\/res-q-jack.com\/wp-content\/uploads\/2020\/02\/Darlington-Head.jpg\" \/>\n<meta name=\"twitter:card\" content=\"summary_large_image\" \/>\n<meta name=\"twitter:label1\" content=\"Tahmini okuma s\u00fcresi\" \/>\n\t<meta name=\"twitter:data1\" content=\"1 dakika\" \/>\n<script type=\"application\/ld+json\" class=\"yoast-schema-graph\">{\"@context\":\"https:\/\/schema.org\",\"@graph\":[{\"@type\":\"WebPage\",\"@id\":\"https:\/\/res-q-jack.com\/accessories\/universal-accessories\/\",\"url\":\"https:\/\/res-q-jack.com\/accessories\/universal-accessories\/\",\"name\":\"Universal Accessories | Res-Q-Jack, Inc.\",\"isPartOf\":{\"@id\":\"https:\/\/res-q-jack.com\/#website\"},\"primaryImageOfPage\":{\"@id\":\"https:\/\/res-q-jack.com\/accessories\/universal-accessories\/#primaryimage\"},\"image\":{\"@id\":\"https:\/\/res-q-jack.com\/accessories\/universal-accessories\/#primaryimage\"},\"thumbnailUrl\":\"https:\/\/res-q-jack.com\/wp-content\/uploads\/2020\/02\/Darlington-Head.jpg\",\"datePublished\":\"2019-12-18T23:31:55+00:00\",\"dateModified\":\"2024-04-02T15:38:43+00:00\",\"breadcrumb\":{\"@id\":\"https:\/\/res-q-jack.com\/accessories\/universal-accessories\/#breadcrumb\"},\"inLanguage\":\"tr\",\"potentialAction\":[{\"@type\":\"ReadAction\",\"target\":[\"https:\/\/res-q-jack.com\/accessories\/universal-accessories\/\"]}]},{\"@type\":\"ImageObject\",\"inLanguage\":\"tr\",\"@id\":\"https:\/\/res-q-jack.com\/accessories\/universal-accessories\/#primaryimage\",\"url\":\"https:\/\/res-q-jack.com\/wp-content\/uploads\/2020\/02\/Darlington-Head.jpg\",\"contentUrl\":\"https:\/\/res-q-jack.com\/wp-content\/uploads\/2020\/02\/Darlington-Head.jpg\"},{\"@type\":\"BreadcrumbList\",\"@id\":\"https:\/\/res-q-jack.com\/accessories\/universal-accessories\/#breadcrumb\",\"itemListElement\":[{\"@type\":\"ListItem\",\"position\":1,\"name\":\"Home\",\"item\":\"https:\/\/res-q-jack.com\/\"},{\"@type\":\"ListItem\",\"position\":2,\"name\":\"Accessories\",\"item\":\"https:\/\/res-q-jack.com\/accessories\/\"},{\"@type\":\"ListItem\",\"position\":3,\"name\":\"Universal Accessories\"}]},{\"@type\":\"WebSite\",\"@id\":\"https:\/\/res-q-jack.com\/#website\",\"url\":\"https:\/\/res-q-jack.com\/\",\"name\":\"Res-Q-Jack, Inc.\",\"description\":\"Vehicle Stabilization Struts\",\"publisher\":{\"@id\":\"https:\/\/res-q-jack.com\/#organization\"},\"potentialAction\":[{\"@type\":\"SearchAction\",\"target\":{\"@type\":\"EntryPoint\",\"urlTemplate\":\"https:\/\/res-q-jack.com\/?s={search_term_string}\"},\"query-input\":{\"@type\":\"PropertyValueSpecification\",\"valueRequired\":true,\"valueName\":\"search_term_string\"}}],\"inLanguage\":\"tr\"},{\"@type\":\"Organization\",\"@id\":\"https:\/\/res-q-jack.com\/#organization\",\"name\":\"Res-Q-Jack, Inc.\",\"url\":\"https:\/\/res-q-jack.com\/\",\"logo\":{\"@type\":\"ImageObject\",\"inLanguage\":\"tr\",\"@id\":\"https:\/\/res-q-jack.com\/#\/schema\/logo\/image\/\",\"url\":\"https:\/\/res-q-jack.com\/wp-content\/uploads\/2020\/03\/Res-Q-Jack-SEO-Logo.png\",\"contentUrl\":\"https:\/\/res-q-jack.com\/wp-content\/uploads\/2020\/03\/Res-Q-Jack-SEO-Logo.png\",\"width\":612,\"height\":138,\"caption\":\"Res-Q-Jack, Inc.\"},\"image\":{\"@id\":\"https:\/\/res-q-jack.com\/#\/schema\/logo\/image\/\"}}]}<\/script>\n<!-- \/ Yoast SEO plugin. -->","yoast_head_json":{"title":"Evrensel Aksesuarlar | Res-Q-Jack, Inc.","robots":{"index":"index","follow":"follow","max-snippet":"max-snippet:-1","max-image-preview":"max-image-preview:large","max-video-preview":"max-video-preview:-1"},"canonical":"https:\/\/res-q-jack.com\/tr\/aksesuarlar\/evrensel-aksesuarlar\/","og_locale":"tr_TR","og_type":"article","og_title":"Universal Accessories | Res-Q-Jack, Inc.","og_description":"Universal Accessories Learn more about our accessories Dar-HEAD Darlington Head The Darlington Head allows you to marry two struts together by linking the CRG Heads together. This allows for an easier set up to perform the Darlington Roll. Also can be used to set up a Bi Pod using two struts. Compatible with ALL Res-Q-Jack&hellip;","og_url":"https:\/\/res-q-jack.com\/tr\/aksesuarlar\/evrensel-aksesuarlar\/","og_site_name":"Res-Q-Jack, Inc.","article_modified_time":"2024-04-02T15:38:43+00:00","og_image":[{"url":"https:\/\/res-q-jack.com\/wp-content\/uploads\/2020\/02\/Darlington-Head.jpg","type":"","width":"","height":""}],"twitter_card":"summary_large_image","twitter_misc":{"Tahmini okuma s\u00fcresi":"1 dakika"},"schema":{"@context":"https:\/\/schema.org","@graph":[{"@type":"WebPage","@id":"https:\/\/res-q-jack.com\/accessories\/universal-accessories\/","url":"https:\/\/res-q-jack.com\/accessories\/universal-accessories\/","name":"Evrensel Aksesuarlar | Res-Q-Jack, Inc.","isPartOf":{"@id":"https:\/\/res-q-jack.com\/#website"},"primaryImageOfPage":{"@id":"https:\/\/res-q-jack.com\/accessories\/universal-accessories\/#primaryimage"},"image":{"@id":"https:\/\/res-q-jack.com\/accessories\/universal-accessories\/#primaryimage"},"thumbnailUrl":"https:\/\/res-q-jack.com\/wp-content\/uploads\/2020\/02\/Darlington-Head.jpg","datePublished":"2019-12-18T23:31:55+00:00","dateModified":"2024-04-02T15:38:43+00:00","breadcrumb":{"@id":"https:\/\/res-q-jack.com\/accessories\/universal-accessories\/#breadcrumb"},"inLanguage":"tr","potentialAction":[{"@type":"ReadAction","target":["https:\/\/res-q-jack.com\/accessories\/universal-accessories\/"]}]},{"@type":"ImageObject","inLanguage":"tr","@id":"https:\/\/res-q-jack.com\/accessories\/universal-accessories\/#primaryimage","url":"https:\/\/res-q-jack.com\/wp-content\/uploads\/2020\/02\/Darlington-Head.jpg","contentUrl":"https:\/\/res-q-jack.com\/wp-content\/uploads\/2020\/02\/Darlington-Head.jpg"},{"@type":"BreadcrumbList","@id":"https:\/\/res-q-jack.com\/accessories\/universal-accessories\/#breadcrumb","itemListElement":[{"@type":"ListItem","position":1,"name":"Home","item":"https:\/\/res-q-jack.com\/"},{"@type":"ListItem","position":2,"name":"Accessories","item":"https:\/\/res-q-jack.com\/accessories\/"},{"@type":"ListItem","position":3,"name":"Universal Accessories"}]},{"@type":"WebSite","@id":"https:\/\/res-q-jack.com\/#website","url":"https:\/\/res-q-jack.com\/","name":"Res-Q-Jack, Inc.","description":"Ara\u00e7 Stabilizasyon Destekleri","publisher":{"@id":"https:\/\/res-q-jack.com\/#organization"},"potentialAction":[{"@type":"SearchAction","target":{"@type":"EntryPoint","urlTemplate":"https:\/\/res-q-jack.com\/?s={search_term_string}"},"query-input":{"@type":"PropertyValueSpecification","valueRequired":true,"valueName":"search_term_string"}}],"inLanguage":"tr"},{"@type":"Organization","@id":"https:\/\/res-q-jack.com\/#organization","name":"Res-Q-Jack, Inc.","url":"https:\/\/res-q-jack.com\/","logo":{"@type":"ImageObject","inLanguage":"tr","@id":"https:\/\/res-q-jack.com\/#\/schema\/logo\/image\/","url":"https:\/\/res-q-jack.com\/wp-content\/uploads\/2020\/03\/Res-Q-Jack-SEO-Logo.png","contentUrl":"https:\/\/res-q-jack.com\/wp-content\/uploads\/2020\/03\/Res-Q-Jack-SEO-Logo.png","width":612,"height":138,"caption":"Res-Q-Jack, Inc."},"image":{"@id":"https:\/\/res-q-jack.com\/#\/schema\/logo\/image\/"}}]}},"_links":{"self":[{"href":"https:\/\/res-q-jack.com\/tr\/wp-json\/wp\/v2\/pages\/193","targetHints":{"allow":["GET"]}}],"collection":[{"href":"https:\/\/res-q-jack.com\/tr\/wp-json\/wp\/v2\/pages"}],"about":[{"href":"https:\/\/res-q-jack.com\/tr\/wp-json\/wp\/v2\/types\/page"}],"author":[{"embeddable":true,"href":"https:\/\/res-q-jack.com\/tr\/wp-json\/wp\/v2\/users\/2"}],"replies":[{"embeddable":true,"href":"https:\/\/res-q-jack.com\/tr\/wp-json\/wp\/v2\/comments?post=193"}],"version-history":[{"count":0,"href":"https:\/\/res-q-jack.com\/tr\/wp-json\/wp\/v2\/pages\/193\/revisions"}],"up":[{"embeddable":true,"href":"https:\/\/res-q-jack.com\/tr\/wp-json\/wp\/v2\/pages\/44"}],"wp:attachment":[{"href":"https:\/\/res-q-jack.com\/tr\/wp-json\/wp\/v2\/media?parent=193"}],"curies":[{"name":"wp","href":"https:\/\/api.w.org\/{rel}","templated":true}]}}