{"id":187,"date":"2019-12-18T16:18:26","date_gmt":"2019-12-18T21:18:26","guid":{"rendered":"https:\/\/resqjack.wpengine.com\/?page_id=187"},"modified":"2026-04-14T08:59:56","modified_gmt":"2026-04-14T13:59:56","slug":"arac-stabilizasyon-strutlari","status":"publish","type":"page","link":"https:\/\/res-q-jack.com\/tr\/struts\/vehicle-stabilization-struts\/","title":{"rendered":"Ara\u00e7 Stabilizasyon Destekleri"},"content":{"rendered":"<h3>Heavy, Standard &amp; Light-Duty<\/h3>\r\n<h1>Ara\u00e7 Stabilizasyon Destekleri<\/h1>\r\n<p>Desteklerimiz, her t\u00fcrl\u00fc kurtarma senaryosu i\u00e7in h\u0131zl\u0131 ve g\u00fcvenilir bir destek sa\u011flamak \u00fczere ABD'de tasarlanm\u0131\u015f, el yap\u0131m\u0131 olarak \u00fcretilmi\u015f ve titizlikle test edilmi\u015ftir.<\/p>\r\n<p><img decoding=\"async\" title=\"\u00e7imento kamyonu-simgesi\" data-src=\"https:\/\/res-q-jack.com\/wp-content\/uploads\/2020\/06\/cement-truck-icon.png\" alt=\"A\u011f\u0131r Hizmet Ara\u00e7lar\u0131 Stabilizasyon ve Kurtarma Destekleri\" src=\"data:image\/svg+xml;base64,PHN2ZyB3aWR0aD0iMSIgaGVpZ2h0PSIxIiB4bWxucz0iaHR0cDovL3d3dy53My5vcmcvMjAwMC9zdmciPjwvc3ZnPg==\" class=\"lazyload\" style=\"--smush-placeholder-width: 115px; --smush-placeholder-aspect-ratio: 115\/115;\" \/><\/p>\r\n<h3>A\u011f\u0131r Hizmet<\/h3>\r\n<h2>Ara\u00e7 Stabilizasyon Destekleri<\/h2>\r\n<p>A\u011f\u0131r hizmet tipi desteklerimiz, b\u00fcy\u00fck ara\u00e7lar, yap\u0131sal iksa ve teknik kurtarma ile kullan\u0131m i\u00e7in 10.000 lbs ila 20.000 (2:1) nominal \u00e7al\u0131\u015fma y\u00fck\u00fcne sahiptir.<\/p>\r\n<p><img decoding=\"async\" title=\"Super X-Strut Serisi A\u011f\u0131r Hizmet Tipi Ara\u00e7 Stabilizasyon Dikmesi\" data-src=\"https:\/\/res-q-jack.com\/wp-content\/uploads\/2019\/12\/Super-X-Strut-Series-Heavy-Duty-Vehicle-Stabilization-Strut-100x300.png\" alt=\"Super X-Strut Serisi A\u011f\u0131r Hizmet Tipi Ara\u00e7 Stabilizasyon Dikmesi\" src=\"data:image\/svg+xml;base64,PHN2ZyB3aWR0aD0iMSIgaGVpZ2h0PSIxIiB4bWxucz0iaHR0cDovL3d3dy53My5vcmcvMjAwMC9zdmciPjwvc3ZnPg==\" class=\"lazyload\" style=\"--smush-placeholder-width: 100px; --smush-placeholder-aspect-ratio: 100\/300;\" \/><\/p>\r\n<h5><img decoding=\"async\" data-src=\"https:\/\/res-q-jack.com\/wp-content\/uploads\/2020\/05\/Pin-Free-Stabilization-Struts-95x18-1.png\" src=\"data:image\/svg+xml;base64,PHN2ZyB3aWR0aD0iMSIgaGVpZ2h0PSIxIiB4bWxucz0iaHR0cDovL3d3dy53My5vcmcvMjAwMC9zdmciPjwvc3ZnPg==\" class=\"lazyload\" style=\"--smush-placeholder-width: 95px; --smush-placeholder-aspect-ratio: 95\/18;\" \/><\/h5>\r\n<h3>S\u00fcper X-Strut Serisi<\/h3>\r\n<p>Super X, a\u011f\u0131r ara\u00e7 kurtarma, yap\u0131sal iksa ve teknik kurtarma i\u00e7in tasarlanm\u0131\u015f en a\u011f\u0131r hizmet tipi dikme serimizdir.\u00a0<\/p>\r\n<p><strong>\u00c7al\u0131\u015fma Y\u00fck\u00fc Limiti: 19.300 lbs. (2:1 G\u00fcvenlik Fakt\u00f6r\u00fc)<\/strong><\/p>\r\n<p><a role=\"button\" href=\"https:\/\/res-q-jack.com\/tr\/payandalar\/arac-stabilizasyon-strutlari\/agir-gorev-arac-stabilizasyon-strutlari\/super-x-strut\/\" target=\"_self\" rel=\"noopener noreferrer\"> Detaylar\u0131 G\u00f6r\u00fcnt\u00fcle <\/a> <img decoding=\"async\" title=\"Apex X-Struct Serisi A\u011f\u0131r Hizmet Tipi Pimsiz Ara\u00e7 Stabilizasyon Dikmesi\" data-src=\"https:\/\/res-q-jack.com\/wp-content\/uploads\/2020\/04\/Apex-X-Struct-Series-Heavy-Duty-Pin-Free-Vehicle-Stabilization-Strut-100x300.jpg\" alt=\"Apex X-Struct Serisi A\u011f\u0131r Hizmet Tipi Pimsiz Ara\u00e7 Stabilizasyon Dikmesi\" src=\"data:image\/svg+xml;base64,PHN2ZyB3aWR0aD0iMSIgaGVpZ2h0PSIxIiB4bWxucz0iaHR0cDovL3d3dy53My5vcmcvMjAwMC9zdmciPjwvc3ZnPg==\" class=\"lazyload\" style=\"--smush-placeholder-width: 100px; --smush-placeholder-aspect-ratio: 100\/300;\" \/><\/p>\r\n<h5><img decoding=\"async\" data-src=\"https:\/\/res-q-jack.com\/wp-content\/uploads\/2020\/05\/Pin-Free-Stabilization-Struts-95x18-1.png\" src=\"data:image\/svg+xml;base64,PHN2ZyB3aWR0aD0iMSIgaGVpZ2h0PSIxIiB4bWxucz0iaHR0cDovL3d3dy53My5vcmcvMjAwMC9zdmciPjwvc3ZnPg==\" class=\"lazyload\" style=\"--smush-placeholder-width: 95px; --smush-placeholder-aspect-ratio: 95\/18;\" \/><\/h5>\r\n<h3>Apex X-Strut Serisi<\/h3>\r\n<p>Apex, \u00e7o\u011fu ara\u00e7 kurtarma senaryosu i\u00e7in tasarlanm\u0131\u015f en yeni a\u011f\u0131r hizmet tipi pimsiz dikme serimizdir.\u00a0\u00a0<\/p>\r\n<p><strong>\u00c7al\u0131\u015fma Y\u00fck\u00fc Limiti: 12.500 lbs'ye kadar (2:1 G\u00fcvenlik Fakt\u00f6r\u00fc)<\/strong><\/p>\r\n<p><a role=\"button\" href=\"https:\/\/res-q-jack.com\/tr\/payandalar\/arac-stabilizasyon-strutlari\/agir-gorev-arac-stabilizasyon-strutlari\/apex-x-strut\/\" target=\"_self\" rel=\"noopener noreferrer\"> Detaylar\u0131 G\u00f6r\u00fcnt\u00fcle <\/a> <img decoding=\"async\" title=\"Al\u00fcminyum X-Strut Serisi A\u011f\u0131r Hizmet Tipi Pimli Ara\u00e7 Stabilizasyon Dikmesi\" data-src=\"https:\/\/res-q-jack.com\/wp-content\/uploads\/2019\/12\/Aluminum-X-Strut-Series-Heavy-Duty-Pinned-Vehicle-Stabilization-Strut-100x300.png\" alt=\"Al\u00fcminyum X-Strut Serisi A\u011f\u0131r Hizmet Tipi Pimli Ara\u00e7 Stabilizasyon Dikmesi\" src=\"data:image\/svg+xml;base64,PHN2ZyB3aWR0aD0iMSIgaGVpZ2h0PSIxIiB4bWxucz0iaHR0cDovL3d3dy53My5vcmcvMjAwMC9zdmciPjwvc3ZnPg==\" class=\"lazyload\" style=\"--smush-placeholder-width: 100px; --smush-placeholder-aspect-ratio: 100\/300;\" \/><\/p>\r\n<h3>Aluminum X-Strut Series<\/h3>\r\n<p>Al\u00fcminyum X-Strut, di\u011fer \u00e7e\u015fitli uygulamalar\u0131n yan\u0131 s\u0131ra a\u011f\u0131r ara\u00e7 kurtarma i\u00e7in tasarlanm\u0131\u015f en a\u011f\u0131r hizmet tipi pimli dikme serimizdir.<\/p>\r\n<p><strong>\u00c7al\u0131\u015fma Y\u00fck\u00fc Limiti: 10.000 lbs. (2:1 G\u00fcvenlik Fakt\u00f6r\u00fc)<\/strong><\/p>\r\n<p><a role=\"button\" href=\"https:\/\/res-q-jack.com\/tr\/payandalar\/arac-stabilizasyon-strutlari\/agir-gorev-arac-stabilizasyon-strutlari\/aluminyum-x-strut\/\" target=\"_self\" rel=\"noopener noreferrer\"> Detaylar\u0131 G\u00f6r\u00fcnt\u00fcle <\/a> <img decoding=\"async\" title=\"pikap-ikonu\" data-src=\"https:\/\/res-q-jack.com\/wp-content\/uploads\/2020\/06\/pickup-icon.png\" alt=\"Standart Hizmet Ara\u00e7lar\u0131 Stabilizasyon ve Kurtarma Destekleri\" src=\"data:image\/svg+xml;base64,PHN2ZyB3aWR0aD0iMSIgaGVpZ2h0PSIxIiB4bWxucz0iaHR0cDovL3d3dy53My5vcmcvMjAwMC9zdmciPjwvc3ZnPg==\" class=\"lazyload\" style=\"--smush-placeholder-width: 115px; --smush-placeholder-aspect-ratio: 115\/115;\" \/><\/p>\r\n<h3>Standart G\u00f6rev<\/h3>\r\n<h2>Ara\u00e7 Stabilizasyon Destekleri<\/h2>\r\n<p>Standart hizmet tipi payandalar\u0131m\u0131z, hafif kamyonlar, SUV'lar ve tipik ara\u00e7larla kullan\u0131m i\u00e7in 4.000 lbs (2:1) nominal \u00e7al\u0131\u015fma y\u00fck\u00fcne sahiptir.<\/p>\r\n<p><img decoding=\"async\" title=\"\u00c7elik X-Strut Serisi Standart Hizmet Ara\u00e7 Stabilizasyon Dikmesi\" data-src=\"https:\/\/res-q-jack.com\/wp-content\/uploads\/2019\/12\/Steel-X-Strut-Series-Standard-Duty-Vehicle-Stabilization-Strut.jpg\" alt=\"\u00c7elik X-Strut Serisi Standart Hizmet Ara\u00e7 Stabilizasyon Dikmesi\" src=\"data:image\/svg+xml;base64,PHN2ZyB3aWR0aD0iMSIgaGVpZ2h0PSIxIiB4bWxucz0iaHR0cDovL3d3dy53My5vcmcvMjAwMC9zdmciPjwvc3ZnPg==\" class=\"lazyload\" style=\"--smush-placeholder-width: 220px; --smush-placeholder-aspect-ratio: 220\/660;\" \/><\/p>\r\n<h3>Steel X-Strut Series Struts<\/h3>\r\n<p>\u00c7elik X-Strut serisi, tipik ara\u00e7 kurtarma i\u00e7in tasarlanm\u0131\u015f orijinal X-Strut serimizdir.<\/p>\r\n<p><strong>\u00c7al\u0131\u015fma Y\u00fck\u00fc Limiti: 4.000 lbs. (2:1 G\u00fcvenlik Fakt\u00f6r\u00fc)<\/strong><\/p>\r\n<p><a role=\"button\" href=\"https:\/\/res-q-jack.com\/tr\/payandalar\/arac-stabilizasyon-strutlari\/standart-gorev-arac-stabilizasyon-destekleri\/celik-x-strut\/\" target=\"_self\" rel=\"noopener noreferrer\"> Detaylar\u0131 G\u00f6r\u00fcnt\u00fcle <\/a> <img decoding=\"async\" title=\"RJ3 Serisi Standart Hizmet Tipi Ara\u00e7 Stabilizasyon Dikmesi\" data-src=\"https:\/\/res-q-jack.com\/wp-content\/uploads\/2019\/12\/RJ3-Series-Standard-Duty-Vehicle-Stabilization-Strut-100x300.jpg\" alt=\"RJ3 Serisi Standart Hizmet Tipi Ara\u00e7 Stabilizasyon Dikmesi\" src=\"data:image\/svg+xml;base64,PHN2ZyB3aWR0aD0iMSIgaGVpZ2h0PSIxIiB4bWxucz0iaHR0cDovL3d3dy53My5vcmcvMjAwMC9zdmciPjwvc3ZnPg==\" class=\"lazyload\" style=\"--smush-placeholder-width: 100px; --smush-placeholder-aspect-ratio: 100\/300;\" \/><\/p>\r\n<h3>RJ3 Serisi Dikmeler<\/h3>\r\n<p>RJ3 Serisi, tipik ara\u00e7 kurtarma i\u00e7in tasarlanm\u0131\u015f orijinal \u00e7elik stabilizasyon destekleri serisidir.<\/p>\r\n<p><strong>\u00c7al\u0131\u015fma Y\u00fck\u00fc Limiti: 4.000 lbs. (2:1 G\u00fcvenlik Fakt\u00f6r\u00fc)<\/strong><\/p>\r\n<p><a role=\"button\" href=\"https:\/\/res-q-jack.com\/tr\/payandalar\/arac-stabilizasyon-strutlari\/standart-gorev-arac-stabilizasyon-destekleri\/rj3-jkst-jackstand\/\" target=\"_self\" rel=\"noopener noreferrer\"> Detaylar\u0131 G\u00f6r\u00fcnt\u00fcle <\/a> <img decoding=\"async\" title=\"araba-ikonu\" data-src=\"https:\/\/res-q-jack.com\/wp-content\/uploads\/2020\/06\/car-icon.png\" alt=\"Hafif Hizmet Ara\u00e7lar\u0131 Stabilizasyon ve Kurtarma Destekleri\" src=\"data:image\/svg+xml;base64,PHN2ZyB3aWR0aD0iMSIgaGVpZ2h0PSIxIiB4bWxucz0iaHR0cDovL3d3dy53My5vcmcvMjAwMC9zdmciPjwvc3ZnPg==\" class=\"lazyload\" style=\"--smush-placeholder-width: 115px; --smush-placeholder-aspect-ratio: 115\/115;\" \/><\/p>\r\n<h3>Hafif Hizmet<\/h3>\r\n<h2>Ara\u00e7 Stabilizasyon Destekleri<\/h2>\r\n<p>Takviyelerimiz, kompakt otomobiller ve daha hafif ara\u00e7larla kullan\u0131m i\u00e7in 4.000 lbs'nin alt\u0131nda (2:1) \u00e7al\u0131\u015fma y\u00fck\u00fcne sahiptir.<\/p>\r\n<p><img decoding=\"async\" title=\"Auto X-Strut Serisi Hafif Hizmet Ara\u00e7 Stabilizasyon Dikmesi\" data-src=\"https:\/\/res-q-jack.com\/wp-content\/uploads\/2019\/12\/Auto-X-Strut-Series-Light-Duty-Vehicle-Stabilization-Strut-100x300.jpg\" alt=\"Auto X-Strut Serisi Hafif Hizmet Ara\u00e7 Stabilizasyon Dikmesi\" src=\"data:image\/svg+xml;base64,PHN2ZyB3aWR0aD0iMSIgaGVpZ2h0PSIxIiB4bWxucz0iaHR0cDovL3d3dy53My5vcmcvMjAwMC9zdmciPjwvc3ZnPg==\" class=\"lazyload\" style=\"--smush-placeholder-width: 100px; --smush-placeholder-aspect-ratio: 100\/300;\" \/><\/p>\r\n<h5><img decoding=\"async\" data-src=\"https:\/\/res-q-jack.com\/wp-content\/uploads\/2020\/05\/Pin-Free-Stabilization-Struts-95x18-1.png\" src=\"data:image\/svg+xml;base64,PHN2ZyB3aWR0aD0iMSIgaGVpZ2h0PSIxIiB4bWxucz0iaHR0cDovL3d3dy53My5vcmcvMjAwMC9zdmciPjwvc3ZnPg==\" class=\"lazyload\" style=\"--smush-placeholder-width: 95px; --smush-placeholder-aspect-ratio: 95\/18;\" \/><\/h5>\r\n<h3>Otomatik X-Strut Serisi<\/h3>\r\n<p>Auto X, tipik k\u00fc\u00e7\u00fck ara\u00e7lar\u0131n y\u0131ld\u0131r\u0131m h\u0131z\u0131nda stabilizasyonu ve kald\u0131r\u0131lmas\u0131 i\u00e7in hafif hizmet tipi pimsiz payandam\u0131zd\u0131r.<\/p>\r\n<p><strong>\u00c7al\u0131\u015fma Y\u00fck\u00fc Limiti: 3.250 lbs. (2:1 G\u00fcvenlik Fakt\u00f6r\u00fc)<\/strong><\/p>\r\n<p><a role=\"button\" href=\"https:\/\/res-q-jack.com\/tr\/payandalar\/arac-stabilizasyon-strutlari\/hafif-gorev-arac-stabilizasyon-strutlari\/auto-x-strut\/\" target=\"_self\" rel=\"noopener noreferrer\"> Detaylar\u0131 G\u00f6r\u00fcnt\u00fcle <\/a> <img decoding=\"async\" title=\"GreenLite X-Strut Serisi Hafif Hizmet Ara\u00e7 Stabilizasyon Dikmesi\" data-src=\"https:\/\/res-q-jack.com\/wp-content\/uploads\/2019\/12\/GreenLite-X-Strut-Series-Light-Duty-Vehicle-Stabilization-Strut-100x300.jpg\" alt=\"GreenLite X-Strut Serisi Hafif Hizmet Ara\u00e7 Stabilizasyon Dikmesi\" src=\"data:image\/svg+xml;base64,PHN2ZyB3aWR0aD0iMSIgaGVpZ2h0PSIxIiB4bWxucz0iaHR0cDovL3d3dy53My5vcmcvMjAwMC9zdmciPjwvc3ZnPg==\" class=\"lazyload\" style=\"--smush-placeholder-width: 100px; --smush-placeholder-aspect-ratio: 100\/300;\" \/><\/p>\r\n<h3>GreenLite\u2122 X-Strut Series<\/h3>\r\n<p>GreenLite serisi, gerekti\u011finde kald\u0131rma kabiliyeti ile h\u0131zl\u0131 stabilizasyon i\u00e7in tasarlanm\u0131\u015f en uygun fiyatl\u0131 X-Strut serimizdir.<\/p>\r\n<p><strong>\u00c7al\u0131\u015fma Y\u00fck\u00fc Limiti: 2.500 lbs. (2:1 G\u00fcvenlik Fakt\u00f6r\u00fc)<\/strong><\/p>\r\n<p><a role=\"button\" href=\"https:\/\/res-q-jack.com\/tr\/payandalar\/arac-stabilizasyon-strutlari\/hafif-gorev-arac-stabilizasyon-strutlari\/greenlite-x-strut\/\" target=\"_self\" rel=\"noopener noreferrer\"> Detaylar\u0131 G\u00f6r\u00fcnt\u00fcle <\/a><\/p>\r\n<h4>Sorular\u0131n\u0131z m\u0131 var? Bizi aray\u0131n 1-800-466-9626<\/h4>","protected":false},"excerpt":{"rendered":"<p>Heavy, Standard &amp; Light-Duty Vehicle Stabilization Struts Our struts are designed, hand-made and rigorously tested in the USA, to give you a fast-deploying and reliable strut for any rescue scenario. Heavy-Duty Vehicle Stabilization Struts Our heavy-duty struts have rated working loads of 10,000 lbs. to 20,000 (2:1) for use with large vehicles, structural shoring &amp;&hellip;<\/p>","protected":false},"author":2,"featured_media":0,"parent":42,"menu_order":0,"comment_status":"closed","ping_status":"closed","template":"","meta":{"footnotes":""},"class_list":["post-187","page","type-page","status-publish","hentry"],"yoast_head":"<!-- This site is optimized with the Yoast SEO plugin v27.2 - https:\/\/yoast.com\/product\/yoast-seo-wordpress\/ -->\n<title>Vehicle Stabilization Struts | Res-Q-Jack, Inc.<\/title>\n<meta name=\"description\" content=\"Vehicle stabilization struts by Res-Q-Jack\u2014built for swift, secure support in emergency rescues. Enhance your team\u2019s efficiency today.\" \/>\n<meta name=\"robots\" content=\"index, follow, max-snippet:-1, max-image-preview:large, max-video-preview:-1\" \/>\n<link rel=\"canonical\" href=\"https:\/\/res-q-jack.com\/tr\/payandalar\/arac-stabilizasyon-strutlari\/\" \/>\n<meta property=\"og:locale\" content=\"tr_TR\" \/>\n<meta property=\"og:type\" content=\"article\" \/>\n<meta property=\"og:title\" content=\"Vehicle Stabilization Struts | Res-Q-Jack, Inc.\" \/>\n<meta property=\"og:description\" content=\"Vehicle stabilization struts by Res-Q-Jack\u2014built for swift, secure support in emergency rescues. Enhance your team\u2019s efficiency today.\" \/>\n<meta property=\"og:url\" content=\"https:\/\/res-q-jack.com\/tr\/payandalar\/arac-stabilizasyon-strutlari\/\" \/>\n<meta property=\"og:site_name\" content=\"Res-Q-Jack, Inc.\" \/>\n<meta property=\"article:modified_time\" content=\"2026-04-14T13:59:56+00:00\" \/>\n<meta property=\"og:image\" content=\"https:\/\/res-q-jack.com\/wp-content\/uploads\/2020\/06\/cement-truck-icon.png\" \/>\n<meta name=\"twitter:card\" content=\"summary_large_image\" \/>\n<meta name=\"twitter:label1\" content=\"Tahmini okuma s\u00fcresi\" \/>\n\t<meta name=\"twitter:data1\" content=\"5 dakika\" \/>\n<script type=\"application\/ld+json\" class=\"yoast-schema-graph\">{\"@context\":\"https:\/\/schema.org\",\"@graph\":[{\"@type\":\"WebPage\",\"@id\":\"https:\/\/res-q-jack.com\/struts\/vehicle-stabilization-struts\/\",\"url\":\"https:\/\/res-q-jack.com\/struts\/vehicle-stabilization-struts\/\",\"name\":\"Vehicle Stabilization Struts | Res-Q-Jack, Inc.\",\"isPartOf\":{\"@id\":\"https:\/\/res-q-jack.com\/#website\"},\"primaryImageOfPage\":{\"@id\":\"https:\/\/res-q-jack.com\/struts\/vehicle-stabilization-struts\/#primaryimage\"},\"image\":{\"@id\":\"https:\/\/res-q-jack.com\/struts\/vehicle-stabilization-struts\/#primaryimage\"},\"thumbnailUrl\":\"https:\/\/res-q-jack.com\/wp-content\/uploads\/2020\/06\/cement-truck-icon.png\",\"datePublished\":\"2019-12-18T21:18:26+00:00\",\"dateModified\":\"2026-04-14T13:59:56+00:00\",\"description\":\"Vehicle stabilization struts by Res-Q-Jack\u2014built for swift, secure support in emergency rescues. Enhance your team\u2019s efficiency today.\",\"breadcrumb\":{\"@id\":\"https:\/\/res-q-jack.com\/struts\/vehicle-stabilization-struts\/#breadcrumb\"},\"inLanguage\":\"tr\",\"potentialAction\":[{\"@type\":\"ReadAction\",\"target\":[\"https:\/\/res-q-jack.com\/struts\/vehicle-stabilization-struts\/\"]}]},{\"@type\":\"ImageObject\",\"inLanguage\":\"tr\",\"@id\":\"https:\/\/res-q-jack.com\/struts\/vehicle-stabilization-struts\/#primaryimage\",\"url\":\"https:\/\/res-q-jack.com\/wp-content\/uploads\/2020\/06\/cement-truck-icon.png\",\"contentUrl\":\"https:\/\/res-q-jack.com\/wp-content\/uploads\/2020\/06\/cement-truck-icon.png\"},{\"@type\":\"BreadcrumbList\",\"@id\":\"https:\/\/res-q-jack.com\/struts\/vehicle-stabilization-struts\/#breadcrumb\",\"itemListElement\":[{\"@type\":\"ListItem\",\"position\":1,\"name\":\"Home\",\"item\":\"https:\/\/res-q-jack.com\/\"},{\"@type\":\"ListItem\",\"position\":2,\"name\":\"Rescue Struts\",\"item\":\"https:\/\/res-q-jack.com\/struts\/\"},{\"@type\":\"ListItem\",\"position\":3,\"name\":\"Vehicle Stabilization Struts\"}]},{\"@type\":\"WebSite\",\"@id\":\"https:\/\/res-q-jack.com\/#website\",\"url\":\"https:\/\/res-q-jack.com\/\",\"name\":\"Res-Q-Jack, Inc.\",\"description\":\"Vehicle Stabilization Struts\",\"publisher\":{\"@id\":\"https:\/\/res-q-jack.com\/#organization\"},\"potentialAction\":[{\"@type\":\"SearchAction\",\"target\":{\"@type\":\"EntryPoint\",\"urlTemplate\":\"https:\/\/res-q-jack.com\/?s={search_term_string}\"},\"query-input\":{\"@type\":\"PropertyValueSpecification\",\"valueRequired\":true,\"valueName\":\"search_term_string\"}}],\"inLanguage\":\"tr\"},{\"@type\":\"Organization\",\"@id\":\"https:\/\/res-q-jack.com\/#organization\",\"name\":\"Res-Q-Jack, Inc.\",\"url\":\"https:\/\/res-q-jack.com\/\",\"logo\":{\"@type\":\"ImageObject\",\"inLanguage\":\"tr\",\"@id\":\"https:\/\/res-q-jack.com\/#\/schema\/logo\/image\/\",\"url\":\"https:\/\/res-q-jack.com\/wp-content\/uploads\/2020\/03\/Res-Q-Jack-SEO-Logo.png\",\"contentUrl\":\"https:\/\/res-q-jack.com\/wp-content\/uploads\/2020\/03\/Res-Q-Jack-SEO-Logo.png\",\"width\":612,\"height\":138,\"caption\":\"Res-Q-Jack, Inc.\"},\"image\":{\"@id\":\"https:\/\/res-q-jack.com\/#\/schema\/logo\/image\/\"}}]}<\/script>\n<!-- \/ Yoast SEO plugin. -->","yoast_head_json":{"title":"Ara\u00e7 Stabilizasyon Destekleri | Res-Q-Jack, Inc.","description":"Res-Q-Jack'in ara\u00e7 stabilizasyon destekleri, acil durum kurtarmalar\u0131nda h\u0131zl\u0131 ve g\u00fcvenli destek i\u00e7in \u00fcretilmi\u015ftir. Ekibinizin verimlili\u011fini bug\u00fcn art\u0131r\u0131n.","robots":{"index":"index","follow":"follow","max-snippet":"max-snippet:-1","max-image-preview":"max-image-preview:large","max-video-preview":"max-video-preview:-1"},"canonical":"https:\/\/res-q-jack.com\/tr\/payandalar\/arac-stabilizasyon-strutlari\/","og_locale":"tr_TR","og_type":"article","og_title":"Vehicle Stabilization Struts | Res-Q-Jack, Inc.","og_description":"Vehicle stabilization struts by Res-Q-Jack\u2014built for swift, secure support in emergency rescues. Enhance your team\u2019s efficiency today.","og_url":"https:\/\/res-q-jack.com\/tr\/payandalar\/arac-stabilizasyon-strutlari\/","og_site_name":"Res-Q-Jack, Inc.","article_modified_time":"2026-04-14T13:59:56+00:00","og_image":[{"url":"https:\/\/res-q-jack.com\/wp-content\/uploads\/2020\/06\/cement-truck-icon.png","type":"","width":"","height":""}],"twitter_card":"summary_large_image","twitter_misc":{"Tahmini okuma s\u00fcresi":"5 dakika"},"schema":{"@context":"https:\/\/schema.org","@graph":[{"@type":"WebPage","@id":"https:\/\/res-q-jack.com\/struts\/vehicle-stabilization-struts\/","url":"https:\/\/res-q-jack.com\/struts\/vehicle-stabilization-struts\/","name":"Ara\u00e7 Stabilizasyon Destekleri | Res-Q-Jack, Inc.","isPartOf":{"@id":"https:\/\/res-q-jack.com\/#website"},"primaryImageOfPage":{"@id":"https:\/\/res-q-jack.com\/struts\/vehicle-stabilization-struts\/#primaryimage"},"image":{"@id":"https:\/\/res-q-jack.com\/struts\/vehicle-stabilization-struts\/#primaryimage"},"thumbnailUrl":"https:\/\/res-q-jack.com\/wp-content\/uploads\/2020\/06\/cement-truck-icon.png","datePublished":"2019-12-18T21:18:26+00:00","dateModified":"2026-04-14T13:59:56+00:00","description":"Res-Q-Jack'in ara\u00e7 stabilizasyon destekleri, acil durum kurtarmalar\u0131nda h\u0131zl\u0131 ve g\u00fcvenli destek i\u00e7in \u00fcretilmi\u015ftir. Ekibinizin verimlili\u011fini bug\u00fcn art\u0131r\u0131n.","breadcrumb":{"@id":"https:\/\/res-q-jack.com\/struts\/vehicle-stabilization-struts\/#breadcrumb"},"inLanguage":"tr","potentialAction":[{"@type":"ReadAction","target":["https:\/\/res-q-jack.com\/struts\/vehicle-stabilization-struts\/"]}]},{"@type":"ImageObject","inLanguage":"tr","@id":"https:\/\/res-q-jack.com\/struts\/vehicle-stabilization-struts\/#primaryimage","url":"https:\/\/res-q-jack.com\/wp-content\/uploads\/2020\/06\/cement-truck-icon.png","contentUrl":"https:\/\/res-q-jack.com\/wp-content\/uploads\/2020\/06\/cement-truck-icon.png"},{"@type":"BreadcrumbList","@id":"https:\/\/res-q-jack.com\/struts\/vehicle-stabilization-struts\/#breadcrumb","itemListElement":[{"@type":"ListItem","position":1,"name":"Home","item":"https:\/\/res-q-jack.com\/"},{"@type":"ListItem","position":2,"name":"Rescue Struts","item":"https:\/\/res-q-jack.com\/struts\/"},{"@type":"ListItem","position":3,"name":"Vehicle Stabilization Struts"}]},{"@type":"WebSite","@id":"https:\/\/res-q-jack.com\/#website","url":"https:\/\/res-q-jack.com\/","name":"Res-Q-Jack, Inc.","description":"Ara\u00e7 Stabilizasyon Destekleri","publisher":{"@id":"https:\/\/res-q-jack.com\/#organization"},"potentialAction":[{"@type":"SearchAction","target":{"@type":"EntryPoint","urlTemplate":"https:\/\/res-q-jack.com\/?s={search_term_string}"},"query-input":{"@type":"PropertyValueSpecification","valueRequired":true,"valueName":"search_term_string"}}],"inLanguage":"tr"},{"@type":"Organization","@id":"https:\/\/res-q-jack.com\/#organization","name":"Res-Q-Jack, Inc.","url":"https:\/\/res-q-jack.com\/","logo":{"@type":"ImageObject","inLanguage":"tr","@id":"https:\/\/res-q-jack.com\/#\/schema\/logo\/image\/","url":"https:\/\/res-q-jack.com\/wp-content\/uploads\/2020\/03\/Res-Q-Jack-SEO-Logo.png","contentUrl":"https:\/\/res-q-jack.com\/wp-content\/uploads\/2020\/03\/Res-Q-Jack-SEO-Logo.png","width":612,"height":138,"caption":"Res-Q-Jack, Inc."},"image":{"@id":"https:\/\/res-q-jack.com\/#\/schema\/logo\/image\/"}}]}},"_links":{"self":[{"href":"https:\/\/res-q-jack.com\/tr\/wp-json\/wp\/v2\/pages\/187","targetHints":{"allow":["GET"]}}],"collection":[{"href":"https:\/\/res-q-jack.com\/tr\/wp-json\/wp\/v2\/pages"}],"about":[{"href":"https:\/\/res-q-jack.com\/tr\/wp-json\/wp\/v2\/types\/page"}],"author":[{"embeddable":true,"href":"https:\/\/res-q-jack.com\/tr\/wp-json\/wp\/v2\/users\/2"}],"replies":[{"embeddable":true,"href":"https:\/\/res-q-jack.com\/tr\/wp-json\/wp\/v2\/comments?post=187"}],"version-history":[{"count":1,"href":"https:\/\/res-q-jack.com\/tr\/wp-json\/wp\/v2\/pages\/187\/revisions"}],"predecessor-version":[{"id":2226,"href":"https:\/\/res-q-jack.com\/tr\/wp-json\/wp\/v2\/pages\/187\/revisions\/2226"}],"up":[{"embeddable":true,"href":"https:\/\/res-q-jack.com\/tr\/wp-json\/wp\/v2\/pages\/42"}],"wp:attachment":[{"href":"https:\/\/res-q-jack.com\/tr\/wp-json\/wp\/v2\/media?parent=187"}],"curies":[{"name":"wp","href":"https:\/\/api.w.org\/{rel}","templated":true}]}}