{"id":184,"date":"2019-12-18T16:16:33","date_gmt":"2019-12-18T21:16:33","guid":{"rendered":"https:\/\/resqjack.wpengine.com\/?page_id=184"},"modified":"2024-10-29T10:50:30","modified_gmt":"2024-10-29T15:50:30","slug":"hendek-koruyucu-strutlar","status":"publish","type":"page","link":"https:\/\/res-q-jack.com\/tr\/struts\/trench-shoring-struts\/","title":{"rendered":"Hendek \u0130ksa Destekleri"},"content":{"rendered":"<img decoding=\"async\" data-src=\"https:\/\/res-q-jack.com\/wp-content\/uploads\/2020\/01\/Trench-Shoring-Rescue-Jacks.png\" alt=\"SPX Serisi Hendek \u0130ksa Kurtarma Krikolar\u0131\" title=\"Hendek \u0130ksa Kurtarma Krikolar\u0131\" itemprop=\"image\" src=\"data:image\/svg+xml;base64,PHN2ZyB3aWR0aD0iMSIgaGVpZ2h0PSIxIiB4bWxucz0iaHR0cDovL3d3dy53My5vcmcvMjAwMC9zdmciPjwvc3ZnPg==\" class=\"lazyload\" style=\"--smush-placeholder-width: 400px; --smush-placeholder-aspect-ratio: 400\/81;\" \/>\n\t\t<h1>Hendek \u0130ksa Destekleri<\/h1>\t\t\t\n\t\t\t\t<p>Hendek iksa payandalar\u0131m\u0131z\u0131n nominal \u00e7al\u0131\u015fma y\u00fckleri 10.400 - 38.400 lbs. ve a\u00e7\u0131kl\u0131k uzunluklar\u0131 26\u2033 ila 112\u2033 aras\u0131ndad\u0131r.<\/p>\n\t\t\t\t<img decoding=\"async\" data-src=\"https:\/\/res-q-jack.com\/wp-content\/uploads\/2020\/01\/Trench-Shoring-Struts.jpg\" alt=\"Hendek \u0130ksa Destekleri\" title=\"Hendek \u0130ksa Destekleri\" itemprop=\"image\" src=\"data:image\/svg+xml;base64,PHN2ZyB3aWR0aD0iMSIgaGVpZ2h0PSIxIiB4bWxucz0iaHR0cDovL3d3dy53My5vcmcvMjAwMC9zdmciPjwvc3ZnPg==\" class=\"lazyload\" style=\"--smush-placeholder-width: 220px; --smush-placeholder-aspect-ratio: 220\/408;\" \/>\n\t\t\t<h2>Pn\u00f6matik Hendek \u0130ksa Destekleri<\/h2>\t\t\t\n\t\t\t\t<p>Yeni Super X Hendek \u0130ksa Sistemi her t\u00fcrl\u00fc hendek kurtarma senaryosunda \u00fcst\u00fcnl\u00fck sa\u011flar.  Y\u00fcksek kaliteli al\u00fcminyumdan i\u015flenen ve Super X-Strut serimizle ayn\u0131 i\u015flevselli\u011fe sahip olan Hendek \u0130ksa Sistemi t\u00fcm ihtiya\u00e7lar\u0131n\u0131z\u0131 kar\u015f\u0131layacakt\u0131r.  Bu destekler \u00e7e\u015fitli durumlara uyum sa\u011flamak i\u00e7in \u00fc\u00e7 farkl\u0131 boyutta mevcuttur ve her biri Super X-Strut bile\u015fenlerimizin yan\u0131 s\u0131ra rakip bile\u015fenlerle de uyumludur.<\/p>\n\t<ul>\n\t\t<li>\t\t\t\t\n\t\t<h4>\u0130ndirmeler<\/h4><\/li>\t<\/ul>\n\t<ul>\n\t\t<li><a href=\"https:\/\/res-q-jack.com\/wp-content\/uploads\/documents\/RQJ-Tech-Data-Sheet-SPX-Trench-Shore.pdf\" target=\"_blank\" rel=\"noopener\" aria-label=\"Go to https:\/\/res-q-jack.com\/wp-content\/uploads\/documents\/RQJ-Tech-Data-Sheet-SPX-Trench-Shore.pdf\">\t\t\t\t\n\t\tTeknik Veri Sayfas\u0131 (801KB)<\/a><\/li><li><a href=\"https:\/\/res-q-jack.com\/tr\/istek-alinti-2\/\" target=\"_blank\" rel=\"noopener\" aria-label=\"Go to https:\/\/res-q-jack.com\/request-a-catalog\/\">\t\t\t\t\n\t\t\u00dcr\u00fcn Katalo\u011fu (8MB)<\/a><\/li>\t<\/ul>\n\t<ul>\n\t\t<li>\t\t\t\t\n\t\t<h4>Teknik \u00d6zellikler<\/h4><\/li>\t<\/ul>\n\t<p>Farkl\u0131 uzunluklarda WLL*<\/p>\n\t<ul>\n\t\t<li>\t\t\t\t\n\t\t26\u2033 Uzunluk: 38,400 lbs<\/li><li>\t\t\t\t\n\t\t50\u2033 Uzunluk: 30,600 lbs<\/li><li>\t\t\t\t\n\t\t74\u2033 Uzunluk: 25,150 lbs<\/li><li>\t\t\t\t\n\t\t94\u2033 Uzunluk: 14,180 lbs<\/li><li>\t\t\t\t\n\t\t112\u2033 Uzunluk: 10,400 lbs<\/li>\t<\/ul>\n\t<p>(Dikmeler ve Aksesuarlarda 2:1 g\u00fcvenlik fakt\u00f6r\u00fc)<\/p>\n<p>* D\u00f6ner Hendek Plakas\u0131 U\u00e7 Ba\u011flant\u0131 Par\u00e7alar\u0131 ile Hesaplanan \u00c7al\u0131\u015fma Y\u00fck\u00fc S\u0131n\u0131rlar\u0131.<\/p>\n\t\t\t<a href=\"https:\/\/res-q-jack.com\/tr\/istek-alinti\/\" target=\"_self\" rel=\"noopener\">\n\t\t\t\t\t\t\t\tTeklif \u0130steyin\n\t\t\t\t\t\t\t<\/a>\n\t\t\t<a href=\"https:\/\/res-q-jack.com\/tr\/ucretsiz-demo\/\" target=\"_self\" rel=\"noopener\">\n\t\t\t\t\t\t\t\tBir Demo Planlay\u0131n\n\t\t\t\t\t\t\t<\/a>\n\t<h4>\n\t\t\t\tSorusu olan?  Bizi aray\u0131n 1-800-466-9626\n\t\t\t<\/h4>\n\t<h3>\n\t\t\t\tAralar\u0131ndan se\u00e7im yapabilece\u011finiz \u00fc\u00e7 boyut\n\t\t\t<\/h3>\n\t\t\t<p>\u0130\u015f i\u00e7in do\u011fru uzunlu\u011fa sahip oldu\u011funuzdan emin olmak i\u00e7in \u00fc\u00e7 uzunlukta mevcuttur.  Her Hendek Sahili ayr\u0131ca SPX Uzant\u0131lar\u0131m\u0131zdan herhangi birini kabul ederek size 4 metreye kadar ekstra uzunluk sa\u011flar (MAKS: Dikme ba\u015f\u0131na 2 uzant\u0131). *T\u00fcm uzunluklara \u0130K\u0130 D\u00f6ner U\u00e7 Plakas\u0131 u\u00e7 ba\u011flant\u0131 par\u00e7as\u0131 dahildir (her bir dikme ile birlikte verilir).<\/p>\t\n\t\t\t\t<img decoding=\"async\" data-src=\"https:\/\/res-q-jack.com\/wp-content\/uploads\/2020\/01\/Trench-Shoring-Strut-Size-Comparison.png\" alt=\"Hendek \u0130ksa Dikmesi Boyut Kar\u015f\u0131la\u015ft\u0131rmas\u0131\" title=\"Hendek \u0130ksa Dikmesi Boyut Kar\u015f\u0131la\u015ft\u0131rmas\u0131\" itemprop=\"image\" src=\"data:image\/svg+xml;base64,PHN2ZyB3aWR0aD0iMSIgaGVpZ2h0PSIxIiB4bWxucz0iaHR0cDovL3d3dy53My5vcmcvMjAwMC9zdmciPjwvc3ZnPg==\" class=\"lazyload\" style=\"--smush-placeholder-width: 959px; --smush-placeholder-aspect-ratio: 959\/238;\" \/>\n\t<h5>\n\t\t\t\tRes-Q-Jack marka Hendek \u0130ksa Payandas\u0131n\u0131n Faydalar\u0131\n\t\t\t<\/h5>\n\t\t\t\t<img decoding=\"async\" data-src=\"https:\/\/res-q-jack.com\/wp-content\/uploads\/2020\/05\/Trench-Shoring-Strut-Features.jpg\" alt=\"Hendek \u0130ksa Dikmesi \u00d6zellikleri\" title=\"Hendek \u0130ksa Dikmesi \u00d6zellikleri\" itemprop=\"image\" src=\"data:image\/svg+xml;base64,PHN2ZyB3aWR0aD0iMSIgaGVpZ2h0PSIxIiB4bWxucz0iaHR0cDovL3d3dy53My5vcmcvMjAwMC9zdmciPjwvc3ZnPg==\" class=\"lazyload\" style=\"--smush-placeholder-width: 374px; --smush-placeholder-aspect-ratio: 374\/681;\" \/>\n\t\t\t<h3>1. \u0130\u00e7i Bo\u015f \u0130\u00e7 Boru<\/h3>\t\t\t\n\t\t\t\t<p>Super X Trench Shore h\u0131zl\u0131 ve kolay yerle\u015ftirilebilecek \u015fekilde tasarlanm\u0131\u015ft\u0131r.  \u0130\u00e7i bo\u015f i\u00e7 borular\u0131m\u0131z, kat\u0131 borulara k\u0131yasla 5 lbs'ye kadar ilave a\u011f\u0131rl\u0131k tasarrufu sa\u011flar.<\/p>\n\t\t\t<h3>2. Patentli Kilitleme Pimi<\/h3>\t\t\t\n\t\t\t\t<p>Patentli kilitleme pimimiz pozitif bir durdurma olu\u015fturarak a\u015f\u0131r\u0131 uzama riskini ortadan kald\u0131r\u0131r ve i\u00e7 borunun d\u00fc\u015fmesini \u00f6nler.<\/p>\n\t\t\t<h3>3. Pn\u00f6matik Aktivasyon<\/h3>\t\t\t\n\t\t\t\t<p>Hendek K\u0131y\u0131 Desteklerimiz, bas\u0131n\u00e7l\u0131 hava sistemleriyle kullan\u0131m i\u00e7in 800 PSI'a kadar hidrostatik olarak test edilmi\u015ftir.<\/p>\n\t\t\t<h3>4. Ambidextrous U\u00e7 Ba\u011flant\u0131 Par\u00e7alar\u0131<\/h3>\t\t\t\n\t\t\t\t<p>Her iki u\u00e7ta da 4 metreye kadar ekstra uzunluk i\u00e7in uzatma kullan\u0131n (maks: 2 uzatma).<\/p>","protected":false},"excerpt":{"rendered":"<p>Hendek \u0130ksa Destekleri Hendek iksa desteklerimiz 10.400 - 38.400 lbs. aras\u0131nda nominal \u00e7al\u0131\u015fma y\u00fcklerine ve 26\u2033 ila 112\u2033 aras\u0131nda a\u00e7\u0131kl\u0131k uzunluklar\u0131na sahiptir. Pn\u00f6matik Hendek \u0130ksa Destekleri Yeni Super X Hendek \u0130ksa Sistemi her t\u00fcrl\u00fc hendek kurtarma senaryosunda \u00fcst\u00fcnl\u00fck sa\u011flar.  Y\u00fcksek kaliteli al\u00fcminyumdan i\u015flenen ve Super X-Strut serimizle ayn\u0131 i\u015flevselli\u011fe sahip olan...<\/p>","protected":false},"author":2,"featured_media":0,"parent":42,"menu_order":0,"comment_status":"closed","ping_status":"closed","template":"","meta":{"footnotes":""},"class_list":["post-184","page","type-page","status-publish","hentry"],"yoast_head":"<!-- This site is optimized with the Yoast SEO plugin v27.2 - https:\/\/yoast.com\/product\/yoast-seo-wordpress\/ -->\n<title>Trench Shoring Struts | Res-Q-Jack, Inc.<\/title>\n<meta name=\"description\" content=\"Res-Q-Jack trench shoring struts and lifting jacks have rated working loads from 10,400 - 38,400 lbs. and span lengths from 26&quot; to 112&quot;.\" \/>\n<meta name=\"robots\" content=\"index, follow, max-snippet:-1, max-image-preview:large, max-video-preview:-1\" \/>\n<link rel=\"canonical\" href=\"https:\/\/res-q-jack.com\/tr\/payandalar\/hendek-koruyucu-strutlar\/\" \/>\n<meta property=\"og:locale\" content=\"tr_TR\" \/>\n<meta property=\"og:type\" content=\"article\" \/>\n<meta property=\"og:title\" content=\"Trench Shoring Struts | Res-Q-Jack, Inc.\" \/>\n<meta property=\"og:description\" content=\"Res-Q-Jack trench shoring struts and lifting jacks have rated working loads from 10,400 - 38,400 lbs. and span lengths from 26&quot; to 112&quot;.\" \/>\n<meta property=\"og:url\" content=\"https:\/\/res-q-jack.com\/tr\/payandalar\/hendek-koruyucu-strutlar\/\" \/>\n<meta property=\"og:site_name\" content=\"Res-Q-Jack, Inc.\" \/>\n<meta property=\"article:modified_time\" content=\"2024-10-29T15:50:30+00:00\" \/>\n<meta property=\"og:image\" content=\"https:\/\/res-q-jack.com\/wp-content\/uploads\/2020\/01\/Trench-Shoring-Rescue-Jacks.png\" \/>\n<meta name=\"twitter:card\" content=\"summary_large_image\" \/>\n<meta name=\"twitter:label1\" content=\"Tahmini okuma s\u00fcresi\" \/>\n\t<meta name=\"twitter:data1\" content=\"1 dakika\" \/>\n<script type=\"application\/ld+json\" class=\"yoast-schema-graph\">{\"@context\":\"https:\/\/schema.org\",\"@graph\":[{\"@type\":\"WebPage\",\"@id\":\"https:\/\/res-q-jack.com\/struts\/trench-shoring-struts\/\",\"url\":\"https:\/\/res-q-jack.com\/struts\/trench-shoring-struts\/\",\"name\":\"Trench Shoring Struts | Res-Q-Jack, Inc.\",\"isPartOf\":{\"@id\":\"https:\/\/res-q-jack.com\/#website\"},\"primaryImageOfPage\":{\"@id\":\"https:\/\/res-q-jack.com\/struts\/trench-shoring-struts\/#primaryimage\"},\"image\":{\"@id\":\"https:\/\/res-q-jack.com\/struts\/trench-shoring-struts\/#primaryimage\"},\"thumbnailUrl\":\"https:\/\/res-q-jack.com\/wp-content\/uploads\/2020\/01\/Trench-Shoring-Rescue-Jacks.png\",\"datePublished\":\"2019-12-18T21:16:33+00:00\",\"dateModified\":\"2024-10-29T15:50:30+00:00\",\"description\":\"Res-Q-Jack trench shoring struts and lifting jacks have rated working loads from 10,400 - 38,400 lbs. and span lengths from 26\\\" to 112\\\".\",\"breadcrumb\":{\"@id\":\"https:\/\/res-q-jack.com\/struts\/trench-shoring-struts\/#breadcrumb\"},\"inLanguage\":\"tr\",\"potentialAction\":[{\"@type\":\"ReadAction\",\"target\":[\"https:\/\/res-q-jack.com\/struts\/trench-shoring-struts\/\"]}]},{\"@type\":\"ImageObject\",\"inLanguage\":\"tr\",\"@id\":\"https:\/\/res-q-jack.com\/struts\/trench-shoring-struts\/#primaryimage\",\"url\":\"https:\/\/res-q-jack.com\/wp-content\/uploads\/2020\/01\/Trench-Shoring-Rescue-Jacks.png\",\"contentUrl\":\"https:\/\/res-q-jack.com\/wp-content\/uploads\/2020\/01\/Trench-Shoring-Rescue-Jacks.png\"},{\"@type\":\"BreadcrumbList\",\"@id\":\"https:\/\/res-q-jack.com\/struts\/trench-shoring-struts\/#breadcrumb\",\"itemListElement\":[{\"@type\":\"ListItem\",\"position\":1,\"name\":\"Home\",\"item\":\"https:\/\/res-q-jack.com\/\"},{\"@type\":\"ListItem\",\"position\":2,\"name\":\"Rescue Struts\",\"item\":\"https:\/\/res-q-jack.com\/struts\/\"},{\"@type\":\"ListItem\",\"position\":3,\"name\":\"Trench Shoring Struts\"}]},{\"@type\":\"WebSite\",\"@id\":\"https:\/\/res-q-jack.com\/#website\",\"url\":\"https:\/\/res-q-jack.com\/\",\"name\":\"Res-Q-Jack, Inc.\",\"description\":\"Vehicle Stabilization Struts\",\"publisher\":{\"@id\":\"https:\/\/res-q-jack.com\/#organization\"},\"potentialAction\":[{\"@type\":\"SearchAction\",\"target\":{\"@type\":\"EntryPoint\",\"urlTemplate\":\"https:\/\/res-q-jack.com\/?s={search_term_string}\"},\"query-input\":{\"@type\":\"PropertyValueSpecification\",\"valueRequired\":true,\"valueName\":\"search_term_string\"}}],\"inLanguage\":\"tr\"},{\"@type\":\"Organization\",\"@id\":\"https:\/\/res-q-jack.com\/#organization\",\"name\":\"Res-Q-Jack, Inc.\",\"url\":\"https:\/\/res-q-jack.com\/\",\"logo\":{\"@type\":\"ImageObject\",\"inLanguage\":\"tr\",\"@id\":\"https:\/\/res-q-jack.com\/#\/schema\/logo\/image\/\",\"url\":\"https:\/\/res-q-jack.com\/wp-content\/uploads\/2020\/03\/Res-Q-Jack-SEO-Logo.png\",\"contentUrl\":\"https:\/\/res-q-jack.com\/wp-content\/uploads\/2020\/03\/Res-Q-Jack-SEO-Logo.png\",\"width\":612,\"height\":138,\"caption\":\"Res-Q-Jack, Inc.\"},\"image\":{\"@id\":\"https:\/\/res-q-jack.com\/#\/schema\/logo\/image\/\"}}]}<\/script>\n<!-- \/ Yoast SEO plugin. -->","yoast_head_json":{"title":"Hendek \u0130ksa Destekleri | Res-Q-Jack, Inc.","description":"Res-Q-Jack hendek iksa destekleri ve kald\u0131rma krikolar\u0131 10.400 - 38.400 lbs aras\u0131nda nominal \u00e7al\u0131\u015fma y\u00fcklerine ve 26\" ila 112\" aras\u0131nda a\u00e7\u0131kl\u0131k uzunluklar\u0131na sahiptir.","robots":{"index":"index","follow":"follow","max-snippet":"max-snippet:-1","max-image-preview":"max-image-preview:large","max-video-preview":"max-video-preview:-1"},"canonical":"https:\/\/res-q-jack.com\/tr\/payandalar\/hendek-koruyucu-strutlar\/","og_locale":"tr_TR","og_type":"article","og_title":"Trench Shoring Struts | Res-Q-Jack, Inc.","og_description":"Res-Q-Jack trench shoring struts and lifting jacks have rated working loads from 10,400 - 38,400 lbs. and span lengths from 26\" to 112\".","og_url":"https:\/\/res-q-jack.com\/tr\/payandalar\/hendek-koruyucu-strutlar\/","og_site_name":"Res-Q-Jack, Inc.","article_modified_time":"2024-10-29T15:50:30+00:00","og_image":[{"url":"https:\/\/res-q-jack.com\/wp-content\/uploads\/2020\/01\/Trench-Shoring-Rescue-Jacks.png","type":"","width":"","height":""}],"twitter_card":"summary_large_image","twitter_misc":{"Tahmini okuma s\u00fcresi":"1 dakika"},"schema":{"@context":"https:\/\/schema.org","@graph":[{"@type":"WebPage","@id":"https:\/\/res-q-jack.com\/struts\/trench-shoring-struts\/","url":"https:\/\/res-q-jack.com\/struts\/trench-shoring-struts\/","name":"Hendek \u0130ksa Destekleri | Res-Q-Jack, Inc.","isPartOf":{"@id":"https:\/\/res-q-jack.com\/#website"},"primaryImageOfPage":{"@id":"https:\/\/res-q-jack.com\/struts\/trench-shoring-struts\/#primaryimage"},"image":{"@id":"https:\/\/res-q-jack.com\/struts\/trench-shoring-struts\/#primaryimage"},"thumbnailUrl":"https:\/\/res-q-jack.com\/wp-content\/uploads\/2020\/01\/Trench-Shoring-Rescue-Jacks.png","datePublished":"2019-12-18T21:16:33+00:00","dateModified":"2024-10-29T15:50:30+00:00","description":"Res-Q-Jack hendek iksa destekleri ve kald\u0131rma krikolar\u0131 10.400 - 38.400 lbs aras\u0131nda nominal \u00e7al\u0131\u015fma y\u00fcklerine ve 26\" ila 112\" aras\u0131nda a\u00e7\u0131kl\u0131k uzunluklar\u0131na sahiptir.","breadcrumb":{"@id":"https:\/\/res-q-jack.com\/struts\/trench-shoring-struts\/#breadcrumb"},"inLanguage":"tr","potentialAction":[{"@type":"ReadAction","target":["https:\/\/res-q-jack.com\/struts\/trench-shoring-struts\/"]}]},{"@type":"ImageObject","inLanguage":"tr","@id":"https:\/\/res-q-jack.com\/struts\/trench-shoring-struts\/#primaryimage","url":"https:\/\/res-q-jack.com\/wp-content\/uploads\/2020\/01\/Trench-Shoring-Rescue-Jacks.png","contentUrl":"https:\/\/res-q-jack.com\/wp-content\/uploads\/2020\/01\/Trench-Shoring-Rescue-Jacks.png"},{"@type":"BreadcrumbList","@id":"https:\/\/res-q-jack.com\/struts\/trench-shoring-struts\/#breadcrumb","itemListElement":[{"@type":"ListItem","position":1,"name":"Home","item":"https:\/\/res-q-jack.com\/"},{"@type":"ListItem","position":2,"name":"Rescue Struts","item":"https:\/\/res-q-jack.com\/struts\/"},{"@type":"ListItem","position":3,"name":"Trench Shoring Struts"}]},{"@type":"WebSite","@id":"https:\/\/res-q-jack.com\/#website","url":"https:\/\/res-q-jack.com\/","name":"Res-Q-Jack, Inc.","description":"Ara\u00e7 Stabilizasyon Destekleri","publisher":{"@id":"https:\/\/res-q-jack.com\/#organization"},"potentialAction":[{"@type":"SearchAction","target":{"@type":"EntryPoint","urlTemplate":"https:\/\/res-q-jack.com\/?s={search_term_string}"},"query-input":{"@type":"PropertyValueSpecification","valueRequired":true,"valueName":"search_term_string"}}],"inLanguage":"tr"},{"@type":"Organization","@id":"https:\/\/res-q-jack.com\/#organization","name":"Res-Q-Jack, Inc.","url":"https:\/\/res-q-jack.com\/","logo":{"@type":"ImageObject","inLanguage":"tr","@id":"https:\/\/res-q-jack.com\/#\/schema\/logo\/image\/","url":"https:\/\/res-q-jack.com\/wp-content\/uploads\/2020\/03\/Res-Q-Jack-SEO-Logo.png","contentUrl":"https:\/\/res-q-jack.com\/wp-content\/uploads\/2020\/03\/Res-Q-Jack-SEO-Logo.png","width":612,"height":138,"caption":"Res-Q-Jack, Inc."},"image":{"@id":"https:\/\/res-q-jack.com\/#\/schema\/logo\/image\/"}}]}},"_links":{"self":[{"href":"https:\/\/res-q-jack.com\/tr\/wp-json\/wp\/v2\/pages\/184","targetHints":{"allow":["GET"]}}],"collection":[{"href":"https:\/\/res-q-jack.com\/tr\/wp-json\/wp\/v2\/pages"}],"about":[{"href":"https:\/\/res-q-jack.com\/tr\/wp-json\/wp\/v2\/types\/page"}],"author":[{"embeddable":true,"href":"https:\/\/res-q-jack.com\/tr\/wp-json\/wp\/v2\/users\/2"}],"replies":[{"embeddable":true,"href":"https:\/\/res-q-jack.com\/tr\/wp-json\/wp\/v2\/comments?post=184"}],"version-history":[{"count":0,"href":"https:\/\/res-q-jack.com\/tr\/wp-json\/wp\/v2\/pages\/184\/revisions"}],"up":[{"embeddable":true,"href":"https:\/\/res-q-jack.com\/tr\/wp-json\/wp\/v2\/pages\/42"}],"wp:attachment":[{"href":"https:\/\/res-q-jack.com\/tr\/wp-json\/wp\/v2\/media?parent=184"}],"curies":[{"name":"wp","href":"https:\/\/api.w.org\/{rel}","templated":true}]}}