{"id":179,"date":"2019-12-18T16:02:56","date_gmt":"2019-12-18T21:02:56","guid":{"rendered":"https:\/\/resqjack.wpengine.com\/?page_id=179"},"modified":"2020-07-02T14:08:18","modified_gmt":"2020-07-02T19:08:18","slug":"hafif-gorev-arac-stabilizasyon-strutlari","status":"publish","type":"page","link":"https:\/\/res-q-jack.com\/tr\/struts\/vehicle-stabilization-struts\/light-duty-vehicle-stabilization-struts\/","title":{"rendered":"Hafif Hizmet Ara\u00e7lar\u0131 Stabilizasyon Destekleri"},"content":{"rendered":"<p><img decoding=\"async\" title=\"Hafif Hizmet Ara\u00e7lar\u0131 Stabilizasyon Destekleri\" data-src=\"https:\/\/res-q-jack.com\/wp-content\/uploads\/2019\/12\/car-yellow.png\" alt=\"Hafif Hizmet Ara\u00e7lar\u0131 Stabilizasyon Destekleri\" src=\"data:image\/svg+xml;base64,PHN2ZyB3aWR0aD0iMSIgaGVpZ2h0PSIxIiB4bWxucz0iaHR0cDovL3d3dy53My5vcmcvMjAwMC9zdmciPjwvc3ZnPg==\" class=\"lazyload\" style=\"--smush-placeholder-width: 115px; --smush-placeholder-aspect-ratio: 115\/115;\" \/><\/p>\r\n<h3>Hafif Hizmet<\/h3>\r\n<h1>Ara\u00e7 Stabilizasyon Destekleri<\/h1>\r\n<p>Takviyelerimiz, kompakt otomobiller ve daha hafif ara\u00e7larla kullan\u0131m i\u00e7in 4.000 lbs'nin alt\u0131nda (2:1) \u00e7al\u0131\u015fma y\u00fck\u00fcne sahiptir.<\/p>\r\n<p><img decoding=\"async\" title=\"Auto X-Strut Serisi Hafif Hizmet Ara\u00e7 Stabilizasyon Dikmesi\" data-src=\"https:\/\/res-q-jack.com\/wp-content\/uploads\/2019\/12\/Auto-X-Strut-Series-Light-Duty-Vehicle-Stabilization-Strut-100x300.jpg\" alt=\"Auto X-Strut Serisi Hafif Hizmet Ara\u00e7 Stabilizasyon Dikmesi\" src=\"data:image\/svg+xml;base64,PHN2ZyB3aWR0aD0iMSIgaGVpZ2h0PSIxIiB4bWxucz0iaHR0cDovL3d3dy53My5vcmcvMjAwMC9zdmciPjwvc3ZnPg==\" class=\"lazyload\" style=\"--smush-placeholder-width: 100px; --smush-placeholder-aspect-ratio: 100\/300;\" \/><\/p>\r\n<h5><img decoding=\"async\" data-src=\"https:\/\/res-q-jack.com\/wp-content\/uploads\/2020\/05\/Pin-Free-Stabilization-Struts-95x18-1.png\" src=\"data:image\/svg+xml;base64,PHN2ZyB3aWR0aD0iMSIgaGVpZ2h0PSIxIiB4bWxucz0iaHR0cDovL3d3dy53My5vcmcvMjAwMC9zdmciPjwvc3ZnPg==\" class=\"lazyload\" style=\"--smush-placeholder-width: 95px; --smush-placeholder-aspect-ratio: 95\/18;\" \/><\/h5>\r\n<h3>Otomatik X-Strut<sup><\/sup> Seri<\/h3>\r\n<p>Auto X, tipik k\u00fc\u00e7\u00fck ara\u00e7lar\u0131n y\u0131ld\u0131r\u0131m h\u0131z\u0131nda stabilizasyonu ve kald\u0131r\u0131lmas\u0131 i\u00e7in hafif hizmet tipi pimsiz payandam\u0131zd\u0131r.<\/p>\r\n<p><strong>\u00c7al\u0131\u015fma Y\u00fck\u00fc Limiti: 3.250 lbs. (2:1 G\u00fcvenlik Fakt\u00f6r\u00fc)<\/strong><\/p>\r\n<p><a role=\"button\" href=\"https:\/\/res-q-jack.com\/tr\/payandalar\/arac-stabilizasyon-strutlari\/hafif-gorev-arac-stabilizasyon-strutlari\/auto-x-strut\/\" target=\"_self\" rel=\"noopener noreferrer\"> Detaylar\u0131 G\u00f6r\u00fcnt\u00fcle <\/a> <img decoding=\"async\" title=\"GreenLite X-Strut Serisi Hafif Hizmet Ara\u00e7 Stabilizasyon Dikmesi\" data-src=\"https:\/\/res-q-jack.com\/wp-content\/uploads\/2019\/12\/GreenLite-X-Strut-Series-Light-Duty-Vehicle-Stabilization-Strut-100x300.jpg\" alt=\"GreenLite X-Strut Serisi Hafif Hizmet Ara\u00e7 Stabilizasyon Dikmesi\" src=\"data:image\/svg+xml;base64,PHN2ZyB3aWR0aD0iMSIgaGVpZ2h0PSIxIiB4bWxucz0iaHR0cDovL3d3dy53My5vcmcvMjAwMC9zdmciPjwvc3ZnPg==\" class=\"lazyload\" style=\"--smush-placeholder-width: 100px; --smush-placeholder-aspect-ratio: 100\/300;\" \/><\/p>\r\n<h3>GreenLite\u2122 X-Strut<sup><\/sup> Seri<\/h3>\r\n<p>GreenLite serisi, gerekti\u011finde kald\u0131rma kabiliyeti ile h\u0131zl\u0131 stabilizasyon i\u00e7in tasarlanm\u0131\u015f en uygun fiyatl\u0131 X-Strut serimizdir.<\/p>\r\n<p><strong>\u00c7al\u0131\u015fma Y\u00fck\u00fc Limiti: 2.500 lbs. (2:1 G\u00fcvenlik Fakt\u00f6r\u00fc)<\/strong><\/p>\r\n<p><a role=\"button\" href=\"https:\/\/res-q-jack.com\/tr\/payandalar\/arac-stabilizasyon-strutlari\/hafif-gorev-arac-stabilizasyon-strutlari\/greenlite-x-strut\/\" target=\"_self\" rel=\"noopener noreferrer\"> Detaylar\u0131 G\u00f6r\u00fcnt\u00fcle <\/a><\/p>\r\n<h4>Sorular\u0131n\u0131z m\u0131 var? Bizi aray\u0131n 1-800-466-9626<\/h4>","protected":false},"excerpt":{"rendered":"<p>Hafif Hizmet Ara\u00e7 Stabilizasyon Dikmeleri Dikmelerimiz, kompakt otomobiller ve daha hafif ara\u00e7larla kullan\u0131m i\u00e7in 4.000 lbs'nin alt\u0131nda (2:1) \u00e7al\u0131\u015fma y\u00fcklerine sahiptir. Auto X-Strut Serisi Auto X, tipik k\u00fc\u00e7\u00fck ara\u00e7lar\u0131n y\u0131ld\u0131r\u0131m h\u0131z\u0131nda stabilizasyonu ve kald\u0131r\u0131lmas\u0131 i\u00e7in hafif hizmet tipi pimsiz payandam\u0131zd\u0131r. \u00c7al\u0131\u015fma Y\u00fck\u00fc Limiti: 3.250 lbs. (2:1 G\u00fcvenlik Fakt\u00f6r\u00fc) Detaylar\u0131 G\u00f6r\u00fcnt\u00fcle GreenLite\u2122...<\/p>","protected":false},"author":2,"featured_media":0,"parent":187,"menu_order":0,"comment_status":"closed","ping_status":"closed","template":"","meta":{"footnotes":""},"class_list":["post-179","page","type-page","status-publish","hentry"],"yoast_head":"<!-- This site is optimized with the Yoast SEO plugin v27.2 - https:\/\/yoast.com\/product\/yoast-seo-wordpress\/ -->\n<title>Light-Duty Vehicle Stabilization Struts | Res-Q-Jack, Inc.<\/title>\n<meta name=\"description\" content=\"Res-Q-Jack light-duty struts have working loads of under 4,000 lbs. (2:1) for use with compact cars and lighter vehicles.\" \/>\n<meta name=\"robots\" content=\"index, follow, max-snippet:-1, max-image-preview:large, max-video-preview:-1\" \/>\n<link rel=\"canonical\" href=\"https:\/\/res-q-jack.com\/tr\/payandalar\/arac-stabilizasyon-strutlari\/hafif-gorev-arac-stabilizasyon-strutlari\/\" \/>\n<meta property=\"og:locale\" content=\"tr_TR\" \/>\n<meta property=\"og:type\" content=\"article\" \/>\n<meta property=\"og:title\" content=\"Light-Duty Vehicle Stabilization Struts | Res-Q-Jack, Inc.\" \/>\n<meta property=\"og:description\" content=\"Res-Q-Jack light-duty struts have working loads of under 4,000 lbs. (2:1) for use with compact cars and lighter vehicles.\" \/>\n<meta property=\"og:url\" content=\"https:\/\/res-q-jack.com\/tr\/payandalar\/arac-stabilizasyon-strutlari\/hafif-gorev-arac-stabilizasyon-strutlari\/\" \/>\n<meta property=\"og:site_name\" content=\"Res-Q-Jack, Inc.\" \/>\n<meta property=\"article:modified_time\" content=\"2020-07-02T19:08:18+00:00\" \/>\n<meta property=\"og:image\" content=\"https:\/\/res-q-jack.com\/wp-content\/uploads\/2019\/12\/car-yellow.png\" \/>\n<meta name=\"twitter:card\" content=\"summary_large_image\" \/>\n<script type=\"application\/ld+json\" class=\"yoast-schema-graph\">{\"@context\":\"https:\/\/schema.org\",\"@graph\":[{\"@type\":\"WebPage\",\"@id\":\"https:\/\/res-q-jack.com\/struts\/vehicle-stabilization-struts\/light-duty-vehicle-stabilization-struts\/\",\"url\":\"https:\/\/res-q-jack.com\/struts\/vehicle-stabilization-struts\/light-duty-vehicle-stabilization-struts\/\",\"name\":\"Light-Duty Vehicle Stabilization Struts | Res-Q-Jack, Inc.\",\"isPartOf\":{\"@id\":\"https:\/\/res-q-jack.com\/#website\"},\"primaryImageOfPage\":{\"@id\":\"https:\/\/res-q-jack.com\/struts\/vehicle-stabilization-struts\/light-duty-vehicle-stabilization-struts\/#primaryimage\"},\"image\":{\"@id\":\"https:\/\/res-q-jack.com\/struts\/vehicle-stabilization-struts\/light-duty-vehicle-stabilization-struts\/#primaryimage\"},\"thumbnailUrl\":\"https:\/\/res-q-jack.com\/wp-content\/uploads\/2019\/12\/car-yellow.png\",\"datePublished\":\"2019-12-18T21:02:56+00:00\",\"dateModified\":\"2020-07-02T19:08:18+00:00\",\"description\":\"Res-Q-Jack light-duty struts have working loads of under 4,000 lbs. (2:1) for use with compact cars and lighter vehicles.\",\"breadcrumb\":{\"@id\":\"https:\/\/res-q-jack.com\/struts\/vehicle-stabilization-struts\/light-duty-vehicle-stabilization-struts\/#breadcrumb\"},\"inLanguage\":\"tr\",\"potentialAction\":[{\"@type\":\"ReadAction\",\"target\":[\"https:\/\/res-q-jack.com\/struts\/vehicle-stabilization-struts\/light-duty-vehicle-stabilization-struts\/\"]}]},{\"@type\":\"ImageObject\",\"inLanguage\":\"tr\",\"@id\":\"https:\/\/res-q-jack.com\/struts\/vehicle-stabilization-struts\/light-duty-vehicle-stabilization-struts\/#primaryimage\",\"url\":\"https:\/\/res-q-jack.com\/wp-content\/uploads\/2019\/12\/car-yellow.png\",\"contentUrl\":\"https:\/\/res-q-jack.com\/wp-content\/uploads\/2019\/12\/car-yellow.png\"},{\"@type\":\"BreadcrumbList\",\"@id\":\"https:\/\/res-q-jack.com\/struts\/vehicle-stabilization-struts\/light-duty-vehicle-stabilization-struts\/#breadcrumb\",\"itemListElement\":[{\"@type\":\"ListItem\",\"position\":1,\"name\":\"Home\",\"item\":\"https:\/\/res-q-jack.com\/\"},{\"@type\":\"ListItem\",\"position\":2,\"name\":\"Rescue Struts\",\"item\":\"https:\/\/res-q-jack.com\/struts\/\"},{\"@type\":\"ListItem\",\"position\":3,\"name\":\"Vehicle Stabilization Struts\",\"item\":\"https:\/\/res-q-jack.com\/struts\/vehicle-stabilization-struts\/\"},{\"@type\":\"ListItem\",\"position\":4,\"name\":\"Light-Duty Vehicle Stabilization Struts\"}]},{\"@type\":\"WebSite\",\"@id\":\"https:\/\/res-q-jack.com\/#website\",\"url\":\"https:\/\/res-q-jack.com\/\",\"name\":\"Res-Q-Jack, Inc.\",\"description\":\"Vehicle Stabilization Struts\",\"publisher\":{\"@id\":\"https:\/\/res-q-jack.com\/#organization\"},\"potentialAction\":[{\"@type\":\"SearchAction\",\"target\":{\"@type\":\"EntryPoint\",\"urlTemplate\":\"https:\/\/res-q-jack.com\/?s={search_term_string}\"},\"query-input\":{\"@type\":\"PropertyValueSpecification\",\"valueRequired\":true,\"valueName\":\"search_term_string\"}}],\"inLanguage\":\"tr\"},{\"@type\":\"Organization\",\"@id\":\"https:\/\/res-q-jack.com\/#organization\",\"name\":\"Res-Q-Jack, Inc.\",\"url\":\"https:\/\/res-q-jack.com\/\",\"logo\":{\"@type\":\"ImageObject\",\"inLanguage\":\"tr\",\"@id\":\"https:\/\/res-q-jack.com\/#\/schema\/logo\/image\/\",\"url\":\"https:\/\/res-q-jack.com\/wp-content\/uploads\/2020\/03\/Res-Q-Jack-SEO-Logo.png\",\"contentUrl\":\"https:\/\/res-q-jack.com\/wp-content\/uploads\/2020\/03\/Res-Q-Jack-SEO-Logo.png\",\"width\":612,\"height\":138,\"caption\":\"Res-Q-Jack, Inc.\"},\"image\":{\"@id\":\"https:\/\/res-q-jack.com\/#\/schema\/logo\/image\/\"}}]}<\/script>\n<!-- \/ Yoast SEO plugin. -->","yoast_head_json":{"title":"Hafif Hizmet Ara\u00e7lar\u0131 Stabilizasyon Destekleri | Res-Q-Jack, Inc.","description":"Res-Q-Jack hafif hizmet tipi payandalar, kompakt otomobiller ve daha hafif ara\u00e7larla kullan\u0131m i\u00e7in 4.000 lbs'nin alt\u0131nda (2:1) \u00e7al\u0131\u015fma y\u00fck\u00fcne sahiptir.","robots":{"index":"index","follow":"follow","max-snippet":"max-snippet:-1","max-image-preview":"max-image-preview:large","max-video-preview":"max-video-preview:-1"},"canonical":"https:\/\/res-q-jack.com\/tr\/payandalar\/arac-stabilizasyon-strutlari\/hafif-gorev-arac-stabilizasyon-strutlari\/","og_locale":"tr_TR","og_type":"article","og_title":"Light-Duty Vehicle Stabilization Struts | Res-Q-Jack, Inc.","og_description":"Res-Q-Jack light-duty struts have working loads of under 4,000 lbs. (2:1) for use with compact cars and lighter vehicles.","og_url":"https:\/\/res-q-jack.com\/tr\/payandalar\/arac-stabilizasyon-strutlari\/hafif-gorev-arac-stabilizasyon-strutlari\/","og_site_name":"Res-Q-Jack, Inc.","article_modified_time":"2020-07-02T19:08:18+00:00","og_image":[{"url":"https:\/\/res-q-jack.com\/wp-content\/uploads\/2019\/12\/car-yellow.png","type":"","width":"","height":""}],"twitter_card":"summary_large_image","schema":{"@context":"https:\/\/schema.org","@graph":[{"@type":"WebPage","@id":"https:\/\/res-q-jack.com\/struts\/vehicle-stabilization-struts\/light-duty-vehicle-stabilization-struts\/","url":"https:\/\/res-q-jack.com\/struts\/vehicle-stabilization-struts\/light-duty-vehicle-stabilization-struts\/","name":"Hafif Hizmet Ara\u00e7lar\u0131 Stabilizasyon Destekleri | Res-Q-Jack, Inc.","isPartOf":{"@id":"https:\/\/res-q-jack.com\/#website"},"primaryImageOfPage":{"@id":"https:\/\/res-q-jack.com\/struts\/vehicle-stabilization-struts\/light-duty-vehicle-stabilization-struts\/#primaryimage"},"image":{"@id":"https:\/\/res-q-jack.com\/struts\/vehicle-stabilization-struts\/light-duty-vehicle-stabilization-struts\/#primaryimage"},"thumbnailUrl":"https:\/\/res-q-jack.com\/wp-content\/uploads\/2019\/12\/car-yellow.png","datePublished":"2019-12-18T21:02:56+00:00","dateModified":"2020-07-02T19:08:18+00:00","description":"Res-Q-Jack hafif hizmet tipi payandalar, kompakt otomobiller ve daha hafif ara\u00e7larla kullan\u0131m i\u00e7in 4.000 lbs'nin alt\u0131nda (2:1) \u00e7al\u0131\u015fma y\u00fck\u00fcne sahiptir.","breadcrumb":{"@id":"https:\/\/res-q-jack.com\/struts\/vehicle-stabilization-struts\/light-duty-vehicle-stabilization-struts\/#breadcrumb"},"inLanguage":"tr","potentialAction":[{"@type":"ReadAction","target":["https:\/\/res-q-jack.com\/struts\/vehicle-stabilization-struts\/light-duty-vehicle-stabilization-struts\/"]}]},{"@type":"ImageObject","inLanguage":"tr","@id":"https:\/\/res-q-jack.com\/struts\/vehicle-stabilization-struts\/light-duty-vehicle-stabilization-struts\/#primaryimage","url":"https:\/\/res-q-jack.com\/wp-content\/uploads\/2019\/12\/car-yellow.png","contentUrl":"https:\/\/res-q-jack.com\/wp-content\/uploads\/2019\/12\/car-yellow.png"},{"@type":"BreadcrumbList","@id":"https:\/\/res-q-jack.com\/struts\/vehicle-stabilization-struts\/light-duty-vehicle-stabilization-struts\/#breadcrumb","itemListElement":[{"@type":"ListItem","position":1,"name":"Home","item":"https:\/\/res-q-jack.com\/"},{"@type":"ListItem","position":2,"name":"Rescue Struts","item":"https:\/\/res-q-jack.com\/struts\/"},{"@type":"ListItem","position":3,"name":"Vehicle Stabilization Struts","item":"https:\/\/res-q-jack.com\/struts\/vehicle-stabilization-struts\/"},{"@type":"ListItem","position":4,"name":"Light-Duty Vehicle Stabilization Struts"}]},{"@type":"WebSite","@id":"https:\/\/res-q-jack.com\/#website","url":"https:\/\/res-q-jack.com\/","name":"Res-Q-Jack, Inc.","description":"Ara\u00e7 Stabilizasyon Destekleri","publisher":{"@id":"https:\/\/res-q-jack.com\/#organization"},"potentialAction":[{"@type":"SearchAction","target":{"@type":"EntryPoint","urlTemplate":"https:\/\/res-q-jack.com\/?s={search_term_string}"},"query-input":{"@type":"PropertyValueSpecification","valueRequired":true,"valueName":"search_term_string"}}],"inLanguage":"tr"},{"@type":"Organization","@id":"https:\/\/res-q-jack.com\/#organization","name":"Res-Q-Jack, Inc.","url":"https:\/\/res-q-jack.com\/","logo":{"@type":"ImageObject","inLanguage":"tr","@id":"https:\/\/res-q-jack.com\/#\/schema\/logo\/image\/","url":"https:\/\/res-q-jack.com\/wp-content\/uploads\/2020\/03\/Res-Q-Jack-SEO-Logo.png","contentUrl":"https:\/\/res-q-jack.com\/wp-content\/uploads\/2020\/03\/Res-Q-Jack-SEO-Logo.png","width":612,"height":138,"caption":"Res-Q-Jack, Inc."},"image":{"@id":"https:\/\/res-q-jack.com\/#\/schema\/logo\/image\/"}}]}},"_links":{"self":[{"href":"https:\/\/res-q-jack.com\/tr\/wp-json\/wp\/v2\/pages\/179","targetHints":{"allow":["GET"]}}],"collection":[{"href":"https:\/\/res-q-jack.com\/tr\/wp-json\/wp\/v2\/pages"}],"about":[{"href":"https:\/\/res-q-jack.com\/tr\/wp-json\/wp\/v2\/types\/page"}],"author":[{"embeddable":true,"href":"https:\/\/res-q-jack.com\/tr\/wp-json\/wp\/v2\/users\/2"}],"replies":[{"embeddable":true,"href":"https:\/\/res-q-jack.com\/tr\/wp-json\/wp\/v2\/comments?post=179"}],"version-history":[{"count":0,"href":"https:\/\/res-q-jack.com\/tr\/wp-json\/wp\/v2\/pages\/179\/revisions"}],"up":[{"embeddable":true,"href":"https:\/\/res-q-jack.com\/tr\/wp-json\/wp\/v2\/pages\/187"}],"wp:attachment":[{"href":"https:\/\/res-q-jack.com\/tr\/wp-json\/wp\/v2\/media?parent=179"}],"curies":[{"name":"wp","href":"https:\/\/api.w.org\/{rel}","templated":true}]}}