{"id":177,"date":"2019-12-18T15:55:42","date_gmt":"2019-12-18T20:55:42","guid":{"rendered":"https:\/\/resqjack.wpengine.com\/?page_id=177"},"modified":"2020-07-02T14:07:22","modified_gmt":"2020-07-02T19:07:22","slug":"standart-gorev-arac-stabilizasyon-destekleri","status":"publish","type":"page","link":"https:\/\/res-q-jack.com\/tr\/struts\/vehicle-stabilization-struts\/standard-duty-vehicle-stabilization-struts\/","title":{"rendered":"Standart Hizmet Ara\u00e7 Stabilizasyon Destekleri"},"content":{"rendered":"<p><img decoding=\"async\" title=\"Standart Hizmet Ara\u00e7 Stabilizasyon Destekleri\" data-src=\"https:\/\/res-q-jack.com\/wp-content\/uploads\/2019\/12\/truck-yellow.png\" alt=\"Standart Hizmet Ara\u00e7 Stabilizasyon Destekleri\" src=\"data:image\/svg+xml;base64,PHN2ZyB3aWR0aD0iMSIgaGVpZ2h0PSIxIiB4bWxucz0iaHR0cDovL3d3dy53My5vcmcvMjAwMC9zdmciPjwvc3ZnPg==\" class=\"lazyload\" style=\"--smush-placeholder-width: 115px; --smush-placeholder-aspect-ratio: 115\/115;\" \/><\/p>\r\n<h3>Standart G\u00f6rev<\/h3>\r\n<h1>Ara\u00e7 Stabilizasyon Destekleri<\/h1>\r\n<p>Standart hizmet tipi payandalar\u0131m\u0131z, hafif kamyonlar, SUV'lar ve tipik ara\u00e7larla kullan\u0131m i\u00e7in 4.000 lbs (2:1) nominal \u00e7al\u0131\u015fma y\u00fck\u00fcne sahiptir.<\/p>\r\n<p><img decoding=\"async\" title=\"\u00c7elik X-Strut Serisi Standart Hizmet Ara\u00e7 Stabilizasyon Dikmesi\" data-src=\"https:\/\/res-q-jack.com\/wp-content\/uploads\/2019\/12\/Steel-X-Strut-Series-Standard-Duty-Vehicle-Stabilization-Strut.jpg\" alt=\"\u00c7elik X-Strut Serisi Standart Hizmet Ara\u00e7 Stabilizasyon Dikmesi\" src=\"data:image\/svg+xml;base64,PHN2ZyB3aWR0aD0iMSIgaGVpZ2h0PSIxIiB4bWxucz0iaHR0cDovL3d3dy53My5vcmcvMjAwMC9zdmciPjwvc3ZnPg==\" class=\"lazyload\" style=\"--smush-placeholder-width: 220px; --smush-placeholder-aspect-ratio: 220\/660;\" \/><\/p>\r\n<h3>\u00c7elik X-Strut<sup><\/sup> Seri Dikmeler<\/h3>\r\n<p>\u00c7elik X-Strut serisi, tipik ara\u00e7 kurtarma i\u00e7in tasarlanm\u0131\u015f orijinal X-Strut serimizdir.<\/p>\r\n<p><strong>\u00c7al\u0131\u015fma Y\u00fck\u00fc Limiti: 4.000 lbs. (2:1 G\u00fcvenlik Fakt\u00f6r\u00fc)<\/strong><\/p>\r\n<p><a role=\"button\" href=\"https:\/\/res-q-jack.com\/tr\/payandalar\/arac-stabilizasyon-strutlari\/standart-gorev-arac-stabilizasyon-destekleri\/celik-x-strut\/\" target=\"_self\" rel=\"noopener noreferrer\"> Detaylar\u0131 G\u00f6r\u00fcnt\u00fcle <\/a> <img decoding=\"async\" title=\"RJ3 Serisi Standart Hizmet Tipi Ara\u00e7 Stabilizasyon Dikmesi\" data-src=\"https:\/\/res-q-jack.com\/wp-content\/uploads\/2019\/12\/RJ3-Series-Standard-Duty-Vehicle-Stabilization-Strut-100x300.jpg\" alt=\"RJ3 Serisi Standart Hizmet Tipi Ara\u00e7 Stabilizasyon Dikmesi\" src=\"data:image\/svg+xml;base64,PHN2ZyB3aWR0aD0iMSIgaGVpZ2h0PSIxIiB4bWxucz0iaHR0cDovL3d3dy53My5vcmcvMjAwMC9zdmciPjwvc3ZnPg==\" class=\"lazyload\" style=\"--smush-placeholder-width: 100px; --smush-placeholder-aspect-ratio: 100\/300;\" \/><\/p>\r\n<h3>RJ3 Serisi Dikmeler<\/h3>\r\n<p>RJ3 Serisi, tipik ara\u00e7 kurtarma i\u00e7in tasarlanm\u0131\u015f orijinal \u00e7elik stabilizasyon destekleri serisidir.<\/p>\r\n<p><strong>\u00c7al\u0131\u015fma Y\u00fck\u00fc Limiti: 4.000 lbs. (2:1 G\u00fcvenlik Fakt\u00f6r\u00fc)<\/strong><\/p>\r\n<p><a role=\"button\" href=\"https:\/\/res-q-jack.com\/tr\/payandalar\/arac-stabilizasyon-strutlari\/standart-gorev-arac-stabilizasyon-destekleri\/rj3-jkst-jackstand\/\" target=\"_self\" rel=\"noopener noreferrer\"> Detaylar\u0131 G\u00f6r\u00fcnt\u00fcle <\/a><\/p>\r\n<h4>Sorular\u0131n\u0131z m\u0131 var? Bizi aray\u0131n 1-800-466-9626<\/h4>","protected":false},"excerpt":{"rendered":"<p>Standart Hizmet Ara\u00e7 Stabilizasyon Dikmeleri Standart hizmet dikmelerimiz hafif kamyonlar, SUV'ler ve tipik ara\u00e7larla kullan\u0131m i\u00e7in 4.000 lbs (2:1) nominal \u00e7al\u0131\u015fma y\u00fck\u00fcne sahiptir. \u00c7elik X-Strut Serisi Strutlar \u00c7elik X-Strut serisi, tipik ara\u00e7 kurtarma i\u00e7in tasarlanm\u0131\u015f orijinal X-Strut serimizdir. \u00c7al\u0131\u015fma Y\u00fck\u00fc Limiti: 4.000 lbs. (2:1 G\u00fcvenlik Fakt\u00f6r\u00fc) Detaylar\u0131 G\u00f6r\u00fcnt\u00fcle RJ3 Serisi...<\/p>","protected":false},"author":2,"featured_media":0,"parent":187,"menu_order":0,"comment_status":"closed","ping_status":"closed","template":"","meta":{"footnotes":""},"class_list":["post-177","page","type-page","status-publish","hentry"],"yoast_head":"<!-- This site is optimized with the Yoast SEO plugin v27.2 - https:\/\/yoast.com\/product\/yoast-seo-wordpress\/ -->\n<title>Standard-Duty Vehicle Stabilization Struts | Res-Q-Jack, Inc.<\/title>\n<meta name=\"description\" content=\"Res-Q-Jack standard-duty struts have rated working loads of 4,000 lbs. (2:1) for use with light trucks, SUVs and typical vehicles.\" \/>\n<meta name=\"robots\" content=\"index, follow, max-snippet:-1, max-image-preview:large, max-video-preview:-1\" \/>\n<link rel=\"canonical\" href=\"https:\/\/res-q-jack.com\/tr\/payandalar\/arac-stabilizasyon-strutlari\/standart-gorev-arac-stabilizasyon-destekleri\/\" \/>\n<meta property=\"og:locale\" content=\"tr_TR\" \/>\n<meta property=\"og:type\" content=\"article\" \/>\n<meta property=\"og:title\" content=\"Standard-Duty Vehicle Stabilization Struts | Res-Q-Jack, Inc.\" \/>\n<meta property=\"og:description\" content=\"Res-Q-Jack standard-duty struts have rated working loads of 4,000 lbs. (2:1) for use with light trucks, SUVs and typical vehicles.\" \/>\n<meta property=\"og:url\" content=\"https:\/\/res-q-jack.com\/tr\/payandalar\/arac-stabilizasyon-strutlari\/standart-gorev-arac-stabilizasyon-destekleri\/\" \/>\n<meta property=\"og:site_name\" content=\"Res-Q-Jack, Inc.\" \/>\n<meta property=\"article:modified_time\" content=\"2020-07-02T19:07:22+00:00\" \/>\n<meta property=\"og:image\" content=\"https:\/\/res-q-jack.com\/wp-content\/uploads\/2019\/12\/truck-yellow.png\" \/>\n<meta name=\"twitter:card\" content=\"summary_large_image\" \/>\n<script type=\"application\/ld+json\" class=\"yoast-schema-graph\">{\"@context\":\"https:\/\/schema.org\",\"@graph\":[{\"@type\":\"WebPage\",\"@id\":\"https:\/\/res-q-jack.com\/struts\/vehicle-stabilization-struts\/standard-duty-vehicle-stabilization-struts\/\",\"url\":\"https:\/\/res-q-jack.com\/struts\/vehicle-stabilization-struts\/standard-duty-vehicle-stabilization-struts\/\",\"name\":\"Standard-Duty Vehicle Stabilization Struts | Res-Q-Jack, Inc.\",\"isPartOf\":{\"@id\":\"https:\/\/res-q-jack.com\/#website\"},\"primaryImageOfPage\":{\"@id\":\"https:\/\/res-q-jack.com\/struts\/vehicle-stabilization-struts\/standard-duty-vehicle-stabilization-struts\/#primaryimage\"},\"image\":{\"@id\":\"https:\/\/res-q-jack.com\/struts\/vehicle-stabilization-struts\/standard-duty-vehicle-stabilization-struts\/#primaryimage\"},\"thumbnailUrl\":\"https:\/\/res-q-jack.com\/wp-content\/uploads\/2019\/12\/truck-yellow.png\",\"datePublished\":\"2019-12-18T20:55:42+00:00\",\"dateModified\":\"2020-07-02T19:07:22+00:00\",\"description\":\"Res-Q-Jack standard-duty struts have rated working loads of 4,000 lbs. (2:1) for use with light trucks, SUVs and typical vehicles.\",\"breadcrumb\":{\"@id\":\"https:\/\/res-q-jack.com\/struts\/vehicle-stabilization-struts\/standard-duty-vehicle-stabilization-struts\/#breadcrumb\"},\"inLanguage\":\"tr\",\"potentialAction\":[{\"@type\":\"ReadAction\",\"target\":[\"https:\/\/res-q-jack.com\/struts\/vehicle-stabilization-struts\/standard-duty-vehicle-stabilization-struts\/\"]}]},{\"@type\":\"ImageObject\",\"inLanguage\":\"tr\",\"@id\":\"https:\/\/res-q-jack.com\/struts\/vehicle-stabilization-struts\/standard-duty-vehicle-stabilization-struts\/#primaryimage\",\"url\":\"https:\/\/res-q-jack.com\/wp-content\/uploads\/2019\/12\/truck-yellow.png\",\"contentUrl\":\"https:\/\/res-q-jack.com\/wp-content\/uploads\/2019\/12\/truck-yellow.png\"},{\"@type\":\"BreadcrumbList\",\"@id\":\"https:\/\/res-q-jack.com\/struts\/vehicle-stabilization-struts\/standard-duty-vehicle-stabilization-struts\/#breadcrumb\",\"itemListElement\":[{\"@type\":\"ListItem\",\"position\":1,\"name\":\"Home\",\"item\":\"https:\/\/res-q-jack.com\/\"},{\"@type\":\"ListItem\",\"position\":2,\"name\":\"Rescue Struts\",\"item\":\"https:\/\/res-q-jack.com\/struts\/\"},{\"@type\":\"ListItem\",\"position\":3,\"name\":\"Vehicle Stabilization Struts\",\"item\":\"https:\/\/res-q-jack.com\/struts\/vehicle-stabilization-struts\/\"},{\"@type\":\"ListItem\",\"position\":4,\"name\":\"Standard-Duty Vehicle Stabilization Struts\"}]},{\"@type\":\"WebSite\",\"@id\":\"https:\/\/res-q-jack.com\/#website\",\"url\":\"https:\/\/res-q-jack.com\/\",\"name\":\"Res-Q-Jack, Inc.\",\"description\":\"Vehicle Stabilization Struts\",\"publisher\":{\"@id\":\"https:\/\/res-q-jack.com\/#organization\"},\"potentialAction\":[{\"@type\":\"SearchAction\",\"target\":{\"@type\":\"EntryPoint\",\"urlTemplate\":\"https:\/\/res-q-jack.com\/?s={search_term_string}\"},\"query-input\":{\"@type\":\"PropertyValueSpecification\",\"valueRequired\":true,\"valueName\":\"search_term_string\"}}],\"inLanguage\":\"tr\"},{\"@type\":\"Organization\",\"@id\":\"https:\/\/res-q-jack.com\/#organization\",\"name\":\"Res-Q-Jack, Inc.\",\"url\":\"https:\/\/res-q-jack.com\/\",\"logo\":{\"@type\":\"ImageObject\",\"inLanguage\":\"tr\",\"@id\":\"https:\/\/res-q-jack.com\/#\/schema\/logo\/image\/\",\"url\":\"https:\/\/res-q-jack.com\/wp-content\/uploads\/2020\/03\/Res-Q-Jack-SEO-Logo.png\",\"contentUrl\":\"https:\/\/res-q-jack.com\/wp-content\/uploads\/2020\/03\/Res-Q-Jack-SEO-Logo.png\",\"width\":612,\"height\":138,\"caption\":\"Res-Q-Jack, Inc.\"},\"image\":{\"@id\":\"https:\/\/res-q-jack.com\/#\/schema\/logo\/image\/\"}}]}<\/script>\n<!-- \/ Yoast SEO plugin. -->","yoast_head_json":{"title":"Standart Hizmet Ara\u00e7 Stabilizasyon Destekleri | Res-Q-Jack, Inc.","description":"Res-Q-Jack standart hizmet destekleri, hafif kamyonlar, SUV'lar ve tipik ara\u00e7larla kullan\u0131m i\u00e7in 4.000 lbs (2:1) nominal \u00e7al\u0131\u015fma y\u00fck\u00fcne sahiptir.","robots":{"index":"index","follow":"follow","max-snippet":"max-snippet:-1","max-image-preview":"max-image-preview:large","max-video-preview":"max-video-preview:-1"},"canonical":"https:\/\/res-q-jack.com\/tr\/payandalar\/arac-stabilizasyon-strutlari\/standart-gorev-arac-stabilizasyon-destekleri\/","og_locale":"tr_TR","og_type":"article","og_title":"Standard-Duty Vehicle Stabilization Struts | Res-Q-Jack, Inc.","og_description":"Res-Q-Jack standard-duty struts have rated working loads of 4,000 lbs. (2:1) for use with light trucks, SUVs and typical vehicles.","og_url":"https:\/\/res-q-jack.com\/tr\/payandalar\/arac-stabilizasyon-strutlari\/standart-gorev-arac-stabilizasyon-destekleri\/","og_site_name":"Res-Q-Jack, Inc.","article_modified_time":"2020-07-02T19:07:22+00:00","og_image":[{"url":"https:\/\/res-q-jack.com\/wp-content\/uploads\/2019\/12\/truck-yellow.png","type":"","width":"","height":""}],"twitter_card":"summary_large_image","schema":{"@context":"https:\/\/schema.org","@graph":[{"@type":"WebPage","@id":"https:\/\/res-q-jack.com\/struts\/vehicle-stabilization-struts\/standard-duty-vehicle-stabilization-struts\/","url":"https:\/\/res-q-jack.com\/struts\/vehicle-stabilization-struts\/standard-duty-vehicle-stabilization-struts\/","name":"Standart Hizmet Ara\u00e7 Stabilizasyon Destekleri | Res-Q-Jack, Inc.","isPartOf":{"@id":"https:\/\/res-q-jack.com\/#website"},"primaryImageOfPage":{"@id":"https:\/\/res-q-jack.com\/struts\/vehicle-stabilization-struts\/standard-duty-vehicle-stabilization-struts\/#primaryimage"},"image":{"@id":"https:\/\/res-q-jack.com\/struts\/vehicle-stabilization-struts\/standard-duty-vehicle-stabilization-struts\/#primaryimage"},"thumbnailUrl":"https:\/\/res-q-jack.com\/wp-content\/uploads\/2019\/12\/truck-yellow.png","datePublished":"2019-12-18T20:55:42+00:00","dateModified":"2020-07-02T19:07:22+00:00","description":"Res-Q-Jack standart hizmet destekleri, hafif kamyonlar, SUV'lar ve tipik ara\u00e7larla kullan\u0131m i\u00e7in 4.000 lbs (2:1) nominal \u00e7al\u0131\u015fma y\u00fck\u00fcne sahiptir.","breadcrumb":{"@id":"https:\/\/res-q-jack.com\/struts\/vehicle-stabilization-struts\/standard-duty-vehicle-stabilization-struts\/#breadcrumb"},"inLanguage":"tr","potentialAction":[{"@type":"ReadAction","target":["https:\/\/res-q-jack.com\/struts\/vehicle-stabilization-struts\/standard-duty-vehicle-stabilization-struts\/"]}]},{"@type":"ImageObject","inLanguage":"tr","@id":"https:\/\/res-q-jack.com\/struts\/vehicle-stabilization-struts\/standard-duty-vehicle-stabilization-struts\/#primaryimage","url":"https:\/\/res-q-jack.com\/wp-content\/uploads\/2019\/12\/truck-yellow.png","contentUrl":"https:\/\/res-q-jack.com\/wp-content\/uploads\/2019\/12\/truck-yellow.png"},{"@type":"BreadcrumbList","@id":"https:\/\/res-q-jack.com\/struts\/vehicle-stabilization-struts\/standard-duty-vehicle-stabilization-struts\/#breadcrumb","itemListElement":[{"@type":"ListItem","position":1,"name":"Home","item":"https:\/\/res-q-jack.com\/"},{"@type":"ListItem","position":2,"name":"Rescue Struts","item":"https:\/\/res-q-jack.com\/struts\/"},{"@type":"ListItem","position":3,"name":"Vehicle Stabilization Struts","item":"https:\/\/res-q-jack.com\/struts\/vehicle-stabilization-struts\/"},{"@type":"ListItem","position":4,"name":"Standard-Duty Vehicle Stabilization Struts"}]},{"@type":"WebSite","@id":"https:\/\/res-q-jack.com\/#website","url":"https:\/\/res-q-jack.com\/","name":"Res-Q-Jack, Inc.","description":"Ara\u00e7 Stabilizasyon Destekleri","publisher":{"@id":"https:\/\/res-q-jack.com\/#organization"},"potentialAction":[{"@type":"SearchAction","target":{"@type":"EntryPoint","urlTemplate":"https:\/\/res-q-jack.com\/?s={search_term_string}"},"query-input":{"@type":"PropertyValueSpecification","valueRequired":true,"valueName":"search_term_string"}}],"inLanguage":"tr"},{"@type":"Organization","@id":"https:\/\/res-q-jack.com\/#organization","name":"Res-Q-Jack, Inc.","url":"https:\/\/res-q-jack.com\/","logo":{"@type":"ImageObject","inLanguage":"tr","@id":"https:\/\/res-q-jack.com\/#\/schema\/logo\/image\/","url":"https:\/\/res-q-jack.com\/wp-content\/uploads\/2020\/03\/Res-Q-Jack-SEO-Logo.png","contentUrl":"https:\/\/res-q-jack.com\/wp-content\/uploads\/2020\/03\/Res-Q-Jack-SEO-Logo.png","width":612,"height":138,"caption":"Res-Q-Jack, Inc."},"image":{"@id":"https:\/\/res-q-jack.com\/#\/schema\/logo\/image\/"}}]}},"_links":{"self":[{"href":"https:\/\/res-q-jack.com\/tr\/wp-json\/wp\/v2\/pages\/177","targetHints":{"allow":["GET"]}}],"collection":[{"href":"https:\/\/res-q-jack.com\/tr\/wp-json\/wp\/v2\/pages"}],"about":[{"href":"https:\/\/res-q-jack.com\/tr\/wp-json\/wp\/v2\/types\/page"}],"author":[{"embeddable":true,"href":"https:\/\/res-q-jack.com\/tr\/wp-json\/wp\/v2\/users\/2"}],"replies":[{"embeddable":true,"href":"https:\/\/res-q-jack.com\/tr\/wp-json\/wp\/v2\/comments?post=177"}],"version-history":[{"count":0,"href":"https:\/\/res-q-jack.com\/tr\/wp-json\/wp\/v2\/pages\/177\/revisions"}],"up":[{"embeddable":true,"href":"https:\/\/res-q-jack.com\/tr\/wp-json\/wp\/v2\/pages\/187"}],"wp:attachment":[{"href":"https:\/\/res-q-jack.com\/tr\/wp-json\/wp\/v2\/media?parent=177"}],"curies":[{"name":"wp","href":"https:\/\/api.w.org\/{rel}","templated":true}]}}