{"id":12,"date":"2019-12-13T10:36:36","date_gmt":"2019-12-13T15:36:36","guid":{"rendered":"https:\/\/resqjack.wpengine.com\/?page_id=12"},"modified":"2026-04-22T15:13:03","modified_gmt":"2026-04-22T20:13:03","slug":"ev","status":"publish","type":"page","link":"https:\/\/res-q-jack.com\/tr\/","title":{"rendered":"Ev"},"content":{"rendered":"<h1>MINIMIZE THE EFFORT.<\/h1>\n\t<h1>MAXIMIZE THE LIFT.<\/h1>\n\t\t\t<a href=\"https:\/\/res-q-jack.com\/tr\/aksesuarlar\/x-drive\/\"  target=\"_self\">\n\t\t\t\t\t\t\tEXPLORE X-DRIVE\n\t\t\t\t\t<\/a>\n\t<h2>\n\t\t\t\tPimsiz Stabilizasyon ve Kald\u0131rma ile Daha H\u0131zl\u0131 Yan\u0131t Verin\n\t\t\t<\/h2>\n\t\t\t<p>Pimsiz Ara\u00e7 Stabilizasyon ve Kald\u0131rma Desteklerimiz daha h\u0131zl\u0131 ve daha kolay a\u00e7\u0131l\u0131r, en \u00f6nemli anlarda zamandan tasarruf sa\u011flar.<\/p>\t\n\t\t\t\t<img decoding=\"async\" data-src=\"https:\/\/res-q-jack.com\/wp-content\/uploads\/2026\/04\/Super-X-Long-w-Ratchet-Hooked-on-Top.png\" alt=\"Super X Long w Ratchet Hooked on Top\" title=\"Super X Long w Ratchet Hooked on Top\" itemprop=\"image\" src=\"data:image\/svg+xml;base64,PHN2ZyB3aWR0aD0iMSIgaGVpZ2h0PSIxIiB4bWxucz0iaHR0cDovL3d3dy53My5vcmcvMjAwMC9zdmciPjwvc3ZnPg==\" class=\"lazyload\" style=\"--smush-placeholder-width: 1700px; --smush-placeholder-aspect-ratio: 1700\/8300;\" \/>\n\t\t\t<h5><img decoding=\"async\" data-src=\"https:\/\/res-q-jack.com\/wp-content\/uploads\/2020\/05\/Pin-Free-Stabilization-Struts-95x18-1.png\" src=\"data:image\/svg+xml;base64,PHN2ZyB3aWR0aD0iMSIgaGVpZ2h0PSIxIiB4bWxucz0iaHR0cDovL3d3dy53My5vcmcvMjAwMC9zdmciPjwvc3ZnPg==\" class=\"lazyload\" style=\"--smush-placeholder-width: 95px; --smush-placeholder-aspect-ratio: 95\/18;\" \/><\/h5><h3>S\u00fcper X-Strut Serisi<\/h3>\t\t\t\n\t\t\t\t<p>Super X, a\u011f\u0131r ara\u00e7 kurtarma, yap\u0131sal iksa ve teknik kurtarma i\u00e7in tasarlanm\u0131\u015f en a\u011f\u0131r hizmet tipi dikme serimizdir.\u00a0<\/p>\n<p><strong>\u00c7al\u0131\u015fma Y\u00fck\u00fc Limiti: 19.300 lbs. (2:1 G\u00fcvenlik Fakt\u00f6r\u00fc)<\/strong><\/p>\n\t\t\t<a href=\"https:\/\/res-q-jack.com\/tr\/payandalar\/arac-stabilizasyon-strutlari\/agir-gorev-arac-stabilizasyon-strutlari\/super-x-strut\/\" title=\"Detaylar\u0131 G\u00f6r\u00fcnt\u00fcle\" target=\"_self\"   role=\"button\" aria-label=\"Detaylar\u0131 G\u00f6r\u00fcnt\u00fcle\">\n\t\t\t\t\t\t\t\t\t\t\tDetaylar\u0131 G\u00f6r\u00fcnt\u00fcle\n\t\t<\/a>\n\t\t\t\t<img decoding=\"async\" data-src=\"https:\/\/res-q-jack.com\/wp-content\/uploads\/2026\/04\/Apex-Long-Strut-scaled.png\" alt=\"Apex Long Strut\" title=\"Apex Long Strut\" itemprop=\"image\" src=\"data:image\/svg+xml;base64,PHN2ZyB3aWR0aD0iMSIgaGVpZ2h0PSIxIiB4bWxucz0iaHR0cDovL3d3dy53My5vcmcvMjAwMC9zdmciPjwvc3ZnPg==\" class=\"lazyload\" style=\"--smush-placeholder-width: 604px; --smush-placeholder-aspect-ratio: 604\/2560;\" \/>\n\t\t\t<h5><img decoding=\"async\" data-src=\"https:\/\/res-q-jack.com\/wp-content\/uploads\/2020\/05\/Pin-Free-Stabilization-Struts-95x18-1.png\" src=\"data:image\/svg+xml;base64,PHN2ZyB3aWR0aD0iMSIgaGVpZ2h0PSIxIiB4bWxucz0iaHR0cDovL3d3dy53My5vcmcvMjAwMC9zdmciPjwvc3ZnPg==\" class=\"lazyload\" style=\"--smush-placeholder-width: 95px; --smush-placeholder-aspect-ratio: 95\/18;\" \/><\/h5><h3>Apex X-Strut Serisi<\/h3>\t\t\t\n\t\t\t\t<p>Apex, \u00e7o\u011fu ara\u00e7 kurtarma senaryosu i\u00e7in tasarlanm\u0131\u015f en yeni a\u011f\u0131r hizmet tipi pimsiz dikme serimizdir.\u00a0\u00a0<\/p>\n<p><strong>\u00c7al\u0131\u015fma Y\u00fck\u00fc Limiti: 12.500 lbs'ye kadar (2:1 G\u00fcvenlik Fakt\u00f6r\u00fc)<\/strong><\/p>\n\t\t\t<a href=\"https:\/\/res-q-jack.com\/tr\/payandalar\/arac-stabilizasyon-strutlari\/agir-gorev-arac-stabilizasyon-strutlari\/apex-x-strut\/\" title=\"Detaylar\u0131 G\u00f6r\u00fcnt\u00fcle\" target=\"_self\"   role=\"button\" aria-label=\"Detaylar\u0131 G\u00f6r\u00fcnt\u00fcle\">\n\t\t\t\t\t\t\t\t\t\t\tDetaylar\u0131 G\u00f6r\u00fcnt\u00fcle\n\t\t<\/a>\n\t\t\t\t<img decoding=\"async\" data-src=\"https:\/\/res-q-jack.com\/wp-content\/uploads\/2026\/04\/Auto-X-Long-Strut-scaled.png\" alt=\"Auto X Long Strut\" title=\"Auto X Long Strut\" itemprop=\"image\" src=\"data:image\/svg+xml;base64,PHN2ZyB3aWR0aD0iMSIgaGVpZ2h0PSIxIiB4bWxucz0iaHR0cDovL3d3dy53My5vcmcvMjAwMC9zdmciPjwvc3ZnPg==\" class=\"lazyload\" style=\"--smush-placeholder-width: 602px; --smush-placeholder-aspect-ratio: 602\/2560;\" \/>\n\t\t\t<h5><img decoding=\"async\" data-src=\"https:\/\/res-q-jack.com\/wp-content\/uploads\/2020\/05\/Pin-Free-Stabilization-Struts-95x18-1.png\" src=\"data:image\/svg+xml;base64,PHN2ZyB3aWR0aD0iMSIgaGVpZ2h0PSIxIiB4bWxucz0iaHR0cDovL3d3dy53My5vcmcvMjAwMC9zdmciPjwvc3ZnPg==\" class=\"lazyload\" style=\"--smush-placeholder-width: 95px; --smush-placeholder-aspect-ratio: 95\/18;\" \/><\/h5><h3>Otomatik X-Strut Serisi<\/h3>\t\t\t\n\t\t\t\t<p>Auto X, tipik k\u00fc\u00e7\u00fck ara\u00e7lar\u0131n y\u0131ld\u0131r\u0131m h\u0131z\u0131nda stabilizasyonu ve kald\u0131r\u0131lmas\u0131 i\u00e7in hafif hizmet tipi pimsiz payandam\u0131zd\u0131r.<\/p>\n<p><strong>\u00c7al\u0131\u015fma Y\u00fck\u00fc Limiti: 3.250 lbs. (2:1 G\u00fcvenlik Fakt\u00f6r\u00fc)<\/strong><\/p>\n\t\t\t<a href=\"https:\/\/res-q-jack.com\/tr\/payandalar\/arac-stabilizasyon-strutlari\/hafif-gorev-arac-stabilizasyon-strutlari\/auto-x-strut\/\" title=\"Detaylar\u0131 G\u00f6r\u00fcnt\u00fcle\" target=\"_self\"   role=\"button\" aria-label=\"Detaylar\u0131 G\u00f6r\u00fcnt\u00fcle\">\n\t\t\t\t\t\t\t\t\t\t\tDetaylar\u0131 G\u00f6r\u00fcnt\u00fcle\n\t\t<\/a>\n<h3>\n\t\tAra\u00e7 Stabilizasyonu\n\t\tY\u00fckseltilmi\u015f\n\t\t\t\t<\/h3>\t\n\t\t\t\t<p>Res-Q-Jack olarak, piyasadaki en \u00e7ok y\u00f6nl\u00fc ara\u00e7 stabilizasyon ve kald\u0131rma desteklerini sunarak ara\u00e7 stabilizasyonunu bir \u00fcst seviyeye ta\u015f\u0131yoruz.  Hafif hizmetten a\u011f\u0131r hizmete kadar, hem pimli hem de pimsiz, her biri 2:1 g\u00fcvenlik fakt\u00f6r\u00fcne sahip destekler sunuyoruz.  \u0130htiya\u00e7lar\u0131n\u0131z veya b\u00fct\u00e7eniz ne olursa olsun, Res-Q-Jack i\u015finiz i\u00e7in do\u011fru alete sahip olman\u0131z\u0131 sa\u011flar.  Ve her kit sat\u0131n al\u0131m\u0131nda \u00fccretsiz e\u011fitimle, aletlerimizden en iyi \u015fekilde yararlanman\u0131z\u0131 sa\u011fl\u0131yoruz.<\/p>\n\t\t\t<a href=\"https:\/\/res-q-jack.com\/tr\/hakkinda\/\" title=\"Daha fazla bilgi edinin\" target=\"_self\"   role=\"button\" aria-label=\"Daha fazla bilgi edinin\">\n\t\t\t\t\t\t\tDaha fazla bilgi edinin\n\t\t<\/a>\n\t<a href=\"https:\/\/res-q-jack.com\/tr\/payandalar\/arac-stabilizasyon-strutlari\/agir-gorev-arac-stabilizasyon-strutlari\/\" target=\"_self\"  aria-label=\"Go to https:\/\/res-q-jack.com\/struts\/vehicle-stabilization-struts\/heavy-duty-vehicle-stabilization-struts\/\"><\/a>\n\t\t\t\t<img decoding=\"async\" data-src=\"https:\/\/res-q-jack.com\/wp-content\/uploads\/2020\/06\/cement-truck-icon.png\" alt=\"A\u011f\u0131r Hizmet Ara\u00e7lar\u0131 Stabilizasyon ve Kurtarma Destekleri\" title=\"\u00e7imento kamyonu-simgesi\" itemprop=\"image\" src=\"data:image\/svg+xml;base64,PHN2ZyB3aWR0aD0iMSIgaGVpZ2h0PSIxIiB4bWxucz0iaHR0cDovL3d3dy53My5vcmcvMjAwMC9zdmciPjwvc3ZnPg==\" class=\"lazyload\" style=\"--smush-placeholder-width: 115px; --smush-placeholder-aspect-ratio: 115\/115;\" \/>\n\t\t<p>A\u011f\u0131r Hizmet Tipi Dikmeler<\/p>\t\t\t\n\t<a href=\"https:\/\/res-q-jack.com\/tr\/payandalar\/arac-stabilizasyon-strutlari\/standart-gorev-arac-stabilizasyon-destekleri\/\" target=\"_self\"  aria-label=\"Go to https:\/\/res-q-jack.com\/struts\/vehicle-stabilization-struts\/standard-duty-vehicle-stabilization-struts\/\"><\/a>\n\t\t\t\t<img decoding=\"async\" data-src=\"https:\/\/res-q-jack.com\/wp-content\/uploads\/2020\/06\/pickup-icon.png\" alt=\"Standart Hizmet Ara\u00e7lar\u0131 Stabilizasyon ve Kurtarma Destekleri\" title=\"pikap-ikonu\" itemprop=\"image\" src=\"data:image\/svg+xml;base64,PHN2ZyB3aWR0aD0iMSIgaGVpZ2h0PSIxIiB4bWxucz0iaHR0cDovL3d3dy53My5vcmcvMjAwMC9zdmciPjwvc3ZnPg==\" class=\"lazyload\" style=\"--smush-placeholder-width: 115px; --smush-placeholder-aspect-ratio: 115\/115;\" \/>\n\t\t<p>Standart Hizmet Tipi Dikmeler<\/p>\t\t\t\n\t<a href=\"https:\/\/res-q-jack.com\/tr\/payandalar\/arac-stabilizasyon-strutlari\/hafif-gorev-arac-stabilizasyon-strutlari\/\" target=\"_self\"  aria-label=\"Go to https:\/\/res-q-jack.com\/struts\/vehicle-stabilization-struts\/light-duty-vehicle-stabilization-struts\/\"><\/a>\n\t\t\t\t<img decoding=\"async\" data-src=\"https:\/\/res-q-jack.com\/wp-content\/uploads\/2020\/06\/car-icon.png\" alt=\"Hafif Hizmet Ara\u00e7lar\u0131 Stabilizasyon ve Kurtarma Destekleri\" title=\"araba-ikonu\" itemprop=\"image\" src=\"data:image\/svg+xml;base64,PHN2ZyB3aWR0aD0iMSIgaGVpZ2h0PSIxIiB4bWxucz0iaHR0cDovL3d3dy53My5vcmcvMjAwMC9zdmciPjwvc3ZnPg==\" class=\"lazyload\" style=\"--smush-placeholder-width: 115px; --smush-placeholder-aspect-ratio: 115\/115;\" \/>\n\t\t<p>Hafif Hizmet Tipi Strutlar<\/p>\t\t\t\n\t<a href=\"https:\/\/res-q-jack.com\/tr\/payandalar\/hendek-koruyucu-strutlar\/\" target=\"_self\"  aria-label=\"Go to https:\/\/res-q-jack.com\/struts\/trench-shoring-struts\/\"><\/a>\n\t\t\t\t<img decoding=\"async\" data-src=\"https:\/\/res-q-jack.com\/wp-content\/uploads\/2020\/06\/trench-icon.png\" alt=\"Hendek \u0130ksa Destekleri\" title=\"siper-ikonu\" itemprop=\"image\" src=\"data:image\/svg+xml;base64,PHN2ZyB3aWR0aD0iMSIgaGVpZ2h0PSIxIiB4bWxucz0iaHR0cDovL3d3dy53My5vcmcvMjAwMC9zdmciPjwvc3ZnPg==\" class=\"lazyload\" style=\"--smush-placeholder-width: 115px; --smush-placeholder-aspect-ratio: 115\/115;\" \/>\n\t\t<p>Hendek \u0130ksa Destekleri<\/p>\t\t\t\n\t<a href=\"https:\/\/res-q-jack.com\/tr\/egitim\/\" target=\"_self\"  aria-label=\"Go to https:\/\/res-q-jack.com\/training\/\"><\/a>\n\t\t\t\t<img decoding=\"async\" data-src=\"https:\/\/res-q-jack.com\/wp-content\/uploads\/2020\/06\/training-icon.png\" alt=\"Res-Q-Jack E\u011fitimi\" title=\"e\u011fitim-ikonu\" itemprop=\"image\" src=\"data:image\/svg+xml;base64,PHN2ZyB3aWR0aD0iMSIgaGVpZ2h0PSIxIiB4bWxucz0iaHR0cDovL3d3dy53My5vcmcvMjAwMC9zdmciPjwvc3ZnPg==\" class=\"lazyload\" style=\"--smush-placeholder-width: 115px; --smush-placeholder-aspect-ratio: 115\/115;\" \/>\n\t\t<p>E\u011fitim Kaynaklar\u0131<\/p>\t\t\t\n\t<a href=\"https:\/\/res-q-jack.com\/tr\/egitim\/stabilizasyon-universite\/\" target=\"_self\"  aria-label=\"Go to https:\/\/res-q-jack.com\/training\/stabilization-university\/\"><\/a>\n\t\t\t\t<img decoding=\"async\" data-src=\"https:\/\/res-q-jack.com\/wp-content\/uploads\/2020\/06\/stabu-icon.png\" alt=\"Stabilizasyon \u00dcniversitesi\" title=\"stabu-icon\" itemprop=\"image\" src=\"data:image\/svg+xml;base64,PHN2ZyB3aWR0aD0iMSIgaGVpZ2h0PSIxIiB4bWxucz0iaHR0cDovL3d3dy53My5vcmcvMjAwMC9zdmciPjwvc3ZnPg==\" class=\"lazyload\" style=\"--smush-placeholder-width: 115px; --smush-placeholder-aspect-ratio: 115\/115;\" \/>\n\t\t<p>Stabilizasyon \u00dcniversitesi<\/p>\t\t\t\n\t<a href=\"https:\/\/res-q-jack.com\/tr\/olaylar\/\" target=\"_self\"  aria-label=\"Detaylar\u0131 G\u00f6r\u00fcnt\u00fcle\"00><\/a>\n\t\t\t\t<img decoding=\"async\" data-src=\"https:\/\/res-q-jack.com\/wp-content\/uploads\/2020\/06\/calendar-icon.png\" alt=\"Res-Q-Jack Etkinlik Takvimi\" title=\"takvim-ikonu\" itemprop=\"image\" src=\"data:image\/svg+xml;base64,PHN2ZyB3aWR0aD0iMSIgaGVpZ2h0PSIxIiB4bWxucz0iaHR0cDovL3d3dy53My5vcmcvMjAwMC9zdmciPjwvc3ZnPg==\" class=\"lazyload\" style=\"--smush-placeholder-width: 115px; --smush-placeholder-aspect-ratio: 115\/115;\" \/>\n\t\t<p>Etkinlik Takvimi<\/p>\t\t\t\n\t<h3>\n\t\t\t\tABD ve D\u00fcnya \u00c7ap\u0131nda 4.000 Departman Taraf\u0131ndan G\u00fcvenilmektedir.\n\t\t\t<\/h3>\n\t\t<ul>\n\t\t<li><blockquote><p>\"Departman\u0131m\u0131n Kurtarma Krikolar\u0131n\u0131z\u0131 sat\u0131n almas\u0131 3 y\u0131l\u0131m\u0131 ald\u0131... ve daha \u00f6nce i\u015fleri nas\u0131l yapt\u0131\u011f\u0131m\u0131z\u0131 merak ediyoruz.\"- Philip Kontoulas, Orlando \u015eehri \u0130tfaiye Departman\u0131 -<\/p><\/blockquote><\/li>\t\t<li><blockquote>\"Res-Q-Jack Kald\u0131rma Desteklerini uygulamal\u0131 bir DEMO'da kullanana ve yapabilece\u011fi her \u015feyi fark edene kadar stabilizasyonu d\u00fc\u015f\u00fcnm\u00fcyorduk.  DEMO bize Res-Q-Jack'leri satt\u0131.\"- \u015eef Artie Sullivan, Villiage of Horseheads \u0130tfaiye Departman\u0131 -<\/blockquote><\/li>\t\t<li><blockquote>\"Res-Q-Jack'leri bug\u00fcn ilk kez bir ara\u00e7 kazas\u0131nda hizmete soktuk. Harika \u00e7al\u0131\u015ft\u0131lar! Yard\u0131mlar\u0131n\u0131z ve e\u011fitiminiz i\u00e7in te\u015fekk\u00fcrler!\"- Bob Brown, Rose Tree \u0130tfaiye Departman\u0131 -<\/blockquote><\/li>\t\t<li><blockquote>\"Bu \u00fcr\u00fcnleri sahada kulland\u0131k, e\u011fitimlerde kulland\u0131m ve ayr\u0131ca y\u0131llar \u00f6nce bir Stab-U'ya kat\u0131lma f\u0131rsat\u0131m oldu. \u00dcr\u00fcnleriniz fark yarat\u0131yor. Bu kazada kald\u0131rma destekleri olmasayd\u0131, hasta i\u00e7in \u00e7ok k\u00f6t\u00fc bir sonu\u00e7la kar\u015f\u0131la\u015faca\u011f\u0131m\u0131za kesinlikle inan\u0131yorum. Ba\u015fka bir se\u00e7enek yoktu.\"- Brian Robinson, Eyalet E\u011fitim Sorumlusu, Tennessee Kurtarma Ekipleri Birli\u011fi -<\/blockquote><\/li>\t\t\t<\/ul>\n\t\t<h3>\u00dccretsiz Demonuzu Bug\u00fcn Planlay\u0131n!<\/h3>\n\t\t<p>Kullan\u0131m\u0131 kolay ara\u00e7 stabilizasyon ve kald\u0131rma desteklerimizden birini sat\u0131n almay\u0131 m\u0131 d\u00fc\u015f\u00fcn\u00fcyorsunuz?  Sat\u0131n almadan \u00f6nce bir demo mu istiyorsunuz?<\/p>\n\t\t\t<a href=\"https:\/\/res-q-jack.com\/tr\/ucretsiz-demo\/\"  target=\"_self\">\n\t\t\t\t\t\t\tBir Demo Planlay\u0131n\n\t\t\t\t\t<\/a>","protected":false},"excerpt":{"rendered":"<p>MINIMIZE THE EFFORT. MAXIMIZE THE LIFT. EXPLORE X-DRIVE Respond Faster with Pin-Free Stabilization &amp; Lifting Our Pin-Free Vehicle Stabilization &amp; Lifting Struts are faster and easier to deploy, saving time when it matters most. Super X-Strut Series The Super X is our most heavy-duty strut line, designed for heavy vehicle rescue, structural shoring and technical&hellip;<\/p>","protected":false},"author":2,"featured_media":14,"parent":0,"menu_order":0,"comment_status":"closed","ping_status":"closed","template":"","meta":{"footnotes":""},"class_list":["post-12","page","type-page","status-publish","has-post-thumbnail","hentry"],"yoast_head":"<!-- This site is optimized with the Yoast SEO plugin v27.5 - https:\/\/yoast.com\/product\/yoast-seo-wordpress\/ -->\n<title>Vehicle Stabilization Struts<\/title>\n<meta name=\"description\" content=\"Res-Q-Jack provides vehicle stabilization struts, lifting struts and trench shoring products for first responders, fire fighters and EMS.\" \/>\n<meta name=\"robots\" content=\"index, follow, max-snippet:-1, max-image-preview:large, max-video-preview:-1\" \/>\n<link rel=\"canonical\" href=\"https:\/\/res-q-jack.com\/tr\/\" \/>\n<meta property=\"og:locale\" content=\"tr_TR\" \/>\n<meta property=\"og:type\" content=\"article\" \/>\n<meta property=\"og:title\" content=\"Vehicle Stabilization Struts\" \/>\n<meta property=\"og:description\" content=\"Res-Q-Jack provides vehicle stabilization struts, lifting struts and trench shoring products for first responders, fire fighters and EMS.\" \/>\n<meta property=\"og:url\" content=\"https:\/\/res-q-jack.com\/tr\/\" \/>\n<meta property=\"og:site_name\" content=\"Res-Q-Jack, Inc.\" \/>\n<meta property=\"article:modified_time\" content=\"2026-04-22T20:13:03+00:00\" \/>\n<meta property=\"og:image\" content=\"https:\/\/res-q-jack.com\/wp-content\/uploads\/2019\/12\/Vehicle-Stabilization-Struts-from-Res-Q-Jack.jpg\" \/>\n\t<meta property=\"og:image:width\" content=\"900\" \/>\n\t<meta property=\"og:image:height\" content=\"600\" \/>\n\t<meta property=\"og:image:type\" content=\"image\/jpeg\" \/>\n<meta name=\"twitter:card\" content=\"summary_large_image\" \/>\n<meta name=\"twitter:label1\" content=\"Tahmini okuma s\u00fcresi\" \/>\n\t<meta name=\"twitter:data1\" content=\"5 dakika\" \/>\n<script type=\"application\/ld+json\" class=\"yoast-schema-graph\">{\"@context\":\"https:\\\/\\\/schema.org\",\"@graph\":[{\"@type\":\"WebPage\",\"@id\":\"https:\\\/\\\/res-q-jack.com\\\/\",\"url\":\"https:\\\/\\\/res-q-jack.com\\\/\",\"name\":\"Vehicle Stabilization Struts\",\"isPartOf\":{\"@id\":\"https:\\\/\\\/res-q-jack.com\\\/#website\"},\"primaryImageOfPage\":{\"@id\":\"https:\\\/\\\/res-q-jack.com\\\/#primaryimage\"},\"image\":{\"@id\":\"https:\\\/\\\/res-q-jack.com\\\/#primaryimage\"},\"thumbnailUrl\":\"https:\\\/\\\/res-q-jack.com\\\/wp-content\\\/uploads\\\/2019\\\/12\\\/Vehicle-Stabilization-Struts-from-Res-Q-Jack.jpg\",\"datePublished\":\"2019-12-13T15:36:36+00:00\",\"dateModified\":\"2026-04-22T20:13:03+00:00\",\"description\":\"Res-Q-Jack provides vehicle stabilization struts, lifting struts and trench shoring products for first responders, fire fighters and EMS.\",\"breadcrumb\":{\"@id\":\"https:\\\/\\\/res-q-jack.com\\\/#breadcrumb\"},\"inLanguage\":\"tr\",\"potentialAction\":[{\"@type\":\"ReadAction\",\"target\":[\"https:\\\/\\\/res-q-jack.com\\\/\"]}]},{\"@type\":\"ImageObject\",\"inLanguage\":\"tr\",\"@id\":\"https:\\\/\\\/res-q-jack.com\\\/#primaryimage\",\"url\":\"https:\\\/\\\/res-q-jack.com\\\/wp-content\\\/uploads\\\/2019\\\/12\\\/Vehicle-Stabilization-Struts-from-Res-Q-Jack.jpg\",\"contentUrl\":\"https:\\\/\\\/res-q-jack.com\\\/wp-content\\\/uploads\\\/2019\\\/12\\\/Vehicle-Stabilization-Struts-from-Res-Q-Jack.jpg\",\"width\":900,\"height\":600,\"caption\":\"Vehicle Stabilization Struts\"},{\"@type\":\"BreadcrumbList\",\"@id\":\"https:\\\/\\\/res-q-jack.com\\\/#breadcrumb\",\"itemListElement\":[{\"@type\":\"ListItem\",\"position\":1,\"name\":\"Home\",\"item\":\"https:\\\/\\\/res-q-jack.com\\\/\"},{\"@type\":\"ListItem\",\"position\":2,\"name\":\"Home\"}]},{\"@type\":\"WebSite\",\"@id\":\"https:\\\/\\\/res-q-jack.com\\\/#website\",\"url\":\"https:\\\/\\\/res-q-jack.com\\\/\",\"name\":\"Res-Q-Jack, Inc.\",\"description\":\"Vehicle Stabilization Struts\",\"publisher\":{\"@id\":\"https:\\\/\\\/res-q-jack.com\\\/#organization\"},\"potentialAction\":[{\"@type\":\"SearchAction\",\"target\":{\"@type\":\"EntryPoint\",\"urlTemplate\":\"https:\\\/\\\/res-q-jack.com\\\/?s={search_term_string}\"},\"query-input\":{\"@type\":\"PropertyValueSpecification\",\"valueRequired\":true,\"valueName\":\"search_term_string\"}}],\"inLanguage\":\"tr\"},{\"@type\":\"Organization\",\"@id\":\"https:\\\/\\\/res-q-jack.com\\\/#organization\",\"name\":\"Res-Q-Jack, Inc.\",\"url\":\"https:\\\/\\\/res-q-jack.com\\\/\",\"logo\":{\"@type\":\"ImageObject\",\"inLanguage\":\"tr\",\"@id\":\"https:\\\/\\\/res-q-jack.com\\\/#\\\/schema\\\/logo\\\/image\\\/\",\"url\":\"https:\\\/\\\/res-q-jack.com\\\/wp-content\\\/uploads\\\/2020\\\/03\\\/Res-Q-Jack-SEO-Logo.png\",\"contentUrl\":\"https:\\\/\\\/res-q-jack.com\\\/wp-content\\\/uploads\\\/2020\\\/03\\\/Res-Q-Jack-SEO-Logo.png\",\"width\":612,\"height\":138,\"caption\":\"Res-Q-Jack, Inc.\"},\"image\":{\"@id\":\"https:\\\/\\\/res-q-jack.com\\\/#\\\/schema\\\/logo\\\/image\\\/\"}}]}<\/script>\n<!-- \/ Yoast SEO plugin. -->","yoast_head_json":{"title":"Ara\u00e7 Stabilizasyon Destekleri","description":"Res-Q-Jack, ilk m\u00fcdahale ekipleri, itfaiyeciler ve EMS i\u00e7in ara\u00e7 stabilizasyon destekleri, kald\u0131rma destekleri ve hendek iksa \u00fcr\u00fcnleri sa\u011flar.","robots":{"index":"index","follow":"follow","max-snippet":"max-snippet:-1","max-image-preview":"max-image-preview:large","max-video-preview":"max-video-preview:-1"},"canonical":"https:\/\/res-q-jack.com\/tr\/","og_locale":"tr_TR","og_type":"article","og_title":"Vehicle Stabilization Struts","og_description":"Res-Q-Jack provides vehicle stabilization struts, lifting struts and trench shoring products for first responders, fire fighters and EMS.","og_url":"https:\/\/res-q-jack.com\/tr\/","og_site_name":"Res-Q-Jack, Inc.","article_modified_time":"2026-04-22T20:13:03+00:00","og_image":[{"width":900,"height":600,"url":"https:\/\/res-q-jack.com\/wp-content\/uploads\/2019\/12\/Vehicle-Stabilization-Struts-from-Res-Q-Jack.jpg","type":"image\/jpeg"}],"twitter_card":"summary_large_image","twitter_misc":{"Tahmini okuma s\u00fcresi":"5 dakika"},"schema":{"@context":"https:\/\/schema.org","@graph":[{"@type":"WebPage","@id":"https:\/\/res-q-jack.com\/","url":"https:\/\/res-q-jack.com\/","name":"Ara\u00e7 Stabilizasyon Destekleri","isPartOf":{"@id":"https:\/\/res-q-jack.com\/#website"},"primaryImageOfPage":{"@id":"https:\/\/res-q-jack.com\/#primaryimage"},"image":{"@id":"https:\/\/res-q-jack.com\/#primaryimage"},"thumbnailUrl":"https:\/\/res-q-jack.com\/wp-content\/uploads\/2019\/12\/Vehicle-Stabilization-Struts-from-Res-Q-Jack.jpg","datePublished":"2019-12-13T15:36:36+00:00","dateModified":"2026-04-22T20:13:03+00:00","description":"Res-Q-Jack, ilk m\u00fcdahale ekipleri, itfaiyeciler ve EMS i\u00e7in ara\u00e7 stabilizasyon destekleri, kald\u0131rma destekleri ve hendek iksa \u00fcr\u00fcnleri sa\u011flar.","breadcrumb":{"@id":"https:\/\/res-q-jack.com\/#breadcrumb"},"inLanguage":"tr","potentialAction":[{"@type":"ReadAction","target":["https:\/\/res-q-jack.com\/"]}]},{"@type":"ImageObject","inLanguage":"tr","@id":"https:\/\/res-q-jack.com\/#primaryimage","url":"https:\/\/res-q-jack.com\/wp-content\/uploads\/2019\/12\/Vehicle-Stabilization-Struts-from-Res-Q-Jack.jpg","contentUrl":"https:\/\/res-q-jack.com\/wp-content\/uploads\/2019\/12\/Vehicle-Stabilization-Struts-from-Res-Q-Jack.jpg","width":900,"height":600,"caption":"Vehicle Stabilization Struts"},{"@type":"BreadcrumbList","@id":"https:\/\/res-q-jack.com\/#breadcrumb","itemListElement":[{"@type":"ListItem","position":1,"name":"Home","item":"https:\/\/res-q-jack.com\/"},{"@type":"ListItem","position":2,"name":"Home"}]},{"@type":"WebSite","@id":"https:\/\/res-q-jack.com\/#website","url":"https:\/\/res-q-jack.com\/","name":"Res-Q-Jack, Inc.","description":"Ara\u00e7 Stabilizasyon Destekleri","publisher":{"@id":"https:\/\/res-q-jack.com\/#organization"},"potentialAction":[{"@type":"SearchAction","target":{"@type":"EntryPoint","urlTemplate":"https:\/\/res-q-jack.com\/?s={search_term_string}"},"query-input":{"@type":"PropertyValueSpecification","valueRequired":true,"valueName":"search_term_string"}}],"inLanguage":"tr"},{"@type":"Organization","@id":"https:\/\/res-q-jack.com\/#organization","name":"Res-Q-Jack, Inc.","url":"https:\/\/res-q-jack.com\/","logo":{"@type":"ImageObject","inLanguage":"tr","@id":"https:\/\/res-q-jack.com\/#\/schema\/logo\/image\/","url":"https:\/\/res-q-jack.com\/wp-content\/uploads\/2020\/03\/Res-Q-Jack-SEO-Logo.png","contentUrl":"https:\/\/res-q-jack.com\/wp-content\/uploads\/2020\/03\/Res-Q-Jack-SEO-Logo.png","width":612,"height":138,"caption":"Res-Q-Jack, Inc."},"image":{"@id":"https:\/\/res-q-jack.com\/#\/schema\/logo\/image\/"}}]}},"_links":{"self":[{"href":"https:\/\/res-q-jack.com\/tr\/wp-json\/wp\/v2\/pages\/12","targetHints":{"allow":["GET"]}}],"collection":[{"href":"https:\/\/res-q-jack.com\/tr\/wp-json\/wp\/v2\/pages"}],"about":[{"href":"https:\/\/res-q-jack.com\/tr\/wp-json\/wp\/v2\/types\/page"}],"author":[{"embeddable":true,"href":"https:\/\/res-q-jack.com\/tr\/wp-json\/wp\/v2\/users\/2"}],"replies":[{"embeddable":true,"href":"https:\/\/res-q-jack.com\/tr\/wp-json\/wp\/v2\/comments?post=12"}],"version-history":[{"count":6,"href":"https:\/\/res-q-jack.com\/tr\/wp-json\/wp\/v2\/pages\/12\/revisions"}],"predecessor-version":[{"id":2447,"href":"https:\/\/res-q-jack.com\/tr\/wp-json\/wp\/v2\/pages\/12\/revisions\/2447"}],"wp:featuredmedia":[{"embeddable":true,"href":"https:\/\/res-q-jack.com\/tr\/wp-json\/wp\/v2\/media\/14"}],"wp:attachment":[{"href":"https:\/\/res-q-jack.com\/tr\/wp-json\/wp\/v2\/media?parent=12"}],"curies":[{"name":"wp","href":"https:\/\/api.w.org\/{rel}","templated":true}]}}