{"id":819,"date":"2020-02-26T17:27:36","date_gmt":"2020-02-26T22:27:36","guid":{"rendered":"https:\/\/resqjack.wpengine.com\/?page_id=819"},"modified":"2024-10-16T13:51:44","modified_gmt":"2024-10-16T18:51:44","slug":"stabilization-university","status":"publish","type":"page","link":"https:\/\/res-q-jack.com\/pt\/training\/stabilization-university\/","title":{"rendered":"Universidade de Estabiliza\u00e7\u00e3o"},"content":{"rendered":"<img decoding=\"async\" data-src=\"https:\/\/res-q-jack.com\/wp-content\/uploads\/2021\/06\/Stabilization-University-Logo-2021.png\" alt=\"Aprenda Dicas e T\u00e9cnicas para Estabiliza\u00e7\u00e3o de Ve\u00edculos\" title=\"Estabiliza\u00e7ao-Universidade-Logo 2021\" itemprop=\"image\" src=\"data:image\/svg+xml;base64,PHN2ZyB3aWR0aD0iMSIgaGVpZ2h0PSIxIiB4bWxucz0iaHR0cDovL3d3dy53My5vcmcvMjAwMC9zdmciPjwvc3ZnPg==\" class=\"lazyload\" style=\"--smush-placeholder-width: 625px; --smush-placeholder-aspect-ratio: 625\/137;\" \/>\n\t\t<h1>Ferramentas patenteadas.  Treinamento patenteado.<\/h1>\t\t\t\n\t\t\t\t<p>Aprenda mais sobre nossas ferramentas e nossas t\u00e9cnicas patenteadas com instrutores qualificados de Res-Q-Jack.  Estes eventos pr\u00e1ticos, com dura\u00e7\u00e3o de um dia inteiro, s\u00e3o realizados durante todo o ano em todo o pa\u00eds.<\/p>\n\tAs inscri\u00e7\u00f5es j\u00e1 est\u00e3o abertas para a nossa Factory Stabilization University de 2025 no Greek Peak Mtn. Resort em Cortland, NY!<br \/>\nS\u00e1bado, 27 de setembro de 2025\n\t<ul>\n\t\t<li>\t\t\n\t\t\t\t<img decoding=\"async\" data-src=\"https:\/\/res-q-jack.com\/wp-content\/uploads\/2024\/10\/2025_stabilization-university_thumb.webp\" alt=\"Inscri\u00e7\u00e3o na Universidade de Estabiliza\u00e7\u00e3o 2025\" title=\"2025_stabilization-university_thumb\" itemprop=\"image\" src=\"data:image\/svg+xml;base64,PHN2ZyB3aWR0aD0iMSIgaGVpZ2h0PSIxIiB4bWxucz0iaHR0cDovL3d3dy53My5vcmcvMjAwMC9zdmciPjwvc3ZnPg==\" class=\"lazyload\" style=\"--smush-placeholder-width: 500px; --smush-placeholder-aspect-ratio: 500\/647;\" \/>\n\t\t<h3><strong>Registre-se agora para reservar sua vaga!<\/strong> As vagas s\u00e3o limitadas a apenas 125 alunos<\/h3><p>Junte-se a n\u00f3s em um dia especial de intenso treinamento pr\u00e1tico no belo Greek Peak Mountain Resort em Cortland, NY. Preencha o formul\u00e1rio para reservar sua vaga na Stabilization University. Voc\u00ea ser\u00e1 contatado em breve para verificar os detalhes da inscri\u00e7\u00e3o e do pagamento.<\/p><\/li>\t<\/ul>\n\t\t\t<a href=\"https:\/\/res-q-jack.com\/wp-content\/uploads\/2024\/10\/2025_Stabilization-University_Flyer.pdf\" target=\"_blank\" rel=\"noopener\">\n\t\t\t\t\t\t\tDownload do formul\u00e1rio para impress\u00e3o\n\t\t\t\t\t<\/a>\n\t<h1>\n\t\t\t\tTreinamento pr\u00e1tico sobre nossas ferramentas e t\u00e9cnicas patenteadas\n\t\t\t<\/h1>\n\t<p>Aprenda o que h\u00e1 de mais moderno em estabiliza\u00e7\u00e3o e eleva\u00e7\u00e3o de ve\u00edculos com nossas t\u00e9cnicas patenteadas! A Universidade de Estabiliza\u00e7\u00e3o \u00e9 o seu bilhete para manter-se a par de suas ferramentas de Res-Q-Jack e manter-se atualizado sobre nossas t\u00e9cnicas mais recentes.<\/p>\n<p>Cada Universidade de Estabiliza\u00e7\u00e3o come\u00e7a com um breve resumo de nossa teoria de eleva\u00e7\u00e3o, depois se move para fora para enfrentar cen\u00e1rios pr\u00e1ticos realistas. Instru\u00eddo por profissionais da Res-Q-Jack, cada Universidade de Estabiliza\u00e7\u00e3o lhe ensinar\u00e1 t\u00e9cnicas b\u00e1sicas a avan\u00e7adas para garantir que voc\u00ea obtenha o m\u00e1ximo de seu equipamento.<\/p>\n<p>Verifique nosso calend\u00e1rio de eventos e siga-nos no Facebook para encontrar uma Universidade de Estabiliza\u00e7\u00e3o perto de voc\u00ea!<\/p>\n<h3>Os cursos incluem:<\/h3>\n<ul>\n<li>Apresenta\u00e7\u00e3o sobre os conceitos b\u00e1sicos de estabiliza\u00e7\u00e3o e eleva\u00e7\u00e3o.<\/li>\n<li>Basicamente, o apoio de rodas, o apoio lateral e a estabiliza\u00e7\u00e3o e eleva\u00e7\u00e3o do teto.<\/li>\n<li>Rolo Controlado, Rolo Darlington e t\u00e9cnicas avan\u00e7adas de capotagem.<\/li>\n<li>Configura\u00e7\u00f5es b\u00e1sicas e avan\u00e7adas de substitui\u00e7\u00e3o.<\/li>\n<li>Barreiras, ve\u00edculos incomuns, eleva\u00e7\u00e3o de ve\u00edculos grandes e outros cen\u00e1rios complexos.<\/li>\n<\/ul>","protected":false},"excerpt":{"rendered":"<p>Patented tools. Patented training. Learn more about our tools and our patented techniques from qualified Res-Q-Jack instructors.\u00a0 These hands-on, all-day events are held throughout the year all over the country. Registration is now open for our 2025 Factory Stabilization University at Greek Peak Mtn. Resort in Cortland, NY! Saturday, September 27, 2025 Register now to&hellip;<\/p>","protected":false},"author":2,"featured_media":0,"parent":1501,"menu_order":0,"comment_status":"closed","ping_status":"closed","template":"","meta":{"footnotes":""},"class_list":["post-819","page","type-page","status-publish","hentry"],"yoast_head":"<!-- This site is optimized with the Yoast SEO plugin v27.2 - https:\/\/yoast.com\/product\/yoast-seo-wordpress\/ -->\n<title>Stabilization University | Res-Q-Jack, Inc.<\/title>\n<meta name=\"robots\" content=\"index, follow, max-snippet:-1, max-image-preview:large, max-video-preview:-1\" \/>\n<link rel=\"canonical\" href=\"https:\/\/res-q-jack.com\/pt\/treinamento\/stabilization-university\/\" \/>\n<meta property=\"og:locale\" content=\"pt_BR\" \/>\n<meta property=\"og:type\" content=\"article\" \/>\n<meta property=\"og:title\" content=\"Stabilization University | Res-Q-Jack, Inc.\" \/>\n<meta property=\"og:description\" content=\"Patented tools. Patented training. Learn more about our tools and our patented techniques from qualified Res-Q-Jack instructors.\u00a0 These hands-on, all-day events are held throughout the year all over the country. Registration is now open for our 2025 Factory Stabilization University at Greek Peak Mtn. Resort in Cortland, NY! Saturday, September 27, 2025 Register now to&hellip;\" \/>\n<meta property=\"og:url\" content=\"https:\/\/res-q-jack.com\/pt\/treinamento\/stabilization-university\/\" \/>\n<meta property=\"og:site_name\" content=\"Res-Q-Jack, Inc.\" \/>\n<meta property=\"article:modified_time\" content=\"2024-10-16T18:51:44+00:00\" \/>\n<meta property=\"og:image\" content=\"https:\/\/res-q-jack.com\/wp-content\/uploads\/2021\/06\/Stabilization-University-Logo-2021.png\" \/>\n<meta name=\"twitter:card\" content=\"summary_large_image\" \/>\n<meta name=\"twitter:label1\" content=\"Est. tempo de leitura\" \/>\n\t<meta name=\"twitter:data1\" content=\"1 minuto\" \/>\n<script type=\"application\/ld+json\" class=\"yoast-schema-graph\">{\"@context\":\"https:\/\/schema.org\",\"@graph\":[{\"@type\":\"WebPage\",\"@id\":\"https:\/\/res-q-jack.com\/training\/stabilization-university\/\",\"url\":\"https:\/\/res-q-jack.com\/training\/stabilization-university\/\",\"name\":\"Stabilization University | Res-Q-Jack, Inc.\",\"isPartOf\":{\"@id\":\"https:\/\/res-q-jack.com\/#website\"},\"primaryImageOfPage\":{\"@id\":\"https:\/\/res-q-jack.com\/training\/stabilization-university\/#primaryimage\"},\"image\":{\"@id\":\"https:\/\/res-q-jack.com\/training\/stabilization-university\/#primaryimage\"},\"thumbnailUrl\":\"https:\/\/res-q-jack.com\/wp-content\/uploads\/2021\/06\/Stabilization-University-Logo-2021.png\",\"datePublished\":\"2020-02-26T22:27:36+00:00\",\"dateModified\":\"2024-10-16T18:51:44+00:00\",\"breadcrumb\":{\"@id\":\"https:\/\/res-q-jack.com\/training\/stabilization-university\/#breadcrumb\"},\"inLanguage\":\"pt-BR\",\"potentialAction\":[{\"@type\":\"ReadAction\",\"target\":[\"https:\/\/res-q-jack.com\/training\/stabilization-university\/\"]}]},{\"@type\":\"ImageObject\",\"inLanguage\":\"pt-BR\",\"@id\":\"https:\/\/res-q-jack.com\/training\/stabilization-university\/#primaryimage\",\"url\":\"https:\/\/res-q-jack.com\/wp-content\/uploads\/2021\/06\/Stabilization-University-Logo-2021.png\",\"contentUrl\":\"https:\/\/res-q-jack.com\/wp-content\/uploads\/2021\/06\/Stabilization-University-Logo-2021.png\"},{\"@type\":\"BreadcrumbList\",\"@id\":\"https:\/\/res-q-jack.com\/training\/stabilization-university\/#breadcrumb\",\"itemListElement\":[{\"@type\":\"ListItem\",\"position\":1,\"name\":\"Home\",\"item\":\"https:\/\/res-q-jack.com\/\"},{\"@type\":\"ListItem\",\"position\":2,\"name\":\"Training\",\"item\":\"https:\/\/res-q-jack.com\/training\/\"},{\"@type\":\"ListItem\",\"position\":3,\"name\":\"Stabilization University\"}]},{\"@type\":\"WebSite\",\"@id\":\"https:\/\/res-q-jack.com\/#website\",\"url\":\"https:\/\/res-q-jack.com\/\",\"name\":\"Res-Q-Jack, Inc.\",\"description\":\"Vehicle Stabilization Struts\",\"publisher\":{\"@id\":\"https:\/\/res-q-jack.com\/#organization\"},\"potentialAction\":[{\"@type\":\"SearchAction\",\"target\":{\"@type\":\"EntryPoint\",\"urlTemplate\":\"https:\/\/res-q-jack.com\/?s={search_term_string}\"},\"query-input\":{\"@type\":\"PropertyValueSpecification\",\"valueRequired\":true,\"valueName\":\"search_term_string\"}}],\"inLanguage\":\"pt-BR\"},{\"@type\":\"Organization\",\"@id\":\"https:\/\/res-q-jack.com\/#organization\",\"name\":\"Res-Q-Jack, Inc.\",\"url\":\"https:\/\/res-q-jack.com\/\",\"logo\":{\"@type\":\"ImageObject\",\"inLanguage\":\"pt-BR\",\"@id\":\"https:\/\/res-q-jack.com\/#\/schema\/logo\/image\/\",\"url\":\"https:\/\/res-q-jack.com\/wp-content\/uploads\/2020\/03\/Res-Q-Jack-SEO-Logo.png\",\"contentUrl\":\"https:\/\/res-q-jack.com\/wp-content\/uploads\/2020\/03\/Res-Q-Jack-SEO-Logo.png\",\"width\":612,\"height\":138,\"caption\":\"Res-Q-Jack, Inc.\"},\"image\":{\"@id\":\"https:\/\/res-q-jack.com\/#\/schema\/logo\/image\/\"}}]}<\/script>\n<!-- \/ Yoast SEO plugin. -->","yoast_head_json":{"title":"Universidade de Estabiliza\u00e7\u00e3o | Res-Q-Jack, Inc.","robots":{"index":"index","follow":"follow","max-snippet":"max-snippet:-1","max-image-preview":"max-image-preview:large","max-video-preview":"max-video-preview:-1"},"canonical":"https:\/\/res-q-jack.com\/pt\/treinamento\/stabilization-university\/","og_locale":"pt_BR","og_type":"article","og_title":"Stabilization University | Res-Q-Jack, Inc.","og_description":"Patented tools. Patented training. Learn more about our tools and our patented techniques from qualified Res-Q-Jack instructors.\u00a0 These hands-on, all-day events are held throughout the year all over the country. Registration is now open for our 2025 Factory Stabilization University at Greek Peak Mtn. Resort in Cortland, NY! Saturday, September 27, 2025 Register now to&hellip;","og_url":"https:\/\/res-q-jack.com\/pt\/treinamento\/stabilization-university\/","og_site_name":"Res-Q-Jack, Inc.","article_modified_time":"2024-10-16T18:51:44+00:00","og_image":[{"url":"https:\/\/res-q-jack.com\/wp-content\/uploads\/2021\/06\/Stabilization-University-Logo-2021.png","type":"","width":"","height":""}],"twitter_card":"summary_large_image","twitter_misc":{"Est. tempo de leitura":"1 minuto"},"schema":{"@context":"https:\/\/schema.org","@graph":[{"@type":"WebPage","@id":"https:\/\/res-q-jack.com\/training\/stabilization-university\/","url":"https:\/\/res-q-jack.com\/training\/stabilization-university\/","name":"Universidade de Estabiliza\u00e7\u00e3o | Res-Q-Jack, Inc.","isPartOf":{"@id":"https:\/\/res-q-jack.com\/#website"},"primaryImageOfPage":{"@id":"https:\/\/res-q-jack.com\/training\/stabilization-university\/#primaryimage"},"image":{"@id":"https:\/\/res-q-jack.com\/training\/stabilization-university\/#primaryimage"},"thumbnailUrl":"https:\/\/res-q-jack.com\/wp-content\/uploads\/2021\/06\/Stabilization-University-Logo-2021.png","datePublished":"2020-02-26T22:27:36+00:00","dateModified":"2024-10-16T18:51:44+00:00","breadcrumb":{"@id":"https:\/\/res-q-jack.com\/training\/stabilization-university\/#breadcrumb"},"inLanguage":"pt-BR","potentialAction":[{"@type":"ReadAction","target":["https:\/\/res-q-jack.com\/training\/stabilization-university\/"]}]},{"@type":"ImageObject","inLanguage":"pt-BR","@id":"https:\/\/res-q-jack.com\/training\/stabilization-university\/#primaryimage","url":"https:\/\/res-q-jack.com\/wp-content\/uploads\/2021\/06\/Stabilization-University-Logo-2021.png","contentUrl":"https:\/\/res-q-jack.com\/wp-content\/uploads\/2021\/06\/Stabilization-University-Logo-2021.png"},{"@type":"BreadcrumbList","@id":"https:\/\/res-q-jack.com\/training\/stabilization-university\/#breadcrumb","itemListElement":[{"@type":"ListItem","position":1,"name":"Home","item":"https:\/\/res-q-jack.com\/"},{"@type":"ListItem","position":2,"name":"Training","item":"https:\/\/res-q-jack.com\/training\/"},{"@type":"ListItem","position":3,"name":"Stabilization University"}]},{"@type":"WebSite","@id":"https:\/\/res-q-jack.com\/#website","url":"https:\/\/res-q-jack.com\/","name":"Res-Q-Jack, Inc.","description":"Estruturas de estabiliza\u00e7\u00e3o de ve\u00edculos","publisher":{"@id":"https:\/\/res-q-jack.com\/#organization"},"potentialAction":[{"@type":"SearchAction","target":{"@type":"EntryPoint","urlTemplate":"https:\/\/res-q-jack.com\/?s={search_term_string}"},"query-input":{"@type":"PropertyValueSpecification","valueRequired":true,"valueName":"search_term_string"}}],"inLanguage":"pt-BR"},{"@type":"Organization","@id":"https:\/\/res-q-jack.com\/#organization","name":"Res-Q-Jack, Inc.","url":"https:\/\/res-q-jack.com\/","logo":{"@type":"ImageObject","inLanguage":"pt-BR","@id":"https:\/\/res-q-jack.com\/#\/schema\/logo\/image\/","url":"https:\/\/res-q-jack.com\/wp-content\/uploads\/2020\/03\/Res-Q-Jack-SEO-Logo.png","contentUrl":"https:\/\/res-q-jack.com\/wp-content\/uploads\/2020\/03\/Res-Q-Jack-SEO-Logo.png","width":612,"height":138,"caption":"Res-Q-Jack, Inc."},"image":{"@id":"https:\/\/res-q-jack.com\/#\/schema\/logo\/image\/"}}]}},"_links":{"self":[{"href":"https:\/\/res-q-jack.com\/pt\/wp-json\/wp\/v2\/pages\/819","targetHints":{"allow":["GET"]}}],"collection":[{"href":"https:\/\/res-q-jack.com\/pt\/wp-json\/wp\/v2\/pages"}],"about":[{"href":"https:\/\/res-q-jack.com\/pt\/wp-json\/wp\/v2\/types\/page"}],"author":[{"embeddable":true,"href":"https:\/\/res-q-jack.com\/pt\/wp-json\/wp\/v2\/users\/2"}],"replies":[{"embeddable":true,"href":"https:\/\/res-q-jack.com\/pt\/wp-json\/wp\/v2\/comments?post=819"}],"version-history":[{"count":0,"href":"https:\/\/res-q-jack.com\/pt\/wp-json\/wp\/v2\/pages\/819\/revisions"}],"up":[{"embeddable":true,"href":"https:\/\/res-q-jack.com\/pt\/wp-json\/wp\/v2\/pages\/1501"}],"wp:attachment":[{"href":"https:\/\/res-q-jack.com\/pt\/wp-json\/wp\/v2\/media?parent=819"}],"curies":[{"name":"wp","href":"https:\/\/api.w.org\/{rel}","templated":true}]}}