{"id":50,"date":"2019-12-13T12:40:42","date_gmt":"2019-12-13T17:40:42","guid":{"rendered":"https:\/\/resqjack.wpengine.com\/?page_id=50"},"modified":"2021-02-01T16:18:07","modified_gmt":"2021-02-01T21:18:07","slug":"sobre","status":"publish","type":"page","link":"https:\/\/res-q-jack.com\/pt\/about\/","title":{"rendered":"Sobre"},"content":{"rendered":"<h1>\n\t\t\t\tNossa empresa\n\t\t\t<\/h1>\n\t<p>\"NOSSAS FERRAMENTAS SALVAM VIDAS\".  Estas palavras s\u00e3o impressas em uma placa de 8 p\u00e9s em nossa f\u00e1brica em Elmira, NY, como um lembrete do que est\u00e1 em nossos produtos.  Nossos funcion\u00e1rios, muitos dos quais serviram como volunt\u00e1rios, sabem da import\u00e2ncia dos produtos que produzimos, e isto mostra em tudo o que fazemos.<\/p>\n<p>Constru\u00edmos cada escora de resgate \u00e0 m\u00e3o em nossa loja, a partir de materiais comprovados e previs\u00edveis.  Desde as soldas manuais at\u00e9 a usinagem de alta qualidade, todas as nossas escoras s\u00e3o constru\u00eddas com cuidado, e inspecionadas e testadas para garantir anos de desempenho no campo.<\/p>\n<p>Nossas ferramentas nasceram da experi\u00eancia em primeira m\u00e3o no campo e foram aperfei\u00e7oadas para atender \u00e0s necessidades dos respondentes atrav\u00e9s da comunica\u00e7\u00e3o com os mesmos.<\/p>\n<p>Nossa filosofia \u00e9 simples: \"Ferramentas simples, treinamento avan\u00e7ado\".  Acreditamos em fornecer aos respondentes ferramentas que sejam t\u00e3o intuitivas quanto eficazes, e proporcionar um treinamento aprofundado para maximizar a efic\u00e1cia no campo.<\/p>\n<p>Mantivemos nossos produtos simples por uma raz\u00e3o.  Queremos que os respondentes tenham confian\u00e7a e sucesso usando nossas ferramentas.  N\u00e3o usamos hidr\u00e1ulica complicada, pl\u00e1sticos imprevis\u00edveis da \"era espacial\", ou configura\u00e7\u00f5es muito complexas.<\/p>\n<p>Projetamos nossas escoras para serem de f\u00e1cil utiliza\u00e7\u00e3o, eficazes e confi\u00e1veis.  Escolhemos materiais de resist\u00eancia e previsibilidade, e projetamos nossos sistemas para serem mais simples, por\u00e9m mais capazes do que equipamentos mais complexos.  Projetamos nossas escoras para estarmos prontos para partir, direto do caminh\u00e3o, para economizar tempo quando mais importa.<\/p>\n<p>Embora nossas ferramentas sejam intuitivas por projeto, tamb\u00e9m acreditamos que uma grande ferramenta de resgate \u00e9 apenas t\u00e3o boa quanto o treinamento por tr\u00e1s dela.  \u00c9 por isso que quando seu departamento compra da Res-Q-Jack, fornecemos treinamento gratuito em servi\u00e7o, em suas instala\u00e7\u00f5es, tanto em nossos equipamentos quanto em nossas t\u00e9cnicas.<\/p>\n<p>Desde configura\u00e7\u00f5es b\u00e1sicas at\u00e9 t\u00e9cnicas avan\u00e7adas, o Res-Q-Jack est\u00e1 comprometido em treinar seu departamento at\u00e9 que voc\u00ea se sinta confort\u00e1vel em usar nossos produtos.  A compreens\u00e3o de nossas t\u00e9cnicas pioneiras de estabiliza\u00e7\u00e3o e eleva\u00e7\u00e3o ajudar\u00e1 seu sucesso no campo.<\/p>\n<p>Orgulhamo-nos de ser uma empresa acess\u00edvel, que se preocupa tanto com os respondentes que utilizam nossas ferramentas quanto com a raz\u00e3o pela qual as utilizam.<\/p>\n<p>Voc\u00ea n\u00e3o encontrar\u00e1 nenhuma \u00e1rvore telef\u00f4nica no Res-Q-Jack, nenhuma linha automatizada e nenhum run-around.  Estamos aqui para nossos clientes quando eles precisarem de n\u00f3s e faremos nosso melhor para ajudar da maneira que pudermos.  Desde demonstra\u00e7\u00f5es e treinamentos gratuitos at\u00e9 produtos personalizados, queremos que voc\u00ea tenha as melhores ferramentas e o melhor treinamento para fazer seu trabalho.<\/p>\n<p>Somos pequenos o suficiente para sermos acess\u00edveis e dar aten\u00e7\u00e3o individual, mas com uma vasta rede de revendedores selecionados manualmente que acreditam tanto em nossa marca quanto n\u00f3s, somos grandes o suficiente para estarmos l\u00e1 com treinamento e apoio, onde quer que voc\u00ea esteja localizado.<\/p>\n\t<h3>\n\t\t\t\tNossa Hist\u00f3ria\n\t\t\t<\/h3>\n\t<p>Ap\u00f3s seu mestrado em engenharia mec\u00e2nica e v\u00e1rios anos na \u00e1rea de consultoria e engenharia de projeto, Cris Pasto criou a Cepco Tool Company.  A Cepco Tools come\u00e7ou com um produto para facilitar a instala\u00e7\u00e3o de t\u00e1buas empenadas, compensados e materiais de linguetas e ranhuras. Este produto, o Bowrench Deck Tool, est\u00e1 freq\u00fcentemente na lista de ferramentas manuais mais vendidas no site amazon.com, e trouxe muito sucesso para a empresa.<\/p>\n<p>O sucesso do Bowrench trouxe um produto chamado QuikJack, um macaco de piso de madeira dura. Com o desenvolvimento e crescimento significativo da Cepco Tools, Cris foi capaz de dar um passo atr\u00e1s.  Ent\u00e3o, ele fez algo que queria fazer por um tempo - ele se juntou ao corpo de bombeiros local.<\/p>\n<p>Como parte do departamento, Cris foi exposto a muitas ferramentas interessantes e criativas no servi\u00e7o de inc\u00eandio, mas ele viu muito espa\u00e7o para melhorias, particularmente no campo da estabiliza\u00e7\u00e3o de ve\u00edculos de passageiros.  Frustrado quando responderam a acidentes com ve\u00edculos do tipo capotamento, Cris nunca se sentiu confort\u00e1vel com o grau de estabilidade que alcan\u00e7ou com os recursos que tinha dispon\u00edveis.<\/p>\n<p>Nos meses seguintes, a Cris desenvolveu prot\u00f3tipos, e a Cepco Tools fabricou o primeiro Res-Q-Jack Modelo RJ1. A inten\u00e7\u00e3o original era simplesmente fornecer ao \u00fanico corpo de bombeiros as ferramentas adequadas para a estabiliza\u00e7\u00e3o, mas muito mais estava por vir.<\/p>\n<p>Ap\u00f3s desenvolver o RJ1, os bombeiros vizinhos pediram \u00e0 Cepco Tools que lhes constru\u00edsse um conjunto. De l\u00e1, Ron Moore da Revista Firehouse e o Corpo de Bombeiros Plano no Texas pegaram o vento do Res-Q-Jack.<\/p>\n<p>Ele chamou Cris perguntando se ele poderia testar o projeto e incluir suas descobertas em um artigo especial para a revista Firehouse Magazine sobre estabiliza\u00e7\u00e3o. O artigo lan\u00e7ou essencialmente a linha de produtos Res-Q-Jack, a primeira a entrar no mercado. Ron tamb\u00e9m continuou a dar valiosas contribui\u00e7\u00f5es, promovendo a empresa, bem como o desenvolvimento de seus produtos.<\/p>\n<p>Quando John Meier comprou a empresa em 2004, a Res-Q-Jack se tornou sua pr\u00f3pria empresa, separada da Cepco Tools.  Desde ent\u00e3o, continuamos a desenvolver e melhorar nossos produtos a fim de maximizar a versatilidade, aumentar a velocidade de configura\u00e7\u00e3o, torn\u00e1-la mais amig\u00e1vel ao usu\u00e1rio e ao paciente e mant\u00ea-la acess\u00edvel.<\/p>\n<p>Enquanto o objetivo dos produtos da Cepco Tool Company sempre foi facilitar a vida dos empreiteiros, agora o Res-Q-Jack facilita o trabalho dos socorristas; e, melhor ainda, ajudamos a salvar vidas todos os dias.<\/p>\n<p>Agora, a empresa evoluiu para o que voc\u00ea v\u00ea em nosso site hoje, e continua a estabelecer a fasquia na estabiliza\u00e7\u00e3o e eleva\u00e7\u00e3o de ve\u00edculos.<\/p>\n\t<h4>\n\t\t\t\tD\u00favidas?  Ligue para 1-800-466-9626\n\t\t\t<\/h4>","protected":false},"excerpt":{"rendered":"<p>Nossa Empresa \"NOSSAS FERRAMENTAS PODEM VIVER\".  Estas palavras est\u00e3o impressas em uma placa de 8 p\u00e9s em nossa f\u00e1brica em Elmira, NY, como um lembrete do que est\u00e1 em nossos produtos.  Nossos funcion\u00e1rios, muitos dos quais serviram como volunt\u00e1rios, sabem da import\u00e2ncia dos produtos que produzimos, e isto mostra em tudo o que fazemos....<\/p>","protected":false},"author":2,"featured_media":0,"parent":0,"menu_order":0,"comment_status":"closed","ping_status":"closed","template":"","meta":{"footnotes":""},"class_list":["post-50","page","type-page","status-publish","hentry"],"yoast_head":"<!-- This site is optimized with the Yoast SEO plugin v27.2 - https:\/\/yoast.com\/product\/yoast-seo-wordpress\/ -->\n<title>About | Res-Q-Jack, Inc.<\/title>\n<meta name=\"robots\" content=\"index, follow, max-snippet:-1, max-image-preview:large, max-video-preview:-1\" \/>\n<link rel=\"canonical\" href=\"https:\/\/res-q-jack.com\/pt\/sobre\/\" \/>\n<meta property=\"og:locale\" content=\"pt_BR\" \/>\n<meta property=\"og:type\" content=\"article\" \/>\n<meta property=\"og:title\" content=\"About | Res-Q-Jack, Inc.\" \/>\n<meta property=\"og:description\" content=\"Our Company &#8220;OUR TOOLS SAVE LIVES.&#8221;\u00a0 These words are printed on an 8-foot sign in our manufacturing facility in Elmira, NY as a reminder of what rides on our products.\u00a0 Our employees, many of whom have served as volunteer responders, know the importance of the products we produce, and this shows in all we do.&hellip;\" \/>\n<meta property=\"og:url\" content=\"https:\/\/res-q-jack.com\/pt\/sobre\/\" \/>\n<meta property=\"og:site_name\" content=\"Res-Q-Jack, Inc.\" \/>\n<meta property=\"article:modified_time\" content=\"2021-02-01T21:18:07+00:00\" \/>\n<meta name=\"twitter:card\" content=\"summary_large_image\" \/>\n<meta name=\"twitter:label1\" content=\"Est. tempo de leitura\" \/>\n\t<meta name=\"twitter:data1\" content=\"4 minutos\" \/>\n<script type=\"application\/ld+json\" class=\"yoast-schema-graph\">{\"@context\":\"https:\/\/schema.org\",\"@graph\":[{\"@type\":\"WebPage\",\"@id\":\"https:\/\/res-q-jack.com\/about\/\",\"url\":\"https:\/\/res-q-jack.com\/about\/\",\"name\":\"About | Res-Q-Jack, Inc.\",\"isPartOf\":{\"@id\":\"https:\/\/res-q-jack.com\/#website\"},\"datePublished\":\"2019-12-13T17:40:42+00:00\",\"dateModified\":\"2021-02-01T21:18:07+00:00\",\"breadcrumb\":{\"@id\":\"https:\/\/res-q-jack.com\/about\/#breadcrumb\"},\"inLanguage\":\"pt-BR\",\"potentialAction\":[{\"@type\":\"ReadAction\",\"target\":[\"https:\/\/res-q-jack.com\/about\/\"]}]},{\"@type\":\"BreadcrumbList\",\"@id\":\"https:\/\/res-q-jack.com\/about\/#breadcrumb\",\"itemListElement\":[{\"@type\":\"ListItem\",\"position\":1,\"name\":\"Home\",\"item\":\"https:\/\/res-q-jack.com\/\"},{\"@type\":\"ListItem\",\"position\":2,\"name\":\"About\"}]},{\"@type\":\"WebSite\",\"@id\":\"https:\/\/res-q-jack.com\/#website\",\"url\":\"https:\/\/res-q-jack.com\/\",\"name\":\"Res-Q-Jack, Inc.\",\"description\":\"Vehicle Stabilization Struts\",\"publisher\":{\"@id\":\"https:\/\/res-q-jack.com\/#organization\"},\"potentialAction\":[{\"@type\":\"SearchAction\",\"target\":{\"@type\":\"EntryPoint\",\"urlTemplate\":\"https:\/\/res-q-jack.com\/?s={search_term_string}\"},\"query-input\":{\"@type\":\"PropertyValueSpecification\",\"valueRequired\":true,\"valueName\":\"search_term_string\"}}],\"inLanguage\":\"pt-BR\"},{\"@type\":\"Organization\",\"@id\":\"https:\/\/res-q-jack.com\/#organization\",\"name\":\"Res-Q-Jack, Inc.\",\"url\":\"https:\/\/res-q-jack.com\/\",\"logo\":{\"@type\":\"ImageObject\",\"inLanguage\":\"pt-BR\",\"@id\":\"https:\/\/res-q-jack.com\/#\/schema\/logo\/image\/\",\"url\":\"https:\/\/res-q-jack.com\/wp-content\/uploads\/2020\/03\/Res-Q-Jack-SEO-Logo.png\",\"contentUrl\":\"https:\/\/res-q-jack.com\/wp-content\/uploads\/2020\/03\/Res-Q-Jack-SEO-Logo.png\",\"width\":612,\"height\":138,\"caption\":\"Res-Q-Jack, Inc.\"},\"image\":{\"@id\":\"https:\/\/res-q-jack.com\/#\/schema\/logo\/image\/\"}}]}<\/script>\n<!-- \/ Yoast SEO plugin. -->","yoast_head_json":{"title":"Sobre | Res-Q-Jack, Inc.","robots":{"index":"index","follow":"follow","max-snippet":"max-snippet:-1","max-image-preview":"max-image-preview:large","max-video-preview":"max-video-preview:-1"},"canonical":"https:\/\/res-q-jack.com\/pt\/sobre\/","og_locale":"pt_BR","og_type":"article","og_title":"About | Res-Q-Jack, Inc.","og_description":"Our Company &#8220;OUR TOOLS SAVE LIVES.&#8221;\u00a0 These words are printed on an 8-foot sign in our manufacturing facility in Elmira, NY as a reminder of what rides on our products.\u00a0 Our employees, many of whom have served as volunteer responders, know the importance of the products we produce, and this shows in all we do.&hellip;","og_url":"https:\/\/res-q-jack.com\/pt\/sobre\/","og_site_name":"Res-Q-Jack, Inc.","article_modified_time":"2021-02-01T21:18:07+00:00","twitter_card":"summary_large_image","twitter_misc":{"Est. tempo de leitura":"4 minutos"},"schema":{"@context":"https:\/\/schema.org","@graph":[{"@type":"WebPage","@id":"https:\/\/res-q-jack.com\/about\/","url":"https:\/\/res-q-jack.com\/about\/","name":"Sobre | Res-Q-Jack, Inc.","isPartOf":{"@id":"https:\/\/res-q-jack.com\/#website"},"datePublished":"2019-12-13T17:40:42+00:00","dateModified":"2021-02-01T21:18:07+00:00","breadcrumb":{"@id":"https:\/\/res-q-jack.com\/about\/#breadcrumb"},"inLanguage":"pt-BR","potentialAction":[{"@type":"ReadAction","target":["https:\/\/res-q-jack.com\/about\/"]}]},{"@type":"BreadcrumbList","@id":"https:\/\/res-q-jack.com\/about\/#breadcrumb","itemListElement":[{"@type":"ListItem","position":1,"name":"Home","item":"https:\/\/res-q-jack.com\/"},{"@type":"ListItem","position":2,"name":"About"}]},{"@type":"WebSite","@id":"https:\/\/res-q-jack.com\/#website","url":"https:\/\/res-q-jack.com\/","name":"Res-Q-Jack, Inc.","description":"Estruturas de estabiliza\u00e7\u00e3o de ve\u00edculos","publisher":{"@id":"https:\/\/res-q-jack.com\/#organization"},"potentialAction":[{"@type":"SearchAction","target":{"@type":"EntryPoint","urlTemplate":"https:\/\/res-q-jack.com\/?s={search_term_string}"},"query-input":{"@type":"PropertyValueSpecification","valueRequired":true,"valueName":"search_term_string"}}],"inLanguage":"pt-BR"},{"@type":"Organization","@id":"https:\/\/res-q-jack.com\/#organization","name":"Res-Q-Jack, Inc.","url":"https:\/\/res-q-jack.com\/","logo":{"@type":"ImageObject","inLanguage":"pt-BR","@id":"https:\/\/res-q-jack.com\/#\/schema\/logo\/image\/","url":"https:\/\/res-q-jack.com\/wp-content\/uploads\/2020\/03\/Res-Q-Jack-SEO-Logo.png","contentUrl":"https:\/\/res-q-jack.com\/wp-content\/uploads\/2020\/03\/Res-Q-Jack-SEO-Logo.png","width":612,"height":138,"caption":"Res-Q-Jack, Inc."},"image":{"@id":"https:\/\/res-q-jack.com\/#\/schema\/logo\/image\/"}}]}},"_links":{"self":[{"href":"https:\/\/res-q-jack.com\/pt\/wp-json\/wp\/v2\/pages\/50","targetHints":{"allow":["GET"]}}],"collection":[{"href":"https:\/\/res-q-jack.com\/pt\/wp-json\/wp\/v2\/pages"}],"about":[{"href":"https:\/\/res-q-jack.com\/pt\/wp-json\/wp\/v2\/types\/page"}],"author":[{"embeddable":true,"href":"https:\/\/res-q-jack.com\/pt\/wp-json\/wp\/v2\/users\/2"}],"replies":[{"embeddable":true,"href":"https:\/\/res-q-jack.com\/pt\/wp-json\/wp\/v2\/comments?post=50"}],"version-history":[{"count":0,"href":"https:\/\/res-q-jack.com\/pt\/wp-json\/wp\/v2\/pages\/50\/revisions"}],"wp:attachment":[{"href":"https:\/\/res-q-jack.com\/pt\/wp-json\/wp\/v2\/media?parent=50"}],"curies":[{"name":"wp","href":"https:\/\/api.w.org\/{rel}","templated":true}]}}