{"id":44,"date":"2019-12-13T12:40:03","date_gmt":"2019-12-13T17:40:03","guid":{"rendered":"https:\/\/resqjack.wpengine.com\/?page_id=44"},"modified":"2024-04-02T10:39:29","modified_gmt":"2024-04-02T15:39:29","slug":"acessorios","status":"publish","type":"page","link":"https:\/\/res-q-jack.com\/pt\/accessories\/","title":{"rendered":"Acess\u00f3rios"},"content":{"rendered":"<h1>Acess\u00f3rios<\/h1>\t\t\t\n\t\t\t\t<p>O Res-Q-Jack oferece uma ampla variedade de conex\u00f5es finais especialmente constru\u00eddas, e acess\u00f3rios para nossas escoras de resgate sem pinos e com pinos, bem como piquetes, placas e cal\u00e7os para qualquer cen\u00e1rio.<\/p>\n\t\t\t\t<img decoding=\"async\" data-src=\"https:\/\/res-q-jack.com\/wp-content\/uploads\/2020\/02\/Pin-Free-End-Fittings-for-Res-Q-Jack-Rescue-Struts.jpg\" alt=\"Conex\u00f5es sem pinos para Res-Q-Jack Rescue Struts\" title=\"Conex\u00f5es sem pinos para Res-Q-Jack Rescue Struts\" itemprop=\"image\" src=\"data:image\/svg+xml;base64,PHN2ZyB3aWR0aD0iMSIgaGVpZ2h0PSIxIiB4bWxucz0iaHR0cDovL3d3dy53My5vcmcvMjAwMC9zdmciPjwvc3ZnPg==\" class=\"lazyload\" style=\"--smush-placeholder-width: 900px; --smush-placeholder-aspect-ratio: 900\/600;\" \/>\n\t\t<h3>Conex\u00f5es sem pinos<\/h3>\t\t\t\n\t\t\t\t<p>Conex\u00f5es sem pinos, incluindo cabe\u00e7as CRG girat\u00f3rias, tubos de extens\u00e3o, cabe\u00e7as de trip\u00e9 e muito mais.<\/p>\n\t\t\t<a href=\"https:\/\/res-q-jack.com\/pt\/acessorios\/encaixe-final-sem-pinos\/\" target=\"_self\" role=\"button\" aria-label=\"Ver detalhes\" rel=\"noopener\">\n\t\t\t\t\t\t\t\t\t\t\tVer detalhes\n\t\t<\/a>\n\t\t\t\t<img decoding=\"async\" data-src=\"https:\/\/res-q-jack.com\/wp-content\/uploads\/2020\/02\/Pinned-End-Fittings-for-Res-Q-Jack-Rescue-Struts.jpg\" alt=\"Conex\u00f5es com pinos para Res-Q-Jack Rescue Struts\" title=\"Conex\u00f5es com pinos para Res-Q-Jack Rescue Struts\" itemprop=\"image\" src=\"data:image\/svg+xml;base64,PHN2ZyB3aWR0aD0iMSIgaGVpZ2h0PSIxIiB4bWxucz0iaHR0cDovL3d3dy53My5vcmcvMjAwMC9zdmciPjwvc3ZnPg==\" class=\"lazyload\" style=\"--smush-placeholder-width: 900px; --smush-placeholder-aspect-ratio: 900\/600;\" \/>\n\t\t<h3>Conex\u00f5es com pinos<\/h3>\t\t\t\n\t\t\t\t<p>Conex\u00f5es com pinos incluindo cabe\u00e7otes em C, placas em L, bases fixas r\u00edgidas, cabe\u00e7a girat\u00f3ria CRG, cabe\u00e7a de trip\u00e9 e muito mais.<\/p>\n\t\t\t<a href=\"https:\/\/res-q-jack.com\/pt\/acessorios\/encaixes-de-ponta-a-pino\/\" target=\"_self\" role=\"button\" aria-label=\"Ver detalhes\" rel=\"noopener\">\n\t\t\t\t\t\t\t\t\t\t\tVer detalhes\n\t\t<\/a>\n\t\t\t\t<img decoding=\"async\" data-src=\"https:\/\/res-q-jack.com\/wp-content\/uploads\/2020\/02\/Load-Pad.jpg\" alt=\"Almofada de carga Acess\u00f3rios universais\" title=\"Almofada de carga Acess\u00f3rios universais\" itemprop=\"image\" src=\"data:image\/svg+xml;base64,PHN2ZyB3aWR0aD0iMSIgaGVpZ2h0PSIxIiB4bWxucz0iaHR0cDovL3d3dy53My5vcmcvMjAwMC9zdmciPjwvc3ZnPg==\" class=\"lazyload\" style=\"--smush-placeholder-width: 900px; --smush-placeholder-aspect-ratio: 900\/600;\" \/>\n\t\t<h3>Acess\u00f3rios universais<\/h3>\t\t\t\n\t\t\t\t<p>Acess\u00f3rios universais incluindo cabe\u00e7a Darlington, cal\u00e7o de roda de catraca, Serra Res-Q e muito mais.<\/p>\n\t\t\t<a href=\"https:\/\/res-q-jack.com\/pt\/acessorios\/universais-acessorios\/\" target=\"_self\" role=\"button\" aria-label=\"Ver detalhes\" rel=\"noopener\">\n\t\t\t\t\t\t\t\t\t\t\tVer detalhes\n\t\t<\/a>","protected":false},"excerpt":{"rendered":"<p>Accessories Res-Q-Jack offers a wide assortment of purpose-built end fittings, and accessories for our pin-free and pinned rescue struts, as well as pickets, plates and chocks for any scenario. Pin-Free End Fittings Pin-free end fittings including swivel CRG heads, extension tubs, tripod heads, and more. View Details Pinned End Fittings Pinned end fittings including C-heads,&hellip;<\/p>","protected":false},"author":2,"featured_media":0,"parent":0,"menu_order":0,"comment_status":"closed","ping_status":"closed","template":"","meta":{"footnotes":""},"class_list":["post-44","page","type-page","status-publish","hentry"],"yoast_head":"<!-- This site is optimized with the Yoast SEO plugin v27.2 - https:\/\/yoast.com\/product\/yoast-seo-wordpress\/ -->\n<title>Accessories | Res-Q-Jack, Inc.<\/title>\n<meta name=\"robots\" content=\"index, follow, max-snippet:-1, max-image-preview:large, max-video-preview:-1\" \/>\n<link rel=\"canonical\" href=\"https:\/\/res-q-jack.com\/pt\/acessorios\/\" \/>\n<meta property=\"og:locale\" content=\"pt_BR\" \/>\n<meta property=\"og:type\" content=\"article\" \/>\n<meta property=\"og:title\" content=\"Accessories | Res-Q-Jack, Inc.\" \/>\n<meta property=\"og:description\" content=\"Accessories Res-Q-Jack offers a wide assortment of purpose-built end fittings, and accessories for our pin-free and pinned rescue struts, as well as pickets, plates and chocks for any scenario. Pin-Free End Fittings Pin-free end fittings including swivel CRG heads, extension tubs, tripod heads, and more. View Details Pinned End Fittings Pinned end fittings including C-heads,&hellip;\" \/>\n<meta property=\"og:url\" content=\"https:\/\/res-q-jack.com\/pt\/acessorios\/\" \/>\n<meta property=\"og:site_name\" content=\"Res-Q-Jack, Inc.\" \/>\n<meta property=\"article:modified_time\" content=\"2024-04-02T15:39:29+00:00\" \/>\n<meta property=\"og:image\" content=\"https:\/\/res-q-jack.com\/wp-content\/uploads\/2020\/02\/Pin-Free-End-Fittings-for-Res-Q-Jack-Rescue-Struts.jpg\" \/>\n<meta name=\"twitter:card\" content=\"summary_large_image\" \/>\n<script type=\"application\/ld+json\" class=\"yoast-schema-graph\">{\"@context\":\"https:\/\/schema.org\",\"@graph\":[{\"@type\":\"WebPage\",\"@id\":\"https:\/\/res-q-jack.com\/accessories\/\",\"url\":\"https:\/\/res-q-jack.com\/accessories\/\",\"name\":\"Accessories | Res-Q-Jack, Inc.\",\"isPartOf\":{\"@id\":\"https:\/\/res-q-jack.com\/#website\"},\"primaryImageOfPage\":{\"@id\":\"https:\/\/res-q-jack.com\/accessories\/#primaryimage\"},\"image\":{\"@id\":\"https:\/\/res-q-jack.com\/accessories\/#primaryimage\"},\"thumbnailUrl\":\"https:\/\/res-q-jack.com\/wp-content\/uploads\/2020\/02\/Pin-Free-End-Fittings-for-Res-Q-Jack-Rescue-Struts.jpg\",\"datePublished\":\"2019-12-13T17:40:03+00:00\",\"dateModified\":\"2024-04-02T15:39:29+00:00\",\"breadcrumb\":{\"@id\":\"https:\/\/res-q-jack.com\/accessories\/#breadcrumb\"},\"inLanguage\":\"pt-BR\",\"potentialAction\":[{\"@type\":\"ReadAction\",\"target\":[\"https:\/\/res-q-jack.com\/accessories\/\"]}]},{\"@type\":\"ImageObject\",\"inLanguage\":\"pt-BR\",\"@id\":\"https:\/\/res-q-jack.com\/accessories\/#primaryimage\",\"url\":\"https:\/\/res-q-jack.com\/wp-content\/uploads\/2020\/02\/Pin-Free-End-Fittings-for-Res-Q-Jack-Rescue-Struts.jpg\",\"contentUrl\":\"https:\/\/res-q-jack.com\/wp-content\/uploads\/2020\/02\/Pin-Free-End-Fittings-for-Res-Q-Jack-Rescue-Struts.jpg\"},{\"@type\":\"BreadcrumbList\",\"@id\":\"https:\/\/res-q-jack.com\/accessories\/#breadcrumb\",\"itemListElement\":[{\"@type\":\"ListItem\",\"position\":1,\"name\":\"Home\",\"item\":\"https:\/\/res-q-jack.com\/\"},{\"@type\":\"ListItem\",\"position\":2,\"name\":\"Accessories\"}]},{\"@type\":\"WebSite\",\"@id\":\"https:\/\/res-q-jack.com\/#website\",\"url\":\"https:\/\/res-q-jack.com\/\",\"name\":\"Res-Q-Jack, Inc.\",\"description\":\"Vehicle Stabilization Struts\",\"publisher\":{\"@id\":\"https:\/\/res-q-jack.com\/#organization\"},\"potentialAction\":[{\"@type\":\"SearchAction\",\"target\":{\"@type\":\"EntryPoint\",\"urlTemplate\":\"https:\/\/res-q-jack.com\/?s={search_term_string}\"},\"query-input\":{\"@type\":\"PropertyValueSpecification\",\"valueRequired\":true,\"valueName\":\"search_term_string\"}}],\"inLanguage\":\"pt-BR\"},{\"@type\":\"Organization\",\"@id\":\"https:\/\/res-q-jack.com\/#organization\",\"name\":\"Res-Q-Jack, Inc.\",\"url\":\"https:\/\/res-q-jack.com\/\",\"logo\":{\"@type\":\"ImageObject\",\"inLanguage\":\"pt-BR\",\"@id\":\"https:\/\/res-q-jack.com\/#\/schema\/logo\/image\/\",\"url\":\"https:\/\/res-q-jack.com\/wp-content\/uploads\/2020\/03\/Res-Q-Jack-SEO-Logo.png\",\"contentUrl\":\"https:\/\/res-q-jack.com\/wp-content\/uploads\/2020\/03\/Res-Q-Jack-SEO-Logo.png\",\"width\":612,\"height\":138,\"caption\":\"Res-Q-Jack, Inc.\"},\"image\":{\"@id\":\"https:\/\/res-q-jack.com\/#\/schema\/logo\/image\/\"}}]}<\/script>\n<!-- \/ Yoast SEO plugin. -->","yoast_head_json":{"title":"Acess\u00f3rios | Res-Q-Jack, Inc.","robots":{"index":"index","follow":"follow","max-snippet":"max-snippet:-1","max-image-preview":"max-image-preview:large","max-video-preview":"max-video-preview:-1"},"canonical":"https:\/\/res-q-jack.com\/pt\/acessorios\/","og_locale":"pt_BR","og_type":"article","og_title":"Accessories | Res-Q-Jack, Inc.","og_description":"Accessories Res-Q-Jack offers a wide assortment of purpose-built end fittings, and accessories for our pin-free and pinned rescue struts, as well as pickets, plates and chocks for any scenario. Pin-Free End Fittings Pin-free end fittings including swivel CRG heads, extension tubs, tripod heads, and more. View Details Pinned End Fittings Pinned end fittings including C-heads,&hellip;","og_url":"https:\/\/res-q-jack.com\/pt\/acessorios\/","og_site_name":"Res-Q-Jack, Inc.","article_modified_time":"2024-04-02T15:39:29+00:00","og_image":[{"url":"https:\/\/res-q-jack.com\/wp-content\/uploads\/2020\/02\/Pin-Free-End-Fittings-for-Res-Q-Jack-Rescue-Struts.jpg","type":"","width":"","height":""}],"twitter_card":"summary_large_image","schema":{"@context":"https:\/\/schema.org","@graph":[{"@type":"WebPage","@id":"https:\/\/res-q-jack.com\/accessories\/","url":"https:\/\/res-q-jack.com\/accessories\/","name":"Acess\u00f3rios | Res-Q-Jack, Inc.","isPartOf":{"@id":"https:\/\/res-q-jack.com\/#website"},"primaryImageOfPage":{"@id":"https:\/\/res-q-jack.com\/accessories\/#primaryimage"},"image":{"@id":"https:\/\/res-q-jack.com\/accessories\/#primaryimage"},"thumbnailUrl":"https:\/\/res-q-jack.com\/wp-content\/uploads\/2020\/02\/Pin-Free-End-Fittings-for-Res-Q-Jack-Rescue-Struts.jpg","datePublished":"2019-12-13T17:40:03+00:00","dateModified":"2024-04-02T15:39:29+00:00","breadcrumb":{"@id":"https:\/\/res-q-jack.com\/accessories\/#breadcrumb"},"inLanguage":"pt-BR","potentialAction":[{"@type":"ReadAction","target":["https:\/\/res-q-jack.com\/accessories\/"]}]},{"@type":"ImageObject","inLanguage":"pt-BR","@id":"https:\/\/res-q-jack.com\/accessories\/#primaryimage","url":"https:\/\/res-q-jack.com\/wp-content\/uploads\/2020\/02\/Pin-Free-End-Fittings-for-Res-Q-Jack-Rescue-Struts.jpg","contentUrl":"https:\/\/res-q-jack.com\/wp-content\/uploads\/2020\/02\/Pin-Free-End-Fittings-for-Res-Q-Jack-Rescue-Struts.jpg"},{"@type":"BreadcrumbList","@id":"https:\/\/res-q-jack.com\/accessories\/#breadcrumb","itemListElement":[{"@type":"ListItem","position":1,"name":"Home","item":"https:\/\/res-q-jack.com\/"},{"@type":"ListItem","position":2,"name":"Accessories"}]},{"@type":"WebSite","@id":"https:\/\/res-q-jack.com\/#website","url":"https:\/\/res-q-jack.com\/","name":"Res-Q-Jack, Inc.","description":"Estruturas de estabiliza\u00e7\u00e3o de ve\u00edculos","publisher":{"@id":"https:\/\/res-q-jack.com\/#organization"},"potentialAction":[{"@type":"SearchAction","target":{"@type":"EntryPoint","urlTemplate":"https:\/\/res-q-jack.com\/?s={search_term_string}"},"query-input":{"@type":"PropertyValueSpecification","valueRequired":true,"valueName":"search_term_string"}}],"inLanguage":"pt-BR"},{"@type":"Organization","@id":"https:\/\/res-q-jack.com\/#organization","name":"Res-Q-Jack, Inc.","url":"https:\/\/res-q-jack.com\/","logo":{"@type":"ImageObject","inLanguage":"pt-BR","@id":"https:\/\/res-q-jack.com\/#\/schema\/logo\/image\/","url":"https:\/\/res-q-jack.com\/wp-content\/uploads\/2020\/03\/Res-Q-Jack-SEO-Logo.png","contentUrl":"https:\/\/res-q-jack.com\/wp-content\/uploads\/2020\/03\/Res-Q-Jack-SEO-Logo.png","width":612,"height":138,"caption":"Res-Q-Jack, Inc."},"image":{"@id":"https:\/\/res-q-jack.com\/#\/schema\/logo\/image\/"}}]}},"_links":{"self":[{"href":"https:\/\/res-q-jack.com\/pt\/wp-json\/wp\/v2\/pages\/44","targetHints":{"allow":["GET"]}}],"collection":[{"href":"https:\/\/res-q-jack.com\/pt\/wp-json\/wp\/v2\/pages"}],"about":[{"href":"https:\/\/res-q-jack.com\/pt\/wp-json\/wp\/v2\/types\/page"}],"author":[{"embeddable":true,"href":"https:\/\/res-q-jack.com\/pt\/wp-json\/wp\/v2\/users\/2"}],"replies":[{"embeddable":true,"href":"https:\/\/res-q-jack.com\/pt\/wp-json\/wp\/v2\/comments?post=44"}],"version-history":[{"count":0,"href":"https:\/\/res-q-jack.com\/pt\/wp-json\/wp\/v2\/pages\/44\/revisions"}],"wp:attachment":[{"href":"https:\/\/res-q-jack.com\/pt\/wp-json\/wp\/v2\/media?parent=44"}],"curies":[{"name":"wp","href":"https:\/\/api.w.org\/{rel}","templated":true}]}}