{"id":42,"date":"2019-12-13T12:39:51","date_gmt":"2019-12-13T17:39:51","guid":{"rendered":"https:\/\/resqjack.wpengine.com\/?page_id=42"},"modified":"2026-04-15T13:36:49","modified_gmt":"2026-04-15T18:36:49","slug":"escoras","status":"publish","type":"page","link":"https:\/\/res-q-jack.com\/pt\/struts\/","title":{"rendered":"Rescue Struts"},"content":{"rendered":"<h1>Estabiliza\u00e7\u00e3o, Shoring<br \/>&amp; Estruturas de eleva\u00e7\u00e3o<\/h1>\t\t\t\n\t\t\t\t<p>As escoras Res-Q-Jack nasceram de anos de experi\u00eancia em primeira m\u00e3o em Fire &amp; Rescue.  Continuamos refinando e melhorando nossas escoras de resgate com base no feedback do campo.  Projetamos, constru\u00edmos e testamos todas as nossas escoras nos EUA a partir de materiais de qualidade para lhe oferecer ferramentas de resgate f\u00e1ceis de usar, seguras e eficazes.<\/p>\n\t\t\t\t<img decoding=\"async\" data-src=\"https:\/\/res-q-jack.com\/wp-content\/uploads\/2026\/04\/Super-X-Long-w-Ratchet-Hooked-on-Top.png\" alt=\"Super X Long w Ratchet Hooked on Top\" title=\"Super X Long w Ratchet Hooked on Top\" itemprop=\"image\" src=\"data:image\/svg+xml;base64,PHN2ZyB3aWR0aD0iMSIgaGVpZ2h0PSIxIiB4bWxucz0iaHR0cDovL3d3dy53My5vcmcvMjAwMC9zdmciPjwvc3ZnPg==\" class=\"lazyload\" style=\"--smush-placeholder-width: 1700px; --smush-placeholder-aspect-ratio: 1700\/8300;\" \/>\n\t\t\t<h5><img decoding=\"async\" data-src=\"https:\/\/res-q-jack.com\/wp-content\/uploads\/2020\/05\/Pin-Free-Stabilization-Struts-95x18-1.png\" src=\"data:image\/svg+xml;base64,PHN2ZyB3aWR0aD0iMSIgaGVpZ2h0PSIxIiB4bWxucz0iaHR0cDovL3d3dy53My5vcmcvMjAwMC9zdmciPjwvc3ZnPg==\" class=\"lazyload\" style=\"--smush-placeholder-width: 95px; --smush-placeholder-aspect-ratio: 95\/18;\" \/><\/h5><h3>Super X-Strut Series<\/h3>\t\t\t\n\t\t\t\t<p>O Super X \u00e9 nossa linha de escoras mais pesada, projetada para resgate de ve\u00edculos pesados, escoramento estrutural e resgate t\u00e9cnico.\u00a0<\/p>\n<p><strong>Limite de carga de trabalho: 19.300 lbs. (2:1 Fator de seguran\u00e7a)<\/strong><\/p>\n\t\t\t<a href=\"https:\/\/res-q-jack.com\/pt\/escoras\/veiculos-estabilizadores-trudes\/estruturas-de-estabilizacao-veiculo-pesado\/super-x-strut\/\" title=\"Ver detalhes\" target=\"_self\"   role=\"button\" aria-label=\"Ver detalhes\">\n\t\t\t\t\t\t\t\t\t\t\tVer detalhes\n\t\t<\/a>\n\t\t\t\t<img decoding=\"async\" data-src=\"https:\/\/res-q-jack.com\/wp-content\/uploads\/2026\/04\/Apex-Long-Strut-scaled.png\" alt=\"Apex Long Strut\" title=\"Apex Long Strut\" itemprop=\"image\" src=\"data:image\/svg+xml;base64,PHN2ZyB3aWR0aD0iMSIgaGVpZ2h0PSIxIiB4bWxucz0iaHR0cDovL3d3dy53My5vcmcvMjAwMC9zdmciPjwvc3ZnPg==\" class=\"lazyload\" style=\"--smush-placeholder-width: 604px; --smush-placeholder-aspect-ratio: 604\/2560;\" \/>\n\t\t\t<h5><img decoding=\"async\" data-src=\"https:\/\/res-q-jack.com\/wp-content\/uploads\/2020\/05\/Pin-Free-Stabilization-Struts-95x18-1.png\" src=\"data:image\/svg+xml;base64,PHN2ZyB3aWR0aD0iMSIgaGVpZ2h0PSIxIiB4bWxucz0iaHR0cDovL3d3dy53My5vcmcvMjAwMC9zdmciPjwvc3ZnPg==\" class=\"lazyload\" style=\"--smush-placeholder-width: 95px; --smush-placeholder-aspect-ratio: 95\/18;\" \/><\/h5><h3>Apex X-Strut Series<\/h3>\t\t\t\n\t\t\t\t<p>O Apex \u00e9 nossa mais recente linha de suportes sem pinos para servi\u00e7o pesado, projetada para a maioria dos cen\u00e1rios de resgate de ve\u00edculos.\u00a0\u00a0<\/p>\n<p><strong>Limite de carga de trabalho: at\u00e9 12.500 lbs. (2:1 Fator de seguran\u00e7a)<\/strong><\/p>\n\t\t\t<a href=\"https:\/\/res-q-jack.com\/pt\/escoras\/veiculos-estabilizadores-trudes\/estruturas-de-estabilizacao-veiculo-pesado\/apex-x-strut\/\" title=\"Ver detalhes\" target=\"_self\"   role=\"button\" aria-label=\"Ver detalhes\">\n\t\t\t\t\t\t\t\t\t\t\tVer detalhes\n\t\t<\/a>\n\t\t\t\t<img decoding=\"async\" data-src=\"https:\/\/res-q-jack.com\/wp-content\/uploads\/2026\/04\/Aluminum-Phoenix-Long-Strut-scaled-e1776176683990.png\" alt=\"Aluminum Phoenix Long Strut\" title=\"Aluminum Phoenix Long Strut\" itemprop=\"image\" src=\"data:image\/svg+xml;base64,PHN2ZyB3aWR0aD0iMSIgaGVpZ2h0PSIxIiB4bWxucz0iaHR0cDovL3d3dy53My5vcmcvMjAwMC9zdmciPjwvc3ZnPg==\" class=\"lazyload\" style=\"--smush-placeholder-width: 576px; --smush-placeholder-aspect-ratio: 576\/2415;\" \/>\n\t\t\t<h3>Aluminum X-Strut Series<\/h3>\t\t\t\n\t\t\t\t<p>O X-Strut de alum\u00ednio \u00e9 nossa linha de escoras com pinos mais pesados, projetada para o resgate de ve\u00edculos pesados junto com outras diversas aplica\u00e7\u00f5es.<\/p>\n<p><strong>Limite de carga de trabalho: 10.000 lbs. (2:1 Fator de seguran\u00e7a)<\/strong><\/p>\n\t\t\t<a href=\"https:\/\/res-q-jack.com\/pt\/escoras\/veiculos-estabilizadores-trudes\/estruturas-de-estabilizacao-veiculo-pesado\/aluminio-x-trut\/\" title=\"Ver detalhes\" target=\"_self\"   role=\"button\" aria-label=\"Ver detalhes\">\n\t\t\t\t\t\t\t\t\t\t\tVer detalhes\n\t\t<\/a>\n\t\t\t\t<img decoding=\"async\" data-src=\"https:\/\/res-q-jack.com\/wp-content\/uploads\/2026\/04\/Steel-X-Long-Strut-scaled.png\" alt=\"Steel X Long Strut\" title=\"Steel X Long Strut\" itemprop=\"image\" src=\"data:image\/svg+xml;base64,PHN2ZyB3aWR0aD0iMSIgaGVpZ2h0PSIxIiB4bWxucz0iaHR0cDovL3d3dy53My5vcmcvMjAwMC9zdmciPjwvc3ZnPg==\" class=\"lazyload\" style=\"--smush-placeholder-width: 569px; --smush-placeholder-aspect-ratio: 569\/2560;\" \/>\n\t\t\t<h3>Steel X-Strut Series Struts<\/h3>\t\t\t\n\t\t\t\t<p>A s\u00e9rie Steel X-Strut \u00e9 nossa linha original de X-Struts projetada para o t\u00edpico resgate de ve\u00edculos.<\/p>\n<p><strong>Limite de carga de trabalho: 4.000 lbs. (2:1 Fator de seguran\u00e7a)<\/strong><\/p>\n\t\t\t<a href=\"https:\/\/res-q-jack.com\/pt\/escoras\/veiculos-estabilizadores-trudes\/estruturas-de-estabilizacao-de-veiculos-tipo\/steel-x-strut\/\" title=\"Ver detalhes\" target=\"_self\"   role=\"button\" aria-label=\"Ver detalhes\">\n\t\t\t\t\t\t\t\t\t\t\tVer detalhes\n\t\t<\/a>\n\t\t\t\t<img decoding=\"async\" data-src=\"https:\/\/res-q-jack.com\/wp-content\/uploads\/2026\/04\/Auto-X-Long-Strut-scaled.png\" alt=\"Auto X Long Strut\" title=\"Auto X Long Strut\" itemprop=\"image\" src=\"data:image\/svg+xml;base64,PHN2ZyB3aWR0aD0iMSIgaGVpZ2h0PSIxIiB4bWxucz0iaHR0cDovL3d3dy53My5vcmcvMjAwMC9zdmciPjwvc3ZnPg==\" class=\"lazyload\" style=\"--smush-placeholder-width: 602px; --smush-placeholder-aspect-ratio: 602\/2560;\" \/>\n\t\t\t<h5><img decoding=\"async\" data-src=\"https:\/\/res-q-jack.com\/wp-content\/uploads\/2020\/05\/Pin-Free-Stabilization-Struts-95x18-1.png\" src=\"data:image\/svg+xml;base64,PHN2ZyB3aWR0aD0iMSIgaGVpZ2h0PSIxIiB4bWxucz0iaHR0cDovL3d3dy53My5vcmcvMjAwMC9zdmciPjwvc3ZnPg==\" class=\"lazyload\" style=\"--smush-placeholder-width: 95px; --smush-placeholder-aspect-ratio: 95\/18;\" \/><\/h5><h3>Auto X-Strut Series<\/h3>\t\t\t\n\t\t\t\t<p>O Auto X \u00e9 a nossa escora sem pinos para estabilizar e elevar rapidamente ve\u00edculos pequenos t\u00edpicos.<\/p>\n<p><strong>Limite de carga de trabalho: 3.250 lbs. (2:1 Fator de seguran\u00e7a)<\/strong><\/p>\n\t\t\t<a href=\"https:\/\/res-q-jack.com\/pt\/escoras\/veiculos-estabilizadores-trudes\/suportes-de-estabilizacao-de-veiculos-ligeiros-veiculos\/auto-x-strut\/\" title=\"Ver detalhes\" target=\"_self\"   role=\"button\" aria-label=\"Ver detalhes\">\n\t\t\t\t\t\t\t\t\t\t\tVer detalhes\n\t\t<\/a>\n\t\t\t\t<img decoding=\"async\" data-src=\"https:\/\/res-q-jack.com\/wp-content\/uploads\/2026\/04\/Green-X-Long-Strut-71x300.png\" alt=\"Green X Long Strut\" title=\"Green X Long Strut\" itemprop=\"image\" src=\"data:image\/svg+xml;base64,PHN2ZyB3aWR0aD0iMSIgaGVpZ2h0PSIxIiB4bWxucz0iaHR0cDovL3d3dy53My5vcmcvMjAwMC9zdmciPjwvc3ZnPg==\" class=\"lazyload\" style=\"--smush-placeholder-width: 71px; --smush-placeholder-aspect-ratio: 71\/300;\" \/>\n\t\t\t<h3>GreenLite\u2122 X-Strut Series<\/h3>\t\t\t\n\t\t\t\t<p>A s\u00e9rie GreenLite \u00e9 nossa linha X-Strut mais acess\u00edvel, projetada para uma estabiliza\u00e7\u00e3o r\u00e1pida com a capacidade de eleva\u00e7\u00e3o quando necess\u00e1rio.<\/p>\n<p><strong>Limite de carga de trabalho: 2.500 lbs. (2:1 Fator de seguran\u00e7a)<\/strong><\/p>\n\t\t\t<a href=\"https:\/\/res-q-jack.com\/pt\/escoras\/veiculos-estabilizadores-trudes\/suportes-de-estabilizacao-de-veiculos-ligeiros-veiculos\/greenlite-x-strut\/\" title=\"Ver detalhes\" target=\"_self\"   role=\"button\" aria-label=\"Ver detalhes\">\n\t\t\t\t\t\t\t\t\t\t\tVer detalhes\n\t\t<\/a>\n\t\t\t\t<img decoding=\"async\" data-src=\"https:\/\/res-q-jack.com\/wp-content\/uploads\/2020\/01\/RJ3-Jack-Stand.png\" alt=\"RJ3 Jack Stand\" title=\"RJ3 Jack Stand\" itemprop=\"image\" src=\"data:image\/svg+xml;base64,PHN2ZyB3aWR0aD0iMSIgaGVpZ2h0PSIxIiB4bWxucz0iaHR0cDovL3d3dy53My5vcmcvMjAwMC9zdmciPjwvc3ZnPg==\" class=\"lazyload\" style=\"--smush-placeholder-width: 664px; --smush-placeholder-aspect-ratio: 664\/1500;\" \/>\n\t\t\t<h3>Estruturas da S\u00e9rie RJ3<\/h3>\t\t\t\n\t\t\t\t<p>A linha original da s\u00e9rie RJ3 de escoras de estabiliza\u00e7\u00e3o de a\u00e7o projetadas para o resgate t\u00edpico de ve\u00edculos.<\/p>\n<p><strong>Limite de carga de trabalho: 4.000 lbs. (2:1 Fator de seguran\u00e7a)<\/strong><\/p>\n\t\t\t<a href=\"https:\/\/res-q-jack.com\/pt\/escoras\/veiculos-estabilizadores-trudes\/estruturas-de-estabilizacao-de-veiculos-tipo\/rj3-jkst-jackstand\/\" title=\"Ver detalhes\" target=\"_self\"   role=\"button\" aria-label=\"Ver detalhes\">\n\t\t\t\t\t\t\t\t\t\t\tVer detalhes\n\t\t<\/a>\n\t\t\t\t<img decoding=\"async\" data-src=\"https:\/\/res-q-jack.com\/wp-content\/uploads\/2026\/04\/Trench-Large.png\" alt=\"Trench Large\" title=\"Trench Large\" itemprop=\"image\" src=\"data:image\/svg+xml;base64,PHN2ZyB3aWR0aD0iMSIgaGVpZ2h0PSIxIiB4bWxucz0iaHR0cDovL3d3dy53My5vcmcvMjAwMC9zdmciPjwvc3ZnPg==\" class=\"lazyload\" style=\"--smush-placeholder-width: 300px; --smush-placeholder-aspect-ratio: 300\/2000;\" \/>\n\t\t\t<h5><img decoding=\"async\" data-src=\"https:\/\/res-q-jack.com\/wp-content\/uploads\/2020\/05\/Pin-Free-Stabilization-Struts-95x18-1.png\" src=\"data:image\/svg+xml;base64,PHN2ZyB3aWR0aD0iMSIgaGVpZ2h0PSIxIiB4bWxucz0iaHR0cDovL3d3dy53My5vcmcvMjAwMC9zdmciPjwvc3ZnPg==\" class=\"lazyload\" style=\"--smush-placeholder-width: 95px; --smush-placeholder-aspect-ratio: 95\/18;\" \/><\/h5><h3>Sistema SPX Trench Shore<\/h3>\t\t\t\n\t\t\t\t<p>Baseado na arquitetura do Super X-Strut, este sistema oferece uma solu\u00e7\u00e3o eficaz para aplica\u00e7\u00f5es de escoramento de valas.<\/p>\n<p><strong>Working Load Limit: 10,400 lbs. &#8211; 38,400 lbs. (2:1 Safety Factor)<\/strong><\/p>\n\t\t\t<a href=\"https:\/\/res-q-jack.com\/pt\/escoras\/trincheiras-tronco\/\" title=\"Ver detalhes\" target=\"_self\"   role=\"button\" aria-label=\"Ver detalhes\">\n\t\t\t\t\t\t\t\t\t\t\tVer detalhes\n\t\t<\/a>","protected":false},"excerpt":{"rendered":"<p>As escoras de estabiliza\u00e7\u00e3o, encurtamento e eleva\u00e7\u00e3o Res-Q-Jack Struts nasceram de anos de experi\u00eancia em primeira m\u00e3o em Fire &amp; Rescue.  Continuamos refinando e melhorando nossas escoras de resgate com base no feedback do campo.  Projetamos, constru\u00edmos e testamos todas as nossas escoras nos EUA a partir de materiais de qualidade para lhe proporcionar um resgate f\u00e1cil, seguro e eficaz...<\/p>","protected":false},"author":2,"featured_media":745,"parent":0,"menu_order":0,"comment_status":"closed","ping_status":"closed","template":"","meta":{"footnotes":""},"class_list":["post-42","page","type-page","status-publish","has-post-thumbnail","hentry"],"yoast_head":"<!-- This site is optimized with the Yoast SEO plugin v27.2 - https:\/\/yoast.com\/product\/yoast-seo-wordpress\/ -->\n<title>Rescue Struts | Res-Q-Jack, Inc.<\/title>\n<meta name=\"description\" content=\"Res-Q-Jack rescue struts include pinned and pin-free options for Fire and Rescue squads. Our rescue struts are designed, built and tested in the USA.\" \/>\n<meta name=\"robots\" content=\"index, follow, max-snippet:-1, max-image-preview:large, max-video-preview:-1\" \/>\n<link rel=\"canonical\" href=\"https:\/\/res-q-jack.com\/pt\/escoras\/\" \/>\n<meta property=\"og:locale\" content=\"pt_BR\" \/>\n<meta property=\"og:type\" content=\"article\" \/>\n<meta property=\"og:title\" content=\"Rescue Struts | Res-Q-Jack, Inc.\" \/>\n<meta property=\"og:description\" content=\"Res-Q-Jack rescue struts include pinned and pin-free options for Fire and Rescue squads. Our rescue struts are designed, built and tested in the USA.\" \/>\n<meta property=\"og:url\" content=\"https:\/\/res-q-jack.com\/pt\/escoras\/\" \/>\n<meta property=\"og:site_name\" content=\"Res-Q-Jack, Inc.\" \/>\n<meta property=\"article:modified_time\" content=\"2026-04-15T18:36:49+00:00\" \/>\n<meta property=\"og:image\" content=\"https:\/\/res-q-jack.com\/wp-content\/uploads\/2020\/02\/APEX-X-Strut-Heavy-Duty-Vehicle-Lifting-Strut-1.jpg\" \/>\n\t<meta property=\"og:image:width\" content=\"900\" \/>\n\t<meta property=\"og:image:height\" content=\"600\" \/>\n\t<meta property=\"og:image:type\" content=\"image\/jpeg\" \/>\n<meta name=\"twitter:card\" content=\"summary_large_image\" \/>\n<meta name=\"twitter:label1\" content=\"Est. tempo de leitura\" \/>\n\t<meta name=\"twitter:data1\" content=\"4 minutos\" \/>\n<script type=\"application\/ld+json\" class=\"yoast-schema-graph\">{\"@context\":\"https:\/\/schema.org\",\"@graph\":[{\"@type\":\"WebPage\",\"@id\":\"https:\/\/res-q-jack.com\/struts\/\",\"url\":\"https:\/\/res-q-jack.com\/struts\/\",\"name\":\"Rescue Struts | Res-Q-Jack, Inc.\",\"isPartOf\":{\"@id\":\"https:\/\/res-q-jack.com\/#website\"},\"primaryImageOfPage\":{\"@id\":\"https:\/\/res-q-jack.com\/struts\/#primaryimage\"},\"image\":{\"@id\":\"https:\/\/res-q-jack.com\/struts\/#primaryimage\"},\"thumbnailUrl\":\"https:\/\/res-q-jack.com\/wp-content\/uploads\/2020\/02\/APEX-X-Strut-Heavy-Duty-Vehicle-Lifting-Strut-1.jpg\",\"datePublished\":\"2019-12-13T17:39:51+00:00\",\"dateModified\":\"2026-04-15T18:36:49+00:00\",\"description\":\"Res-Q-Jack rescue struts include pinned and pin-free options for Fire and Rescue squads. Our rescue struts are designed, built and tested in the USA.\",\"breadcrumb\":{\"@id\":\"https:\/\/res-q-jack.com\/struts\/#breadcrumb\"},\"inLanguage\":\"pt-BR\",\"potentialAction\":[{\"@type\":\"ReadAction\",\"target\":[\"https:\/\/res-q-jack.com\/struts\/\"]}]},{\"@type\":\"ImageObject\",\"inLanguage\":\"pt-BR\",\"@id\":\"https:\/\/res-q-jack.com\/struts\/#primaryimage\",\"url\":\"https:\/\/res-q-jack.com\/wp-content\/uploads\/2020\/02\/APEX-X-Strut-Heavy-Duty-Vehicle-Lifting-Strut-1.jpg\",\"contentUrl\":\"https:\/\/res-q-jack.com\/wp-content\/uploads\/2020\/02\/APEX-X-Strut-Heavy-Duty-Vehicle-Lifting-Strut-1.jpg\",\"width\":900,\"height\":600,\"caption\":\"APEX X-Strut Heavy-Duty Vehicle Lifting Strut 1\"},{\"@type\":\"BreadcrumbList\",\"@id\":\"https:\/\/res-q-jack.com\/struts\/#breadcrumb\",\"itemListElement\":[{\"@type\":\"ListItem\",\"position\":1,\"name\":\"Home\",\"item\":\"https:\/\/res-q-jack.com\/\"},{\"@type\":\"ListItem\",\"position\":2,\"name\":\"Rescue Struts\"}]},{\"@type\":\"WebSite\",\"@id\":\"https:\/\/res-q-jack.com\/#website\",\"url\":\"https:\/\/res-q-jack.com\/\",\"name\":\"Res-Q-Jack, Inc.\",\"description\":\"Vehicle Stabilization Struts\",\"publisher\":{\"@id\":\"https:\/\/res-q-jack.com\/#organization\"},\"potentialAction\":[{\"@type\":\"SearchAction\",\"target\":{\"@type\":\"EntryPoint\",\"urlTemplate\":\"https:\/\/res-q-jack.com\/?s={search_term_string}\"},\"query-input\":{\"@type\":\"PropertyValueSpecification\",\"valueRequired\":true,\"valueName\":\"search_term_string\"}}],\"inLanguage\":\"pt-BR\"},{\"@type\":\"Organization\",\"@id\":\"https:\/\/res-q-jack.com\/#organization\",\"name\":\"Res-Q-Jack, Inc.\",\"url\":\"https:\/\/res-q-jack.com\/\",\"logo\":{\"@type\":\"ImageObject\",\"inLanguage\":\"pt-BR\",\"@id\":\"https:\/\/res-q-jack.com\/#\/schema\/logo\/image\/\",\"url\":\"https:\/\/res-q-jack.com\/wp-content\/uploads\/2020\/03\/Res-Q-Jack-SEO-Logo.png\",\"contentUrl\":\"https:\/\/res-q-jack.com\/wp-content\/uploads\/2020\/03\/Res-Q-Jack-SEO-Logo.png\",\"width\":612,\"height\":138,\"caption\":\"Res-Q-Jack, Inc.\"},\"image\":{\"@id\":\"https:\/\/res-q-jack.com\/#\/schema\/logo\/image\/\"}}]}<\/script>\n<!-- \/ Yoast SEO plugin. -->","yoast_head_json":{"title":"Rescue Struts | Res-Q-Jack, Inc.","description":"As escoras de resgate Res-Q-Jack incluem op\u00e7\u00f5es com pinos e sem pinos para esquadr\u00f5es de inc\u00eandio e resgate. Nossas escoras de resgate s\u00e3o projetadas, constru\u00eddas e testadas nos EUA.","robots":{"index":"index","follow":"follow","max-snippet":"max-snippet:-1","max-image-preview":"max-image-preview:large","max-video-preview":"max-video-preview:-1"},"canonical":"https:\/\/res-q-jack.com\/pt\/escoras\/","og_locale":"pt_BR","og_type":"article","og_title":"Rescue Struts | Res-Q-Jack, Inc.","og_description":"Res-Q-Jack rescue struts include pinned and pin-free options for Fire and Rescue squads. Our rescue struts are designed, built and tested in the USA.","og_url":"https:\/\/res-q-jack.com\/pt\/escoras\/","og_site_name":"Res-Q-Jack, Inc.","article_modified_time":"2026-04-15T18:36:49+00:00","og_image":[{"width":900,"height":600,"url":"https:\/\/res-q-jack.com\/wp-content\/uploads\/2020\/02\/APEX-X-Strut-Heavy-Duty-Vehicle-Lifting-Strut-1.jpg","type":"image\/jpeg"}],"twitter_card":"summary_large_image","twitter_misc":{"Est. tempo de leitura":"4 minutos"},"schema":{"@context":"https:\/\/schema.org","@graph":[{"@type":"WebPage","@id":"https:\/\/res-q-jack.com\/struts\/","url":"https:\/\/res-q-jack.com\/struts\/","name":"Rescue Struts | Res-Q-Jack, Inc.","isPartOf":{"@id":"https:\/\/res-q-jack.com\/#website"},"primaryImageOfPage":{"@id":"https:\/\/res-q-jack.com\/struts\/#primaryimage"},"image":{"@id":"https:\/\/res-q-jack.com\/struts\/#primaryimage"},"thumbnailUrl":"https:\/\/res-q-jack.com\/wp-content\/uploads\/2020\/02\/APEX-X-Strut-Heavy-Duty-Vehicle-Lifting-Strut-1.jpg","datePublished":"2019-12-13T17:39:51+00:00","dateModified":"2026-04-15T18:36:49+00:00","description":"As escoras de resgate Res-Q-Jack incluem op\u00e7\u00f5es com pinos e sem pinos para esquadr\u00f5es de inc\u00eandio e resgate. Nossas escoras de resgate s\u00e3o projetadas, constru\u00eddas e testadas nos EUA.","breadcrumb":{"@id":"https:\/\/res-q-jack.com\/struts\/#breadcrumb"},"inLanguage":"pt-BR","potentialAction":[{"@type":"ReadAction","target":["https:\/\/res-q-jack.com\/struts\/"]}]},{"@type":"ImageObject","inLanguage":"pt-BR","@id":"https:\/\/res-q-jack.com\/struts\/#primaryimage","url":"https:\/\/res-q-jack.com\/wp-content\/uploads\/2020\/02\/APEX-X-Strut-Heavy-Duty-Vehicle-Lifting-Strut-1.jpg","contentUrl":"https:\/\/res-q-jack.com\/wp-content\/uploads\/2020\/02\/APEX-X-Strut-Heavy-Duty-Vehicle-Lifting-Strut-1.jpg","width":900,"height":600,"caption":"APEX X-Strut Heavy-Duty Vehicle Lifting Strut 1"},{"@type":"BreadcrumbList","@id":"https:\/\/res-q-jack.com\/struts\/#breadcrumb","itemListElement":[{"@type":"ListItem","position":1,"name":"Home","item":"https:\/\/res-q-jack.com\/"},{"@type":"ListItem","position":2,"name":"Rescue Struts"}]},{"@type":"WebSite","@id":"https:\/\/res-q-jack.com\/#website","url":"https:\/\/res-q-jack.com\/","name":"Res-Q-Jack, Inc.","description":"Estruturas de estabiliza\u00e7\u00e3o de ve\u00edculos","publisher":{"@id":"https:\/\/res-q-jack.com\/#organization"},"potentialAction":[{"@type":"SearchAction","target":{"@type":"EntryPoint","urlTemplate":"https:\/\/res-q-jack.com\/?s={search_term_string}"},"query-input":{"@type":"PropertyValueSpecification","valueRequired":true,"valueName":"search_term_string"}}],"inLanguage":"pt-BR"},{"@type":"Organization","@id":"https:\/\/res-q-jack.com\/#organization","name":"Res-Q-Jack, Inc.","url":"https:\/\/res-q-jack.com\/","logo":{"@type":"ImageObject","inLanguage":"pt-BR","@id":"https:\/\/res-q-jack.com\/#\/schema\/logo\/image\/","url":"https:\/\/res-q-jack.com\/wp-content\/uploads\/2020\/03\/Res-Q-Jack-SEO-Logo.png","contentUrl":"https:\/\/res-q-jack.com\/wp-content\/uploads\/2020\/03\/Res-Q-Jack-SEO-Logo.png","width":612,"height":138,"caption":"Res-Q-Jack, Inc."},"image":{"@id":"https:\/\/res-q-jack.com\/#\/schema\/logo\/image\/"}}]}},"_links":{"self":[{"href":"https:\/\/res-q-jack.com\/pt\/wp-json\/wp\/v2\/pages\/42","targetHints":{"allow":["GET"]}}],"collection":[{"href":"https:\/\/res-q-jack.com\/pt\/wp-json\/wp\/v2\/pages"}],"about":[{"href":"https:\/\/res-q-jack.com\/pt\/wp-json\/wp\/v2\/types\/page"}],"author":[{"embeddable":true,"href":"https:\/\/res-q-jack.com\/pt\/wp-json\/wp\/v2\/users\/2"}],"replies":[{"embeddable":true,"href":"https:\/\/res-q-jack.com\/pt\/wp-json\/wp\/v2\/comments?post=42"}],"version-history":[{"count":5,"href":"https:\/\/res-q-jack.com\/pt\/wp-json\/wp\/v2\/pages\/42\/revisions"}],"predecessor-version":[{"id":2346,"href":"https:\/\/res-q-jack.com\/pt\/wp-json\/wp\/v2\/pages\/42\/revisions\/2346"}],"wp:featuredmedia":[{"embeddable":true,"href":"https:\/\/res-q-jack.com\/pt\/wp-json\/wp\/v2\/media\/745"}],"wp:attachment":[{"href":"https:\/\/res-q-jack.com\/pt\/wp-json\/wp\/v2\/media?parent=42"}],"curies":[{"name":"wp","href":"https:\/\/api.w.org\/{rel}","templated":true}]}}