{"id":197,"date":"2019-12-18T18:33:03","date_gmt":"2019-12-18T23:33:03","guid":{"rendered":"https:\/\/resqjack.wpengine.com\/?page_id=197"},"modified":"2024-02-27T12:33:18","modified_gmt":"2024-02-27T17:33:18","slug":"encaixes-de-ponta-a-pino","status":"publish","type":"page","link":"https:\/\/res-q-jack.com\/pt\/accessories\/pinned-end-fittings\/","title":{"rendered":"Conex\u00f5es com pinos"},"content":{"rendered":"<h1>Conex\u00f5es com pinos<\/h1>\r\n<ul>\r\n<li>\r\n<h3><a href=\"https:\/\/res-q-jack.com\/pt\/acessorios\/\" target=\"_self\" rel=\"noopener noreferrer\">Saiba mais sobre nossos acess\u00f3rios<\/a><\/h3>\r\n<\/li>\r\n<\/ul>\r\n<p><img decoding=\"async\" title=\"Cabe\u00e7a do trip\u00e9 afixada\" data-src=\"https:\/\/res-q-jack.com\/wp-content\/uploads\/2020\/02\/Pinned-Tripod-Head.jpg\" alt=\"Cabe\u00e7a do trip\u00e9 afixada\" src=\"data:image\/svg+xml;base64,PHN2ZyB3aWR0aD0iMSIgaGVpZ2h0PSIxIiB4bWxucz0iaHR0cDovL3d3dy53My5vcmcvMjAwMC9zdmciPjwvc3ZnPg==\" class=\"lazyload\" style=\"--smush-placeholder-width: 900px; --smush-placeholder-aspect-ratio: 900\/600;\" \/><\/p>\r\n<h5>ALX-TRPD| RJ3-TRPD | GLX-TRPD<\/h5>\r\n<h3>Cabe\u00e7a do trip\u00e9<\/h3>\r\n<p>Transforme suas escoras acionadas por pinos em um trip\u00e9 para cen\u00e1rios de resgate t\u00e9cnico. Possui coroa de a\u00e7o revestida a p\u00f3 e pernas tubulares de a\u00e7o. Fixados com nossos pinos de trava em a\u00e7o temperado. Cabe\u00e7otes em a\u00e7o X \/ RJ3 e GreenLite incluem 36\u2033 extens\u00f5es para alcan\u00e7ar at\u00e9 9 p\u00e9s.<\/p>\r\n<p><img decoding=\"async\" title=\"Cabe\u00e7a quadrada afixada\" data-src=\"https:\/\/res-q-jack.com\/wp-content\/uploads\/2020\/02\/Pinned-Square-Head.jpg\" alt=\"Cabe\u00e7a quadrada afixada\" src=\"data:image\/svg+xml;base64,PHN2ZyB3aWR0aD0iMSIgaGVpZ2h0PSIxIiB4bWxucz0iaHR0cDovL3d3dy53My5vcmcvMjAwMC9zdmciPjwvc3ZnPg==\" class=\"lazyload\" style=\"--smush-placeholder-width: 900px; --smush-placeholder-aspect-ratio: 900\/600;\" \/><\/p>\r\n<h5>ALX-SQUR | RJ3-SQUR<\/h5>\r\n<h3>Cabe\u00e7a quadrada<\/h3>\r\n<p>Este encaixe final \u00e9 equipado com uma placa quadrada para uso em situa\u00e7\u00f5es estruturais como escoramento leve contra uma superf\u00edcie plana suspensa. Dispon\u00edvel para as s\u00e9ries Aluminum X, Steel X &amp; RJ3.<\/p>\r\n<p><img decoding=\"async\" title=\"Pinned L-Plate\" data-src=\"https:\/\/res-q-jack.com\/wp-content\/uploads\/2020\/02\/Pinned-L-Plate.jpg\" alt=\"Pinned L-Plate\" src=\"data:image\/svg+xml;base64,PHN2ZyB3aWR0aD0iMSIgaGVpZ2h0PSIxIiB4bWxucz0iaHR0cDovL3d3dy53My5vcmcvMjAwMC9zdmciPjwvc3ZnPg==\" class=\"lazyload\" style=\"--smush-placeholder-width: 900px; --smush-placeholder-aspect-ratio: 900\/600;\" \/><\/p>\r\n<h5>ALX-LPLT | RJ3-LPLT<\/h5>\r\n<h3>L-PLate<\/h3>\r\n<p>Este encaixe final foi projetado para suporte de vigas durante o escoramento estrutural leve. Seu projeto em forma de \"L\" suporta a viga, e inclui furos em cada lado para fixa\u00e7\u00e3o com pregos ou parafusos. Dispon\u00edvel para as s\u00e9ries Aluminum X, Steel X &amp; RJ3.\u00a0<\/p>\r\n<p><img decoding=\"async\" title=\"C-Cabe\u00e7a-Cabe\u00e7a com Alfinete\" data-src=\"https:\/\/res-q-jack.com\/wp-content\/uploads\/2020\/02\/Pinned-C-Head.jpg\" alt=\"C-Cabe\u00e7a-Cabe\u00e7a com Alfinete\" src=\"data:image\/svg+xml;base64,PHN2ZyB3aWR0aD0iMSIgaGVpZ2h0PSIxIiB4bWxucz0iaHR0cDovL3d3dy53My5vcmcvMjAwMC9zdmciPjwvc3ZnPg==\" class=\"lazyload\" style=\"--smush-placeholder-width: 900px; --smush-placeholder-aspect-ratio: 900\/600;\" \/><\/p>\r\n<h5>ALX-CHED | RJ3-CHED<\/h5>\r\n<h3>C-Head<\/h3>\r\n<p>Este encaixe final permite um ber\u00e7o de membros largos, como um poste A, com uma fixa\u00e7\u00e3o certamente positiva. Dispon\u00edvel para as s\u00e9ries Aluminum X, Steel X &amp; RJ3.<\/p>\r\n<p><img decoding=\"async\" title=\"Base fixa afixada\" data-src=\"https:\/\/res-q-jack.com\/wp-content\/uploads\/2020\/02\/Pinned-Fixed-Base.jpg\" alt=\"Base fixa afixada\" src=\"data:image\/svg+xml;base64,PHN2ZyB3aWR0aD0iMSIgaGVpZ2h0PSIxIiB4bWxucz0iaHR0cDovL3d3dy53My5vcmcvMjAwMC9zdmciPjwvc3ZnPg==\" class=\"lazyload\" style=\"--smush-placeholder-width: 900px; --smush-placeholder-aspect-ratio: 900\/600;\" \/><\/p>\r\n<h5>RJ3-FBAS<\/h5>\r\n<h3>Base fixa<\/h3>\r\n<p>Esta base r\u00edgida fica reta, e \u00e9 \u00fatil para muitas aplica\u00e7\u00f5es, tais como uma unidade de macaco que serve como um dispositivo de eleva\u00e7\u00e3o de objetos de baixo n\u00edvel, para capotagens ou aplica\u00e7\u00f5es em espa\u00e7os confinados. Compat\u00edvel apenas com RJ3.<\/p>\r\n<p><img decoding=\"async\" title=\"Base RJ3 afixada\" data-src=\"https:\/\/res-q-jack.com\/wp-content\/uploads\/2020\/02\/Pinned-RJ3-Base.jpg\" alt=\"Base RJ3 afixada\" src=\"data:image\/svg+xml;base64,PHN2ZyB3aWR0aD0iMSIgaGVpZ2h0PSIxIiB4bWxucz0iaHR0cDovL3d3dy53My5vcmcvMjAwMC9zdmciPjwvc3ZnPg==\" class=\"lazyload\" style=\"--smush-placeholder-width: 900px; --smush-placeholder-aspect-ratio: 900\/600;\" \/><\/p>\r\n<h5>RJ3-BASE<\/h5>\r\n<h3>Base RJ3<\/h3>\r\n<p>Nossa placa base padr\u00e3o para a s\u00e9rie RJ3. Os elos D-Ring s\u00e3o permanentemente fixados para facilitar a conex\u00e3o das cintas da base, bem como as fivelas CAM para conveni\u00eancia. Compat\u00edvel somente com RJ3.<\/p>\r\n<p><img decoding=\"async\" title=\"Cabe\u00e7a girat\u00f3ria CRG - Amarela\" data-src=\"https:\/\/res-q-jack.com\/wp-content\/uploads\/2020\/04\/Swivel-CRG-Head-Yellow.png\" alt=\"Cabe\u00e7a girat\u00f3ria CRG - Amarela\" src=\"data:image\/svg+xml;base64,PHN2ZyB3aWR0aD0iMSIgaGVpZ2h0PSIxIiB4bWxucz0iaHR0cDovL3d3dy53My5vcmcvMjAwMC9zdmciPjwvc3ZnPg==\" class=\"lazyload\" style=\"--smush-placeholder-width: 900px; --smush-placeholder-aspect-ratio: 900\/600;\" \/><\/p>\r\n<h5>ALX-SCRG | STX-SCRG | RJ3-SCRG | GLX-SCRG<\/h5>\r\n<h3>Cabe\u00e7a girat\u00f3ria CRG<\/h3>\r\n<p>O CRG combina o Canal, o Ponto Redondo e os encaixes da extremidade da Corrente em uma cabe\u00e7a revolucion\u00e1ria, e torna desnecess\u00e1ria a troca de cabe\u00e7as durante um resgate. A ponta girat\u00f3ria da CRG gira 360\u00b0 para encontrar facilmente pontos de compra em qualquer \u00e2ngulo. Tamb\u00e9m dispon\u00edvel como um cabe\u00e7ote CRG fixo (RJ3-FCRG -RJ3 apenas para o Jackstand).<\/p>","protected":false},"excerpt":{"rendered":"<p>Conex\u00f5es com pinos Aprenda mais sobre nossos acess\u00f3rios ALX-TRPD| RJ3-TRPD | Cabe\u00e7a do trip\u00e9 GLX-TRPD Transforme suas escoras operadas por pinos em um trip\u00e9 para cen\u00e1rios de resgate t\u00e9cnico. Possui coroa de a\u00e7o revestida a p\u00f3 e pernas tubulares de a\u00e7o. Fixados com nossos pinos de trava em a\u00e7o temperado. Os cabe\u00e7otes em a\u00e7o X \/ RJ3 e GreenLite incluem extens\u00f5es em 36\u2033 para alcan\u00e7ar...<\/p>","protected":false},"author":2,"featured_media":0,"parent":44,"menu_order":0,"comment_status":"closed","ping_status":"closed","template":"","meta":{"footnotes":""},"class_list":["post-197","page","type-page","status-publish","hentry"],"yoast_head":"<!-- This site is optimized with the Yoast SEO plugin v27.2 - https:\/\/yoast.com\/product\/yoast-seo-wordpress\/ -->\n<title>Pinned End Fittings | Res-Q-Jack, Inc.<\/title>\n<meta name=\"robots\" content=\"index, follow, max-snippet:-1, max-image-preview:large, max-video-preview:-1\" \/>\n<link rel=\"canonical\" href=\"https:\/\/res-q-jack.com\/pt\/acessorios\/encaixes-de-ponta-a-pino\/\" \/>\n<meta property=\"og:locale\" content=\"pt_BR\" \/>\n<meta property=\"og:type\" content=\"article\" \/>\n<meta property=\"og:title\" content=\"Pinned End Fittings | Res-Q-Jack, Inc.\" \/>\n<meta property=\"og:description\" content=\"Pinned End Fittings Learn more about our accessories ALX-TRPD| RJ3-TRPD | GLX-TRPD Tripod Head Turn your pin-operated struts into a tripod for technical rescue scenarios. Features powder coated steel crown and tubular steel legs. Secured with our hardened steel tab lock pins. Steel X \/ RJ3 and GreenLite heads include 36&#8243; extensions to reach up&hellip;\" \/>\n<meta property=\"og:url\" content=\"https:\/\/res-q-jack.com\/pt\/acessorios\/encaixes-de-ponta-a-pino\/\" \/>\n<meta property=\"og:site_name\" content=\"Res-Q-Jack, Inc.\" \/>\n<meta property=\"article:modified_time\" content=\"2024-02-27T17:33:18+00:00\" \/>\n<meta property=\"og:image\" content=\"https:\/\/res-q-jack.com\/wp-content\/uploads\/2020\/02\/Pinned-Tripod-Head.jpg\" \/>\n<meta name=\"twitter:card\" content=\"summary_large_image\" \/>\n<meta name=\"twitter:label1\" content=\"Est. tempo de leitura\" \/>\n\t<meta name=\"twitter:data1\" content=\"4 minutos\" \/>\n<script type=\"application\/ld+json\" class=\"yoast-schema-graph\">{\"@context\":\"https:\/\/schema.org\",\"@graph\":[{\"@type\":\"WebPage\",\"@id\":\"https:\/\/res-q-jack.com\/accessories\/pinned-end-fittings\/\",\"url\":\"https:\/\/res-q-jack.com\/accessories\/pinned-end-fittings\/\",\"name\":\"Pinned End Fittings | Res-Q-Jack, Inc.\",\"isPartOf\":{\"@id\":\"https:\/\/res-q-jack.com\/#website\"},\"primaryImageOfPage\":{\"@id\":\"https:\/\/res-q-jack.com\/accessories\/pinned-end-fittings\/#primaryimage\"},\"image\":{\"@id\":\"https:\/\/res-q-jack.com\/accessories\/pinned-end-fittings\/#primaryimage\"},\"thumbnailUrl\":\"https:\/\/res-q-jack.com\/wp-content\/uploads\/2020\/02\/Pinned-Tripod-Head.jpg\",\"datePublished\":\"2019-12-18T23:33:03+00:00\",\"dateModified\":\"2024-02-27T17:33:18+00:00\",\"breadcrumb\":{\"@id\":\"https:\/\/res-q-jack.com\/accessories\/pinned-end-fittings\/#breadcrumb\"},\"inLanguage\":\"pt-BR\",\"potentialAction\":[{\"@type\":\"ReadAction\",\"target\":[\"https:\/\/res-q-jack.com\/accessories\/pinned-end-fittings\/\"]}]},{\"@type\":\"ImageObject\",\"inLanguage\":\"pt-BR\",\"@id\":\"https:\/\/res-q-jack.com\/accessories\/pinned-end-fittings\/#primaryimage\",\"url\":\"https:\/\/res-q-jack.com\/wp-content\/uploads\/2020\/02\/Pinned-Tripod-Head.jpg\",\"contentUrl\":\"https:\/\/res-q-jack.com\/wp-content\/uploads\/2020\/02\/Pinned-Tripod-Head.jpg\"},{\"@type\":\"BreadcrumbList\",\"@id\":\"https:\/\/res-q-jack.com\/accessories\/pinned-end-fittings\/#breadcrumb\",\"itemListElement\":[{\"@type\":\"ListItem\",\"position\":1,\"name\":\"Home\",\"item\":\"https:\/\/res-q-jack.com\/\"},{\"@type\":\"ListItem\",\"position\":2,\"name\":\"Accessories\",\"item\":\"https:\/\/res-q-jack.com\/accessories\/\"},{\"@type\":\"ListItem\",\"position\":3,\"name\":\"Pinned End Fittings\"}]},{\"@type\":\"WebSite\",\"@id\":\"https:\/\/res-q-jack.com\/#website\",\"url\":\"https:\/\/res-q-jack.com\/\",\"name\":\"Res-Q-Jack, Inc.\",\"description\":\"Vehicle Stabilization Struts\",\"publisher\":{\"@id\":\"https:\/\/res-q-jack.com\/#organization\"},\"potentialAction\":[{\"@type\":\"SearchAction\",\"target\":{\"@type\":\"EntryPoint\",\"urlTemplate\":\"https:\/\/res-q-jack.com\/?s={search_term_string}\"},\"query-input\":{\"@type\":\"PropertyValueSpecification\",\"valueRequired\":true,\"valueName\":\"search_term_string\"}}],\"inLanguage\":\"pt-BR\"},{\"@type\":\"Organization\",\"@id\":\"https:\/\/res-q-jack.com\/#organization\",\"name\":\"Res-Q-Jack, Inc.\",\"url\":\"https:\/\/res-q-jack.com\/\",\"logo\":{\"@type\":\"ImageObject\",\"inLanguage\":\"pt-BR\",\"@id\":\"https:\/\/res-q-jack.com\/#\/schema\/logo\/image\/\",\"url\":\"https:\/\/res-q-jack.com\/wp-content\/uploads\/2020\/03\/Res-Q-Jack-SEO-Logo.png\",\"contentUrl\":\"https:\/\/res-q-jack.com\/wp-content\/uploads\/2020\/03\/Res-Q-Jack-SEO-Logo.png\",\"width\":612,\"height\":138,\"caption\":\"Res-Q-Jack, Inc.\"},\"image\":{\"@id\":\"https:\/\/res-q-jack.com\/#\/schema\/logo\/image\/\"}}]}<\/script>\n<!-- \/ Yoast SEO plugin. -->","yoast_head_json":{"title":"Conex\u00f5es de extremidade afixadas | Res-Q-Jack, Inc.","robots":{"index":"index","follow":"follow","max-snippet":"max-snippet:-1","max-image-preview":"max-image-preview:large","max-video-preview":"max-video-preview:-1"},"canonical":"https:\/\/res-q-jack.com\/pt\/acessorios\/encaixes-de-ponta-a-pino\/","og_locale":"pt_BR","og_type":"article","og_title":"Pinned End Fittings | Res-Q-Jack, Inc.","og_description":"Pinned End Fittings Learn more about our accessories ALX-TRPD| RJ3-TRPD | GLX-TRPD Tripod Head Turn your pin-operated struts into a tripod for technical rescue scenarios. Features powder coated steel crown and tubular steel legs. Secured with our hardened steel tab lock pins. Steel X \/ RJ3 and GreenLite heads include 36&#8243; extensions to reach up&hellip;","og_url":"https:\/\/res-q-jack.com\/pt\/acessorios\/encaixes-de-ponta-a-pino\/","og_site_name":"Res-Q-Jack, Inc.","article_modified_time":"2024-02-27T17:33:18+00:00","og_image":[{"url":"https:\/\/res-q-jack.com\/wp-content\/uploads\/2020\/02\/Pinned-Tripod-Head.jpg","type":"","width":"","height":""}],"twitter_card":"summary_large_image","twitter_misc":{"Est. tempo de leitura":"4 minutos"},"schema":{"@context":"https:\/\/schema.org","@graph":[{"@type":"WebPage","@id":"https:\/\/res-q-jack.com\/accessories\/pinned-end-fittings\/","url":"https:\/\/res-q-jack.com\/accessories\/pinned-end-fittings\/","name":"Conex\u00f5es de extremidade afixadas | Res-Q-Jack, Inc.","isPartOf":{"@id":"https:\/\/res-q-jack.com\/#website"},"primaryImageOfPage":{"@id":"https:\/\/res-q-jack.com\/accessories\/pinned-end-fittings\/#primaryimage"},"image":{"@id":"https:\/\/res-q-jack.com\/accessories\/pinned-end-fittings\/#primaryimage"},"thumbnailUrl":"https:\/\/res-q-jack.com\/wp-content\/uploads\/2020\/02\/Pinned-Tripod-Head.jpg","datePublished":"2019-12-18T23:33:03+00:00","dateModified":"2024-02-27T17:33:18+00:00","breadcrumb":{"@id":"https:\/\/res-q-jack.com\/accessories\/pinned-end-fittings\/#breadcrumb"},"inLanguage":"pt-BR","potentialAction":[{"@type":"ReadAction","target":["https:\/\/res-q-jack.com\/accessories\/pinned-end-fittings\/"]}]},{"@type":"ImageObject","inLanguage":"pt-BR","@id":"https:\/\/res-q-jack.com\/accessories\/pinned-end-fittings\/#primaryimage","url":"https:\/\/res-q-jack.com\/wp-content\/uploads\/2020\/02\/Pinned-Tripod-Head.jpg","contentUrl":"https:\/\/res-q-jack.com\/wp-content\/uploads\/2020\/02\/Pinned-Tripod-Head.jpg"},{"@type":"BreadcrumbList","@id":"https:\/\/res-q-jack.com\/accessories\/pinned-end-fittings\/#breadcrumb","itemListElement":[{"@type":"ListItem","position":1,"name":"Home","item":"https:\/\/res-q-jack.com\/"},{"@type":"ListItem","position":2,"name":"Accessories","item":"https:\/\/res-q-jack.com\/accessories\/"},{"@type":"ListItem","position":3,"name":"Pinned End Fittings"}]},{"@type":"WebSite","@id":"https:\/\/res-q-jack.com\/#website","url":"https:\/\/res-q-jack.com\/","name":"Res-Q-Jack, Inc.","description":"Estruturas de estabiliza\u00e7\u00e3o de ve\u00edculos","publisher":{"@id":"https:\/\/res-q-jack.com\/#organization"},"potentialAction":[{"@type":"SearchAction","target":{"@type":"EntryPoint","urlTemplate":"https:\/\/res-q-jack.com\/?s={search_term_string}"},"query-input":{"@type":"PropertyValueSpecification","valueRequired":true,"valueName":"search_term_string"}}],"inLanguage":"pt-BR"},{"@type":"Organization","@id":"https:\/\/res-q-jack.com\/#organization","name":"Res-Q-Jack, Inc.","url":"https:\/\/res-q-jack.com\/","logo":{"@type":"ImageObject","inLanguage":"pt-BR","@id":"https:\/\/res-q-jack.com\/#\/schema\/logo\/image\/","url":"https:\/\/res-q-jack.com\/wp-content\/uploads\/2020\/03\/Res-Q-Jack-SEO-Logo.png","contentUrl":"https:\/\/res-q-jack.com\/wp-content\/uploads\/2020\/03\/Res-Q-Jack-SEO-Logo.png","width":612,"height":138,"caption":"Res-Q-Jack, Inc."},"image":{"@id":"https:\/\/res-q-jack.com\/#\/schema\/logo\/image\/"}}]}},"_links":{"self":[{"href":"https:\/\/res-q-jack.com\/pt\/wp-json\/wp\/v2\/pages\/197","targetHints":{"allow":["GET"]}}],"collection":[{"href":"https:\/\/res-q-jack.com\/pt\/wp-json\/wp\/v2\/pages"}],"about":[{"href":"https:\/\/res-q-jack.com\/pt\/wp-json\/wp\/v2\/types\/page"}],"author":[{"embeddable":true,"href":"https:\/\/res-q-jack.com\/pt\/wp-json\/wp\/v2\/users\/2"}],"replies":[{"embeddable":true,"href":"https:\/\/res-q-jack.com\/pt\/wp-json\/wp\/v2\/comments?post=197"}],"version-history":[{"count":0,"href":"https:\/\/res-q-jack.com\/pt\/wp-json\/wp\/v2\/pages\/197\/revisions"}],"up":[{"embeddable":true,"href":"https:\/\/res-q-jack.com\/pt\/wp-json\/wp\/v2\/pages\/44"}],"wp:attachment":[{"href":"https:\/\/res-q-jack.com\/pt\/wp-json\/wp\/v2\/media?parent=197"}],"curies":[{"name":"wp","href":"https:\/\/api.w.org\/{rel}","templated":true}]}}