{"id":195,"date":"2019-12-18T18:32:39","date_gmt":"2019-12-18T23:32:39","guid":{"rendered":"https:\/\/resqjack.wpengine.com\/?page_id=195"},"modified":"2026-04-16T14:40:41","modified_gmt":"2026-04-16T19:40:41","slug":"encaixe-final-sem-pinos","status":"publish","type":"page","link":"https:\/\/res-q-jack.com\/pt\/accessories\/pin-free-end-fittings\/","title":{"rendered":"Conex\u00f5es sem pinos"},"content":{"rendered":"<h1>\n\t\t\t\tConex\u00f5es sem pinos\n\t\t\t<\/h1>\n\t<ul>\n\t\t<li>\t\t\t\t\n\t\t<h3><a href=\"https:\/\/res-q-jack.com\/pt\/acessorios\/\" target=\"_self\"  aria-label=\"Go to https:\/\/res-q-jack.com\/accessories\/\">Saiba mais sobre nossos acess\u00f3rios<\/a><\/h3><\/li>\t<\/ul>\n\t\t\t\t<img decoding=\"async\" data-src=\"https:\/\/res-q-jack.com\/wp-content\/uploads\/2026\/04\/Extension-Tubing-2.png\" alt=\"Tubo de extens\u00e3o\" title=\"Tubo de extens\u00e3o\" itemprop=\"image\" src=\"data:image\/svg+xml;base64,PHN2ZyB3aWR0aD0iMSIgaGVpZ2h0PSIxIiB4bWxucz0iaHR0cDovL3d3dy53My5vcmcvMjAwMC9zdmciPjwvc3ZnPg==\" class=\"lazyload\" style=\"--smush-placeholder-width: 900px; --smush-placeholder-aspect-ratio: 900\/600;\" \/>\n\t\t<h5>SPX-12EX (12&#8243;) | SPX-24EX (24&#8243;) | SPX-36EX (36&#8243;)<\/h5><h3>Tubo de extens\u00e3o<\/h3>\t\t\t\n\t\t\t\t<p>Atinja novas alturas com estes tubos de extens\u00e3o. Estas extens\u00f5es f\u00e1ceis de usar s\u00e3o usinadas em alum\u00ednio 6061 T-6 e proporcionam um comprimento extra aos seus X-Struts sem pinos, Trench Shore, e Kits de Resgate T\u00e9cnico. Dispon\u00edvel em um, dois e tr\u00eas comprimentos de p\u00e9.<\/p>\n\t\t\t\t<img decoding=\"async\" data-src=\"https:\/\/res-q-jack.com\/wp-content\/uploads\/2026\/04\/Tripod-Head.png\" alt=\"Cabe\u00e7a do trip\u00e9\" title=\"Cabe\u00e7a do trip\u00e9\" itemprop=\"image\" src=\"data:image\/svg+xml;base64,PHN2ZyB3aWR0aD0iMSIgaGVpZ2h0PSIxIiB4bWxucz0iaHR0cDovL3d3dy53My5vcmcvMjAwMC9zdmciPjwvc3ZnPg==\" class=\"lazyload\" style=\"--smush-placeholder-width: 900px; --smush-placeholder-aspect-ratio: 900\/600;\" \/>\n\t\t<h5>SPX-TRPD<\/h5><h3> Cabe\u00e7a do trip\u00e9<\/h3>\t\t\t\n\t\t\t\t<p>Transforme tr\u00eas escoras sem pinos em um trip\u00e9 t\u00e9cnico de resgate com este encaixe de cabe\u00e7a sem pinos. A cabe\u00e7a do trip\u00e9 possui uma coroa de a\u00e7o revestida de p\u00f3 com tr\u00eas acess\u00f3rios de alum\u00ednio usinado para uma montagem r\u00e1pida. As escoras s\u00e3o vendidas separadamente.<\/p>\n\t\t\t\t<img decoding=\"async\" data-src=\"https:\/\/res-q-jack.com\/wp-content\/uploads\/2026\/04\/Trench-Plate-2.png\" alt=\"Trench Plate\" title=\"Trench Plate\" itemprop=\"image\" src=\"data:image\/svg+xml;base64,PHN2ZyB3aWR0aD0iMSIgaGVpZ2h0PSIxIiB4bWxucz0iaHR0cDovL3d3dy53My5vcmcvMjAwMC9zdmciPjwvc3ZnPg==\" class=\"lazyload\" style=\"--smush-placeholder-width: 900px; --smush-placeholder-aspect-ratio: 900\/600;\" \/>\n\t\t<h5>SPX-TRBP<\/h5><h3>PLATE de trincheira<\/h3>\t\t\t\n\t\t\t\t<p>Esta placa girat\u00f3ria com junta esf\u00e9rica \u00e9 ideal para escoramento de resgate de trincheiras, com 4 furos de canto para fixa\u00e7\u00e3o com pregos ou parafusos. Fabricada em alum\u00ednio usinado.<\/p>\n\t\t\t\t<img decoding=\"async\" data-src=\"https:\/\/res-q-jack.com\/wp-content\/uploads\/2026\/04\/Flat-Plate-1.png\" alt=\"Flat Plate\" title=\"Flat Plate\" itemprop=\"image\" src=\"data:image\/svg+xml;base64,PHN2ZyB3aWR0aD0iMSIgaGVpZ2h0PSIxIiB4bWxucz0iaHR0cDovL3d3dy53My5vcmcvMjAwMC9zdmciPjwvc3ZnPg==\" class=\"lazyload\" style=\"--smush-placeholder-width: 900px; --smush-placeholder-aspect-ratio: 900\/600;\" \/>\n\t\t<h5>SPX-FLTH<\/h5><h3>Cabe\u00e7a plana PLate<\/h3>\t\t\t\n\t\t\t\t<p>This 6&#8243; fixed plate is your straightforward shoring head. Recommended for structural applications with the Super X, but also compatible with the SPX Trench Shore. Made from machined aluminum.<\/p>\n\t\t\t\t<img decoding=\"async\" data-src=\"https:\/\/res-q-jack.com\/wp-content\/uploads\/2026\/04\/Large-Base-Plate.png\" alt=\"Large Base Plate\" title=\"Large Base Plate\" itemprop=\"image\" src=\"data:image\/svg+xml;base64,PHN2ZyB3aWR0aD0iMSIgaGVpZ2h0PSIxIiB4bWxucz0iaHR0cDovL3d3dy53My5vcmcvMjAwMC9zdmciPjwvc3ZnPg==\" class=\"lazyload\" style=\"--smush-placeholder-width: 900px; --smush-placeholder-aspect-ratio: 900\/600;\" \/>\n\t\t<h5>SPX-12BP<\/h5><h3> Super X-Strut Base Grande<\/h3>\t\t\t\n\t\t\t\t<p>This 12&#8243; swiveling base plate will work in a wide range of scenarios, especially when you need to spread out the load on soft ground. Includes attachment for straps. Made from machined aluminum.<\/p>\n\t\t\t\t<img decoding=\"async\" data-src=\"https:\/\/res-q-jack.com\/wp-content\/uploads\/2026\/04\/Extrication-Base-Plate.png\" alt=\"Extrication Base Plate\" title=\"Extrication Base Plate\" itemprop=\"image\" src=\"data:image\/svg+xml;base64,PHN2ZyB3aWR0aD0iMSIgaGVpZ2h0PSIxIiB4bWxucz0iaHR0cDovL3d3dy53My5vcmcvMjAwMC9zdmciPjwvc3ZnPg==\" class=\"lazyload\" style=\"--smush-placeholder-width: 900px; --smush-placeholder-aspect-ratio: 900\/600;\" \/>\n\t\t<h5>SPX-EXBP<\/h5><h3>Super X-Strut Small Base PLate<\/h3>\t\t\t\n\t\t\t\t<p>Nossa placa base girat\u00f3ria padr\u00e3o, mas constru\u00edda especificamente para o Super X. Este projeto leve inclui an\u00e9is D para estacas ou para cintas e correntes de acoplamento. Possui fixa\u00e7\u00e3o de alum\u00ednio usinado com base e an\u00e9is de a\u00e7o revestidos a p\u00f3.<\/p>\n\t\t\t\t<img decoding=\"async\" data-src=\"https:\/\/res-q-jack.com\/wp-content\/uploads\/2026\/04\/Swivel-CRG-Head.png\" alt=\"Cabe\u00e7a girat\u00f3ria CRG\" title=\"Cabe\u00e7a girat\u00f3ria CRG\" itemprop=\"image\" src=\"data:image\/svg+xml;base64,PHN2ZyB3aWR0aD0iMSIgaGVpZ2h0PSIxIiB4bWxucz0iaHR0cDovL3d3dy53My5vcmcvMjAwMC9zdmciPjwvc3ZnPg==\" class=\"lazyload\" style=\"--smush-placeholder-width: 900px; --smush-placeholder-aspect-ratio: 900\/600;\" \/>\n\t\t<h5>SPX-SCRG<\/h5><h3> Cabe\u00e7a girat\u00f3ria sem pinos CRG<\/h3>\t\t\t\n\t\t\t\t<p>O CRG combina o Canal, o Ponto Redondo e os encaixes da extremidade da Corrente em uma cabe\u00e7a revolucion\u00e1ria, tornando desnecess\u00e1ria a troca de cabe\u00e7as durante um resgate. Encaixa-se no Super X, Apex &amp; Auto X.<\/p>","protected":false},"excerpt":{"rendered":"<p>Pin-Free End Fittings Learn more about our accessories SPX-12EX (12&#8243;) | SPX-24EX (24&#8243;) | SPX-36EX (36&#8243;) Extension Tubing Reach new heights with these extension tubes. These easy-to-use extensions are machined from 6061 T-6 aluminum and provide extra length to your Pin-Free X-Struts,Trench Shore, and Technical Rescue Kits. Available in one, two and three foot lengths.&hellip;<\/p>","protected":false},"author":2,"featured_media":0,"parent":44,"menu_order":0,"comment_status":"closed","ping_status":"closed","template":"","meta":{"footnotes":""},"class_list":["post-195","page","type-page","status-publish","hentry"],"yoast_head":"<!-- This site is optimized with the Yoast SEO plugin v27.2 - https:\/\/yoast.com\/product\/yoast-seo-wordpress\/ -->\n<title>Pin-Free End Fittings | Res-Q-Jack, Inc.<\/title>\n<meta name=\"robots\" content=\"index, follow, max-snippet:-1, max-image-preview:large, max-video-preview:-1\" \/>\n<link rel=\"canonical\" href=\"https:\/\/res-q-jack.com\/pt\/acessorios\/encaixe-final-sem-pinos\/\" \/>\n<meta property=\"og:locale\" content=\"pt_BR\" \/>\n<meta property=\"og:type\" content=\"article\" \/>\n<meta property=\"og:title\" content=\"Pin-Free End Fittings | Res-Q-Jack, Inc.\" \/>\n<meta property=\"og:description\" content=\"Pin-Free End Fittings Learn more about our accessories SPX-12EX (12&#8243;) | SPX-24EX (24&#8243;) | SPX-36EX (36&#8243;) Extension Tubing Reach new heights with these extension tubes. These easy-to-use extensions are machined from 6061 T-6 aluminum and provide extra length to your Pin-Free X-Struts,Trench Shore, and Technical Rescue Kits. Available in one, two and three foot lengths.&hellip;\" \/>\n<meta property=\"og:url\" content=\"https:\/\/res-q-jack.com\/pt\/acessorios\/encaixe-final-sem-pinos\/\" \/>\n<meta property=\"og:site_name\" content=\"Res-Q-Jack, Inc.\" \/>\n<meta property=\"article:modified_time\" content=\"2026-04-16T19:40:41+00:00\" \/>\n<meta property=\"og:image\" content=\"https:\/\/res-q-jack.com\/wp-content\/uploads\/2026\/04\/Extension-Tubing-2.png\" \/>\n<meta name=\"twitter:card\" content=\"summary_large_image\" \/>\n<meta name=\"twitter:label1\" content=\"Est. tempo de leitura\" \/>\n\t<meta name=\"twitter:data1\" content=\"5 minutos\" \/>\n<script type=\"application\/ld+json\" class=\"yoast-schema-graph\">{\"@context\":\"https:\/\/schema.org\",\"@graph\":[{\"@type\":\"WebPage\",\"@id\":\"https:\/\/res-q-jack.com\/accessories\/pin-free-end-fittings\/\",\"url\":\"https:\/\/res-q-jack.com\/accessories\/pin-free-end-fittings\/\",\"name\":\"Pin-Free End Fittings | Res-Q-Jack, Inc.\",\"isPartOf\":{\"@id\":\"https:\/\/res-q-jack.com\/#website\"},\"primaryImageOfPage\":{\"@id\":\"https:\/\/res-q-jack.com\/accessories\/pin-free-end-fittings\/#primaryimage\"},\"image\":{\"@id\":\"https:\/\/res-q-jack.com\/accessories\/pin-free-end-fittings\/#primaryimage\"},\"thumbnailUrl\":\"https:\/\/res-q-jack.com\/wp-content\/uploads\/2026\/04\/Extension-Tubing-2.png\",\"datePublished\":\"2019-12-18T23:32:39+00:00\",\"dateModified\":\"2026-04-16T19:40:41+00:00\",\"breadcrumb\":{\"@id\":\"https:\/\/res-q-jack.com\/accessories\/pin-free-end-fittings\/#breadcrumb\"},\"inLanguage\":\"pt-BR\",\"potentialAction\":[{\"@type\":\"ReadAction\",\"target\":[\"https:\/\/res-q-jack.com\/accessories\/pin-free-end-fittings\/\"]}]},{\"@type\":\"ImageObject\",\"inLanguage\":\"pt-BR\",\"@id\":\"https:\/\/res-q-jack.com\/accessories\/pin-free-end-fittings\/#primaryimage\",\"url\":\"https:\/\/res-q-jack.com\/wp-content\/uploads\/2026\/04\/Extension-Tubing-2.png\",\"contentUrl\":\"https:\/\/res-q-jack.com\/wp-content\/uploads\/2026\/04\/Extension-Tubing-2.png\"},{\"@type\":\"BreadcrumbList\",\"@id\":\"https:\/\/res-q-jack.com\/accessories\/pin-free-end-fittings\/#breadcrumb\",\"itemListElement\":[{\"@type\":\"ListItem\",\"position\":1,\"name\":\"Home\",\"item\":\"https:\/\/res-q-jack.com\/\"},{\"@type\":\"ListItem\",\"position\":2,\"name\":\"Accessories\",\"item\":\"https:\/\/res-q-jack.com\/accessories\/\"},{\"@type\":\"ListItem\",\"position\":3,\"name\":\"Pin-Free End Fittings\"}]},{\"@type\":\"WebSite\",\"@id\":\"https:\/\/res-q-jack.com\/#website\",\"url\":\"https:\/\/res-q-jack.com\/\",\"name\":\"Res-Q-Jack, Inc.\",\"description\":\"Vehicle Stabilization Struts\",\"publisher\":{\"@id\":\"https:\/\/res-q-jack.com\/#organization\"},\"potentialAction\":[{\"@type\":\"SearchAction\",\"target\":{\"@type\":\"EntryPoint\",\"urlTemplate\":\"https:\/\/res-q-jack.com\/?s={search_term_string}\"},\"query-input\":{\"@type\":\"PropertyValueSpecification\",\"valueRequired\":true,\"valueName\":\"search_term_string\"}}],\"inLanguage\":\"pt-BR\"},{\"@type\":\"Organization\",\"@id\":\"https:\/\/res-q-jack.com\/#organization\",\"name\":\"Res-Q-Jack, Inc.\",\"url\":\"https:\/\/res-q-jack.com\/\",\"logo\":{\"@type\":\"ImageObject\",\"inLanguage\":\"pt-BR\",\"@id\":\"https:\/\/res-q-jack.com\/#\/schema\/logo\/image\/\",\"url\":\"https:\/\/res-q-jack.com\/wp-content\/uploads\/2020\/03\/Res-Q-Jack-SEO-Logo.png\",\"contentUrl\":\"https:\/\/res-q-jack.com\/wp-content\/uploads\/2020\/03\/Res-Q-Jack-SEO-Logo.png\",\"width\":612,\"height\":138,\"caption\":\"Res-Q-Jack, Inc.\"},\"image\":{\"@id\":\"https:\/\/res-q-jack.com\/#\/schema\/logo\/image\/\"}}]}<\/script>\n<!-- \/ Yoast SEO plugin. -->","yoast_head_json":{"title":"Conex\u00f5es sem pinos | Res-Q-Jack, Inc.","robots":{"index":"index","follow":"follow","max-snippet":"max-snippet:-1","max-image-preview":"max-image-preview:large","max-video-preview":"max-video-preview:-1"},"canonical":"https:\/\/res-q-jack.com\/pt\/acessorios\/encaixe-final-sem-pinos\/","og_locale":"pt_BR","og_type":"article","og_title":"Pin-Free End Fittings | Res-Q-Jack, Inc.","og_description":"Pin-Free End Fittings Learn more about our accessories SPX-12EX (12&#8243;) | SPX-24EX (24&#8243;) | SPX-36EX (36&#8243;) Extension Tubing Reach new heights with these extension tubes. These easy-to-use extensions are machined from 6061 T-6 aluminum and provide extra length to your Pin-Free X-Struts,Trench Shore, and Technical Rescue Kits. Available in one, two and three foot lengths.&hellip;","og_url":"https:\/\/res-q-jack.com\/pt\/acessorios\/encaixe-final-sem-pinos\/","og_site_name":"Res-Q-Jack, Inc.","article_modified_time":"2026-04-16T19:40:41+00:00","og_image":[{"url":"https:\/\/res-q-jack.com\/wp-content\/uploads\/2026\/04\/Extension-Tubing-2.png","type":"","width":"","height":""}],"twitter_card":"summary_large_image","twitter_misc":{"Est. tempo de leitura":"5 minutos"},"schema":{"@context":"https:\/\/schema.org","@graph":[{"@type":"WebPage","@id":"https:\/\/res-q-jack.com\/accessories\/pin-free-end-fittings\/","url":"https:\/\/res-q-jack.com\/accessories\/pin-free-end-fittings\/","name":"Conex\u00f5es sem pinos | Res-Q-Jack, Inc.","isPartOf":{"@id":"https:\/\/res-q-jack.com\/#website"},"primaryImageOfPage":{"@id":"https:\/\/res-q-jack.com\/accessories\/pin-free-end-fittings\/#primaryimage"},"image":{"@id":"https:\/\/res-q-jack.com\/accessories\/pin-free-end-fittings\/#primaryimage"},"thumbnailUrl":"https:\/\/res-q-jack.com\/wp-content\/uploads\/2026\/04\/Extension-Tubing-2.png","datePublished":"2019-12-18T23:32:39+00:00","dateModified":"2026-04-16T19:40:41+00:00","breadcrumb":{"@id":"https:\/\/res-q-jack.com\/accessories\/pin-free-end-fittings\/#breadcrumb"},"inLanguage":"pt-BR","potentialAction":[{"@type":"ReadAction","target":["https:\/\/res-q-jack.com\/accessories\/pin-free-end-fittings\/"]}]},{"@type":"ImageObject","inLanguage":"pt-BR","@id":"https:\/\/res-q-jack.com\/accessories\/pin-free-end-fittings\/#primaryimage","url":"https:\/\/res-q-jack.com\/wp-content\/uploads\/2026\/04\/Extension-Tubing-2.png","contentUrl":"https:\/\/res-q-jack.com\/wp-content\/uploads\/2026\/04\/Extension-Tubing-2.png"},{"@type":"BreadcrumbList","@id":"https:\/\/res-q-jack.com\/accessories\/pin-free-end-fittings\/#breadcrumb","itemListElement":[{"@type":"ListItem","position":1,"name":"Home","item":"https:\/\/res-q-jack.com\/"},{"@type":"ListItem","position":2,"name":"Accessories","item":"https:\/\/res-q-jack.com\/accessories\/"},{"@type":"ListItem","position":3,"name":"Pin-Free End Fittings"}]},{"@type":"WebSite","@id":"https:\/\/res-q-jack.com\/#website","url":"https:\/\/res-q-jack.com\/","name":"Res-Q-Jack, Inc.","description":"Estruturas de estabiliza\u00e7\u00e3o de ve\u00edculos","publisher":{"@id":"https:\/\/res-q-jack.com\/#organization"},"potentialAction":[{"@type":"SearchAction","target":{"@type":"EntryPoint","urlTemplate":"https:\/\/res-q-jack.com\/?s={search_term_string}"},"query-input":{"@type":"PropertyValueSpecification","valueRequired":true,"valueName":"search_term_string"}}],"inLanguage":"pt-BR"},{"@type":"Organization","@id":"https:\/\/res-q-jack.com\/#organization","name":"Res-Q-Jack, Inc.","url":"https:\/\/res-q-jack.com\/","logo":{"@type":"ImageObject","inLanguage":"pt-BR","@id":"https:\/\/res-q-jack.com\/#\/schema\/logo\/image\/","url":"https:\/\/res-q-jack.com\/wp-content\/uploads\/2020\/03\/Res-Q-Jack-SEO-Logo.png","contentUrl":"https:\/\/res-q-jack.com\/wp-content\/uploads\/2020\/03\/Res-Q-Jack-SEO-Logo.png","width":612,"height":138,"caption":"Res-Q-Jack, Inc."},"image":{"@id":"https:\/\/res-q-jack.com\/#\/schema\/logo\/image\/"}}]}},"_links":{"self":[{"href":"https:\/\/res-q-jack.com\/pt\/wp-json\/wp\/v2\/pages\/195","targetHints":{"allow":["GET"]}}],"collection":[{"href":"https:\/\/res-q-jack.com\/pt\/wp-json\/wp\/v2\/pages"}],"about":[{"href":"https:\/\/res-q-jack.com\/pt\/wp-json\/wp\/v2\/types\/page"}],"author":[{"embeddable":true,"href":"https:\/\/res-q-jack.com\/pt\/wp-json\/wp\/v2\/users\/2"}],"replies":[{"embeddable":true,"href":"https:\/\/res-q-jack.com\/pt\/wp-json\/wp\/v2\/comments?post=195"}],"version-history":[{"count":2,"href":"https:\/\/res-q-jack.com\/pt\/wp-json\/wp\/v2\/pages\/195\/revisions"}],"predecessor-version":[{"id":2381,"href":"https:\/\/res-q-jack.com\/pt\/wp-json\/wp\/v2\/pages\/195\/revisions\/2381"}],"up":[{"embeddable":true,"href":"https:\/\/res-q-jack.com\/pt\/wp-json\/wp\/v2\/pages\/44"}],"wp:attachment":[{"href":"https:\/\/res-q-jack.com\/pt\/wp-json\/wp\/v2\/media?parent=195"}],"curies":[{"name":"wp","href":"https:\/\/api.w.org\/{rel}","templated":true}]}}