{"id":187,"date":"2019-12-18T16:18:26","date_gmt":"2019-12-18T21:18:26","guid":{"rendered":"https:\/\/resqjack.wpengine.com\/?page_id=187"},"modified":"2026-04-14T08:59:56","modified_gmt":"2026-04-14T13:59:56","slug":"veiculos-estabilizadores-trudes","status":"publish","type":"page","link":"https:\/\/res-q-jack.com\/pt\/struts\/vehicle-stabilization-struts\/","title":{"rendered":"Estruturas de estabiliza\u00e7\u00e3o de ve\u00edculos"},"content":{"rendered":"<h3>Heavy, Standard &amp; Light-Duty<\/h3>\r\n<h1>Estruturas de estabiliza\u00e7\u00e3o de ve\u00edculos<\/h1>\r\n<p>Nossas escoras s\u00e3o projetadas, feitas \u00e0 m\u00e3o e rigorosamente testadas nos EUA, para lhe dar uma escora r\u00e1pida e confi\u00e1vel para qualquer cen\u00e1rio de resgate.<\/p>\r\n<p><img decoding=\"async\" title=\"cimento-tronco-cerveja\" data-src=\"https:\/\/res-q-jack.com\/wp-content\/uploads\/2020\/06\/cement-truck-icon.png\" alt=\"Estruturas de estabiliza\u00e7\u00e3o e salvamento de ve\u00edculos pesados\" src=\"data:image\/svg+xml;base64,PHN2ZyB3aWR0aD0iMSIgaGVpZ2h0PSIxIiB4bWxucz0iaHR0cDovL3d3dy53My5vcmcvMjAwMC9zdmciPjwvc3ZnPg==\" class=\"lazyload\" style=\"--smush-placeholder-width: 115px; --smush-placeholder-aspect-ratio: 115\/115;\" \/><\/p>\r\n<h3>Servi\u00e7o pesado<\/h3>\r\n<h2>Estruturas de estabiliza\u00e7\u00e3o de ve\u00edculos<\/h2>\r\n<p>Nossas escoras para servi\u00e7o pesado t\u00eam cargas nominais de trabalho de 10.000 lbs a 20.000 (2:1) para uso com ve\u00edculos de grande porte, escoramento estrutural e resgate t\u00e9cnico.<\/p>\r\n<p><img decoding=\"async\" title=\"Estabilizador de Ve\u00edculos Pesados da S\u00e9rie Super X-Strut\" data-src=\"https:\/\/res-q-jack.com\/wp-content\/uploads\/2019\/12\/Super-X-Strut-Series-Heavy-Duty-Vehicle-Stabilization-Strut-100x300.png\" alt=\"Estabilizador de Ve\u00edculos Pesados da S\u00e9rie Super X-Strut\" src=\"data:image\/svg+xml;base64,PHN2ZyB3aWR0aD0iMSIgaGVpZ2h0PSIxIiB4bWxucz0iaHR0cDovL3d3dy53My5vcmcvMjAwMC9zdmciPjwvc3ZnPg==\" class=\"lazyload\" style=\"--smush-placeholder-width: 100px; --smush-placeholder-aspect-ratio: 100\/300;\" \/><\/p>\r\n<h5><img decoding=\"async\" data-src=\"https:\/\/res-q-jack.com\/wp-content\/uploads\/2020\/05\/Pin-Free-Stabilization-Struts-95x18-1.png\" src=\"data:image\/svg+xml;base64,PHN2ZyB3aWR0aD0iMSIgaGVpZ2h0PSIxIiB4bWxucz0iaHR0cDovL3d3dy53My5vcmcvMjAwMC9zdmciPjwvc3ZnPg==\" class=\"lazyload\" style=\"--smush-placeholder-width: 95px; --smush-placeholder-aspect-ratio: 95\/18;\" \/><\/h5>\r\n<h3>Super X-Strut Series<\/h3>\r\n<p>O Super X \u00e9 nossa linha de escoras mais pesada, projetada para resgate de ve\u00edculos pesados, escoramento estrutural e resgate t\u00e9cnico.\u00a0<\/p>\r\n<p><strong>Limite de carga de trabalho: 19.300 lbs. (2:1 Fator de seguran\u00e7a)<\/strong><\/p>\r\n<p><a role=\"button\" href=\"https:\/\/res-q-jack.com\/pt\/escoras\/veiculos-estabilizadores-trudes\/estruturas-de-estabilizacao-veiculo-pesado\/super-x-strut\/\" target=\"_self\" rel=\"noopener noreferrer\"> Ver detalhes <\/a> <img decoding=\"async\" title=\"Estabilizador de ve\u00edculos pesados sem pinos da s\u00e9rie Apex X-Struct\" data-src=\"https:\/\/res-q-jack.com\/wp-content\/uploads\/2020\/04\/Apex-X-Struct-Series-Heavy-Duty-Pin-Free-Vehicle-Stabilization-Strut-100x300.jpg\" alt=\"Estabilizador de ve\u00edculos pesados sem pinos da s\u00e9rie Apex X-Struct\" src=\"data:image\/svg+xml;base64,PHN2ZyB3aWR0aD0iMSIgaGVpZ2h0PSIxIiB4bWxucz0iaHR0cDovL3d3dy53My5vcmcvMjAwMC9zdmciPjwvc3ZnPg==\" class=\"lazyload\" style=\"--smush-placeholder-width: 100px; --smush-placeholder-aspect-ratio: 100\/300;\" \/><\/p>\r\n<h5><img decoding=\"async\" data-src=\"https:\/\/res-q-jack.com\/wp-content\/uploads\/2020\/05\/Pin-Free-Stabilization-Struts-95x18-1.png\" src=\"data:image\/svg+xml;base64,PHN2ZyB3aWR0aD0iMSIgaGVpZ2h0PSIxIiB4bWxucz0iaHR0cDovL3d3dy53My5vcmcvMjAwMC9zdmciPjwvc3ZnPg==\" class=\"lazyload\" style=\"--smush-placeholder-width: 95px; --smush-placeholder-aspect-ratio: 95\/18;\" \/><\/h5>\r\n<h3>Apex X-Strut Series<\/h3>\r\n<p>O Apex \u00e9 nossa mais recente linha de suportes sem pinos para servi\u00e7o pesado, projetada para a maioria dos cen\u00e1rios de resgate de ve\u00edculos.\u00a0\u00a0<\/p>\r\n<p><strong>Limite de carga de trabalho: at\u00e9 12.500 lbs. (2:1 Fator de seguran\u00e7a)<\/strong><\/p>\r\n<p><a role=\"button\" href=\"https:\/\/res-q-jack.com\/pt\/escoras\/veiculos-estabilizadores-trudes\/estruturas-de-estabilizacao-veiculo-pesado\/apex-x-strut\/\" target=\"_self\" rel=\"noopener noreferrer\"> Ver detalhes <\/a> <img decoding=\"async\" title=\"Estrutura de estabiliza\u00e7\u00e3o de ve\u00edculos pesados com pinos da s\u00e9rie X-Strut de alum\u00ednio\" data-src=\"https:\/\/res-q-jack.com\/wp-content\/uploads\/2019\/12\/Aluminum-X-Strut-Series-Heavy-Duty-Pinned-Vehicle-Stabilization-Strut-100x300.png\" alt=\"Estrutura de estabiliza\u00e7\u00e3o de ve\u00edculos pesados com pinos da s\u00e9rie X-Strut de alum\u00ednio\" src=\"data:image\/svg+xml;base64,PHN2ZyB3aWR0aD0iMSIgaGVpZ2h0PSIxIiB4bWxucz0iaHR0cDovL3d3dy53My5vcmcvMjAwMC9zdmciPjwvc3ZnPg==\" class=\"lazyload\" style=\"--smush-placeholder-width: 100px; --smush-placeholder-aspect-ratio: 100\/300;\" \/><\/p>\r\n<h3>Aluminum X-Strut Series<\/h3>\r\n<p>O X-Strut de alum\u00ednio \u00e9 nossa linha de escoras com pinos mais pesados, projetada para o resgate de ve\u00edculos pesados junto com outras diversas aplica\u00e7\u00f5es.<\/p>\r\n<p><strong>Limite de carga de trabalho: 10.000 lbs. (2:1 Fator de seguran\u00e7a)<\/strong><\/p>\r\n<p><a role=\"button\" href=\"https:\/\/res-q-jack.com\/pt\/escoras\/veiculos-estabilizadores-trudes\/estruturas-de-estabilizacao-veiculo-pesado\/aluminio-x-trut\/\" target=\"_self\" rel=\"noopener noreferrer\"> Ver detalhes <\/a> <img decoding=\"async\" title=\"pickup-icon\" data-src=\"https:\/\/res-q-jack.com\/wp-content\/uploads\/2020\/06\/pickup-icon.png\" alt=\"Estruturas de estabiliza\u00e7\u00e3o e salvamento de ve\u00edculos de servi\u00e7o padr\u00e3o\" src=\"data:image\/svg+xml;base64,PHN2ZyB3aWR0aD0iMSIgaGVpZ2h0PSIxIiB4bWxucz0iaHR0cDovL3d3dy53My5vcmcvMjAwMC9zdmciPjwvc3ZnPg==\" class=\"lazyload\" style=\"--smush-placeholder-width: 115px; --smush-placeholder-aspect-ratio: 115\/115;\" \/><\/p>\r\n<h3>Tarefa Padr\u00e3o<\/h3>\r\n<h2>Estruturas de estabiliza\u00e7\u00e3o de ve\u00edculos<\/h2>\r\n<p>Nossas escoras para servi\u00e7o padr\u00e3o t\u00eam cargas nominais de trabalho de 4.000 lbs (2:1) para uso com caminh\u00f5es leves, utilit\u00e1rios esportivos e ve\u00edculos t\u00edpicos.<\/p>\r\n<p><img decoding=\"async\" title=\"Estabilizador de Ve\u00edculos Padr\u00e3o da S\u00e9rie X-Strut de A\u00e7o\" data-src=\"https:\/\/res-q-jack.com\/wp-content\/uploads\/2019\/12\/Steel-X-Strut-Series-Standard-Duty-Vehicle-Stabilization-Strut.jpg\" alt=\"Estabilizador de Ve\u00edculos Padr\u00e3o da S\u00e9rie X-Strut de A\u00e7o\" src=\"data:image\/svg+xml;base64,PHN2ZyB3aWR0aD0iMSIgaGVpZ2h0PSIxIiB4bWxucz0iaHR0cDovL3d3dy53My5vcmcvMjAwMC9zdmciPjwvc3ZnPg==\" class=\"lazyload\" style=\"--smush-placeholder-width: 220px; --smush-placeholder-aspect-ratio: 220\/660;\" \/><\/p>\r\n<h3>Steel X-Strut Series Struts<\/h3>\r\n<p>A s\u00e9rie Steel X-Strut \u00e9 nossa linha original de X-Struts projetada para o t\u00edpico resgate de ve\u00edculos.<\/p>\r\n<p><strong>Limite de carga de trabalho: 4.000 lbs. (2:1 Fator de seguran\u00e7a)<\/strong><\/p>\r\n<p><a role=\"button\" href=\"https:\/\/res-q-jack.com\/pt\/escoras\/veiculos-estabilizadores-trudes\/estruturas-de-estabilizacao-de-veiculos-tipo\/steel-x-strut\/\" target=\"_self\" rel=\"noopener noreferrer\"> Ver detalhes <\/a> <img decoding=\"async\" title=\"Estabilizador de ve\u00edculos para servi\u00e7o padr\u00e3o da s\u00e9rie RJ3\" data-src=\"https:\/\/res-q-jack.com\/wp-content\/uploads\/2019\/12\/RJ3-Series-Standard-Duty-Vehicle-Stabilization-Strut-100x300.jpg\" alt=\"Estabilizador de ve\u00edculos para servi\u00e7o padr\u00e3o da s\u00e9rie RJ3\" src=\"data:image\/svg+xml;base64,PHN2ZyB3aWR0aD0iMSIgaGVpZ2h0PSIxIiB4bWxucz0iaHR0cDovL3d3dy53My5vcmcvMjAwMC9zdmciPjwvc3ZnPg==\" class=\"lazyload\" style=\"--smush-placeholder-width: 100px; --smush-placeholder-aspect-ratio: 100\/300;\" \/><\/p>\r\n<h3>Estruturas da S\u00e9rie RJ3<\/h3>\r\n<p>A linha original da s\u00e9rie RJ3 de escoras de estabiliza\u00e7\u00e3o de a\u00e7o projetadas para o resgate t\u00edpico de ve\u00edculos.<\/p>\r\n<p><strong>Limite de carga de trabalho: 4.000 lbs. (2:1 Fator de seguran\u00e7a)<\/strong><\/p>\r\n<p><a role=\"button\" href=\"https:\/\/res-q-jack.com\/pt\/escoras\/veiculos-estabilizadores-trudes\/estruturas-de-estabilizacao-de-veiculos-tipo\/rj3-jkst-jackstand\/\" target=\"_self\" rel=\"noopener noreferrer\"> Ver detalhes <\/a> <img decoding=\"async\" title=\"car-icon\" data-src=\"https:\/\/res-q-jack.com\/wp-content\/uploads\/2020\/06\/car-icon.png\" alt=\"Estruturas de estabiliza\u00e7\u00e3o e salvamento de ve\u00edculos leves\" src=\"data:image\/svg+xml;base64,PHN2ZyB3aWR0aD0iMSIgaGVpZ2h0PSIxIiB4bWxucz0iaHR0cDovL3d3dy53My5vcmcvMjAwMC9zdmciPjwvc3ZnPg==\" class=\"lazyload\" style=\"--smush-placeholder-width: 115px; --smush-placeholder-aspect-ratio: 115\/115;\" \/><\/p>\r\n<h3>Light-Duty<\/h3>\r\n<h2>Estruturas de estabiliza\u00e7\u00e3o de ve\u00edculos<\/h2>\r\n<p>Nossas escoras t\u00eam cargas de trabalho inferiores a 4.000 libras (2:1) para uso com carros compactos e ve\u00edculos mais leves.<\/p>\r\n<p><img decoding=\"async\" title=\"Estabilizador de ve\u00edculos leves da s\u00e9rie Auto X-Strut\" data-src=\"https:\/\/res-q-jack.com\/wp-content\/uploads\/2019\/12\/Auto-X-Strut-Series-Light-Duty-Vehicle-Stabilization-Strut-100x300.jpg\" alt=\"Estabilizador de ve\u00edculos leves da s\u00e9rie Auto X-Strut\" src=\"data:image\/svg+xml;base64,PHN2ZyB3aWR0aD0iMSIgaGVpZ2h0PSIxIiB4bWxucz0iaHR0cDovL3d3dy53My5vcmcvMjAwMC9zdmciPjwvc3ZnPg==\" class=\"lazyload\" style=\"--smush-placeholder-width: 100px; --smush-placeholder-aspect-ratio: 100\/300;\" \/><\/p>\r\n<h5><img decoding=\"async\" data-src=\"https:\/\/res-q-jack.com\/wp-content\/uploads\/2020\/05\/Pin-Free-Stabilization-Struts-95x18-1.png\" src=\"data:image\/svg+xml;base64,PHN2ZyB3aWR0aD0iMSIgaGVpZ2h0PSIxIiB4bWxucz0iaHR0cDovL3d3dy53My5vcmcvMjAwMC9zdmciPjwvc3ZnPg==\" class=\"lazyload\" style=\"--smush-placeholder-width: 95px; --smush-placeholder-aspect-ratio: 95\/18;\" \/><\/h5>\r\n<h3>Auto X-Strut Series<\/h3>\r\n<p>O Auto X \u00e9 a nossa escora sem pinos para estabilizar e elevar rapidamente ve\u00edculos pequenos t\u00edpicos.<\/p>\r\n<p><strong>Limite de carga de trabalho: 3.250 lbs. (2:1 Fator de seguran\u00e7a)<\/strong><\/p>\r\n<p><a role=\"button\" href=\"https:\/\/res-q-jack.com\/pt\/escoras\/veiculos-estabilizadores-trudes\/suportes-de-estabilizacao-de-veiculos-ligeiros-veiculos\/auto-x-strut\/\" target=\"_self\" rel=\"noopener noreferrer\"> Ver detalhes <\/a> <img decoding=\"async\" title=\"GreenLite S\u00e9rie X-Strut Estabilizador de Ve\u00edculos para servi\u00e7os leves\" data-src=\"https:\/\/res-q-jack.com\/wp-content\/uploads\/2019\/12\/GreenLite-X-Strut-Series-Light-Duty-Vehicle-Stabilization-Strut-100x300.jpg\" alt=\"GreenLite S\u00e9rie X-Strut Estabilizador de Ve\u00edculos para servi\u00e7os leves\" src=\"data:image\/svg+xml;base64,PHN2ZyB3aWR0aD0iMSIgaGVpZ2h0PSIxIiB4bWxucz0iaHR0cDovL3d3dy53My5vcmcvMjAwMC9zdmciPjwvc3ZnPg==\" class=\"lazyload\" style=\"--smush-placeholder-width: 100px; --smush-placeholder-aspect-ratio: 100\/300;\" \/><\/p>\r\n<h3>GreenLite\u2122 X-Strut Series<\/h3>\r\n<p>A s\u00e9rie GreenLite \u00e9 nossa linha X-Strut mais acess\u00edvel, projetada para uma estabiliza\u00e7\u00e3o r\u00e1pida com a capacidade de eleva\u00e7\u00e3o quando necess\u00e1rio.<\/p>\r\n<p><strong>Limite de carga de trabalho: 2.500 lbs. (2:1 Fator de seguran\u00e7a)<\/strong><\/p>\r\n<p><a role=\"button\" href=\"https:\/\/res-q-jack.com\/pt\/escoras\/veiculos-estabilizadores-trudes\/suportes-de-estabilizacao-de-veiculos-ligeiros-veiculos\/greenlite-x-strut\/\" target=\"_self\" rel=\"noopener noreferrer\"> Ver detalhes <\/a><\/p>\r\n<h4>D\u00favidas? Ligue para 1-800-466-9626<\/h4>","protected":false},"excerpt":{"rendered":"<p>Heavy, Standard &amp; Light-Duty Vehicle Stabilization Struts Our struts are designed, hand-made and rigorously tested in the USA, to give you a fast-deploying and reliable strut for any rescue scenario. Heavy-Duty Vehicle Stabilization Struts Our heavy-duty struts have rated working loads of 10,000 lbs. to 20,000 (2:1) for use with large vehicles, structural shoring &amp;&hellip;<\/p>","protected":false},"author":2,"featured_media":0,"parent":42,"menu_order":0,"comment_status":"closed","ping_status":"closed","template":"","meta":{"footnotes":""},"class_list":["post-187","page","type-page","status-publish","hentry"],"yoast_head":"<!-- This site is optimized with the Yoast SEO plugin v27.2 - https:\/\/yoast.com\/product\/yoast-seo-wordpress\/ -->\n<title>Vehicle Stabilization Struts | Res-Q-Jack, Inc.<\/title>\n<meta name=\"description\" content=\"Vehicle stabilization struts by Res-Q-Jack\u2014built for swift, secure support in emergency rescues. Enhance your team\u2019s efficiency today.\" \/>\n<meta name=\"robots\" content=\"index, follow, max-snippet:-1, max-image-preview:large, max-video-preview:-1\" \/>\n<link rel=\"canonical\" href=\"https:\/\/res-q-jack.com\/pt\/escoras\/veiculos-estabilizadores-trudes\/\" \/>\n<meta property=\"og:locale\" content=\"pt_BR\" \/>\n<meta property=\"og:type\" content=\"article\" \/>\n<meta property=\"og:title\" content=\"Vehicle Stabilization Struts | Res-Q-Jack, Inc.\" \/>\n<meta property=\"og:description\" content=\"Vehicle stabilization struts by Res-Q-Jack\u2014built for swift, secure support in emergency rescues. Enhance your team\u2019s efficiency today.\" \/>\n<meta property=\"og:url\" content=\"https:\/\/res-q-jack.com\/pt\/escoras\/veiculos-estabilizadores-trudes\/\" \/>\n<meta property=\"og:site_name\" content=\"Res-Q-Jack, Inc.\" \/>\n<meta property=\"article:modified_time\" content=\"2026-04-14T13:59:56+00:00\" \/>\n<meta property=\"og:image\" content=\"https:\/\/res-q-jack.com\/wp-content\/uploads\/2020\/06\/cement-truck-icon.png\" \/>\n<meta name=\"twitter:card\" content=\"summary_large_image\" \/>\n<meta name=\"twitter:label1\" content=\"Est. tempo de leitura\" \/>\n\t<meta name=\"twitter:data1\" content=\"5 minutos\" \/>\n<script type=\"application\/ld+json\" class=\"yoast-schema-graph\">{\"@context\":\"https:\/\/schema.org\",\"@graph\":[{\"@type\":\"WebPage\",\"@id\":\"https:\/\/res-q-jack.com\/struts\/vehicle-stabilization-struts\/\",\"url\":\"https:\/\/res-q-jack.com\/struts\/vehicle-stabilization-struts\/\",\"name\":\"Vehicle Stabilization Struts | Res-Q-Jack, Inc.\",\"isPartOf\":{\"@id\":\"https:\/\/res-q-jack.com\/#website\"},\"primaryImageOfPage\":{\"@id\":\"https:\/\/res-q-jack.com\/struts\/vehicle-stabilization-struts\/#primaryimage\"},\"image\":{\"@id\":\"https:\/\/res-q-jack.com\/struts\/vehicle-stabilization-struts\/#primaryimage\"},\"thumbnailUrl\":\"https:\/\/res-q-jack.com\/wp-content\/uploads\/2020\/06\/cement-truck-icon.png\",\"datePublished\":\"2019-12-18T21:18:26+00:00\",\"dateModified\":\"2026-04-14T13:59:56+00:00\",\"description\":\"Vehicle stabilization struts by Res-Q-Jack\u2014built for swift, secure support in emergency rescues. Enhance your team\u2019s efficiency today.\",\"breadcrumb\":{\"@id\":\"https:\/\/res-q-jack.com\/struts\/vehicle-stabilization-struts\/#breadcrumb\"},\"inLanguage\":\"pt-BR\",\"potentialAction\":[{\"@type\":\"ReadAction\",\"target\":[\"https:\/\/res-q-jack.com\/struts\/vehicle-stabilization-struts\/\"]}]},{\"@type\":\"ImageObject\",\"inLanguage\":\"pt-BR\",\"@id\":\"https:\/\/res-q-jack.com\/struts\/vehicle-stabilization-struts\/#primaryimage\",\"url\":\"https:\/\/res-q-jack.com\/wp-content\/uploads\/2020\/06\/cement-truck-icon.png\",\"contentUrl\":\"https:\/\/res-q-jack.com\/wp-content\/uploads\/2020\/06\/cement-truck-icon.png\"},{\"@type\":\"BreadcrumbList\",\"@id\":\"https:\/\/res-q-jack.com\/struts\/vehicle-stabilization-struts\/#breadcrumb\",\"itemListElement\":[{\"@type\":\"ListItem\",\"position\":1,\"name\":\"Home\",\"item\":\"https:\/\/res-q-jack.com\/\"},{\"@type\":\"ListItem\",\"position\":2,\"name\":\"Rescue Struts\",\"item\":\"https:\/\/res-q-jack.com\/struts\/\"},{\"@type\":\"ListItem\",\"position\":3,\"name\":\"Vehicle Stabilization Struts\"}]},{\"@type\":\"WebSite\",\"@id\":\"https:\/\/res-q-jack.com\/#website\",\"url\":\"https:\/\/res-q-jack.com\/\",\"name\":\"Res-Q-Jack, Inc.\",\"description\":\"Vehicle Stabilization Struts\",\"publisher\":{\"@id\":\"https:\/\/res-q-jack.com\/#organization\"},\"potentialAction\":[{\"@type\":\"SearchAction\",\"target\":{\"@type\":\"EntryPoint\",\"urlTemplate\":\"https:\/\/res-q-jack.com\/?s={search_term_string}\"},\"query-input\":{\"@type\":\"PropertyValueSpecification\",\"valueRequired\":true,\"valueName\":\"search_term_string\"}}],\"inLanguage\":\"pt-BR\"},{\"@type\":\"Organization\",\"@id\":\"https:\/\/res-q-jack.com\/#organization\",\"name\":\"Res-Q-Jack, Inc.\",\"url\":\"https:\/\/res-q-jack.com\/\",\"logo\":{\"@type\":\"ImageObject\",\"inLanguage\":\"pt-BR\",\"@id\":\"https:\/\/res-q-jack.com\/#\/schema\/logo\/image\/\",\"url\":\"https:\/\/res-q-jack.com\/wp-content\/uploads\/2020\/03\/Res-Q-Jack-SEO-Logo.png\",\"contentUrl\":\"https:\/\/res-q-jack.com\/wp-content\/uploads\/2020\/03\/Res-Q-Jack-SEO-Logo.png\",\"width\":612,\"height\":138,\"caption\":\"Res-Q-Jack, Inc.\"},\"image\":{\"@id\":\"https:\/\/res-q-jack.com\/#\/schema\/logo\/image\/\"}}]}<\/script>\n<!-- \/ Yoast SEO plugin. -->","yoast_head_json":{"title":"Estruturas de Estabiliza\u00e7\u00e3o de Ve\u00edculos | Res-Q-Jack, Inc.","description":"Suportes de estabiliza\u00e7\u00e3o de ve\u00edculos da Res-Q-Jack - constru\u00eddos para suporte r\u00e1pido e seguro em resgates de emerg\u00eancia. Aumente a efici\u00eancia da sua equipe hoje mesmo.","robots":{"index":"index","follow":"follow","max-snippet":"max-snippet:-1","max-image-preview":"max-image-preview:large","max-video-preview":"max-video-preview:-1"},"canonical":"https:\/\/res-q-jack.com\/pt\/escoras\/veiculos-estabilizadores-trudes\/","og_locale":"pt_BR","og_type":"article","og_title":"Vehicle Stabilization Struts | Res-Q-Jack, Inc.","og_description":"Vehicle stabilization struts by Res-Q-Jack\u2014built for swift, secure support in emergency rescues. Enhance your team\u2019s efficiency today.","og_url":"https:\/\/res-q-jack.com\/pt\/escoras\/veiculos-estabilizadores-trudes\/","og_site_name":"Res-Q-Jack, Inc.","article_modified_time":"2026-04-14T13:59:56+00:00","og_image":[{"url":"https:\/\/res-q-jack.com\/wp-content\/uploads\/2020\/06\/cement-truck-icon.png","type":"","width":"","height":""}],"twitter_card":"summary_large_image","twitter_misc":{"Est. tempo de leitura":"5 minutos"},"schema":{"@context":"https:\/\/schema.org","@graph":[{"@type":"WebPage","@id":"https:\/\/res-q-jack.com\/struts\/vehicle-stabilization-struts\/","url":"https:\/\/res-q-jack.com\/struts\/vehicle-stabilization-struts\/","name":"Estruturas de Estabiliza\u00e7\u00e3o de Ve\u00edculos | Res-Q-Jack, Inc.","isPartOf":{"@id":"https:\/\/res-q-jack.com\/#website"},"primaryImageOfPage":{"@id":"https:\/\/res-q-jack.com\/struts\/vehicle-stabilization-struts\/#primaryimage"},"image":{"@id":"https:\/\/res-q-jack.com\/struts\/vehicle-stabilization-struts\/#primaryimage"},"thumbnailUrl":"https:\/\/res-q-jack.com\/wp-content\/uploads\/2020\/06\/cement-truck-icon.png","datePublished":"2019-12-18T21:18:26+00:00","dateModified":"2026-04-14T13:59:56+00:00","description":"Suportes de estabiliza\u00e7\u00e3o de ve\u00edculos da Res-Q-Jack - constru\u00eddos para suporte r\u00e1pido e seguro em resgates de emerg\u00eancia. Aumente a efici\u00eancia da sua equipe hoje mesmo.","breadcrumb":{"@id":"https:\/\/res-q-jack.com\/struts\/vehicle-stabilization-struts\/#breadcrumb"},"inLanguage":"pt-BR","potentialAction":[{"@type":"ReadAction","target":["https:\/\/res-q-jack.com\/struts\/vehicle-stabilization-struts\/"]}]},{"@type":"ImageObject","inLanguage":"pt-BR","@id":"https:\/\/res-q-jack.com\/struts\/vehicle-stabilization-struts\/#primaryimage","url":"https:\/\/res-q-jack.com\/wp-content\/uploads\/2020\/06\/cement-truck-icon.png","contentUrl":"https:\/\/res-q-jack.com\/wp-content\/uploads\/2020\/06\/cement-truck-icon.png"},{"@type":"BreadcrumbList","@id":"https:\/\/res-q-jack.com\/struts\/vehicle-stabilization-struts\/#breadcrumb","itemListElement":[{"@type":"ListItem","position":1,"name":"Home","item":"https:\/\/res-q-jack.com\/"},{"@type":"ListItem","position":2,"name":"Rescue Struts","item":"https:\/\/res-q-jack.com\/struts\/"},{"@type":"ListItem","position":3,"name":"Vehicle Stabilization Struts"}]},{"@type":"WebSite","@id":"https:\/\/res-q-jack.com\/#website","url":"https:\/\/res-q-jack.com\/","name":"Res-Q-Jack, Inc.","description":"Estruturas de estabiliza\u00e7\u00e3o de ve\u00edculos","publisher":{"@id":"https:\/\/res-q-jack.com\/#organization"},"potentialAction":[{"@type":"SearchAction","target":{"@type":"EntryPoint","urlTemplate":"https:\/\/res-q-jack.com\/?s={search_term_string}"},"query-input":{"@type":"PropertyValueSpecification","valueRequired":true,"valueName":"search_term_string"}}],"inLanguage":"pt-BR"},{"@type":"Organization","@id":"https:\/\/res-q-jack.com\/#organization","name":"Res-Q-Jack, Inc.","url":"https:\/\/res-q-jack.com\/","logo":{"@type":"ImageObject","inLanguage":"pt-BR","@id":"https:\/\/res-q-jack.com\/#\/schema\/logo\/image\/","url":"https:\/\/res-q-jack.com\/wp-content\/uploads\/2020\/03\/Res-Q-Jack-SEO-Logo.png","contentUrl":"https:\/\/res-q-jack.com\/wp-content\/uploads\/2020\/03\/Res-Q-Jack-SEO-Logo.png","width":612,"height":138,"caption":"Res-Q-Jack, Inc."},"image":{"@id":"https:\/\/res-q-jack.com\/#\/schema\/logo\/image\/"}}]}},"_links":{"self":[{"href":"https:\/\/res-q-jack.com\/pt\/wp-json\/wp\/v2\/pages\/187","targetHints":{"allow":["GET"]}}],"collection":[{"href":"https:\/\/res-q-jack.com\/pt\/wp-json\/wp\/v2\/pages"}],"about":[{"href":"https:\/\/res-q-jack.com\/pt\/wp-json\/wp\/v2\/types\/page"}],"author":[{"embeddable":true,"href":"https:\/\/res-q-jack.com\/pt\/wp-json\/wp\/v2\/users\/2"}],"replies":[{"embeddable":true,"href":"https:\/\/res-q-jack.com\/pt\/wp-json\/wp\/v2\/comments?post=187"}],"version-history":[{"count":1,"href":"https:\/\/res-q-jack.com\/pt\/wp-json\/wp\/v2\/pages\/187\/revisions"}],"predecessor-version":[{"id":2226,"href":"https:\/\/res-q-jack.com\/pt\/wp-json\/wp\/v2\/pages\/187\/revisions\/2226"}],"up":[{"embeddable":true,"href":"https:\/\/res-q-jack.com\/pt\/wp-json\/wp\/v2\/pages\/42"}],"wp:attachment":[{"href":"https:\/\/res-q-jack.com\/pt\/wp-json\/wp\/v2\/media?parent=187"}],"curies":[{"name":"wp","href":"https:\/\/api.w.org\/{rel}","templated":true}]}}