{"id":184,"date":"2019-12-18T16:16:33","date_gmt":"2019-12-18T21:16:33","guid":{"rendered":"https:\/\/resqjack.wpengine.com\/?page_id=184"},"modified":"2026-04-15T13:34:18","modified_gmt":"2026-04-15T18:34:18","slug":"trincheiras-tronco","status":"publish","type":"page","link":"https:\/\/res-q-jack.com\/pt\/struts\/trench-shoring-struts\/","title":{"rendered":"Cimbre de trincheiras"},"content":{"rendered":"<p><img decoding=\"async\" title=\"Valas de Resgate de Valas de Cimbre\" data-src=\"https:\/\/res-q-jack.com\/wp-content\/uploads\/2020\/01\/Trench-Shoring-Rescue-Jacks.png\" alt=\"Macacos de salvamento de valas da s\u00e9rie SPX\" src=\"data:image\/svg+xml;base64,PHN2ZyB3aWR0aD0iMSIgaGVpZ2h0PSIxIiB4bWxucz0iaHR0cDovL3d3dy53My5vcmcvMjAwMC9zdmciPjwvc3ZnPg==\" class=\"lazyload\" style=\"--smush-placeholder-width: 400px; --smush-placeholder-aspect-ratio: 400\/81;\" \/><\/p>\r\n<h1>Cimbre de trincheiras<\/h1>\r\n<p>Nossas escoras de escoramento de trincheiras t\u00eam cargas nominais de trabalho de 10.400 - 38.400 lbs. e comprimentos de v\u00e3o de 26\u2033 a 112\u2033.<\/p>\r\n<p><img decoding=\"async\" title=\"Trench Large\" data-src=\"https:\/\/res-q-jack.com\/wp-content\/uploads\/2026\/04\/Trench-Large.png\" alt=\"Trench Large\" src=\"data:image\/svg+xml;base64,PHN2ZyB3aWR0aD0iMSIgaGVpZ2h0PSIxIiB4bWxucz0iaHR0cDovL3d3dy53My5vcmcvMjAwMC9zdmciPjwvc3ZnPg==\" class=\"lazyload\" style=\"--smush-placeholder-width: 300px; --smush-placeholder-aspect-ratio: 300\/2000;\" \/><\/p>\r\n<h2>Suportes de Cimbre Pneum\u00e1tico para Valas<\/h2>\r\n<p>O novo sistema de escoramento de valas Super X se sobressai em qualquer cen\u00e1rio de resgate em valas.  Fabricado em alum\u00ednio de alta qualidade e com a mesma funcionalidade de nossa linha Super X-Strut, o sistema de escoramento de valas atender\u00e1 a todas as suas necessidades.  Estas escoras est\u00e3o dispon\u00edveis em tr\u00eas tamanhos para acomodar uma variedade de situa\u00e7\u00f5es, e cada uma \u00e9 compat\u00edvel com nossos componentes Super X-Strut, bem como com os componentes da concorr\u00eancia.<\/p>\r\n<ul>\r\n<li>\r\n<h4>Downloads<\/h4>\r\n<\/li>\r\n<\/ul>\r\n<ul>\r\n<li><a href=\"https:\/\/res-q-jack.com\/wp-content\/uploads\/documents\/RQJ-Tech-Data-Sheet-SPX-Trench-Shore.pdf\" target=\"_blank\" rel=\"noopener\" aria-label=\"Go to https:\/\/res-q-jack.com\/wp-content\/uploads\/documents\/RQJ-Tech-Data-Sheet-SPX-Trench-Shore.pdf\"> Ficha de Dados T\u00e9cnicos (801KB)<\/a><\/li>\r\n<li><a href=\"https:\/\/res-q-jack.com\/pt\/request-quote-2\/\" target=\"_blank\" rel=\"noopener\" aria-label=\"Go to https:\/\/res-q-jack.com\/request-a-catalog\/\"> Cat\u00e1logo de Produtos (8MB)<\/a><\/li>\r\n<\/ul>\r\n<ul>\r\n<li>\r\n<h4>Especifica\u00e7\u00f5es<\/h4>\r\n<\/li>\r\n<\/ul>\r\n<p>WLL em comprimentos vari\u00e1veis*<\/p>\r\n<ul>\r\n<li>26\u2033 Comprimento: 38.400 lbs<\/li>\r\n<li>50&#8243; Length: 30,600 lbs<\/li>\r\n<li>74&#8243; Length: 25,150 lbs<\/li>\r\n<li>94&#8243; Length: 14,180 lbs<\/li>\r\n<li>112&#8243; Length: 10,400 lbs<\/li>\r\n<\/ul>\r\n<p>(2:1 fator de seguran\u00e7a nas escoras e acess\u00f3rios)<\/p>\r\n<p>* Limites de Carga de Trabalho Calculados com Conex\u00f5es de Extremidades de Fenda Girat\u00f3rias.<\/p>\r\n<p><a href=\"https:\/\/res-q-jack.com\/pt\/request-quote\/\" target=\"_self\" aria-label=\"Solicite um or\u00e7amento\"> Solicite um or\u00e7amento <\/a> <a href=\"https:\/\/res-q-jack.com\/pt\/freedemo\/\" target=\"_self\" aria-label=\"Agende uma demonstra\u00e7\u00e3o\"> Agende uma demonstra\u00e7\u00e3o <\/a><\/p>\r\n<h4>D\u00favidas? Ligue para 1-800-466-9626<\/h4>\r\n<h3>Tr\u00eas tamanhos \u00e0 escolha<\/h3>\r\n<p>Dispon\u00edvel em tr\u00eas comprimentos para garantir que voc\u00ea tenha o comprimento certo para o trabalho.  Cada Trench Shore tamb\u00e9m aceita qualquer uma de nossas extens\u00f5es SPX, dando-lhe at\u00e9 4 p\u00e9s extras de comprimento (MAX: 2 extens\u00f5es por escora). *Todos os comprimentos incluem DUAS Extens\u00f5es de Ponta Girat\u00f3ria (inclu\u00eddas com cada escora).<\/p>\r\n<p><img decoding=\"async\" title=\"Compara\u00e7\u00e3o do tamanho do escoramento da trincheira\" data-src=\"https:\/\/res-q-jack.com\/wp-content\/uploads\/2020\/01\/Trench-Shoring-Strut-Size-Comparison.png\" alt=\"Compara\u00e7\u00e3o do tamanho do escoramento da trincheira\" src=\"data:image\/svg+xml;base64,PHN2ZyB3aWR0aD0iMSIgaGVpZ2h0PSIxIiB4bWxucz0iaHR0cDovL3d3dy53My5vcmcvMjAwMC9zdmciPjwvc3ZnPg==\" class=\"lazyload\" style=\"--smush-placeholder-width: 959px; --smush-placeholder-aspect-ratio: 959\/238;\" \/><\/p>\r\n<h5>Benef\u00edcios de um Res-Q-Jack Trench Shoring Strut da marca<\/h5>\r\n<p><img decoding=\"async\" title=\"Caracter\u00edsticas do escoramento de trincheiras\" data-src=\"https:\/\/res-q-jack.com\/wp-content\/uploads\/2020\/05\/Trench-Shoring-Strut-Features.jpg\" alt=\"Caracter\u00edsticas do escoramento de trincheiras\" src=\"data:image\/svg+xml;base64,PHN2ZyB3aWR0aD0iMSIgaGVpZ2h0PSIxIiB4bWxucz0iaHR0cDovL3d3dy53My5vcmcvMjAwMC9zdmciPjwvc3ZnPg==\" class=\"lazyload\" style=\"--smush-placeholder-width: 374px; --smush-placeholder-aspect-ratio: 374\/681;\" \/><\/p>\r\n<h3>1. Tubo interno oco<\/h3>\r\n<p>A Super X Trench Shore foi projetada para ser r\u00e1pida e f\u00e1cil de implantar.  Nossa tubula\u00e7\u00e3o interna oca economiza at\u00e9 5 lbs. de peso adicional em rela\u00e7\u00e3o \u00e0 tubula\u00e7\u00e3o s\u00f3lida.<\/p>\r\n<h3>2. Pino de travamento patenteado<\/h3>\r\n<p>Nosso pino de travamento patenteado cria uma parada positiva, eliminando o risco de extens\u00e3o excessiva e impedindo que o tubo interno caia para fora.<\/p>\r\n<h3>3. Ativa\u00e7\u00e3o Pneum\u00e1tica<\/h3>\r\n<p>Nossas escoras Trench Shore Struts s\u00e3o testadas hidrostaticamente at\u00e9 800 PSI para uso com sistemas de ar comprimido.<\/p>\r\n<h3>4. Conex\u00f5es Ambidextra\u00eddas<\/h3>\r\n<p>Use extens\u00f5es em ambas as extremidades para at\u00e9 4 p\u00e9s de comprimento extra (m\u00e1x: 2 extens\u00f5es).<\/p>","protected":false},"excerpt":{"rendered":"<p>Suportes de escoramento de valas Nossas escoras de escoramento de valas t\u00eam cargas nominais de trabalho de 10.400 - 38.400 lbs. e comprimentos de v\u00e3o de 26\u2033 a 112\u2033. Cimbre de valas pneum\u00e1tico O novo sistema de escoramento de valas Super X se sobressai em qualquer cen\u00e1rio de resgate de valas.  Usinado em alum\u00ednio de alta qualidade e com a mesma funcionalidade de nossa linha Super X-Strut,...<\/p>","protected":false},"author":2,"featured_media":0,"parent":42,"menu_order":0,"comment_status":"closed","ping_status":"closed","template":"","meta":{"footnotes":""},"class_list":["post-184","page","type-page","status-publish","hentry"],"yoast_head":"<!-- This site is optimized with the Yoast SEO plugin v27.2 - https:\/\/yoast.com\/product\/yoast-seo-wordpress\/ -->\n<title>Trench Shoring Struts | Res-Q-Jack, Inc.<\/title>\n<meta name=\"description\" content=\"Res-Q-Jack trench shoring struts and lifting jacks have rated working loads from 10,400 - 38,400 lbs. and span lengths from 26&quot; to 112&quot;.\" \/>\n<meta name=\"robots\" content=\"index, follow, max-snippet:-1, max-image-preview:large, max-video-preview:-1\" \/>\n<link rel=\"canonical\" href=\"https:\/\/res-q-jack.com\/pt\/escoras\/trincheiras-tronco\/\" \/>\n<meta property=\"og:locale\" content=\"pt_BR\" \/>\n<meta property=\"og:type\" content=\"article\" \/>\n<meta property=\"og:title\" content=\"Trench Shoring Struts | Res-Q-Jack, Inc.\" \/>\n<meta property=\"og:description\" content=\"Res-Q-Jack trench shoring struts and lifting jacks have rated working loads from 10,400 - 38,400 lbs. and span lengths from 26&quot; to 112&quot;.\" \/>\n<meta property=\"og:url\" content=\"https:\/\/res-q-jack.com\/pt\/escoras\/trincheiras-tronco\/\" \/>\n<meta property=\"og:site_name\" content=\"Res-Q-Jack, Inc.\" \/>\n<meta property=\"article:modified_time\" content=\"2026-04-15T18:34:18+00:00\" \/>\n<meta property=\"og:image\" content=\"https:\/\/res-q-jack.com\/wp-content\/uploads\/2020\/01\/Trench-Shoring-Rescue-Jacks.png\" \/>\n<meta name=\"twitter:card\" content=\"summary_large_image\" \/>\n<meta name=\"twitter:label1\" content=\"Est. tempo de leitura\" \/>\n\t<meta name=\"twitter:data1\" content=\"1 minuto\" \/>\n<script type=\"application\/ld+json\" class=\"yoast-schema-graph\">{\"@context\":\"https:\/\/schema.org\",\"@graph\":[{\"@type\":\"WebPage\",\"@id\":\"https:\/\/res-q-jack.com\/struts\/trench-shoring-struts\/\",\"url\":\"https:\/\/res-q-jack.com\/struts\/trench-shoring-struts\/\",\"name\":\"Trench Shoring Struts | Res-Q-Jack, Inc.\",\"isPartOf\":{\"@id\":\"https:\/\/res-q-jack.com\/#website\"},\"primaryImageOfPage\":{\"@id\":\"https:\/\/res-q-jack.com\/struts\/trench-shoring-struts\/#primaryimage\"},\"image\":{\"@id\":\"https:\/\/res-q-jack.com\/struts\/trench-shoring-struts\/#primaryimage\"},\"thumbnailUrl\":\"https:\/\/res-q-jack.com\/wp-content\/uploads\/2020\/01\/Trench-Shoring-Rescue-Jacks.png\",\"datePublished\":\"2019-12-18T21:16:33+00:00\",\"dateModified\":\"2026-04-15T18:34:18+00:00\",\"description\":\"Res-Q-Jack trench shoring struts and lifting jacks have rated working loads from 10,400 - 38,400 lbs. and span lengths from 26\\\" to 112\\\".\",\"breadcrumb\":{\"@id\":\"https:\/\/res-q-jack.com\/struts\/trench-shoring-struts\/#breadcrumb\"},\"inLanguage\":\"pt-BR\",\"potentialAction\":[{\"@type\":\"ReadAction\",\"target\":[\"https:\/\/res-q-jack.com\/struts\/trench-shoring-struts\/\"]}]},{\"@type\":\"ImageObject\",\"inLanguage\":\"pt-BR\",\"@id\":\"https:\/\/res-q-jack.com\/struts\/trench-shoring-struts\/#primaryimage\",\"url\":\"https:\/\/res-q-jack.com\/wp-content\/uploads\/2020\/01\/Trench-Shoring-Rescue-Jacks.png\",\"contentUrl\":\"https:\/\/res-q-jack.com\/wp-content\/uploads\/2020\/01\/Trench-Shoring-Rescue-Jacks.png\"},{\"@type\":\"BreadcrumbList\",\"@id\":\"https:\/\/res-q-jack.com\/struts\/trench-shoring-struts\/#breadcrumb\",\"itemListElement\":[{\"@type\":\"ListItem\",\"position\":1,\"name\":\"Home\",\"item\":\"https:\/\/res-q-jack.com\/\"},{\"@type\":\"ListItem\",\"position\":2,\"name\":\"Rescue Struts\",\"item\":\"https:\/\/res-q-jack.com\/struts\/\"},{\"@type\":\"ListItem\",\"position\":3,\"name\":\"Trench Shoring Struts\"}]},{\"@type\":\"WebSite\",\"@id\":\"https:\/\/res-q-jack.com\/#website\",\"url\":\"https:\/\/res-q-jack.com\/\",\"name\":\"Res-Q-Jack, Inc.\",\"description\":\"Vehicle Stabilization Struts\",\"publisher\":{\"@id\":\"https:\/\/res-q-jack.com\/#organization\"},\"potentialAction\":[{\"@type\":\"SearchAction\",\"target\":{\"@type\":\"EntryPoint\",\"urlTemplate\":\"https:\/\/res-q-jack.com\/?s={search_term_string}\"},\"query-input\":{\"@type\":\"PropertyValueSpecification\",\"valueRequired\":true,\"valueName\":\"search_term_string\"}}],\"inLanguage\":\"pt-BR\"},{\"@type\":\"Organization\",\"@id\":\"https:\/\/res-q-jack.com\/#organization\",\"name\":\"Res-Q-Jack, Inc.\",\"url\":\"https:\/\/res-q-jack.com\/\",\"logo\":{\"@type\":\"ImageObject\",\"inLanguage\":\"pt-BR\",\"@id\":\"https:\/\/res-q-jack.com\/#\/schema\/logo\/image\/\",\"url\":\"https:\/\/res-q-jack.com\/wp-content\/uploads\/2020\/03\/Res-Q-Jack-SEO-Logo.png\",\"contentUrl\":\"https:\/\/res-q-jack.com\/wp-content\/uploads\/2020\/03\/Res-Q-Jack-SEO-Logo.png\",\"width\":612,\"height\":138,\"caption\":\"Res-Q-Jack, Inc.\"},\"image\":{\"@id\":\"https:\/\/res-q-jack.com\/#\/schema\/logo\/image\/\"}}]}<\/script>\n<!-- \/ Yoast SEO plugin. -->","yoast_head_json":{"title":"Cortadores de trincheiras | Res-Q-Jack, Inc.","description":"As escoras de escoramento e os macacos de eleva\u00e7\u00e3o da vala Res-Q-Jack t\u00eam cargas nominais de trabalho de 10.400 - 38.400 lbs. e comprimentos de v\u00e3o de 26\" a 112\".","robots":{"index":"index","follow":"follow","max-snippet":"max-snippet:-1","max-image-preview":"max-image-preview:large","max-video-preview":"max-video-preview:-1"},"canonical":"https:\/\/res-q-jack.com\/pt\/escoras\/trincheiras-tronco\/","og_locale":"pt_BR","og_type":"article","og_title":"Trench Shoring Struts | Res-Q-Jack, Inc.","og_description":"Res-Q-Jack trench shoring struts and lifting jacks have rated working loads from 10,400 - 38,400 lbs. and span lengths from 26\" to 112\".","og_url":"https:\/\/res-q-jack.com\/pt\/escoras\/trincheiras-tronco\/","og_site_name":"Res-Q-Jack, Inc.","article_modified_time":"2026-04-15T18:34:18+00:00","og_image":[{"url":"https:\/\/res-q-jack.com\/wp-content\/uploads\/2020\/01\/Trench-Shoring-Rescue-Jacks.png","type":"","width":"","height":""}],"twitter_card":"summary_large_image","twitter_misc":{"Est. tempo de leitura":"1 minuto"},"schema":{"@context":"https:\/\/schema.org","@graph":[{"@type":"WebPage","@id":"https:\/\/res-q-jack.com\/struts\/trench-shoring-struts\/","url":"https:\/\/res-q-jack.com\/struts\/trench-shoring-struts\/","name":"Cortadores de trincheiras | Res-Q-Jack, Inc.","isPartOf":{"@id":"https:\/\/res-q-jack.com\/#website"},"primaryImageOfPage":{"@id":"https:\/\/res-q-jack.com\/struts\/trench-shoring-struts\/#primaryimage"},"image":{"@id":"https:\/\/res-q-jack.com\/struts\/trench-shoring-struts\/#primaryimage"},"thumbnailUrl":"https:\/\/res-q-jack.com\/wp-content\/uploads\/2020\/01\/Trench-Shoring-Rescue-Jacks.png","datePublished":"2019-12-18T21:16:33+00:00","dateModified":"2026-04-15T18:34:18+00:00","description":"As escoras de escoramento e os macacos de eleva\u00e7\u00e3o da vala Res-Q-Jack t\u00eam cargas nominais de trabalho de 10.400 - 38.400 lbs. e comprimentos de v\u00e3o de 26\" a 112\".","breadcrumb":{"@id":"https:\/\/res-q-jack.com\/struts\/trench-shoring-struts\/#breadcrumb"},"inLanguage":"pt-BR","potentialAction":[{"@type":"ReadAction","target":["https:\/\/res-q-jack.com\/struts\/trench-shoring-struts\/"]}]},{"@type":"ImageObject","inLanguage":"pt-BR","@id":"https:\/\/res-q-jack.com\/struts\/trench-shoring-struts\/#primaryimage","url":"https:\/\/res-q-jack.com\/wp-content\/uploads\/2020\/01\/Trench-Shoring-Rescue-Jacks.png","contentUrl":"https:\/\/res-q-jack.com\/wp-content\/uploads\/2020\/01\/Trench-Shoring-Rescue-Jacks.png"},{"@type":"BreadcrumbList","@id":"https:\/\/res-q-jack.com\/struts\/trench-shoring-struts\/#breadcrumb","itemListElement":[{"@type":"ListItem","position":1,"name":"Home","item":"https:\/\/res-q-jack.com\/"},{"@type":"ListItem","position":2,"name":"Rescue Struts","item":"https:\/\/res-q-jack.com\/struts\/"},{"@type":"ListItem","position":3,"name":"Trench Shoring Struts"}]},{"@type":"WebSite","@id":"https:\/\/res-q-jack.com\/#website","url":"https:\/\/res-q-jack.com\/","name":"Res-Q-Jack, Inc.","description":"Estruturas de estabiliza\u00e7\u00e3o de ve\u00edculos","publisher":{"@id":"https:\/\/res-q-jack.com\/#organization"},"potentialAction":[{"@type":"SearchAction","target":{"@type":"EntryPoint","urlTemplate":"https:\/\/res-q-jack.com\/?s={search_term_string}"},"query-input":{"@type":"PropertyValueSpecification","valueRequired":true,"valueName":"search_term_string"}}],"inLanguage":"pt-BR"},{"@type":"Organization","@id":"https:\/\/res-q-jack.com\/#organization","name":"Res-Q-Jack, Inc.","url":"https:\/\/res-q-jack.com\/","logo":{"@type":"ImageObject","inLanguage":"pt-BR","@id":"https:\/\/res-q-jack.com\/#\/schema\/logo\/image\/","url":"https:\/\/res-q-jack.com\/wp-content\/uploads\/2020\/03\/Res-Q-Jack-SEO-Logo.png","contentUrl":"https:\/\/res-q-jack.com\/wp-content\/uploads\/2020\/03\/Res-Q-Jack-SEO-Logo.png","width":612,"height":138,"caption":"Res-Q-Jack, Inc."},"image":{"@id":"https:\/\/res-q-jack.com\/#\/schema\/logo\/image\/"}}]}},"_links":{"self":[{"href":"https:\/\/res-q-jack.com\/pt\/wp-json\/wp\/v2\/pages\/184","targetHints":{"allow":["GET"]}}],"collection":[{"href":"https:\/\/res-q-jack.com\/pt\/wp-json\/wp\/v2\/pages"}],"about":[{"href":"https:\/\/res-q-jack.com\/pt\/wp-json\/wp\/v2\/types\/page"}],"author":[{"embeddable":true,"href":"https:\/\/res-q-jack.com\/pt\/wp-json\/wp\/v2\/users\/2"}],"replies":[{"embeddable":true,"href":"https:\/\/res-q-jack.com\/pt\/wp-json\/wp\/v2\/comments?post=184"}],"version-history":[{"count":2,"href":"https:\/\/res-q-jack.com\/pt\/wp-json\/wp\/v2\/pages\/184\/revisions"}],"predecessor-version":[{"id":2345,"href":"https:\/\/res-q-jack.com\/pt\/wp-json\/wp\/v2\/pages\/184\/revisions\/2345"}],"up":[{"embeddable":true,"href":"https:\/\/res-q-jack.com\/pt\/wp-json\/wp\/v2\/pages\/42"}],"wp:attachment":[{"href":"https:\/\/res-q-jack.com\/pt\/wp-json\/wp\/v2\/media?parent=184"}],"curies":[{"name":"wp","href":"https:\/\/api.w.org\/{rel}","templated":true}]}}