{"id":175,"date":"2019-12-18T15:42:05","date_gmt":"2019-12-18T20:42:05","guid":{"rendered":"https:\/\/resqjack.wpengine.com\/?page_id=175"},"modified":"2020-07-02T14:06:41","modified_gmt":"2020-07-02T19:06:41","slug":"estruturas-de-estabilizacao-veiculo-pesado","status":"publish","type":"page","link":"https:\/\/res-q-jack.com\/pt\/struts\/vehicle-stabilization-struts\/heavy-duty-vehicle-stabilization-struts\/","title":{"rendered":"Estruturas de Estabiliza\u00e7\u00e3o de Ve\u00edculos Pesados"},"content":{"rendered":"<p><img decoding=\"async\" title=\"Estruturas de Estabiliza\u00e7\u00e3o de Ve\u00edculos Pesados\" data-src=\"https:\/\/res-q-jack.com\/wp-content\/uploads\/2019\/12\/cement-yellow.png\" alt=\"Estruturas de Estabiliza\u00e7\u00e3o de Ve\u00edculos Pesados\" src=\"data:image\/svg+xml;base64,PHN2ZyB3aWR0aD0iMSIgaGVpZ2h0PSIxIiB4bWxucz0iaHR0cDovL3d3dy53My5vcmcvMjAwMC9zdmciPjwvc3ZnPg==\" class=\"lazyload\" style=\"--smush-placeholder-width: 115px; --smush-placeholder-aspect-ratio: 115\/115;\" \/><\/p>\r\n<h3>Servi\u00e7o pesado<\/h3>\r\n<h1>Estruturas de estabiliza\u00e7\u00e3o de ve\u00edculos<\/h1>\r\n<p>Nossas escoras para servi\u00e7o pesado t\u00eam cargas nominais de trabalho de 10.000 lbs a 20.000 (2:1) para uso com ve\u00edculos de grande porte, escoramento estrutural e resgate t\u00e9cnico.<\/p>\r\n<p><img decoding=\"async\" title=\"Estrutura de estabiliza\u00e7\u00e3o de ve\u00edculos pesados com pinos da s\u00e9rie X-Strut de alum\u00ednio\" data-src=\"https:\/\/res-q-jack.com\/wp-content\/uploads\/2019\/12\/Aluminum-X-Strut-Series-Heavy-Duty-Pinned-Vehicle-Stabilization-Strut-100x300.png\" alt=\"Estrutura de estabiliza\u00e7\u00e3o de ve\u00edculos pesados com pinos da s\u00e9rie X-Strut de alum\u00ednio\" src=\"data:image\/svg+xml;base64,PHN2ZyB3aWR0aD0iMSIgaGVpZ2h0PSIxIiB4bWxucz0iaHR0cDovL3d3dy53My5vcmcvMjAwMC9zdmciPjwvc3ZnPg==\" class=\"lazyload\" style=\"--smush-placeholder-width: 100px; --smush-placeholder-aspect-ratio: 100\/300;\" \/><\/p>\r\n<h3>Estrut X de alum\u00ednio<sup><\/sup> S\u00e9rie<\/h3>\r\n<p>O X-Strut de alum\u00ednio \u00e9 nossa linha de escoras com pinos mais pesados, projetada para o resgate de ve\u00edculos pesados junto com outras diversas aplica\u00e7\u00f5es.<\/p>\r\n<p><strong>Limite de carga de trabalho: 10.000 lbs. (2:1 Fator de seguran\u00e7a)<\/strong><\/p>\r\n<p><a role=\"button\" href=\"https:\/\/res-q-jack.com\/pt\/escoras\/veiculos-estabilizadores-trudes\/estruturas-de-estabilizacao-veiculo-pesado\/aluminio-x-trut\/\" target=\"_self\" rel=\"noopener noreferrer\"> Ver detalhes <\/a> <img decoding=\"async\" title=\"Estabilizador de ve\u00edculos pesados sem pinos da s\u00e9rie Apex X-Struct\" data-src=\"https:\/\/res-q-jack.com\/wp-content\/uploads\/2020\/04\/Apex-X-Struct-Series-Heavy-Duty-Pin-Free-Vehicle-Stabilization-Strut-100x300.jpg\" alt=\"Estabilizador de ve\u00edculos pesados sem pinos da s\u00e9rie Apex X-Struct\" src=\"data:image\/svg+xml;base64,PHN2ZyB3aWR0aD0iMSIgaGVpZ2h0PSIxIiB4bWxucz0iaHR0cDovL3d3dy53My5vcmcvMjAwMC9zdmciPjwvc3ZnPg==\" class=\"lazyload\" style=\"--smush-placeholder-width: 100px; --smush-placeholder-aspect-ratio: 100\/300;\" \/><\/p>\r\n<h5><img decoding=\"async\" data-src=\"https:\/\/res-q-jack.com\/wp-content\/uploads\/2020\/05\/Pin-Free-Stabilization-Struts-95x18-1.png\" src=\"data:image\/svg+xml;base64,PHN2ZyB3aWR0aD0iMSIgaGVpZ2h0PSIxIiB4bWxucz0iaHR0cDovL3d3dy53My5vcmcvMjAwMC9zdmciPjwvc3ZnPg==\" class=\"lazyload\" style=\"--smush-placeholder-width: 95px; --smush-placeholder-aspect-ratio: 95\/18;\" \/><\/h5>\r\n<h3>Apex X-Strut<sup><\/sup> S\u00e9rie<\/h3>\r\n<p>O Apex \u00e9 nossa mais recente linha de suportes sem pinos para servi\u00e7o pesado, projetada para a maioria dos cen\u00e1rios de resgate de ve\u00edculos.\u00a0\u00a0<\/p>\r\n<p><strong>Limite de carga de trabalho: at\u00e9 12.500 lbs. (2:1 Fator de seguran\u00e7a)<\/strong><\/p>\r\n<p><a role=\"button\" href=\"https:\/\/res-q-jack.com\/pt\/escoras\/veiculos-estabilizadores-trudes\/estruturas-de-estabilizacao-veiculo-pesado\/apex-x-strut\/\" target=\"_self\" rel=\"noopener noreferrer\"> Ver detalhes <\/a> <img decoding=\"async\" title=\"Estabilizador de Ve\u00edculos Pesados da S\u00e9rie Super X-Strut\" data-src=\"https:\/\/res-q-jack.com\/wp-content\/uploads\/2019\/12\/Super-X-Strut-Series-Heavy-Duty-Vehicle-Stabilization-Strut-100x300.png\" alt=\"Estabilizador de Ve\u00edculos Pesados da S\u00e9rie Super X-Strut\" src=\"data:image\/svg+xml;base64,PHN2ZyB3aWR0aD0iMSIgaGVpZ2h0PSIxIiB4bWxucz0iaHR0cDovL3d3dy53My5vcmcvMjAwMC9zdmciPjwvc3ZnPg==\" class=\"lazyload\" style=\"--smush-placeholder-width: 100px; --smush-placeholder-aspect-ratio: 100\/300;\" \/><\/p>\r\n<h5><img decoding=\"async\" data-src=\"https:\/\/res-q-jack.com\/wp-content\/uploads\/2020\/05\/Pin-Free-Stabilization-Struts-95x18-1.png\" src=\"data:image\/svg+xml;base64,PHN2ZyB3aWR0aD0iMSIgaGVpZ2h0PSIxIiB4bWxucz0iaHR0cDovL3d3dy53My5vcmcvMjAwMC9zdmciPjwvc3ZnPg==\" class=\"lazyload\" style=\"--smush-placeholder-width: 95px; --smush-placeholder-aspect-ratio: 95\/18;\" \/><\/h5>\r\n<h3>Super X-Strut<sup><\/sup> S\u00e9rie<\/h3>\r\n<p>O Super X \u00e9 nossa linha de escoras mais pesada, projetada para resgate de ve\u00edculos pesados, escoramento estrutural e resgate t\u00e9cnico.\u00a0<\/p>\r\n<p><strong>Limite de carga de trabalho: 19.300 lbs. (2:1 Fator de seguran\u00e7a)<\/strong><\/p>\r\n<p><a role=\"button\" href=\"https:\/\/res-q-jack.com\/pt\/escoras\/veiculos-estabilizadores-trudes\/estruturas-de-estabilizacao-veiculo-pesado\/super-x-strut\/\" target=\"_self\" rel=\"noopener noreferrer\"> Ver detalhes <\/a><\/p>\r\n<h4>D\u00favidas? Ligue para 1-800-466-9626<\/h4>","protected":false},"excerpt":{"rendered":"<p>Estruturas de estabiliza\u00e7\u00e3o de ve\u00edculos pesados Nossas estruturas para ve\u00edculos pesados t\u00eam cargas nominais de trabalho de 10.000 lbs a 20.000 (2:1) para uso com ve\u00edculos grandes, escoramento estrutural e resgate t\u00e9cnico. S\u00e9rie Aluminum X-Strut O Aluminum X-Strut \u00e9 nossa linha de escoras com pinos para servi\u00e7os mais pesados, projetada para resgate de ve\u00edculos pesados juntamente com outras diversas aplica\u00e7\u00f5es. Limite de carga de trabalho: 10.000 lbs....<\/p>","protected":false},"author":2,"featured_media":0,"parent":187,"menu_order":0,"comment_status":"closed","ping_status":"closed","template":"","meta":{"footnotes":""},"class_list":["post-175","page","type-page","status-publish","hentry"],"yoast_head":"<!-- This site is optimized with the Yoast SEO plugin v27.2 - https:\/\/yoast.com\/product\/yoast-seo-wordpress\/ -->\n<title>Heavy-Duty Vehicle Stabilization Struts | Res-Q-Jack, Inc.<\/title>\n<meta name=\"description\" content=\"Res-Q-Jack heavy-duty struts have rated working loads of 10,000 lbs. to 20,000 (2:1) for use with large vehicles, structural shoring &amp; technical rescue.\" \/>\n<meta name=\"robots\" content=\"index, follow, max-snippet:-1, max-image-preview:large, max-video-preview:-1\" \/>\n<link rel=\"canonical\" href=\"https:\/\/res-q-jack.com\/pt\/escoras\/veiculos-estabilizadores-trudes\/estruturas-de-estabilizacao-veiculo-pesado\/\" \/>\n<meta property=\"og:locale\" content=\"pt_BR\" \/>\n<meta property=\"og:type\" content=\"article\" \/>\n<meta property=\"og:title\" content=\"Heavy-Duty Vehicle Stabilization Struts | Res-Q-Jack, Inc.\" \/>\n<meta property=\"og:description\" content=\"Res-Q-Jack heavy-duty struts have rated working loads of 10,000 lbs. to 20,000 (2:1) for use with large vehicles, structural shoring &amp; technical rescue.\" \/>\n<meta property=\"og:url\" content=\"https:\/\/res-q-jack.com\/pt\/escoras\/veiculos-estabilizadores-trudes\/estruturas-de-estabilizacao-veiculo-pesado\/\" \/>\n<meta property=\"og:site_name\" content=\"Res-Q-Jack, Inc.\" \/>\n<meta property=\"article:modified_time\" content=\"2020-07-02T19:06:41+00:00\" \/>\n<meta property=\"og:image\" content=\"https:\/\/res-q-jack.com\/wp-content\/uploads\/2019\/12\/cement-yellow.png\" \/>\n<meta name=\"twitter:card\" content=\"summary_large_image\" \/>\n<meta name=\"twitter:label1\" content=\"Est. tempo de leitura\" \/>\n\t<meta name=\"twitter:data1\" content=\"1 minuto\" \/>\n<script type=\"application\/ld+json\" class=\"yoast-schema-graph\">{\"@context\":\"https:\/\/schema.org\",\"@graph\":[{\"@type\":\"WebPage\",\"@id\":\"https:\/\/res-q-jack.com\/struts\/vehicle-stabilization-struts\/heavy-duty-vehicle-stabilization-struts\/\",\"url\":\"https:\/\/res-q-jack.com\/struts\/vehicle-stabilization-struts\/heavy-duty-vehicle-stabilization-struts\/\",\"name\":\"Heavy-Duty Vehicle Stabilization Struts | Res-Q-Jack, Inc.\",\"isPartOf\":{\"@id\":\"https:\/\/res-q-jack.com\/#website\"},\"primaryImageOfPage\":{\"@id\":\"https:\/\/res-q-jack.com\/struts\/vehicle-stabilization-struts\/heavy-duty-vehicle-stabilization-struts\/#primaryimage\"},\"image\":{\"@id\":\"https:\/\/res-q-jack.com\/struts\/vehicle-stabilization-struts\/heavy-duty-vehicle-stabilization-struts\/#primaryimage\"},\"thumbnailUrl\":\"https:\/\/res-q-jack.com\/wp-content\/uploads\/2019\/12\/cement-yellow.png\",\"datePublished\":\"2019-12-18T20:42:05+00:00\",\"dateModified\":\"2020-07-02T19:06:41+00:00\",\"description\":\"Res-Q-Jack heavy-duty struts have rated working loads of 10,000 lbs. to 20,000 (2:1) for use with large vehicles, structural shoring & technical rescue.\",\"breadcrumb\":{\"@id\":\"https:\/\/res-q-jack.com\/struts\/vehicle-stabilization-struts\/heavy-duty-vehicle-stabilization-struts\/#breadcrumb\"},\"inLanguage\":\"pt-BR\",\"potentialAction\":[{\"@type\":\"ReadAction\",\"target\":[\"https:\/\/res-q-jack.com\/struts\/vehicle-stabilization-struts\/heavy-duty-vehicle-stabilization-struts\/\"]}]},{\"@type\":\"ImageObject\",\"inLanguage\":\"pt-BR\",\"@id\":\"https:\/\/res-q-jack.com\/struts\/vehicle-stabilization-struts\/heavy-duty-vehicle-stabilization-struts\/#primaryimage\",\"url\":\"https:\/\/res-q-jack.com\/wp-content\/uploads\/2019\/12\/cement-yellow.png\",\"contentUrl\":\"https:\/\/res-q-jack.com\/wp-content\/uploads\/2019\/12\/cement-yellow.png\"},{\"@type\":\"BreadcrumbList\",\"@id\":\"https:\/\/res-q-jack.com\/struts\/vehicle-stabilization-struts\/heavy-duty-vehicle-stabilization-struts\/#breadcrumb\",\"itemListElement\":[{\"@type\":\"ListItem\",\"position\":1,\"name\":\"Home\",\"item\":\"https:\/\/res-q-jack.com\/\"},{\"@type\":\"ListItem\",\"position\":2,\"name\":\"Rescue Struts\",\"item\":\"https:\/\/res-q-jack.com\/struts\/\"},{\"@type\":\"ListItem\",\"position\":3,\"name\":\"Vehicle Stabilization Struts\",\"item\":\"https:\/\/res-q-jack.com\/struts\/vehicle-stabilization-struts\/\"},{\"@type\":\"ListItem\",\"position\":4,\"name\":\"Heavy-Duty Vehicle Stabilization Struts\"}]},{\"@type\":\"WebSite\",\"@id\":\"https:\/\/res-q-jack.com\/#website\",\"url\":\"https:\/\/res-q-jack.com\/\",\"name\":\"Res-Q-Jack, Inc.\",\"description\":\"Vehicle Stabilization Struts\",\"publisher\":{\"@id\":\"https:\/\/res-q-jack.com\/#organization\"},\"potentialAction\":[{\"@type\":\"SearchAction\",\"target\":{\"@type\":\"EntryPoint\",\"urlTemplate\":\"https:\/\/res-q-jack.com\/?s={search_term_string}\"},\"query-input\":{\"@type\":\"PropertyValueSpecification\",\"valueRequired\":true,\"valueName\":\"search_term_string\"}}],\"inLanguage\":\"pt-BR\"},{\"@type\":\"Organization\",\"@id\":\"https:\/\/res-q-jack.com\/#organization\",\"name\":\"Res-Q-Jack, Inc.\",\"url\":\"https:\/\/res-q-jack.com\/\",\"logo\":{\"@type\":\"ImageObject\",\"inLanguage\":\"pt-BR\",\"@id\":\"https:\/\/res-q-jack.com\/#\/schema\/logo\/image\/\",\"url\":\"https:\/\/res-q-jack.com\/wp-content\/uploads\/2020\/03\/Res-Q-Jack-SEO-Logo.png\",\"contentUrl\":\"https:\/\/res-q-jack.com\/wp-content\/uploads\/2020\/03\/Res-Q-Jack-SEO-Logo.png\",\"width\":612,\"height\":138,\"caption\":\"Res-Q-Jack, Inc.\"},\"image\":{\"@id\":\"https:\/\/res-q-jack.com\/#\/schema\/logo\/image\/\"}}]}<\/script>\n<!-- \/ Yoast SEO plugin. -->","yoast_head_json":{"title":"Estruturas de Estabiliza\u00e7\u00e3o de Ve\u00edculos Pesados | Res-Q-Jack, Inc.","description":"As escoras Res-Q-Jack para servi\u00e7o pesado t\u00eam cargas nominais de trabalho de 10.000 lbs a 20.000 (2:1) para uso com ve\u00edculos de grande porte, escoramento estrutural e resgate t\u00e9cnico.","robots":{"index":"index","follow":"follow","max-snippet":"max-snippet:-1","max-image-preview":"max-image-preview:large","max-video-preview":"max-video-preview:-1"},"canonical":"https:\/\/res-q-jack.com\/pt\/escoras\/veiculos-estabilizadores-trudes\/estruturas-de-estabilizacao-veiculo-pesado\/","og_locale":"pt_BR","og_type":"article","og_title":"Heavy-Duty Vehicle Stabilization Struts | Res-Q-Jack, Inc.","og_description":"Res-Q-Jack heavy-duty struts have rated working loads of 10,000 lbs. to 20,000 (2:1) for use with large vehicles, structural shoring & technical rescue.","og_url":"https:\/\/res-q-jack.com\/pt\/escoras\/veiculos-estabilizadores-trudes\/estruturas-de-estabilizacao-veiculo-pesado\/","og_site_name":"Res-Q-Jack, Inc.","article_modified_time":"2020-07-02T19:06:41+00:00","og_image":[{"url":"https:\/\/res-q-jack.com\/wp-content\/uploads\/2019\/12\/cement-yellow.png","type":"","width":"","height":""}],"twitter_card":"summary_large_image","twitter_misc":{"Est. tempo de leitura":"1 minuto"},"schema":{"@context":"https:\/\/schema.org","@graph":[{"@type":"WebPage","@id":"https:\/\/res-q-jack.com\/struts\/vehicle-stabilization-struts\/heavy-duty-vehicle-stabilization-struts\/","url":"https:\/\/res-q-jack.com\/struts\/vehicle-stabilization-struts\/heavy-duty-vehicle-stabilization-struts\/","name":"Estruturas de Estabiliza\u00e7\u00e3o de Ve\u00edculos Pesados | Res-Q-Jack, Inc.","isPartOf":{"@id":"https:\/\/res-q-jack.com\/#website"},"primaryImageOfPage":{"@id":"https:\/\/res-q-jack.com\/struts\/vehicle-stabilization-struts\/heavy-duty-vehicle-stabilization-struts\/#primaryimage"},"image":{"@id":"https:\/\/res-q-jack.com\/struts\/vehicle-stabilization-struts\/heavy-duty-vehicle-stabilization-struts\/#primaryimage"},"thumbnailUrl":"https:\/\/res-q-jack.com\/wp-content\/uploads\/2019\/12\/cement-yellow.png","datePublished":"2019-12-18T20:42:05+00:00","dateModified":"2020-07-02T19:06:41+00:00","description":"As escoras Res-Q-Jack para servi\u00e7o pesado t\u00eam cargas nominais de trabalho de 10.000 lbs a 20.000 (2:1) para uso com ve\u00edculos de grande porte, escoramento estrutural e resgate t\u00e9cnico.","breadcrumb":{"@id":"https:\/\/res-q-jack.com\/struts\/vehicle-stabilization-struts\/heavy-duty-vehicle-stabilization-struts\/#breadcrumb"},"inLanguage":"pt-BR","potentialAction":[{"@type":"ReadAction","target":["https:\/\/res-q-jack.com\/struts\/vehicle-stabilization-struts\/heavy-duty-vehicle-stabilization-struts\/"]}]},{"@type":"ImageObject","inLanguage":"pt-BR","@id":"https:\/\/res-q-jack.com\/struts\/vehicle-stabilization-struts\/heavy-duty-vehicle-stabilization-struts\/#primaryimage","url":"https:\/\/res-q-jack.com\/wp-content\/uploads\/2019\/12\/cement-yellow.png","contentUrl":"https:\/\/res-q-jack.com\/wp-content\/uploads\/2019\/12\/cement-yellow.png"},{"@type":"BreadcrumbList","@id":"https:\/\/res-q-jack.com\/struts\/vehicle-stabilization-struts\/heavy-duty-vehicle-stabilization-struts\/#breadcrumb","itemListElement":[{"@type":"ListItem","position":1,"name":"Home","item":"https:\/\/res-q-jack.com\/"},{"@type":"ListItem","position":2,"name":"Rescue Struts","item":"https:\/\/res-q-jack.com\/struts\/"},{"@type":"ListItem","position":3,"name":"Vehicle Stabilization Struts","item":"https:\/\/res-q-jack.com\/struts\/vehicle-stabilization-struts\/"},{"@type":"ListItem","position":4,"name":"Heavy-Duty Vehicle Stabilization Struts"}]},{"@type":"WebSite","@id":"https:\/\/res-q-jack.com\/#website","url":"https:\/\/res-q-jack.com\/","name":"Res-Q-Jack, Inc.","description":"Estruturas de estabiliza\u00e7\u00e3o de ve\u00edculos","publisher":{"@id":"https:\/\/res-q-jack.com\/#organization"},"potentialAction":[{"@type":"SearchAction","target":{"@type":"EntryPoint","urlTemplate":"https:\/\/res-q-jack.com\/?s={search_term_string}"},"query-input":{"@type":"PropertyValueSpecification","valueRequired":true,"valueName":"search_term_string"}}],"inLanguage":"pt-BR"},{"@type":"Organization","@id":"https:\/\/res-q-jack.com\/#organization","name":"Res-Q-Jack, Inc.","url":"https:\/\/res-q-jack.com\/","logo":{"@type":"ImageObject","inLanguage":"pt-BR","@id":"https:\/\/res-q-jack.com\/#\/schema\/logo\/image\/","url":"https:\/\/res-q-jack.com\/wp-content\/uploads\/2020\/03\/Res-Q-Jack-SEO-Logo.png","contentUrl":"https:\/\/res-q-jack.com\/wp-content\/uploads\/2020\/03\/Res-Q-Jack-SEO-Logo.png","width":612,"height":138,"caption":"Res-Q-Jack, Inc."},"image":{"@id":"https:\/\/res-q-jack.com\/#\/schema\/logo\/image\/"}}]}},"_links":{"self":[{"href":"https:\/\/res-q-jack.com\/pt\/wp-json\/wp\/v2\/pages\/175","targetHints":{"allow":["GET"]}}],"collection":[{"href":"https:\/\/res-q-jack.com\/pt\/wp-json\/wp\/v2\/pages"}],"about":[{"href":"https:\/\/res-q-jack.com\/pt\/wp-json\/wp\/v2\/types\/page"}],"author":[{"embeddable":true,"href":"https:\/\/res-q-jack.com\/pt\/wp-json\/wp\/v2\/users\/2"}],"replies":[{"embeddable":true,"href":"https:\/\/res-q-jack.com\/pt\/wp-json\/wp\/v2\/comments?post=175"}],"version-history":[{"count":0,"href":"https:\/\/res-q-jack.com\/pt\/wp-json\/wp\/v2\/pages\/175\/revisions"}],"up":[{"embeddable":true,"href":"https:\/\/res-q-jack.com\/pt\/wp-json\/wp\/v2\/pages\/187"}],"wp:attachment":[{"href":"https:\/\/res-q-jack.com\/pt\/wp-json\/wp\/v2\/media?parent=175"}],"curies":[{"name":"wp","href":"https:\/\/api.w.org\/{rel}","templated":true}]}}