{"id":1501,"date":"2020-06-09T11:17:48","date_gmt":"2020-06-09T16:17:48","guid":{"rendered":"https:\/\/resqjack.wpengine.com\/?page_id=1501"},"modified":"2023-11-20T19:39:19","modified_gmt":"2023-11-21T00:39:19","slug":"treinamento","status":"publish","type":"page","link":"https:\/\/res-q-jack.com\/pt\/training\/","title":{"rendered":"Treinamento"},"content":{"rendered":"<h1>Treinamento<\/h1>\t\t\t\n\t\t\t\t<p>Na Res-Q-Jack, o treinamento \u00e9 a pedra angular de tudo o que fazemos. Encontre instru\u00e7\u00f5es e v\u00eddeos sobre nossas t\u00e9cnicas patenteadas, e eventos de treinamento perto de voc\u00ea.<\/p>\n\t\t\t\t<img decoding=\"async\" data-src=\"https:\/\/res-q-jack.com\/wp-content\/uploads\/2020\/06\/Stabilization-Training-University.jpg\" alt=\"Universidade de Estabiliza\u00e7\u00e3o Res-Q-Jack\" title=\"Stabilization-Training-University\" itemprop=\"image\" src=\"data:image\/svg+xml;base64,PHN2ZyB3aWR0aD0iMSIgaGVpZ2h0PSIxIiB4bWxucz0iaHR0cDovL3d3dy53My5vcmcvMjAwMC9zdmciPjwvc3ZnPg==\" class=\"lazyload\" style=\"--smush-placeholder-width: 450px; --smush-placeholder-aspect-ratio: 450\/300;\" \/>\n\t\t<h3>Universidade de Estabiliza\u00e7\u00e3o<\/h3>\t\t\t\n\t\t\t\t<p>Universidade de Estabiliza\u00e7\u00e3o \u00e9 o seu bilhete para se manter a par de suas ferramentas de Res-Q-Jack e se manter atualizado sobre nossa mais recente t\u00e9cnica<\/p>\n\t\t\t<a href=\"https:\/\/res-q-jack.com\/pt\/treinamento\/stabilization-university\/\" target=\"_self\" role=\"button\" aria-label=\"Ver detalhes\" rel=\"noopener\">\n\t\t\t\t\t\t\t\t\t\t\tVer detalhes\n\t\t<\/a>\n\t\t\t\t<img decoding=\"async\" data-src=\"https:\/\/res-q-jack.com\/wp-content\/uploads\/2020\/06\/Training-Documents.jpg\" alt=\"Documentos de treinamento Res-Q-Jack\" title=\"Documentos de treinamento\" itemprop=\"image\" src=\"data:image\/svg+xml;base64,PHN2ZyB3aWR0aD0iMSIgaGVpZ2h0PSIxIiB4bWxucz0iaHR0cDovL3d3dy53My5vcmcvMjAwMC9zdmciPjwvc3ZnPg==\" class=\"lazyload\" style=\"--smush-placeholder-width: 450px; --smush-placeholder-aspect-ratio: 450\/300;\" \/>\n\t\t<h3>Documentos de treinamento<\/h3>\t\t\t\n\t\t\t\t<p>Artigos e white papers para educar nossos usu\u00e1rios a se tornarem mais eficazes e mais seguros na extrus\u00e3o.<\/p>\n\t\t\t<a href=\"https:\/\/res-q-jack.com\/pt\/treinamento\/documentos-de-treinamento\/\" target=\"_self\" role=\"button\" aria-label=\"Ver detalhes\" rel=\"noopener\">\n\t\t\t\t\t\t\t\t\t\t\tVer detalhes\n\t\t<\/a>\n\t\t\t\t<img decoding=\"async\" data-src=\"https:\/\/res-q-jack.com\/wp-content\/uploads\/2020\/06\/Vehicle-Stabilization-and-Extraction-Training-Videosjpg.jpg\" alt=\"Videosjpg de treinamento de estabiliza\u00e7\u00e3o e extra\u00e7\u00e3o de ve\u00edculos Res-Q-Jack\" title=\"Videosjpg de treinamento de estabiliza\u00e7\u00e3o e extra\u00e7\u00e3o de ve\u00edculos\" itemprop=\"image\" src=\"data:image\/svg+xml;base64,PHN2ZyB3aWR0aD0iMSIgaGVpZ2h0PSIxIiB4bWxucz0iaHR0cDovL3d3dy53My5vcmcvMjAwMC9zdmciPjwvc3ZnPg==\" class=\"lazyload\" style=\"--smush-placeholder-width: 450px; --smush-placeholder-aspect-ratio: 450\/300;\" \/>\n\t\t<h3>V\u00eddeos de treinamento<\/h3>\t\t\t\n\t\t\t\t<p>Veja os produtos Res-Q-Jack em a\u00e7\u00e3o e aprenda a usar os mais recentes equipamentos de extra\u00e7\u00e3o e estabiliza\u00e7\u00e3o.<\/p>\n\t\t\t<a href=\"https:\/\/res-q-jack.com\/pt\/documentos-de-treinamento\/treinamento-videos\/\" target=\"_self\" role=\"button\" aria-label=\"Ver detalhes\" rel=\"noopener\">\n\t\t\t\t\t\t\t\t\t\t\tVer detalhes\n\t\t<\/a>\n\t\t\t\t<img decoding=\"async\" data-src=\"https:\/\/res-q-jack.com\/wp-content\/uploads\/2020\/06\/Res-Q_Jack-Training-Events.jpg\" alt=\"Eventos de Treinamento Res-Q_Jack\" title=\"Eventos de Treinamento Res-Q_Jack\" itemprop=\"image\" src=\"data:image\/svg+xml;base64,PHN2ZyB3aWR0aD0iMSIgaGVpZ2h0PSIxIiB4bWxucz0iaHR0cDovL3d3dy53My5vcmcvMjAwMC9zdmciPjwvc3ZnPg==\" class=\"lazyload\" style=\"--smush-placeholder-width: 450px; --smush-placeholder-aspect-ratio: 450\/300;\" \/>\n\t\t<h3>Eventos<\/h3>\t\t\t\n\t\t\t\t<p>Fique atualizado com os \u00faltimos eventos universit\u00e1rios de estabiliza\u00e7\u00e3o Res-Q-Jack, demos, feiras e muito mais.<\/p>\n\t\t\t<a href=\"https:\/\/res-q-jack.com\/pt\/eventos\/\" target=\"_self\" role=\"button\" aria-label=\"Ver detalhes\" rel=\"noopener\">\n\t\t\t\t\t\t\t\t\t\t\tVer detalhes\n\t\t<\/a>","protected":false},"excerpt":{"rendered":"<p>Treinamento na Res-Q-Jack, o treinamento \u00e9 a pedra angular de tudo o que fazemos. Encontre instru\u00e7\u00f5es e v\u00eddeos sobre nossas t\u00e9cnicas patenteadas, e eventos de treinamento perto de voc\u00ea. Universidade de Estabiliza\u00e7\u00e3o Universidade de Estabiliza\u00e7\u00e3o \u00e9 o seu bilhete para manter-se informado sobre suas ferramentas Res-Q-Jack e manter-se atualizado sobre nossa mais recente t\u00e9cnica Ver Detalhes Documentos de Treinamento Como fazer para artigos e white papers para...<\/p>","protected":false},"author":2,"featured_media":747,"parent":0,"menu_order":0,"comment_status":"closed","ping_status":"closed","template":"","meta":{"footnotes":""},"class_list":["post-1501","page","type-page","status-publish","has-post-thumbnail","hentry"],"yoast_head":"<!-- This site is optimized with the Yoast SEO plugin v27.5 - https:\/\/yoast.com\/product\/yoast-seo-wordpress\/ -->\n<title>Training | Res-Q-Jack, Inc.<\/title>\n<meta name=\"description\" content=\"Training videos, how-to articles, and training events offered by Res-Q-Jack.\" \/>\n<meta name=\"robots\" content=\"index, follow, max-snippet:-1, max-image-preview:large, max-video-preview:-1\" \/>\n<link rel=\"canonical\" href=\"https:\/\/res-q-jack.com\/pt\/treinamento\/\" \/>\n<meta property=\"og:locale\" content=\"pt_BR\" \/>\n<meta property=\"og:type\" content=\"article\" \/>\n<meta property=\"og:title\" content=\"Training | Res-Q-Jack, Inc.\" \/>\n<meta property=\"og:description\" content=\"Training videos, how-to articles, and training events offered by Res-Q-Jack.\" \/>\n<meta property=\"og:url\" content=\"https:\/\/res-q-jack.com\/pt\/treinamento\/\" \/>\n<meta property=\"og:site_name\" content=\"Res-Q-Jack, Inc.\" \/>\n<meta property=\"article:modified_time\" content=\"2023-11-21T00:39:19+00:00\" \/>\n<meta property=\"og:image\" content=\"https:\/\/res-q-jack.com\/wp-content\/uploads\/2020\/02\/APEX-X-Strut-Heavy-Duty-Vehicle-Lifting-Strut-3.jpg\" \/>\n\t<meta property=\"og:image:width\" content=\"900\" \/>\n\t<meta property=\"og:image:height\" content=\"600\" \/>\n\t<meta property=\"og:image:type\" content=\"image\/jpeg\" \/>\n<meta name=\"twitter:card\" content=\"summary_large_image\" \/>\n<meta name=\"twitter:label1\" content=\"Est. tempo de leitura\" \/>\n\t<meta name=\"twitter:data1\" content=\"1 minuto\" \/>\n<script type=\"application\/ld+json\" class=\"yoast-schema-graph\">{\"@context\":\"https:\\\/\\\/schema.org\",\"@graph\":[{\"@type\":\"WebPage\",\"@id\":\"https:\\\/\\\/res-q-jack.com\\\/training\\\/\",\"url\":\"https:\\\/\\\/res-q-jack.com\\\/training\\\/\",\"name\":\"Training | Res-Q-Jack, Inc.\",\"isPartOf\":{\"@id\":\"https:\\\/\\\/res-q-jack.com\\\/#website\"},\"primaryImageOfPage\":{\"@id\":\"https:\\\/\\\/res-q-jack.com\\\/training\\\/#primaryimage\"},\"image\":{\"@id\":\"https:\\\/\\\/res-q-jack.com\\\/training\\\/#primaryimage\"},\"thumbnailUrl\":\"https:\\\/\\\/res-q-jack.com\\\/wp-content\\\/uploads\\\/2020\\\/02\\\/APEX-X-Strut-Heavy-Duty-Vehicle-Lifting-Strut-3.jpg\",\"datePublished\":\"2020-06-09T16:17:48+00:00\",\"dateModified\":\"2023-11-21T00:39:19+00:00\",\"description\":\"Training videos, how-to articles, and training events offered by Res-Q-Jack.\",\"breadcrumb\":{\"@id\":\"https:\\\/\\\/res-q-jack.com\\\/training\\\/#breadcrumb\"},\"inLanguage\":\"pt-BR\",\"potentialAction\":[{\"@type\":\"ReadAction\",\"target\":[\"https:\\\/\\\/res-q-jack.com\\\/training\\\/\"]}]},{\"@type\":\"ImageObject\",\"inLanguage\":\"pt-BR\",\"@id\":\"https:\\\/\\\/res-q-jack.com\\\/training\\\/#primaryimage\",\"url\":\"https:\\\/\\\/res-q-jack.com\\\/wp-content\\\/uploads\\\/2020\\\/02\\\/APEX-X-Strut-Heavy-Duty-Vehicle-Lifting-Strut-3.jpg\",\"contentUrl\":\"https:\\\/\\\/res-q-jack.com\\\/wp-content\\\/uploads\\\/2020\\\/02\\\/APEX-X-Strut-Heavy-Duty-Vehicle-Lifting-Strut-3.jpg\",\"width\":900,\"height\":600,\"caption\":\"APEX X-Strut Heavy-Duty Vehicle Lifting Strut 3\"},{\"@type\":\"BreadcrumbList\",\"@id\":\"https:\\\/\\\/res-q-jack.com\\\/training\\\/#breadcrumb\",\"itemListElement\":[{\"@type\":\"ListItem\",\"position\":1,\"name\":\"Home\",\"item\":\"https:\\\/\\\/res-q-jack.com\\\/\"},{\"@type\":\"ListItem\",\"position\":2,\"name\":\"Training\"}]},{\"@type\":\"WebSite\",\"@id\":\"https:\\\/\\\/res-q-jack.com\\\/#website\",\"url\":\"https:\\\/\\\/res-q-jack.com\\\/\",\"name\":\"Res-Q-Jack, Inc.\",\"description\":\"Vehicle Stabilization Struts\",\"publisher\":{\"@id\":\"https:\\\/\\\/res-q-jack.com\\\/#organization\"},\"potentialAction\":[{\"@type\":\"SearchAction\",\"target\":{\"@type\":\"EntryPoint\",\"urlTemplate\":\"https:\\\/\\\/res-q-jack.com\\\/?s={search_term_string}\"},\"query-input\":{\"@type\":\"PropertyValueSpecification\",\"valueRequired\":true,\"valueName\":\"search_term_string\"}}],\"inLanguage\":\"pt-BR\"},{\"@type\":\"Organization\",\"@id\":\"https:\\\/\\\/res-q-jack.com\\\/#organization\",\"name\":\"Res-Q-Jack, Inc.\",\"url\":\"https:\\\/\\\/res-q-jack.com\\\/\",\"logo\":{\"@type\":\"ImageObject\",\"inLanguage\":\"pt-BR\",\"@id\":\"https:\\\/\\\/res-q-jack.com\\\/#\\\/schema\\\/logo\\\/image\\\/\",\"url\":\"https:\\\/\\\/res-q-jack.com\\\/wp-content\\\/uploads\\\/2020\\\/03\\\/Res-Q-Jack-SEO-Logo.png\",\"contentUrl\":\"https:\\\/\\\/res-q-jack.com\\\/wp-content\\\/uploads\\\/2020\\\/03\\\/Res-Q-Jack-SEO-Logo.png\",\"width\":612,\"height\":138,\"caption\":\"Res-Q-Jack, Inc.\"},\"image\":{\"@id\":\"https:\\\/\\\/res-q-jack.com\\\/#\\\/schema\\\/logo\\\/image\\\/\"}}]}<\/script>\n<!-- \/ Yoast SEO plugin. -->","yoast_head_json":{"title":"Treinamento | Res-Q-Jack, Inc.","description":"V\u00eddeos de treinamento, artigos de como fazer, e eventos de treinamento oferecidos pela Res-Q-Jack.","robots":{"index":"index","follow":"follow","max-snippet":"max-snippet:-1","max-image-preview":"max-image-preview:large","max-video-preview":"max-video-preview:-1"},"canonical":"https:\/\/res-q-jack.com\/pt\/treinamento\/","og_locale":"pt_BR","og_type":"article","og_title":"Training | Res-Q-Jack, Inc.","og_description":"Training videos, how-to articles, and training events offered by Res-Q-Jack.","og_url":"https:\/\/res-q-jack.com\/pt\/treinamento\/","og_site_name":"Res-Q-Jack, Inc.","article_modified_time":"2023-11-21T00:39:19+00:00","og_image":[{"width":900,"height":600,"url":"https:\/\/res-q-jack.com\/wp-content\/uploads\/2020\/02\/APEX-X-Strut-Heavy-Duty-Vehicle-Lifting-Strut-3.jpg","type":"image\/jpeg"}],"twitter_card":"summary_large_image","twitter_misc":{"Est. tempo de leitura":"1 minuto"},"schema":{"@context":"https:\/\/schema.org","@graph":[{"@type":"WebPage","@id":"https:\/\/res-q-jack.com\/training\/","url":"https:\/\/res-q-jack.com\/training\/","name":"Treinamento | Res-Q-Jack, Inc.","isPartOf":{"@id":"https:\/\/res-q-jack.com\/#website"},"primaryImageOfPage":{"@id":"https:\/\/res-q-jack.com\/training\/#primaryimage"},"image":{"@id":"https:\/\/res-q-jack.com\/training\/#primaryimage"},"thumbnailUrl":"https:\/\/res-q-jack.com\/wp-content\/uploads\/2020\/02\/APEX-X-Strut-Heavy-Duty-Vehicle-Lifting-Strut-3.jpg","datePublished":"2020-06-09T16:17:48+00:00","dateModified":"2023-11-21T00:39:19+00:00","description":"V\u00eddeos de treinamento, artigos de como fazer, e eventos de treinamento oferecidos pela Res-Q-Jack.","breadcrumb":{"@id":"https:\/\/res-q-jack.com\/training\/#breadcrumb"},"inLanguage":"pt-BR","potentialAction":[{"@type":"ReadAction","target":["https:\/\/res-q-jack.com\/training\/"]}]},{"@type":"ImageObject","inLanguage":"pt-BR","@id":"https:\/\/res-q-jack.com\/training\/#primaryimage","url":"https:\/\/res-q-jack.com\/wp-content\/uploads\/2020\/02\/APEX-X-Strut-Heavy-Duty-Vehicle-Lifting-Strut-3.jpg","contentUrl":"https:\/\/res-q-jack.com\/wp-content\/uploads\/2020\/02\/APEX-X-Strut-Heavy-Duty-Vehicle-Lifting-Strut-3.jpg","width":900,"height":600,"caption":"APEX X-Strut Heavy-Duty Vehicle Lifting Strut 3"},{"@type":"BreadcrumbList","@id":"https:\/\/res-q-jack.com\/training\/#breadcrumb","itemListElement":[{"@type":"ListItem","position":1,"name":"Home","item":"https:\/\/res-q-jack.com\/"},{"@type":"ListItem","position":2,"name":"Training"}]},{"@type":"WebSite","@id":"https:\/\/res-q-jack.com\/#website","url":"https:\/\/res-q-jack.com\/","name":"Res-Q-Jack, Inc.","description":"Estruturas de estabiliza\u00e7\u00e3o de ve\u00edculos","publisher":{"@id":"https:\/\/res-q-jack.com\/#organization"},"potentialAction":[{"@type":"SearchAction","target":{"@type":"EntryPoint","urlTemplate":"https:\/\/res-q-jack.com\/?s={search_term_string}"},"query-input":{"@type":"PropertyValueSpecification","valueRequired":true,"valueName":"search_term_string"}}],"inLanguage":"pt-BR"},{"@type":"Organization","@id":"https:\/\/res-q-jack.com\/#organization","name":"Res-Q-Jack, Inc.","url":"https:\/\/res-q-jack.com\/","logo":{"@type":"ImageObject","inLanguage":"pt-BR","@id":"https:\/\/res-q-jack.com\/#\/schema\/logo\/image\/","url":"https:\/\/res-q-jack.com\/wp-content\/uploads\/2020\/03\/Res-Q-Jack-SEO-Logo.png","contentUrl":"https:\/\/res-q-jack.com\/wp-content\/uploads\/2020\/03\/Res-Q-Jack-SEO-Logo.png","width":612,"height":138,"caption":"Res-Q-Jack, Inc."},"image":{"@id":"https:\/\/res-q-jack.com\/#\/schema\/logo\/image\/"}}]}},"_links":{"self":[{"href":"https:\/\/res-q-jack.com\/pt\/wp-json\/wp\/v2\/pages\/1501","targetHints":{"allow":["GET"]}}],"collection":[{"href":"https:\/\/res-q-jack.com\/pt\/wp-json\/wp\/v2\/pages"}],"about":[{"href":"https:\/\/res-q-jack.com\/pt\/wp-json\/wp\/v2\/types\/page"}],"author":[{"embeddable":true,"href":"https:\/\/res-q-jack.com\/pt\/wp-json\/wp\/v2\/users\/2"}],"replies":[{"embeddable":true,"href":"https:\/\/res-q-jack.com\/pt\/wp-json\/wp\/v2\/comments?post=1501"}],"version-history":[{"count":0,"href":"https:\/\/res-q-jack.com\/pt\/wp-json\/wp\/v2\/pages\/1501\/revisions"}],"wp:featuredmedia":[{"embeddable":true,"href":"https:\/\/res-q-jack.com\/pt\/wp-json\/wp\/v2\/media\/747"}],"wp:attachment":[{"href":"https:\/\/res-q-jack.com\/pt\/wp-json\/wp\/v2\/media?parent=1501"}],"curies":[{"name":"wp","href":"https:\/\/api.w.org\/{rel}","templated":true}]}}