{"id":12,"date":"2019-12-13T10:36:36","date_gmt":"2019-12-13T15:36:36","guid":{"rendered":"https:\/\/resqjack.wpengine.com\/?page_id=12"},"modified":"2026-04-22T15:13:03","modified_gmt":"2026-04-22T20:13:03","slug":"home","status":"publish","type":"page","link":"https:\/\/res-q-jack.com\/pt\/","title":{"rendered":"In\u00edcio"},"content":{"rendered":"<h1>MINIMIZE THE EFFORT.<\/h1>\n\t<h1>MAXIMIZE THE LIFT.<\/h1>\n\t\t\t<a href=\"https:\/\/res-q-jack.com\/pt\/acessorios\/x-drive\/\"  target=\"_self\">\n\t\t\t\t\t\t\tEXPLORE X-DRIVE\n\t\t\t\t\t<\/a>\n\t<h2>\n\t\t\t\tRespond Faster with Pin-Free Stabilization &amp; Lifting\n\t\t\t<\/h2>\n\t\t\t<p>Nossas escoras de estabiliza\u00e7\u00e3o e eleva\u00e7\u00e3o de ve\u00edculos sem pinos s\u00e3o mais r\u00e1pidas e f\u00e1ceis de implantar, economizando tempo quando \u00e9 mais importante.<\/p>\t\n\t\t\t\t<img decoding=\"async\" data-src=\"https:\/\/res-q-jack.com\/wp-content\/uploads\/2026\/04\/Super-X-Long-w-Ratchet-Hooked-on-Top.png\" alt=\"Super X Long w Ratchet Hooked on Top\" title=\"Super X Long w Ratchet Hooked on Top\" itemprop=\"image\" src=\"data:image\/svg+xml;base64,PHN2ZyB3aWR0aD0iMSIgaGVpZ2h0PSIxIiB4bWxucz0iaHR0cDovL3d3dy53My5vcmcvMjAwMC9zdmciPjwvc3ZnPg==\" class=\"lazyload\" style=\"--smush-placeholder-width: 1700px; --smush-placeholder-aspect-ratio: 1700\/8300;\" \/>\n\t\t\t<h5><img decoding=\"async\" data-src=\"https:\/\/res-q-jack.com\/wp-content\/uploads\/2020\/05\/Pin-Free-Stabilization-Struts-95x18-1.png\" src=\"data:image\/svg+xml;base64,PHN2ZyB3aWR0aD0iMSIgaGVpZ2h0PSIxIiB4bWxucz0iaHR0cDovL3d3dy53My5vcmcvMjAwMC9zdmciPjwvc3ZnPg==\" class=\"lazyload\" style=\"--smush-placeholder-width: 95px; --smush-placeholder-aspect-ratio: 95\/18;\" \/><\/h5><h3>Super X-Strut Series<\/h3>\t\t\t\n\t\t\t\t<p>O Super X \u00e9 nossa linha de escoras mais pesada, projetada para resgate de ve\u00edculos pesados, escoramento estrutural e resgate t\u00e9cnico.\u00a0<\/p>\n<p><strong>Limite de carga de trabalho: 19.300 lbs. (2:1 Fator de seguran\u00e7a)<\/strong><\/p>\n\t\t\t<a href=\"https:\/\/res-q-jack.com\/pt\/escoras\/veiculos-estabilizadores-trudes\/estruturas-de-estabilizacao-veiculo-pesado\/super-x-strut\/\" title=\"Ver detalhes\" target=\"_self\"   role=\"button\" aria-label=\"Ver detalhes\">\n\t\t\t\t\t\t\t\t\t\t\tVer detalhes\n\t\t<\/a>\n\t\t\t\t<img decoding=\"async\" data-src=\"https:\/\/res-q-jack.com\/wp-content\/uploads\/2026\/04\/Apex-Long-Strut-scaled.png\" alt=\"Apex Long Strut\" title=\"Apex Long Strut\" itemprop=\"image\" src=\"data:image\/svg+xml;base64,PHN2ZyB3aWR0aD0iMSIgaGVpZ2h0PSIxIiB4bWxucz0iaHR0cDovL3d3dy53My5vcmcvMjAwMC9zdmciPjwvc3ZnPg==\" class=\"lazyload\" style=\"--smush-placeholder-width: 604px; --smush-placeholder-aspect-ratio: 604\/2560;\" \/>\n\t\t\t<h5><img decoding=\"async\" data-src=\"https:\/\/res-q-jack.com\/wp-content\/uploads\/2020\/05\/Pin-Free-Stabilization-Struts-95x18-1.png\" src=\"data:image\/svg+xml;base64,PHN2ZyB3aWR0aD0iMSIgaGVpZ2h0PSIxIiB4bWxucz0iaHR0cDovL3d3dy53My5vcmcvMjAwMC9zdmciPjwvc3ZnPg==\" class=\"lazyload\" style=\"--smush-placeholder-width: 95px; --smush-placeholder-aspect-ratio: 95\/18;\" \/><\/h5><h3>Apex X-Strut Series<\/h3>\t\t\t\n\t\t\t\t<p>O Apex \u00e9 nossa mais recente linha de suportes sem pinos para servi\u00e7o pesado, projetada para a maioria dos cen\u00e1rios de resgate de ve\u00edculos.\u00a0\u00a0<\/p>\n<p><strong>Limite de carga de trabalho: at\u00e9 12.500 lbs. (2:1 Fator de seguran\u00e7a)<\/strong><\/p>\n\t\t\t<a href=\"https:\/\/res-q-jack.com\/pt\/escoras\/veiculos-estabilizadores-trudes\/estruturas-de-estabilizacao-veiculo-pesado\/apex-x-strut\/\" title=\"Ver detalhes\" target=\"_self\"   role=\"button\" aria-label=\"Ver detalhes\">\n\t\t\t\t\t\t\t\t\t\t\tVer detalhes\n\t\t<\/a>\n\t\t\t\t<img decoding=\"async\" data-src=\"https:\/\/res-q-jack.com\/wp-content\/uploads\/2026\/04\/Auto-X-Long-Strut-scaled.png\" alt=\"Auto X Long Strut\" title=\"Auto X Long Strut\" itemprop=\"image\" src=\"data:image\/svg+xml;base64,PHN2ZyB3aWR0aD0iMSIgaGVpZ2h0PSIxIiB4bWxucz0iaHR0cDovL3d3dy53My5vcmcvMjAwMC9zdmciPjwvc3ZnPg==\" class=\"lazyload\" style=\"--smush-placeholder-width: 602px; --smush-placeholder-aspect-ratio: 602\/2560;\" \/>\n\t\t\t<h5><img decoding=\"async\" data-src=\"https:\/\/res-q-jack.com\/wp-content\/uploads\/2020\/05\/Pin-Free-Stabilization-Struts-95x18-1.png\" src=\"data:image\/svg+xml;base64,PHN2ZyB3aWR0aD0iMSIgaGVpZ2h0PSIxIiB4bWxucz0iaHR0cDovL3d3dy53My5vcmcvMjAwMC9zdmciPjwvc3ZnPg==\" class=\"lazyload\" style=\"--smush-placeholder-width: 95px; --smush-placeholder-aspect-ratio: 95\/18;\" \/><\/h5><h3>Auto X-Strut Series<\/h3>\t\t\t\n\t\t\t\t<p>O Auto X \u00e9 a nossa escora sem pinos para estabilizar e elevar rapidamente ve\u00edculos pequenos t\u00edpicos.<\/p>\n<p><strong>Limite de carga de trabalho: 3.250 lbs. (2:1 Fator de seguran\u00e7a)<\/strong><\/p>\n\t\t\t<a href=\"https:\/\/res-q-jack.com\/pt\/escoras\/veiculos-estabilizadores-trudes\/suportes-de-estabilizacao-de-veiculos-ligeiros-veiculos\/auto-x-strut\/\" title=\"Ver detalhes\" target=\"_self\"   role=\"button\" aria-label=\"Ver detalhes\">\n\t\t\t\t\t\t\t\t\t\t\tVer detalhes\n\t\t<\/a>\n<h3>\n\t\tEstabiliza\u00e7\u00e3o de ve\u00edculos\n\t\tElevated\n\t\t\t\t<\/h3>\t\n\t\t\t\t<p>At Res-Q-Jack, we take vehicle stabilization to the next level by offering the most versatile vehicle stabilization and lifting struts on the market.\u00a0 We offer struts ranging from light-duty to heavy-duty, both pin-operated and pin-free, each with a 2:1 safety factor.\u00a0 No matter your needs or your budget, Res-Q-Jack makes sure you have the right tool for the job.\u00a0 And with free training with every kit purchase, we make sure you get the most from our tools.<\/p>\n\t\t\t<a href=\"https:\/\/res-q-jack.com\/pt\/sobre\/\" title=\"Leia mais\" target=\"_self\"   role=\"button\" aria-label=\"Leia mais\">\n\t\t\t\t\t\t\tLeia mais\n\t\t<\/a>\n\t<a href=\"https:\/\/res-q-jack.com\/pt\/escoras\/veiculos-estabilizadores-trudes\/estruturas-de-estabilizacao-veiculo-pesado\/\" target=\"_self\"  aria-label=\"Go to https:\/\/res-q-jack.com\/struts\/vehicle-stabilization-struts\/heavy-duty-vehicle-stabilization-struts\/\"><\/a>\n\t\t\t\t<img decoding=\"async\" data-src=\"https:\/\/res-q-jack.com\/wp-content\/uploads\/2020\/06\/cement-truck-icon.png\" alt=\"Estruturas de estabiliza\u00e7\u00e3o e salvamento de ve\u00edculos pesados\" title=\"cimento-tronco-cerveja\" itemprop=\"image\" src=\"data:image\/svg+xml;base64,PHN2ZyB3aWR0aD0iMSIgaGVpZ2h0PSIxIiB4bWxucz0iaHR0cDovL3d3dy53My5vcmcvMjAwMC9zdmciPjwvc3ZnPg==\" class=\"lazyload\" style=\"--smush-placeholder-width: 115px; --smush-placeholder-aspect-ratio: 115\/115;\" \/>\n\t\t<p>Estruturas para servi\u00e7o pesado<\/p>\t\t\t\n\t<a href=\"https:\/\/res-q-jack.com\/pt\/escoras\/veiculos-estabilizadores-trudes\/estruturas-de-estabilizacao-de-veiculos-tipo\/\" target=\"_self\"  aria-label=\"Go to https:\/\/res-q-jack.com\/struts\/vehicle-stabilization-struts\/standard-duty-vehicle-stabilization-struts\/\"><\/a>\n\t\t\t\t<img decoding=\"async\" data-src=\"https:\/\/res-q-jack.com\/wp-content\/uploads\/2020\/06\/pickup-icon.png\" alt=\"Estruturas de estabiliza\u00e7\u00e3o e salvamento de ve\u00edculos de servi\u00e7o padr\u00e3o\" title=\"pickup-icon\" itemprop=\"image\" src=\"data:image\/svg+xml;base64,PHN2ZyB3aWR0aD0iMSIgaGVpZ2h0PSIxIiB4bWxucz0iaHR0cDovL3d3dy53My5vcmcvMjAwMC9zdmciPjwvc3ZnPg==\" class=\"lazyload\" style=\"--smush-placeholder-width: 115px; --smush-placeholder-aspect-ratio: 115\/115;\" \/>\n\t\t<p>Suportes para servi\u00e7os padr\u00e3o<\/p>\t\t\t\n\t<a href=\"https:\/\/res-q-jack.com\/pt\/escoras\/veiculos-estabilizadores-trudes\/suportes-de-estabilizacao-de-veiculos-ligeiros-veiculos\/\" target=\"_self\"  aria-label=\"Go to https:\/\/res-q-jack.com\/struts\/vehicle-stabilization-struts\/light-duty-vehicle-stabilization-struts\/\"><\/a>\n\t\t\t\t<img decoding=\"async\" data-src=\"https:\/\/res-q-jack.com\/wp-content\/uploads\/2020\/06\/car-icon.png\" alt=\"Estruturas de estabiliza\u00e7\u00e3o e salvamento de ve\u00edculos leves\" title=\"car-icon\" itemprop=\"image\" src=\"data:image\/svg+xml;base64,PHN2ZyB3aWR0aD0iMSIgaGVpZ2h0PSIxIiB4bWxucz0iaHR0cDovL3d3dy53My5vcmcvMjAwMC9zdmciPjwvc3ZnPg==\" class=\"lazyload\" style=\"--smush-placeholder-width: 115px; --smush-placeholder-aspect-ratio: 115\/115;\" \/>\n\t\t<p>Estruturas para servi\u00e7os leves<\/p>\t\t\t\n\t<a href=\"https:\/\/res-q-jack.com\/pt\/escoras\/trincheiras-tronco\/\" target=\"_self\"  aria-label=\"Go to https:\/\/res-q-jack.com\/struts\/trench-shoring-struts\/\"><\/a>\n\t\t\t\t<img decoding=\"async\" data-src=\"https:\/\/res-q-jack.com\/wp-content\/uploads\/2020\/06\/trench-icon.png\" alt=\"Cimbre de trincheiras\" title=\"Trench-icon\" itemprop=\"image\" src=\"data:image\/svg+xml;base64,PHN2ZyB3aWR0aD0iMSIgaGVpZ2h0PSIxIiB4bWxucz0iaHR0cDovL3d3dy53My5vcmcvMjAwMC9zdmciPjwvc3ZnPg==\" class=\"lazyload\" style=\"--smush-placeholder-width: 115px; --smush-placeholder-aspect-ratio: 115\/115;\" \/>\n\t\t<p>Cimbre de trincheiras<\/p>\t\t\t\n\t<a href=\"https:\/\/res-q-jack.com\/pt\/treinamento\/\" target=\"_self\"  aria-label=\"Go to https:\/\/res-q-jack.com\/training\/\"><\/a>\n\t\t\t\t<img decoding=\"async\" data-src=\"https:\/\/res-q-jack.com\/wp-content\/uploads\/2020\/06\/training-icon.png\" alt=\"Treinamento Res-Q-Jack\" title=\"\u00edon de treinamento\" itemprop=\"image\" src=\"data:image\/svg+xml;base64,PHN2ZyB3aWR0aD0iMSIgaGVpZ2h0PSIxIiB4bWxucz0iaHR0cDovL3d3dy53My5vcmcvMjAwMC9zdmciPjwvc3ZnPg==\" class=\"lazyload\" style=\"--smush-placeholder-width: 115px; --smush-placeholder-aspect-ratio: 115\/115;\" \/>\n\t\t<p>Recursos educacionais<\/p>\t\t\t\n\t<a href=\"https:\/\/res-q-jack.com\/pt\/treinamento\/stabilization-university\/\" target=\"_self\"  aria-label=\"Go to https:\/\/res-q-jack.com\/training\/stabilization-university\/\"><\/a>\n\t\t\t\t<img decoding=\"async\" data-src=\"https:\/\/res-q-jack.com\/wp-content\/uploads\/2020\/06\/stabu-icon.png\" alt=\"Universidade de Estabiliza\u00e7\u00e3o\" title=\"stabu-icon\" itemprop=\"image\" src=\"data:image\/svg+xml;base64,PHN2ZyB3aWR0aD0iMSIgaGVpZ2h0PSIxIiB4bWxucz0iaHR0cDovL3d3dy53My5vcmcvMjAwMC9zdmciPjwvc3ZnPg==\" class=\"lazyload\" style=\"--smush-placeholder-width: 115px; --smush-placeholder-aspect-ratio: 115\/115;\" \/>\n\t\t<p>Universidade de Estabiliza\u00e7\u00e3o<\/p>\t\t\t\n\t<a href=\"https:\/\/res-q-jack.com\/pt\/eventos\/\" target=\"_self\"  aria-label=\"Ver detalhes\"00><\/a>\n\t\t\t\t<img decoding=\"async\" data-src=\"https:\/\/res-q-jack.com\/wp-content\/uploads\/2020\/06\/calendar-icon.png\" alt=\"Calend\u00e1rio de Eventos Res-Q-Jack\" title=\"calend\u00e1rio-icon\" itemprop=\"image\" src=\"data:image\/svg+xml;base64,PHN2ZyB3aWR0aD0iMSIgaGVpZ2h0PSIxIiB4bWxucz0iaHR0cDovL3d3dy53My5vcmcvMjAwMC9zdmciPjwvc3ZnPg==\" class=\"lazyload\" style=\"--smush-placeholder-width: 115px; --smush-placeholder-aspect-ratio: 115\/115;\" \/>\n\t\t<p>Calend\u00e1rio de eventos<\/p>\t\t\t\n\t<h3>\n\t\t\t\tConfiado por 4.000 departamentos em todos os EUA e no mundo inteiro.\n\t\t\t<\/h3>\n\t\t<ul>\n\t\t<li><blockquote><p>\"Demorei 3 anos para conseguir que meu departamento comprasse seus Valetes de Resgate... e nos perguntamos como fizemos as coisas antes\" - Philip Kontoulas, Corpo de Bombeiros da Cidade de Orlando -<\/p><\/blockquote><\/li>\t\t<li><blockquote>\"N\u00e3o est\u00e1vamos considerando a estabiliza\u00e7\u00e3o at\u00e9 que usamos as escoras de eleva\u00e7\u00e3o Res-Q-Jack em uma DEMO pr\u00e1tica e percebemos tudo o que ela podia fazer.  A DEMO nos vendeu nos Res-Q-Jacks\" - Chefe Artie Sullivan, Corpo de Bombeiros de Villiage of Horseheads - \"A DEMO nos vendeu nos Res-Q-Jacks\".<\/blockquote><\/li>\t\t<li><blockquote>\"Colocamos os Res-Q-Jacks em servi\u00e7o em um acidente com um ve\u00edculo hoje pela primeira vez. Eles funcionaram muito bem! Obrigado por sua ajuda e treinamento\" - Bob Brown, Corpo de Bombeiros Rose Tree -<\/blockquote><\/li>\t\t<li><blockquote>\"N\u00f3s usamos estes produtos no campo, eu os utilizo em treinamento, e tamb\u00e9m tive a oportunidade, h\u00e1 muitos anos, de participar de um Stab-U. Seus produtos fazem a diferen\u00e7a. Eu sou um crente firme sem as escoras de eleva\u00e7\u00e3o neste acidente, ter\u00edamos tido um resultado muito ruim para o paciente\". Simplesmente n\u00e3o havia outra op\u00e7\u00e3o\" - Brian Robinson, Oficial de Treinamento do Estado, Associa\u00e7\u00e3o de Esquadr\u00f5es de Resgate do Tennessee -<\/blockquote><\/li>\t\t\t<\/ul>\n\t\t<h3>Agende sua demonstra\u00e7\u00e3o gratuita hoje mesmo!<\/h3>\n\t\t<p>Pensando em adquirir uma de nossas escoras de estabiliza\u00e7\u00e3o e eleva\u00e7\u00e3o de ve\u00edculos f\u00e1ceis de usar?  Deseja uma demonstra\u00e7\u00e3o antes de se comprometer com uma compra?<\/p>\n\t\t\t<a href=\"https:\/\/res-q-jack.com\/pt\/freedemo\/\"  target=\"_self\">\n\t\t\t\t\t\t\tAgende uma demonstra\u00e7\u00e3o\n\t\t\t\t\t<\/a>","protected":false},"excerpt":{"rendered":"<p>MINIMIZE THE EFFORT. MAXIMIZE THE LIFT. EXPLORE X-DRIVE Respond Faster with Pin-Free Stabilization &amp; Lifting Our Pin-Free Vehicle Stabilization &amp; Lifting Struts are faster and easier to deploy, saving time when it matters most. Super X-Strut Series The Super X is our most heavy-duty strut line, designed for heavy vehicle rescue, structural shoring and technical&hellip;<\/p>","protected":false},"author":2,"featured_media":14,"parent":0,"menu_order":0,"comment_status":"closed","ping_status":"closed","template":"","meta":{"footnotes":""},"class_list":["post-12","page","type-page","status-publish","has-post-thumbnail","hentry"],"yoast_head":"<!-- This site is optimized with the Yoast SEO plugin v27.5 - https:\/\/yoast.com\/product\/yoast-seo-wordpress\/ -->\n<title>Vehicle Stabilization Struts<\/title>\n<meta name=\"description\" content=\"Res-Q-Jack provides vehicle stabilization struts, lifting struts and trench shoring products for first responders, fire fighters and EMS.\" \/>\n<meta name=\"robots\" content=\"index, follow, max-snippet:-1, max-image-preview:large, max-video-preview:-1\" \/>\n<link rel=\"canonical\" href=\"https:\/\/res-q-jack.com\/pt\/\" \/>\n<meta property=\"og:locale\" content=\"pt_BR\" \/>\n<meta property=\"og:type\" content=\"article\" \/>\n<meta property=\"og:title\" content=\"Vehicle Stabilization Struts\" \/>\n<meta property=\"og:description\" content=\"Res-Q-Jack provides vehicle stabilization struts, lifting struts and trench shoring products for first responders, fire fighters and EMS.\" \/>\n<meta property=\"og:url\" content=\"https:\/\/res-q-jack.com\/pt\/\" \/>\n<meta property=\"og:site_name\" content=\"Res-Q-Jack, Inc.\" \/>\n<meta property=\"article:modified_time\" content=\"2026-04-22T20:13:03+00:00\" \/>\n<meta property=\"og:image\" content=\"https:\/\/res-q-jack.com\/wp-content\/uploads\/2019\/12\/Vehicle-Stabilization-Struts-from-Res-Q-Jack.jpg\" \/>\n\t<meta property=\"og:image:width\" content=\"900\" \/>\n\t<meta property=\"og:image:height\" content=\"600\" \/>\n\t<meta property=\"og:image:type\" content=\"image\/jpeg\" \/>\n<meta name=\"twitter:card\" content=\"summary_large_image\" \/>\n<meta name=\"twitter:label1\" content=\"Est. tempo de leitura\" \/>\n\t<meta name=\"twitter:data1\" content=\"5 minutos\" \/>\n<script type=\"application\/ld+json\" class=\"yoast-schema-graph\">{\"@context\":\"https:\\\/\\\/schema.org\",\"@graph\":[{\"@type\":\"WebPage\",\"@id\":\"https:\\\/\\\/res-q-jack.com\\\/\",\"url\":\"https:\\\/\\\/res-q-jack.com\\\/\",\"name\":\"Vehicle Stabilization Struts\",\"isPartOf\":{\"@id\":\"https:\\\/\\\/res-q-jack.com\\\/#website\"},\"primaryImageOfPage\":{\"@id\":\"https:\\\/\\\/res-q-jack.com\\\/#primaryimage\"},\"image\":{\"@id\":\"https:\\\/\\\/res-q-jack.com\\\/#primaryimage\"},\"thumbnailUrl\":\"https:\\\/\\\/res-q-jack.com\\\/wp-content\\\/uploads\\\/2019\\\/12\\\/Vehicle-Stabilization-Struts-from-Res-Q-Jack.jpg\",\"datePublished\":\"2019-12-13T15:36:36+00:00\",\"dateModified\":\"2026-04-22T20:13:03+00:00\",\"description\":\"Res-Q-Jack provides vehicle stabilization struts, lifting struts and trench shoring products for first responders, fire fighters and EMS.\",\"breadcrumb\":{\"@id\":\"https:\\\/\\\/res-q-jack.com\\\/#breadcrumb\"},\"inLanguage\":\"pt-BR\",\"potentialAction\":[{\"@type\":\"ReadAction\",\"target\":[\"https:\\\/\\\/res-q-jack.com\\\/\"]}]},{\"@type\":\"ImageObject\",\"inLanguage\":\"pt-BR\",\"@id\":\"https:\\\/\\\/res-q-jack.com\\\/#primaryimage\",\"url\":\"https:\\\/\\\/res-q-jack.com\\\/wp-content\\\/uploads\\\/2019\\\/12\\\/Vehicle-Stabilization-Struts-from-Res-Q-Jack.jpg\",\"contentUrl\":\"https:\\\/\\\/res-q-jack.com\\\/wp-content\\\/uploads\\\/2019\\\/12\\\/Vehicle-Stabilization-Struts-from-Res-Q-Jack.jpg\",\"width\":900,\"height\":600,\"caption\":\"Vehicle Stabilization Struts\"},{\"@type\":\"BreadcrumbList\",\"@id\":\"https:\\\/\\\/res-q-jack.com\\\/#breadcrumb\",\"itemListElement\":[{\"@type\":\"ListItem\",\"position\":1,\"name\":\"Home\",\"item\":\"https:\\\/\\\/res-q-jack.com\\\/\"},{\"@type\":\"ListItem\",\"position\":2,\"name\":\"Home\"}]},{\"@type\":\"WebSite\",\"@id\":\"https:\\\/\\\/res-q-jack.com\\\/#website\",\"url\":\"https:\\\/\\\/res-q-jack.com\\\/\",\"name\":\"Res-Q-Jack, Inc.\",\"description\":\"Vehicle Stabilization Struts\",\"publisher\":{\"@id\":\"https:\\\/\\\/res-q-jack.com\\\/#organization\"},\"potentialAction\":[{\"@type\":\"SearchAction\",\"target\":{\"@type\":\"EntryPoint\",\"urlTemplate\":\"https:\\\/\\\/res-q-jack.com\\\/?s={search_term_string}\"},\"query-input\":{\"@type\":\"PropertyValueSpecification\",\"valueRequired\":true,\"valueName\":\"search_term_string\"}}],\"inLanguage\":\"pt-BR\"},{\"@type\":\"Organization\",\"@id\":\"https:\\\/\\\/res-q-jack.com\\\/#organization\",\"name\":\"Res-Q-Jack, Inc.\",\"url\":\"https:\\\/\\\/res-q-jack.com\\\/\",\"logo\":{\"@type\":\"ImageObject\",\"inLanguage\":\"pt-BR\",\"@id\":\"https:\\\/\\\/res-q-jack.com\\\/#\\\/schema\\\/logo\\\/image\\\/\",\"url\":\"https:\\\/\\\/res-q-jack.com\\\/wp-content\\\/uploads\\\/2020\\\/03\\\/Res-Q-Jack-SEO-Logo.png\",\"contentUrl\":\"https:\\\/\\\/res-q-jack.com\\\/wp-content\\\/uploads\\\/2020\\\/03\\\/Res-Q-Jack-SEO-Logo.png\",\"width\":612,\"height\":138,\"caption\":\"Res-Q-Jack, Inc.\"},\"image\":{\"@id\":\"https:\\\/\\\/res-q-jack.com\\\/#\\\/schema\\\/logo\\\/image\\\/\"}}]}<\/script>\n<!-- \/ Yoast SEO plugin. -->","yoast_head_json":{"title":"Estruturas de estabiliza\u00e7\u00e3o de ve\u00edculos","description":"Res-Q-Jack fornece suportes de estabiliza\u00e7\u00e3o de ve\u00edculos, suportes de eleva\u00e7\u00e3o e produtos de escoramento de trincheiras para socorristas, bombeiros e EMS.","robots":{"index":"index","follow":"follow","max-snippet":"max-snippet:-1","max-image-preview":"max-image-preview:large","max-video-preview":"max-video-preview:-1"},"canonical":"https:\/\/res-q-jack.com\/pt\/","og_locale":"pt_BR","og_type":"article","og_title":"Vehicle Stabilization Struts","og_description":"Res-Q-Jack provides vehicle stabilization struts, lifting struts and trench shoring products for first responders, fire fighters and EMS.","og_url":"https:\/\/res-q-jack.com\/pt\/","og_site_name":"Res-Q-Jack, Inc.","article_modified_time":"2026-04-22T20:13:03+00:00","og_image":[{"width":900,"height":600,"url":"https:\/\/res-q-jack.com\/wp-content\/uploads\/2019\/12\/Vehicle-Stabilization-Struts-from-Res-Q-Jack.jpg","type":"image\/jpeg"}],"twitter_card":"summary_large_image","twitter_misc":{"Est. tempo de leitura":"5 minutos"},"schema":{"@context":"https:\/\/schema.org","@graph":[{"@type":"WebPage","@id":"https:\/\/res-q-jack.com\/","url":"https:\/\/res-q-jack.com\/","name":"Estruturas de estabiliza\u00e7\u00e3o de ve\u00edculos","isPartOf":{"@id":"https:\/\/res-q-jack.com\/#website"},"primaryImageOfPage":{"@id":"https:\/\/res-q-jack.com\/#primaryimage"},"image":{"@id":"https:\/\/res-q-jack.com\/#primaryimage"},"thumbnailUrl":"https:\/\/res-q-jack.com\/wp-content\/uploads\/2019\/12\/Vehicle-Stabilization-Struts-from-Res-Q-Jack.jpg","datePublished":"2019-12-13T15:36:36+00:00","dateModified":"2026-04-22T20:13:03+00:00","description":"Res-Q-Jack fornece suportes de estabiliza\u00e7\u00e3o de ve\u00edculos, suportes de eleva\u00e7\u00e3o e produtos de escoramento de trincheiras para socorristas, bombeiros e EMS.","breadcrumb":{"@id":"https:\/\/res-q-jack.com\/#breadcrumb"},"inLanguage":"pt-BR","potentialAction":[{"@type":"ReadAction","target":["https:\/\/res-q-jack.com\/"]}]},{"@type":"ImageObject","inLanguage":"pt-BR","@id":"https:\/\/res-q-jack.com\/#primaryimage","url":"https:\/\/res-q-jack.com\/wp-content\/uploads\/2019\/12\/Vehicle-Stabilization-Struts-from-Res-Q-Jack.jpg","contentUrl":"https:\/\/res-q-jack.com\/wp-content\/uploads\/2019\/12\/Vehicle-Stabilization-Struts-from-Res-Q-Jack.jpg","width":900,"height":600,"caption":"Vehicle Stabilization Struts"},{"@type":"BreadcrumbList","@id":"https:\/\/res-q-jack.com\/#breadcrumb","itemListElement":[{"@type":"ListItem","position":1,"name":"Home","item":"https:\/\/res-q-jack.com\/"},{"@type":"ListItem","position":2,"name":"Home"}]},{"@type":"WebSite","@id":"https:\/\/res-q-jack.com\/#website","url":"https:\/\/res-q-jack.com\/","name":"Res-Q-Jack, Inc.","description":"Estruturas de estabiliza\u00e7\u00e3o de ve\u00edculos","publisher":{"@id":"https:\/\/res-q-jack.com\/#organization"},"potentialAction":[{"@type":"SearchAction","target":{"@type":"EntryPoint","urlTemplate":"https:\/\/res-q-jack.com\/?s={search_term_string}"},"query-input":{"@type":"PropertyValueSpecification","valueRequired":true,"valueName":"search_term_string"}}],"inLanguage":"pt-BR"},{"@type":"Organization","@id":"https:\/\/res-q-jack.com\/#organization","name":"Res-Q-Jack, Inc.","url":"https:\/\/res-q-jack.com\/","logo":{"@type":"ImageObject","inLanguage":"pt-BR","@id":"https:\/\/res-q-jack.com\/#\/schema\/logo\/image\/","url":"https:\/\/res-q-jack.com\/wp-content\/uploads\/2020\/03\/Res-Q-Jack-SEO-Logo.png","contentUrl":"https:\/\/res-q-jack.com\/wp-content\/uploads\/2020\/03\/Res-Q-Jack-SEO-Logo.png","width":612,"height":138,"caption":"Res-Q-Jack, Inc."},"image":{"@id":"https:\/\/res-q-jack.com\/#\/schema\/logo\/image\/"}}]}},"_links":{"self":[{"href":"https:\/\/res-q-jack.com\/pt\/wp-json\/wp\/v2\/pages\/12","targetHints":{"allow":["GET"]}}],"collection":[{"href":"https:\/\/res-q-jack.com\/pt\/wp-json\/wp\/v2\/pages"}],"about":[{"href":"https:\/\/res-q-jack.com\/pt\/wp-json\/wp\/v2\/types\/page"}],"author":[{"embeddable":true,"href":"https:\/\/res-q-jack.com\/pt\/wp-json\/wp\/v2\/users\/2"}],"replies":[{"embeddable":true,"href":"https:\/\/res-q-jack.com\/pt\/wp-json\/wp\/v2\/comments?post=12"}],"version-history":[{"count":6,"href":"https:\/\/res-q-jack.com\/pt\/wp-json\/wp\/v2\/pages\/12\/revisions"}],"predecessor-version":[{"id":2447,"href":"https:\/\/res-q-jack.com\/pt\/wp-json\/wp\/v2\/pages\/12\/revisions\/2447"}],"wp:featuredmedia":[{"embeddable":true,"href":"https:\/\/res-q-jack.com\/pt\/wp-json\/wp\/v2\/media\/14"}],"wp:attachment":[{"href":"https:\/\/res-q-jack.com\/pt\/wp-json\/wp\/v2\/media?parent=12"}],"curies":[{"name":"wp","href":"https:\/\/api.w.org\/{rel}","templated":true}]}}