{"id":819,"date":"2020-02-26T17:27:36","date_gmt":"2020-02-26T22:27:36","guid":{"rendered":"https:\/\/resqjack.wpengine.com\/?page_id=819"},"modified":"2024-10-16T13:51:44","modified_gmt":"2024-10-16T18:51:44","slug":"stabilizacja-uniwersytet","status":"publish","type":"page","link":"https:\/\/res-q-jack.com\/pl\/training\/stabilization-university\/","title":{"rendered":"Uniwersytet Stabilizacyjny"},"content":{"rendered":"<img decoding=\"async\" data-src=\"https:\/\/res-q-jack.com\/wp-content\/uploads\/2021\/06\/Stabilization-University-Logo-2021.png\" alt=\"Poznaj wskaz\u00f3wki i techniki dotycz\u0105ce stabilizacji pojazdu\" title=\"Stabilizacja-Uniwersytet-Logo 2021\" itemprop=\"image\" src=\"data:image\/svg+xml;base64,PHN2ZyB3aWR0aD0iMSIgaGVpZ2h0PSIxIiB4bWxucz0iaHR0cDovL3d3dy53My5vcmcvMjAwMC9zdmciPjwvc3ZnPg==\" class=\"lazyload\" style=\"--smush-placeholder-width: 625px; --smush-placeholder-aspect-ratio: 625\/137;\" \/>\n\t\t<h1>Opatentowane narz\u0119dzia.  Opatentowane szkolenia.<\/h1>\t\t\t\n\t\t\t\t<p>Dowiedz si\u0119 wi\u0119cej o naszych narz\u0119dziach i opatentowanych technikach od wykwalifikowanych instruktor\u00f3w Res-Q-Jack.  Te praktyczne, ca\u0142odniowe imprezy odbywaj\u0105 si\u0119 przez ca\u0142y rok w ca\u0142ym kraju.<\/p>\n\tRejestracja jest ju\u017c otwarta na nasz 2025 Factory Stabilization University w Greek Peak Mtn. Resort w Cortland, NY!<br \/>\nSobota, 27 wrze\u015bnia 2025 r.\n\t<ul>\n\t\t<li>\t\t\n\t\t\t\t<img decoding=\"async\" data-src=\"https:\/\/res-q-jack.com\/wp-content\/uploads\/2024\/10\/2025_stabilization-university_thumb.webp\" alt=\"2025 Stabilization University Zarejestruj si\u0119\" title=\"2025_stabilization-university_thumb\" itemprop=\"image\" src=\"data:image\/svg+xml;base64,PHN2ZyB3aWR0aD0iMSIgaGVpZ2h0PSIxIiB4bWxucz0iaHR0cDovL3d3dy53My5vcmcvMjAwMC9zdmciPjwvc3ZnPg==\" class=\"lazyload\" style=\"--smush-placeholder-width: 500px; --smush-placeholder-aspect-ratio: 500\/647;\" \/>\n\t\t<h3><strong>Zarejestruj si\u0119 teraz, aby zarezerwowa\u0107 miejsce!<\/strong> Liczba miejsc jest ograniczona do 125 os\u00f3b<\/h3><p>Do\u0142\u0105cz do nas na specjalny dzie\u0144 intensywnego treningu praktycznego w pi\u0119knym o\u015brodku Greek Peak Mountain Resort w Cortland w stanie Nowy Jork. Wype\u0142nij formularz, aby zarezerwowa\u0107 miejsce na Stabilization University. Wkr\u00f3tce skontaktujemy si\u0119 z Tob\u0105, aby zweryfikowa\u0107 szczeg\u00f3\u0142y rejestracji i p\u0142atno\u015bci.<\/p><\/li>\t<\/ul>\n\t\t\t<a href=\"https:\/\/res-q-jack.com\/wp-content\/uploads\/2024\/10\/2025_Stabilization-University_Flyer.pdf\" target=\"_blank\" rel=\"noopener\">\n\t\t\t\t\t\t\tPobierz formularz do druku\n\t\t\t\t\t<\/a>\n\t<h1>\n\t\t\t\tSzkolenie praktyczne z zakresu naszych narz\u0119dzi i opatentowanych technik\n\t\t\t<\/h1>\n\t<p>Poznaj najnowsze osi\u0105gni\u0119cia w dziedzinie stabilizacji pojazd\u00f3w i podnoszenia za pomoc\u0105 naszych opatentowanych technik! Uniwersytet Stabilizacji to Twoja przepustka do zdobycia wiedzy na temat narz\u0119dzi Res-Q-Jack i bycia na bie\u017c\u0105co z naszymi najnowszymi technikami.<\/p>\n<p>Ka\u017cdy Uniwersytet Stabilizacji rozpoczyna si\u0119 od kr\u00f3tkiego om\u00f3wienia teorii podnoszenia, a nast\u0119pnie przenosi si\u0119 na zewn\u0105trz, aby zaj\u0105\u0107 si\u0119 realistycznymi scenariuszami praktycznymi. Ka\u017cdy Uniwersytet Stabilizacji, prowadzony przez profesjonalist\u00f3w Res-Q-Jack, nauczy Ci\u0119 od podstawowych do zaawansowanych technik, aby\u015b m\u00f3g\u0142 w pe\u0142ni wykorzysta\u0107 mo\u017cliwo\u015bci swojego sprz\u0119tu.<\/p>\n<p>Sprawd\u017a nasz kalendarz wydarze\u0144 i \u015bled\u017a nas na Facebooku, aby znale\u017a\u0107 Uniwersytet Stabilizacji w pobli\u017cu Ciebie!<\/p>\n<h3>Kursy obejmuj\u0105:<\/h3>\n<ul>\n<li>Prezentacja podstaw stabilizacji i koncepcji podnoszenia.<\/li>\n<li>Podstawowa stabilizacja i podnoszenie w pozycji le\u017c\u0105cej na kole, na boku i na dachu.<\/li>\n<li>Rolowanie kontrolowane, rolowanie Darlingtona i zaawansowane techniki przewracania.<\/li>\n<li>Podstawowe i zaawansowane ustawienia przesterowania.<\/li>\n<li>Bariera, nietypowe pojazdy, podnoszenie du\u017cych pojazd\u00f3w i inne z\u0142o\u017cone scenariusze.<\/li>\n<\/ul>","protected":false},"excerpt":{"rendered":"<p>Patented tools. Patented training. Learn more about our tools and our patented techniques from qualified Res-Q-Jack instructors.\u00a0 These hands-on, all-day events are held throughout the year all over the country. Registration is now open for our 2025 Factory Stabilization University at Greek Peak Mtn. Resort in Cortland, NY! Saturday, September 27, 2025 Register now to&hellip;<\/p>","protected":false},"author":2,"featured_media":0,"parent":1501,"menu_order":0,"comment_status":"closed","ping_status":"closed","template":"","meta":{"footnotes":""},"class_list":["post-819","page","type-page","status-publish","hentry"],"yoast_head":"<!-- This site is optimized with the Yoast SEO plugin v27.2 - https:\/\/yoast.com\/product\/yoast-seo-wordpress\/ -->\n<title>Stabilization University | Res-Q-Jack, Inc.<\/title>\n<meta name=\"robots\" content=\"index, follow, max-snippet:-1, max-image-preview:large, max-video-preview:-1\" \/>\n<link rel=\"canonical\" href=\"https:\/\/res-q-jack.com\/pl\/szkolenie\/stabilizacja-uniwersytet\/\" \/>\n<meta property=\"og:locale\" content=\"pl_PL\" \/>\n<meta property=\"og:type\" content=\"article\" \/>\n<meta property=\"og:title\" content=\"Stabilization University | Res-Q-Jack, Inc.\" \/>\n<meta property=\"og:description\" content=\"Patented tools. Patented training. Learn more about our tools and our patented techniques from qualified Res-Q-Jack instructors.\u00a0 These hands-on, all-day events are held throughout the year all over the country. Registration is now open for our 2025 Factory Stabilization University at Greek Peak Mtn. Resort in Cortland, NY! Saturday, September 27, 2025 Register now to&hellip;\" \/>\n<meta property=\"og:url\" content=\"https:\/\/res-q-jack.com\/pl\/szkolenie\/stabilizacja-uniwersytet\/\" \/>\n<meta property=\"og:site_name\" content=\"Res-Q-Jack, Inc.\" \/>\n<meta property=\"article:modified_time\" content=\"2024-10-16T18:51:44+00:00\" \/>\n<meta property=\"og:image\" content=\"https:\/\/res-q-jack.com\/wp-content\/uploads\/2021\/06\/Stabilization-University-Logo-2021.png\" \/>\n<meta name=\"twitter:card\" content=\"summary_large_image\" \/>\n<meta name=\"twitter:label1\" content=\"Szacowany czas czytania\" \/>\n\t<meta name=\"twitter:data1\" content=\"1 minuta\" \/>\n<script type=\"application\/ld+json\" class=\"yoast-schema-graph\">{\"@context\":\"https:\/\/schema.org\",\"@graph\":[{\"@type\":\"WebPage\",\"@id\":\"https:\/\/res-q-jack.com\/training\/stabilization-university\/\",\"url\":\"https:\/\/res-q-jack.com\/training\/stabilization-university\/\",\"name\":\"Stabilization University | Res-Q-Jack, Inc.\",\"isPartOf\":{\"@id\":\"https:\/\/res-q-jack.com\/#website\"},\"primaryImageOfPage\":{\"@id\":\"https:\/\/res-q-jack.com\/training\/stabilization-university\/#primaryimage\"},\"image\":{\"@id\":\"https:\/\/res-q-jack.com\/training\/stabilization-university\/#primaryimage\"},\"thumbnailUrl\":\"https:\/\/res-q-jack.com\/wp-content\/uploads\/2021\/06\/Stabilization-University-Logo-2021.png\",\"datePublished\":\"2020-02-26T22:27:36+00:00\",\"dateModified\":\"2024-10-16T18:51:44+00:00\",\"breadcrumb\":{\"@id\":\"https:\/\/res-q-jack.com\/training\/stabilization-university\/#breadcrumb\"},\"inLanguage\":\"pl-PL\",\"potentialAction\":[{\"@type\":\"ReadAction\",\"target\":[\"https:\/\/res-q-jack.com\/training\/stabilization-university\/\"]}]},{\"@type\":\"ImageObject\",\"inLanguage\":\"pl-PL\",\"@id\":\"https:\/\/res-q-jack.com\/training\/stabilization-university\/#primaryimage\",\"url\":\"https:\/\/res-q-jack.com\/wp-content\/uploads\/2021\/06\/Stabilization-University-Logo-2021.png\",\"contentUrl\":\"https:\/\/res-q-jack.com\/wp-content\/uploads\/2021\/06\/Stabilization-University-Logo-2021.png\"},{\"@type\":\"BreadcrumbList\",\"@id\":\"https:\/\/res-q-jack.com\/training\/stabilization-university\/#breadcrumb\",\"itemListElement\":[{\"@type\":\"ListItem\",\"position\":1,\"name\":\"Home\",\"item\":\"https:\/\/res-q-jack.com\/\"},{\"@type\":\"ListItem\",\"position\":2,\"name\":\"Training\",\"item\":\"https:\/\/res-q-jack.com\/training\/\"},{\"@type\":\"ListItem\",\"position\":3,\"name\":\"Stabilization University\"}]},{\"@type\":\"WebSite\",\"@id\":\"https:\/\/res-q-jack.com\/#website\",\"url\":\"https:\/\/res-q-jack.com\/\",\"name\":\"Res-Q-Jack, Inc.\",\"description\":\"Vehicle Stabilization Struts\",\"publisher\":{\"@id\":\"https:\/\/res-q-jack.com\/#organization\"},\"potentialAction\":[{\"@type\":\"SearchAction\",\"target\":{\"@type\":\"EntryPoint\",\"urlTemplate\":\"https:\/\/res-q-jack.com\/?s={search_term_string}\"},\"query-input\":{\"@type\":\"PropertyValueSpecification\",\"valueRequired\":true,\"valueName\":\"search_term_string\"}}],\"inLanguage\":\"pl-PL\"},{\"@type\":\"Organization\",\"@id\":\"https:\/\/res-q-jack.com\/#organization\",\"name\":\"Res-Q-Jack, Inc.\",\"url\":\"https:\/\/res-q-jack.com\/\",\"logo\":{\"@type\":\"ImageObject\",\"inLanguage\":\"pl-PL\",\"@id\":\"https:\/\/res-q-jack.com\/#\/schema\/logo\/image\/\",\"url\":\"https:\/\/res-q-jack.com\/wp-content\/uploads\/2020\/03\/Res-Q-Jack-SEO-Logo.png\",\"contentUrl\":\"https:\/\/res-q-jack.com\/wp-content\/uploads\/2020\/03\/Res-Q-Jack-SEO-Logo.png\",\"width\":612,\"height\":138,\"caption\":\"Res-Q-Jack, Inc.\"},\"image\":{\"@id\":\"https:\/\/res-q-jack.com\/#\/schema\/logo\/image\/\"}}]}<\/script>\n<!-- \/ Yoast SEO plugin. -->","yoast_head_json":{"title":"Uniwersytet Stabilizacji | Res-Q-Jack, Inc.","robots":{"index":"index","follow":"follow","max-snippet":"max-snippet:-1","max-image-preview":"max-image-preview:large","max-video-preview":"max-video-preview:-1"},"canonical":"https:\/\/res-q-jack.com\/pl\/szkolenie\/stabilizacja-uniwersytet\/","og_locale":"pl_PL","og_type":"article","og_title":"Stabilization University | Res-Q-Jack, Inc.","og_description":"Patented tools. Patented training. Learn more about our tools and our patented techniques from qualified Res-Q-Jack instructors.\u00a0 These hands-on, all-day events are held throughout the year all over the country. Registration is now open for our 2025 Factory Stabilization University at Greek Peak Mtn. Resort in Cortland, NY! Saturday, September 27, 2025 Register now to&hellip;","og_url":"https:\/\/res-q-jack.com\/pl\/szkolenie\/stabilizacja-uniwersytet\/","og_site_name":"Res-Q-Jack, Inc.","article_modified_time":"2024-10-16T18:51:44+00:00","og_image":[{"url":"https:\/\/res-q-jack.com\/wp-content\/uploads\/2021\/06\/Stabilization-University-Logo-2021.png","type":"","width":"","height":""}],"twitter_card":"summary_large_image","twitter_misc":{"Szacowany czas czytania":"1 minuta"},"schema":{"@context":"https:\/\/schema.org","@graph":[{"@type":"WebPage","@id":"https:\/\/res-q-jack.com\/training\/stabilization-university\/","url":"https:\/\/res-q-jack.com\/training\/stabilization-university\/","name":"Uniwersytet Stabilizacji | Res-Q-Jack, Inc.","isPartOf":{"@id":"https:\/\/res-q-jack.com\/#website"},"primaryImageOfPage":{"@id":"https:\/\/res-q-jack.com\/training\/stabilization-university\/#primaryimage"},"image":{"@id":"https:\/\/res-q-jack.com\/training\/stabilization-university\/#primaryimage"},"thumbnailUrl":"https:\/\/res-q-jack.com\/wp-content\/uploads\/2021\/06\/Stabilization-University-Logo-2021.png","datePublished":"2020-02-26T22:27:36+00:00","dateModified":"2024-10-16T18:51:44+00:00","breadcrumb":{"@id":"https:\/\/res-q-jack.com\/training\/stabilization-university\/#breadcrumb"},"inLanguage":"pl-PL","potentialAction":[{"@type":"ReadAction","target":["https:\/\/res-q-jack.com\/training\/stabilization-university\/"]}]},{"@type":"ImageObject","inLanguage":"pl-PL","@id":"https:\/\/res-q-jack.com\/training\/stabilization-university\/#primaryimage","url":"https:\/\/res-q-jack.com\/wp-content\/uploads\/2021\/06\/Stabilization-University-Logo-2021.png","contentUrl":"https:\/\/res-q-jack.com\/wp-content\/uploads\/2021\/06\/Stabilization-University-Logo-2021.png"},{"@type":"BreadcrumbList","@id":"https:\/\/res-q-jack.com\/training\/stabilization-university\/#breadcrumb","itemListElement":[{"@type":"ListItem","position":1,"name":"Home","item":"https:\/\/res-q-jack.com\/"},{"@type":"ListItem","position":2,"name":"Training","item":"https:\/\/res-q-jack.com\/training\/"},{"@type":"ListItem","position":3,"name":"Stabilization University"}]},{"@type":"WebSite","@id":"https:\/\/res-q-jack.com\/#website","url":"https:\/\/res-q-jack.com\/","name":"Res-Q-Jack, Inc.","description":"Stabilizatory pojazdu","publisher":{"@id":"https:\/\/res-q-jack.com\/#organization"},"potentialAction":[{"@type":"SearchAction","target":{"@type":"EntryPoint","urlTemplate":"https:\/\/res-q-jack.com\/?s={search_term_string}"},"query-input":{"@type":"PropertyValueSpecification","valueRequired":true,"valueName":"search_term_string"}}],"inLanguage":"pl-PL"},{"@type":"Organization","@id":"https:\/\/res-q-jack.com\/#organization","name":"Res-Q-Jack, Inc.","url":"https:\/\/res-q-jack.com\/","logo":{"@type":"ImageObject","inLanguage":"pl-PL","@id":"https:\/\/res-q-jack.com\/#\/schema\/logo\/image\/","url":"https:\/\/res-q-jack.com\/wp-content\/uploads\/2020\/03\/Res-Q-Jack-SEO-Logo.png","contentUrl":"https:\/\/res-q-jack.com\/wp-content\/uploads\/2020\/03\/Res-Q-Jack-SEO-Logo.png","width":612,"height":138,"caption":"Res-Q-Jack, Inc."},"image":{"@id":"https:\/\/res-q-jack.com\/#\/schema\/logo\/image\/"}}]}},"_links":{"self":[{"href":"https:\/\/res-q-jack.com\/pl\/wp-json\/wp\/v2\/pages\/819","targetHints":{"allow":["GET"]}}],"collection":[{"href":"https:\/\/res-q-jack.com\/pl\/wp-json\/wp\/v2\/pages"}],"about":[{"href":"https:\/\/res-q-jack.com\/pl\/wp-json\/wp\/v2\/types\/page"}],"author":[{"embeddable":true,"href":"https:\/\/res-q-jack.com\/pl\/wp-json\/wp\/v2\/users\/2"}],"replies":[{"embeddable":true,"href":"https:\/\/res-q-jack.com\/pl\/wp-json\/wp\/v2\/comments?post=819"}],"version-history":[{"count":0,"href":"https:\/\/res-q-jack.com\/pl\/wp-json\/wp\/v2\/pages\/819\/revisions"}],"up":[{"embeddable":true,"href":"https:\/\/res-q-jack.com\/pl\/wp-json\/wp\/v2\/pages\/1501"}],"wp:attachment":[{"href":"https:\/\/res-q-jack.com\/pl\/wp-json\/wp\/v2\/media?parent=819"}],"curies":[{"name":"wp","href":"https:\/\/api.w.org\/{rel}","templated":true}]}}