{"id":50,"date":"2019-12-13T12:40:42","date_gmt":"2019-12-13T17:40:42","guid":{"rendered":"https:\/\/resqjack.wpengine.com\/?page_id=50"},"modified":"2021-02-01T16:18:07","modified_gmt":"2021-02-01T21:18:07","slug":"o","status":"publish","type":"page","link":"https:\/\/res-q-jack.com\/pl\/about\/","title":{"rendered":"O stronie"},"content":{"rendered":"<h1>\n\t\t\t\tNasza firma\n\t\t\t<\/h1>\n\t<p>\"NASZE NARZ\u0118DZIA RATUJ\u0104 \u017bYCIE\".  Te s\u0142owa s\u0105 wydrukowane na 8-stopowym znaku w naszym zak\u0142adzie produkcyjnym w Elmirze, NY, jako przypomnienie tego, co je\u017adzi po naszych produktach.  Nasi pracownicy, z kt\u00f3rych wielu s\u0142u\u017cy\u0142o jako wolontariusze, wiedz\u0105, jak wa\u017cne s\u0105 produkty, kt\u00f3re wytwarzamy, i wida\u0107 to we wszystkim, co robimy.<\/p>\n<p>Ka\u017cd\u0105 rozp\u00f3rk\u0119 ratunkow\u0105 budujemy r\u0119cznie w naszym warsztacie, ze sprawdzonych i przewidywalnych materia\u0142\u00f3w.  Od r\u0119cznego spawania po wysokiej klasy obr\u00f3bk\u0119 mechaniczn\u0105 - wszystkie nasze rozp\u00f3rki s\u0105 budowane z nale\u017cyt\u0105 staranno\u015bci\u0105, a tak\u017ce kontrolowane i testowane, aby zapewni\u0107 wieloletnie dzia\u0142anie w terenie.<\/p>\n<p>Nasze narz\u0119dzia powsta\u0142y dzi\u0119ki do\u015bwiadczeniom z pierwszej r\u0119ki w terenie i zosta\u0142y udoskonalone w celu dostosowania ich do potrzeb respondent\u00f3w poprzez komunikacj\u0119 z nimi.<\/p>\n<p>Nasza filozofia jest prosta: \"Proste narz\u0119dzia, zaawansowane szkolenia\".  Wierzymy w dostarczanie respondentom narz\u0119dzi, kt\u00f3re s\u0105 tak intuicyjne, jak skuteczne, oraz zapewnienie dog\u0142\u0119bnych szkole\u0144 w celu maksymalizacji skuteczno\u015bci w terenie.<\/p>\n<p>Nie bez powodu nasze produkty s\u0105 proste.  Chcemy, aby ratownicy byli pewni siebie i odnosili sukcesy u\u017cywaj\u0105c naszych narz\u0119dzi.  Nie stosujemy skomplikowanej hydrauliki, nieprzewidywalnych \"kosmicznych\" tworzyw sztucznych ani zbyt skomplikowanych ustawie\u0144.<\/p>\n<p>Projektujemy nasze rozp\u00f3rki tak, aby by\u0142y przyjazne dla u\u017cytkownika, skuteczne i niezawodne.  Wybieramy materia\u0142y zapewniaj\u0105ce wytrzyma\u0142o\u015b\u0107 i przewidywalno\u015b\u0107, a nasze systemy projektujemy tak, aby by\u0142y prostsze, a jednocze\u015bnie bardziej wydajne ni\u017c bardziej skomplikowane urz\u0105dzenia.  Projektujemy nasze rozp\u00f3rki w taki spos\u00f3b, aby by\u0142y gotowe do u\u017cycia od razu po wyj\u0119ciu z ci\u0119\u017car\u00f3wki, co pozwala zaoszcz\u0119dzi\u0107 czas, gdy jest on najwa\u017cniejszy.<\/p>\n<p>Chocia\u017c nasze narz\u0119dzia s\u0105 intuicyjne, wierzymy, \u017ce \u015bwietne narz\u0119dzie ratownicze jest tylko tak dobre, jak stoj\u0105ce za nim szkolenie.  Dlatego te\u017c, gdy Tw\u00f3j oddzia\u0142 zakupi sprz\u0119t od Res-Q-Jack, zapewniamy bezp\u0142atne szkolenie w Twojej plac\u00f3wce, zar\u00f3wno w zakresie naszego sprz\u0119tu, jak i technik.<\/p>\n<p>Od podstawowych ustawie\u0144 po zaawansowane techniki, Res-Q-Jack jest zobowi\u0105zany do przeszkolenia Twojego dzia\u0142u, a\u017c do momentu, gdy b\u0119dziesz m\u00f3g\u0142 swobodnie korzysta\u0107 z naszych produkt\u00f3w.  Zrozumienie naszych pionierskich technik stabilizacji i podnoszenia pomo\u017ce Ci odnie\u015b\u0107 sukces w terenie.<\/p>\n<p>Szczycimy si\u0119 tym, \u017ce jeste\u015bmy firm\u0105 przyst\u0119pn\u0105, kt\u00f3ra troszczy si\u0119 o ratownik\u00f3w korzystaj\u0105cych z naszych narz\u0119dzi w takim samym stopniu, jak o powody, dla kt\u00f3rych z nich korzystaj\u0105.<\/p>\n<p>W Res-Q-Jack nie znajdziesz \u017cadnych drzewek telefonicznych, \u017cadnych automatycznych linii, ani \u017cadnego zabiegania.  Jeste\u015bmy tu dla naszych klient\u00f3w, kiedy nas potrzebuj\u0105 i zrobimy wszystko, aby pom\u00f3c w jakikolwiek spos\u00f3b.  Od bezp\u0142atnych demonstracji i szkole\u0144 po produkty dostosowane do potrzeb klienta, chcemy, aby\u015b mia\u0142 najlepsze narz\u0119dzia i najlepsze szkolenie, aby wykonywa\u0107 swoj\u0105 prac\u0119.<\/p>\n<p>Jeste\u015bmy wystarczaj\u0105co mali, aby by\u0107 osi\u0105galni i zapewni\u0107 indywidualne podej\u015bcie, ale dzi\u0119ki rozleg\u0142ej sieci r\u0119cznie wybranych dealer\u00f3w, kt\u00f3rzy wierz\u0105 w nasz\u0105 mark\u0119 tak samo jak my, jeste\u015bmy wystarczaj\u0105co duzi, aby by\u0107 na miejscu ze szkoleniami i wsparciem, niezale\u017cnie od tego, gdzie si\u0119 znajdujesz.<\/p>\n\t<h3>\n\t\t\t\tNasza historia\n\t\t\t<\/h3>\n\t<p>Po uzyskaniu tytu\u0142u magistra in\u017cyniera mechanika i kilku latach pracy w bran\u017cy konsultingowej i projektowej, Cris Pasto stworzy\u0142 firm\u0119 Cepco Tool Company.  Cepco Tools rozpocz\u0119\u0142o swoj\u0105 dzia\u0142alno\u015b\u0107 od produktu u\u0142atwiaj\u0105cego monta\u017c wypaczonych desek tarasowych, sklejki oraz materia\u0142\u00f3w typu \"pi\u00f3ro i wpust\". Ten produkt, Bowrench Deck Tool, jest cz\u0119sto na li\u015bcie najlepiej sprzedaj\u0105cych si\u0119 narz\u0119dzi r\u0119cznych na amazon.com i przyni\u00f3s\u0142 firmie wiele sukces\u00f3w.<\/p>\n<p>Sukces Bowrencha przyni\u00f3s\u0142 produkt o nazwie QuikJack, podno\u015bnik do pod\u0142\u00f3g z twardego drewna. Gdy Cepco Tools rozwija\u0142o si\u0119 i ros\u0142o w si\u0142\u0119, Cris m\u00f3g\u0142 zrobi\u0107 krok w ty\u0142.  Zrobi\u0142 wi\u0119c co\u015b, co chcia\u0142 zrobi\u0107 od jakiego\u015b czasu - wst\u0105pi\u0142 do lokalnej stra\u017cy po\u017carnej.<\/p>\n<p>Jako cz\u0142onek wydzia\u0142u Cris mia\u0142 styczno\u015b\u0107 z wieloma interesuj\u0105cymi i kreatywnymi narz\u0119dziami w stra\u017cy po\u017carnej, ale widzia\u0142 wiele mo\u017cliwo\u015bci poprawy, szczeg\u00f3lnie w dziedzinie stabilizacji pojazd\u00f3w osobowych.  Cris by\u0142 sfrustrowany, kiedy reagowali na wypadki z udzia\u0142em pojazd\u00f3w przewr\u00f3conych, ale nigdy nie czu\u0142 si\u0119 komfortowo ze stopniem stabilizacji, jaki udawa\u0142o im si\u0119 osi\u0105gn\u0105\u0107 przy pomocy dost\u0119pnych \u015brodk\u00f3w.<\/p>\n<p>W ci\u0105gu nast\u0119pnych kilku miesi\u0119cy Cris opracowa\u0142 prototypy, a Cepco Tools wyprodukowa\u0142o pierwszy Res-Q-Jack Model RJ1. Pierwotnym zamiarem by\u0142o po prostu zaopatrzenie jednej ze stra\u017cy po\u017carnych w odpowiednie narz\u0119dzia do stabilizacji, ale w przysz\u0142o\u015bci mia\u0142o by\u0107 o wiele wi\u0119cej.<\/p>\n<p>Po opracowaniu modelu RJ1, s\u0105siednia stra\u017c po\u017carna poprosi\u0142a Cepco Tools o zbudowanie dla nich zestawu. Od tego momentu Ron Moore z Firehouse Magazine i Plano Fire Dept. w Teksasie dowiedzieli si\u0119 o Res-Q-Jack.<\/p>\n<p>Zadzwoni\u0142 do Crisa z pytaniem, czy m\u00f3g\u0142by przetestowa\u0107 projekt i zamie\u015bci\u0107 wyniki swoich bada\u0144 w specjalnym artykule dla magazynu Firehouse Magazine na temat stabilizacji. Artyku\u0142 ten w zasadzie wprowadzi\u0142 lini\u0119 produkt\u00f3w Res-Q-Jack na rynek. Ron nadal wnosi\u0142 cenny wk\u0142ad w rozw\u00f3j firmy i jej produkt\u00f3w.<\/p>\n<p>Kiedy John Meier kupi\u0142 firm\u0119 w 2004 roku, Res-Q-Jack sta\u0142 si\u0119 w\u0142asn\u0105 firm\u0105, oddzielon\u0105 od Cepco Tools.  Od tego czasu kontynuujemy rozw\u00f3j i ulepszanie naszych produkt\u00f3w, aby zmaksymalizowa\u0107 wszechstronno\u015b\u0107, zwi\u0119kszy\u0107 szybko\u015b\u0107 ustawiania, uczyni\u0107 je bardziej przyjaznymi dla u\u017cytkownika i pacjenta oraz utrzyma\u0107 je w przyst\u0119pnej cenie.<\/p>\n<p>Podczas gdy celem produkt\u00f3w Cepco Tool Company by\u0142o zawsze u\u0142atwienie \u017cycia wykonawcom, Res-Q-Jack u\u0142atwia teraz prac\u0119 ratownikom; a co wi\u0119cej, ka\u017cdego dnia pomagamy ratowa\u0107 \u017cycie.<\/p>\n<p>Obecnie firma rozwin\u0119\u0142a si\u0119 do postaci, kt\u00f3r\u0105 mo\u017cna zobaczy\u0107 na naszej stronie internetowej i nadal wyznacza standardy w dziedzinie stabilizacji i podnoszenia pojazd\u00f3w.<\/p>\n\t<h4>\n\t\t\t\tPytania?  Zadzwo\u0144 do nas pod numer 1-800-466-9626\n\t\t\t<\/h4>","protected":false},"excerpt":{"rendered":"<p>Nasza firma \"OUR TOOLS SAVE LIVES.\"  Te s\u0142owa s\u0105 wydrukowane na 8-stopowym znaku w naszym zak\u0142adzie produkcyjnym w Elmira, NY, jako przypomnienie tego, co je\u017adzi po naszych produktach.  Nasi pracownicy, z kt\u00f3rych wielu s\u0142u\u017cy\u0142o jako wolontariusze, wiedz\u0105, jak wa\u017cne s\u0105 produkty, kt\u00f3re wytwarzamy, i to wida\u0107 we wszystkim, co robimy....<\/p>","protected":false},"author":2,"featured_media":0,"parent":0,"menu_order":0,"comment_status":"closed","ping_status":"closed","template":"","meta":{"footnotes":""},"class_list":["post-50","page","type-page","status-publish","hentry"],"yoast_head":"<!-- This site is optimized with the Yoast SEO plugin v27.2 - https:\/\/yoast.com\/product\/yoast-seo-wordpress\/ -->\n<title>About | Res-Q-Jack, Inc.<\/title>\n<meta name=\"robots\" content=\"index, follow, max-snippet:-1, max-image-preview:large, max-video-preview:-1\" \/>\n<link rel=\"canonical\" href=\"https:\/\/res-q-jack.com\/pl\/o\/\" \/>\n<meta property=\"og:locale\" content=\"pl_PL\" \/>\n<meta property=\"og:type\" content=\"article\" \/>\n<meta property=\"og:title\" content=\"About | Res-Q-Jack, Inc.\" \/>\n<meta property=\"og:description\" content=\"Our Company &#8220;OUR TOOLS SAVE LIVES.&#8221;\u00a0 These words are printed on an 8-foot sign in our manufacturing facility in Elmira, NY as a reminder of what rides on our products.\u00a0 Our employees, many of whom have served as volunteer responders, know the importance of the products we produce, and this shows in all we do.&hellip;\" \/>\n<meta property=\"og:url\" content=\"https:\/\/res-q-jack.com\/pl\/o\/\" \/>\n<meta property=\"og:site_name\" content=\"Res-Q-Jack, Inc.\" \/>\n<meta property=\"article:modified_time\" content=\"2021-02-01T21:18:07+00:00\" \/>\n<meta name=\"twitter:card\" content=\"summary_large_image\" \/>\n<meta name=\"twitter:label1\" content=\"Szacowany czas czytania\" \/>\n\t<meta name=\"twitter:data1\" content=\"4 minuty\" \/>\n<script type=\"application\/ld+json\" class=\"yoast-schema-graph\">{\"@context\":\"https:\/\/schema.org\",\"@graph\":[{\"@type\":\"WebPage\",\"@id\":\"https:\/\/res-q-jack.com\/about\/\",\"url\":\"https:\/\/res-q-jack.com\/about\/\",\"name\":\"About | Res-Q-Jack, Inc.\",\"isPartOf\":{\"@id\":\"https:\/\/res-q-jack.com\/#website\"},\"datePublished\":\"2019-12-13T17:40:42+00:00\",\"dateModified\":\"2021-02-01T21:18:07+00:00\",\"breadcrumb\":{\"@id\":\"https:\/\/res-q-jack.com\/about\/#breadcrumb\"},\"inLanguage\":\"pl-PL\",\"potentialAction\":[{\"@type\":\"ReadAction\",\"target\":[\"https:\/\/res-q-jack.com\/about\/\"]}]},{\"@type\":\"BreadcrumbList\",\"@id\":\"https:\/\/res-q-jack.com\/about\/#breadcrumb\",\"itemListElement\":[{\"@type\":\"ListItem\",\"position\":1,\"name\":\"Home\",\"item\":\"https:\/\/res-q-jack.com\/\"},{\"@type\":\"ListItem\",\"position\":2,\"name\":\"About\"}]},{\"@type\":\"WebSite\",\"@id\":\"https:\/\/res-q-jack.com\/#website\",\"url\":\"https:\/\/res-q-jack.com\/\",\"name\":\"Res-Q-Jack, Inc.\",\"description\":\"Vehicle Stabilization Struts\",\"publisher\":{\"@id\":\"https:\/\/res-q-jack.com\/#organization\"},\"potentialAction\":[{\"@type\":\"SearchAction\",\"target\":{\"@type\":\"EntryPoint\",\"urlTemplate\":\"https:\/\/res-q-jack.com\/?s={search_term_string}\"},\"query-input\":{\"@type\":\"PropertyValueSpecification\",\"valueRequired\":true,\"valueName\":\"search_term_string\"}}],\"inLanguage\":\"pl-PL\"},{\"@type\":\"Organization\",\"@id\":\"https:\/\/res-q-jack.com\/#organization\",\"name\":\"Res-Q-Jack, Inc.\",\"url\":\"https:\/\/res-q-jack.com\/\",\"logo\":{\"@type\":\"ImageObject\",\"inLanguage\":\"pl-PL\",\"@id\":\"https:\/\/res-q-jack.com\/#\/schema\/logo\/image\/\",\"url\":\"https:\/\/res-q-jack.com\/wp-content\/uploads\/2020\/03\/Res-Q-Jack-SEO-Logo.png\",\"contentUrl\":\"https:\/\/res-q-jack.com\/wp-content\/uploads\/2020\/03\/Res-Q-Jack-SEO-Logo.png\",\"width\":612,\"height\":138,\"caption\":\"Res-Q-Jack, Inc.\"},\"image\":{\"@id\":\"https:\/\/res-q-jack.com\/#\/schema\/logo\/image\/\"}}]}<\/script>\n<!-- \/ Yoast SEO plugin. -->","yoast_head_json":{"title":"Informacje o firmie | Res-Q-Jack, Inc.","robots":{"index":"index","follow":"follow","max-snippet":"max-snippet:-1","max-image-preview":"max-image-preview:large","max-video-preview":"max-video-preview:-1"},"canonical":"https:\/\/res-q-jack.com\/pl\/o\/","og_locale":"pl_PL","og_type":"article","og_title":"About | Res-Q-Jack, Inc.","og_description":"Our Company &#8220;OUR TOOLS SAVE LIVES.&#8221;\u00a0 These words are printed on an 8-foot sign in our manufacturing facility in Elmira, NY as a reminder of what rides on our products.\u00a0 Our employees, many of whom have served as volunteer responders, know the importance of the products we produce, and this shows in all we do.&hellip;","og_url":"https:\/\/res-q-jack.com\/pl\/o\/","og_site_name":"Res-Q-Jack, Inc.","article_modified_time":"2021-02-01T21:18:07+00:00","twitter_card":"summary_large_image","twitter_misc":{"Szacowany czas czytania":"4 minuty"},"schema":{"@context":"https:\/\/schema.org","@graph":[{"@type":"WebPage","@id":"https:\/\/res-q-jack.com\/about\/","url":"https:\/\/res-q-jack.com\/about\/","name":"Informacje o firmie | Res-Q-Jack, Inc.","isPartOf":{"@id":"https:\/\/res-q-jack.com\/#website"},"datePublished":"2019-12-13T17:40:42+00:00","dateModified":"2021-02-01T21:18:07+00:00","breadcrumb":{"@id":"https:\/\/res-q-jack.com\/about\/#breadcrumb"},"inLanguage":"pl-PL","potentialAction":[{"@type":"ReadAction","target":["https:\/\/res-q-jack.com\/about\/"]}]},{"@type":"BreadcrumbList","@id":"https:\/\/res-q-jack.com\/about\/#breadcrumb","itemListElement":[{"@type":"ListItem","position":1,"name":"Home","item":"https:\/\/res-q-jack.com\/"},{"@type":"ListItem","position":2,"name":"About"}]},{"@type":"WebSite","@id":"https:\/\/res-q-jack.com\/#website","url":"https:\/\/res-q-jack.com\/","name":"Res-Q-Jack, Inc.","description":"Stabilizatory pojazdu","publisher":{"@id":"https:\/\/res-q-jack.com\/#organization"},"potentialAction":[{"@type":"SearchAction","target":{"@type":"EntryPoint","urlTemplate":"https:\/\/res-q-jack.com\/?s={search_term_string}"},"query-input":{"@type":"PropertyValueSpecification","valueRequired":true,"valueName":"search_term_string"}}],"inLanguage":"pl-PL"},{"@type":"Organization","@id":"https:\/\/res-q-jack.com\/#organization","name":"Res-Q-Jack, Inc.","url":"https:\/\/res-q-jack.com\/","logo":{"@type":"ImageObject","inLanguage":"pl-PL","@id":"https:\/\/res-q-jack.com\/#\/schema\/logo\/image\/","url":"https:\/\/res-q-jack.com\/wp-content\/uploads\/2020\/03\/Res-Q-Jack-SEO-Logo.png","contentUrl":"https:\/\/res-q-jack.com\/wp-content\/uploads\/2020\/03\/Res-Q-Jack-SEO-Logo.png","width":612,"height":138,"caption":"Res-Q-Jack, Inc."},"image":{"@id":"https:\/\/res-q-jack.com\/#\/schema\/logo\/image\/"}}]}},"_links":{"self":[{"href":"https:\/\/res-q-jack.com\/pl\/wp-json\/wp\/v2\/pages\/50","targetHints":{"allow":["GET"]}}],"collection":[{"href":"https:\/\/res-q-jack.com\/pl\/wp-json\/wp\/v2\/pages"}],"about":[{"href":"https:\/\/res-q-jack.com\/pl\/wp-json\/wp\/v2\/types\/page"}],"author":[{"embeddable":true,"href":"https:\/\/res-q-jack.com\/pl\/wp-json\/wp\/v2\/users\/2"}],"replies":[{"embeddable":true,"href":"https:\/\/res-q-jack.com\/pl\/wp-json\/wp\/v2\/comments?post=50"}],"version-history":[{"count":0,"href":"https:\/\/res-q-jack.com\/pl\/wp-json\/wp\/v2\/pages\/50\/revisions"}],"wp:attachment":[{"href":"https:\/\/res-q-jack.com\/pl\/wp-json\/wp\/v2\/media?parent=50"}],"curies":[{"name":"wp","href":"https:\/\/api.w.org\/{rel}","templated":true}]}}