{"id":46,"date":"2019-12-13T12:40:16","date_gmt":"2019-12-13T17:40:16","guid":{"rendered":"https:\/\/resqjack.wpengine.com\/?page_id=46"},"modified":"2024-01-08T11:05:20","modified_gmt":"2024-01-08T16:05:20","slug":"dokumenty-szkoleniowe","status":"publish","type":"page","link":"https:\/\/res-q-jack.com\/pl\/training\/training-documents\/","title":{"rendered":"Dokumenty szkoleniowe"},"content":{"rendered":"<h1>Dokumenty szkoleniowe<\/h1>\t\t\t\n\t\t\t\t<p>Zesp\u00f3\u0142 Res-Q-Jack ma wieloletnie do\u015bwiadczenie w stra\u017cy po\u017carnej i ratownictwie i u\u017cywa\u0142 naszych produkt\u00f3w w setkach sytuacji. Przez lata opracowali\u015bmy aplikacje, opatentowali\u015bmy techniki i napisali\u015bmy wiele artyku\u0142\u00f3w, aby edukowa\u0107 naszych u\u017cytkownik\u00f3w, aby stali si\u0119 bardziej skuteczni i bezpieczni w wyci\u0105ganiu.<\/p>\n\t<a href=\"https:\/\/res-q-jack.com\/wp-content\/uploads\/documents\/2021-22-ResQJack-Training-Presentation.pdf\" target=\"_blank\" rel=\"noopener\" aria-label=\"Go to https:\/\/res-q-jack.com\/wp-content\/uploads\/documents\/2021-22-ResQJack-Training-Presentation.pdf\"><\/a>\n\t\t\t\t<img decoding=\"async\" data-src=\"https:\/\/res-q-jack.com\/wp-content\/uploads\/2021\/10\/Training_PDF-min.jpg\" alt=\"Podr\u0119cznik szkoleniowy PDF\" title=\"Szkolenie_PDF-min\" itemprop=\"image\" src=\"data:image\/svg+xml;base64,PHN2ZyB3aWR0aD0iMSIgaGVpZ2h0PSIxIiB4bWxucz0iaHR0cDovL3d3dy53My5vcmcvMjAwMC9zdmciPjwvc3ZnPg==\" class=\"lazyload\" style=\"--smush-placeholder-width: 400px; --smush-placeholder-aspect-ratio: 400\/515;\" \/>\n\t\t\t\t<p>Szkolenie PowerPoint PDF (14.9MB)<\/p>\n\t<a href=\"https:\/\/res-q-jack.com\/wp-content\/uploads\/documents\/2021-22-ResQJack-Training-Presentation-1.pptx\" target=\"_blank\" rel=\"noopener\" aria-label=\"Go to https:\/\/res-q-jack.com\/wp-content\/uploads\/documents\/2021-22-ResQJack-Training-Presentation-1.pptx\"><\/a>\n\t\t\t\t<img decoding=\"async\" data-src=\"https:\/\/res-q-jack.com\/wp-content\/uploads\/2021\/10\/Training_PPT-min.jpg\" alt=\"Przewodnik szkoleniowy - Power Point\" title=\"Szkolenie_PPT-min\" itemprop=\"image\" src=\"data:image\/svg+xml;base64,PHN2ZyB3aWR0aD0iMSIgaGVpZ2h0PSIxIiB4bWxucz0iaHR0cDovL3d3dy53My5vcmcvMjAwMC9zdmciPjwvc3ZnPg==\" class=\"lazyload\" style=\"--smush-placeholder-width: 400px; --smush-placeholder-aspect-ratio: 400\/515;\" \/>\n\t\t\t\t<p>Szkolenie PowerPoint PPT (46.5MB)<\/p>\n\t<a href=\"https:\/\/res-q-jack.com\/wp-content\/uploads\/documents\/RQJ-2021-Quick-Reference-Guide-min-Stabilization.pdf\" target=\"_blank\" rel=\"noopener\" aria-label=\"Go to https:\/\/res-q-jack.com\/wp-content\/uploads\/documents\/RQJ-2021-Quick-Reference-Guide-min-Stabilization.pdf\"><\/a>\n\t\t\t\t<img decoding=\"async\" data-src=\"https:\/\/res-q-jack.com\/wp-content\/uploads\/2021\/10\/QR_Guide_2021-min.jpg\" alt=\"Skr\u00f3cona instrukcja obs\u0142ugi\" title=\"QR_Guide_2021-min\" itemprop=\"image\" src=\"data:image\/svg+xml;base64,PHN2ZyB3aWR0aD0iMSIgaGVpZ2h0PSIxIiB4bWxucz0iaHR0cDovL3d3dy53My5vcmcvMjAwMC9zdmciPjwvc3ZnPg==\" class=\"lazyload\" style=\"--smush-placeholder-width: 400px; --smush-placeholder-aspect-ratio: 400\/515;\" \/>\n\t\t\t\t<p>Skr\u00f3cona instrukcja obs\u0142ugi (13.4MB)<\/p>\n\t<a href=\"https:\/\/res-q-jack.com\/wp-content\/uploads\/documents\/RQJ-Finding-Purchase-Points.pdf\" target=\"_blank\" rel=\"noopener\" aria-label=\"Go to https:\/\/res-q-jack.com\/wp-content\/uploads\/documents\/RQJ-Finding-Purchase-Points.pdf\"><\/a>\n\t\t\t\t<img decoding=\"async\" data-src=\"https:\/\/res-q-jack.com\/wp-content\/uploads\/2020\/01\/Res-Q-Jack-Finding-Purchase-Points.jpg\" alt=\"Res-Q-Jack Znajdowanie punkt\u00f3w zakupu\" title=\"Res-Q-Jack Znajdowanie punkt\u00f3w zakupu\" itemprop=\"image\" src=\"data:image\/svg+xml;base64,PHN2ZyB3aWR0aD0iMSIgaGVpZ2h0PSIxIiB4bWxucz0iaHR0cDovL3d3dy53My5vcmcvMjAwMC9zdmciPjwvc3ZnPg==\" class=\"lazyload\" style=\"--smush-placeholder-width: 400px; --smush-placeholder-aspect-ratio: 400\/515;\" \/>\n\t\t\t\t<p>Znajdowanie punkt\u00f3w skupu (350KB)<\/p>\n\t<a href=\"https:\/\/res-q-jack.com\/wp-content\/uploads\/documents\/phases-of-stabilization-correct-2016.pdf\" target=\"_blank\" rel=\"noopener\" aria-label=\"Go to https:\/\/res-q-jack.com\/wp-content\/uploads\/documents\/phases-of-stabilization-correct-2016.pdf\"><\/a>\n\t\t\t\t<img decoding=\"async\" data-src=\"https:\/\/res-q-jack.com\/wp-content\/uploads\/2020\/01\/Res-Q-Jack-Phases-of-Stabilization.jpg\" alt=\"Res-Q-Jack Fazy stabilizacji\" title=\"Res-Q-Jack Fazy stabilizacji\" itemprop=\"image\" src=\"data:image\/svg+xml;base64,PHN2ZyB3aWR0aD0iMSIgaGVpZ2h0PSIxIiB4bWxucz0iaHR0cDovL3d3dy53My5vcmcvMjAwMC9zdmciPjwvc3ZnPg==\" class=\"lazyload\" style=\"--smush-placeholder-width: 400px; --smush-placeholder-aspect-ratio: 400\/515;\" \/>\n\t\t\t\t<p>Fazy stabilizacji (1.3MB)<\/p>\n\t<a href=\"https:\/\/res-q-jack.com\/wp-content\/uploads\/documents\/roof-resting-stabilization-correct-2016.pdf\" target=\"_blank\" rel=\"noopener\" aria-label=\"Go to https:\/\/res-q-jack.com\/wp-content\/uploads\/documents\/roof-resting-stabilization-correct-2016.pdf\"><\/a>\n\t\t\t\t<img decoding=\"async\" data-src=\"https:\/\/res-q-jack.com\/wp-content\/uploads\/2020\/01\/Res-Q-Jack-Roof-Resting-Stabilization.jpg\" alt=\"Res-Q-Jack Stabilizacja podp\u00f3r dachowych\" title=\"Res-Q-Jack Stabilizacja podp\u00f3r dachowych\" itemprop=\"image\" src=\"data:image\/svg+xml;base64,PHN2ZyB3aWR0aD0iMSIgaGVpZ2h0PSIxIiB4bWxucz0iaHR0cDovL3d3dy53My5vcmcvMjAwMC9zdmciPjwvc3ZnPg==\" class=\"lazyload\" style=\"--smush-placeholder-width: 400px; --smush-placeholder-aspect-ratio: 400\/515;\" \/>\n\t\t\t\t<p>Stabilizacja dachu (1.6MB)<\/p>\n\t<a href=\"https:\/\/res-q-jack.com\/wp-content\/uploads\/documents\/2-point-stabilization-2016.pdf\" target=\"_blank\" rel=\"noopener\" aria-label=\"Go to https:\/\/res-q-jack.com\/wp-content\/uploads\/documents\/2-point-stabilization-2016.pdf\"><\/a>\n\t\t\t\t<img decoding=\"async\" data-src=\"https:\/\/res-q-jack.com\/wp-content\/uploads\/2020\/01\/Res-Q-Jack-2-Point-Stabilization.jpg\" alt=\"2-punktowa stabilizacja Res-Q-Jack\" title=\"2-punktowa stabilizacja Res-Q-Jack\" itemprop=\"image\" src=\"data:image\/svg+xml;base64,PHN2ZyB3aWR0aD0iMSIgaGVpZ2h0PSIxIiB4bWxucz0iaHR0cDovL3d3dy53My5vcmcvMjAwMC9zdmciPjwvc3ZnPg==\" class=\"lazyload\" style=\"--smush-placeholder-width: 400px; --smush-placeholder-aspect-ratio: 400\/515;\" \/>\n\t\t\t\t<p>Stabilizacja 2-punktowa (2MB)<\/p>\n\t<a href=\"https:\/\/res-q-jack.com\/wp-content\/uploads\/documents\/3-point-stabilization-2016.pdf\" target=\"_blank\" rel=\"noopener\" aria-label=\"Go to https:\/\/res-q-jack.com\/wp-content\/uploads\/documents\/3-point-stabilization-2016.pdf\"><\/a>\n\t\t\t\t<img decoding=\"async\" data-src=\"https:\/\/res-q-jack.com\/wp-content\/uploads\/2020\/01\/Res-Q-Jack-3-Point-Side-Resting-Stabilization.jpg\" alt=\"3-punktowa stabilizacja boczna Res-Q-Jack\" title=\"3-punktowa stabilizacja boczna Res-Q-Jack\" itemprop=\"image\" src=\"data:image\/svg+xml;base64,PHN2ZyB3aWR0aD0iMSIgaGVpZ2h0PSIxIiB4bWxucz0iaHR0cDovL3d3dy53My5vcmcvMjAwMC9zdmciPjwvc3ZnPg==\" class=\"lazyload\" style=\"--smush-placeholder-width: 400px; --smush-placeholder-aspect-ratio: 400\/515;\" \/>\n\t\t\t\t<p>Stabilizacja 3-punktowa (400KB)<\/p>\n\t<a href=\"https:\/\/res-q-jack.com\/wp-content\/uploads\/documents\/4-point-stabilization-2016.pdf\" target=\"_blank\" rel=\"noopener\" aria-label=\"Go to https:\/\/res-q-jack.com\/wp-content\/uploads\/documents\/4-point-stabilization-2016.pdf\"><\/a>\n\t\t\t\t<img decoding=\"async\" data-src=\"https:\/\/res-q-jack.com\/wp-content\/uploads\/2020\/01\/Res-Q-Jack-4-Point-Stabilization.jpg\" alt=\"4-punktowa stabilizacja Res-Q-Jack\" title=\"4-punktowa stabilizacja Res-Q-Jack\" itemprop=\"image\" src=\"data:image\/svg+xml;base64,PHN2ZyB3aWR0aD0iMSIgaGVpZ2h0PSIxIiB4bWxucz0iaHR0cDovL3d3dy53My5vcmcvMjAwMC9zdmciPjwvc3ZnPg==\" class=\"lazyload\" style=\"--smush-placeholder-width: 400px; --smush-placeholder-aspect-ratio: 400\/515;\" \/>\n\t\t\t\t<p>4-punktowa stabilizacja (740KB)<\/p>\n\t<a href=\"https:\/\/res-q-jack.com\/wp-content\/uploads\/documents\/sloped-ground-stabilization-2016.pdf\" target=\"_blank\" rel=\"noopener\" aria-label=\"Go to https:\/\/res-q-jack.com\/wp-content\/uploads\/documents\/sloped-ground-stabilization-2016.pdf\"><\/a>\n\t\t\t\t<img decoding=\"async\" data-src=\"https:\/\/res-q-jack.com\/wp-content\/uploads\/2020\/01\/Res-Q-Jack-Sloped-Ground-Stabilization.jpg\" alt=\"Res-Q-Jack Stabilizacja nachylonego pod\u0142o\u017ca\" title=\"Res-Q-Jack Stabilizacja nachylonego pod\u0142o\u017ca\" itemprop=\"image\" src=\"data:image\/svg+xml;base64,PHN2ZyB3aWR0aD0iMSIgaGVpZ2h0PSIxIiB4bWxucz0iaHR0cDovL3d3dy53My5vcmcvMjAwMC9zdmciPjwvc3ZnPg==\" class=\"lazyload\" style=\"--smush-placeholder-width: 400px; --smush-placeholder-aspect-ratio: 400\/515;\" \/>\n\t\t\t\t<p>Stabilizacja terenu pochy\u0142ego (1.1MB)<\/p>\n\t<a href=\"https:\/\/res-q-jack.com\/wp-content\/uploads\/documents\/t-bone-override-2016.pdf\" target=\"_blank\" rel=\"noopener\" aria-label=\"Go to https:\/\/res-q-jack.com\/wp-content\/uploads\/documents\/2021-22-ResQJack-Training-Presentation-1.pptx\"00><\/a>\n\t\t\t\t<img decoding=\"async\" data-src=\"https:\/\/res-q-jack.com\/wp-content\/uploads\/2020\/01\/Res-Q-Jack-T-Bone-Override.jpg\" alt=\"Res-Q-Jack T-Bone Override\" title=\"Res-Q-Jack T-Bone Override\" itemprop=\"image\" src=\"data:image\/svg+xml;base64,PHN2ZyB3aWR0aD0iMSIgaGVpZ2h0PSIxIiB4bWxucz0iaHR0cDovL3d3dy53My5vcmcvMjAwMC9zdmciPjwvc3ZnPg==\" class=\"lazyload\" style=\"--smush-placeholder-width: 400px; --smush-placeholder-aspect-ratio: 400\/515;\" \/>\n\t\t\t\t<p>T-Bone Override (1.8MB)<\/p>\n\t<a href=\"https:\/\/res-q-jack.com\/wp-content\/uploads\/documents\/darlington-roll-2016.pdf\" target=\"_blank\" rel=\"noopener\" aria-label=\"Go to https:\/\/res-q-jack.com\/wp-content\/uploads\/documents\/2021-22-ResQJack-Training-Presentation-1.pptx\"11><\/a>\n\t\t\t\t<img decoding=\"async\" data-src=\"https:\/\/res-q-jack.com\/wp-content\/uploads\/2020\/01\/Res-Q-Jack-Darlington-Roll.jpg\" alt=\"Res-Q-Jack Darlington Roll\" title=\"Res-Q-Jack Darlington Roll\" itemprop=\"image\" src=\"data:image\/svg+xml;base64,PHN2ZyB3aWR0aD0iMSIgaGVpZ2h0PSIxIiB4bWxucz0iaHR0cDovL3d3dy53My5vcmcvMjAwMC9zdmciPjwvc3ZnPg==\" class=\"lazyload\" style=\"--smush-placeholder-width: 400px; --smush-placeholder-aspect-ratio: 400\/515;\" \/>\n\t\t\t\t<p>Darlington Roll (1MB)<\/p>\n\t<a href=\"https:\/\/res-q-jack.com\/wp-content\/uploads\/documents\/dash-displacement-2-2016.pdf\" target=\"_blank\" rel=\"noopener\" aria-label=\"Go to https:\/\/res-q-jack.com\/wp-content\/uploads\/documents\/2021-22-ResQJack-Training-Presentation-1.pptx\"22><\/a>\n\t\t\t\t<img decoding=\"async\" data-src=\"https:\/\/res-q-jack.com\/wp-content\/uploads\/2020\/01\/Res-Q-Jack-Dash-Displacement.jpg\" alt=\"Res-Q-Jack-Dash Wyporno\u015b\u0107\" title=\"Res-Q-Jack-Dash Wyporno\u015b\u0107\" itemprop=\"image\" src=\"data:image\/svg+xml;base64,PHN2ZyB3aWR0aD0iMSIgaGVpZ2h0PSIxIiB4bWxucz0iaHR0cDovL3d3dy53My5vcmcvMjAwMC9zdmciPjwvc3ZnPg==\" class=\"lazyload\" style=\"--smush-placeholder-width: 400px; --smush-placeholder-aspect-ratio: 400\/515;\" \/>\n\t\t\t\t<p>Przesuni\u0119cie kreski (654KB)<\/p>","protected":false},"excerpt":{"rendered":"<p>Dokumenty szkoleniowe Zesp\u00f3\u0142 Res-Q-Jack ma wieloletnie do\u015bwiadczenie w stra\u017cy po\u017carnej i ratownictwie i u\u017cywa\u0142 naszych produkt\u00f3w w setkach sytuacji. Przez lata opracowali\u015bmy aplikacje, opatentowali\u015bmy techniki i napisali\u015bmy wiele artyku\u0142\u00f3w, aby edukowa\u0107 naszych u\u017cytkownik\u00f3w, aby stali si\u0119 bardziej skuteczni i bezpieczni w wyci\u0105ganiu. Szkolenie PowerPoint PDF (14.9MB) Szkolenie PowerPoint...<\/p>","protected":false},"author":2,"featured_media":1504,"parent":1501,"menu_order":0,"comment_status":"closed","ping_status":"closed","template":"","meta":{"footnotes":""},"class_list":["post-46","page","type-page","status-publish","has-post-thumbnail","hentry"],"yoast_head":"<!-- This site is optimized with the Yoast SEO plugin v27.5 - https:\/\/yoast.com\/product\/yoast-seo-wordpress\/ -->\n<title>Training Documents | Res-Q-Jack, Inc.<\/title>\n<meta name=\"description\" content=\"How-to articles and white papers to educate our users to become more effective, and safer at extrication.\" \/>\n<meta name=\"robots\" content=\"index, follow, max-snippet:-1, max-image-preview:large, max-video-preview:-1\" \/>\n<link rel=\"canonical\" href=\"https:\/\/res-q-jack.com\/pl\/szkolenie\/dokumenty-szkoleniowe\/\" \/>\n<meta property=\"og:locale\" content=\"pl_PL\" \/>\n<meta property=\"og:type\" content=\"article\" \/>\n<meta property=\"og:title\" content=\"Training Documents | Res-Q-Jack, Inc.\" \/>\n<meta property=\"og:description\" content=\"How-to articles and white papers to educate our users to become more effective, and safer at extrication.\" \/>\n<meta property=\"og:url\" content=\"https:\/\/res-q-jack.com\/pl\/szkolenie\/dokumenty-szkoleniowe\/\" \/>\n<meta property=\"og:site_name\" content=\"Res-Q-Jack, Inc.\" \/>\n<meta property=\"article:modified_time\" content=\"2024-01-08T16:05:20+00:00\" \/>\n<meta property=\"og:image\" content=\"https:\/\/res-q-jack.com\/wp-content\/uploads\/2020\/06\/Training-Documents.jpg\" \/>\n\t<meta property=\"og:image:width\" content=\"450\" \/>\n\t<meta property=\"og:image:height\" content=\"300\" \/>\n\t<meta property=\"og:image:type\" content=\"image\/jpeg\" \/>\n<meta name=\"twitter:card\" content=\"summary_large_image\" \/>\n<script type=\"application\/ld+json\" class=\"yoast-schema-graph\">{\"@context\":\"https:\\\/\\\/schema.org\",\"@graph\":[{\"@type\":\"WebPage\",\"@id\":\"https:\\\/\\\/res-q-jack.com\\\/training\\\/training-documents\\\/\",\"url\":\"https:\\\/\\\/res-q-jack.com\\\/training\\\/training-documents\\\/\",\"name\":\"Training Documents | Res-Q-Jack, Inc.\",\"isPartOf\":{\"@id\":\"https:\\\/\\\/res-q-jack.com\\\/#website\"},\"primaryImageOfPage\":{\"@id\":\"https:\\\/\\\/res-q-jack.com\\\/training\\\/training-documents\\\/#primaryimage\"},\"image\":{\"@id\":\"https:\\\/\\\/res-q-jack.com\\\/training\\\/training-documents\\\/#primaryimage\"},\"thumbnailUrl\":\"https:\\\/\\\/res-q-jack.com\\\/wp-content\\\/uploads\\\/2020\\\/06\\\/Training-Documents.jpg\",\"datePublished\":\"2019-12-13T17:40:16+00:00\",\"dateModified\":\"2024-01-08T16:05:20+00:00\",\"description\":\"How-to articles and white papers to educate our users to become more effective, and safer at extrication.\",\"breadcrumb\":{\"@id\":\"https:\\\/\\\/res-q-jack.com\\\/training\\\/training-documents\\\/#breadcrumb\"},\"inLanguage\":\"pl-PL\",\"potentialAction\":[{\"@type\":\"ReadAction\",\"target\":[\"https:\\\/\\\/res-q-jack.com\\\/training\\\/training-documents\\\/\"]}]},{\"@type\":\"ImageObject\",\"inLanguage\":\"pl-PL\",\"@id\":\"https:\\\/\\\/res-q-jack.com\\\/training\\\/training-documents\\\/#primaryimage\",\"url\":\"https:\\\/\\\/res-q-jack.com\\\/wp-content\\\/uploads\\\/2020\\\/06\\\/Training-Documents.jpg\",\"contentUrl\":\"https:\\\/\\\/res-q-jack.com\\\/wp-content\\\/uploads\\\/2020\\\/06\\\/Training-Documents.jpg\",\"width\":450,\"height\":300,\"caption\":\"Res-Q-Jack Training Documents\"},{\"@type\":\"BreadcrumbList\",\"@id\":\"https:\\\/\\\/res-q-jack.com\\\/training\\\/training-documents\\\/#breadcrumb\",\"itemListElement\":[{\"@type\":\"ListItem\",\"position\":1,\"name\":\"Home\",\"item\":\"https:\\\/\\\/res-q-jack.com\\\/\"},{\"@type\":\"ListItem\",\"position\":2,\"name\":\"Training\",\"item\":\"https:\\\/\\\/res-q-jack.com\\\/training\\\/\"},{\"@type\":\"ListItem\",\"position\":3,\"name\":\"Training Documents\"}]},{\"@type\":\"WebSite\",\"@id\":\"https:\\\/\\\/res-q-jack.com\\\/#website\",\"url\":\"https:\\\/\\\/res-q-jack.com\\\/\",\"name\":\"Res-Q-Jack, Inc.\",\"description\":\"Vehicle Stabilization Struts\",\"publisher\":{\"@id\":\"https:\\\/\\\/res-q-jack.com\\\/#organization\"},\"potentialAction\":[{\"@type\":\"SearchAction\",\"target\":{\"@type\":\"EntryPoint\",\"urlTemplate\":\"https:\\\/\\\/res-q-jack.com\\\/?s={search_term_string}\"},\"query-input\":{\"@type\":\"PropertyValueSpecification\",\"valueRequired\":true,\"valueName\":\"search_term_string\"}}],\"inLanguage\":\"pl-PL\"},{\"@type\":\"Organization\",\"@id\":\"https:\\\/\\\/res-q-jack.com\\\/#organization\",\"name\":\"Res-Q-Jack, Inc.\",\"url\":\"https:\\\/\\\/res-q-jack.com\\\/\",\"logo\":{\"@type\":\"ImageObject\",\"inLanguage\":\"pl-PL\",\"@id\":\"https:\\\/\\\/res-q-jack.com\\\/#\\\/schema\\\/logo\\\/image\\\/\",\"url\":\"https:\\\/\\\/res-q-jack.com\\\/wp-content\\\/uploads\\\/2020\\\/03\\\/Res-Q-Jack-SEO-Logo.png\",\"contentUrl\":\"https:\\\/\\\/res-q-jack.com\\\/wp-content\\\/uploads\\\/2020\\\/03\\\/Res-Q-Jack-SEO-Logo.png\",\"width\":612,\"height\":138,\"caption\":\"Res-Q-Jack, Inc.\"},\"image\":{\"@id\":\"https:\\\/\\\/res-q-jack.com\\\/#\\\/schema\\\/logo\\\/image\\\/\"}}]}<\/script>\n<!-- \/ Yoast SEO plugin. -->","yoast_head_json":{"title":"Dokumenty szkoleniowe | Res-Q-Jack, Inc.","description":"Artyku\u0142y i bia\u0142e ksi\u0119gi maj\u0105ce na celu edukacj\u0119 u\u017cytkownik\u00f3w, aby stali si\u0119 bardziej skuteczni i bezpieczniejsi w wyci\u0105ganiu pojazd\u00f3w.","robots":{"index":"index","follow":"follow","max-snippet":"max-snippet:-1","max-image-preview":"max-image-preview:large","max-video-preview":"max-video-preview:-1"},"canonical":"https:\/\/res-q-jack.com\/pl\/szkolenie\/dokumenty-szkoleniowe\/","og_locale":"pl_PL","og_type":"article","og_title":"Training Documents | Res-Q-Jack, Inc.","og_description":"How-to articles and white papers to educate our users to become more effective, and safer at extrication.","og_url":"https:\/\/res-q-jack.com\/pl\/szkolenie\/dokumenty-szkoleniowe\/","og_site_name":"Res-Q-Jack, Inc.","article_modified_time":"2024-01-08T16:05:20+00:00","og_image":[{"width":450,"height":300,"url":"https:\/\/res-q-jack.com\/wp-content\/uploads\/2020\/06\/Training-Documents.jpg","type":"image\/jpeg"}],"twitter_card":"summary_large_image","schema":{"@context":"https:\/\/schema.org","@graph":[{"@type":"WebPage","@id":"https:\/\/res-q-jack.com\/training\/training-documents\/","url":"https:\/\/res-q-jack.com\/training\/training-documents\/","name":"Dokumenty szkoleniowe | Res-Q-Jack, Inc.","isPartOf":{"@id":"https:\/\/res-q-jack.com\/#website"},"primaryImageOfPage":{"@id":"https:\/\/res-q-jack.com\/training\/training-documents\/#primaryimage"},"image":{"@id":"https:\/\/res-q-jack.com\/training\/training-documents\/#primaryimage"},"thumbnailUrl":"https:\/\/res-q-jack.com\/wp-content\/uploads\/2020\/06\/Training-Documents.jpg","datePublished":"2019-12-13T17:40:16+00:00","dateModified":"2024-01-08T16:05:20+00:00","description":"Artyku\u0142y i bia\u0142e ksi\u0119gi maj\u0105ce na celu edukacj\u0119 u\u017cytkownik\u00f3w, aby stali si\u0119 bardziej skuteczni i bezpieczniejsi w wyci\u0105ganiu pojazd\u00f3w.","breadcrumb":{"@id":"https:\/\/res-q-jack.com\/training\/training-documents\/#breadcrumb"},"inLanguage":"pl-PL","potentialAction":[{"@type":"ReadAction","target":["https:\/\/res-q-jack.com\/training\/training-documents\/"]}]},{"@type":"ImageObject","inLanguage":"pl-PL","@id":"https:\/\/res-q-jack.com\/training\/training-documents\/#primaryimage","url":"https:\/\/res-q-jack.com\/wp-content\/uploads\/2020\/06\/Training-Documents.jpg","contentUrl":"https:\/\/res-q-jack.com\/wp-content\/uploads\/2020\/06\/Training-Documents.jpg","width":450,"height":300,"caption":"Res-Q-Jack Training Documents"},{"@type":"BreadcrumbList","@id":"https:\/\/res-q-jack.com\/training\/training-documents\/#breadcrumb","itemListElement":[{"@type":"ListItem","position":1,"name":"Home","item":"https:\/\/res-q-jack.com\/"},{"@type":"ListItem","position":2,"name":"Training","item":"https:\/\/res-q-jack.com\/training\/"},{"@type":"ListItem","position":3,"name":"Training Documents"}]},{"@type":"WebSite","@id":"https:\/\/res-q-jack.com\/#website","url":"https:\/\/res-q-jack.com\/","name":"Res-Q-Jack, Inc.","description":"Stabilizatory pojazdu","publisher":{"@id":"https:\/\/res-q-jack.com\/#organization"},"potentialAction":[{"@type":"SearchAction","target":{"@type":"EntryPoint","urlTemplate":"https:\/\/res-q-jack.com\/?s={search_term_string}"},"query-input":{"@type":"PropertyValueSpecification","valueRequired":true,"valueName":"search_term_string"}}],"inLanguage":"pl-PL"},{"@type":"Organization","@id":"https:\/\/res-q-jack.com\/#organization","name":"Res-Q-Jack, Inc.","url":"https:\/\/res-q-jack.com\/","logo":{"@type":"ImageObject","inLanguage":"pl-PL","@id":"https:\/\/res-q-jack.com\/#\/schema\/logo\/image\/","url":"https:\/\/res-q-jack.com\/wp-content\/uploads\/2020\/03\/Res-Q-Jack-SEO-Logo.png","contentUrl":"https:\/\/res-q-jack.com\/wp-content\/uploads\/2020\/03\/Res-Q-Jack-SEO-Logo.png","width":612,"height":138,"caption":"Res-Q-Jack, Inc."},"image":{"@id":"https:\/\/res-q-jack.com\/#\/schema\/logo\/image\/"}}]}},"_links":{"self":[{"href":"https:\/\/res-q-jack.com\/pl\/wp-json\/wp\/v2\/pages\/46","targetHints":{"allow":["GET"]}}],"collection":[{"href":"https:\/\/res-q-jack.com\/pl\/wp-json\/wp\/v2\/pages"}],"about":[{"href":"https:\/\/res-q-jack.com\/pl\/wp-json\/wp\/v2\/types\/page"}],"author":[{"embeddable":true,"href":"https:\/\/res-q-jack.com\/pl\/wp-json\/wp\/v2\/users\/2"}],"replies":[{"embeddable":true,"href":"https:\/\/res-q-jack.com\/pl\/wp-json\/wp\/v2\/comments?post=46"}],"version-history":[{"count":0,"href":"https:\/\/res-q-jack.com\/pl\/wp-json\/wp\/v2\/pages\/46\/revisions"}],"up":[{"embeddable":true,"href":"https:\/\/res-q-jack.com\/pl\/wp-json\/wp\/v2\/pages\/1501"}],"wp:featuredmedia":[{"embeddable":true,"href":"https:\/\/res-q-jack.com\/pl\/wp-json\/wp\/v2\/media\/1504"}],"wp:attachment":[{"href":"https:\/\/res-q-jack.com\/pl\/wp-json\/wp\/v2\/media?parent=46"}],"curies":[{"name":"wp","href":"https:\/\/api.w.org\/{rel}","templated":true}]}}