{"id":42,"date":"2019-12-13T12:39:51","date_gmt":"2019-12-13T17:39:51","guid":{"rendered":"https:\/\/resqjack.wpengine.com\/?page_id=42"},"modified":"2026-05-11T14:50:33","modified_gmt":"2026-05-11T19:50:33","slug":"listwy","status":"publish","type":"page","link":"https:\/\/res-q-jack.com\/pl\/struts\/","title":{"rendered":"Rozp\u00f3rki ratunkowe"},"content":{"rendered":"<h1>Stabilizacja, Obudowa<br \/>&amp; Podno\u015bniki<\/h1>\t\t\t\n\t\t\t\t<p>Rozp\u00f3rki Res-Q-Jack powsta\u0142y w wyniku wieloletnich do\u015bwiadcze\u0144 w stra\u017cy po\u017carnej i ratownictwie.  Wci\u0105\u017c udoskonalamy i poprawiamy nasze podno\u015bniki ratownicze w oparciu o opinie z terenu.  Projektujemy, budujemy i testujemy wszystkie nasze rozp\u00f3rki w USA z materia\u0142\u00f3w wysokiej jako\u015bci, aby da\u0107 Ci przyjazne dla u\u017cytkownika, bezpieczne i skuteczne narz\u0119dzia ratownicze.<\/p>\n\t\t\t\t<img decoding=\"async\" data-src=\"https:\/\/res-q-jack.com\/wp-content\/uploads\/2026\/04\/Super-X-Long-w-Ratchet-Hooked-on-Top.png\" alt=\"Super X Long w Ratchet Hooked on Top\" title=\"Super X Long w Ratchet Hooked on Top\" itemprop=\"image\" src=\"data:image\/svg+xml;base64,PHN2ZyB3aWR0aD0iMSIgaGVpZ2h0PSIxIiB4bWxucz0iaHR0cDovL3d3dy53My5vcmcvMjAwMC9zdmciPjwvc3ZnPg==\" class=\"lazyload\" style=\"--smush-placeholder-width: 1700px; --smush-placeholder-aspect-ratio: 1700\/8300;\" \/>\n\t\t\t<h5><img decoding=\"async\" data-src=\"https:\/\/res-q-jack.com\/wp-content\/uploads\/2020\/05\/Pin-Free-Stabilization-Struts-95x18-1.png\" src=\"data:image\/svg+xml;base64,PHN2ZyB3aWR0aD0iMSIgaGVpZ2h0PSIxIiB4bWxucz0iaHR0cDovL3d3dy53My5vcmcvMjAwMC9zdmciPjwvc3ZnPg==\" class=\"lazyload\" style=\"--smush-placeholder-width: 95px; --smush-placeholder-aspect-ratio: 95\/18;\" \/><\/h5><h3>Seria Super X-Strut<\/h3>\t\t\t\n\t\t\t\t<p>Super X to nasza najbardziej wytrzyma\u0142a linia rozp\u00f3rek, przeznaczona do ratownictwa z wykorzystaniem ci\u0119\u017ckich pojazd\u00f3w, obud\u00f3w strukturalnych i ratownictwa technicznego.\u00a0<\/p>\n<p><strong>Dopuszczalne obci\u0105\u017cenie robocze: 19 300 funt\u00f3w (wsp\u00f3\u0142czynnik bezpiecze\u0144stwa 2:1)<\/strong><\/p>\n\t\t\t<a href=\"https:\/\/res-q-jack.com\/pl\/listwy\/podluznice-stabilizujace-pojazd\/sciagacze-stabilizujace-do-ciezkich-pojazdow\/super-x-strut\/\" title=\"Zobacz szczeg\u00f3\u0142y\" target=\"_self\"   role=\"button\" aria-label=\"Zobacz szczeg\u00f3\u0142y\">\n\t\t\t\t\t\t\t\t\t\t\tZobacz szczeg\u00f3\u0142y\n\t\t<\/a>\n\t\t\t\t<img decoding=\"async\" data-src=\"https:\/\/res-q-jack.com\/wp-content\/uploads\/2026\/04\/Apex-Long-Strut-scaled.png\" alt=\"Apex Long Strut\" title=\"Apex Long Strut\" itemprop=\"image\" src=\"data:image\/svg+xml;base64,PHN2ZyB3aWR0aD0iMSIgaGVpZ2h0PSIxIiB4bWxucz0iaHR0cDovL3d3dy53My5vcmcvMjAwMC9zdmciPjwvc3ZnPg==\" class=\"lazyload\" style=\"--smush-placeholder-width: 604px; --smush-placeholder-aspect-ratio: 604\/2560;\" \/>\n\t\t\t<h5><img decoding=\"async\" data-src=\"https:\/\/res-q-jack.com\/wp-content\/uploads\/2020\/05\/Pin-Free-Stabilization-Struts-95x18-1.png\" src=\"data:image\/svg+xml;base64,PHN2ZyB3aWR0aD0iMSIgaGVpZ2h0PSIxIiB4bWxucz0iaHR0cDovL3d3dy53My5vcmcvMjAwMC9zdmciPjwvc3ZnPg==\" class=\"lazyload\" style=\"--smush-placeholder-width: 95px; --smush-placeholder-aspect-ratio: 95\/18;\" \/><\/h5><h3>Seria Apex X-Strut<\/h3>\t\t\t\n\t\t\t\t<p>Apex to nasza najnowsza linia rozp\u00f3rek bez zawleczki o du\u017cej wytrzyma\u0142o\u015bci, zaprojektowana z my\u015bl\u0105 o wi\u0119kszo\u015bci scenariuszy ratowania pojazd\u00f3w.\u00a0\u00a0<\/p>\n<p><strong>Dopuszczalne obci\u0105\u017cenie robocze: do 12 500 funt\u00f3w (wsp\u00f3\u0142czynnik bezpiecze\u0144stwa 2:1)<\/strong><\/p>\n\t\t\t<a href=\"https:\/\/res-q-jack.com\/pl\/listwy\/podluznice-stabilizujace-pojazd\/sciagacze-stabilizujace-do-ciezkich-pojazdow\/apex-x-strut\/\" title=\"Zobacz szczeg\u00f3\u0142y\" target=\"_self\"   role=\"button\" aria-label=\"Zobacz szczeg\u00f3\u0142y\">\n\t\t\t\t\t\t\t\t\t\t\tZobacz szczeg\u00f3\u0142y\n\t\t<\/a>\n\t\t\t\t<img decoding=\"async\" data-src=\"https:\/\/res-q-jack.com\/wp-content\/uploads\/2026\/04\/Aluminum-Phoenix-Long-Strut-scaled-e1776176683990.png\" alt=\"Aluminum Phoenix Long Strut\" title=\"Aluminum Phoenix Long Strut\" itemprop=\"image\" src=\"data:image\/svg+xml;base64,PHN2ZyB3aWR0aD0iMSIgaGVpZ2h0PSIxIiB4bWxucz0iaHR0cDovL3d3dy53My5vcmcvMjAwMC9zdmciPjwvc3ZnPg==\" class=\"lazyload\" style=\"--smush-placeholder-width: 576px; --smush-placeholder-aspect-ratio: 576\/2415;\" \/>\n\t\t\t<h3>Aluminum X-Strut Series<\/h3>\t\t\t\n\t\t\t\t<p>Aluminiowa rozp\u00f3rka X-Strut to nasza najbardziej wytrzyma\u0142a rozp\u00f3rka z bolcem, zaprojektowana do ci\u0119\u017ckich pojazd\u00f3w ratowniczych i innych zastosowa\u0144.<\/p>\n<p><strong>Dopuszczalne obci\u0105\u017cenie robocze: 10 000 funt\u00f3w (wsp\u00f3\u0142czynnik bezpiecze\u0144stwa 2:1)<\/strong><\/p>\n\t\t\t<a href=\"https:\/\/res-q-jack.com\/pl\/listwy\/podluznice-stabilizujace-pojazd\/sciagacze-stabilizujace-do-ciezkich-pojazdow\/aluminium-x-strut\/\" title=\"Zobacz szczeg\u00f3\u0142y\" target=\"_self\"   role=\"button\" aria-label=\"Zobacz szczeg\u00f3\u0142y\">\n\t\t\t\t\t\t\t\t\t\t\tZobacz szczeg\u00f3\u0142y\n\t\t<\/a>\n\t\t\t\t<img decoding=\"async\" data-src=\"https:\/\/res-q-jack.com\/wp-content\/uploads\/2026\/04\/Steel-X-Long-Strut-scaled.png\" alt=\"Steel X Long Strut\" title=\"Steel X Long Strut\" itemprop=\"image\" src=\"data:image\/svg+xml;base64,PHN2ZyB3aWR0aD0iMSIgaGVpZ2h0PSIxIiB4bWxucz0iaHR0cDovL3d3dy53My5vcmcvMjAwMC9zdmciPjwvc3ZnPg==\" class=\"lazyload\" style=\"--smush-placeholder-width: 569px; --smush-placeholder-aspect-ratio: 569\/2560;\" \/>\n\t\t\t<h3>Steel X-Strut Series Struts<\/h3>\t\t\t\n\t\t\t\t<p>Seria Steel X-Strut to nasza oryginalna linia X-Strut zaprojektowana do typowych zastosowa\u0144 w ratownictwie pojazdowym.<\/p>\n<p><strong>Dopuszczalne obci\u0105\u017cenie robocze: 4 000 funt\u00f3w (wsp\u00f3\u0142czynnik bezpiecze\u0144stwa 2:1)<\/strong><\/p>\n\t\t\t<a href=\"https:\/\/res-q-jack.com\/pl\/listwy\/podluznice-stabilizujace-pojazd\/sciagacze-stabilizujace-pojazd\/steel-x-strut\/\" title=\"Zobacz szczeg\u00f3\u0142y\" target=\"_self\"   role=\"button\" aria-label=\"Zobacz szczeg\u00f3\u0142y\">\n\t\t\t\t\t\t\t\t\t\t\tZobacz szczeg\u00f3\u0142y\n\t\t<\/a>\n\t\t\t\t<img decoding=\"async\" data-src=\"https:\/\/res-q-jack.com\/wp-content\/uploads\/2026\/04\/Auto-X-Long-Strut-scaled.png\" alt=\"Auto X Long Strut\" title=\"Auto X Long Strut\" itemprop=\"image\" src=\"data:image\/svg+xml;base64,PHN2ZyB3aWR0aD0iMSIgaGVpZ2h0PSIxIiB4bWxucz0iaHR0cDovL3d3dy53My5vcmcvMjAwMC9zdmciPjwvc3ZnPg==\" class=\"lazyload\" style=\"--smush-placeholder-width: 602px; --smush-placeholder-aspect-ratio: 602\/2560;\" \/>\n\t\t\t<h5><img decoding=\"async\" data-src=\"https:\/\/res-q-jack.com\/wp-content\/uploads\/2020\/05\/Pin-Free-Stabilization-Struts-95x18-1.png\" src=\"data:image\/svg+xml;base64,PHN2ZyB3aWR0aD0iMSIgaGVpZ2h0PSIxIiB4bWxucz0iaHR0cDovL3d3dy53My5vcmcvMjAwMC9zdmciPjwvc3ZnPg==\" class=\"lazyload\" style=\"--smush-placeholder-width: 95px; --smush-placeholder-aspect-ratio: 95\/18;\" \/><\/h5><h3>Seria Auto X-Strut<\/h3>\t\t\t\n\t\t\t\t<p>Auto X jest naszym lekkim, bezspinkowym rozpornikiem do b\u0142yskawicznej stabilizacji i podnoszenia typowych ma\u0142ych pojazd\u00f3w.<\/p>\n<p><strong>Dopuszczalne obci\u0105\u017cenie robocze: 3 250 funt\u00f3w (wsp\u00f3\u0142czynnik bezpiecze\u0144stwa 2:1)<\/strong><\/p>\n\t\t\t<a href=\"https:\/\/res-q-jack.com\/pl\/listwy\/podluznice-stabilizujace-pojazd\/sciagacze-stabilizujace-do-pojazdow-lekkich\/auto-x-strut\/\" title=\"Zobacz szczeg\u00f3\u0142y\" target=\"_self\"   role=\"button\" aria-label=\"Zobacz szczeg\u00f3\u0142y\">\n\t\t\t\t\t\t\t\t\t\t\tZobacz szczeg\u00f3\u0142y\n\t\t<\/a>\n\t\t\t\t<img decoding=\"async\" data-src=\"https:\/\/res-q-jack.com\/wp-content\/uploads\/2026\/04\/Green-X-Long-Strut-71x300.png\" alt=\"Green X Long Strut\" title=\"Green X Long Strut\" itemprop=\"image\" src=\"data:image\/svg+xml;base64,PHN2ZyB3aWR0aD0iMSIgaGVpZ2h0PSIxIiB4bWxucz0iaHR0cDovL3d3dy53My5vcmcvMjAwMC9zdmciPjwvc3ZnPg==\" class=\"lazyload\" style=\"--smush-placeholder-width: 71px; --smush-placeholder-aspect-ratio: 71\/300;\" \/>\n\t\t\t<h3>GreenLite\u2122 X-Strut Series<\/h3>\t\t\t\n\t\t\t\t<p>Seria GreenLite to nasza najbardziej przyst\u0119pna cenowo linia X-Strut, zaprojektowana z my\u015bl\u0105 o szybkiej stabilizacji z mo\u017cliwo\u015bci\u0105 podnoszenia w razie potrzeby.<\/p>\n<p><strong>Dopuszczalne obci\u0105\u017cenie robocze: 2500 funt\u00f3w (wsp\u00f3\u0142czynnik bezpiecze\u0144stwa 2:1)<\/strong><\/p>\n\t\t\t<a href=\"https:\/\/res-q-jack.com\/pl\/listwy\/podluznice-stabilizujace-pojazd\/sciagacze-stabilizujace-do-pojazdow-lekkich\/greenlite-x-strut\/\" title=\"Zobacz szczeg\u00f3\u0142y\" target=\"_self\"   role=\"button\" aria-label=\"Zobacz szczeg\u00f3\u0142y\">\n\t\t\t\t\t\t\t\t\t\t\tZobacz szczeg\u00f3\u0142y\n\t\t<\/a>\n\t\t\t\t<img decoding=\"async\" data-src=\"https:\/\/res-q-jack.com\/wp-content\/uploads\/2020\/01\/RJ3-Jack-Stand.png\" alt=\"RJ3 Jack Stand\" title=\"RJ3 Jack Stand\" itemprop=\"image\" src=\"data:image\/svg+xml;base64,PHN2ZyB3aWR0aD0iMSIgaGVpZ2h0PSIxIiB4bWxucz0iaHR0cDovL3d3dy53My5vcmcvMjAwMC9zdmciPjwvc3ZnPg==\" class=\"lazyload\" style=\"--smush-placeholder-width: 664px; --smush-placeholder-aspect-ratio: 664\/1500;\" \/>\n\t\t\t<h3>Podk\u0142adki serii RJ3<\/h3>\t\t\t\n\t\t\t\t<p>Seria RJ3 to oryginalna linia stalowych rozp\u00f3rek stabilizuj\u0105cych przeznaczonych do typowych akcji ratunkowych z u\u017cyciem pojazd\u00f3w.<\/p>\n<p><strong>Dopuszczalne obci\u0105\u017cenie robocze: 4 000 funt\u00f3w (wsp\u00f3\u0142czynnik bezpiecze\u0144stwa 2:1)<\/strong><\/p>\n\t\t\t<a href=\"https:\/\/res-q-jack.com\/pl\/listwy\/podluznice-stabilizujace-pojazd\/sciagacze-stabilizujace-pojazd\/rj3-jkst-jackstand\/\" title=\"Zobacz szczeg\u00f3\u0142y\" target=\"_self\"   role=\"button\" aria-label=\"Zobacz szczeg\u00f3\u0142y\">\n\t\t\t\t\t\t\t\t\t\t\tZobacz szczeg\u00f3\u0142y\n\t\t<\/a>\n\t\t\t\t<img decoding=\"async\" data-src=\"https:\/\/res-q-jack.com\/wp-content\/uploads\/2026\/04\/Trench-Large.png\" alt=\"Trench Large\" title=\"Trench Large\" itemprop=\"image\" src=\"data:image\/svg+xml;base64,PHN2ZyB3aWR0aD0iMSIgaGVpZ2h0PSIxIiB4bWxucz0iaHR0cDovL3d3dy53My5vcmcvMjAwMC9zdmciPjwvc3ZnPg==\" class=\"lazyload\" style=\"--smush-placeholder-width: 300px; --smush-placeholder-aspect-ratio: 300\/2000;\" \/>\n\t\t\t<h3>Trench Shore Series<\/h3>\t\t\t\n\t\t\t\t<p>The Super X-Strut series is our new line of trench shoring safety struts.<\/p>\n<p><strong>Working Load Limit: 10,400 lbs &#8211; 38,400 lbs (2:1 Safety Factor).<\/strong><\/p>\n\t\t\t<a href=\"https:\/\/res-q-jack.com\/pl\/listwy\/rozpory-do-rowow\/\" title=\"Zobacz szczeg\u00f3\u0142y\" target=\"_self\"   role=\"button\" aria-label=\"Zobacz szczeg\u00f3\u0142y\">\n\t\t\t\t\t\t\t\t\t\t\tZobacz szczeg\u00f3\u0142y\n\t\t<\/a>","protected":false},"excerpt":{"rendered":"<p>Stabilizacje, obudowy i podno\u015bniki Podno\u015bniki Res-Q-Jack narodzi\u0142y si\u0119 z lat do\u015bwiadcze\u0144 w stra\u017cy po\u017carnej i ratownictwie.  Wci\u0105\u017c udoskonalamy i poprawiamy nasze podno\u015bniki ratownicze w oparciu o opinie z terenu.  Projektujemy, budujemy i testujemy wszystkie nasze rozp\u00f3rki w USA z materia\u0142\u00f3w wysokiej jako\u015bci, aby zapewni\u0107 Ci przyjazne dla u\u017cytkownika, bezpieczne i skuteczne...<\/p>","protected":false},"author":2,"featured_media":745,"parent":0,"menu_order":0,"comment_status":"closed","ping_status":"closed","template":"","meta":{"footnotes":""},"class_list":["post-42","page","type-page","status-publish","has-post-thumbnail","hentry"],"yoast_head":"<!-- This site is optimized with the Yoast SEO plugin v27.5 - https:\/\/yoast.com\/product\/yoast-seo-wordpress\/ -->\n<title>Rescue Struts | Res-Q-Jack, Inc.<\/title>\n<meta name=\"description\" content=\"Res-Q-Jack rescue struts include pinned and pin-free options for Fire and Rescue squads. Our rescue struts are designed, built and tested in the USA.\" \/>\n<meta name=\"robots\" content=\"index, follow, max-snippet:-1, max-image-preview:large, max-video-preview:-1\" \/>\n<link rel=\"canonical\" href=\"https:\/\/res-q-jack.com\/pl\/listwy\/\" \/>\n<meta property=\"og:locale\" content=\"pl_PL\" \/>\n<meta property=\"og:type\" content=\"article\" \/>\n<meta property=\"og:title\" content=\"Rescue Struts | Res-Q-Jack, Inc.\" \/>\n<meta property=\"og:description\" content=\"Res-Q-Jack rescue struts include pinned and pin-free options for Fire and Rescue squads. Our rescue struts are designed, built and tested in the USA.\" \/>\n<meta property=\"og:url\" content=\"https:\/\/res-q-jack.com\/pl\/listwy\/\" \/>\n<meta property=\"og:site_name\" content=\"Res-Q-Jack, Inc.\" \/>\n<meta property=\"article:modified_time\" content=\"2026-05-11T19:50:33+00:00\" \/>\n<meta property=\"og:image\" content=\"https:\/\/res-q-jack.com\/wp-content\/uploads\/2020\/02\/APEX-X-Strut-Heavy-Duty-Vehicle-Lifting-Strut-1.jpg\" \/>\n\t<meta property=\"og:image:width\" content=\"900\" \/>\n\t<meta property=\"og:image:height\" content=\"600\" \/>\n\t<meta property=\"og:image:type\" content=\"image\/jpeg\" \/>\n<meta name=\"twitter:card\" content=\"summary_large_image\" \/>\n<meta name=\"twitter:label1\" content=\"Szacowany czas czytania\" \/>\n\t<meta name=\"twitter:data1\" content=\"4 minuty\" \/>\n<script type=\"application\/ld+json\" class=\"yoast-schema-graph\">{\"@context\":\"https:\\\/\\\/schema.org\",\"@graph\":[{\"@type\":\"WebPage\",\"@id\":\"https:\\\/\\\/res-q-jack.com\\\/struts\\\/\",\"url\":\"https:\\\/\\\/res-q-jack.com\\\/struts\\\/\",\"name\":\"Rescue Struts | Res-Q-Jack, Inc.\",\"isPartOf\":{\"@id\":\"https:\\\/\\\/res-q-jack.com\\\/#website\"},\"primaryImageOfPage\":{\"@id\":\"https:\\\/\\\/res-q-jack.com\\\/struts\\\/#primaryimage\"},\"image\":{\"@id\":\"https:\\\/\\\/res-q-jack.com\\\/struts\\\/#primaryimage\"},\"thumbnailUrl\":\"https:\\\/\\\/res-q-jack.com\\\/wp-content\\\/uploads\\\/2020\\\/02\\\/APEX-X-Strut-Heavy-Duty-Vehicle-Lifting-Strut-1.jpg\",\"datePublished\":\"2019-12-13T17:39:51+00:00\",\"dateModified\":\"2026-05-11T19:50:33+00:00\",\"description\":\"Res-Q-Jack rescue struts include pinned and pin-free options for Fire and Rescue squads. Our rescue struts are designed, built and tested in the USA.\",\"breadcrumb\":{\"@id\":\"https:\\\/\\\/res-q-jack.com\\\/struts\\\/#breadcrumb\"},\"inLanguage\":\"pl-PL\",\"potentialAction\":[{\"@type\":\"ReadAction\",\"target\":[\"https:\\\/\\\/res-q-jack.com\\\/struts\\\/\"]}]},{\"@type\":\"ImageObject\",\"inLanguage\":\"pl-PL\",\"@id\":\"https:\\\/\\\/res-q-jack.com\\\/struts\\\/#primaryimage\",\"url\":\"https:\\\/\\\/res-q-jack.com\\\/wp-content\\\/uploads\\\/2020\\\/02\\\/APEX-X-Strut-Heavy-Duty-Vehicle-Lifting-Strut-1.jpg\",\"contentUrl\":\"https:\\\/\\\/res-q-jack.com\\\/wp-content\\\/uploads\\\/2020\\\/02\\\/APEX-X-Strut-Heavy-Duty-Vehicle-Lifting-Strut-1.jpg\",\"width\":900,\"height\":600,\"caption\":\"APEX X-Strut Heavy-Duty Vehicle Lifting Strut 1\"},{\"@type\":\"BreadcrumbList\",\"@id\":\"https:\\\/\\\/res-q-jack.com\\\/struts\\\/#breadcrumb\",\"itemListElement\":[{\"@type\":\"ListItem\",\"position\":1,\"name\":\"Home\",\"item\":\"https:\\\/\\\/res-q-jack.com\\\/\"},{\"@type\":\"ListItem\",\"position\":2,\"name\":\"Rescue Struts\"}]},{\"@type\":\"WebSite\",\"@id\":\"https:\\\/\\\/res-q-jack.com\\\/#website\",\"url\":\"https:\\\/\\\/res-q-jack.com\\\/\",\"name\":\"Res-Q-Jack, Inc.\",\"description\":\"Vehicle Stabilization Struts\",\"publisher\":{\"@id\":\"https:\\\/\\\/res-q-jack.com\\\/#organization\"},\"potentialAction\":[{\"@type\":\"SearchAction\",\"target\":{\"@type\":\"EntryPoint\",\"urlTemplate\":\"https:\\\/\\\/res-q-jack.com\\\/?s={search_term_string}\"},\"query-input\":{\"@type\":\"PropertyValueSpecification\",\"valueRequired\":true,\"valueName\":\"search_term_string\"}}],\"inLanguage\":\"pl-PL\"},{\"@type\":\"Organization\",\"@id\":\"https:\\\/\\\/res-q-jack.com\\\/#organization\",\"name\":\"Res-Q-Jack, Inc.\",\"url\":\"https:\\\/\\\/res-q-jack.com\\\/\",\"logo\":{\"@type\":\"ImageObject\",\"inLanguage\":\"pl-PL\",\"@id\":\"https:\\\/\\\/res-q-jack.com\\\/#\\\/schema\\\/logo\\\/image\\\/\",\"url\":\"https:\\\/\\\/res-q-jack.com\\\/wp-content\\\/uploads\\\/2020\\\/03\\\/Res-Q-Jack-SEO-Logo.png\",\"contentUrl\":\"https:\\\/\\\/res-q-jack.com\\\/wp-content\\\/uploads\\\/2020\\\/03\\\/Res-Q-Jack-SEO-Logo.png\",\"width\":612,\"height\":138,\"caption\":\"Res-Q-Jack, Inc.\"},\"image\":{\"@id\":\"https:\\\/\\\/res-q-jack.com\\\/#\\\/schema\\\/logo\\\/image\\\/\"}}]}<\/script>\n<!-- \/ Yoast SEO plugin. -->","yoast_head_json":{"title":"Rescue Struts | Res-Q-Jack, Inc.","description":"Rozp\u00f3rki ratownicze Res-Q-Jack obejmuj\u0105 opcje z ko\u0142kami i bez ko\u0142k\u00f3w dla jednostek stra\u017cy po\u017carnej i ratownictwa. Nasze rozp\u00f3rki ratownicze s\u0105 projektowane, budowane i testowane w USA.","robots":{"index":"index","follow":"follow","max-snippet":"max-snippet:-1","max-image-preview":"max-image-preview:large","max-video-preview":"max-video-preview:-1"},"canonical":"https:\/\/res-q-jack.com\/pl\/listwy\/","og_locale":"pl_PL","og_type":"article","og_title":"Rescue Struts | Res-Q-Jack, Inc.","og_description":"Res-Q-Jack rescue struts include pinned and pin-free options for Fire and Rescue squads. Our rescue struts are designed, built and tested in the USA.","og_url":"https:\/\/res-q-jack.com\/pl\/listwy\/","og_site_name":"Res-Q-Jack, Inc.","article_modified_time":"2026-05-11T19:50:33+00:00","og_image":[{"width":900,"height":600,"url":"https:\/\/res-q-jack.com\/wp-content\/uploads\/2020\/02\/APEX-X-Strut-Heavy-Duty-Vehicle-Lifting-Strut-1.jpg","type":"image\/jpeg"}],"twitter_card":"summary_large_image","twitter_misc":{"Szacowany czas czytania":"4 minuty"},"schema":{"@context":"https:\/\/schema.org","@graph":[{"@type":"WebPage","@id":"https:\/\/res-q-jack.com\/struts\/","url":"https:\/\/res-q-jack.com\/struts\/","name":"Rescue Struts | Res-Q-Jack, Inc.","isPartOf":{"@id":"https:\/\/res-q-jack.com\/#website"},"primaryImageOfPage":{"@id":"https:\/\/res-q-jack.com\/struts\/#primaryimage"},"image":{"@id":"https:\/\/res-q-jack.com\/struts\/#primaryimage"},"thumbnailUrl":"https:\/\/res-q-jack.com\/wp-content\/uploads\/2020\/02\/APEX-X-Strut-Heavy-Duty-Vehicle-Lifting-Strut-1.jpg","datePublished":"2019-12-13T17:39:51+00:00","dateModified":"2026-05-11T19:50:33+00:00","description":"Rozp\u00f3rki ratownicze Res-Q-Jack obejmuj\u0105 opcje z ko\u0142kami i bez ko\u0142k\u00f3w dla jednostek stra\u017cy po\u017carnej i ratownictwa. Nasze rozp\u00f3rki ratownicze s\u0105 projektowane, budowane i testowane w USA.","breadcrumb":{"@id":"https:\/\/res-q-jack.com\/struts\/#breadcrumb"},"inLanguage":"pl-PL","potentialAction":[{"@type":"ReadAction","target":["https:\/\/res-q-jack.com\/struts\/"]}]},{"@type":"ImageObject","inLanguage":"pl-PL","@id":"https:\/\/res-q-jack.com\/struts\/#primaryimage","url":"https:\/\/res-q-jack.com\/wp-content\/uploads\/2020\/02\/APEX-X-Strut-Heavy-Duty-Vehicle-Lifting-Strut-1.jpg","contentUrl":"https:\/\/res-q-jack.com\/wp-content\/uploads\/2020\/02\/APEX-X-Strut-Heavy-Duty-Vehicle-Lifting-Strut-1.jpg","width":900,"height":600,"caption":"APEX X-Strut Heavy-Duty Vehicle Lifting Strut 1"},{"@type":"BreadcrumbList","@id":"https:\/\/res-q-jack.com\/struts\/#breadcrumb","itemListElement":[{"@type":"ListItem","position":1,"name":"Home","item":"https:\/\/res-q-jack.com\/"},{"@type":"ListItem","position":2,"name":"Rescue Struts"}]},{"@type":"WebSite","@id":"https:\/\/res-q-jack.com\/#website","url":"https:\/\/res-q-jack.com\/","name":"Res-Q-Jack, Inc.","description":"Stabilizatory pojazdu","publisher":{"@id":"https:\/\/res-q-jack.com\/#organization"},"potentialAction":[{"@type":"SearchAction","target":{"@type":"EntryPoint","urlTemplate":"https:\/\/res-q-jack.com\/?s={search_term_string}"},"query-input":{"@type":"PropertyValueSpecification","valueRequired":true,"valueName":"search_term_string"}}],"inLanguage":"pl-PL"},{"@type":"Organization","@id":"https:\/\/res-q-jack.com\/#organization","name":"Res-Q-Jack, Inc.","url":"https:\/\/res-q-jack.com\/","logo":{"@type":"ImageObject","inLanguage":"pl-PL","@id":"https:\/\/res-q-jack.com\/#\/schema\/logo\/image\/","url":"https:\/\/res-q-jack.com\/wp-content\/uploads\/2020\/03\/Res-Q-Jack-SEO-Logo.png","contentUrl":"https:\/\/res-q-jack.com\/wp-content\/uploads\/2020\/03\/Res-Q-Jack-SEO-Logo.png","width":612,"height":138,"caption":"Res-Q-Jack, Inc."},"image":{"@id":"https:\/\/res-q-jack.com\/#\/schema\/logo\/image\/"}}]}},"_links":{"self":[{"href":"https:\/\/res-q-jack.com\/pl\/wp-json\/wp\/v2\/pages\/42","targetHints":{"allow":["GET"]}}],"collection":[{"href":"https:\/\/res-q-jack.com\/pl\/wp-json\/wp\/v2\/pages"}],"about":[{"href":"https:\/\/res-q-jack.com\/pl\/wp-json\/wp\/v2\/types\/page"}],"author":[{"embeddable":true,"href":"https:\/\/res-q-jack.com\/pl\/wp-json\/wp\/v2\/users\/2"}],"replies":[{"embeddable":true,"href":"https:\/\/res-q-jack.com\/pl\/wp-json\/wp\/v2\/comments?post=42"}],"version-history":[{"count":6,"href":"https:\/\/res-q-jack.com\/pl\/wp-json\/wp\/v2\/pages\/42\/revisions"}],"predecessor-version":[{"id":2547,"href":"https:\/\/res-q-jack.com\/pl\/wp-json\/wp\/v2\/pages\/42\/revisions\/2547"}],"wp:featuredmedia":[{"embeddable":true,"href":"https:\/\/res-q-jack.com\/pl\/wp-json\/wp\/v2\/media\/745"}],"wp:attachment":[{"href":"https:\/\/res-q-jack.com\/pl\/wp-json\/wp\/v2\/media?parent=42"}],"curies":[{"name":"wp","href":"https:\/\/api.w.org\/{rel}","templated":true}]}}