{"id":3,"date":"2019-12-13T14:37:13","date_gmt":"2019-12-13T14:37:13","guid":{"rendered":"https:\/\/resqjack.wpengine.com\/?page_id=3"},"modified":"2020-02-19T17:27:48","modified_gmt":"2020-02-19T22:27:48","slug":"polityka-prywatnosci","status":"publish","type":"page","link":"https:\/\/res-q-jack.com\/pl\/privacy-policy\/","title":{"rendered":"Polityka prywatno\u015bci"},"content":{"rendered":"<p><strong>POLITYKA PRYWATNO\u015aCI DLA RES-Q-JACK.COM<\/strong><\/p>\n<strong>WPROWADZENIE<\/strong><br \/>\nTraktujemy powa\u017cnie Twoje prawo do prywatno\u015bci i chcemy, aby\u015b czu\u0142 si\u0119 komfortowo korzystaj\u0105c z naszej strony internetowej. Niniejsza Polityka prywatno\u015bci dotyczy informacji umo\u017cliwiaj\u0105cych identyfikacj\u0119 osoby (zwanych dalej \"Danymi\"), kt\u00f3re mog\u0105 by\u0107 zbierane przez nas na naszej stronie. Niniejsza Polityka nie ma zastosowania do innych podmiot\u00f3w, kt\u00f3rych nie jeste\u015bmy w\u0142a\u015bcicielami lub nie kontrolujemy, ani do os\u00f3b, kt\u00f3re nie s\u0105 naszymi pracownikami, agentami lub nie znajduj\u0105 si\u0119 pod nasz\u0105 kontrol\u0105.\n<strong>1. GROMADZENIE DANYCH<\/strong><br \/>\nNasz proces rejestracji wymaga jedynie podania poprawnego adresu e-mail oraz unikalnego identyfikatora u\u017cytkownika i has\u0142a. Przekazanie nam innych informacji jest dobrowolne. Nale\u017cy pami\u0119ta\u0107, \u017ce nazwa u\u017cytkownika, adres e-mail lub inne informacje podane na tej stronie mog\u0105 zawiera\u0107 prawdziwe imi\u0119 i nazwisko lub inne informacje umo\u017cliwiaj\u0105ce identyfikacj\u0119 u\u017cytkownika, w wyniku czego mog\u0105 pojawi\u0107 si\u0119 na tej stronie. Podobnie jak wiele innych witryn internetowych, mo\u017cemy r\u00f3wnie\u017c automatycznie otrzymywa\u0107 og\u00f3lne informacje zawarte w plikach dziennika serwera, takie jak adres IP i informacje o plikach cookie. Informacje o tym, w jaki spos\u00f3b na tej witrynie mog\u0105 by\u0107 wy\u015bwietlane reklamy (je\u015bli w og\u00f3le), znajduj\u0105 si\u0119 poni\u017cej.\n<strong>2. WYKORZYSTANIE DANYCH<\/strong><br \/>\nMo\u017cemy wykorzystywa\u0107 Dane do dostosowywania i ulepszania do\u015bwiadcze\u0144 u\u017cytkownika na tej stronie. Do\u0142o\u017cymy stara\u0144, aby Dane u\u017cytkownika nie by\u0142y udost\u0119pniane osobom trzecim, chyba \u017ce (i) niniejsze Zasady ochrony prywatno\u015bci stanowi\u0105 inaczej; (ii) uzyskamy zgod\u0119 u\u017cytkownika, np. gdy u\u017cytkownik zdecyduje si\u0119 na udost\u0119pnienie Danych; (iii) us\u0142uga \u015bwiadczona na naszej stronie wymaga interakcji ze stron\u0105 trzeci\u0105 lub jest \u015bwiadczona przez stron\u0119 trzeci\u0105, np. dostawc\u0119 us\u0142ug aplikacyjnych; (iv) w wyniku post\u0119powania prawnego lub egzekwowania prawa; (v) gdy stwierdzimy, \u017ce korzystanie przez u\u017cytkownika z niniejszej witryny narusza niniejsze Zasady, Warunki korzystania z us\u0142ugi, inne wytyczne dotycz\u0105ce u\u017cytkowania lub gdy uznamy to za konieczne w celu ochrony naszych praw i\/lub w\u0142asno\u015bci; (vi) lub (vi) gdy niniejsza witryna zostanie zakupiona przez osob\u0119 trzeci\u0105, kt\u00f3ra b\u0119dzie mog\u0142a korzysta\u0107 z Danych w taki sam spos\u00f3b, jak my, zgodnie z niniejszymi Zasadami. W przypadku, gdy u\u017cytkownik zdecyduje si\u0119 skorzysta\u0107 z \u0142\u0105czy znajduj\u0105cych si\u0119 na naszej stronie w celu odwiedzenia innych stron internetowych, zaleca si\u0119 zapoznanie si\u0119 z polityk\u0105 prywatno\u015bci znajduj\u0105c\u0105 si\u0119 na tych stronach.\n<strong>3. COOKIES<\/strong><br \/>\nPodobnie jak wiele innych witryn internetowych, ustawiamy i wykorzystujemy pliki cookie w celu poprawy komfortu u\u017cytkowania, np. zachowania ustawie\u0144 osobistych. Na naszej stronie internetowej mog\u0105 pojawia\u0107 si\u0119 reklamy, a w takim przypadku mog\u0105 one ustawia\u0107 i uzyskiwa\u0107 dost\u0119p do plik\u00f3w cookie na Twoim komputerze i podlegaj\u0105 polityce prywatno\u015bci stron dostarczaj\u0105cych reklamy. Firmy obs\u0142uguj\u0105ce reklamy nie maj\u0105 jednak dost\u0119pu do naszych plik\u00f3w cookie. Firmy te zazwyczaj u\u017cywaj\u0105 kod\u00f3w nie pozwalaj\u0105cych na identyfikacj\u0119 os\u00f3b lub kod\u00f3w anonimowych w celu uzyskania informacji o wizytach u\u017cytkownika w naszej witrynie.\n<strong>4. DZIECI<\/strong><br \/>\nNie zezwalamy na cz\u0142onkostwo w tej witrynie osobom w wieku 17 lat lub m\u0142odszym. Aby uzyska\u0107 wi\u0119cej informacji, prosimy o kontakt z naszym webmasterem.\n<strong>5. EDYTOWANIE LUB USUWANIE INFORMACJI O KONCIE<\/strong><br \/>\nZapewniamy mo\u017cliwo\u015b\u0107 edycji informacji zawartych w danych konta u\u017cytkownika, kt\u00f3re zosta\u0142y nam przekazane podczas rejestracji, za pomoc\u0105 obszaru konfiguracji strony osobistej. U\u017cytkownik mo\u017ce za\u017c\u0105da\u0107 usuni\u0119cia swojego konta u\u017cytkownika, kontaktuj\u0105c si\u0119 z naszym webmasterem. Tre\u015bci lub inne dane, kt\u00f3re zosta\u0142y nam przekazane, a kt\u00f3re nie s\u0105 zawarte w koncie u\u017cytkownika, takie jak posty, kt\u00f3re mog\u0105 pojawia\u0107 si\u0119 na naszych forach, mog\u0105 pozosta\u0107 na naszej stronie wed\u0142ug naszego uznania, nawet je\u015bli konto u\u017cytkownika zostanie usuni\u0119te.\n<strong>6. ZMIANY W NINIEJSZEJ POLITYCE PRYWATNO\u015aCI<\/strong><br \/>\nOd czasu do czasu mo\u017cemy wprowadza\u0107 zmiany w niniejszej Polityce. Powiadomimy Ci\u0119 o istotnych zmianach w niniejszych Zasadach poprzez umieszczenie widocznego og\u0142oszenia na naszej stronie i\/lub wys\u0142anie wiadomo\u015bci na podany przez Ciebie adres e-mail, kt\u00f3ry znajduje si\u0119 w Twoich ustawieniach u\u017cytkownika.\n<strong>7. BRAK GWARANCJI<\/strong><br \/>\nChocia\u017c w niniejszej Polityce prywatno\u015bci okre\u015blono nasze standardy przechowywania Danych i podejmiemy starania, aby je spe\u0142ni\u0107, nie jeste\u015bmy w stanie ich zagwarantowa\u0107. Mog\u0105 wyst\u0105pi\u0107 czynniki pozostaj\u0105ce poza nasz\u0105 kontrol\u0105, kt\u00f3re mog\u0105 spowodowa\u0107 ujawnienie danych. W zwi\u0105zku z tym zrzekamy si\u0119 wszelkich gwarancji i o\u015bwiadcze\u0144 dotycz\u0105cych zachowania lub nieujawniania Danych.\n<strong>8. DANE KONTAKTOWE<\/strong><br \/>\nW razie jakichkolwiek pyta\u0144 dotycz\u0105cych niniejszych Zasad lub naszej witryny internetowej prosimy o kontakt.\n<p>&nbsp;<\/p>\n\t<h3>\n\t\t\t\tPytania?  Zadzwo\u0144 do nas pod numer 1-800-466-9626\n\t\t\t<\/h3>","protected":false},"excerpt":{"rendered":"<p>POLITYKA PRYWATNO\u015aCI DLA RES-Q-JACK.COM WPROWADZENIE Traktujemy powa\u017cnie Twoje prawo do prywatno\u015bci i chcemy, aby\u015b czu\u0142 si\u0119 komfortowo korzystaj\u0105c z naszej strony internetowej. Niniejsza Polityka Prywatno\u015bci dotyczy informacji umo\u017cliwiaj\u0105cych identyfikacj\u0119 osoby (zwanych dalej \"Danymi\"), kt\u00f3re mog\u0105 by\u0107 zbierane przez nas na naszej stronie. Niniejsza Polityka nie ma zastosowania do innych podmiot\u00f3w, kt\u00f3re robimy...<\/p>","protected":false},"author":1,"featured_media":0,"parent":0,"menu_order":0,"comment_status":"closed","ping_status":"open","template":"","meta":{"footnotes":""},"class_list":["post-3","page","type-page","status-publish","hentry"],"yoast_head":"<!-- This site is optimized with the Yoast SEO plugin v27.2 - https:\/\/yoast.com\/product\/yoast-seo-wordpress\/ -->\n<title>Privacy Policy | Res-Q-Jack, Inc.<\/title>\n<meta name=\"robots\" content=\"index, follow, max-snippet:-1, max-image-preview:large, max-video-preview:-1\" \/>\n<link rel=\"canonical\" href=\"https:\/\/res-q-jack.com\/pl\/polityka-prywatnosci\/\" \/>\n<meta property=\"og:locale\" content=\"pl_PL\" \/>\n<meta property=\"og:type\" content=\"article\" \/>\n<meta property=\"og:title\" content=\"Privacy Policy | Res-Q-Jack, Inc.\" \/>\n<meta property=\"og:description\" content=\"PRIVACY POLICY FOR RES-Q-JACK.COM INTRODUCTION We take your right to privacy seriously and want you to feel comfortable using our web site. This Privacy Policy deals with personally identifiable information (referred to as &#8220;Data&#8221; below) that may be collected by us on our site. This Policy does not apply to other entities that we do&hellip;\" \/>\n<meta property=\"og:url\" content=\"https:\/\/res-q-jack.com\/pl\/polityka-prywatnosci\/\" \/>\n<meta property=\"og:site_name\" content=\"Res-Q-Jack, Inc.\" \/>\n<meta property=\"article:modified_time\" content=\"2020-02-19T22:27:48+00:00\" \/>\n<meta name=\"twitter:card\" content=\"summary_large_image\" \/>\n<meta name=\"twitter:label1\" content=\"Szacowany czas czytania\" \/>\n\t<meta name=\"twitter:data1\" content=\"4 minuty\" \/>\n<script type=\"application\/ld+json\" class=\"yoast-schema-graph\">{\"@context\":\"https:\/\/schema.org\",\"@graph\":[{\"@type\":\"WebPage\",\"@id\":\"https:\/\/res-q-jack.com\/privacy-policy\/\",\"url\":\"https:\/\/res-q-jack.com\/privacy-policy\/\",\"name\":\"Privacy Policy | Res-Q-Jack, Inc.\",\"isPartOf\":{\"@id\":\"https:\/\/res-q-jack.com\/#website\"},\"datePublished\":\"2019-12-13T14:37:13+00:00\",\"dateModified\":\"2020-02-19T22:27:48+00:00\",\"breadcrumb\":{\"@id\":\"https:\/\/res-q-jack.com\/privacy-policy\/#breadcrumb\"},\"inLanguage\":\"pl-PL\",\"potentialAction\":[{\"@type\":\"ReadAction\",\"target\":[\"https:\/\/res-q-jack.com\/privacy-policy\/\"]}]},{\"@type\":\"BreadcrumbList\",\"@id\":\"https:\/\/res-q-jack.com\/privacy-policy\/#breadcrumb\",\"itemListElement\":[{\"@type\":\"ListItem\",\"position\":1,\"name\":\"Home\",\"item\":\"https:\/\/res-q-jack.com\/\"},{\"@type\":\"ListItem\",\"position\":2,\"name\":\"Privacy Policy\"}]},{\"@type\":\"WebSite\",\"@id\":\"https:\/\/res-q-jack.com\/#website\",\"url\":\"https:\/\/res-q-jack.com\/\",\"name\":\"Res-Q-Jack, Inc.\",\"description\":\"Vehicle Stabilization Struts\",\"publisher\":{\"@id\":\"https:\/\/res-q-jack.com\/#organization\"},\"potentialAction\":[{\"@type\":\"SearchAction\",\"target\":{\"@type\":\"EntryPoint\",\"urlTemplate\":\"https:\/\/res-q-jack.com\/?s={search_term_string}\"},\"query-input\":{\"@type\":\"PropertyValueSpecification\",\"valueRequired\":true,\"valueName\":\"search_term_string\"}}],\"inLanguage\":\"pl-PL\"},{\"@type\":\"Organization\",\"@id\":\"https:\/\/res-q-jack.com\/#organization\",\"name\":\"Res-Q-Jack, Inc.\",\"url\":\"https:\/\/res-q-jack.com\/\",\"logo\":{\"@type\":\"ImageObject\",\"inLanguage\":\"pl-PL\",\"@id\":\"https:\/\/res-q-jack.com\/#\/schema\/logo\/image\/\",\"url\":\"https:\/\/res-q-jack.com\/wp-content\/uploads\/2020\/03\/Res-Q-Jack-SEO-Logo.png\",\"contentUrl\":\"https:\/\/res-q-jack.com\/wp-content\/uploads\/2020\/03\/Res-Q-Jack-SEO-Logo.png\",\"width\":612,\"height\":138,\"caption\":\"Res-Q-Jack, Inc.\"},\"image\":{\"@id\":\"https:\/\/res-q-jack.com\/#\/schema\/logo\/image\/\"}}]}<\/script>\n<!-- \/ Yoast SEO plugin. -->","yoast_head_json":{"title":"Polityka prywatno\u015bci | Res-Q-Jack, Inc.","robots":{"index":"index","follow":"follow","max-snippet":"max-snippet:-1","max-image-preview":"max-image-preview:large","max-video-preview":"max-video-preview:-1"},"canonical":"https:\/\/res-q-jack.com\/pl\/polityka-prywatnosci\/","og_locale":"pl_PL","og_type":"article","og_title":"Privacy Policy | Res-Q-Jack, Inc.","og_description":"PRIVACY POLICY FOR RES-Q-JACK.COM INTRODUCTION We take your right to privacy seriously and want you to feel comfortable using our web site. This Privacy Policy deals with personally identifiable information (referred to as &#8220;Data&#8221; below) that may be collected by us on our site. This Policy does not apply to other entities that we do&hellip;","og_url":"https:\/\/res-q-jack.com\/pl\/polityka-prywatnosci\/","og_site_name":"Res-Q-Jack, Inc.","article_modified_time":"2020-02-19T22:27:48+00:00","twitter_card":"summary_large_image","twitter_misc":{"Szacowany czas czytania":"4 minuty"},"schema":{"@context":"https:\/\/schema.org","@graph":[{"@type":"WebPage","@id":"https:\/\/res-q-jack.com\/privacy-policy\/","url":"https:\/\/res-q-jack.com\/privacy-policy\/","name":"Polityka prywatno\u015bci | Res-Q-Jack, Inc.","isPartOf":{"@id":"https:\/\/res-q-jack.com\/#website"},"datePublished":"2019-12-13T14:37:13+00:00","dateModified":"2020-02-19T22:27:48+00:00","breadcrumb":{"@id":"https:\/\/res-q-jack.com\/privacy-policy\/#breadcrumb"},"inLanguage":"pl-PL","potentialAction":[{"@type":"ReadAction","target":["https:\/\/res-q-jack.com\/privacy-policy\/"]}]},{"@type":"BreadcrumbList","@id":"https:\/\/res-q-jack.com\/privacy-policy\/#breadcrumb","itemListElement":[{"@type":"ListItem","position":1,"name":"Home","item":"https:\/\/res-q-jack.com\/"},{"@type":"ListItem","position":2,"name":"Privacy Policy"}]},{"@type":"WebSite","@id":"https:\/\/res-q-jack.com\/#website","url":"https:\/\/res-q-jack.com\/","name":"Res-Q-Jack, Inc.","description":"Stabilizatory pojazdu","publisher":{"@id":"https:\/\/res-q-jack.com\/#organization"},"potentialAction":[{"@type":"SearchAction","target":{"@type":"EntryPoint","urlTemplate":"https:\/\/res-q-jack.com\/?s={search_term_string}"},"query-input":{"@type":"PropertyValueSpecification","valueRequired":true,"valueName":"search_term_string"}}],"inLanguage":"pl-PL"},{"@type":"Organization","@id":"https:\/\/res-q-jack.com\/#organization","name":"Res-Q-Jack, Inc.","url":"https:\/\/res-q-jack.com\/","logo":{"@type":"ImageObject","inLanguage":"pl-PL","@id":"https:\/\/res-q-jack.com\/#\/schema\/logo\/image\/","url":"https:\/\/res-q-jack.com\/wp-content\/uploads\/2020\/03\/Res-Q-Jack-SEO-Logo.png","contentUrl":"https:\/\/res-q-jack.com\/wp-content\/uploads\/2020\/03\/Res-Q-Jack-SEO-Logo.png","width":612,"height":138,"caption":"Res-Q-Jack, Inc."},"image":{"@id":"https:\/\/res-q-jack.com\/#\/schema\/logo\/image\/"}}]}},"_links":{"self":[{"href":"https:\/\/res-q-jack.com\/pl\/wp-json\/wp\/v2\/pages\/3","targetHints":{"allow":["GET"]}}],"collection":[{"href":"https:\/\/res-q-jack.com\/pl\/wp-json\/wp\/v2\/pages"}],"about":[{"href":"https:\/\/res-q-jack.com\/pl\/wp-json\/wp\/v2\/types\/page"}],"author":[{"embeddable":true,"href":"https:\/\/res-q-jack.com\/pl\/wp-json\/wp\/v2\/users\/1"}],"replies":[{"embeddable":true,"href":"https:\/\/res-q-jack.com\/pl\/wp-json\/wp\/v2\/comments?post=3"}],"version-history":[{"count":0,"href":"https:\/\/res-q-jack.com\/pl\/wp-json\/wp\/v2\/pages\/3\/revisions"}],"wp:attachment":[{"href":"https:\/\/res-q-jack.com\/pl\/wp-json\/wp\/v2\/media?parent=3"}],"curies":[{"name":"wp","href":"https:\/\/api.w.org\/{rel}","templated":true}]}}