{"id":197,"date":"2019-12-18T18:33:03","date_gmt":"2019-12-18T23:33:03","guid":{"rendered":"https:\/\/resqjack.wpengine.com\/?page_id=197"},"modified":"2024-02-27T12:33:18","modified_gmt":"2024-02-27T17:33:18","slug":"zlacza-z-koncowka-trzpieniowa","status":"publish","type":"page","link":"https:\/\/res-q-jack.com\/pl\/accessories\/pinned-end-fittings\/","title":{"rendered":"\u0141\u0105czniki z ko\u0144c\u00f3wk\u0105 trzpieniow\u0105"},"content":{"rendered":"<h1>\u0141\u0105czniki z ko\u0144c\u00f3wk\u0105 trzpieniow\u0105<\/h1>\r\n<ul>\r\n<li>\r\n<h3><a href=\"https:\/\/res-q-jack.com\/pl\/akcesoria\/\" target=\"_self\" rel=\"noopener noreferrer\">Dowiedz si\u0119 wi\u0119cej o naszych akcesoriach<\/a><\/h3>\r\n<\/li>\r\n<\/ul>\r\n<p><img decoding=\"async\" title=\"G\u0142owica statywu z ko\u0142kami\" data-src=\"https:\/\/res-q-jack.com\/wp-content\/uploads\/2020\/02\/Pinned-Tripod-Head.jpg\" alt=\"G\u0142owica statywu z ko\u0142kami\" src=\"data:image\/svg+xml;base64,PHN2ZyB3aWR0aD0iMSIgaGVpZ2h0PSIxIiB4bWxucz0iaHR0cDovL3d3dy53My5vcmcvMjAwMC9zdmciPjwvc3ZnPg==\" class=\"lazyload\" style=\"--smush-placeholder-width: 900px; --smush-placeholder-aspect-ratio: 900\/600;\" \/><\/p>\r\n<h5>ALX-TRPD| RJ3-TRPD | GLX-TRPD<\/h5>\r\n<h3>G\u0142owica statywu<\/h3>\r\n<p>Przekszta\u0142\u0107 swoje rozp\u00f3rki uruchamiane sworzniem w statyw do scenariuszy ratownictwa technicznego. Posiada malowan\u0105 proszkowo stalow\u0105 koron\u0119 i rurowe stalowe nogi. Zabezpieczone s\u0105 naszymi hartowanymi stalowymi bolcami z blokad\u0105. G\u0142owice Steel X \/ RJ3 i GreenLite zawieraj\u0105 36\u2033 przed\u0142u\u017cenia, aby osi\u0105gn\u0105\u0107 do 9 st\u00f3p.<\/p>\r\n<p><img decoding=\"async\" title=\"G\u0142owica kwadratowa z trzpieniem\" data-src=\"https:\/\/res-q-jack.com\/wp-content\/uploads\/2020\/02\/Pinned-Square-Head.jpg\" alt=\"G\u0142owica kwadratowa z trzpieniem\" src=\"data:image\/svg+xml;base64,PHN2ZyB3aWR0aD0iMSIgaGVpZ2h0PSIxIiB4bWxucz0iaHR0cDovL3d3dy53My5vcmcvMjAwMC9zdmciPjwvc3ZnPg==\" class=\"lazyload\" style=\"--smush-placeholder-width: 900px; --smush-placeholder-aspect-ratio: 900\/600;\" \/><\/p>\r\n<h5>ALX-SQUR | RJ3-SQUR<\/h5>\r\n<h3>G\u0142owica kwadratowa<\/h3>\r\n<p>Ten \u0142\u0105cznik ko\u0144cowy jest wyposa\u017cony w kwadratow\u0105 p\u0142yt\u0119 do stosowania w sytuacjach konstrukcyjnych, takich jak lekkie podpory na p\u0142askiej powierzchni nad g\u0142ow\u0105. Dost\u0119pne dla serii Aluminum X, Steel X i RJ3.<\/p>\r\n<p><img decoding=\"async\" title=\"P\u0142yta L z trzpieniem\" data-src=\"https:\/\/res-q-jack.com\/wp-content\/uploads\/2020\/02\/Pinned-L-Plate.jpg\" alt=\"P\u0142yta L z trzpieniem\" src=\"data:image\/svg+xml;base64,PHN2ZyB3aWR0aD0iMSIgaGVpZ2h0PSIxIiB4bWxucz0iaHR0cDovL3d3dy53My5vcmcvMjAwMC9zdmciPjwvc3ZnPg==\" class=\"lazyload\" style=\"--smush-placeholder-width: 900px; --smush-placeholder-aspect-ratio: 900\/600;\" \/><\/p>\r\n<h5>ALX-LPLT | RJ3-LPLT<\/h5>\r\n<h3>L-PLate<\/h3>\r\n<p>Ten \u0142\u0105cznik ko\u0144cowy jest przeznaczony do podpierania belek podczas wykonywania lekkich szalunk\u00f3w konstrukcyjnych. Jego kszta\u0142t litery L obejmuje belk\u0119 i posiada otwory po obu stronach do mocowania gwo\u017adziami lub \u015brubami. Dost\u0119pne dla serii Aluminum X, Steel X i RJ3.\u00a0<\/p>\r\n<p><img decoding=\"async\" title=\"G\u0142owica C z trzpieniem\" data-src=\"https:\/\/res-q-jack.com\/wp-content\/uploads\/2020\/02\/Pinned-C-Head.jpg\" alt=\"G\u0142owica C z trzpieniem\" src=\"data:image\/svg+xml;base64,PHN2ZyB3aWR0aD0iMSIgaGVpZ2h0PSIxIiB4bWxucz0iaHR0cDovL3d3dy53My5vcmcvMjAwMC9zdmciPjwvc3ZnPg==\" class=\"lazyload\" style=\"--smush-placeholder-width: 900px; --smush-placeholder-aspect-ratio: 900\/600;\" \/><\/p>\r\n<h5>ALX-CHED | RJ3-CHED<\/h5>\r\n<h3>C-Head<\/h3>\r\n<p>To mocowanie ko\u0144cowe pozwala na zamocowanie szerokich element\u00f3w, takich jak s\u0142upek A, z zapewnieniem pewnego mocowania. Dost\u0119pne dla serii Aluminum X, Steel X i RJ3.<\/p>\r\n<p><img decoding=\"async\" title=\"Podstawa sta\u0142a z trzpieniem\" data-src=\"https:\/\/res-q-jack.com\/wp-content\/uploads\/2020\/02\/Pinned-Fixed-Base.jpg\" alt=\"Podstawa sta\u0142a z trzpieniem\" src=\"data:image\/svg+xml;base64,PHN2ZyB3aWR0aD0iMSIgaGVpZ2h0PSIxIiB4bWxucz0iaHR0cDovL3d3dy53My5vcmcvMjAwMC9zdmciPjwvc3ZnPg==\" class=\"lazyload\" style=\"--smush-placeholder-width: 900px; --smush-placeholder-aspect-ratio: 900\/600;\" \/><\/p>\r\n<h5>RJ3-FBAS<\/h5>\r\n<h3>Podstawa sta\u0142a<\/h3>\r\n<p>Ta sztywna podstawa stoi prosto i jest przydatna w wielu zastosowaniach, np. podno\u015bnik s\u0142u\u017cy jako urz\u0105dzenie do podnoszenia obiekt\u00f3w z niskiego poziomu, do przewracania lub do pracy w ograniczonej przestrzeni. Zgodna tylko z RJ3.<\/p>\r\n<p><img decoding=\"async\" title=\"Podstawa RJ3 z trzpieniem\" data-src=\"https:\/\/res-q-jack.com\/wp-content\/uploads\/2020\/02\/Pinned-RJ3-Base.jpg\" alt=\"Podstawa RJ3 z trzpieniem\" src=\"data:image\/svg+xml;base64,PHN2ZyB3aWR0aD0iMSIgaGVpZ2h0PSIxIiB4bWxucz0iaHR0cDovL3d3dy53My5vcmcvMjAwMC9zdmciPjwvc3ZnPg==\" class=\"lazyload\" style=\"--smush-placeholder-width: 900px; --smush-placeholder-aspect-ratio: 900\/600;\" \/><\/p>\r\n<h5>RJ3-BASE<\/h5>\r\n<h3>Podstawa RJ3<\/h3>\r\n<p>Nasza standardowa p\u0142yta bazowa dla serii RJ3. \u0141\u0105czniki D-Ring s\u0105 przymocowane na sta\u0142e w celu \u0142atwego po\u0142\u0105czenia z podstawowymi urz\u0105dzeniami przytrzymuj\u0105cymi, jak r\u00f3wnie\u017c z pasami klamrowymi CAM dla wygody. Kompatybilna tylko z RJ3.<\/p>\r\n<p><img decoding=\"async\" title=\"Obrotowa g\u0142owica CRG - \u017c\u00f3\u0142ta\" data-src=\"https:\/\/res-q-jack.com\/wp-content\/uploads\/2020\/04\/Swivel-CRG-Head-Yellow.png\" alt=\"Obrotowa g\u0142owica CRG - \u017c\u00f3\u0142ta\" src=\"data:image\/svg+xml;base64,PHN2ZyB3aWR0aD0iMSIgaGVpZ2h0PSIxIiB4bWxucz0iaHR0cDovL3d3dy53My5vcmcvMjAwMC9zdmciPjwvc3ZnPg==\" class=\"lazyload\" style=\"--smush-placeholder-width: 900px; --smush-placeholder-aspect-ratio: 900\/600;\" \/><\/p>\r\n<h5>ALX-SCRG | STX-SCRG | RJ3-SCRG | GLX-SCRG<\/h5>\r\n<h3>Obrotowa g\u0142owica CRG<\/h3>\r\n<p>CRG \u0142\u0105czy w sobie ko\u0144c\u00f3wki Channel, Round Point i Chain Grab w jedn\u0105 rewolucyjn\u0105 g\u0142owic\u0119, dzi\u0119ki czemu nie trzeba zmienia\u0107 g\u0142owic podczas akcji ratunkowej. Obrotowa ko\u0144c\u00f3wka CRG obraca si\u0119 o 360\u00b0, co pozwala \u0142atwo znale\u017a\u0107 punkty zaczepienia pod dowolnym k\u0105tem. Dost\u0119pna tak\u017ce jako sta\u0142a g\u0142owica CRG (tylko stojak RJ3-FCRG -RJ3).<\/p>","protected":false},"excerpt":{"rendered":"<p>Osprz\u0119t do ko\u0144c\u00f3wek szpilkowych Dowiedz si\u0119 wi\u0119cej o naszych akcesoriach G\u0142owica statywu ALX-TRPD| RJ3-TRPD | GLX-TRPD Zmie\u0144 swoje rozp\u00f3rki uruchamiane szpilkami w statyw do scenariuszy ratownictwa technicznego. Posiada malowan\u0105 proszkowo stalow\u0105 koron\u0119 i rurowe stalowe nogi. Zabezpieczona za pomoc\u0105 naszych hartowanych stalowych trzpieni z blokad\u0105. G\u0142owice Steel X \/ RJ3 i GreenLite posiadaj\u0105 przed\u0142u\u017cki o d\u0142ugo\u015bci 36\u2033, dzi\u0119ki czemu mog\u0105 si\u0119ga\u0107...<\/p>","protected":false},"author":2,"featured_media":0,"parent":44,"menu_order":0,"comment_status":"closed","ping_status":"closed","template":"","meta":{"footnotes":""},"class_list":["post-197","page","type-page","status-publish","hentry"],"yoast_head":"<!-- This site is optimized with the Yoast SEO plugin v27.5 - https:\/\/yoast.com\/product\/yoast-seo-wordpress\/ -->\n<title>Pinned End Fittings | Res-Q-Jack, Inc.<\/title>\n<meta name=\"robots\" content=\"index, follow, max-snippet:-1, max-image-preview:large, max-video-preview:-1\" \/>\n<link rel=\"canonical\" href=\"https:\/\/res-q-jack.com\/pl\/akcesoria\/zlacza-z-koncowka-trzpieniowa\/\" \/>\n<meta property=\"og:locale\" content=\"pl_PL\" \/>\n<meta property=\"og:type\" content=\"article\" \/>\n<meta property=\"og:title\" content=\"Pinned End Fittings | Res-Q-Jack, Inc.\" \/>\n<meta property=\"og:description\" content=\"Pinned End Fittings Learn more about our accessories ALX-TRPD| RJ3-TRPD | GLX-TRPD Tripod Head Turn your pin-operated struts into a tripod for technical rescue scenarios. Features powder coated steel crown and tubular steel legs. Secured with our hardened steel tab lock pins. Steel X \/ RJ3 and GreenLite heads include 36&#8243; extensions to reach up&hellip;\" \/>\n<meta property=\"og:url\" content=\"https:\/\/res-q-jack.com\/pl\/akcesoria\/zlacza-z-koncowka-trzpieniowa\/\" \/>\n<meta property=\"og:site_name\" content=\"Res-Q-Jack, Inc.\" \/>\n<meta property=\"article:modified_time\" content=\"2024-02-27T17:33:18+00:00\" \/>\n<meta property=\"og:image\" content=\"https:\/\/res-q-jack.com\/wp-content\/uploads\/2020\/02\/Pinned-Tripod-Head.jpg\" \/>\n<meta name=\"twitter:card\" content=\"summary_large_image\" \/>\n<meta name=\"twitter:label1\" content=\"Szacowany czas czytania\" \/>\n\t<meta name=\"twitter:data1\" content=\"4 minuty\" \/>\n<script type=\"application\/ld+json\" class=\"yoast-schema-graph\">{\"@context\":\"https:\\\/\\\/schema.org\",\"@graph\":[{\"@type\":\"WebPage\",\"@id\":\"https:\\\/\\\/res-q-jack.com\\\/accessories\\\/pinned-end-fittings\\\/\",\"url\":\"https:\\\/\\\/res-q-jack.com\\\/accessories\\\/pinned-end-fittings\\\/\",\"name\":\"Pinned End Fittings | Res-Q-Jack, Inc.\",\"isPartOf\":{\"@id\":\"https:\\\/\\\/res-q-jack.com\\\/#website\"},\"primaryImageOfPage\":{\"@id\":\"https:\\\/\\\/res-q-jack.com\\\/accessories\\\/pinned-end-fittings\\\/#primaryimage\"},\"image\":{\"@id\":\"https:\\\/\\\/res-q-jack.com\\\/accessories\\\/pinned-end-fittings\\\/#primaryimage\"},\"thumbnailUrl\":\"https:\\\/\\\/res-q-jack.com\\\/wp-content\\\/uploads\\\/2020\\\/02\\\/Pinned-Tripod-Head.jpg\",\"datePublished\":\"2019-12-18T23:33:03+00:00\",\"dateModified\":\"2024-02-27T17:33:18+00:00\",\"breadcrumb\":{\"@id\":\"https:\\\/\\\/res-q-jack.com\\\/accessories\\\/pinned-end-fittings\\\/#breadcrumb\"},\"inLanguage\":\"pl-PL\",\"potentialAction\":[{\"@type\":\"ReadAction\",\"target\":[\"https:\\\/\\\/res-q-jack.com\\\/accessories\\\/pinned-end-fittings\\\/\"]}]},{\"@type\":\"ImageObject\",\"inLanguage\":\"pl-PL\",\"@id\":\"https:\\\/\\\/res-q-jack.com\\\/accessories\\\/pinned-end-fittings\\\/#primaryimage\",\"url\":\"https:\\\/\\\/res-q-jack.com\\\/wp-content\\\/uploads\\\/2020\\\/02\\\/Pinned-Tripod-Head.jpg\",\"contentUrl\":\"https:\\\/\\\/res-q-jack.com\\\/wp-content\\\/uploads\\\/2020\\\/02\\\/Pinned-Tripod-Head.jpg\"},{\"@type\":\"BreadcrumbList\",\"@id\":\"https:\\\/\\\/res-q-jack.com\\\/accessories\\\/pinned-end-fittings\\\/#breadcrumb\",\"itemListElement\":[{\"@type\":\"ListItem\",\"position\":1,\"name\":\"Home\",\"item\":\"https:\\\/\\\/res-q-jack.com\\\/\"},{\"@type\":\"ListItem\",\"position\":2,\"name\":\"Accessories\",\"item\":\"https:\\\/\\\/res-q-jack.com\\\/accessories\\\/\"},{\"@type\":\"ListItem\",\"position\":3,\"name\":\"Pinned End Fittings\"}]},{\"@type\":\"WebSite\",\"@id\":\"https:\\\/\\\/res-q-jack.com\\\/#website\",\"url\":\"https:\\\/\\\/res-q-jack.com\\\/\",\"name\":\"Res-Q-Jack, Inc.\",\"description\":\"Vehicle Stabilization Struts\",\"publisher\":{\"@id\":\"https:\\\/\\\/res-q-jack.com\\\/#organization\"},\"potentialAction\":[{\"@type\":\"SearchAction\",\"target\":{\"@type\":\"EntryPoint\",\"urlTemplate\":\"https:\\\/\\\/res-q-jack.com\\\/?s={search_term_string}\"},\"query-input\":{\"@type\":\"PropertyValueSpecification\",\"valueRequired\":true,\"valueName\":\"search_term_string\"}}],\"inLanguage\":\"pl-PL\"},{\"@type\":\"Organization\",\"@id\":\"https:\\\/\\\/res-q-jack.com\\\/#organization\",\"name\":\"Res-Q-Jack, Inc.\",\"url\":\"https:\\\/\\\/res-q-jack.com\\\/\",\"logo\":{\"@type\":\"ImageObject\",\"inLanguage\":\"pl-PL\",\"@id\":\"https:\\\/\\\/res-q-jack.com\\\/#\\\/schema\\\/logo\\\/image\\\/\",\"url\":\"https:\\\/\\\/res-q-jack.com\\\/wp-content\\\/uploads\\\/2020\\\/03\\\/Res-Q-Jack-SEO-Logo.png\",\"contentUrl\":\"https:\\\/\\\/res-q-jack.com\\\/wp-content\\\/uploads\\\/2020\\\/03\\\/Res-Q-Jack-SEO-Logo.png\",\"width\":612,\"height\":138,\"caption\":\"Res-Q-Jack, Inc.\"},\"image\":{\"@id\":\"https:\\\/\\\/res-q-jack.com\\\/#\\\/schema\\\/logo\\\/image\\\/\"}}]}<\/script>\n<!-- \/ Yoast SEO plugin. -->","yoast_head_json":{"title":"Z\u0142\u0105czki z ko\u0144c\u00f3wk\u0105 trzpieniow\u0105 | Res-Q-Jack, Inc.","robots":{"index":"index","follow":"follow","max-snippet":"max-snippet:-1","max-image-preview":"max-image-preview:large","max-video-preview":"max-video-preview:-1"},"canonical":"https:\/\/res-q-jack.com\/pl\/akcesoria\/zlacza-z-koncowka-trzpieniowa\/","og_locale":"pl_PL","og_type":"article","og_title":"Pinned End Fittings | Res-Q-Jack, Inc.","og_description":"Pinned End Fittings Learn more about our accessories ALX-TRPD| RJ3-TRPD | GLX-TRPD Tripod Head Turn your pin-operated struts into a tripod for technical rescue scenarios. Features powder coated steel crown and tubular steel legs. Secured with our hardened steel tab lock pins. Steel X \/ RJ3 and GreenLite heads include 36&#8243; extensions to reach up&hellip;","og_url":"https:\/\/res-q-jack.com\/pl\/akcesoria\/zlacza-z-koncowka-trzpieniowa\/","og_site_name":"Res-Q-Jack, Inc.","article_modified_time":"2024-02-27T17:33:18+00:00","og_image":[{"url":"https:\/\/res-q-jack.com\/wp-content\/uploads\/2020\/02\/Pinned-Tripod-Head.jpg","type":"","width":"","height":""}],"twitter_card":"summary_large_image","twitter_misc":{"Szacowany czas czytania":"4 minuty"},"schema":{"@context":"https:\/\/schema.org","@graph":[{"@type":"WebPage","@id":"https:\/\/res-q-jack.com\/accessories\/pinned-end-fittings\/","url":"https:\/\/res-q-jack.com\/accessories\/pinned-end-fittings\/","name":"Z\u0142\u0105czki z ko\u0144c\u00f3wk\u0105 trzpieniow\u0105 | Res-Q-Jack, Inc.","isPartOf":{"@id":"https:\/\/res-q-jack.com\/#website"},"primaryImageOfPage":{"@id":"https:\/\/res-q-jack.com\/accessories\/pinned-end-fittings\/#primaryimage"},"image":{"@id":"https:\/\/res-q-jack.com\/accessories\/pinned-end-fittings\/#primaryimage"},"thumbnailUrl":"https:\/\/res-q-jack.com\/wp-content\/uploads\/2020\/02\/Pinned-Tripod-Head.jpg","datePublished":"2019-12-18T23:33:03+00:00","dateModified":"2024-02-27T17:33:18+00:00","breadcrumb":{"@id":"https:\/\/res-q-jack.com\/accessories\/pinned-end-fittings\/#breadcrumb"},"inLanguage":"pl-PL","potentialAction":[{"@type":"ReadAction","target":["https:\/\/res-q-jack.com\/accessories\/pinned-end-fittings\/"]}]},{"@type":"ImageObject","inLanguage":"pl-PL","@id":"https:\/\/res-q-jack.com\/accessories\/pinned-end-fittings\/#primaryimage","url":"https:\/\/res-q-jack.com\/wp-content\/uploads\/2020\/02\/Pinned-Tripod-Head.jpg","contentUrl":"https:\/\/res-q-jack.com\/wp-content\/uploads\/2020\/02\/Pinned-Tripod-Head.jpg"},{"@type":"BreadcrumbList","@id":"https:\/\/res-q-jack.com\/accessories\/pinned-end-fittings\/#breadcrumb","itemListElement":[{"@type":"ListItem","position":1,"name":"Home","item":"https:\/\/res-q-jack.com\/"},{"@type":"ListItem","position":2,"name":"Accessories","item":"https:\/\/res-q-jack.com\/accessories\/"},{"@type":"ListItem","position":3,"name":"Pinned End Fittings"}]},{"@type":"WebSite","@id":"https:\/\/res-q-jack.com\/#website","url":"https:\/\/res-q-jack.com\/","name":"Res-Q-Jack, Inc.","description":"Stabilizatory pojazdu","publisher":{"@id":"https:\/\/res-q-jack.com\/#organization"},"potentialAction":[{"@type":"SearchAction","target":{"@type":"EntryPoint","urlTemplate":"https:\/\/res-q-jack.com\/?s={search_term_string}"},"query-input":{"@type":"PropertyValueSpecification","valueRequired":true,"valueName":"search_term_string"}}],"inLanguage":"pl-PL"},{"@type":"Organization","@id":"https:\/\/res-q-jack.com\/#organization","name":"Res-Q-Jack, Inc.","url":"https:\/\/res-q-jack.com\/","logo":{"@type":"ImageObject","inLanguage":"pl-PL","@id":"https:\/\/res-q-jack.com\/#\/schema\/logo\/image\/","url":"https:\/\/res-q-jack.com\/wp-content\/uploads\/2020\/03\/Res-Q-Jack-SEO-Logo.png","contentUrl":"https:\/\/res-q-jack.com\/wp-content\/uploads\/2020\/03\/Res-Q-Jack-SEO-Logo.png","width":612,"height":138,"caption":"Res-Q-Jack, Inc."},"image":{"@id":"https:\/\/res-q-jack.com\/#\/schema\/logo\/image\/"}}]}},"_links":{"self":[{"href":"https:\/\/res-q-jack.com\/pl\/wp-json\/wp\/v2\/pages\/197","targetHints":{"allow":["GET"]}}],"collection":[{"href":"https:\/\/res-q-jack.com\/pl\/wp-json\/wp\/v2\/pages"}],"about":[{"href":"https:\/\/res-q-jack.com\/pl\/wp-json\/wp\/v2\/types\/page"}],"author":[{"embeddable":true,"href":"https:\/\/res-q-jack.com\/pl\/wp-json\/wp\/v2\/users\/2"}],"replies":[{"embeddable":true,"href":"https:\/\/res-q-jack.com\/pl\/wp-json\/wp\/v2\/comments?post=197"}],"version-history":[{"count":0,"href":"https:\/\/res-q-jack.com\/pl\/wp-json\/wp\/v2\/pages\/197\/revisions"}],"up":[{"embeddable":true,"href":"https:\/\/res-q-jack.com\/pl\/wp-json\/wp\/v2\/pages\/44"}],"wp:attachment":[{"href":"https:\/\/res-q-jack.com\/pl\/wp-json\/wp\/v2\/media?parent=197"}],"curies":[{"name":"wp","href":"https:\/\/api.w.org\/{rel}","templated":true}]}}