{"id":195,"date":"2019-12-18T18:32:39","date_gmt":"2019-12-18T23:32:39","guid":{"rendered":"https:\/\/resqjack.wpengine.com\/?page_id=195"},"modified":"2026-04-16T14:40:41","modified_gmt":"2026-04-16T19:40:41","slug":"laczniki-bezkolnierzowe","status":"publish","type":"page","link":"https:\/\/res-q-jack.com\/pl\/accessories\/pin-free-end-fittings\/","title":{"rendered":"Z\u0142\u0105cza ko\u0144cowe bez ko\u0142k\u00f3w"},"content":{"rendered":"<h1>\n\t\t\t\tZ\u0142\u0105cza ko\u0144cowe bez ko\u0142k\u00f3w\n\t\t\t<\/h1>\n\t<ul>\n\t\t<li>\t\t\t\t\n\t\t<h3><a href=\"https:\/\/res-q-jack.com\/pl\/akcesoria\/\" target=\"_self\"  aria-label=\"Go to https:\/\/res-q-jack.com\/accessories\/\">Dowiedz si\u0119 wi\u0119cej o naszych akcesoriach<\/a><\/h3><\/li>\t<\/ul>\n\t\t\t\t<img decoding=\"async\" data-src=\"https:\/\/res-q-jack.com\/wp-content\/uploads\/2026\/04\/Extension-Tubing-2.png\" alt=\"Rurki przed\u0142u\u017caj\u0105ce\" title=\"Rurki przed\u0142u\u017caj\u0105ce\" itemprop=\"image\" src=\"data:image\/svg+xml;base64,PHN2ZyB3aWR0aD0iMSIgaGVpZ2h0PSIxIiB4bWxucz0iaHR0cDovL3d3dy53My5vcmcvMjAwMC9zdmciPjwvc3ZnPg==\" class=\"lazyload\" style=\"--smush-placeholder-width: 900px; --smush-placeholder-aspect-ratio: 900\/600;\" \/>\n\t\t<h5>SPX-12EX (12&#8243;) | SPX-24EX (24&#8243;) | SPX-36EX (36&#8243;)<\/h5><h3>Rurki przed\u0142u\u017caj\u0105ce<\/h3>\t\t\t\n\t\t\t\t<p>Przed\u0142u\u017cacze pozwalaj\u0105 osi\u0105gn\u0105\u0107 now\u0105 wysoko\u015b\u0107. Te \u0142atwe w u\u017cyciu przed\u0142u\u017cacze s\u0105 wykonane z aluminium 6061 T-6 i zapewniaj\u0105 dodatkow\u0105 d\u0142ugo\u015b\u0107 do bezszpikowych p\u0119tli X, brzeg\u00f3w row\u00f3w i zestaw\u00f3w ratownictwa technicznego. Dost\u0119pne w d\u0142ugo\u015bciach 1, 2 i 3 stopy.<\/p>\n\t\t\t\t<img decoding=\"async\" data-src=\"https:\/\/res-q-jack.com\/wp-content\/uploads\/2026\/04\/Tripod-Head.png\" alt=\"G\u0142owica statywu\" title=\"G\u0142owica statywu\" itemprop=\"image\" src=\"data:image\/svg+xml;base64,PHN2ZyB3aWR0aD0iMSIgaGVpZ2h0PSIxIiB4bWxucz0iaHR0cDovL3d3dy53My5vcmcvMjAwMC9zdmciPjwvc3ZnPg==\" class=\"lazyload\" style=\"--smush-placeholder-width: 900px; --smush-placeholder-aspect-ratio: 900\/600;\" \/>\n\t\t<h5>SPX-TRPD<\/h5><h3> G\u0142owica statywu<\/h3>\t\t\t\n\t\t\t\t<p>Zamie\u0144 trzy rozp\u00f3rki bez bolc\u00f3w w statyw do ratownictwa technicznego za pomoc\u0105 tej g\u0142owicy bez bolc\u00f3w. G\u0142owica statywu posiada malowan\u0105 proszkowo stalow\u0105 koron\u0119 i trzy obrabiane maszynowo aluminiowe mocowania, kt\u00f3re umo\u017cliwiaj\u0105 szybk\u0105 instalacj\u0119. Rozp\u00f3rki s\u0105 sprzedawane oddzielnie.<\/p>\n\t\t\t\t<img decoding=\"async\" data-src=\"https:\/\/res-q-jack.com\/wp-content\/uploads\/2026\/04\/Trench-Plate-2.png\" alt=\"Trench Plate\" title=\"Trench Plate\" itemprop=\"image\" src=\"data:image\/svg+xml;base64,PHN2ZyB3aWR0aD0iMSIgaGVpZ2h0PSIxIiB4bWxucz0iaHR0cDovL3d3dy53My5vcmcvMjAwMC9zdmciPjwvc3ZnPg==\" class=\"lazyload\" style=\"--smush-placeholder-width: 900px; --smush-placeholder-aspect-ratio: 900\/600;\" \/>\n\t\t<h5>SPX-TRBP<\/h5><h3>P\u0141YTA ROWY<\/h3>\t\t\t\n\t\t\t\t<p>Ta obrotowa p\u0142yta z przegubem kulowym jest idealna do zabezpieczania wykop\u00f3w. Posiada 4 otwory w naro\u017cnikach do mocowania za pomoc\u0105 gwo\u017adzi lub \u015brub. Wykonana z obrabianego maszynowo aluminium.<\/p>\n\t\t\t\t<img decoding=\"async\" data-src=\"https:\/\/res-q-jack.com\/wp-content\/uploads\/2026\/04\/Flat-Plate-1.png\" alt=\"Flat Plate\" title=\"Flat Plate\" itemprop=\"image\" src=\"data:image\/svg+xml;base64,PHN2ZyB3aWR0aD0iMSIgaGVpZ2h0PSIxIiB4bWxucz0iaHR0cDovL3d3dy53My5vcmcvMjAwMC9zdmciPjwvc3ZnPg==\" class=\"lazyload\" style=\"--smush-placeholder-width: 900px; --smush-placeholder-aspect-ratio: 900\/600;\" \/>\n\t\t<h5>SPX-FLTH<\/h5><h3>P\u0142ytka z \u0142bem p\u0142askim<\/h3>\t\t\t\n\t\t\t\t<p>This 6&#8243; fixed plate is your straightforward shoring head. Recommended for structural applications with the Super X, but also compatible with the SPX Trench Shore. Made from machined aluminum.<\/p>\n\t\t\t\t<img decoding=\"async\" data-src=\"https:\/\/res-q-jack.com\/wp-content\/uploads\/2026\/04\/Large-Base-Plate.png\" alt=\"Large Base Plate\" title=\"Large Base Plate\" itemprop=\"image\" src=\"data:image\/svg+xml;base64,PHN2ZyB3aWR0aD0iMSIgaGVpZ2h0PSIxIiB4bWxucz0iaHR0cDovL3d3dy53My5vcmcvMjAwMC9zdmciPjwvc3ZnPg==\" class=\"lazyload\" style=\"--smush-placeholder-width: 900px; --smush-placeholder-aspect-ratio: 900\/600;\" \/>\n\t\t<h5>SPX-12BP<\/h5><h3> Super X-Strut Large Base<\/h3>\t\t\t\n\t\t\t\t<p>This 12&#8243; swiveling base plate will work in a wide range of scenarios, especially when you need to spread out the load on soft ground. Includes attachment for straps. Made from machined aluminum.<\/p>\n\t\t\t\t<img decoding=\"async\" data-src=\"https:\/\/res-q-jack.com\/wp-content\/uploads\/2026\/04\/Extrication-Base-Plate.png\" alt=\"Extrication Base Plate\" title=\"Extrication Base Plate\" itemprop=\"image\" src=\"data:image\/svg+xml;base64,PHN2ZyB3aWR0aD0iMSIgaGVpZ2h0PSIxIiB4bWxucz0iaHR0cDovL3d3dy53My5vcmcvMjAwMC9zdmciPjwvc3ZnPg==\" class=\"lazyload\" style=\"--smush-placeholder-width: 900px; --smush-placeholder-aspect-ratio: 900\/600;\" \/>\n\t\t<h5>SPX-EXBP<\/h5><h3>Super X-Strut Ma\u0142a p\u0142ytka podstawy<\/h3>\t\t\t\n\t\t\t\t<p>Nasza standardowa, obrotowa p\u0142yta bazowa, ale zbudowana specjalnie dla Super X. Ta lekka konstrukcja zawiera pier\u015bcienie w kszta\u0142cie litery D do mocowania palik\u00f3w lub do mocowania pas\u00f3w i \u0142a\u0144cuch\u00f3w. Mocowanie wykonane z obrabianego maszynowo aluminium, podstawa i pier\u015bcienie stalowe malowane proszkowo.<\/p>\n\t\t\t\t<img decoding=\"async\" data-src=\"https:\/\/res-q-jack.com\/wp-content\/uploads\/2026\/04\/Swivel-CRG-Head.png\" alt=\"Obrotowa g\u0142owica CRG\" title=\"Obrotowa g\u0142owica CRG\" itemprop=\"image\" src=\"data:image\/svg+xml;base64,PHN2ZyB3aWR0aD0iMSIgaGVpZ2h0PSIxIiB4bWxucz0iaHR0cDovL3d3dy53My5vcmcvMjAwMC9zdmciPjwvc3ZnPg==\" class=\"lazyload\" style=\"--smush-placeholder-width: 900px; --smush-placeholder-aspect-ratio: 900\/600;\" \/>\n\t\t<h5>SPX-SCRG<\/h5><h3> Obrotowa g\u0142owica CRG bez sworznia<\/h3>\t\t\t\n\t\t\t\t<p>CRG \u0142\u0105czy ko\u0144c\u00f3wki Channel, Round Point i Chain Grab w jedn\u0105 rewolucyjn\u0105 g\u0142owic\u0119, dzi\u0119ki czemu nie trzeba zmienia\u0107 g\u0142owic podczas akcji ratunkowej. Pasuje do Super X, Apex i Auto X.<\/p>","protected":false},"excerpt":{"rendered":"<p>Pin-Free End Fittings Learn more about our accessories SPX-12EX (12&#8243;) | SPX-24EX (24&#8243;) | SPX-36EX (36&#8243;) Extension Tubing Reach new heights with these extension tubes. These easy-to-use extensions are machined from 6061 T-6 aluminum and provide extra length to your Pin-Free X-Struts,Trench Shore, and Technical Rescue Kits. Available in one, two and three foot lengths.&hellip;<\/p>","protected":false},"author":2,"featured_media":0,"parent":44,"menu_order":0,"comment_status":"closed","ping_status":"closed","template":"","meta":{"footnotes":""},"class_list":["post-195","page","type-page","status-publish","hentry"],"yoast_head":"<!-- This site is optimized with the Yoast SEO plugin v27.5 - https:\/\/yoast.com\/product\/yoast-seo-wordpress\/ -->\n<title>Pin-Free End Fittings | Res-Q-Jack, Inc.<\/title>\n<meta name=\"robots\" content=\"index, follow, max-snippet:-1, max-image-preview:large, max-video-preview:-1\" \/>\n<link rel=\"canonical\" href=\"https:\/\/res-q-jack.com\/pl\/akcesoria\/laczniki-bezkolnierzowe\/\" \/>\n<meta property=\"og:locale\" content=\"pl_PL\" \/>\n<meta property=\"og:type\" content=\"article\" \/>\n<meta property=\"og:title\" content=\"Pin-Free End Fittings | Res-Q-Jack, Inc.\" \/>\n<meta property=\"og:description\" content=\"Pin-Free End Fittings Learn more about our accessories SPX-12EX (12&#8243;) | SPX-24EX (24&#8243;) | SPX-36EX (36&#8243;) Extension Tubing Reach new heights with these extension tubes. These easy-to-use extensions are machined from 6061 T-6 aluminum and provide extra length to your Pin-Free X-Struts,Trench Shore, and Technical Rescue Kits. Available in one, two and three foot lengths.&hellip;\" \/>\n<meta property=\"og:url\" content=\"https:\/\/res-q-jack.com\/pl\/akcesoria\/laczniki-bezkolnierzowe\/\" \/>\n<meta property=\"og:site_name\" content=\"Res-Q-Jack, Inc.\" \/>\n<meta property=\"article:modified_time\" content=\"2026-04-16T19:40:41+00:00\" \/>\n<meta property=\"og:image\" content=\"https:\/\/res-q-jack.com\/wp-content\/uploads\/2026\/04\/Extension-Tubing-2.png\" \/>\n<meta name=\"twitter:card\" content=\"summary_large_image\" \/>\n<meta name=\"twitter:label1\" content=\"Szacowany czas czytania\" \/>\n\t<meta name=\"twitter:data1\" content=\"5 minut\" \/>\n<script type=\"application\/ld+json\" class=\"yoast-schema-graph\">{\"@context\":\"https:\\\/\\\/schema.org\",\"@graph\":[{\"@type\":\"WebPage\",\"@id\":\"https:\\\/\\\/res-q-jack.com\\\/accessories\\\/pin-free-end-fittings\\\/\",\"url\":\"https:\\\/\\\/res-q-jack.com\\\/accessories\\\/pin-free-end-fittings\\\/\",\"name\":\"Pin-Free End Fittings | Res-Q-Jack, Inc.\",\"isPartOf\":{\"@id\":\"https:\\\/\\\/res-q-jack.com\\\/#website\"},\"primaryImageOfPage\":{\"@id\":\"https:\\\/\\\/res-q-jack.com\\\/accessories\\\/pin-free-end-fittings\\\/#primaryimage\"},\"image\":{\"@id\":\"https:\\\/\\\/res-q-jack.com\\\/accessories\\\/pin-free-end-fittings\\\/#primaryimage\"},\"thumbnailUrl\":\"https:\\\/\\\/res-q-jack.com\\\/wp-content\\\/uploads\\\/2026\\\/04\\\/Extension-Tubing-2.png\",\"datePublished\":\"2019-12-18T23:32:39+00:00\",\"dateModified\":\"2026-04-16T19:40:41+00:00\",\"breadcrumb\":{\"@id\":\"https:\\\/\\\/res-q-jack.com\\\/accessories\\\/pin-free-end-fittings\\\/#breadcrumb\"},\"inLanguage\":\"pl-PL\",\"potentialAction\":[{\"@type\":\"ReadAction\",\"target\":[\"https:\\\/\\\/res-q-jack.com\\\/accessories\\\/pin-free-end-fittings\\\/\"]}]},{\"@type\":\"ImageObject\",\"inLanguage\":\"pl-PL\",\"@id\":\"https:\\\/\\\/res-q-jack.com\\\/accessories\\\/pin-free-end-fittings\\\/#primaryimage\",\"url\":\"https:\\\/\\\/res-q-jack.com\\\/wp-content\\\/uploads\\\/2026\\\/04\\\/Extension-Tubing-2.png\",\"contentUrl\":\"https:\\\/\\\/res-q-jack.com\\\/wp-content\\\/uploads\\\/2026\\\/04\\\/Extension-Tubing-2.png\"},{\"@type\":\"BreadcrumbList\",\"@id\":\"https:\\\/\\\/res-q-jack.com\\\/accessories\\\/pin-free-end-fittings\\\/#breadcrumb\",\"itemListElement\":[{\"@type\":\"ListItem\",\"position\":1,\"name\":\"Home\",\"item\":\"https:\\\/\\\/res-q-jack.com\\\/\"},{\"@type\":\"ListItem\",\"position\":2,\"name\":\"Accessories\",\"item\":\"https:\\\/\\\/res-q-jack.com\\\/accessories\\\/\"},{\"@type\":\"ListItem\",\"position\":3,\"name\":\"Pin-Free End Fittings\"}]},{\"@type\":\"WebSite\",\"@id\":\"https:\\\/\\\/res-q-jack.com\\\/#website\",\"url\":\"https:\\\/\\\/res-q-jack.com\\\/\",\"name\":\"Res-Q-Jack, Inc.\",\"description\":\"Vehicle Stabilization Struts\",\"publisher\":{\"@id\":\"https:\\\/\\\/res-q-jack.com\\\/#organization\"},\"potentialAction\":[{\"@type\":\"SearchAction\",\"target\":{\"@type\":\"EntryPoint\",\"urlTemplate\":\"https:\\\/\\\/res-q-jack.com\\\/?s={search_term_string}\"},\"query-input\":{\"@type\":\"PropertyValueSpecification\",\"valueRequired\":true,\"valueName\":\"search_term_string\"}}],\"inLanguage\":\"pl-PL\"},{\"@type\":\"Organization\",\"@id\":\"https:\\\/\\\/res-q-jack.com\\\/#organization\",\"name\":\"Res-Q-Jack, Inc.\",\"url\":\"https:\\\/\\\/res-q-jack.com\\\/\",\"logo\":{\"@type\":\"ImageObject\",\"inLanguage\":\"pl-PL\",\"@id\":\"https:\\\/\\\/res-q-jack.com\\\/#\\\/schema\\\/logo\\\/image\\\/\",\"url\":\"https:\\\/\\\/res-q-jack.com\\\/wp-content\\\/uploads\\\/2020\\\/03\\\/Res-Q-Jack-SEO-Logo.png\",\"contentUrl\":\"https:\\\/\\\/res-q-jack.com\\\/wp-content\\\/uploads\\\/2020\\\/03\\\/Res-Q-Jack-SEO-Logo.png\",\"width\":612,\"height\":138,\"caption\":\"Res-Q-Jack, Inc.\"},\"image\":{\"@id\":\"https:\\\/\\\/res-q-jack.com\\\/#\\\/schema\\\/logo\\\/image\\\/\"}}]}<\/script>\n<!-- \/ Yoast SEO plugin. -->","yoast_head_json":{"title":"Z\u0142\u0105cza ko\u0144cowe bez sworznia | Res-Q-Jack, Inc.","robots":{"index":"index","follow":"follow","max-snippet":"max-snippet:-1","max-image-preview":"max-image-preview:large","max-video-preview":"max-video-preview:-1"},"canonical":"https:\/\/res-q-jack.com\/pl\/akcesoria\/laczniki-bezkolnierzowe\/","og_locale":"pl_PL","og_type":"article","og_title":"Pin-Free End Fittings | Res-Q-Jack, Inc.","og_description":"Pin-Free End Fittings Learn more about our accessories SPX-12EX (12&#8243;) | SPX-24EX (24&#8243;) | SPX-36EX (36&#8243;) Extension Tubing Reach new heights with these extension tubes. These easy-to-use extensions are machined from 6061 T-6 aluminum and provide extra length to your Pin-Free X-Struts,Trench Shore, and Technical Rescue Kits. Available in one, two and three foot lengths.&hellip;","og_url":"https:\/\/res-q-jack.com\/pl\/akcesoria\/laczniki-bezkolnierzowe\/","og_site_name":"Res-Q-Jack, Inc.","article_modified_time":"2026-04-16T19:40:41+00:00","og_image":[{"url":"https:\/\/res-q-jack.com\/wp-content\/uploads\/2026\/04\/Extension-Tubing-2.png","type":"","width":"","height":""}],"twitter_card":"summary_large_image","twitter_misc":{"Szacowany czas czytania":"5 minut"},"schema":{"@context":"https:\/\/schema.org","@graph":[{"@type":"WebPage","@id":"https:\/\/res-q-jack.com\/accessories\/pin-free-end-fittings\/","url":"https:\/\/res-q-jack.com\/accessories\/pin-free-end-fittings\/","name":"Z\u0142\u0105cza ko\u0144cowe bez sworznia | Res-Q-Jack, Inc.","isPartOf":{"@id":"https:\/\/res-q-jack.com\/#website"},"primaryImageOfPage":{"@id":"https:\/\/res-q-jack.com\/accessories\/pin-free-end-fittings\/#primaryimage"},"image":{"@id":"https:\/\/res-q-jack.com\/accessories\/pin-free-end-fittings\/#primaryimage"},"thumbnailUrl":"https:\/\/res-q-jack.com\/wp-content\/uploads\/2026\/04\/Extension-Tubing-2.png","datePublished":"2019-12-18T23:32:39+00:00","dateModified":"2026-04-16T19:40:41+00:00","breadcrumb":{"@id":"https:\/\/res-q-jack.com\/accessories\/pin-free-end-fittings\/#breadcrumb"},"inLanguage":"pl-PL","potentialAction":[{"@type":"ReadAction","target":["https:\/\/res-q-jack.com\/accessories\/pin-free-end-fittings\/"]}]},{"@type":"ImageObject","inLanguage":"pl-PL","@id":"https:\/\/res-q-jack.com\/accessories\/pin-free-end-fittings\/#primaryimage","url":"https:\/\/res-q-jack.com\/wp-content\/uploads\/2026\/04\/Extension-Tubing-2.png","contentUrl":"https:\/\/res-q-jack.com\/wp-content\/uploads\/2026\/04\/Extension-Tubing-2.png"},{"@type":"BreadcrumbList","@id":"https:\/\/res-q-jack.com\/accessories\/pin-free-end-fittings\/#breadcrumb","itemListElement":[{"@type":"ListItem","position":1,"name":"Home","item":"https:\/\/res-q-jack.com\/"},{"@type":"ListItem","position":2,"name":"Accessories","item":"https:\/\/res-q-jack.com\/accessories\/"},{"@type":"ListItem","position":3,"name":"Pin-Free End Fittings"}]},{"@type":"WebSite","@id":"https:\/\/res-q-jack.com\/#website","url":"https:\/\/res-q-jack.com\/","name":"Res-Q-Jack, Inc.","description":"Stabilizatory pojazdu","publisher":{"@id":"https:\/\/res-q-jack.com\/#organization"},"potentialAction":[{"@type":"SearchAction","target":{"@type":"EntryPoint","urlTemplate":"https:\/\/res-q-jack.com\/?s={search_term_string}"},"query-input":{"@type":"PropertyValueSpecification","valueRequired":true,"valueName":"search_term_string"}}],"inLanguage":"pl-PL"},{"@type":"Organization","@id":"https:\/\/res-q-jack.com\/#organization","name":"Res-Q-Jack, Inc.","url":"https:\/\/res-q-jack.com\/","logo":{"@type":"ImageObject","inLanguage":"pl-PL","@id":"https:\/\/res-q-jack.com\/#\/schema\/logo\/image\/","url":"https:\/\/res-q-jack.com\/wp-content\/uploads\/2020\/03\/Res-Q-Jack-SEO-Logo.png","contentUrl":"https:\/\/res-q-jack.com\/wp-content\/uploads\/2020\/03\/Res-Q-Jack-SEO-Logo.png","width":612,"height":138,"caption":"Res-Q-Jack, Inc."},"image":{"@id":"https:\/\/res-q-jack.com\/#\/schema\/logo\/image\/"}}]}},"_links":{"self":[{"href":"https:\/\/res-q-jack.com\/pl\/wp-json\/wp\/v2\/pages\/195","targetHints":{"allow":["GET"]}}],"collection":[{"href":"https:\/\/res-q-jack.com\/pl\/wp-json\/wp\/v2\/pages"}],"about":[{"href":"https:\/\/res-q-jack.com\/pl\/wp-json\/wp\/v2\/types\/page"}],"author":[{"embeddable":true,"href":"https:\/\/res-q-jack.com\/pl\/wp-json\/wp\/v2\/users\/2"}],"replies":[{"embeddable":true,"href":"https:\/\/res-q-jack.com\/pl\/wp-json\/wp\/v2\/comments?post=195"}],"version-history":[{"count":2,"href":"https:\/\/res-q-jack.com\/pl\/wp-json\/wp\/v2\/pages\/195\/revisions"}],"predecessor-version":[{"id":2381,"href":"https:\/\/res-q-jack.com\/pl\/wp-json\/wp\/v2\/pages\/195\/revisions\/2381"}],"up":[{"embeddable":true,"href":"https:\/\/res-q-jack.com\/pl\/wp-json\/wp\/v2\/pages\/44"}],"wp:attachment":[{"href":"https:\/\/res-q-jack.com\/pl\/wp-json\/wp\/v2\/media?parent=195"}],"curies":[{"name":"wp","href":"https:\/\/api.w.org\/{rel}","templated":true}]}}