{"id":187,"date":"2019-12-18T16:18:26","date_gmt":"2019-12-18T21:18:26","guid":{"rendered":"https:\/\/resqjack.wpengine.com\/?page_id=187"},"modified":"2026-04-14T08:59:56","modified_gmt":"2026-04-14T13:59:56","slug":"podluznice-stabilizujace-pojazd","status":"publish","type":"page","link":"https:\/\/res-q-jack.com\/pl\/struts\/vehicle-stabilization-struts\/","title":{"rendered":"Stabilizatory pojazdu"},"content":{"rendered":"<h3>Heavy, Standard &amp; Light-Duty<\/h3>\r\n<h1>Stabilizatory pojazdu<\/h1>\r\n<p>Nasze rozp\u00f3rki s\u0105 projektowane, wykonywane r\u0119cznie i rygorystycznie testowane w USA, aby zapewni\u0107 szybk\u0105 i niezawodn\u0105 rozp\u00f3rk\u0119 dla ka\u017cdego scenariusza ratunkowego.<\/p>\r\n<p><img decoding=\"async\" title=\"cementow\u00f3z - ikona\" data-src=\"https:\/\/res-q-jack.com\/wp-content\/uploads\/2020\/06\/cement-truck-icon.png\" alt=\"Stabilizatory i poduszki ratownicze do pojazd\u00f3w ci\u0119\u017carowych\" src=\"data:image\/svg+xml;base64,PHN2ZyB3aWR0aD0iMSIgaGVpZ2h0PSIxIiB4bWxucz0iaHR0cDovL3d3dy53My5vcmcvMjAwMC9zdmciPjwvc3ZnPg==\" class=\"lazyload\" style=\"--smush-placeholder-width: 115px; --smush-placeholder-aspect-ratio: 115\/115;\" \/><\/p>\r\n<h3>Heavy-Duty<\/h3>\r\n<h2>Stabilizatory pojazdu<\/h2>\r\n<p>Nasze rozp\u00f3rki o du\u017cej wytrzyma\u0142o\u015bci maj\u0105 znamionowe obci\u0105\u017cenie robocze od 10 000 do 20 000 funt\u00f3w (2:1) i s\u0105 przeznaczone do stosowania w du\u017cych pojazdach, obudowach konstrukcyjnych i ratownictwie technicznym.<\/p>\r\n<p><img decoding=\"async\" title=\"Super X-Strut Series Heavy-Duty Vehicle Stabilization Strut\" data-src=\"https:\/\/res-q-jack.com\/wp-content\/uploads\/2019\/12\/Super-X-Strut-Series-Heavy-Duty-Vehicle-Stabilization-Strut-100x300.png\" alt=\"Super X-Strut Series Heavy-Duty Vehicle Stabilization Strut\" src=\"data:image\/svg+xml;base64,PHN2ZyB3aWR0aD0iMSIgaGVpZ2h0PSIxIiB4bWxucz0iaHR0cDovL3d3dy53My5vcmcvMjAwMC9zdmciPjwvc3ZnPg==\" class=\"lazyload\" style=\"--smush-placeholder-width: 100px; --smush-placeholder-aspect-ratio: 100\/300;\" \/><\/p>\r\n<h5><img decoding=\"async\" data-src=\"https:\/\/res-q-jack.com\/wp-content\/uploads\/2020\/05\/Pin-Free-Stabilization-Struts-95x18-1.png\" src=\"data:image\/svg+xml;base64,PHN2ZyB3aWR0aD0iMSIgaGVpZ2h0PSIxIiB4bWxucz0iaHR0cDovL3d3dy53My5vcmcvMjAwMC9zdmciPjwvc3ZnPg==\" class=\"lazyload\" style=\"--smush-placeholder-width: 95px; --smush-placeholder-aspect-ratio: 95\/18;\" \/><\/h5>\r\n<h3>Seria Super X-Strut<\/h3>\r\n<p>Super X to nasza najbardziej wytrzyma\u0142a linia rozp\u00f3rek, przeznaczona do ratownictwa z wykorzystaniem ci\u0119\u017ckich pojazd\u00f3w, obud\u00f3w strukturalnych i ratownictwa technicznego.\u00a0<\/p>\r\n<p><strong>Dopuszczalne obci\u0105\u017cenie robocze: 19 300 funt\u00f3w (wsp\u00f3\u0142czynnik bezpiecze\u0144stwa 2:1)<\/strong><\/p>\r\n<p><a role=\"button\" href=\"https:\/\/res-q-jack.com\/pl\/listwy\/podluznice-stabilizujace-pojazd\/sciagacze-stabilizujace-do-ciezkich-pojazdow\/super-x-strut\/\" target=\"_self\" rel=\"noopener noreferrer\"> Zobacz szczeg\u00f3\u0142y <\/a> <img decoding=\"async\" title=\"Rozp\u00f3rka stabilizacyjna Apex X-Struct serii Heavy-Duty bez sworznia\" data-src=\"https:\/\/res-q-jack.com\/wp-content\/uploads\/2020\/04\/Apex-X-Struct-Series-Heavy-Duty-Pin-Free-Vehicle-Stabilization-Strut-100x300.jpg\" alt=\"Rozp\u00f3rka stabilizacyjna Apex X-Struct serii Heavy-Duty bez sworznia\" src=\"data:image\/svg+xml;base64,PHN2ZyB3aWR0aD0iMSIgaGVpZ2h0PSIxIiB4bWxucz0iaHR0cDovL3d3dy53My5vcmcvMjAwMC9zdmciPjwvc3ZnPg==\" class=\"lazyload\" style=\"--smush-placeholder-width: 100px; --smush-placeholder-aspect-ratio: 100\/300;\" \/><\/p>\r\n<h5><img decoding=\"async\" data-src=\"https:\/\/res-q-jack.com\/wp-content\/uploads\/2020\/05\/Pin-Free-Stabilization-Struts-95x18-1.png\" src=\"data:image\/svg+xml;base64,PHN2ZyB3aWR0aD0iMSIgaGVpZ2h0PSIxIiB4bWxucz0iaHR0cDovL3d3dy53My5vcmcvMjAwMC9zdmciPjwvc3ZnPg==\" class=\"lazyload\" style=\"--smush-placeholder-width: 95px; --smush-placeholder-aspect-ratio: 95\/18;\" \/><\/h5>\r\n<h3>Seria Apex X-Strut<\/h3>\r\n<p>Apex to nasza najnowsza linia rozp\u00f3rek bez zawleczki o du\u017cej wytrzyma\u0142o\u015bci, zaprojektowana z my\u015bl\u0105 o wi\u0119kszo\u015bci scenariuszy ratowania pojazd\u00f3w.\u00a0\u00a0<\/p>\r\n<p><strong>Dopuszczalne obci\u0105\u017cenie robocze: do 12 500 funt\u00f3w (wsp\u00f3\u0142czynnik bezpiecze\u0144stwa 2:1)<\/strong><\/p>\r\n<p><a role=\"button\" href=\"https:\/\/res-q-jack.com\/pl\/listwy\/podluznice-stabilizujace-pojazd\/sciagacze-stabilizujace-do-ciezkich-pojazdow\/apex-x-strut\/\" target=\"_self\" rel=\"noopener noreferrer\"> Zobacz szczeg\u00f3\u0142y <\/a> <img decoding=\"async\" title=\"Aluminiowa rozp\u00f3rka stabilizuj\u0105ca pojazd z serii X - Wytrzyma\u0142a rozp\u00f3rka stabilizuj\u0105ca pojazd na sworzniu\" data-src=\"https:\/\/res-q-jack.com\/wp-content\/uploads\/2019\/12\/Aluminum-X-Strut-Series-Heavy-Duty-Pinned-Vehicle-Stabilization-Strut-100x300.png\" alt=\"Aluminiowa rozp\u00f3rka stabilizuj\u0105ca pojazd z serii X - Wytrzyma\u0142a rozp\u00f3rka stabilizuj\u0105ca pojazd na sworzniu\" src=\"data:image\/svg+xml;base64,PHN2ZyB3aWR0aD0iMSIgaGVpZ2h0PSIxIiB4bWxucz0iaHR0cDovL3d3dy53My5vcmcvMjAwMC9zdmciPjwvc3ZnPg==\" class=\"lazyload\" style=\"--smush-placeholder-width: 100px; --smush-placeholder-aspect-ratio: 100\/300;\" \/><\/p>\r\n<h3>Aluminum X-Strut Series<\/h3>\r\n<p>Aluminiowa rozp\u00f3rka X-Strut to nasza najbardziej wytrzyma\u0142a rozp\u00f3rka z bolcem, zaprojektowana do ci\u0119\u017ckich pojazd\u00f3w ratowniczych i innych zastosowa\u0144.<\/p>\r\n<p><strong>Dopuszczalne obci\u0105\u017cenie robocze: 10 000 funt\u00f3w (wsp\u00f3\u0142czynnik bezpiecze\u0144stwa 2:1)<\/strong><\/p>\r\n<p><a role=\"button\" href=\"https:\/\/res-q-jack.com\/pl\/listwy\/podluznice-stabilizujace-pojazd\/sciagacze-stabilizujace-do-ciezkich-pojazdow\/aluminium-x-strut\/\" target=\"_self\" rel=\"noopener noreferrer\"> Zobacz szczeg\u00f3\u0142y <\/a> <img decoding=\"async\" title=\"pickup-icon\" data-src=\"https:\/\/res-q-jack.com\/wp-content\/uploads\/2020\/06\/pickup-icon.png\" alt=\"Standardowe amortyzatory stabilizuj\u0105ce i ratunkowe do pojazd\u00f3w ci\u0119\u017carowych\" src=\"data:image\/svg+xml;base64,PHN2ZyB3aWR0aD0iMSIgaGVpZ2h0PSIxIiB4bWxucz0iaHR0cDovL3d3dy53My5vcmcvMjAwMC9zdmciPjwvc3ZnPg==\" class=\"lazyload\" style=\"--smush-placeholder-width: 115px; --smush-placeholder-aspect-ratio: 115\/115;\" \/><\/p>\r\n<h3>Standardowa obs\u0142uga<\/h3>\r\n<h2>Stabilizatory pojazdu<\/h2>\r\n<p>Nasze rozp\u00f3rki do zastosowa\u0144 standardowych maj\u0105 znamionowe obci\u0105\u017cenie robocze 4000 funt\u00f3w (2:1) i s\u0105 przeznaczone do stosowania w lekkich samochodach ci\u0119\u017carowych, SUV-ach i innych typowych pojazdach.<\/p>\r\n<p><img decoding=\"async\" title=\"Stalowy stabilizator pojazdu serii X-Strut o standardowej wytrzyma\u0142o\u015bci\" data-src=\"https:\/\/res-q-jack.com\/wp-content\/uploads\/2019\/12\/Steel-X-Strut-Series-Standard-Duty-Vehicle-Stabilization-Strut.jpg\" alt=\"Stalowy stabilizator pojazdu serii X-Strut o standardowej wytrzyma\u0142o\u015bci\" src=\"data:image\/svg+xml;base64,PHN2ZyB3aWR0aD0iMSIgaGVpZ2h0PSIxIiB4bWxucz0iaHR0cDovL3d3dy53My5vcmcvMjAwMC9zdmciPjwvc3ZnPg==\" class=\"lazyload\" style=\"--smush-placeholder-width: 220px; --smush-placeholder-aspect-ratio: 220\/660;\" \/><\/p>\r\n<h3>Steel X-Strut Series Struts<\/h3>\r\n<p>Seria Steel X-Strut to nasza oryginalna linia X-Strut zaprojektowana do typowych zastosowa\u0144 w ratownictwie pojazdowym.<\/p>\r\n<p><strong>Dopuszczalne obci\u0105\u017cenie robocze: 4 000 funt\u00f3w (wsp\u00f3\u0142czynnik bezpiecze\u0144stwa 2:1)<\/strong><\/p>\r\n<p><a role=\"button\" href=\"https:\/\/res-q-jack.com\/pl\/listwy\/podluznice-stabilizujace-pojazd\/sciagacze-stabilizujace-pojazd\/steel-x-strut\/\" target=\"_self\" rel=\"noopener noreferrer\"> Zobacz szczeg\u00f3\u0142y <\/a> <img decoding=\"async\" title=\"Stabilizator pojazdu serii RJ3 do zastosowa\u0144 standardowych\" data-src=\"https:\/\/res-q-jack.com\/wp-content\/uploads\/2019\/12\/RJ3-Series-Standard-Duty-Vehicle-Stabilization-Strut-100x300.jpg\" alt=\"Stabilizator pojazdu serii RJ3 do zastosowa\u0144 standardowych\" src=\"data:image\/svg+xml;base64,PHN2ZyB3aWR0aD0iMSIgaGVpZ2h0PSIxIiB4bWxucz0iaHR0cDovL3d3dy53My5vcmcvMjAwMC9zdmciPjwvc3ZnPg==\" class=\"lazyload\" style=\"--smush-placeholder-width: 100px; --smush-placeholder-aspect-ratio: 100\/300;\" \/><\/p>\r\n<h3>Podk\u0142adki serii RJ3<\/h3>\r\n<p>Seria RJ3 to oryginalna linia stalowych rozp\u00f3rek stabilizuj\u0105cych przeznaczonych do typowych akcji ratunkowych z u\u017cyciem pojazd\u00f3w.<\/p>\r\n<p><strong>Dopuszczalne obci\u0105\u017cenie robocze: 4 000 funt\u00f3w (wsp\u00f3\u0142czynnik bezpiecze\u0144stwa 2:1)<\/strong><\/p>\r\n<p><a role=\"button\" href=\"https:\/\/res-q-jack.com\/pl\/listwy\/podluznice-stabilizujace-pojazd\/sciagacze-stabilizujace-pojazd\/rj3-jkst-jackstand\/\" target=\"_self\" rel=\"noopener noreferrer\"> Zobacz szczeg\u00f3\u0142y <\/a> <img decoding=\"async\" title=\"car-icon\" data-src=\"https:\/\/res-q-jack.com\/wp-content\/uploads\/2020\/06\/car-icon.png\" alt=\"Stabilizatory i poduszki ratownicze do lekkich pojazd\u00f3w u\u017cytkowych\" src=\"data:image\/svg+xml;base64,PHN2ZyB3aWR0aD0iMSIgaGVpZ2h0PSIxIiB4bWxucz0iaHR0cDovL3d3dy53My5vcmcvMjAwMC9zdmciPjwvc3ZnPg==\" class=\"lazyload\" style=\"--smush-placeholder-width: 115px; --smush-placeholder-aspect-ratio: 115\/115;\" \/><\/p>\r\n<h3>Lekki<\/h3>\r\n<h2>Stabilizatory pojazdu<\/h2>\r\n<p>Nasze rozp\u00f3rki maj\u0105 obci\u0105\u017cenie robocze poni\u017cej 4000 funt\u00f3w (2:1) i s\u0105 przeznaczone do stosowania w samochodach kompaktowych i l\u017cejszych pojazdach.<\/p>\r\n<p><img decoding=\"async\" title=\"Stabilizator poprzeczny do lekkich pojazd\u00f3w Auto X-Strut Series\" data-src=\"https:\/\/res-q-jack.com\/wp-content\/uploads\/2019\/12\/Auto-X-Strut-Series-Light-Duty-Vehicle-Stabilization-Strut-100x300.jpg\" alt=\"Stabilizator poprzeczny do lekkich pojazd\u00f3w Auto X-Strut Series\" src=\"data:image\/svg+xml;base64,PHN2ZyB3aWR0aD0iMSIgaGVpZ2h0PSIxIiB4bWxucz0iaHR0cDovL3d3dy53My5vcmcvMjAwMC9zdmciPjwvc3ZnPg==\" class=\"lazyload\" style=\"--smush-placeholder-width: 100px; --smush-placeholder-aspect-ratio: 100\/300;\" \/><\/p>\r\n<h5><img decoding=\"async\" data-src=\"https:\/\/res-q-jack.com\/wp-content\/uploads\/2020\/05\/Pin-Free-Stabilization-Struts-95x18-1.png\" src=\"data:image\/svg+xml;base64,PHN2ZyB3aWR0aD0iMSIgaGVpZ2h0PSIxIiB4bWxucz0iaHR0cDovL3d3dy53My5vcmcvMjAwMC9zdmciPjwvc3ZnPg==\" class=\"lazyload\" style=\"--smush-placeholder-width: 95px; --smush-placeholder-aspect-ratio: 95\/18;\" \/><\/h5>\r\n<h3>Seria Auto X-Strut<\/h3>\r\n<p>Auto X jest naszym lekkim, bezspinkowym rozpornikiem do b\u0142yskawicznej stabilizacji i podnoszenia typowych ma\u0142ych pojazd\u00f3w.<\/p>\r\n<p><strong>Dopuszczalne obci\u0105\u017cenie robocze: 3 250 funt\u00f3w (wsp\u00f3\u0142czynnik bezpiecze\u0144stwa 2:1)<\/strong><\/p>\r\n<p><a role=\"button\" href=\"https:\/\/res-q-jack.com\/pl\/listwy\/podluznice-stabilizujace-pojazd\/sciagacze-stabilizujace-do-pojazdow-lekkich\/auto-x-strut\/\" target=\"_self\" rel=\"noopener noreferrer\"> Zobacz szczeg\u00f3\u0142y <\/a> <img decoding=\"async\" title=\"Rozp\u00f3rka stabilizuj\u0105ca pojazd GreenLite X-Strut Series do lekkich obci\u0105\u017ce\u0144\" data-src=\"https:\/\/res-q-jack.com\/wp-content\/uploads\/2019\/12\/GreenLite-X-Strut-Series-Light-Duty-Vehicle-Stabilization-Strut-100x300.jpg\" alt=\"Rozp\u00f3rka stabilizuj\u0105ca pojazd GreenLite X-Strut Series do lekkich obci\u0105\u017ce\u0144\" src=\"data:image\/svg+xml;base64,PHN2ZyB3aWR0aD0iMSIgaGVpZ2h0PSIxIiB4bWxucz0iaHR0cDovL3d3dy53My5vcmcvMjAwMC9zdmciPjwvc3ZnPg==\" class=\"lazyload\" style=\"--smush-placeholder-width: 100px; --smush-placeholder-aspect-ratio: 100\/300;\" \/><\/p>\r\n<h3>GreenLite\u2122 X-Strut Series<\/h3>\r\n<p>Seria GreenLite to nasza najbardziej przyst\u0119pna cenowo linia X-Strut, zaprojektowana z my\u015bl\u0105 o szybkiej stabilizacji z mo\u017cliwo\u015bci\u0105 podnoszenia w razie potrzeby.<\/p>\r\n<p><strong>Dopuszczalne obci\u0105\u017cenie robocze: 2500 funt\u00f3w (wsp\u00f3\u0142czynnik bezpiecze\u0144stwa 2:1)<\/strong><\/p>\r\n<p><a role=\"button\" href=\"https:\/\/res-q-jack.com\/pl\/listwy\/podluznice-stabilizujace-pojazd\/sciagacze-stabilizujace-do-pojazdow-lekkich\/greenlite-x-strut\/\" target=\"_self\" rel=\"noopener noreferrer\"> Zobacz szczeg\u00f3\u0142y <\/a><\/p>\r\n<h4>Pytania? Zadzwo\u0144 do nas 1-800-466-9626<\/h4>","protected":false},"excerpt":{"rendered":"<p>Heavy, Standard &amp; Light-Duty Vehicle Stabilization Struts Our struts are designed, hand-made and rigorously tested in the USA, to give you a fast-deploying and reliable strut for any rescue scenario. Heavy-Duty Vehicle Stabilization Struts Our heavy-duty struts have rated working loads of 10,000 lbs. to 20,000 (2:1) for use with large vehicles, structural shoring &amp;&hellip;<\/p>","protected":false},"author":2,"featured_media":0,"parent":42,"menu_order":0,"comment_status":"closed","ping_status":"closed","template":"","meta":{"footnotes":""},"class_list":["post-187","page","type-page","status-publish","hentry"],"yoast_head":"<!-- This site is optimized with the Yoast SEO plugin v27.2 - https:\/\/yoast.com\/product\/yoast-seo-wordpress\/ -->\n<title>Vehicle Stabilization Struts | Res-Q-Jack, Inc.<\/title>\n<meta name=\"description\" content=\"Vehicle stabilization struts by Res-Q-Jack\u2014built for swift, secure support in emergency rescues. Enhance your team\u2019s efficiency today.\" \/>\n<meta name=\"robots\" content=\"index, follow, max-snippet:-1, max-image-preview:large, max-video-preview:-1\" \/>\n<link rel=\"canonical\" href=\"https:\/\/res-q-jack.com\/pl\/listwy\/podluznice-stabilizujace-pojazd\/\" \/>\n<meta property=\"og:locale\" content=\"pl_PL\" \/>\n<meta property=\"og:type\" content=\"article\" \/>\n<meta property=\"og:title\" content=\"Vehicle Stabilization Struts | Res-Q-Jack, Inc.\" \/>\n<meta property=\"og:description\" content=\"Vehicle stabilization struts by Res-Q-Jack\u2014built for swift, secure support in emergency rescues. Enhance your team\u2019s efficiency today.\" \/>\n<meta property=\"og:url\" content=\"https:\/\/res-q-jack.com\/pl\/listwy\/podluznice-stabilizujace-pojazd\/\" \/>\n<meta property=\"og:site_name\" content=\"Res-Q-Jack, Inc.\" \/>\n<meta property=\"article:modified_time\" content=\"2026-04-14T13:59:56+00:00\" \/>\n<meta property=\"og:image\" content=\"https:\/\/res-q-jack.com\/wp-content\/uploads\/2020\/06\/cement-truck-icon.png\" \/>\n<meta name=\"twitter:card\" content=\"summary_large_image\" \/>\n<meta name=\"twitter:label1\" content=\"Szacowany czas czytania\" \/>\n\t<meta name=\"twitter:data1\" content=\"5 minut\" \/>\n<script type=\"application\/ld+json\" class=\"yoast-schema-graph\">{\"@context\":\"https:\/\/schema.org\",\"@graph\":[{\"@type\":\"WebPage\",\"@id\":\"https:\/\/res-q-jack.com\/struts\/vehicle-stabilization-struts\/\",\"url\":\"https:\/\/res-q-jack.com\/struts\/vehicle-stabilization-struts\/\",\"name\":\"Vehicle Stabilization Struts | Res-Q-Jack, Inc.\",\"isPartOf\":{\"@id\":\"https:\/\/res-q-jack.com\/#website\"},\"primaryImageOfPage\":{\"@id\":\"https:\/\/res-q-jack.com\/struts\/vehicle-stabilization-struts\/#primaryimage\"},\"image\":{\"@id\":\"https:\/\/res-q-jack.com\/struts\/vehicle-stabilization-struts\/#primaryimage\"},\"thumbnailUrl\":\"https:\/\/res-q-jack.com\/wp-content\/uploads\/2020\/06\/cement-truck-icon.png\",\"datePublished\":\"2019-12-18T21:18:26+00:00\",\"dateModified\":\"2026-04-14T13:59:56+00:00\",\"description\":\"Vehicle stabilization struts by Res-Q-Jack\u2014built for swift, secure support in emergency rescues. Enhance your team\u2019s efficiency today.\",\"breadcrumb\":{\"@id\":\"https:\/\/res-q-jack.com\/struts\/vehicle-stabilization-struts\/#breadcrumb\"},\"inLanguage\":\"pl-PL\",\"potentialAction\":[{\"@type\":\"ReadAction\",\"target\":[\"https:\/\/res-q-jack.com\/struts\/vehicle-stabilization-struts\/\"]}]},{\"@type\":\"ImageObject\",\"inLanguage\":\"pl-PL\",\"@id\":\"https:\/\/res-q-jack.com\/struts\/vehicle-stabilization-struts\/#primaryimage\",\"url\":\"https:\/\/res-q-jack.com\/wp-content\/uploads\/2020\/06\/cement-truck-icon.png\",\"contentUrl\":\"https:\/\/res-q-jack.com\/wp-content\/uploads\/2020\/06\/cement-truck-icon.png\"},{\"@type\":\"BreadcrumbList\",\"@id\":\"https:\/\/res-q-jack.com\/struts\/vehicle-stabilization-struts\/#breadcrumb\",\"itemListElement\":[{\"@type\":\"ListItem\",\"position\":1,\"name\":\"Home\",\"item\":\"https:\/\/res-q-jack.com\/\"},{\"@type\":\"ListItem\",\"position\":2,\"name\":\"Rescue Struts\",\"item\":\"https:\/\/res-q-jack.com\/struts\/\"},{\"@type\":\"ListItem\",\"position\":3,\"name\":\"Vehicle Stabilization Struts\"}]},{\"@type\":\"WebSite\",\"@id\":\"https:\/\/res-q-jack.com\/#website\",\"url\":\"https:\/\/res-q-jack.com\/\",\"name\":\"Res-Q-Jack, Inc.\",\"description\":\"Vehicle Stabilization Struts\",\"publisher\":{\"@id\":\"https:\/\/res-q-jack.com\/#organization\"},\"potentialAction\":[{\"@type\":\"SearchAction\",\"target\":{\"@type\":\"EntryPoint\",\"urlTemplate\":\"https:\/\/res-q-jack.com\/?s={search_term_string}\"},\"query-input\":{\"@type\":\"PropertyValueSpecification\",\"valueRequired\":true,\"valueName\":\"search_term_string\"}}],\"inLanguage\":\"pl-PL\"},{\"@type\":\"Organization\",\"@id\":\"https:\/\/res-q-jack.com\/#organization\",\"name\":\"Res-Q-Jack, Inc.\",\"url\":\"https:\/\/res-q-jack.com\/\",\"logo\":{\"@type\":\"ImageObject\",\"inLanguage\":\"pl-PL\",\"@id\":\"https:\/\/res-q-jack.com\/#\/schema\/logo\/image\/\",\"url\":\"https:\/\/res-q-jack.com\/wp-content\/uploads\/2020\/03\/Res-Q-Jack-SEO-Logo.png\",\"contentUrl\":\"https:\/\/res-q-jack.com\/wp-content\/uploads\/2020\/03\/Res-Q-Jack-SEO-Logo.png\",\"width\":612,\"height\":138,\"caption\":\"Res-Q-Jack, Inc.\"},\"image\":{\"@id\":\"https:\/\/res-q-jack.com\/#\/schema\/logo\/image\/\"}}]}<\/script>\n<!-- \/ Yoast SEO plugin. -->","yoast_head_json":{"title":"Podpory stabilizuj\u0105ce pojazd | Res-Q-Jack, Inc.","description":"Podpory stabilizuj\u0105ce pojazd firmy Res-Q-Jack - stworzone z my\u015bl\u0105 o szybkim i bezpiecznym wsparciu podczas akcji ratunkowych. Zwi\u0119ksz wydajno\u015b\u0107 swojego zespo\u0142u ju\u017c dzi\u015b.","robots":{"index":"index","follow":"follow","max-snippet":"max-snippet:-1","max-image-preview":"max-image-preview:large","max-video-preview":"max-video-preview:-1"},"canonical":"https:\/\/res-q-jack.com\/pl\/listwy\/podluznice-stabilizujace-pojazd\/","og_locale":"pl_PL","og_type":"article","og_title":"Vehicle Stabilization Struts | Res-Q-Jack, Inc.","og_description":"Vehicle stabilization struts by Res-Q-Jack\u2014built for swift, secure support in emergency rescues. Enhance your team\u2019s efficiency today.","og_url":"https:\/\/res-q-jack.com\/pl\/listwy\/podluznice-stabilizujace-pojazd\/","og_site_name":"Res-Q-Jack, Inc.","article_modified_time":"2026-04-14T13:59:56+00:00","og_image":[{"url":"https:\/\/res-q-jack.com\/wp-content\/uploads\/2020\/06\/cement-truck-icon.png","type":"","width":"","height":""}],"twitter_card":"summary_large_image","twitter_misc":{"Szacowany czas czytania":"5 minut"},"schema":{"@context":"https:\/\/schema.org","@graph":[{"@type":"WebPage","@id":"https:\/\/res-q-jack.com\/struts\/vehicle-stabilization-struts\/","url":"https:\/\/res-q-jack.com\/struts\/vehicle-stabilization-struts\/","name":"Podpory stabilizuj\u0105ce pojazd | Res-Q-Jack, Inc.","isPartOf":{"@id":"https:\/\/res-q-jack.com\/#website"},"primaryImageOfPage":{"@id":"https:\/\/res-q-jack.com\/struts\/vehicle-stabilization-struts\/#primaryimage"},"image":{"@id":"https:\/\/res-q-jack.com\/struts\/vehicle-stabilization-struts\/#primaryimage"},"thumbnailUrl":"https:\/\/res-q-jack.com\/wp-content\/uploads\/2020\/06\/cement-truck-icon.png","datePublished":"2019-12-18T21:18:26+00:00","dateModified":"2026-04-14T13:59:56+00:00","description":"Podpory stabilizuj\u0105ce pojazd firmy Res-Q-Jack - stworzone z my\u015bl\u0105 o szybkim i bezpiecznym wsparciu podczas akcji ratunkowych. Zwi\u0119ksz wydajno\u015b\u0107 swojego zespo\u0142u ju\u017c dzi\u015b.","breadcrumb":{"@id":"https:\/\/res-q-jack.com\/struts\/vehicle-stabilization-struts\/#breadcrumb"},"inLanguage":"pl-PL","potentialAction":[{"@type":"ReadAction","target":["https:\/\/res-q-jack.com\/struts\/vehicle-stabilization-struts\/"]}]},{"@type":"ImageObject","inLanguage":"pl-PL","@id":"https:\/\/res-q-jack.com\/struts\/vehicle-stabilization-struts\/#primaryimage","url":"https:\/\/res-q-jack.com\/wp-content\/uploads\/2020\/06\/cement-truck-icon.png","contentUrl":"https:\/\/res-q-jack.com\/wp-content\/uploads\/2020\/06\/cement-truck-icon.png"},{"@type":"BreadcrumbList","@id":"https:\/\/res-q-jack.com\/struts\/vehicle-stabilization-struts\/#breadcrumb","itemListElement":[{"@type":"ListItem","position":1,"name":"Home","item":"https:\/\/res-q-jack.com\/"},{"@type":"ListItem","position":2,"name":"Rescue Struts","item":"https:\/\/res-q-jack.com\/struts\/"},{"@type":"ListItem","position":3,"name":"Vehicle Stabilization Struts"}]},{"@type":"WebSite","@id":"https:\/\/res-q-jack.com\/#website","url":"https:\/\/res-q-jack.com\/","name":"Res-Q-Jack, Inc.","description":"Stabilizatory pojazdu","publisher":{"@id":"https:\/\/res-q-jack.com\/#organization"},"potentialAction":[{"@type":"SearchAction","target":{"@type":"EntryPoint","urlTemplate":"https:\/\/res-q-jack.com\/?s={search_term_string}"},"query-input":{"@type":"PropertyValueSpecification","valueRequired":true,"valueName":"search_term_string"}}],"inLanguage":"pl-PL"},{"@type":"Organization","@id":"https:\/\/res-q-jack.com\/#organization","name":"Res-Q-Jack, Inc.","url":"https:\/\/res-q-jack.com\/","logo":{"@type":"ImageObject","inLanguage":"pl-PL","@id":"https:\/\/res-q-jack.com\/#\/schema\/logo\/image\/","url":"https:\/\/res-q-jack.com\/wp-content\/uploads\/2020\/03\/Res-Q-Jack-SEO-Logo.png","contentUrl":"https:\/\/res-q-jack.com\/wp-content\/uploads\/2020\/03\/Res-Q-Jack-SEO-Logo.png","width":612,"height":138,"caption":"Res-Q-Jack, Inc."},"image":{"@id":"https:\/\/res-q-jack.com\/#\/schema\/logo\/image\/"}}]}},"_links":{"self":[{"href":"https:\/\/res-q-jack.com\/pl\/wp-json\/wp\/v2\/pages\/187","targetHints":{"allow":["GET"]}}],"collection":[{"href":"https:\/\/res-q-jack.com\/pl\/wp-json\/wp\/v2\/pages"}],"about":[{"href":"https:\/\/res-q-jack.com\/pl\/wp-json\/wp\/v2\/types\/page"}],"author":[{"embeddable":true,"href":"https:\/\/res-q-jack.com\/pl\/wp-json\/wp\/v2\/users\/2"}],"replies":[{"embeddable":true,"href":"https:\/\/res-q-jack.com\/pl\/wp-json\/wp\/v2\/comments?post=187"}],"version-history":[{"count":1,"href":"https:\/\/res-q-jack.com\/pl\/wp-json\/wp\/v2\/pages\/187\/revisions"}],"predecessor-version":[{"id":2226,"href":"https:\/\/res-q-jack.com\/pl\/wp-json\/wp\/v2\/pages\/187\/revisions\/2226"}],"up":[{"embeddable":true,"href":"https:\/\/res-q-jack.com\/pl\/wp-json\/wp\/v2\/pages\/42"}],"wp:attachment":[{"href":"https:\/\/res-q-jack.com\/pl\/wp-json\/wp\/v2\/media?parent=187"}],"curies":[{"name":"wp","href":"https:\/\/api.w.org\/{rel}","templated":true}]}}