{"id":184,"date":"2019-12-18T16:16:33","date_gmt":"2019-12-18T21:16:33","guid":{"rendered":"https:\/\/resqjack.wpengine.com\/?page_id=184"},"modified":"2024-10-29T10:50:30","modified_gmt":"2024-10-29T15:50:30","slug":"rozpory-do-rowow","status":"publish","type":"page","link":"https:\/\/res-q-jack.com\/pl\/struts\/trench-shoring-struts\/","title":{"rendered":"Strzemiona do szalowania wykop\u00f3w"},"content":{"rendered":"<img decoding=\"async\" data-src=\"https:\/\/res-q-jack.com\/wp-content\/uploads\/2020\/01\/Trench-Shoring-Rescue-Jacks.png\" alt=\"Podno\u015bniki ratownicze do szalunk\u00f3w serii SPX\" title=\"Obudowa wykop\u00f3w Podno\u015bniki ratownicze\" itemprop=\"image\" src=\"data:image\/svg+xml;base64,PHN2ZyB3aWR0aD0iMSIgaGVpZ2h0PSIxIiB4bWxucz0iaHR0cDovL3d3dy53My5vcmcvMjAwMC9zdmciPjwvc3ZnPg==\" class=\"lazyload\" style=\"--smush-placeholder-width: 400px; --smush-placeholder-aspect-ratio: 400\/81;\" \/>\n\t\t<h1>Strzemiona do szalowania wykop\u00f3w<\/h1>\t\t\t\n\t\t\t\t<p>Nasze rozpory obudowy wykop\u00f3w maj\u0105 znamionowe obci\u0105\u017cenia robocze od 10.400 - 38.400 lbs. i d\u0142ugo\u015bci prz\u0119se\u0142 od 26\u2033 do 112\u2033.<\/p>\n\t\t\t\t<img decoding=\"async\" data-src=\"https:\/\/res-q-jack.com\/wp-content\/uploads\/2020\/01\/Trench-Shoring-Struts.jpg\" alt=\"Strzemiona do szalowania wykop\u00f3w\" title=\"Strzemiona do szalowania wykop\u00f3w\" itemprop=\"image\" src=\"data:image\/svg+xml;base64,PHN2ZyB3aWR0aD0iMSIgaGVpZ2h0PSIxIiB4bWxucz0iaHR0cDovL3d3dy53My5vcmcvMjAwMC9zdmciPjwvc3ZnPg==\" class=\"lazyload\" style=\"--smush-placeholder-width: 220px; --smush-placeholder-aspect-ratio: 220\/408;\" \/>\n\t\t\t<h2>Pneumatyczne rozpory szalunkowe do wykop\u00f3w<\/h2>\t\t\t\n\t\t\t\t<p>Nowy system obudowy wykop\u00f3w Super X doskonale sprawdza si\u0119 w ka\u017cdej sytuacji zwi\u0105zanej z ratowaniem \u017cycia w wykopie.  Wykonany z wysokiej jako\u015bci aluminium i wyposa\u017cony w te same funkcje, co nasze rozpory Super X, system obudowy wykop\u00f3w spe\u0142ni wszystkie twoje potrzeby.  Rozpory te s\u0105 dost\u0119pne w trzech rozmiarach, aby sprosta\u0107 r\u00f3\u017cnym sytuacjom, a ka\u017cda z nich jest kompatybilna z naszymi komponentami Super X-Strut, jak r\u00f3wnie\u017c z komponentami konkurencji.<\/p>\n\t<ul>\n\t\t<li>\t\t\t\t\n\t\t<h4>Pliki do pobrania<\/h4><\/li>\t<\/ul>\n\t<ul>\n\t\t<li><a href=\"https:\/\/res-q-jack.com\/wp-content\/uploads\/documents\/RQJ-Tech-Data-Sheet-SPX-Trench-Shore.pdf\" target=\"_blank\" rel=\"noopener\" aria-label=\"Go to https:\/\/res-q-jack.com\/wp-content\/uploads\/documents\/RQJ-Tech-Data-Sheet-SPX-Trench-Shore.pdf\">\t\t\t\t\n\t\tArkusz danych technicznych (801KB)<\/a><\/li><li><a href=\"https:\/\/res-q-jack.com\/pl\/zapytanie-ofertowe-2\/\" target=\"_blank\" rel=\"noopener\" aria-label=\"Go to https:\/\/res-q-jack.com\/request-a-catalog\/\">\t\t\t\t\n\t\tKatalog produkt\u00f3w (8MB)<\/a><\/li>\t<\/ul>\n\t<ul>\n\t\t<li>\t\t\t\t\n\t\t<h4>Specyfikacje<\/h4><\/li>\t<\/ul>\n\t<p>WLL przy r\u00f3\u017cnych d\u0142ugo\u015bciach*<\/p>\n\t<ul>\n\t\t<li>\t\t\t\t\n\t\t26\u2033 D\u0142ugo\u015b\u0107: 38,400 lbs<\/li><li>\t\t\t\t\n\t\t50\u2033 D\u0142ugo\u015b\u0107: 30,600 lbs<\/li><li>\t\t\t\t\n\t\t74\u2033 D\u0142ugo\u015b\u0107: 25 150 lbs<\/li><li>\t\t\t\t\n\t\t94\u2033 D\u0142ugo\u015b\u0107: 14,180 lbs<\/li><li>\t\t\t\t\n\t\t112\u2033 D\u0142ugo\u015b\u0107: 10.400 lbs<\/li>\t<\/ul>\n\t<p>(wsp\u00f3\u0142czynnik bezpiecze\u0144stwa 2:1 dla amortyzator\u00f3w i akcesori\u00f3w)<\/p>\n<p>* Dopuszczalne obci\u0105\u017cenia robocze obliczone dla z\u0142\u0105czek ko\u0144cowych z p\u0142yt\u0105 kana\u0142ow\u0105 obrotow\u0105.<\/p>\n\t\t\t<a href=\"https:\/\/res-q-jack.com\/pl\/zapytanie-ofertowe\/\" target=\"_self\" rel=\"noopener\">\n\t\t\t\t\t\t\t\tZapytaj o ofert\u0119\n\t\t\t\t\t\t\t<\/a>\n\t\t\t<a href=\"https:\/\/res-q-jack.com\/pl\/free-demo\/\" target=\"_self\" rel=\"noopener\">\n\t\t\t\t\t\t\t\tZaplanuj demonstracj\u0119\n\t\t\t\t\t\t\t<\/a>\n\t<h4>\n\t\t\t\tPytania?  Zadzwo\u0144 do nas pod numer 1-800-466-9626\n\t\t\t<\/h4>\n\t<h3>\n\t\t\t\tTrzy rozmiary do wyboru\n\t\t\t<\/h3>\n\t\t\t<p>Dost\u0119pne w trzech d\u0142ugo\u015bciach, aby zapewni\u0107 odpowiedni\u0105 d\u0142ugo\u015b\u0107 do pracy.  Ka\u017cda rozp\u00f3rka Trench Shore akceptuje r\u00f3wnie\u017c nasze przed\u0142u\u017cenia SPX, daj\u0105c Ci do 4 dodatkowych st\u00f3p d\u0142ugo\u015bci (MAX: 2 przed\u0142u\u017cenia na rozp\u00f3rk\u0119). *Wszystkie d\u0142ugo\u015bci zawieraj\u0105 DWIE z\u0142\u0105czki ko\u0144cowe Swivel End Plate (do\u0142\u0105czone do ka\u017cdej rozp\u00f3rki).<\/p>\t\n\t\t\t\t<img decoding=\"async\" data-src=\"https:\/\/res-q-jack.com\/wp-content\/uploads\/2020\/01\/Trench-Shoring-Strut-Size-Comparison.png\" alt=\"Por\u00f3wnanie wielko\u015bci rozp\u00f3r szalunkowych\" title=\"Por\u00f3wnanie wielko\u015bci rozp\u00f3r szalunkowych\" itemprop=\"image\" src=\"data:image\/svg+xml;base64,PHN2ZyB3aWR0aD0iMSIgaGVpZ2h0PSIxIiB4bWxucz0iaHR0cDovL3d3dy53My5vcmcvMjAwMC9zdmciPjwvc3ZnPg==\" class=\"lazyload\" style=\"--smush-placeholder-width: 959px; --smush-placeholder-aspect-ratio: 959\/238;\" \/>\n\t<h5>\n\t\t\t\tZalety stosowania rozpory szalunkowej Res-Q-Jack\n\t\t\t<\/h5>\n\t\t\t\t<img decoding=\"async\" data-src=\"https:\/\/res-q-jack.com\/wp-content\/uploads\/2020\/05\/Trench-Shoring-Strut-Features.jpg\" alt=\"Cechy rozpory szalunkowej do row\u00f3w\" title=\"Cechy rozpory szalunkowej do row\u00f3w\" itemprop=\"image\" src=\"data:image\/svg+xml;base64,PHN2ZyB3aWR0aD0iMSIgaGVpZ2h0PSIxIiB4bWxucz0iaHR0cDovL3d3dy53My5vcmcvMjAwMC9zdmciPjwvc3ZnPg==\" class=\"lazyload\" style=\"--smush-placeholder-width: 374px; --smush-placeholder-aspect-ratio: 374\/681;\" \/>\n\t\t\t<h3>1. Rury wewn\u0119trzne dr\u0105\u017cone<\/h3>\t\t\t\n\t\t\t\t<p>Brzeg okopowy Super X zosta\u0142 zaprojektowany z my\u015bl\u0105 o szybkim i \u0142atwym u\u017cyciu.  Wydr\u0105\u017cona rurka wewn\u0119trzna pozwala zaoszcz\u0119dzi\u0107 do 5 funt\u00f3w wagi w por\u00f3wnaniu z rurk\u0105 lit\u0105.<\/p>\n\t\t\t<h3>2. Opatentowany sworze\u0144 blokuj\u0105cy<\/h3>\t\t\t\n\t\t\t\t<p>Opatentowany przez nas sworze\u0144 blokuj\u0105cy tworzy pozytywn\u0105 blokad\u0119, eliminuj\u0105c ryzyko nadmiernego rozci\u0105gni\u0119cia i zapobiegaj\u0105c wypadni\u0119ciu d\u0119tki.<\/p>\n\t\t\t<h3>3. Aktywacja pneumatyczna<\/h3>\t\t\t\n\t\t\t\t<p>Nasze rozpory brzegowe do wykop\u00f3w s\u0105 testowane hydrostatycznie pod ci\u015bnieniem do 800 PSI do u\u017cytku z systemami spr\u0119\u017conego powietrza.<\/p>\n\t\t\t<h3>4. Obur\u0119czne z\u0142\u0105cza ko\u0144cowe<\/h3>\t\t\t\n\t\t\t\t<p>U\u017cyj przed\u0142u\u017ce\u0144 na obu ko\u0144cach, aby uzyska\u0107 do 4 dodatkowych st\u00f3p d\u0142ugo\u015bci (maks.: 2 przed\u0142u\u017cenia).<\/p>","protected":false},"excerpt":{"rendered":"<p>Rozpory obudowy wykop\u00f3w Nasze rozpory obudowy wykop\u00f3w maj\u0105 znamionowe obci\u0105\u017cenia robocze od 10.400 - 38.400 lbs. i d\u0142ugo\u015bci rozpi\u0119to\u015bci od 26\u2033 do 112\u2033. Pneumatyczne rozpory obudowy wykop\u00f3w Nowy system obudowy wykop\u00f3w Super X sprawdza si\u0119 w ka\u017cdym scenariuszu ratowniczym.  Wykonane z wysokiej jako\u015bci aluminium i wyposa\u017cone w te same funkcje co nasza linia Super X-Strut,...<\/p>","protected":false},"author":2,"featured_media":0,"parent":42,"menu_order":0,"comment_status":"closed","ping_status":"closed","template":"","meta":{"footnotes":""},"class_list":["post-184","page","type-page","status-publish","hentry"],"yoast_head":"<!-- This site is optimized with the Yoast SEO plugin v27.2 - https:\/\/yoast.com\/product\/yoast-seo-wordpress\/ -->\n<title>Trench Shoring Struts | Res-Q-Jack, Inc.<\/title>\n<meta name=\"description\" content=\"Res-Q-Jack trench shoring struts and lifting jacks have rated working loads from 10,400 - 38,400 lbs. and span lengths from 26&quot; to 112&quot;.\" \/>\n<meta name=\"robots\" content=\"index, follow, max-snippet:-1, max-image-preview:large, max-video-preview:-1\" \/>\n<link rel=\"canonical\" href=\"https:\/\/res-q-jack.com\/pl\/listwy\/rozpory-do-rowow\/\" \/>\n<meta property=\"og:locale\" content=\"pl_PL\" \/>\n<meta property=\"og:type\" content=\"article\" \/>\n<meta property=\"og:title\" content=\"Trench Shoring Struts | Res-Q-Jack, Inc.\" \/>\n<meta property=\"og:description\" content=\"Res-Q-Jack trench shoring struts and lifting jacks have rated working loads from 10,400 - 38,400 lbs. and span lengths from 26&quot; to 112&quot;.\" \/>\n<meta property=\"og:url\" content=\"https:\/\/res-q-jack.com\/pl\/listwy\/rozpory-do-rowow\/\" \/>\n<meta property=\"og:site_name\" content=\"Res-Q-Jack, Inc.\" \/>\n<meta property=\"article:modified_time\" content=\"2024-10-29T15:50:30+00:00\" \/>\n<meta property=\"og:image\" content=\"https:\/\/res-q-jack.com\/wp-content\/uploads\/2020\/01\/Trench-Shoring-Rescue-Jacks.png\" \/>\n<meta name=\"twitter:card\" content=\"summary_large_image\" \/>\n<meta name=\"twitter:label1\" content=\"Szacowany czas czytania\" \/>\n\t<meta name=\"twitter:data1\" content=\"1 minuta\" \/>\n<script type=\"application\/ld+json\" class=\"yoast-schema-graph\">{\"@context\":\"https:\/\/schema.org\",\"@graph\":[{\"@type\":\"WebPage\",\"@id\":\"https:\/\/res-q-jack.com\/struts\/trench-shoring-struts\/\",\"url\":\"https:\/\/res-q-jack.com\/struts\/trench-shoring-struts\/\",\"name\":\"Trench Shoring Struts | Res-Q-Jack, Inc.\",\"isPartOf\":{\"@id\":\"https:\/\/res-q-jack.com\/#website\"},\"primaryImageOfPage\":{\"@id\":\"https:\/\/res-q-jack.com\/struts\/trench-shoring-struts\/#primaryimage\"},\"image\":{\"@id\":\"https:\/\/res-q-jack.com\/struts\/trench-shoring-struts\/#primaryimage\"},\"thumbnailUrl\":\"https:\/\/res-q-jack.com\/wp-content\/uploads\/2020\/01\/Trench-Shoring-Rescue-Jacks.png\",\"datePublished\":\"2019-12-18T21:16:33+00:00\",\"dateModified\":\"2024-10-29T15:50:30+00:00\",\"description\":\"Res-Q-Jack trench shoring struts and lifting jacks have rated working loads from 10,400 - 38,400 lbs. and span lengths from 26\\\" to 112\\\".\",\"breadcrumb\":{\"@id\":\"https:\/\/res-q-jack.com\/struts\/trench-shoring-struts\/#breadcrumb\"},\"inLanguage\":\"pl-PL\",\"potentialAction\":[{\"@type\":\"ReadAction\",\"target\":[\"https:\/\/res-q-jack.com\/struts\/trench-shoring-struts\/\"]}]},{\"@type\":\"ImageObject\",\"inLanguage\":\"pl-PL\",\"@id\":\"https:\/\/res-q-jack.com\/struts\/trench-shoring-struts\/#primaryimage\",\"url\":\"https:\/\/res-q-jack.com\/wp-content\/uploads\/2020\/01\/Trench-Shoring-Rescue-Jacks.png\",\"contentUrl\":\"https:\/\/res-q-jack.com\/wp-content\/uploads\/2020\/01\/Trench-Shoring-Rescue-Jacks.png\"},{\"@type\":\"BreadcrumbList\",\"@id\":\"https:\/\/res-q-jack.com\/struts\/trench-shoring-struts\/#breadcrumb\",\"itemListElement\":[{\"@type\":\"ListItem\",\"position\":1,\"name\":\"Home\",\"item\":\"https:\/\/res-q-jack.com\/\"},{\"@type\":\"ListItem\",\"position\":2,\"name\":\"Rescue Struts\",\"item\":\"https:\/\/res-q-jack.com\/struts\/\"},{\"@type\":\"ListItem\",\"position\":3,\"name\":\"Trench Shoring Struts\"}]},{\"@type\":\"WebSite\",\"@id\":\"https:\/\/res-q-jack.com\/#website\",\"url\":\"https:\/\/res-q-jack.com\/\",\"name\":\"Res-Q-Jack, Inc.\",\"description\":\"Vehicle Stabilization Struts\",\"publisher\":{\"@id\":\"https:\/\/res-q-jack.com\/#organization\"},\"potentialAction\":[{\"@type\":\"SearchAction\",\"target\":{\"@type\":\"EntryPoint\",\"urlTemplate\":\"https:\/\/res-q-jack.com\/?s={search_term_string}\"},\"query-input\":{\"@type\":\"PropertyValueSpecification\",\"valueRequired\":true,\"valueName\":\"search_term_string\"}}],\"inLanguage\":\"pl-PL\"},{\"@type\":\"Organization\",\"@id\":\"https:\/\/res-q-jack.com\/#organization\",\"name\":\"Res-Q-Jack, Inc.\",\"url\":\"https:\/\/res-q-jack.com\/\",\"logo\":{\"@type\":\"ImageObject\",\"inLanguage\":\"pl-PL\",\"@id\":\"https:\/\/res-q-jack.com\/#\/schema\/logo\/image\/\",\"url\":\"https:\/\/res-q-jack.com\/wp-content\/uploads\/2020\/03\/Res-Q-Jack-SEO-Logo.png\",\"contentUrl\":\"https:\/\/res-q-jack.com\/wp-content\/uploads\/2020\/03\/Res-Q-Jack-SEO-Logo.png\",\"width\":612,\"height\":138,\"caption\":\"Res-Q-Jack, Inc.\"},\"image\":{\"@id\":\"https:\/\/res-q-jack.com\/#\/schema\/logo\/image\/\"}}]}<\/script>\n<!-- \/ Yoast SEO plugin. -->","yoast_head_json":{"title":"Strzemiona do szalunk\u00f3w wykopowych | Res-Q-Jack, Inc.","description":"Rozpory i podno\u015bniki Res-Q-Jack maj\u0105 znamionowe obci\u0105\u017cenie robocze od 10 400 do 38 400 funt\u00f3w i rozpi\u0119to\u015b\u0107 od 26\" do 112\".","robots":{"index":"index","follow":"follow","max-snippet":"max-snippet:-1","max-image-preview":"max-image-preview:large","max-video-preview":"max-video-preview:-1"},"canonical":"https:\/\/res-q-jack.com\/pl\/listwy\/rozpory-do-rowow\/","og_locale":"pl_PL","og_type":"article","og_title":"Trench Shoring Struts | Res-Q-Jack, Inc.","og_description":"Res-Q-Jack trench shoring struts and lifting jacks have rated working loads from 10,400 - 38,400 lbs. and span lengths from 26\" to 112\".","og_url":"https:\/\/res-q-jack.com\/pl\/listwy\/rozpory-do-rowow\/","og_site_name":"Res-Q-Jack, Inc.","article_modified_time":"2024-10-29T15:50:30+00:00","og_image":[{"url":"https:\/\/res-q-jack.com\/wp-content\/uploads\/2020\/01\/Trench-Shoring-Rescue-Jacks.png","type":"","width":"","height":""}],"twitter_card":"summary_large_image","twitter_misc":{"Szacowany czas czytania":"1 minuta"},"schema":{"@context":"https:\/\/schema.org","@graph":[{"@type":"WebPage","@id":"https:\/\/res-q-jack.com\/struts\/trench-shoring-struts\/","url":"https:\/\/res-q-jack.com\/struts\/trench-shoring-struts\/","name":"Strzemiona do szalunk\u00f3w wykopowych | Res-Q-Jack, Inc.","isPartOf":{"@id":"https:\/\/res-q-jack.com\/#website"},"primaryImageOfPage":{"@id":"https:\/\/res-q-jack.com\/struts\/trench-shoring-struts\/#primaryimage"},"image":{"@id":"https:\/\/res-q-jack.com\/struts\/trench-shoring-struts\/#primaryimage"},"thumbnailUrl":"https:\/\/res-q-jack.com\/wp-content\/uploads\/2020\/01\/Trench-Shoring-Rescue-Jacks.png","datePublished":"2019-12-18T21:16:33+00:00","dateModified":"2024-10-29T15:50:30+00:00","description":"Rozpory i podno\u015bniki Res-Q-Jack maj\u0105 znamionowe obci\u0105\u017cenie robocze od 10 400 do 38 400 funt\u00f3w i rozpi\u0119to\u015b\u0107 od 26\" do 112\".","breadcrumb":{"@id":"https:\/\/res-q-jack.com\/struts\/trench-shoring-struts\/#breadcrumb"},"inLanguage":"pl-PL","potentialAction":[{"@type":"ReadAction","target":["https:\/\/res-q-jack.com\/struts\/trench-shoring-struts\/"]}]},{"@type":"ImageObject","inLanguage":"pl-PL","@id":"https:\/\/res-q-jack.com\/struts\/trench-shoring-struts\/#primaryimage","url":"https:\/\/res-q-jack.com\/wp-content\/uploads\/2020\/01\/Trench-Shoring-Rescue-Jacks.png","contentUrl":"https:\/\/res-q-jack.com\/wp-content\/uploads\/2020\/01\/Trench-Shoring-Rescue-Jacks.png"},{"@type":"BreadcrumbList","@id":"https:\/\/res-q-jack.com\/struts\/trench-shoring-struts\/#breadcrumb","itemListElement":[{"@type":"ListItem","position":1,"name":"Home","item":"https:\/\/res-q-jack.com\/"},{"@type":"ListItem","position":2,"name":"Rescue Struts","item":"https:\/\/res-q-jack.com\/struts\/"},{"@type":"ListItem","position":3,"name":"Trench Shoring Struts"}]},{"@type":"WebSite","@id":"https:\/\/res-q-jack.com\/#website","url":"https:\/\/res-q-jack.com\/","name":"Res-Q-Jack, Inc.","description":"Stabilizatory pojazdu","publisher":{"@id":"https:\/\/res-q-jack.com\/#organization"},"potentialAction":[{"@type":"SearchAction","target":{"@type":"EntryPoint","urlTemplate":"https:\/\/res-q-jack.com\/?s={search_term_string}"},"query-input":{"@type":"PropertyValueSpecification","valueRequired":true,"valueName":"search_term_string"}}],"inLanguage":"pl-PL"},{"@type":"Organization","@id":"https:\/\/res-q-jack.com\/#organization","name":"Res-Q-Jack, Inc.","url":"https:\/\/res-q-jack.com\/","logo":{"@type":"ImageObject","inLanguage":"pl-PL","@id":"https:\/\/res-q-jack.com\/#\/schema\/logo\/image\/","url":"https:\/\/res-q-jack.com\/wp-content\/uploads\/2020\/03\/Res-Q-Jack-SEO-Logo.png","contentUrl":"https:\/\/res-q-jack.com\/wp-content\/uploads\/2020\/03\/Res-Q-Jack-SEO-Logo.png","width":612,"height":138,"caption":"Res-Q-Jack, Inc."},"image":{"@id":"https:\/\/res-q-jack.com\/#\/schema\/logo\/image\/"}}]}},"_links":{"self":[{"href":"https:\/\/res-q-jack.com\/pl\/wp-json\/wp\/v2\/pages\/184","targetHints":{"allow":["GET"]}}],"collection":[{"href":"https:\/\/res-q-jack.com\/pl\/wp-json\/wp\/v2\/pages"}],"about":[{"href":"https:\/\/res-q-jack.com\/pl\/wp-json\/wp\/v2\/types\/page"}],"author":[{"embeddable":true,"href":"https:\/\/res-q-jack.com\/pl\/wp-json\/wp\/v2\/users\/2"}],"replies":[{"embeddable":true,"href":"https:\/\/res-q-jack.com\/pl\/wp-json\/wp\/v2\/comments?post=184"}],"version-history":[{"count":0,"href":"https:\/\/res-q-jack.com\/pl\/wp-json\/wp\/v2\/pages\/184\/revisions"}],"up":[{"embeddable":true,"href":"https:\/\/res-q-jack.com\/pl\/wp-json\/wp\/v2\/pages\/42"}],"wp:attachment":[{"href":"https:\/\/res-q-jack.com\/pl\/wp-json\/wp\/v2\/media?parent=184"}],"curies":[{"name":"wp","href":"https:\/\/api.w.org\/{rel}","templated":true}]}}