{"id":177,"date":"2019-12-18T15:55:42","date_gmt":"2019-12-18T20:55:42","guid":{"rendered":"https:\/\/resqjack.wpengine.com\/?page_id=177"},"modified":"2020-07-02T14:07:22","modified_gmt":"2020-07-02T19:07:22","slug":"sciagacze-stabilizujace-pojazd","status":"publish","type":"page","link":"https:\/\/res-q-jack.com\/pl\/struts\/vehicle-stabilization-struts\/standard-duty-vehicle-stabilization-struts\/","title":{"rendered":"Standardowe amortyzatory samochodowe"},"content":{"rendered":"<p><img decoding=\"async\" title=\"Standardowe amortyzatory samochodowe\" data-src=\"https:\/\/res-q-jack.com\/wp-content\/uploads\/2019\/12\/truck-yellow.png\" alt=\"Standardowe amortyzatory samochodowe\" src=\"data:image\/svg+xml;base64,PHN2ZyB3aWR0aD0iMSIgaGVpZ2h0PSIxIiB4bWxucz0iaHR0cDovL3d3dy53My5vcmcvMjAwMC9zdmciPjwvc3ZnPg==\" class=\"lazyload\" style=\"--smush-placeholder-width: 115px; --smush-placeholder-aspect-ratio: 115\/115;\" \/><\/p>\r\n<h3>Standardowa obs\u0142uga<\/h3>\r\n<h1>Stabilizatory pojazdu<\/h1>\r\n<p>Nasze rozp\u00f3rki do zastosowa\u0144 standardowych maj\u0105 znamionowe obci\u0105\u017cenie robocze 4000 funt\u00f3w (2:1) i s\u0105 przeznaczone do stosowania w lekkich samochodach ci\u0119\u017carowych, SUV-ach i innych typowych pojazdach.<\/p>\r\n<p><img decoding=\"async\" title=\"Stalowy stabilizator pojazdu serii X-Strut o standardowej wytrzyma\u0142o\u015bci\" data-src=\"https:\/\/res-q-jack.com\/wp-content\/uploads\/2019\/12\/Steel-X-Strut-Series-Standard-Duty-Vehicle-Stabilization-Strut.jpg\" alt=\"Stalowy stabilizator pojazdu serii X-Strut o standardowej wytrzyma\u0142o\u015bci\" src=\"data:image\/svg+xml;base64,PHN2ZyB3aWR0aD0iMSIgaGVpZ2h0PSIxIiB4bWxucz0iaHR0cDovL3d3dy53My5vcmcvMjAwMC9zdmciPjwvc3ZnPg==\" class=\"lazyload\" style=\"--smush-placeholder-width: 220px; --smush-placeholder-aspect-ratio: 220\/660;\" \/><\/p>\r\n<h3>Stalowy wspornik X<sup><\/sup> Rozp\u00f3rki serii<\/h3>\r\n<p>Seria Steel X-Strut to nasza oryginalna linia X-Strut zaprojektowana do typowych zastosowa\u0144 w ratownictwie pojazdowym.<\/p>\r\n<p><strong>Dopuszczalne obci\u0105\u017cenie robocze: 4 000 funt\u00f3w (wsp\u00f3\u0142czynnik bezpiecze\u0144stwa 2:1)<\/strong><\/p>\r\n<p><a role=\"button\" href=\"https:\/\/res-q-jack.com\/pl\/listwy\/podluznice-stabilizujace-pojazd\/sciagacze-stabilizujace-pojazd\/steel-x-strut\/\" target=\"_self\" rel=\"noopener noreferrer\"> Zobacz szczeg\u00f3\u0142y <\/a> <img decoding=\"async\" title=\"Stabilizator pojazdu serii RJ3 do zastosowa\u0144 standardowych\" data-src=\"https:\/\/res-q-jack.com\/wp-content\/uploads\/2019\/12\/RJ3-Series-Standard-Duty-Vehicle-Stabilization-Strut-100x300.jpg\" alt=\"Stabilizator pojazdu serii RJ3 do zastosowa\u0144 standardowych\" src=\"data:image\/svg+xml;base64,PHN2ZyB3aWR0aD0iMSIgaGVpZ2h0PSIxIiB4bWxucz0iaHR0cDovL3d3dy53My5vcmcvMjAwMC9zdmciPjwvc3ZnPg==\" class=\"lazyload\" style=\"--smush-placeholder-width: 100px; --smush-placeholder-aspect-ratio: 100\/300;\" \/><\/p>\r\n<h3>Podk\u0142adki serii RJ3<\/h3>\r\n<p>Seria RJ3 to oryginalna linia stalowych rozp\u00f3rek stabilizuj\u0105cych przeznaczonych do typowych akcji ratunkowych z u\u017cyciem pojazd\u00f3w.<\/p>\r\n<p><strong>Dopuszczalne obci\u0105\u017cenie robocze: 4 000 funt\u00f3w (wsp\u00f3\u0142czynnik bezpiecze\u0144stwa 2:1)<\/strong><\/p>\r\n<p><a role=\"button\" href=\"https:\/\/res-q-jack.com\/pl\/listwy\/podluznice-stabilizujace-pojazd\/sciagacze-stabilizujace-pojazd\/rj3-jkst-jackstand\/\" target=\"_self\" rel=\"noopener noreferrer\"> Zobacz szczeg\u00f3\u0142y <\/a><\/p>\r\n<h4>Pytania? Zadzwo\u0144 do nas 1-800-466-9626<\/h4>","protected":false},"excerpt":{"rendered":"<p>Standardowe zastrza\u0142y stabilizuj\u0105ce pojazd Nasze standardowe zastrza\u0142y maj\u0105 nominalne obci\u0105\u017cenie robocze 4,000 lbs. (2:1) do u\u017cytku z lekkimi ci\u0119\u017car\u00f3wkami, SUV-ami i typowymi pojazdami. Stalowa seria X-Strut Seria Steel X-Strut to nasza oryginalna linia X-Strut zaprojektowana dla typowych pojazd\u00f3w ratowniczych. Limit obci\u0105\u017cenia roboczego: 4,000 lbs. (2:1 wsp\u00f3\u0142czynnik bezpiecze\u0144stwa) Zobacz szczeg\u00f3\u0142y Seria RJ3...<\/p>","protected":false},"author":2,"featured_media":0,"parent":187,"menu_order":0,"comment_status":"closed","ping_status":"closed","template":"","meta":{"footnotes":""},"class_list":["post-177","page","type-page","status-publish","hentry"],"yoast_head":"<!-- This site is optimized with the Yoast SEO plugin v27.5 - https:\/\/yoast.com\/product\/yoast-seo-wordpress\/ -->\n<title>Standard-Duty Vehicle Stabilization Struts | Res-Q-Jack, Inc.<\/title>\n<meta name=\"description\" content=\"Res-Q-Jack standard-duty struts have rated working loads of 4,000 lbs. (2:1) for use with light trucks, SUVs and typical vehicles.\" \/>\n<meta name=\"robots\" content=\"index, follow, max-snippet:-1, max-image-preview:large, max-video-preview:-1\" \/>\n<link rel=\"canonical\" href=\"https:\/\/res-q-jack.com\/pl\/listwy\/podluznice-stabilizujace-pojazd\/sciagacze-stabilizujace-pojazd\/\" \/>\n<meta property=\"og:locale\" content=\"pl_PL\" \/>\n<meta property=\"og:type\" content=\"article\" \/>\n<meta property=\"og:title\" content=\"Standard-Duty Vehicle Stabilization Struts | Res-Q-Jack, Inc.\" \/>\n<meta property=\"og:description\" content=\"Res-Q-Jack standard-duty struts have rated working loads of 4,000 lbs. (2:1) for use with light trucks, SUVs and typical vehicles.\" \/>\n<meta property=\"og:url\" content=\"https:\/\/res-q-jack.com\/pl\/listwy\/podluznice-stabilizujace-pojazd\/sciagacze-stabilizujace-pojazd\/\" \/>\n<meta property=\"og:site_name\" content=\"Res-Q-Jack, Inc.\" \/>\n<meta property=\"article:modified_time\" content=\"2020-07-02T19:07:22+00:00\" \/>\n<meta property=\"og:image\" content=\"https:\/\/res-q-jack.com\/wp-content\/uploads\/2019\/12\/truck-yellow.png\" \/>\n<meta name=\"twitter:card\" content=\"summary_large_image\" \/>\n<script type=\"application\/ld+json\" class=\"yoast-schema-graph\">{\"@context\":\"https:\\\/\\\/schema.org\",\"@graph\":[{\"@type\":\"WebPage\",\"@id\":\"https:\\\/\\\/res-q-jack.com\\\/struts\\\/vehicle-stabilization-struts\\\/standard-duty-vehicle-stabilization-struts\\\/\",\"url\":\"https:\\\/\\\/res-q-jack.com\\\/struts\\\/vehicle-stabilization-struts\\\/standard-duty-vehicle-stabilization-struts\\\/\",\"name\":\"Standard-Duty Vehicle Stabilization Struts | Res-Q-Jack, Inc.\",\"isPartOf\":{\"@id\":\"https:\\\/\\\/res-q-jack.com\\\/#website\"},\"primaryImageOfPage\":{\"@id\":\"https:\\\/\\\/res-q-jack.com\\\/struts\\\/vehicle-stabilization-struts\\\/standard-duty-vehicle-stabilization-struts\\\/#primaryimage\"},\"image\":{\"@id\":\"https:\\\/\\\/res-q-jack.com\\\/struts\\\/vehicle-stabilization-struts\\\/standard-duty-vehicle-stabilization-struts\\\/#primaryimage\"},\"thumbnailUrl\":\"https:\\\/\\\/res-q-jack.com\\\/wp-content\\\/uploads\\\/2019\\\/12\\\/truck-yellow.png\",\"datePublished\":\"2019-12-18T20:55:42+00:00\",\"dateModified\":\"2020-07-02T19:07:22+00:00\",\"description\":\"Res-Q-Jack standard-duty struts have rated working loads of 4,000 lbs. (2:1) for use with light trucks, SUVs and typical vehicles.\",\"breadcrumb\":{\"@id\":\"https:\\\/\\\/res-q-jack.com\\\/struts\\\/vehicle-stabilization-struts\\\/standard-duty-vehicle-stabilization-struts\\\/#breadcrumb\"},\"inLanguage\":\"pl-PL\",\"potentialAction\":[{\"@type\":\"ReadAction\",\"target\":[\"https:\\\/\\\/res-q-jack.com\\\/struts\\\/vehicle-stabilization-struts\\\/standard-duty-vehicle-stabilization-struts\\\/\"]}]},{\"@type\":\"ImageObject\",\"inLanguage\":\"pl-PL\",\"@id\":\"https:\\\/\\\/res-q-jack.com\\\/struts\\\/vehicle-stabilization-struts\\\/standard-duty-vehicle-stabilization-struts\\\/#primaryimage\",\"url\":\"https:\\\/\\\/res-q-jack.com\\\/wp-content\\\/uploads\\\/2019\\\/12\\\/truck-yellow.png\",\"contentUrl\":\"https:\\\/\\\/res-q-jack.com\\\/wp-content\\\/uploads\\\/2019\\\/12\\\/truck-yellow.png\"},{\"@type\":\"BreadcrumbList\",\"@id\":\"https:\\\/\\\/res-q-jack.com\\\/struts\\\/vehicle-stabilization-struts\\\/standard-duty-vehicle-stabilization-struts\\\/#breadcrumb\",\"itemListElement\":[{\"@type\":\"ListItem\",\"position\":1,\"name\":\"Home\",\"item\":\"https:\\\/\\\/res-q-jack.com\\\/\"},{\"@type\":\"ListItem\",\"position\":2,\"name\":\"Rescue Struts\",\"item\":\"https:\\\/\\\/res-q-jack.com\\\/struts\\\/\"},{\"@type\":\"ListItem\",\"position\":3,\"name\":\"Vehicle Stabilization Struts\",\"item\":\"https:\\\/\\\/res-q-jack.com\\\/struts\\\/vehicle-stabilization-struts\\\/\"},{\"@type\":\"ListItem\",\"position\":4,\"name\":\"Standard-Duty Vehicle Stabilization Struts\"}]},{\"@type\":\"WebSite\",\"@id\":\"https:\\\/\\\/res-q-jack.com\\\/#website\",\"url\":\"https:\\\/\\\/res-q-jack.com\\\/\",\"name\":\"Res-Q-Jack, Inc.\",\"description\":\"Vehicle Stabilization Struts\",\"publisher\":{\"@id\":\"https:\\\/\\\/res-q-jack.com\\\/#organization\"},\"potentialAction\":[{\"@type\":\"SearchAction\",\"target\":{\"@type\":\"EntryPoint\",\"urlTemplate\":\"https:\\\/\\\/res-q-jack.com\\\/?s={search_term_string}\"},\"query-input\":{\"@type\":\"PropertyValueSpecification\",\"valueRequired\":true,\"valueName\":\"search_term_string\"}}],\"inLanguage\":\"pl-PL\"},{\"@type\":\"Organization\",\"@id\":\"https:\\\/\\\/res-q-jack.com\\\/#organization\",\"name\":\"Res-Q-Jack, Inc.\",\"url\":\"https:\\\/\\\/res-q-jack.com\\\/\",\"logo\":{\"@type\":\"ImageObject\",\"inLanguage\":\"pl-PL\",\"@id\":\"https:\\\/\\\/res-q-jack.com\\\/#\\\/schema\\\/logo\\\/image\\\/\",\"url\":\"https:\\\/\\\/res-q-jack.com\\\/wp-content\\\/uploads\\\/2020\\\/03\\\/Res-Q-Jack-SEO-Logo.png\",\"contentUrl\":\"https:\\\/\\\/res-q-jack.com\\\/wp-content\\\/uploads\\\/2020\\\/03\\\/Res-Q-Jack-SEO-Logo.png\",\"width\":612,\"height\":138,\"caption\":\"Res-Q-Jack, Inc.\"},\"image\":{\"@id\":\"https:\\\/\\\/res-q-jack.com\\\/#\\\/schema\\\/logo\\\/image\\\/\"}}]}<\/script>\n<!-- \/ Yoast SEO plugin. -->","yoast_head_json":{"title":"Podno\u015bniki stabilizacyjne do pojazd\u00f3w standardowych | Res-Q-Jack, Inc.","description":"Standardowe amortyzatory Res-Q-Jack maj\u0105 nominalne obci\u0105\u017cenie robocze 4,000 lbs. (2:1) do stosowania w lekkich ci\u0119\u017car\u00f3wkach, SUV-ach i typowych pojazdach.","robots":{"index":"index","follow":"follow","max-snippet":"max-snippet:-1","max-image-preview":"max-image-preview:large","max-video-preview":"max-video-preview:-1"},"canonical":"https:\/\/res-q-jack.com\/pl\/listwy\/podluznice-stabilizujace-pojazd\/sciagacze-stabilizujace-pojazd\/","og_locale":"pl_PL","og_type":"article","og_title":"Standard-Duty Vehicle Stabilization Struts | Res-Q-Jack, Inc.","og_description":"Res-Q-Jack standard-duty struts have rated working loads of 4,000 lbs. (2:1) for use with light trucks, SUVs and typical vehicles.","og_url":"https:\/\/res-q-jack.com\/pl\/listwy\/podluznice-stabilizujace-pojazd\/sciagacze-stabilizujace-pojazd\/","og_site_name":"Res-Q-Jack, Inc.","article_modified_time":"2020-07-02T19:07:22+00:00","og_image":[{"url":"https:\/\/res-q-jack.com\/wp-content\/uploads\/2019\/12\/truck-yellow.png","type":"","width":"","height":""}],"twitter_card":"summary_large_image","schema":{"@context":"https:\/\/schema.org","@graph":[{"@type":"WebPage","@id":"https:\/\/res-q-jack.com\/struts\/vehicle-stabilization-struts\/standard-duty-vehicle-stabilization-struts\/","url":"https:\/\/res-q-jack.com\/struts\/vehicle-stabilization-struts\/standard-duty-vehicle-stabilization-struts\/","name":"Podno\u015bniki stabilizacyjne do pojazd\u00f3w standardowych | Res-Q-Jack, Inc.","isPartOf":{"@id":"https:\/\/res-q-jack.com\/#website"},"primaryImageOfPage":{"@id":"https:\/\/res-q-jack.com\/struts\/vehicle-stabilization-struts\/standard-duty-vehicle-stabilization-struts\/#primaryimage"},"image":{"@id":"https:\/\/res-q-jack.com\/struts\/vehicle-stabilization-struts\/standard-duty-vehicle-stabilization-struts\/#primaryimage"},"thumbnailUrl":"https:\/\/res-q-jack.com\/wp-content\/uploads\/2019\/12\/truck-yellow.png","datePublished":"2019-12-18T20:55:42+00:00","dateModified":"2020-07-02T19:07:22+00:00","description":"Standardowe amortyzatory Res-Q-Jack maj\u0105 nominalne obci\u0105\u017cenie robocze 4,000 lbs. (2:1) do stosowania w lekkich ci\u0119\u017car\u00f3wkach, SUV-ach i typowych pojazdach.","breadcrumb":{"@id":"https:\/\/res-q-jack.com\/struts\/vehicle-stabilization-struts\/standard-duty-vehicle-stabilization-struts\/#breadcrumb"},"inLanguage":"pl-PL","potentialAction":[{"@type":"ReadAction","target":["https:\/\/res-q-jack.com\/struts\/vehicle-stabilization-struts\/standard-duty-vehicle-stabilization-struts\/"]}]},{"@type":"ImageObject","inLanguage":"pl-PL","@id":"https:\/\/res-q-jack.com\/struts\/vehicle-stabilization-struts\/standard-duty-vehicle-stabilization-struts\/#primaryimage","url":"https:\/\/res-q-jack.com\/wp-content\/uploads\/2019\/12\/truck-yellow.png","contentUrl":"https:\/\/res-q-jack.com\/wp-content\/uploads\/2019\/12\/truck-yellow.png"},{"@type":"BreadcrumbList","@id":"https:\/\/res-q-jack.com\/struts\/vehicle-stabilization-struts\/standard-duty-vehicle-stabilization-struts\/#breadcrumb","itemListElement":[{"@type":"ListItem","position":1,"name":"Home","item":"https:\/\/res-q-jack.com\/"},{"@type":"ListItem","position":2,"name":"Rescue Struts","item":"https:\/\/res-q-jack.com\/struts\/"},{"@type":"ListItem","position":3,"name":"Vehicle Stabilization Struts","item":"https:\/\/res-q-jack.com\/struts\/vehicle-stabilization-struts\/"},{"@type":"ListItem","position":4,"name":"Standard-Duty Vehicle Stabilization Struts"}]},{"@type":"WebSite","@id":"https:\/\/res-q-jack.com\/#website","url":"https:\/\/res-q-jack.com\/","name":"Res-Q-Jack, Inc.","description":"Stabilizatory pojazdu","publisher":{"@id":"https:\/\/res-q-jack.com\/#organization"},"potentialAction":[{"@type":"SearchAction","target":{"@type":"EntryPoint","urlTemplate":"https:\/\/res-q-jack.com\/?s={search_term_string}"},"query-input":{"@type":"PropertyValueSpecification","valueRequired":true,"valueName":"search_term_string"}}],"inLanguage":"pl-PL"},{"@type":"Organization","@id":"https:\/\/res-q-jack.com\/#organization","name":"Res-Q-Jack, Inc.","url":"https:\/\/res-q-jack.com\/","logo":{"@type":"ImageObject","inLanguage":"pl-PL","@id":"https:\/\/res-q-jack.com\/#\/schema\/logo\/image\/","url":"https:\/\/res-q-jack.com\/wp-content\/uploads\/2020\/03\/Res-Q-Jack-SEO-Logo.png","contentUrl":"https:\/\/res-q-jack.com\/wp-content\/uploads\/2020\/03\/Res-Q-Jack-SEO-Logo.png","width":612,"height":138,"caption":"Res-Q-Jack, Inc."},"image":{"@id":"https:\/\/res-q-jack.com\/#\/schema\/logo\/image\/"}}]}},"_links":{"self":[{"href":"https:\/\/res-q-jack.com\/pl\/wp-json\/wp\/v2\/pages\/177","targetHints":{"allow":["GET"]}}],"collection":[{"href":"https:\/\/res-q-jack.com\/pl\/wp-json\/wp\/v2\/pages"}],"about":[{"href":"https:\/\/res-q-jack.com\/pl\/wp-json\/wp\/v2\/types\/page"}],"author":[{"embeddable":true,"href":"https:\/\/res-q-jack.com\/pl\/wp-json\/wp\/v2\/users\/2"}],"replies":[{"embeddable":true,"href":"https:\/\/res-q-jack.com\/pl\/wp-json\/wp\/v2\/comments?post=177"}],"version-history":[{"count":0,"href":"https:\/\/res-q-jack.com\/pl\/wp-json\/wp\/v2\/pages\/177\/revisions"}],"up":[{"embeddable":true,"href":"https:\/\/res-q-jack.com\/pl\/wp-json\/wp\/v2\/pages\/187"}],"wp:attachment":[{"href":"https:\/\/res-q-jack.com\/pl\/wp-json\/wp\/v2\/media?parent=177"}],"curies":[{"name":"wp","href":"https:\/\/api.w.org\/{rel}","templated":true}]}}