{"id":175,"date":"2019-12-18T15:42:05","date_gmt":"2019-12-18T20:42:05","guid":{"rendered":"https:\/\/resqjack.wpengine.com\/?page_id=175"},"modified":"2020-07-02T14:06:41","modified_gmt":"2020-07-02T19:06:41","slug":"sciagacze-stabilizujace-do-ciezkich-pojazdow","status":"publish","type":"page","link":"https:\/\/res-q-jack.com\/pl\/struts\/vehicle-stabilization-struts\/heavy-duty-vehicle-stabilization-struts\/","title":{"rendered":"Poduszki stabilizacyjne do pojazd\u00f3w ci\u0119\u017ckich"},"content":{"rendered":"<p><img decoding=\"async\" title=\"Poduszki stabilizacyjne do pojazd\u00f3w ci\u0119\u017ckich\" data-src=\"https:\/\/res-q-jack.com\/wp-content\/uploads\/2019\/12\/cement-yellow.png\" alt=\"Poduszki stabilizacyjne do pojazd\u00f3w ci\u0119\u017ckich\" src=\"data:image\/svg+xml;base64,PHN2ZyB3aWR0aD0iMSIgaGVpZ2h0PSIxIiB4bWxucz0iaHR0cDovL3d3dy53My5vcmcvMjAwMC9zdmciPjwvc3ZnPg==\" class=\"lazyload\" style=\"--smush-placeholder-width: 115px; --smush-placeholder-aspect-ratio: 115\/115;\" \/><\/p>\r\n<h3>Heavy-Duty<\/h3>\r\n<h1>Stabilizatory pojazdu<\/h1>\r\n<p>Nasze rozp\u00f3rki o du\u017cej wytrzyma\u0142o\u015bci maj\u0105 znamionowe obci\u0105\u017cenie robocze od 10 000 do 20 000 funt\u00f3w (2:1) i s\u0105 przeznaczone do stosowania w du\u017cych pojazdach, obudowach konstrukcyjnych i ratownictwie technicznym.<\/p>\r\n<p><img decoding=\"async\" title=\"Aluminiowa rozp\u00f3rka stabilizuj\u0105ca pojazd z serii X - Wytrzyma\u0142a rozp\u00f3rka stabilizuj\u0105ca pojazd na sworzniu\" data-src=\"https:\/\/res-q-jack.com\/wp-content\/uploads\/2019\/12\/Aluminum-X-Strut-Series-Heavy-Duty-Pinned-Vehicle-Stabilization-Strut-100x300.png\" alt=\"Aluminiowa rozp\u00f3rka stabilizuj\u0105ca pojazd z serii X - Wytrzyma\u0142a rozp\u00f3rka stabilizuj\u0105ca pojazd na sworzniu\" src=\"data:image\/svg+xml;base64,PHN2ZyB3aWR0aD0iMSIgaGVpZ2h0PSIxIiB4bWxucz0iaHR0cDovL3d3dy53My5vcmcvMjAwMC9zdmciPjwvc3ZnPg==\" class=\"lazyload\" style=\"--smush-placeholder-width: 100px; --smush-placeholder-aspect-ratio: 100\/300;\" \/><\/p>\r\n<h3>Aluminiowa rozp\u00f3rka X-Strut<sup><\/sup> Seria<\/h3>\r\n<p>Aluminiowa rozp\u00f3rka X-Strut to nasza najbardziej wytrzyma\u0142a rozp\u00f3rka z bolcem, zaprojektowana do ci\u0119\u017ckich pojazd\u00f3w ratowniczych i innych zastosowa\u0144.<\/p>\r\n<p><strong>Dopuszczalne obci\u0105\u017cenie robocze: 10 000 funt\u00f3w (wsp\u00f3\u0142czynnik bezpiecze\u0144stwa 2:1)<\/strong><\/p>\r\n<p><a role=\"button\" href=\"https:\/\/res-q-jack.com\/pl\/listwy\/podluznice-stabilizujace-pojazd\/sciagacze-stabilizujace-do-ciezkich-pojazdow\/aluminium-x-strut\/\" target=\"_self\" rel=\"noopener noreferrer\"> Zobacz szczeg\u00f3\u0142y <\/a> <img decoding=\"async\" title=\"Rozp\u00f3rka stabilizacyjna Apex X-Struct serii Heavy-Duty bez sworznia\" data-src=\"https:\/\/res-q-jack.com\/wp-content\/uploads\/2020\/04\/Apex-X-Struct-Series-Heavy-Duty-Pin-Free-Vehicle-Stabilization-Strut-100x300.jpg\" alt=\"Rozp\u00f3rka stabilizacyjna Apex X-Struct serii Heavy-Duty bez sworznia\" src=\"data:image\/svg+xml;base64,PHN2ZyB3aWR0aD0iMSIgaGVpZ2h0PSIxIiB4bWxucz0iaHR0cDovL3d3dy53My5vcmcvMjAwMC9zdmciPjwvc3ZnPg==\" class=\"lazyload\" style=\"--smush-placeholder-width: 100px; --smush-placeholder-aspect-ratio: 100\/300;\" \/><\/p>\r\n<h5><img decoding=\"async\" data-src=\"https:\/\/res-q-jack.com\/wp-content\/uploads\/2020\/05\/Pin-Free-Stabilization-Struts-95x18-1.png\" src=\"data:image\/svg+xml;base64,PHN2ZyB3aWR0aD0iMSIgaGVpZ2h0PSIxIiB4bWxucz0iaHR0cDovL3d3dy53My5vcmcvMjAwMC9zdmciPjwvc3ZnPg==\" class=\"lazyload\" style=\"--smush-placeholder-width: 95px; --smush-placeholder-aspect-ratio: 95\/18;\" \/><\/h5>\r\n<h3>Belka poprzeczna Apex X-Strut<sup><\/sup> Seria<\/h3>\r\n<p>Apex to nasza najnowsza linia rozp\u00f3rek bez zawleczki o du\u017cej wytrzyma\u0142o\u015bci, zaprojektowana z my\u015bl\u0105 o wi\u0119kszo\u015bci scenariuszy ratowania pojazd\u00f3w.\u00a0\u00a0<\/p>\r\n<p><strong>Dopuszczalne obci\u0105\u017cenie robocze: do 12 500 funt\u00f3w (wsp\u00f3\u0142czynnik bezpiecze\u0144stwa 2:1)<\/strong><\/p>\r\n<p><a role=\"button\" href=\"https:\/\/res-q-jack.com\/pl\/listwy\/podluznice-stabilizujace-pojazd\/sciagacze-stabilizujace-do-ciezkich-pojazdow\/apex-x-strut\/\" target=\"_self\" rel=\"noopener noreferrer\"> Zobacz szczeg\u00f3\u0142y <\/a> <img decoding=\"async\" title=\"Super X-Strut Series Heavy-Duty Vehicle Stabilization Strut\" data-src=\"https:\/\/res-q-jack.com\/wp-content\/uploads\/2019\/12\/Super-X-Strut-Series-Heavy-Duty-Vehicle-Stabilization-Strut-100x300.png\" alt=\"Super X-Strut Series Heavy-Duty Vehicle Stabilization Strut\" src=\"data:image\/svg+xml;base64,PHN2ZyB3aWR0aD0iMSIgaGVpZ2h0PSIxIiB4bWxucz0iaHR0cDovL3d3dy53My5vcmcvMjAwMC9zdmciPjwvc3ZnPg==\" class=\"lazyload\" style=\"--smush-placeholder-width: 100px; --smush-placeholder-aspect-ratio: 100\/300;\" \/><\/p>\r\n<h5><img decoding=\"async\" data-src=\"https:\/\/res-q-jack.com\/wp-content\/uploads\/2020\/05\/Pin-Free-Stabilization-Struts-95x18-1.png\" src=\"data:image\/svg+xml;base64,PHN2ZyB3aWR0aD0iMSIgaGVpZ2h0PSIxIiB4bWxucz0iaHR0cDovL3d3dy53My5vcmcvMjAwMC9zdmciPjwvc3ZnPg==\" class=\"lazyload\" style=\"--smush-placeholder-width: 95px; --smush-placeholder-aspect-ratio: 95\/18;\" \/><\/h5>\r\n<h3>Super X-Strut<sup><\/sup> Seria<\/h3>\r\n<p>Super X to nasza najbardziej wytrzyma\u0142a linia rozp\u00f3rek, przeznaczona do ratownictwa z wykorzystaniem ci\u0119\u017ckich pojazd\u00f3w, obud\u00f3w strukturalnych i ratownictwa technicznego.\u00a0<\/p>\r\n<p><strong>Dopuszczalne obci\u0105\u017cenie robocze: 19 300 funt\u00f3w (wsp\u00f3\u0142czynnik bezpiecze\u0144stwa 2:1)<\/strong><\/p>\r\n<p><a role=\"button\" href=\"https:\/\/res-q-jack.com\/pl\/listwy\/podluznice-stabilizujace-pojazd\/sciagacze-stabilizujace-do-ciezkich-pojazdow\/super-x-strut\/\" target=\"_self\" rel=\"noopener noreferrer\"> Zobacz szczeg\u00f3\u0142y <\/a><\/p>\r\n<h4>Pytania? Zadzwo\u0144 do nas 1-800-466-9626<\/h4>","protected":false},"excerpt":{"rendered":"<p>Rozp\u00f3rki stabilizacyjne dla ci\u0119\u017ckich pojazd\u00f3w Nasze rozp\u00f3rki dla ci\u0119\u017ckich pojazd\u00f3w maj\u0105 znamionowe obci\u0105\u017cenia robocze od 10,000 lbs. do 20,000 (2:1) do u\u017cytku z du\u017cymi pojazdami, obudowami strukturalnymi i ratownictwem technicznym. Aluminiowa seria X-Strut Aluminiowa X-Strut jest nasz\u0105 najbardziej wytrzyma\u0142\u0105 lini\u0105 rozp\u00f3rek z ko\u0142kami, zaprojektowan\u0105 do ratowania ci\u0119\u017ckich pojazd\u00f3w i innych r\u00f3\u017cnych zastosowa\u0144. Limit obci\u0105\u017cenia roboczego: 10,000 lbs....<\/p>","protected":false},"author":2,"featured_media":0,"parent":187,"menu_order":0,"comment_status":"closed","ping_status":"closed","template":"","meta":{"footnotes":""},"class_list":["post-175","page","type-page","status-publish","hentry"],"yoast_head":"<!-- This site is optimized with the Yoast SEO plugin v27.2 - https:\/\/yoast.com\/product\/yoast-seo-wordpress\/ -->\n<title>Heavy-Duty Vehicle Stabilization Struts | Res-Q-Jack, Inc.<\/title>\n<meta name=\"description\" content=\"Res-Q-Jack heavy-duty struts have rated working loads of 10,000 lbs. to 20,000 (2:1) for use with large vehicles, structural shoring &amp; technical rescue.\" \/>\n<meta name=\"robots\" content=\"index, follow, max-snippet:-1, max-image-preview:large, max-video-preview:-1\" \/>\n<link rel=\"canonical\" href=\"https:\/\/res-q-jack.com\/pl\/listwy\/podluznice-stabilizujace-pojazd\/sciagacze-stabilizujace-do-ciezkich-pojazdow\/\" \/>\n<meta property=\"og:locale\" content=\"pl_PL\" \/>\n<meta property=\"og:type\" content=\"article\" \/>\n<meta property=\"og:title\" content=\"Heavy-Duty Vehicle Stabilization Struts | Res-Q-Jack, Inc.\" \/>\n<meta property=\"og:description\" content=\"Res-Q-Jack heavy-duty struts have rated working loads of 10,000 lbs. to 20,000 (2:1) for use with large vehicles, structural shoring &amp; technical rescue.\" \/>\n<meta property=\"og:url\" content=\"https:\/\/res-q-jack.com\/pl\/listwy\/podluznice-stabilizujace-pojazd\/sciagacze-stabilizujace-do-ciezkich-pojazdow\/\" \/>\n<meta property=\"og:site_name\" content=\"Res-Q-Jack, Inc.\" \/>\n<meta property=\"article:modified_time\" content=\"2020-07-02T19:06:41+00:00\" \/>\n<meta property=\"og:image\" content=\"https:\/\/res-q-jack.com\/wp-content\/uploads\/2019\/12\/cement-yellow.png\" \/>\n<meta name=\"twitter:card\" content=\"summary_large_image\" \/>\n<meta name=\"twitter:label1\" content=\"Szacowany czas czytania\" \/>\n\t<meta name=\"twitter:data1\" content=\"1 minuta\" \/>\n<script type=\"application\/ld+json\" class=\"yoast-schema-graph\">{\"@context\":\"https:\/\/schema.org\",\"@graph\":[{\"@type\":\"WebPage\",\"@id\":\"https:\/\/res-q-jack.com\/struts\/vehicle-stabilization-struts\/heavy-duty-vehicle-stabilization-struts\/\",\"url\":\"https:\/\/res-q-jack.com\/struts\/vehicle-stabilization-struts\/heavy-duty-vehicle-stabilization-struts\/\",\"name\":\"Heavy-Duty Vehicle Stabilization Struts | Res-Q-Jack, Inc.\",\"isPartOf\":{\"@id\":\"https:\/\/res-q-jack.com\/#website\"},\"primaryImageOfPage\":{\"@id\":\"https:\/\/res-q-jack.com\/struts\/vehicle-stabilization-struts\/heavy-duty-vehicle-stabilization-struts\/#primaryimage\"},\"image\":{\"@id\":\"https:\/\/res-q-jack.com\/struts\/vehicle-stabilization-struts\/heavy-duty-vehicle-stabilization-struts\/#primaryimage\"},\"thumbnailUrl\":\"https:\/\/res-q-jack.com\/wp-content\/uploads\/2019\/12\/cement-yellow.png\",\"datePublished\":\"2019-12-18T20:42:05+00:00\",\"dateModified\":\"2020-07-02T19:06:41+00:00\",\"description\":\"Res-Q-Jack heavy-duty struts have rated working loads of 10,000 lbs. to 20,000 (2:1) for use with large vehicles, structural shoring & technical rescue.\",\"breadcrumb\":{\"@id\":\"https:\/\/res-q-jack.com\/struts\/vehicle-stabilization-struts\/heavy-duty-vehicle-stabilization-struts\/#breadcrumb\"},\"inLanguage\":\"pl-PL\",\"potentialAction\":[{\"@type\":\"ReadAction\",\"target\":[\"https:\/\/res-q-jack.com\/struts\/vehicle-stabilization-struts\/heavy-duty-vehicle-stabilization-struts\/\"]}]},{\"@type\":\"ImageObject\",\"inLanguage\":\"pl-PL\",\"@id\":\"https:\/\/res-q-jack.com\/struts\/vehicle-stabilization-struts\/heavy-duty-vehicle-stabilization-struts\/#primaryimage\",\"url\":\"https:\/\/res-q-jack.com\/wp-content\/uploads\/2019\/12\/cement-yellow.png\",\"contentUrl\":\"https:\/\/res-q-jack.com\/wp-content\/uploads\/2019\/12\/cement-yellow.png\"},{\"@type\":\"BreadcrumbList\",\"@id\":\"https:\/\/res-q-jack.com\/struts\/vehicle-stabilization-struts\/heavy-duty-vehicle-stabilization-struts\/#breadcrumb\",\"itemListElement\":[{\"@type\":\"ListItem\",\"position\":1,\"name\":\"Home\",\"item\":\"https:\/\/res-q-jack.com\/\"},{\"@type\":\"ListItem\",\"position\":2,\"name\":\"Rescue Struts\",\"item\":\"https:\/\/res-q-jack.com\/struts\/\"},{\"@type\":\"ListItem\",\"position\":3,\"name\":\"Vehicle Stabilization Struts\",\"item\":\"https:\/\/res-q-jack.com\/struts\/vehicle-stabilization-struts\/\"},{\"@type\":\"ListItem\",\"position\":4,\"name\":\"Heavy-Duty Vehicle Stabilization Struts\"}]},{\"@type\":\"WebSite\",\"@id\":\"https:\/\/res-q-jack.com\/#website\",\"url\":\"https:\/\/res-q-jack.com\/\",\"name\":\"Res-Q-Jack, Inc.\",\"description\":\"Vehicle Stabilization Struts\",\"publisher\":{\"@id\":\"https:\/\/res-q-jack.com\/#organization\"},\"potentialAction\":[{\"@type\":\"SearchAction\",\"target\":{\"@type\":\"EntryPoint\",\"urlTemplate\":\"https:\/\/res-q-jack.com\/?s={search_term_string}\"},\"query-input\":{\"@type\":\"PropertyValueSpecification\",\"valueRequired\":true,\"valueName\":\"search_term_string\"}}],\"inLanguage\":\"pl-PL\"},{\"@type\":\"Organization\",\"@id\":\"https:\/\/res-q-jack.com\/#organization\",\"name\":\"Res-Q-Jack, Inc.\",\"url\":\"https:\/\/res-q-jack.com\/\",\"logo\":{\"@type\":\"ImageObject\",\"inLanguage\":\"pl-PL\",\"@id\":\"https:\/\/res-q-jack.com\/#\/schema\/logo\/image\/\",\"url\":\"https:\/\/res-q-jack.com\/wp-content\/uploads\/2020\/03\/Res-Q-Jack-SEO-Logo.png\",\"contentUrl\":\"https:\/\/res-q-jack.com\/wp-content\/uploads\/2020\/03\/Res-Q-Jack-SEO-Logo.png\",\"width\":612,\"height\":138,\"caption\":\"Res-Q-Jack, Inc.\"},\"image\":{\"@id\":\"https:\/\/res-q-jack.com\/#\/schema\/logo\/image\/\"}}]}<\/script>\n<!-- \/ Yoast SEO plugin. -->","yoast_head_json":{"title":"Podno\u015bniki stabilizuj\u0105ce do pojazd\u00f3w ci\u0119\u017ckich | Res-Q-Jack, Inc.","description":"Podno\u015bniki Res-Q-Jack o du\u017cej wytrzyma\u0142o\u015bci maj\u0105 nominalne obci\u0105\u017cenie robocze od 10.000 lbs. do 20.000 (2:1) do stosowania przy du\u017cych pojazdach, obudowach strukturalnych i ratownictwie technicznym.","robots":{"index":"index","follow":"follow","max-snippet":"max-snippet:-1","max-image-preview":"max-image-preview:large","max-video-preview":"max-video-preview:-1"},"canonical":"https:\/\/res-q-jack.com\/pl\/listwy\/podluznice-stabilizujace-pojazd\/sciagacze-stabilizujace-do-ciezkich-pojazdow\/","og_locale":"pl_PL","og_type":"article","og_title":"Heavy-Duty Vehicle Stabilization Struts | Res-Q-Jack, Inc.","og_description":"Res-Q-Jack heavy-duty struts have rated working loads of 10,000 lbs. to 20,000 (2:1) for use with large vehicles, structural shoring & technical rescue.","og_url":"https:\/\/res-q-jack.com\/pl\/listwy\/podluznice-stabilizujace-pojazd\/sciagacze-stabilizujace-do-ciezkich-pojazdow\/","og_site_name":"Res-Q-Jack, Inc.","article_modified_time":"2020-07-02T19:06:41+00:00","og_image":[{"url":"https:\/\/res-q-jack.com\/wp-content\/uploads\/2019\/12\/cement-yellow.png","type":"","width":"","height":""}],"twitter_card":"summary_large_image","twitter_misc":{"Szacowany czas czytania":"1 minuta"},"schema":{"@context":"https:\/\/schema.org","@graph":[{"@type":"WebPage","@id":"https:\/\/res-q-jack.com\/struts\/vehicle-stabilization-struts\/heavy-duty-vehicle-stabilization-struts\/","url":"https:\/\/res-q-jack.com\/struts\/vehicle-stabilization-struts\/heavy-duty-vehicle-stabilization-struts\/","name":"Podno\u015bniki stabilizuj\u0105ce do pojazd\u00f3w ci\u0119\u017ckich | Res-Q-Jack, Inc.","isPartOf":{"@id":"https:\/\/res-q-jack.com\/#website"},"primaryImageOfPage":{"@id":"https:\/\/res-q-jack.com\/struts\/vehicle-stabilization-struts\/heavy-duty-vehicle-stabilization-struts\/#primaryimage"},"image":{"@id":"https:\/\/res-q-jack.com\/struts\/vehicle-stabilization-struts\/heavy-duty-vehicle-stabilization-struts\/#primaryimage"},"thumbnailUrl":"https:\/\/res-q-jack.com\/wp-content\/uploads\/2019\/12\/cement-yellow.png","datePublished":"2019-12-18T20:42:05+00:00","dateModified":"2020-07-02T19:06:41+00:00","description":"Podno\u015bniki Res-Q-Jack o du\u017cej wytrzyma\u0142o\u015bci maj\u0105 nominalne obci\u0105\u017cenie robocze od 10.000 lbs. do 20.000 (2:1) do stosowania przy du\u017cych pojazdach, obudowach strukturalnych i ratownictwie technicznym.","breadcrumb":{"@id":"https:\/\/res-q-jack.com\/struts\/vehicle-stabilization-struts\/heavy-duty-vehicle-stabilization-struts\/#breadcrumb"},"inLanguage":"pl-PL","potentialAction":[{"@type":"ReadAction","target":["https:\/\/res-q-jack.com\/struts\/vehicle-stabilization-struts\/heavy-duty-vehicle-stabilization-struts\/"]}]},{"@type":"ImageObject","inLanguage":"pl-PL","@id":"https:\/\/res-q-jack.com\/struts\/vehicle-stabilization-struts\/heavy-duty-vehicle-stabilization-struts\/#primaryimage","url":"https:\/\/res-q-jack.com\/wp-content\/uploads\/2019\/12\/cement-yellow.png","contentUrl":"https:\/\/res-q-jack.com\/wp-content\/uploads\/2019\/12\/cement-yellow.png"},{"@type":"BreadcrumbList","@id":"https:\/\/res-q-jack.com\/struts\/vehicle-stabilization-struts\/heavy-duty-vehicle-stabilization-struts\/#breadcrumb","itemListElement":[{"@type":"ListItem","position":1,"name":"Home","item":"https:\/\/res-q-jack.com\/"},{"@type":"ListItem","position":2,"name":"Rescue Struts","item":"https:\/\/res-q-jack.com\/struts\/"},{"@type":"ListItem","position":3,"name":"Vehicle Stabilization Struts","item":"https:\/\/res-q-jack.com\/struts\/vehicle-stabilization-struts\/"},{"@type":"ListItem","position":4,"name":"Heavy-Duty Vehicle Stabilization Struts"}]},{"@type":"WebSite","@id":"https:\/\/res-q-jack.com\/#website","url":"https:\/\/res-q-jack.com\/","name":"Res-Q-Jack, Inc.","description":"Stabilizatory pojazdu","publisher":{"@id":"https:\/\/res-q-jack.com\/#organization"},"potentialAction":[{"@type":"SearchAction","target":{"@type":"EntryPoint","urlTemplate":"https:\/\/res-q-jack.com\/?s={search_term_string}"},"query-input":{"@type":"PropertyValueSpecification","valueRequired":true,"valueName":"search_term_string"}}],"inLanguage":"pl-PL"},{"@type":"Organization","@id":"https:\/\/res-q-jack.com\/#organization","name":"Res-Q-Jack, Inc.","url":"https:\/\/res-q-jack.com\/","logo":{"@type":"ImageObject","inLanguage":"pl-PL","@id":"https:\/\/res-q-jack.com\/#\/schema\/logo\/image\/","url":"https:\/\/res-q-jack.com\/wp-content\/uploads\/2020\/03\/Res-Q-Jack-SEO-Logo.png","contentUrl":"https:\/\/res-q-jack.com\/wp-content\/uploads\/2020\/03\/Res-Q-Jack-SEO-Logo.png","width":612,"height":138,"caption":"Res-Q-Jack, Inc."},"image":{"@id":"https:\/\/res-q-jack.com\/#\/schema\/logo\/image\/"}}]}},"_links":{"self":[{"href":"https:\/\/res-q-jack.com\/pl\/wp-json\/wp\/v2\/pages\/175","targetHints":{"allow":["GET"]}}],"collection":[{"href":"https:\/\/res-q-jack.com\/pl\/wp-json\/wp\/v2\/pages"}],"about":[{"href":"https:\/\/res-q-jack.com\/pl\/wp-json\/wp\/v2\/types\/page"}],"author":[{"embeddable":true,"href":"https:\/\/res-q-jack.com\/pl\/wp-json\/wp\/v2\/users\/2"}],"replies":[{"embeddable":true,"href":"https:\/\/res-q-jack.com\/pl\/wp-json\/wp\/v2\/comments?post=175"}],"version-history":[{"count":0,"href":"https:\/\/res-q-jack.com\/pl\/wp-json\/wp\/v2\/pages\/175\/revisions"}],"up":[{"embeddable":true,"href":"https:\/\/res-q-jack.com\/pl\/wp-json\/wp\/v2\/pages\/187"}],"wp:attachment":[{"href":"https:\/\/res-q-jack.com\/pl\/wp-json\/wp\/v2\/media?parent=175"}],"curies":[{"name":"wp","href":"https:\/\/api.w.org\/{rel}","templated":true}]}}