{"id":1501,"date":"2020-06-09T11:17:48","date_gmt":"2020-06-09T16:17:48","guid":{"rendered":"https:\/\/resqjack.wpengine.com\/?page_id=1501"},"modified":"2023-11-20T19:39:19","modified_gmt":"2023-11-21T00:39:19","slug":"szkolenie","status":"publish","type":"page","link":"https:\/\/res-q-jack.com\/pl\/training\/","title":{"rendered":"Szkolenia"},"content":{"rendered":"<h1>Szkolenia<\/h1>\t\t\t\n\t\t\t\t<p>W Res-Q-Jack szkolenie jest podstaw\u0105 wszystkiego, co robimy. Znajd\u017a instrukcje i filmy na temat naszych opatentowanych technik oraz informacje o szkoleniach w Twojej okolicy.<\/p>\n\t\t\t\t<img decoding=\"async\" data-src=\"https:\/\/res-q-jack.com\/wp-content\/uploads\/2020\/06\/Stabilization-Training-University.jpg\" alt=\"Uniwersytet Stabilizacyjny Res-Q-Jack\" title=\"Stabilizacja-szkolenia-uniwersytet\" itemprop=\"image\" src=\"data:image\/svg+xml;base64,PHN2ZyB3aWR0aD0iMSIgaGVpZ2h0PSIxIiB4bWxucz0iaHR0cDovL3d3dy53My5vcmcvMjAwMC9zdmciPjwvc3ZnPg==\" class=\"lazyload\" style=\"--smush-placeholder-width: 450px; --smush-placeholder-aspect-ratio: 450\/300;\" \/>\n\t\t<h3>Uniwersytet Stabilizacyjny<\/h3>\t\t\t\n\t\t\t\t<p>Uniwersytet Stabilizacji to Twoja przepustka do zdobycia wiedzy na temat narz\u0119dzi Res-Q-Jack i najnowszych technik.<\/p>\n\t\t\t<a href=\"https:\/\/res-q-jack.com\/pl\/szkolenie\/stabilizacja-uniwersytet\/\" target=\"_self\" role=\"button\" aria-label=\"Zobacz szczeg\u00f3\u0142y\" rel=\"noopener\">\n\t\t\t\t\t\t\t\t\t\t\tZobacz szczeg\u00f3\u0142y\n\t\t<\/a>\n\t\t\t\t<img decoding=\"async\" data-src=\"https:\/\/res-q-jack.com\/wp-content\/uploads\/2020\/06\/Training-Documents.jpg\" alt=\"Dokumenty szkoleniowe Res-Q-Jack\" title=\"Dokumenty szkoleniowe\" itemprop=\"image\" src=\"data:image\/svg+xml;base64,PHN2ZyB3aWR0aD0iMSIgaGVpZ2h0PSIxIiB4bWxucz0iaHR0cDovL3d3dy53My5vcmcvMjAwMC9zdmciPjwvc3ZnPg==\" class=\"lazyload\" style=\"--smush-placeholder-width: 450px; --smush-placeholder-aspect-ratio: 450\/300;\" \/>\n\t\t<h3>Dokumenty szkoleniowe<\/h3>\t\t\t\n\t\t\t\t<p>Artyku\u0142y i bia\u0142e ksi\u0119gi maj\u0105ce na celu edukacj\u0119 u\u017cytkownik\u00f3w, aby stali si\u0119 bardziej skuteczni i bezpieczniejsi w wyci\u0105ganiu pojazd\u00f3w.<\/p>\n\t\t\t<a href=\"https:\/\/res-q-jack.com\/pl\/szkolenie\/dokumenty-szkoleniowe\/\" target=\"_self\" role=\"button\" aria-label=\"Zobacz szczeg\u00f3\u0142y\" rel=\"noopener\">\n\t\t\t\t\t\t\t\t\t\t\tZobacz szczeg\u00f3\u0142y\n\t\t<\/a>\n\t\t\t\t<img decoding=\"async\" data-src=\"https:\/\/res-q-jack.com\/wp-content\/uploads\/2020\/06\/Vehicle-Stabilization-and-Extraction-Training-Videosjpg.jpg\" alt=\"Res-Q-Jack Stabilizacja i wyci\u0105ganie pojazdu - filmy szkoleniowejpg\" title=\"Szkolenie z zakresu stabilizacji i wyci\u0105gania pojazd\u00f3w Videosjpg\" itemprop=\"image\" src=\"data:image\/svg+xml;base64,PHN2ZyB3aWR0aD0iMSIgaGVpZ2h0PSIxIiB4bWxucz0iaHR0cDovL3d3dy53My5vcmcvMjAwMC9zdmciPjwvc3ZnPg==\" class=\"lazyload\" style=\"--smush-placeholder-width: 450px; --smush-placeholder-aspect-ratio: 450\/300;\" \/>\n\t\t<h3>Filmy szkoleniowe<\/h3>\t\t\t\n\t\t\t\t<p>Obejrzyj produkty Res-Q-Jack w akcji i dowiedz si\u0119, jak korzysta\u0107 z najnowszego sprz\u0119tu do ekstrakcji i stabilizacji.<\/p>\n\t\t\t<a href=\"https:\/\/res-q-jack.com\/pl\/dokumenty-szkoleniowe\/filmy-szkoleniowe\/\" target=\"_self\" role=\"button\" aria-label=\"Zobacz szczeg\u00f3\u0142y\" rel=\"noopener\">\n\t\t\t\t\t\t\t\t\t\t\tZobacz szczeg\u00f3\u0142y\n\t\t<\/a>\n\t\t\t\t<img decoding=\"async\" data-src=\"https:\/\/res-q-jack.com\/wp-content\/uploads\/2020\/06\/Res-Q_Jack-Training-Events.jpg\" alt=\"Imprezy szkoleniowe Res-Q_Jack\" title=\"Imprezy szkoleniowe Res-Q_Jack\" itemprop=\"image\" src=\"data:image\/svg+xml;base64,PHN2ZyB3aWR0aD0iMSIgaGVpZ2h0PSIxIiB4bWxucz0iaHR0cDovL3d3dy53My5vcmcvMjAwMC9zdmciPjwvc3ZnPg==\" class=\"lazyload\" style=\"--smush-placeholder-width: 450px; --smush-placeholder-aspect-ratio: 450\/300;\" \/>\n\t\t<h3>Wydarzenia<\/h3>\t\t\t\n\t\t\t\t<p>B\u0105d\u017a na bie\u017c\u0105co z najnowszymi wydarzeniami zwi\u0105zanymi ze stabilizacj\u0105 na Uniwersytecie Res-Q-Jack, demonstracjami, targami i nie tylko.<\/p>\n\t\t\t<a href=\"https:\/\/res-q-jack.com\/pl\/wydarzenia\/\" target=\"_self\" role=\"button\" aria-label=\"Zobacz szczeg\u00f3\u0142y\" rel=\"noopener\">\n\t\t\t\t\t\t\t\t\t\t\tZobacz szczeg\u00f3\u0142y\n\t\t<\/a>","protected":false},"excerpt":{"rendered":"<p>Szkolenie W Res-Q-Jack szkolenie jest podstaw\u0105 wszystkiego, co robimy. Znajd\u017a instrukcje i filmy na temat naszych opatentowanych technik, oraz wydarzenia szkoleniowe w pobli\u017cu Ciebie. Uniwersytet Stabilizacji Uniwersytet Stabilizacji to Twoja przepustka do zdobycia wiedzy na temat Twoich narz\u0119dzi Res-Q-Jack i bycia na bie\u017c\u0105co z naszymi najnowszymi technikami Zobacz szczeg\u00f3\u0142y Dokumenty szkoleniowe Artyku\u0142y How-to i bia\u0142e ksi\u0119gi do...<\/p>","protected":false},"author":2,"featured_media":747,"parent":0,"menu_order":0,"comment_status":"closed","ping_status":"closed","template":"","meta":{"footnotes":""},"class_list":["post-1501","page","type-page","status-publish","has-post-thumbnail","hentry"],"yoast_head":"<!-- This site is optimized with the Yoast SEO plugin v27.2 - https:\/\/yoast.com\/product\/yoast-seo-wordpress\/ -->\n<title>Training | Res-Q-Jack, Inc.<\/title>\n<meta name=\"description\" content=\"Training videos, how-to articles, and training events offered by Res-Q-Jack.\" \/>\n<meta name=\"robots\" content=\"index, follow, max-snippet:-1, max-image-preview:large, max-video-preview:-1\" \/>\n<link rel=\"canonical\" href=\"https:\/\/res-q-jack.com\/pl\/szkolenie\/\" \/>\n<meta property=\"og:locale\" content=\"pl_PL\" \/>\n<meta property=\"og:type\" content=\"article\" \/>\n<meta property=\"og:title\" content=\"Training | Res-Q-Jack, Inc.\" \/>\n<meta property=\"og:description\" content=\"Training videos, how-to articles, and training events offered by Res-Q-Jack.\" \/>\n<meta property=\"og:url\" content=\"https:\/\/res-q-jack.com\/pl\/szkolenie\/\" \/>\n<meta property=\"og:site_name\" content=\"Res-Q-Jack, Inc.\" \/>\n<meta property=\"article:modified_time\" content=\"2023-11-21T00:39:19+00:00\" \/>\n<meta property=\"og:image\" content=\"https:\/\/res-q-jack.com\/wp-content\/uploads\/2020\/02\/APEX-X-Strut-Heavy-Duty-Vehicle-Lifting-Strut-3.jpg\" \/>\n\t<meta property=\"og:image:width\" content=\"900\" \/>\n\t<meta property=\"og:image:height\" content=\"600\" \/>\n\t<meta property=\"og:image:type\" content=\"image\/jpeg\" \/>\n<meta name=\"twitter:card\" content=\"summary_large_image\" \/>\n<meta name=\"twitter:label1\" content=\"Szacowany czas czytania\" \/>\n\t<meta name=\"twitter:data1\" content=\"1 minuta\" \/>\n<script type=\"application\/ld+json\" class=\"yoast-schema-graph\">{\"@context\":\"https:\/\/schema.org\",\"@graph\":[{\"@type\":\"WebPage\",\"@id\":\"https:\/\/res-q-jack.com\/training\/\",\"url\":\"https:\/\/res-q-jack.com\/training\/\",\"name\":\"Training | Res-Q-Jack, Inc.\",\"isPartOf\":{\"@id\":\"https:\/\/res-q-jack.com\/#website\"},\"primaryImageOfPage\":{\"@id\":\"https:\/\/res-q-jack.com\/training\/#primaryimage\"},\"image\":{\"@id\":\"https:\/\/res-q-jack.com\/training\/#primaryimage\"},\"thumbnailUrl\":\"https:\/\/res-q-jack.com\/wp-content\/uploads\/2020\/02\/APEX-X-Strut-Heavy-Duty-Vehicle-Lifting-Strut-3.jpg\",\"datePublished\":\"2020-06-09T16:17:48+00:00\",\"dateModified\":\"2023-11-21T00:39:19+00:00\",\"description\":\"Training videos, how-to articles, and training events offered by Res-Q-Jack.\",\"breadcrumb\":{\"@id\":\"https:\/\/res-q-jack.com\/training\/#breadcrumb\"},\"inLanguage\":\"pl-PL\",\"potentialAction\":[{\"@type\":\"ReadAction\",\"target\":[\"https:\/\/res-q-jack.com\/training\/\"]}]},{\"@type\":\"ImageObject\",\"inLanguage\":\"pl-PL\",\"@id\":\"https:\/\/res-q-jack.com\/training\/#primaryimage\",\"url\":\"https:\/\/res-q-jack.com\/wp-content\/uploads\/2020\/02\/APEX-X-Strut-Heavy-Duty-Vehicle-Lifting-Strut-3.jpg\",\"contentUrl\":\"https:\/\/res-q-jack.com\/wp-content\/uploads\/2020\/02\/APEX-X-Strut-Heavy-Duty-Vehicle-Lifting-Strut-3.jpg\",\"width\":900,\"height\":600,\"caption\":\"APEX X-Strut Heavy-Duty Vehicle Lifting Strut 3\"},{\"@type\":\"BreadcrumbList\",\"@id\":\"https:\/\/res-q-jack.com\/training\/#breadcrumb\",\"itemListElement\":[{\"@type\":\"ListItem\",\"position\":1,\"name\":\"Home\",\"item\":\"https:\/\/res-q-jack.com\/\"},{\"@type\":\"ListItem\",\"position\":2,\"name\":\"Training\"}]},{\"@type\":\"WebSite\",\"@id\":\"https:\/\/res-q-jack.com\/#website\",\"url\":\"https:\/\/res-q-jack.com\/\",\"name\":\"Res-Q-Jack, Inc.\",\"description\":\"Vehicle Stabilization Struts\",\"publisher\":{\"@id\":\"https:\/\/res-q-jack.com\/#organization\"},\"potentialAction\":[{\"@type\":\"SearchAction\",\"target\":{\"@type\":\"EntryPoint\",\"urlTemplate\":\"https:\/\/res-q-jack.com\/?s={search_term_string}\"},\"query-input\":{\"@type\":\"PropertyValueSpecification\",\"valueRequired\":true,\"valueName\":\"search_term_string\"}}],\"inLanguage\":\"pl-PL\"},{\"@type\":\"Organization\",\"@id\":\"https:\/\/res-q-jack.com\/#organization\",\"name\":\"Res-Q-Jack, Inc.\",\"url\":\"https:\/\/res-q-jack.com\/\",\"logo\":{\"@type\":\"ImageObject\",\"inLanguage\":\"pl-PL\",\"@id\":\"https:\/\/res-q-jack.com\/#\/schema\/logo\/image\/\",\"url\":\"https:\/\/res-q-jack.com\/wp-content\/uploads\/2020\/03\/Res-Q-Jack-SEO-Logo.png\",\"contentUrl\":\"https:\/\/res-q-jack.com\/wp-content\/uploads\/2020\/03\/Res-Q-Jack-SEO-Logo.png\",\"width\":612,\"height\":138,\"caption\":\"Res-Q-Jack, Inc.\"},\"image\":{\"@id\":\"https:\/\/res-q-jack.com\/#\/schema\/logo\/image\/\"}}]}<\/script>\n<!-- \/ Yoast SEO plugin. -->","yoast_head_json":{"title":"Szkolenie | Res-Q-Jack, Inc.","description":"Filmy szkoleniowe, artyku\u0142y instrukta\u017cowe i szkolenia oferowane przez firm\u0119 Res-Q-Jack.","robots":{"index":"index","follow":"follow","max-snippet":"max-snippet:-1","max-image-preview":"max-image-preview:large","max-video-preview":"max-video-preview:-1"},"canonical":"https:\/\/res-q-jack.com\/pl\/szkolenie\/","og_locale":"pl_PL","og_type":"article","og_title":"Training | Res-Q-Jack, Inc.","og_description":"Training videos, how-to articles, and training events offered by Res-Q-Jack.","og_url":"https:\/\/res-q-jack.com\/pl\/szkolenie\/","og_site_name":"Res-Q-Jack, Inc.","article_modified_time":"2023-11-21T00:39:19+00:00","og_image":[{"width":900,"height":600,"url":"https:\/\/res-q-jack.com\/wp-content\/uploads\/2020\/02\/APEX-X-Strut-Heavy-Duty-Vehicle-Lifting-Strut-3.jpg","type":"image\/jpeg"}],"twitter_card":"summary_large_image","twitter_misc":{"Szacowany czas czytania":"1 minuta"},"schema":{"@context":"https:\/\/schema.org","@graph":[{"@type":"WebPage","@id":"https:\/\/res-q-jack.com\/training\/","url":"https:\/\/res-q-jack.com\/training\/","name":"Szkolenie | Res-Q-Jack, Inc.","isPartOf":{"@id":"https:\/\/res-q-jack.com\/#website"},"primaryImageOfPage":{"@id":"https:\/\/res-q-jack.com\/training\/#primaryimage"},"image":{"@id":"https:\/\/res-q-jack.com\/training\/#primaryimage"},"thumbnailUrl":"https:\/\/res-q-jack.com\/wp-content\/uploads\/2020\/02\/APEX-X-Strut-Heavy-Duty-Vehicle-Lifting-Strut-3.jpg","datePublished":"2020-06-09T16:17:48+00:00","dateModified":"2023-11-21T00:39:19+00:00","description":"Filmy szkoleniowe, artyku\u0142y instrukta\u017cowe i szkolenia oferowane przez firm\u0119 Res-Q-Jack.","breadcrumb":{"@id":"https:\/\/res-q-jack.com\/training\/#breadcrumb"},"inLanguage":"pl-PL","potentialAction":[{"@type":"ReadAction","target":["https:\/\/res-q-jack.com\/training\/"]}]},{"@type":"ImageObject","inLanguage":"pl-PL","@id":"https:\/\/res-q-jack.com\/training\/#primaryimage","url":"https:\/\/res-q-jack.com\/wp-content\/uploads\/2020\/02\/APEX-X-Strut-Heavy-Duty-Vehicle-Lifting-Strut-3.jpg","contentUrl":"https:\/\/res-q-jack.com\/wp-content\/uploads\/2020\/02\/APEX-X-Strut-Heavy-Duty-Vehicle-Lifting-Strut-3.jpg","width":900,"height":600,"caption":"APEX X-Strut Heavy-Duty Vehicle Lifting Strut 3"},{"@type":"BreadcrumbList","@id":"https:\/\/res-q-jack.com\/training\/#breadcrumb","itemListElement":[{"@type":"ListItem","position":1,"name":"Home","item":"https:\/\/res-q-jack.com\/"},{"@type":"ListItem","position":2,"name":"Training"}]},{"@type":"WebSite","@id":"https:\/\/res-q-jack.com\/#website","url":"https:\/\/res-q-jack.com\/","name":"Res-Q-Jack, Inc.","description":"Stabilizatory pojazdu","publisher":{"@id":"https:\/\/res-q-jack.com\/#organization"},"potentialAction":[{"@type":"SearchAction","target":{"@type":"EntryPoint","urlTemplate":"https:\/\/res-q-jack.com\/?s={search_term_string}"},"query-input":{"@type":"PropertyValueSpecification","valueRequired":true,"valueName":"search_term_string"}}],"inLanguage":"pl-PL"},{"@type":"Organization","@id":"https:\/\/res-q-jack.com\/#organization","name":"Res-Q-Jack, Inc.","url":"https:\/\/res-q-jack.com\/","logo":{"@type":"ImageObject","inLanguage":"pl-PL","@id":"https:\/\/res-q-jack.com\/#\/schema\/logo\/image\/","url":"https:\/\/res-q-jack.com\/wp-content\/uploads\/2020\/03\/Res-Q-Jack-SEO-Logo.png","contentUrl":"https:\/\/res-q-jack.com\/wp-content\/uploads\/2020\/03\/Res-Q-Jack-SEO-Logo.png","width":612,"height":138,"caption":"Res-Q-Jack, Inc."},"image":{"@id":"https:\/\/res-q-jack.com\/#\/schema\/logo\/image\/"}}]}},"_links":{"self":[{"href":"https:\/\/res-q-jack.com\/pl\/wp-json\/wp\/v2\/pages\/1501","targetHints":{"allow":["GET"]}}],"collection":[{"href":"https:\/\/res-q-jack.com\/pl\/wp-json\/wp\/v2\/pages"}],"about":[{"href":"https:\/\/res-q-jack.com\/pl\/wp-json\/wp\/v2\/types\/page"}],"author":[{"embeddable":true,"href":"https:\/\/res-q-jack.com\/pl\/wp-json\/wp\/v2\/users\/2"}],"replies":[{"embeddable":true,"href":"https:\/\/res-q-jack.com\/pl\/wp-json\/wp\/v2\/comments?post=1501"}],"version-history":[{"count":0,"href":"https:\/\/res-q-jack.com\/pl\/wp-json\/wp\/v2\/pages\/1501\/revisions"}],"wp:featuredmedia":[{"embeddable":true,"href":"https:\/\/res-q-jack.com\/pl\/wp-json\/wp\/v2\/media\/747"}],"wp:attachment":[{"href":"https:\/\/res-q-jack.com\/pl\/wp-json\/wp\/v2\/media?parent=1501"}],"curies":[{"name":"wp","href":"https:\/\/api.w.org\/{rel}","templated":true}]}}