{"id":1367,"date":"2020-05-27T16:34:47","date_gmt":"2020-05-27T21:34:47","guid":{"rendered":"https:\/\/resqjack.wpengine.com\/?page_id=1367"},"modified":"2023-07-21T13:16:17","modified_gmt":"2023-07-21T18:16:17","slug":"filmy-szkoleniowe","status":"publish","type":"page","link":"https:\/\/res-q-jack.com\/pl\/training\/training-videos\/","title":{"rendered":"Filmy szkoleniowe"},"content":{"rendered":"<h1>Filmy szkoleniowe<\/h1>\t\t\t\n\t\t\t\t<p>Obejrzyj filmy wideo przedstawiaj\u0105ce nasze opatentowane techniki stabilizacji i podnoszenia, najwa\u017cniejsze produkty, instrukcje i inne informacje.<\/p>\n\t\t\t\t\t\t\t\t<ul data-default=\"\t\t\t\t\t\t\t\t\t\t\">\n\t\t\t\t\t\t<li data-filter=\"*\">\n\t\t\t\t\t\tWszystkie\t\t\t\t\t\t<\/li>\n\t\t\t\t\t\t\t\t\t\t\t\t\t<li data-filter=\".training\">\n\t\t\t\t\t\t\t\tSzkolenia\t\t\t\t\t\t\t<\/li>\n\t\t\t\t\t\t\t\t\t\t\t\t\t<li data-filter=\".accessories\">\n\t\t\t\t\t\t\t\tAkcesoria\t\t\t\t\t\t\t<\/li>\n\t\t\t\t\t\t\t\t\t\t\t\t\t<li data-filter=\".maintenance--repair\">\n\t\t\t\t\t\t\t\tKonserwacja i naprawa\t\t\t\t\t\t\t<\/li>\n\t\t\t\t\t\t\t\t\t\t\t<\/ul>\n\t\t\t\t\t<a href=\"https:\/\/www.youtube.com\/watch?v=yhEccQ2XFYM\" aria-label=\"uabb-video-galeria\" data-fancybox=\"uabb-video-gallery\" data-url=\"https:\/\/www.youtube.com\/embed\/yhEccQ2XFYM?autoplay=1&#038;version=3&#038;enablejsapi=1\"class=\"uabb-video-gallery-fancybox uabb-vg__play_full\">\t\t\t\t\t\t\n\t\t\t\t\t\t\t\t\t\t<h4>Podno\u015bnik A: Podno\u015bnik boczny zag\u0142\u0119biony na ko\u0142a<\/h4>\n\t\t\t\t\t<\/a>\t\t\t\t\n\t\t\t\t\t<a href=\"https:\/\/www.youtube.com\/watch?v=fdtgyJEfgWo\" aria-label=\"uabb-video-galeria\" data-fancybox=\"uabb-video-gallery\" data-url=\"https:\/\/www.youtube.com\/embed\/fdtgyJEfgWo?autoplay=1&#038;version=3&#038;enablejsapi=1\"class=\"uabb-video-gallery-fancybox uabb-vg__play_full\">\t\t\t\t\t\t\n\t\t\t\t\t\t\t\t\t\t<h4>Podno\u015bnik B: Podno\u015bnik tylny z zag\u0142\u0119bieniem na ko\u0142a<\/h4>\n\t\t\t\t\t<\/a>\t\t\t\t\n\t\t\t\t\t<a href=\"https:\/\/www.youtube.com\/watch?v=XPSwEYCbwP4\" aria-label=\"uabb-video-galeria\" data-fancybox=\"uabb-video-gallery\" data-url=\"https:\/\/www.youtube.com\/embed\/XPSwEYCbwP4?autoplay=1&#038;version=3&#038;enablejsapi=1\"class=\"uabb-video-gallery-fancybox uabb-vg__play_full\">\t\t\t\t\t\t\n\t\t\t\t\t\t\t\t\t\t<h4>Podno\u015bnik C: Podno\u015bnik czo\u0142owy z bocznym zag\u0142\u0119bieniem<\/h4>\n\t\t\t\t\t<\/a>\t\t\t\t\n\t\t\t\t\t<a href=\"https:\/\/www.youtube.com\/watch?v=6wbiLcnG-cE\" aria-label=\"uabb-video-galeria\" data-fancybox=\"uabb-video-gallery\" data-url=\"https:\/\/www.youtube.com\/embed\/6wbiLcnG-cE?autoplay=1&#038;version=3&#038;enablejsapi=1\"class=\"uabb-video-gallery-fancybox uabb-vg__play_full\">\t\t\t\t\t\t\n\t\t\t\t\t\t\t\t\t\t<h4>Podno\u015bnik D: Podno\u015bnik tylny dachowo-gniazdowy<\/h4>\n\t\t\t\t\t<\/a>\t\t\t\t\n\t\t\t\t\t<a href=\"https:\/\/www.youtube.com\/watch?v=80zgnTcFnkY\" aria-label=\"uabb-video-galeria\" data-fancybox=\"uabb-video-gallery\" data-url=\"https:\/\/www.youtube.com\/embed\/80zgnTcFnkY?autoplay=1&#038;version=3&#038;enablejsapi=1\"class=\"uabb-video-gallery-fancybox uabb-vg__play_full\">\t\t\t\t\t\t\n\t\t\t\t\t\t\t\t\t\t<h4>Darlington Roll<\/h4>\n\t\t\t\t\t<\/a>\t\t\t\t\n\t\t\t\t\t<a href=\"https:\/\/www.youtube.com\/watch?v=URQfG7jVcJ0&#038;t=4s\" aria-label=\"uabb-video-galeria\" data-fancybox=\"uabb-video-gallery\" data-url=\"https:\/\/www.youtube.com\/embed\/URQfG7jVcJ0?autoplay=1&#038;version=3&#038;enablejsapi=1\"class=\"uabb-video-gallery-fancybox uabb-vg__play_full\">\t\t\t\t\t\t\n\t\t\t\t\t\t\t\t\t\t<h4>Paski z grzechotk\u0105<\/h4>\n\t\t\t\t\t<\/a>\t\t\t\t\n\t\t\t\t\t<a href=\"https:\/\/www.youtube.com\/watch?v=gO8-W2CkNOQ\" aria-label=\"uabb-video-galeria\" data-fancybox=\"uabb-video-gallery\" data-url=\"https:\/\/www.youtube.com\/embed\/gO8-W2CkNOQ?autoplay=1&#038;version=3&#038;enablejsapi=1\"class=\"uabb-video-gallery-fancybox uabb-vg__play_full\">\t\t\t\t\t\t\n\t\t\t\t\t\t\t\t\t\t<h4>Mocowanie g\u0142owicy CRG<\/h4>\n\t\t\t\t\t<\/a>\t\t\t\t\n\t\t\t\t\t<a href=\"https:\/\/www.youtube.com\/watch?v=c8MOxpnwHmA\" aria-label=\"uabb-video-galeria\" data-fancybox=\"uabb-video-gallery\" data-url=\"https:\/\/www.youtube.com\/embed\/c8MOxpnwHmA?autoplay=1&#038;version=3&#038;enablejsapi=1\"class=\"uabb-video-gallery-fancybox uabb-vg__play_full\">\t\t\t\t\t\t\n\t\t\t\t\t\t\t\t\t\t<h4>Darlington Head<\/h4>\n\t\t\t\t\t<\/a>\t\t\t\t\n\t\t\t\t\t<a href=\"https:\/\/www.youtube.com\/watch?v=rxpN-7MN0Zk\" aria-label=\"uabb-video-galeria\" data-fancybox=\"uabb-video-gallery\" data-url=\"https:\/\/www.youtube.com\/embed\/rxpN-7MN0Zk?autoplay=1&#038;version=3&#038;enablejsapi=1\"class=\"uabb-video-gallery-fancybox uabb-vg__play_full\">\t\t\t\t\t\t\n\t\t\t\t\t\t\t\t\t\t<h4>G\u0142owica statywu<\/h4>\n\t\t\t\t\t<\/a>\t\t\t\t\n\t\t\t\t\t<a href=\"https:\/\/www.youtube.com\/watch?v=DglTl71ytqs\" aria-label=\"uabb-video-galeria\" data-fancybox=\"uabb-video-gallery\" data-url=\"https:\/\/www.youtube.com\/embed\/DglTl71ytqs?autoplay=1&#038;version=3&#038;enablejsapi=1\"class=\"uabb-video-gallery-fancybox uabb-vg__play_full\">\t\t\t\t\t\t\n\t\t\t\t\t\t\t\t\t\t<h4>Klin do k\u00f3\u0142<\/h4>\n\t\t\t\t\t<\/a>\t\t\t\t\n\t\t\t\t\t<a href=\"https:\/\/www.youtube.com\/watch?v=qZZEoUuIRfM\" aria-label=\"uabb-video-galeria\"00 data-fancybox=\"uabb-video-gallery\" data-url=\"https:\/\/www.youtube.com\/embed\/qZZEoUuIRfM?autoplay=1&#038;version=3&#038;enablejsapi=1\"class=\"uabb-video-gallery-fancybox uabb-vg__play_full\">\t\t\t\t\t\t\n\t\t\t\t\t\t\t\t\t\t<h4>P\u0142yta pikieta\u017cowa<\/h4>\n\t\t\t\t\t<\/a>\t\t\t\t\n\t\t\t\t\t<a href=\"https:\/\/www.youtube.com\/watch?v=gbTqFX65ohY\" aria-label=\"uabb-video-galeria\"11 data-fancybox=\"uabb-video-gallery\" data-url=\"https:\/\/www.youtube.com\/embed\/gbTqFX65ohY?autoplay=1&#038;version=3&#038;enablejsapi=1\"class=\"uabb-video-gallery-fancybox uabb-vg__play_full\">\t\t\t\t\t\t\n\t\t\t\t\t\t\t\t\t\t<h4>P\u0142yta ramowa<\/h4>\n\t\t\t\t\t<\/a>\t\t\t\t\n\t\t\t\t\t<a href=\"https:\/\/www.youtube.com\/watch?v=J2Zgm7_1T-I\" aria-label=\"uabb-video-galeria\"22 data-fancybox=\"uabb-video-gallery\" data-url=\"https:\/\/www.youtube.com\/embed\/J2Zgm7_1T-I?autoplay=1&#038;version=3&#038;enablejsapi=1\"class=\"uabb-video-gallery-fancybox uabb-vg__play_full\">\t\t\t\t\t\t\n\t\t\t\t\t\t\t\t\t\t<h4>Wymiana przek\u0142adni podno\u015bnika<\/h4>\n\t\t\t\t\t<\/a>","protected":false},"excerpt":{"rendered":"<p>Training Videos View videos of our patented stabilization and lifting techniques, product highlights, instructions and more. All Training Accessories Maintenance &amp; Repair Lift A: Wheel-Resting Side Lift Lift B: Wheel-Resting Rear Lift Lift C: Side-Resting Front Lift Lift D: Roof-Resting Rear Lift Darlington Roll Ratchet Straps CRG Head Fitting Darlington Head Tripod Head Wheel Chock&hellip;<\/p>","protected":false},"author":2,"featured_media":0,"parent":1501,"menu_order":0,"comment_status":"closed","ping_status":"closed","template":"","meta":{"footnotes":""},"class_list":["post-1367","page","type-page","status-publish","hentry"],"yoast_head":"<!-- This site is optimized with the Yoast SEO plugin v27.5 - https:\/\/yoast.com\/product\/yoast-seo-wordpress\/ -->\n<title>Training Videos | Res-Q-Jack, Inc.<\/title>\n<meta name=\"robots\" content=\"index, follow, max-snippet:-1, max-image-preview:large, max-video-preview:-1\" \/>\n<link rel=\"canonical\" href=\"https:\/\/res-q-jack.com\/pl\/szkolenie\/filmy-szkoleniowe\/\" \/>\n<meta property=\"og:locale\" content=\"pl_PL\" \/>\n<meta property=\"og:type\" content=\"article\" \/>\n<meta property=\"og:title\" content=\"Training Videos | Res-Q-Jack, Inc.\" \/>\n<meta property=\"og:description\" content=\"Training Videos View videos of our patented stabilization and lifting techniques, product highlights, instructions and more. All Training Accessories Maintenance &amp; Repair Lift A: Wheel-Resting Side Lift Lift B: Wheel-Resting Rear Lift Lift C: Side-Resting Front Lift Lift D: Roof-Resting Rear Lift Darlington Roll Ratchet Straps CRG Head Fitting Darlington Head Tripod Head Wheel Chock&hellip;\" \/>\n<meta property=\"og:url\" content=\"https:\/\/res-q-jack.com\/pl\/szkolenie\/filmy-szkoleniowe\/\" \/>\n<meta property=\"og:site_name\" content=\"Res-Q-Jack, Inc.\" \/>\n<meta property=\"article:modified_time\" content=\"2023-07-21T18:16:17+00:00\" \/>\n<meta name=\"twitter:card\" content=\"summary_large_image\" \/>\n<script type=\"application\/ld+json\" class=\"yoast-schema-graph\">{\"@context\":\"https:\\\/\\\/schema.org\",\"@graph\":[{\"@type\":\"WebPage\",\"@id\":\"https:\\\/\\\/res-q-jack.com\\\/training\\\/training-videos\\\/\",\"url\":\"https:\\\/\\\/res-q-jack.com\\\/training\\\/training-videos\\\/\",\"name\":\"Training Videos | Res-Q-Jack, Inc.\",\"isPartOf\":{\"@id\":\"https:\\\/\\\/res-q-jack.com\\\/#website\"},\"datePublished\":\"2020-05-27T21:34:47+00:00\",\"dateModified\":\"2023-07-21T18:16:17+00:00\",\"breadcrumb\":{\"@id\":\"https:\\\/\\\/res-q-jack.com\\\/training\\\/training-videos\\\/#breadcrumb\"},\"inLanguage\":\"pl-PL\",\"potentialAction\":[{\"@type\":\"ReadAction\",\"target\":[\"https:\\\/\\\/res-q-jack.com\\\/training\\\/training-videos\\\/\"]}]},{\"@type\":\"BreadcrumbList\",\"@id\":\"https:\\\/\\\/res-q-jack.com\\\/training\\\/training-videos\\\/#breadcrumb\",\"itemListElement\":[{\"@type\":\"ListItem\",\"position\":1,\"name\":\"Home\",\"item\":\"https:\\\/\\\/res-q-jack.com\\\/\"},{\"@type\":\"ListItem\",\"position\":2,\"name\":\"Training\",\"item\":\"https:\\\/\\\/res-q-jack.com\\\/training\\\/\"},{\"@type\":\"ListItem\",\"position\":3,\"name\":\"Training Videos\"}]},{\"@type\":\"WebSite\",\"@id\":\"https:\\\/\\\/res-q-jack.com\\\/#website\",\"url\":\"https:\\\/\\\/res-q-jack.com\\\/\",\"name\":\"Res-Q-Jack, Inc.\",\"description\":\"Vehicle Stabilization Struts\",\"publisher\":{\"@id\":\"https:\\\/\\\/res-q-jack.com\\\/#organization\"},\"potentialAction\":[{\"@type\":\"SearchAction\",\"target\":{\"@type\":\"EntryPoint\",\"urlTemplate\":\"https:\\\/\\\/res-q-jack.com\\\/?s={search_term_string}\"},\"query-input\":{\"@type\":\"PropertyValueSpecification\",\"valueRequired\":true,\"valueName\":\"search_term_string\"}}],\"inLanguage\":\"pl-PL\"},{\"@type\":\"Organization\",\"@id\":\"https:\\\/\\\/res-q-jack.com\\\/#organization\",\"name\":\"Res-Q-Jack, Inc.\",\"url\":\"https:\\\/\\\/res-q-jack.com\\\/\",\"logo\":{\"@type\":\"ImageObject\",\"inLanguage\":\"pl-PL\",\"@id\":\"https:\\\/\\\/res-q-jack.com\\\/#\\\/schema\\\/logo\\\/image\\\/\",\"url\":\"https:\\\/\\\/res-q-jack.com\\\/wp-content\\\/uploads\\\/2020\\\/03\\\/Res-Q-Jack-SEO-Logo.png\",\"contentUrl\":\"https:\\\/\\\/res-q-jack.com\\\/wp-content\\\/uploads\\\/2020\\\/03\\\/Res-Q-Jack-SEO-Logo.png\",\"width\":612,\"height\":138,\"caption\":\"Res-Q-Jack, Inc.\"},\"image\":{\"@id\":\"https:\\\/\\\/res-q-jack.com\\\/#\\\/schema\\\/logo\\\/image\\\/\"}}]}<\/script>\n<!-- \/ Yoast SEO plugin. -->","yoast_head_json":{"title":"Filmy szkoleniowe | Res-Q-Jack, Inc.","robots":{"index":"index","follow":"follow","max-snippet":"max-snippet:-1","max-image-preview":"max-image-preview:large","max-video-preview":"max-video-preview:-1"},"canonical":"https:\/\/res-q-jack.com\/pl\/szkolenie\/filmy-szkoleniowe\/","og_locale":"pl_PL","og_type":"article","og_title":"Training Videos | Res-Q-Jack, Inc.","og_description":"Training Videos View videos of our patented stabilization and lifting techniques, product highlights, instructions and more. All Training Accessories Maintenance &amp; Repair Lift A: Wheel-Resting Side Lift Lift B: Wheel-Resting Rear Lift Lift C: Side-Resting Front Lift Lift D: Roof-Resting Rear Lift Darlington Roll Ratchet Straps CRG Head Fitting Darlington Head Tripod Head Wheel Chock&hellip;","og_url":"https:\/\/res-q-jack.com\/pl\/szkolenie\/filmy-szkoleniowe\/","og_site_name":"Res-Q-Jack, Inc.","article_modified_time":"2023-07-21T18:16:17+00:00","twitter_card":"summary_large_image","schema":{"@context":"https:\/\/schema.org","@graph":[{"@type":"WebPage","@id":"https:\/\/res-q-jack.com\/training\/training-videos\/","url":"https:\/\/res-q-jack.com\/training\/training-videos\/","name":"Filmy szkoleniowe | Res-Q-Jack, Inc.","isPartOf":{"@id":"https:\/\/res-q-jack.com\/#website"},"datePublished":"2020-05-27T21:34:47+00:00","dateModified":"2023-07-21T18:16:17+00:00","breadcrumb":{"@id":"https:\/\/res-q-jack.com\/training\/training-videos\/#breadcrumb"},"inLanguage":"pl-PL","potentialAction":[{"@type":"ReadAction","target":["https:\/\/res-q-jack.com\/training\/training-videos\/"]}]},{"@type":"BreadcrumbList","@id":"https:\/\/res-q-jack.com\/training\/training-videos\/#breadcrumb","itemListElement":[{"@type":"ListItem","position":1,"name":"Home","item":"https:\/\/res-q-jack.com\/"},{"@type":"ListItem","position":2,"name":"Training","item":"https:\/\/res-q-jack.com\/training\/"},{"@type":"ListItem","position":3,"name":"Training Videos"}]},{"@type":"WebSite","@id":"https:\/\/res-q-jack.com\/#website","url":"https:\/\/res-q-jack.com\/","name":"Res-Q-Jack, Inc.","description":"Stabilizatory pojazdu","publisher":{"@id":"https:\/\/res-q-jack.com\/#organization"},"potentialAction":[{"@type":"SearchAction","target":{"@type":"EntryPoint","urlTemplate":"https:\/\/res-q-jack.com\/?s={search_term_string}"},"query-input":{"@type":"PropertyValueSpecification","valueRequired":true,"valueName":"search_term_string"}}],"inLanguage":"pl-PL"},{"@type":"Organization","@id":"https:\/\/res-q-jack.com\/#organization","name":"Res-Q-Jack, Inc.","url":"https:\/\/res-q-jack.com\/","logo":{"@type":"ImageObject","inLanguage":"pl-PL","@id":"https:\/\/res-q-jack.com\/#\/schema\/logo\/image\/","url":"https:\/\/res-q-jack.com\/wp-content\/uploads\/2020\/03\/Res-Q-Jack-SEO-Logo.png","contentUrl":"https:\/\/res-q-jack.com\/wp-content\/uploads\/2020\/03\/Res-Q-Jack-SEO-Logo.png","width":612,"height":138,"caption":"Res-Q-Jack, Inc."},"image":{"@id":"https:\/\/res-q-jack.com\/#\/schema\/logo\/image\/"}}]}},"_links":{"self":[{"href":"https:\/\/res-q-jack.com\/pl\/wp-json\/wp\/v2\/pages\/1367","targetHints":{"allow":["GET"]}}],"collection":[{"href":"https:\/\/res-q-jack.com\/pl\/wp-json\/wp\/v2\/pages"}],"about":[{"href":"https:\/\/res-q-jack.com\/pl\/wp-json\/wp\/v2\/types\/page"}],"author":[{"embeddable":true,"href":"https:\/\/res-q-jack.com\/pl\/wp-json\/wp\/v2\/users\/2"}],"replies":[{"embeddable":true,"href":"https:\/\/res-q-jack.com\/pl\/wp-json\/wp\/v2\/comments?post=1367"}],"version-history":[{"count":0,"href":"https:\/\/res-q-jack.com\/pl\/wp-json\/wp\/v2\/pages\/1367\/revisions"}],"up":[{"embeddable":true,"href":"https:\/\/res-q-jack.com\/pl\/wp-json\/wp\/v2\/pages\/1501"}],"wp:attachment":[{"href":"https:\/\/res-q-jack.com\/pl\/wp-json\/wp\/v2\/media?parent=1367"}],"curies":[{"name":"wp","href":"https:\/\/api.w.org\/{rel}","templated":true}]}}