{"id":12,"date":"2019-12-13T10:36:36","date_gmt":"2019-12-13T15:36:36","guid":{"rendered":"https:\/\/resqjack.wpengine.com\/?page_id=12"},"modified":"2026-04-22T15:13:03","modified_gmt":"2026-04-22T20:13:03","slug":"dom","status":"publish","type":"page","link":"https:\/\/res-q-jack.com\/pl\/","title":{"rendered":"Strona g\u0142\u00f3wna"},"content":{"rendered":"<h1>MINIMIZE THE EFFORT.<\/h1>\n\t<h1>MAXIMIZE THE LIFT.<\/h1>\n\t\t\t<a href=\"https:\/\/res-q-jack.com\/pl\/akcesoria\/x-drive\/\"  target=\"_self\">\n\t\t\t\t\t\t\tEXPLORE X-DRIVE\n\t\t\t\t\t<\/a>\n\t<h2>\n\t\t\t\tRespond Faster with Pin-Free Stabilization &amp; Lifting\n\t\t\t<\/h2>\n\t\t\t<p>Nasze stabilizatory i podno\u015bniki bez sworzni s\u0105 szybsze i \u0142atwiejsze w monta\u017cu, co pozwala zaoszcz\u0119dzi\u0107 czas, gdy jest on najwa\u017cniejszy.<\/p>\t\n\t\t\t\t<img decoding=\"async\" data-src=\"https:\/\/res-q-jack.com\/wp-content\/uploads\/2026\/04\/Super-X-Long-w-Ratchet-Hooked-on-Top.png\" alt=\"Super X Long w Ratchet Hooked on Top\" title=\"Super X Long w Ratchet Hooked on Top\" itemprop=\"image\" src=\"data:image\/svg+xml;base64,PHN2ZyB3aWR0aD0iMSIgaGVpZ2h0PSIxIiB4bWxucz0iaHR0cDovL3d3dy53My5vcmcvMjAwMC9zdmciPjwvc3ZnPg==\" class=\"lazyload\" style=\"--smush-placeholder-width: 1700px; --smush-placeholder-aspect-ratio: 1700\/8300;\" \/>\n\t\t\t<h5><img decoding=\"async\" data-src=\"https:\/\/res-q-jack.com\/wp-content\/uploads\/2020\/05\/Pin-Free-Stabilization-Struts-95x18-1.png\" src=\"data:image\/svg+xml;base64,PHN2ZyB3aWR0aD0iMSIgaGVpZ2h0PSIxIiB4bWxucz0iaHR0cDovL3d3dy53My5vcmcvMjAwMC9zdmciPjwvc3ZnPg==\" class=\"lazyload\" style=\"--smush-placeholder-width: 95px; --smush-placeholder-aspect-ratio: 95\/18;\" \/><\/h5><h3>Seria Super X-Strut<\/h3>\t\t\t\n\t\t\t\t<p>Super X to nasza najbardziej wytrzyma\u0142a linia rozp\u00f3rek, przeznaczona do ratownictwa z wykorzystaniem ci\u0119\u017ckich pojazd\u00f3w, obud\u00f3w strukturalnych i ratownictwa technicznego.\u00a0<\/p>\n<p><strong>Dopuszczalne obci\u0105\u017cenie robocze: 19 300 funt\u00f3w (wsp\u00f3\u0142czynnik bezpiecze\u0144stwa 2:1)<\/strong><\/p>\n\t\t\t<a href=\"https:\/\/res-q-jack.com\/pl\/listwy\/podluznice-stabilizujace-pojazd\/sciagacze-stabilizujace-do-ciezkich-pojazdow\/super-x-strut\/\" title=\"Zobacz szczeg\u00f3\u0142y\" target=\"_self\"   role=\"button\" aria-label=\"Zobacz szczeg\u00f3\u0142y\">\n\t\t\t\t\t\t\t\t\t\t\tZobacz szczeg\u00f3\u0142y\n\t\t<\/a>\n\t\t\t\t<img decoding=\"async\" data-src=\"https:\/\/res-q-jack.com\/wp-content\/uploads\/2026\/04\/Apex-Long-Strut-scaled.png\" alt=\"Apex Long Strut\" title=\"Apex Long Strut\" itemprop=\"image\" src=\"data:image\/svg+xml;base64,PHN2ZyB3aWR0aD0iMSIgaGVpZ2h0PSIxIiB4bWxucz0iaHR0cDovL3d3dy53My5vcmcvMjAwMC9zdmciPjwvc3ZnPg==\" class=\"lazyload\" style=\"--smush-placeholder-width: 604px; --smush-placeholder-aspect-ratio: 604\/2560;\" \/>\n\t\t\t<h5><img decoding=\"async\" data-src=\"https:\/\/res-q-jack.com\/wp-content\/uploads\/2020\/05\/Pin-Free-Stabilization-Struts-95x18-1.png\" src=\"data:image\/svg+xml;base64,PHN2ZyB3aWR0aD0iMSIgaGVpZ2h0PSIxIiB4bWxucz0iaHR0cDovL3d3dy53My5vcmcvMjAwMC9zdmciPjwvc3ZnPg==\" class=\"lazyload\" style=\"--smush-placeholder-width: 95px; --smush-placeholder-aspect-ratio: 95\/18;\" \/><\/h5><h3>Seria Apex X-Strut<\/h3>\t\t\t\n\t\t\t\t<p>Apex to nasza najnowsza linia rozp\u00f3rek bez zawleczki o du\u017cej wytrzyma\u0142o\u015bci, zaprojektowana z my\u015bl\u0105 o wi\u0119kszo\u015bci scenariuszy ratowania pojazd\u00f3w.\u00a0\u00a0<\/p>\n<p><strong>Dopuszczalne obci\u0105\u017cenie robocze: do 12 500 funt\u00f3w (wsp\u00f3\u0142czynnik bezpiecze\u0144stwa 2:1)<\/strong><\/p>\n\t\t\t<a href=\"https:\/\/res-q-jack.com\/pl\/listwy\/podluznice-stabilizujace-pojazd\/sciagacze-stabilizujace-do-ciezkich-pojazdow\/apex-x-strut\/\" title=\"Zobacz szczeg\u00f3\u0142y\" target=\"_self\"   role=\"button\" aria-label=\"Zobacz szczeg\u00f3\u0142y\">\n\t\t\t\t\t\t\t\t\t\t\tZobacz szczeg\u00f3\u0142y\n\t\t<\/a>\n\t\t\t\t<img decoding=\"async\" data-src=\"https:\/\/res-q-jack.com\/wp-content\/uploads\/2026\/04\/Auto-X-Long-Strut-scaled.png\" alt=\"Auto X Long Strut\" title=\"Auto X Long Strut\" itemprop=\"image\" src=\"data:image\/svg+xml;base64,PHN2ZyB3aWR0aD0iMSIgaGVpZ2h0PSIxIiB4bWxucz0iaHR0cDovL3d3dy53My5vcmcvMjAwMC9zdmciPjwvc3ZnPg==\" class=\"lazyload\" style=\"--smush-placeholder-width: 602px; --smush-placeholder-aspect-ratio: 602\/2560;\" \/>\n\t\t\t<h5><img decoding=\"async\" data-src=\"https:\/\/res-q-jack.com\/wp-content\/uploads\/2020\/05\/Pin-Free-Stabilization-Struts-95x18-1.png\" src=\"data:image\/svg+xml;base64,PHN2ZyB3aWR0aD0iMSIgaGVpZ2h0PSIxIiB4bWxucz0iaHR0cDovL3d3dy53My5vcmcvMjAwMC9zdmciPjwvc3ZnPg==\" class=\"lazyload\" style=\"--smush-placeholder-width: 95px; --smush-placeholder-aspect-ratio: 95\/18;\" \/><\/h5><h3>Seria Auto X-Strut<\/h3>\t\t\t\n\t\t\t\t<p>Auto X jest naszym lekkim, bezspinkowym rozpornikiem do b\u0142yskawicznej stabilizacji i podnoszenia typowych ma\u0142ych pojazd\u00f3w.<\/p>\n<p><strong>Dopuszczalne obci\u0105\u017cenie robocze: 3 250 funt\u00f3w (wsp\u00f3\u0142czynnik bezpiecze\u0144stwa 2:1)<\/strong><\/p>\n\t\t\t<a href=\"https:\/\/res-q-jack.com\/pl\/listwy\/podluznice-stabilizujace-pojazd\/sciagacze-stabilizujace-do-pojazdow-lekkich\/auto-x-strut\/\" title=\"Zobacz szczeg\u00f3\u0142y\" target=\"_self\"   role=\"button\" aria-label=\"Zobacz szczeg\u00f3\u0142y\">\n\t\t\t\t\t\t\t\t\t\t\tZobacz szczeg\u00f3\u0142y\n\t\t<\/a>\n<h3>\n\t\tStabilizacja pojazdu\n\t\tPodwy\u017cszona\n\t\t\t\t<\/h3>\t\n\t\t\t\t<p>W Res-Q-Jack przenosimy stabilizacj\u0119 pojazd\u00f3w na wy\u017cszy poziom, oferuj\u0105c najbardziej wszechstronne rozp\u00f3rki do stabilizacji i podnoszenia pojazd\u00f3w na rynku.  Oferujemy rozp\u00f3rki od lekkich do ci\u0119\u017ckich, zar\u00f3wno obs\u0142ugiwane sworzniem, jak i bez sworznia, ka\u017cda ze wsp\u00f3\u0142czynnikiem bezpiecze\u0144stwa 2:1.  Bez wzgl\u0119du na potrzeby i bud\u017cet, Res-Q-Jack zapewnia odpowiednie narz\u0119dzie do pracy.  A dzi\u0119ki bezp\u0142atnemu szkoleniu przy ka\u017cdym zakupie zestawu, zapewniamy, \u017ce w pe\u0142ni wykorzystasz nasze narz\u0119dzia.<\/p>\n\t\t\t<a href=\"https:\/\/res-q-jack.com\/pl\/o\/\" title=\"Read More\" target=\"_self\"   role=\"button\" aria-label=\"Read More\">\n\t\t\t\t\t\t\tRead More\n\t\t<\/a>\n\t<a href=\"https:\/\/res-q-jack.com\/pl\/listwy\/podluznice-stabilizujace-pojazd\/sciagacze-stabilizujace-do-ciezkich-pojazdow\/\" target=\"_self\"  aria-label=\"Przejd\u017a do https:\/\/res-q-jack.com\/struts\/vehicle-stabilization-struts\/heavy-duty-vehicle-stabilization-struts\/\"><\/a>\n\t\t\t\t<img decoding=\"async\" data-src=\"https:\/\/res-q-jack.com\/wp-content\/uploads\/2020\/06\/cement-truck-icon.png\" alt=\"Stabilizatory i poduszki ratownicze do pojazd\u00f3w ci\u0119\u017carowych\" title=\"cementow\u00f3z - ikona\" itemprop=\"image\" src=\"data:image\/svg+xml;base64,PHN2ZyB3aWR0aD0iMSIgaGVpZ2h0PSIxIiB4bWxucz0iaHR0cDovL3d3dy53My5vcmcvMjAwMC9zdmciPjwvc3ZnPg==\" class=\"lazyload\" style=\"--smush-placeholder-width: 115px; --smush-placeholder-aspect-ratio: 115\/115;\" \/>\n\t\t<p>Amortyzatory do du\u017cych obci\u0105\u017ce\u0144<\/p>\t\t\t\n\t<a href=\"https:\/\/res-q-jack.com\/pl\/listwy\/podluznice-stabilizujace-pojazd\/sciagacze-stabilizujace-pojazd\/\" target=\"_self\"  aria-label=\"Przejd\u017a do https:\/\/res-q-jack.com\/struts\/vehicle-stabilization-struts\/standard-duty-vehicle-stabilization-struts\/\"><\/a>\n\t\t\t\t<img decoding=\"async\" data-src=\"https:\/\/res-q-jack.com\/wp-content\/uploads\/2020\/06\/pickup-icon.png\" alt=\"Standardowe amortyzatory stabilizuj\u0105ce i ratunkowe do pojazd\u00f3w ci\u0119\u017carowych\" title=\"pickup-icon\" itemprop=\"image\" src=\"data:image\/svg+xml;base64,PHN2ZyB3aWR0aD0iMSIgaGVpZ2h0PSIxIiB4bWxucz0iaHR0cDovL3d3dy53My5vcmcvMjAwMC9zdmciPjwvc3ZnPg==\" class=\"lazyload\" style=\"--smush-placeholder-width: 115px; --smush-placeholder-aspect-ratio: 115\/115;\" \/>\n\t\t<p>Amortyzatory o standardowej wytrzyma\u0142o\u015bci<\/p>\t\t\t\n\t<a href=\"https:\/\/res-q-jack.com\/pl\/listwy\/podluznice-stabilizujace-pojazd\/sciagacze-stabilizujace-do-pojazdow-lekkich\/\" target=\"_self\"  aria-label=\"Przejd\u017a do https:\/\/res-q-jack.com\/struts\/vehicle-stabilization-struts\/light-duty-vehicle-stabilization-struts\/\"><\/a>\n\t\t\t\t<img decoding=\"async\" data-src=\"https:\/\/res-q-jack.com\/wp-content\/uploads\/2020\/06\/car-icon.png\" alt=\"Stabilizatory i poduszki ratownicze do lekkich pojazd\u00f3w u\u017cytkowych\" title=\"car-icon\" itemprop=\"image\" src=\"data:image\/svg+xml;base64,PHN2ZyB3aWR0aD0iMSIgaGVpZ2h0PSIxIiB4bWxucz0iaHR0cDovL3d3dy53My5vcmcvMjAwMC9zdmciPjwvc3ZnPg==\" class=\"lazyload\" style=\"--smush-placeholder-width: 115px; --smush-placeholder-aspect-ratio: 115\/115;\" \/>\n\t\t<p>Lekkie amortyzatory<\/p>\t\t\t\n\t<a href=\"https:\/\/res-q-jack.com\/pl\/listwy\/rozpory-do-rowow\/\" target=\"_self\"  aria-label=\"Przejd\u017a do https:\/\/res-q-jack.com\/struts\/trench-shoring-struts\/\"><\/a>\n\t\t\t\t<img decoding=\"async\" data-src=\"https:\/\/res-q-jack.com\/wp-content\/uploads\/2020\/06\/trench-icon.png\" alt=\"Strzemiona do szalowania wykop\u00f3w\" title=\"ikona wykopu\" itemprop=\"image\" src=\"data:image\/svg+xml;base64,PHN2ZyB3aWR0aD0iMSIgaGVpZ2h0PSIxIiB4bWxucz0iaHR0cDovL3d3dy53My5vcmcvMjAwMC9zdmciPjwvc3ZnPg==\" class=\"lazyload\" style=\"--smush-placeholder-width: 115px; --smush-placeholder-aspect-ratio: 115\/115;\" \/>\n\t\t<p>Strzemiona do szalowania wykop\u00f3w<\/p>\t\t\t\n\t<a href=\"https:\/\/res-q-jack.com\/pl\/szkolenie\/\" target=\"_self\"  aria-label=\"Przejd\u017a do https:\/\/res-q-jack.com\/training\/\"><\/a>\n\t\t\t\t<img decoding=\"async\" data-src=\"https:\/\/res-q-jack.com\/wp-content\/uploads\/2020\/06\/training-icon.png\" alt=\"Szkolenie Res-Q-Jack\" title=\"ikona szkolenia\" itemprop=\"image\" src=\"data:image\/svg+xml;base64,PHN2ZyB3aWR0aD0iMSIgaGVpZ2h0PSIxIiB4bWxucz0iaHR0cDovL3d3dy53My5vcmcvMjAwMC9zdmciPjwvc3ZnPg==\" class=\"lazyload\" style=\"--smush-placeholder-width: 115px; --smush-placeholder-aspect-ratio: 115\/115;\" \/>\n\t\t<p>Zasoby edukacyjne<\/p>\t\t\t\n\t<a href=\"https:\/\/res-q-jack.com\/pl\/szkolenie\/stabilizacja-uniwersytet\/\" target=\"_self\"  aria-label=\"Przejd\u017a do https:\/\/res-q-jack.com\/training\/stabilization-university\/\"><\/a>\n\t\t\t\t<img decoding=\"async\" data-src=\"https:\/\/res-q-jack.com\/wp-content\/uploads\/2020\/06\/stabu-icon.png\" alt=\"Uniwersytet Stabilizacyjny\" title=\"stabu-icon\" itemprop=\"image\" src=\"data:image\/svg+xml;base64,PHN2ZyB3aWR0aD0iMSIgaGVpZ2h0PSIxIiB4bWxucz0iaHR0cDovL3d3dy53My5vcmcvMjAwMC9zdmciPjwvc3ZnPg==\" class=\"lazyload\" style=\"--smush-placeholder-width: 115px; --smush-placeholder-aspect-ratio: 115\/115;\" \/>\n\t\t<p>Uniwersytet Stabilizacyjny<\/p>\t\t\t\n\t<a href=\"https:\/\/res-q-jack.com\/pl\/wydarzenia\/\" target=\"_self\"  aria-label=\"Zobacz szczeg\u00f3\u0142y\"00><\/a>\n\t\t\t\t<img decoding=\"async\" data-src=\"https:\/\/res-q-jack.com\/wp-content\/uploads\/2020\/06\/calendar-icon.png\" alt=\"Kalendarz imprez Res-Q-Jack\" title=\"calendar-icon\" itemprop=\"image\" src=\"data:image\/svg+xml;base64,PHN2ZyB3aWR0aD0iMSIgaGVpZ2h0PSIxIiB4bWxucz0iaHR0cDovL3d3dy53My5vcmcvMjAwMC9zdmciPjwvc3ZnPg==\" class=\"lazyload\" style=\"--smush-placeholder-width: 115px; --smush-placeholder-aspect-ratio: 115\/115;\" \/>\n\t\t<p>Kalendarz wydarze\u0144<\/p>\t\t\t\n\t<h3>\n\t\t\t\tZaufa\u0142o im 4000 wydzia\u0142\u00f3w w Stanach Zjednoczonych i na ca\u0142ym \u015bwiecie.\n\t\t\t<\/h3>\n\t\t<ul>\n\t\t<li><blockquote><p>\"Zaj\u0119\u0142o mi 3 lata, aby m\u00f3j wydzia\u0142 kupi\u0142 wasze podno\u015bniki ratownicze... i zastanawiamy si\u0119, jak robili\u015bmy to wcze\u015bniej.\"- Philip Kontoulas, City of Orlando Fire Department -.<\/p><\/blockquote><\/li>\t\t<li><blockquote>\"Nie brali\u015bmy pod uwag\u0119 stabilizacji, dop\u00f3ki nie u\u017cyli\u015bmy podno\u015bnik\u00f3w Res-Q-Jack w praktycznym DEMO i nie zdali\u015bmy sobie sprawy z tego, co mog\u0105 one zrobi\u0107.  DEMO przekona\u0142o nas do podno\u015bnik\u00f3w Res-Q-Jack\" - komendant Artie Sullivan, stra\u017c po\u017carna w gminie Horseheads.<\/blockquote><\/li>\t\t<li><blockquote>\"W dniu dzisiejszym po raz pierwszy oddali\u015bmy do u\u017cytku podno\u015bniki Res-Q-Jacks przy wypadku samochodowym. Dzia\u0142a\u0142y \u015bwietnie! Dzi\u0119kujemy za pomoc i szkolenie!\"- Bob Brown, Stra\u017c Po\u017carna Rose Tree -.<\/blockquote><\/li>\t\t<li><blockquote>\"U\u017cywali\u015bmy tych produkt\u00f3w w terenie, u\u017cywam ich w szkoleniach, a tak\u017ce mia\u0142em okazj\u0119 wiele lat temu uczestniczy\u0107 w Stab-U. Wasze produkty robi\u0105 r\u00f3\u017cnic\u0119. Jestem g\u0142\u0119boko przekonany, \u017ce bez podno\u015bnik\u00f3w w tym wypadku, mieliby\u015bmy bardzo z\u0142y wynik dla pacjenta. Po prostu nie by\u0142o innego wyj\u015bcia.\"- Brian Robinson, stanowy oficer szkoleniowy, Stowarzyszenie Dru\u017cyn Ratunkowych Tennessee -<\/blockquote><\/li>\t\t\t<\/ul>\n\t\t<h3>Zaplanuj bezp\u0142atn\u0105 prezentacj\u0119 ju\u017c dzi\u015b!<\/h3>\n\t\t<p>Zastanawiasz si\u0119 nad zakupem jednego z naszych \u0142atwych w obs\u0142udze podno\u015bnik\u00f3w i stabilizator\u00f3w samochodowych?  Chcesz obejrze\u0107 demonstracj\u0119 przed zakupem?<\/p>\n\t\t\t<a href=\"https:\/\/res-q-jack.com\/pl\/free-demo\/\"  target=\"_self\">\n\t\t\t\t\t\t\tZaplanuj demonstracj\u0119\n\t\t\t\t\t<\/a>","protected":false},"excerpt":{"rendered":"<p>MINIMIZE THE EFFORT. MAXIMIZE THE LIFT. EXPLORE X-DRIVE Respond Faster with Pin-Free Stabilization &amp; Lifting Our Pin-Free Vehicle Stabilization &amp; Lifting Struts are faster and easier to deploy, saving time when it matters most. Super X-Strut Series The Super X is our most heavy-duty strut line, designed for heavy vehicle rescue, structural shoring and technical&hellip;<\/p>","protected":false},"author":2,"featured_media":14,"parent":0,"menu_order":0,"comment_status":"closed","ping_status":"closed","template":"","meta":{"footnotes":""},"class_list":["post-12","page","type-page","status-publish","has-post-thumbnail","hentry"],"yoast_head":"<!-- This site is optimized with the Yoast SEO plugin v27.2 - https:\/\/yoast.com\/product\/yoast-seo-wordpress\/ -->\n<title>Vehicle Stabilization Struts<\/title>\n<meta name=\"description\" content=\"Res-Q-Jack provides vehicle stabilization struts, lifting struts and trench shoring products for first responders, fire fighters and EMS.\" \/>\n<meta name=\"robots\" content=\"index, follow, max-snippet:-1, max-image-preview:large, max-video-preview:-1\" \/>\n<link rel=\"canonical\" href=\"https:\/\/res-q-jack.com\/pl\/\" \/>\n<meta property=\"og:locale\" content=\"pl_PL\" \/>\n<meta property=\"og:type\" content=\"article\" \/>\n<meta property=\"og:title\" content=\"Vehicle Stabilization Struts\" \/>\n<meta property=\"og:description\" content=\"Res-Q-Jack provides vehicle stabilization struts, lifting struts and trench shoring products for first responders, fire fighters and EMS.\" \/>\n<meta property=\"og:url\" content=\"https:\/\/res-q-jack.com\/pl\/\" \/>\n<meta property=\"og:site_name\" content=\"Res-Q-Jack, Inc.\" \/>\n<meta property=\"article:modified_time\" content=\"2026-04-22T20:13:03+00:00\" \/>\n<meta property=\"og:image\" content=\"https:\/\/res-q-jack.com\/wp-content\/uploads\/2019\/12\/Vehicle-Stabilization-Struts-from-Res-Q-Jack.jpg\" \/>\n\t<meta property=\"og:image:width\" content=\"900\" \/>\n\t<meta property=\"og:image:height\" content=\"600\" \/>\n\t<meta property=\"og:image:type\" content=\"image\/jpeg\" \/>\n<meta name=\"twitter:card\" content=\"summary_large_image\" \/>\n<meta name=\"twitter:label1\" content=\"Szacowany czas czytania\" \/>\n\t<meta name=\"twitter:data1\" content=\"5 minut\" \/>\n<script type=\"application\/ld+json\" class=\"yoast-schema-graph\">{\"@context\":\"https:\/\/schema.org\",\"@graph\":[{\"@type\":\"WebPage\",\"@id\":\"https:\/\/res-q-jack.com\/\",\"url\":\"https:\/\/res-q-jack.com\/\",\"name\":\"Vehicle Stabilization Struts\",\"isPartOf\":{\"@id\":\"https:\/\/res-q-jack.com\/#website\"},\"primaryImageOfPage\":{\"@id\":\"https:\/\/res-q-jack.com\/#primaryimage\"},\"image\":{\"@id\":\"https:\/\/res-q-jack.com\/#primaryimage\"},\"thumbnailUrl\":\"https:\/\/res-q-jack.com\/wp-content\/uploads\/2019\/12\/Vehicle-Stabilization-Struts-from-Res-Q-Jack.jpg\",\"datePublished\":\"2019-12-13T15:36:36+00:00\",\"dateModified\":\"2026-04-22T20:13:03+00:00\",\"description\":\"Res-Q-Jack provides vehicle stabilization struts, lifting struts and trench shoring products for first responders, fire fighters and EMS.\",\"breadcrumb\":{\"@id\":\"https:\/\/res-q-jack.com\/#breadcrumb\"},\"inLanguage\":\"pl-PL\",\"potentialAction\":[{\"@type\":\"ReadAction\",\"target\":[\"https:\/\/res-q-jack.com\/\"]}]},{\"@type\":\"ImageObject\",\"inLanguage\":\"pl-PL\",\"@id\":\"https:\/\/res-q-jack.com\/#primaryimage\",\"url\":\"https:\/\/res-q-jack.com\/wp-content\/uploads\/2019\/12\/Vehicle-Stabilization-Struts-from-Res-Q-Jack.jpg\",\"contentUrl\":\"https:\/\/res-q-jack.com\/wp-content\/uploads\/2019\/12\/Vehicle-Stabilization-Struts-from-Res-Q-Jack.jpg\",\"width\":900,\"height\":600,\"caption\":\"Vehicle Stabilization Struts\"},{\"@type\":\"BreadcrumbList\",\"@id\":\"https:\/\/res-q-jack.com\/#breadcrumb\",\"itemListElement\":[{\"@type\":\"ListItem\",\"position\":1,\"name\":\"Home\",\"item\":\"https:\/\/res-q-jack.com\/\"},{\"@type\":\"ListItem\",\"position\":2,\"name\":\"Home\"}]},{\"@type\":\"WebSite\",\"@id\":\"https:\/\/res-q-jack.com\/#website\",\"url\":\"https:\/\/res-q-jack.com\/\",\"name\":\"Res-Q-Jack, Inc.\",\"description\":\"Vehicle Stabilization Struts\",\"publisher\":{\"@id\":\"https:\/\/res-q-jack.com\/#organization\"},\"potentialAction\":[{\"@type\":\"SearchAction\",\"target\":{\"@type\":\"EntryPoint\",\"urlTemplate\":\"https:\/\/res-q-jack.com\/?s={search_term_string}\"},\"query-input\":{\"@type\":\"PropertyValueSpecification\",\"valueRequired\":true,\"valueName\":\"search_term_string\"}}],\"inLanguage\":\"pl-PL\"},{\"@type\":\"Organization\",\"@id\":\"https:\/\/res-q-jack.com\/#organization\",\"name\":\"Res-Q-Jack, Inc.\",\"url\":\"https:\/\/res-q-jack.com\/\",\"logo\":{\"@type\":\"ImageObject\",\"inLanguage\":\"pl-PL\",\"@id\":\"https:\/\/res-q-jack.com\/#\/schema\/logo\/image\/\",\"url\":\"https:\/\/res-q-jack.com\/wp-content\/uploads\/2020\/03\/Res-Q-Jack-SEO-Logo.png\",\"contentUrl\":\"https:\/\/res-q-jack.com\/wp-content\/uploads\/2020\/03\/Res-Q-Jack-SEO-Logo.png\",\"width\":612,\"height\":138,\"caption\":\"Res-Q-Jack, Inc.\"},\"image\":{\"@id\":\"https:\/\/res-q-jack.com\/#\/schema\/logo\/image\/\"}}]}<\/script>\n<!-- \/ Yoast SEO plugin. -->","yoast_head_json":{"title":"Stabilizatory pojazdu","description":"Res-Q-Jack oferuje rozp\u00f3rki do stabilizacji pojazd\u00f3w, rozp\u00f3rki do podnoszenia i produkty do zabezpieczania row\u00f3w dla ratownik\u00f3w, stra\u017cak\u00f3w i ratownik\u00f3w medycznych.","robots":{"index":"index","follow":"follow","max-snippet":"max-snippet:-1","max-image-preview":"max-image-preview:large","max-video-preview":"max-video-preview:-1"},"canonical":"https:\/\/res-q-jack.com\/pl\/","og_locale":"pl_PL","og_type":"article","og_title":"Vehicle Stabilization Struts","og_description":"Res-Q-Jack provides vehicle stabilization struts, lifting struts and trench shoring products for first responders, fire fighters and EMS.","og_url":"https:\/\/res-q-jack.com\/pl\/","og_site_name":"Res-Q-Jack, Inc.","article_modified_time":"2026-04-22T20:13:03+00:00","og_image":[{"width":900,"height":600,"url":"https:\/\/res-q-jack.com\/wp-content\/uploads\/2019\/12\/Vehicle-Stabilization-Struts-from-Res-Q-Jack.jpg","type":"image\/jpeg"}],"twitter_card":"summary_large_image","twitter_misc":{"Szacowany czas czytania":"5 minut"},"schema":{"@context":"https:\/\/schema.org","@graph":[{"@type":"WebPage","@id":"https:\/\/res-q-jack.com\/","url":"https:\/\/res-q-jack.com\/","name":"Stabilizatory pojazdu","isPartOf":{"@id":"https:\/\/res-q-jack.com\/#website"},"primaryImageOfPage":{"@id":"https:\/\/res-q-jack.com\/#primaryimage"},"image":{"@id":"https:\/\/res-q-jack.com\/#primaryimage"},"thumbnailUrl":"https:\/\/res-q-jack.com\/wp-content\/uploads\/2019\/12\/Vehicle-Stabilization-Struts-from-Res-Q-Jack.jpg","datePublished":"2019-12-13T15:36:36+00:00","dateModified":"2026-04-22T20:13:03+00:00","description":"Res-Q-Jack oferuje rozp\u00f3rki do stabilizacji pojazd\u00f3w, rozp\u00f3rki do podnoszenia i produkty do zabezpieczania row\u00f3w dla ratownik\u00f3w, stra\u017cak\u00f3w i ratownik\u00f3w medycznych.","breadcrumb":{"@id":"https:\/\/res-q-jack.com\/#breadcrumb"},"inLanguage":"pl-PL","potentialAction":[{"@type":"ReadAction","target":["https:\/\/res-q-jack.com\/"]}]},{"@type":"ImageObject","inLanguage":"pl-PL","@id":"https:\/\/res-q-jack.com\/#primaryimage","url":"https:\/\/res-q-jack.com\/wp-content\/uploads\/2019\/12\/Vehicle-Stabilization-Struts-from-Res-Q-Jack.jpg","contentUrl":"https:\/\/res-q-jack.com\/wp-content\/uploads\/2019\/12\/Vehicle-Stabilization-Struts-from-Res-Q-Jack.jpg","width":900,"height":600,"caption":"Vehicle Stabilization Struts"},{"@type":"BreadcrumbList","@id":"https:\/\/res-q-jack.com\/#breadcrumb","itemListElement":[{"@type":"ListItem","position":1,"name":"Home","item":"https:\/\/res-q-jack.com\/"},{"@type":"ListItem","position":2,"name":"Home"}]},{"@type":"WebSite","@id":"https:\/\/res-q-jack.com\/#website","url":"https:\/\/res-q-jack.com\/","name":"Res-Q-Jack, Inc.","description":"Stabilizatory pojazdu","publisher":{"@id":"https:\/\/res-q-jack.com\/#organization"},"potentialAction":[{"@type":"SearchAction","target":{"@type":"EntryPoint","urlTemplate":"https:\/\/res-q-jack.com\/?s={search_term_string}"},"query-input":{"@type":"PropertyValueSpecification","valueRequired":true,"valueName":"search_term_string"}}],"inLanguage":"pl-PL"},{"@type":"Organization","@id":"https:\/\/res-q-jack.com\/#organization","name":"Res-Q-Jack, Inc.","url":"https:\/\/res-q-jack.com\/","logo":{"@type":"ImageObject","inLanguage":"pl-PL","@id":"https:\/\/res-q-jack.com\/#\/schema\/logo\/image\/","url":"https:\/\/res-q-jack.com\/wp-content\/uploads\/2020\/03\/Res-Q-Jack-SEO-Logo.png","contentUrl":"https:\/\/res-q-jack.com\/wp-content\/uploads\/2020\/03\/Res-Q-Jack-SEO-Logo.png","width":612,"height":138,"caption":"Res-Q-Jack, Inc."},"image":{"@id":"https:\/\/res-q-jack.com\/#\/schema\/logo\/image\/"}}]}},"_links":{"self":[{"href":"https:\/\/res-q-jack.com\/pl\/wp-json\/wp\/v2\/pages\/12","targetHints":{"allow":["GET"]}}],"collection":[{"href":"https:\/\/res-q-jack.com\/pl\/wp-json\/wp\/v2\/pages"}],"about":[{"href":"https:\/\/res-q-jack.com\/pl\/wp-json\/wp\/v2\/types\/page"}],"author":[{"embeddable":true,"href":"https:\/\/res-q-jack.com\/pl\/wp-json\/wp\/v2\/users\/2"}],"replies":[{"embeddable":true,"href":"https:\/\/res-q-jack.com\/pl\/wp-json\/wp\/v2\/comments?post=12"}],"version-history":[{"count":6,"href":"https:\/\/res-q-jack.com\/pl\/wp-json\/wp\/v2\/pages\/12\/revisions"}],"predecessor-version":[{"id":2447,"href":"https:\/\/res-q-jack.com\/pl\/wp-json\/wp\/v2\/pages\/12\/revisions\/2447"}],"wp:featuredmedia":[{"embeddable":true,"href":"https:\/\/res-q-jack.com\/pl\/wp-json\/wp\/v2\/media\/14"}],"wp:attachment":[{"href":"https:\/\/res-q-jack.com\/pl\/wp-json\/wp\/v2\/media?parent=12"}],"curies":[{"name":"wp","href":"https:\/\/api.w.org\/{rel}","templated":true}]}}