{"id":195,"date":"2019-12-18T18:32:39","date_gmt":"2019-12-18T23:32:39","guid":{"rendered":"https:\/\/resqjack.wpengine.com\/?page_id=195"},"modified":"2024-02-27T12:31:36","modified_gmt":"2024-02-27T17:31:36","slug":"raccordi-con-estremita-libere-da-perni","status":"publish","type":"page","link":"https:\/\/res-q-jack.com\/it\/accessories\/pin-free-end-fittings\/","title":{"rendered":"Raccordi di estremit\u00e0 senza pin"},"content":{"rendered":"<h1>Raccordi di estremit\u00e0 senza pin<\/h1>\r\n<ul>\r\n<li>\r\n<h3><a href=\"https:\/\/res-q-jack.com\/it\/accessori\/\" target=\"_self\" rel=\"noopener noreferrer\">Per saperne di pi\u00f9 sui nostri accessori<\/a>&lt;\/h3&gt;<\/h3>\r\n<\/li>\r\n<\/ul>\r\n<p><img decoding=\"async\" title=\"Tubo di prolunga senza spine\" data-src=\"https:\/\/res-q-jack.com\/wp-content\/uploads\/2020\/02\/Pin-Free-Extension-Tubing-1.jpg\" alt=\"Tubo di prolunga senza spine\" src=\"data:image\/svg+xml;base64,PHN2ZyB3aWR0aD0iMSIgaGVpZ2h0PSIxIiB4bWxucz0iaHR0cDovL3d3dy53My5vcmcvMjAwMC9zdmciPjwvc3ZnPg==\" class=\"lazyload\" style=\"--smush-placeholder-width: 900px; --smush-placeholder-aspect-ratio: 900\/600;\" \/><\/p>\r\n<h5>SPX-12EX (12\") | SPX-24EX (24\") | SPX-36EX (36\")<\/h5>\r\n<h3>Tubo di prolunga<\/h3>\r\n<p>Raggiungete nuove altezze con questi tubi di prolunga. Queste prolunghe, facili da usare, sono realizzate in alluminio 6061 T-6 e forniscono una lunghezza extra ai vostri Pin-Free X-Struts, Trench Shore e Technical Rescue Kits. Disponibili nelle lunghezze di uno, due e tre piedi.<\/p>\r\n<p><img decoding=\"async\" title=\"Testa per treppiede senza perno\" data-src=\"https:\/\/res-q-jack.com\/wp-content\/uploads\/2020\/02\/Pin-Free-Tripod-Head.jpg\" alt=\"Testa per treppiede senza perno\" src=\"data:image\/svg+xml;base64,PHN2ZyB3aWR0aD0iMSIgaGVpZ2h0PSIxIiB4bWxucz0iaHR0cDovL3d3dy53My5vcmcvMjAwMC9zdmciPjwvc3ZnPg==\" class=\"lazyload\" style=\"--smush-placeholder-width: 900px; --smush-placeholder-aspect-ratio: 900\/600;\" \/><\/p>\r\n<h5>SPX-TRPD<\/h5>\r\n<h3>Testa del treppiede<\/h3>\r\n<p>Trasformate tre puntoni Pin-Free in un treppiede per il soccorso tecnico con questo attacco per testa pin-free. La testa del treppiede \u00e8 dotata di una corona in acciaio verniciato a polvere con tre attacchi in alluminio lavorato per una rapida installazione. I puntoni sono venduti separatamente.<\/p>\r\n<p><img decoding=\"async\" title=\"Piastra per trincea SPX\" data-src=\"https:\/\/res-q-jack.com\/wp-content\/uploads\/2020\/05\/SPX-Trench-Plate.jpg\" alt=\"Piastra per trincea SPX\" src=\"data:image\/svg+xml;base64,PHN2ZyB3aWR0aD0iMSIgaGVpZ2h0PSIxIiB4bWxucz0iaHR0cDovL3d3dy53My5vcmcvMjAwMC9zdmciPjwvc3ZnPg==\" class=\"lazyload\" style=\"--smush-placeholder-width: 900px; --smush-placeholder-aspect-ratio: 900\/600;\" \/><\/p>\r\n<h5>SPX-TRBP<\/h5>\r\n<h3>Piastra di trincea<\/h3>\r\n<p>Questa piastra girevole con snodo sferico \u00e8 ideale per la puntellazione di trincee, con 4 fori angolari per il fissaggio con chiodi o viti. Realizzata in alluminio lavorato.<\/p>\r\n<p><img decoding=\"async\" title=\"Piastra a testa piatta senza pin\" data-src=\"https:\/\/res-q-jack.com\/wp-content\/uploads\/2020\/02\/Pin-Free-Flat-Head-Plate.jpg\" alt=\"Piastra a testa piatta senza pin\" src=\"data:image\/svg+xml;base64,PHN2ZyB3aWR0aD0iMSIgaGVpZ2h0PSIxIiB4bWxucz0iaHR0cDovL3d3dy53My5vcmcvMjAwMC9zdmciPjwvc3ZnPg==\" class=\"lazyload\" style=\"--smush-placeholder-width: 900px; --smush-placeholder-aspect-ratio: 900\/600;\" \/><\/p>\r\n<h5>SPX-FLTH<\/h5>\r\n<h3>Piastra a testa piatta<\/h3>\r\n<p>Questa piastra fissa da 6\" \u00e8 la testa di puntellamento pi\u00f9 semplice. \u00c8 consigliata per le applicazioni strutturali con il Super X, ma \u00e8 anche compatibile con il Trench Shore SPX. Realizzata in alluminio lavorato.<\/p>\r\n<p><img decoding=\"async\" title=\"Piastra di base girevole di grandi dimensioni senza perno\" data-src=\"https:\/\/res-q-jack.com\/wp-content\/uploads\/2020\/02\/Pin-Free-Large-Swiveling-Base-Plate.jpg\" alt=\"Piastra di base girevole di grandi dimensioni senza perno\" src=\"data:image\/svg+xml;base64,PHN2ZyB3aWR0aD0iMSIgaGVpZ2h0PSIxIiB4bWxucz0iaHR0cDovL3d3dy53My5vcmcvMjAwMC9zdmciPjwvc3ZnPg==\" class=\"lazyload\" style=\"--smush-placeholder-width: 900px; --smush-placeholder-aspect-ratio: 900\/600;\" \/><\/p>\r\n<h5>SPX-12BP<\/h5>\r\n<h3>Super X-Strut Base grande<\/h3>\r\n<p>Questa piastra di base girevole da 12\" funziona in un'ampia gamma di scenari, soprattutto quando \u00e8 necessario distribuire il carico su terreni morbidi. Include l'attacco per le cinghie. Realizzata in alluminio lavorato.<\/p>\r\n<p><img decoding=\"async\" title=\"Piastra di base piccola Super X-Strut\" data-src=\"https:\/\/res-q-jack.com\/wp-content\/uploads\/2020\/05\/Super-X-Strut-Small-Base-Plate.jpg\" alt=\"Piastra di base piccola Super X-Strut\" src=\"data:image\/svg+xml;base64,PHN2ZyB3aWR0aD0iMSIgaGVpZ2h0PSIxIiB4bWxucz0iaHR0cDovL3d3dy53My5vcmcvMjAwMC9zdmciPjwvc3ZnPg==\" class=\"lazyload\" style=\"--smush-placeholder-width: 900px; --smush-placeholder-aspect-ratio: 900\/600;\" \/><\/p>\r\n<h5>SPX-EXBP<\/h5>\r\n<h3>Piastra di base piccola Super X-Strut<\/h3>\r\n<p>La nostra piastra di base girevole standard, ma costruita appositamente per il Super X. Questo design leggero include anelli a D per picchetti o per agganciare cinghie e catene. Presenta un attacco in alluminio lavorato con base e anelli in acciaio verniciato a polvere.<\/p>\r\n<p><img decoding=\"async\" title=\"Testa CRG girevole senza perno\" data-src=\"https:\/\/res-q-jack.com\/wp-content\/uploads\/2020\/02\/Pin-Free-Swivel-CRG-Head.jpg\" alt=\"Testa CRG girevole senza perno\" src=\"data:image\/svg+xml;base64,PHN2ZyB3aWR0aD0iMSIgaGVpZ2h0PSIxIiB4bWxucz0iaHR0cDovL3d3dy53My5vcmcvMjAwMC9zdmciPjwvc3ZnPg==\" class=\"lazyload\" style=\"--smush-placeholder-width: 900px; --smush-placeholder-aspect-ratio: 900\/600;\" \/><\/p>\r\n<h5>SPX-SCRG<\/h5>\r\n<h3>Testa CRG girevole senza perno<\/h3>\r\n<p>Il CRG combina gli attacchi a canale, a punta tonda e a catena in un'unica testa rivoluzionaria, rendendo superfluo il cambio di testa durante il salvataggio. Si adatta a Super X, Apex e Auto X.<\/p>","protected":false},"excerpt":{"rendered":"<p>Raccordi di estremit&agrave; senza perno Per saperne di pi&ugrave; sui nostri accessori&lt;\/h3&gt; SPX-12EX (12&quot;) | SPX-24EX (24&quot;) | SPX-36EX (36&quot;) Tubi di prolunga Raggiungete nuove altezze con questi tubi di prolunga. Queste prolunghe, facili da usare, sono realizzate in alluminio 6061 T-6 e forniscono una lunghezza extra ai vostri Pin-Free X-Struts, Trench Shore e Technical Rescue Kits. Disponibili in versione da uno, due e tre piedi...<\/p>","protected":false},"author":2,"featured_media":0,"parent":44,"menu_order":0,"comment_status":"closed","ping_status":"closed","template":"","meta":{"footnotes":""},"class_list":["post-195","page","type-page","status-publish","hentry"],"yoast_head":"<!-- This site is optimized with the Yoast SEO plugin v27.2 - https:\/\/yoast.com\/product\/yoast-seo-wordpress\/ -->\n<title>Pin-Free End Fittings | Res-Q-Jack, Inc.<\/title>\n<meta name=\"robots\" content=\"index, follow, max-snippet:-1, max-image-preview:large, max-video-preview:-1\" \/>\n<link rel=\"canonical\" href=\"https:\/\/res-q-jack.com\/it\/accessori\/raccordi-con-estremita-libere-da-perni\/\" \/>\n<meta property=\"og:locale\" content=\"it_IT\" \/>\n<meta property=\"og:type\" content=\"article\" \/>\n<meta property=\"og:title\" content=\"Pin-Free End Fittings | Res-Q-Jack, Inc.\" \/>\n<meta property=\"og:description\" content=\"Pin-Free End Fittings Learn more about our accessories&lt;\/h3 &gt; SPX-12EX (12\u201d) | SPX-24EX (24\u201d) | SPX-36EX (36\u201d) Extension Tubing Reach new heights with these extension tubes. These easy-to-use extensions are machined from 6061 T-6 aluminum and provide extra length to your Pin-Free X-Struts,Trench Shore, and Technical Rescue Kits. Available in one, two and three foot&hellip;\" \/>\n<meta property=\"og:url\" content=\"https:\/\/res-q-jack.com\/it\/accessori\/raccordi-con-estremita-libere-da-perni\/\" \/>\n<meta property=\"og:site_name\" content=\"Res-Q-Jack, Inc.\" \/>\n<meta property=\"article:modified_time\" content=\"2024-02-27T17:31:36+00:00\" \/>\n<meta property=\"og:image\" content=\"https:\/\/res-q-jack.com\/wp-content\/uploads\/2020\/02\/Pin-Free-Extension-Tubing-1.jpg\" \/>\n<meta name=\"twitter:card\" content=\"summary_large_image\" \/>\n<meta name=\"twitter:label1\" content=\"Tempo di lettura stimato\" \/>\n\t<meta name=\"twitter:data1\" content=\"5 minuti\" \/>\n<script type=\"application\/ld+json\" class=\"yoast-schema-graph\">{\"@context\":\"https:\/\/schema.org\",\"@graph\":[{\"@type\":\"WebPage\",\"@id\":\"https:\/\/res-q-jack.com\/accessories\/pin-free-end-fittings\/\",\"url\":\"https:\/\/res-q-jack.com\/accessories\/pin-free-end-fittings\/\",\"name\":\"Pin-Free End Fittings | Res-Q-Jack, Inc.\",\"isPartOf\":{\"@id\":\"https:\/\/res-q-jack.com\/#website\"},\"primaryImageOfPage\":{\"@id\":\"https:\/\/res-q-jack.com\/accessories\/pin-free-end-fittings\/#primaryimage\"},\"image\":{\"@id\":\"https:\/\/res-q-jack.com\/accessories\/pin-free-end-fittings\/#primaryimage\"},\"thumbnailUrl\":\"https:\/\/res-q-jack.com\/wp-content\/uploads\/2020\/02\/Pin-Free-Extension-Tubing-1.jpg\",\"datePublished\":\"2019-12-18T23:32:39+00:00\",\"dateModified\":\"2024-02-27T17:31:36+00:00\",\"breadcrumb\":{\"@id\":\"https:\/\/res-q-jack.com\/accessories\/pin-free-end-fittings\/#breadcrumb\"},\"inLanguage\":\"it-IT\",\"potentialAction\":[{\"@type\":\"ReadAction\",\"target\":[\"https:\/\/res-q-jack.com\/accessories\/pin-free-end-fittings\/\"]}]},{\"@type\":\"ImageObject\",\"inLanguage\":\"it-IT\",\"@id\":\"https:\/\/res-q-jack.com\/accessories\/pin-free-end-fittings\/#primaryimage\",\"url\":\"https:\/\/res-q-jack.com\/wp-content\/uploads\/2020\/02\/Pin-Free-Extension-Tubing-1.jpg\",\"contentUrl\":\"https:\/\/res-q-jack.com\/wp-content\/uploads\/2020\/02\/Pin-Free-Extension-Tubing-1.jpg\"},{\"@type\":\"BreadcrumbList\",\"@id\":\"https:\/\/res-q-jack.com\/accessories\/pin-free-end-fittings\/#breadcrumb\",\"itemListElement\":[{\"@type\":\"ListItem\",\"position\":1,\"name\":\"Home\",\"item\":\"https:\/\/res-q-jack.com\/\"},{\"@type\":\"ListItem\",\"position\":2,\"name\":\"Accessories\",\"item\":\"https:\/\/res-q-jack.com\/accessories\/\"},{\"@type\":\"ListItem\",\"position\":3,\"name\":\"Pin-Free End Fittings\"}]},{\"@type\":\"WebSite\",\"@id\":\"https:\/\/res-q-jack.com\/#website\",\"url\":\"https:\/\/res-q-jack.com\/\",\"name\":\"Res-Q-Jack, Inc.\",\"description\":\"Vehicle Stabilization Struts\",\"publisher\":{\"@id\":\"https:\/\/res-q-jack.com\/#organization\"},\"potentialAction\":[{\"@type\":\"SearchAction\",\"target\":{\"@type\":\"EntryPoint\",\"urlTemplate\":\"https:\/\/res-q-jack.com\/?s={search_term_string}\"},\"query-input\":{\"@type\":\"PropertyValueSpecification\",\"valueRequired\":true,\"valueName\":\"search_term_string\"}}],\"inLanguage\":\"it-IT\"},{\"@type\":\"Organization\",\"@id\":\"https:\/\/res-q-jack.com\/#organization\",\"name\":\"Res-Q-Jack, Inc.\",\"url\":\"https:\/\/res-q-jack.com\/\",\"logo\":{\"@type\":\"ImageObject\",\"inLanguage\":\"it-IT\",\"@id\":\"https:\/\/res-q-jack.com\/#\/schema\/logo\/image\/\",\"url\":\"https:\/\/res-q-jack.com\/wp-content\/uploads\/2020\/03\/Res-Q-Jack-SEO-Logo.png\",\"contentUrl\":\"https:\/\/res-q-jack.com\/wp-content\/uploads\/2020\/03\/Res-Q-Jack-SEO-Logo.png\",\"width\":612,\"height\":138,\"caption\":\"Res-Q-Jack, Inc.\"},\"image\":{\"@id\":\"https:\/\/res-q-jack.com\/#\/schema\/logo\/image\/\"}}]}<\/script>\n<!-- \/ Yoast SEO plugin. -->","yoast_head_json":{"title":"Raccordi di estremit\u00e0 senza spinotti | Res-Q-Jack, Inc.","robots":{"index":"index","follow":"follow","max-snippet":"max-snippet:-1","max-image-preview":"max-image-preview:large","max-video-preview":"max-video-preview:-1"},"canonical":"https:\/\/res-q-jack.com\/it\/accessori\/raccordi-con-estremita-libere-da-perni\/","og_locale":"it_IT","og_type":"article","og_title":"Pin-Free End Fittings | Res-Q-Jack, Inc.","og_description":"Pin-Free End Fittings Learn more about our accessories&lt;\/h3 &gt; SPX-12EX (12\u201d) | SPX-24EX (24\u201d) | SPX-36EX (36\u201d) Extension Tubing Reach new heights with these extension tubes. These easy-to-use extensions are machined from 6061 T-6 aluminum and provide extra length to your Pin-Free X-Struts,Trench Shore, and Technical Rescue Kits. Available in one, two and three foot&hellip;","og_url":"https:\/\/res-q-jack.com\/it\/accessori\/raccordi-con-estremita-libere-da-perni\/","og_site_name":"Res-Q-Jack, Inc.","article_modified_time":"2024-02-27T17:31:36+00:00","og_image":[{"url":"https:\/\/res-q-jack.com\/wp-content\/uploads\/2020\/02\/Pin-Free-Extension-Tubing-1.jpg","type":"","width":"","height":""}],"twitter_card":"summary_large_image","twitter_misc":{"Tempo di lettura stimato":"5 minuti"},"schema":{"@context":"https:\/\/schema.org","@graph":[{"@type":"WebPage","@id":"https:\/\/res-q-jack.com\/accessories\/pin-free-end-fittings\/","url":"https:\/\/res-q-jack.com\/accessories\/pin-free-end-fittings\/","name":"Raccordi di estremit\u00e0 senza spinotti | Res-Q-Jack, Inc.","isPartOf":{"@id":"https:\/\/res-q-jack.com\/#website"},"primaryImageOfPage":{"@id":"https:\/\/res-q-jack.com\/accessories\/pin-free-end-fittings\/#primaryimage"},"image":{"@id":"https:\/\/res-q-jack.com\/accessories\/pin-free-end-fittings\/#primaryimage"},"thumbnailUrl":"https:\/\/res-q-jack.com\/wp-content\/uploads\/2020\/02\/Pin-Free-Extension-Tubing-1.jpg","datePublished":"2019-12-18T23:32:39+00:00","dateModified":"2024-02-27T17:31:36+00:00","breadcrumb":{"@id":"https:\/\/res-q-jack.com\/accessories\/pin-free-end-fittings\/#breadcrumb"},"inLanguage":"it-IT","potentialAction":[{"@type":"ReadAction","target":["https:\/\/res-q-jack.com\/accessories\/pin-free-end-fittings\/"]}]},{"@type":"ImageObject","inLanguage":"it-IT","@id":"https:\/\/res-q-jack.com\/accessories\/pin-free-end-fittings\/#primaryimage","url":"https:\/\/res-q-jack.com\/wp-content\/uploads\/2020\/02\/Pin-Free-Extension-Tubing-1.jpg","contentUrl":"https:\/\/res-q-jack.com\/wp-content\/uploads\/2020\/02\/Pin-Free-Extension-Tubing-1.jpg"},{"@type":"BreadcrumbList","@id":"https:\/\/res-q-jack.com\/accessories\/pin-free-end-fittings\/#breadcrumb","itemListElement":[{"@type":"ListItem","position":1,"name":"Home","item":"https:\/\/res-q-jack.com\/"},{"@type":"ListItem","position":2,"name":"Accessories","item":"https:\/\/res-q-jack.com\/accessories\/"},{"@type":"ListItem","position":3,"name":"Pin-Free End Fittings"}]},{"@type":"WebSite","@id":"https:\/\/res-q-jack.com\/#website","url":"https:\/\/res-q-jack.com\/","name":"Res-Q-Jack, Inc.","description":"Puntoni di stabilizzazione del veicolo","publisher":{"@id":"https:\/\/res-q-jack.com\/#organization"},"potentialAction":[{"@type":"SearchAction","target":{"@type":"EntryPoint","urlTemplate":"https:\/\/res-q-jack.com\/?s={search_term_string}"},"query-input":{"@type":"PropertyValueSpecification","valueRequired":true,"valueName":"search_term_string"}}],"inLanguage":"it-IT"},{"@type":"Organization","@id":"https:\/\/res-q-jack.com\/#organization","name":"Res-Q-Jack, Inc.","url":"https:\/\/res-q-jack.com\/","logo":{"@type":"ImageObject","inLanguage":"it-IT","@id":"https:\/\/res-q-jack.com\/#\/schema\/logo\/image\/","url":"https:\/\/res-q-jack.com\/wp-content\/uploads\/2020\/03\/Res-Q-Jack-SEO-Logo.png","contentUrl":"https:\/\/res-q-jack.com\/wp-content\/uploads\/2020\/03\/Res-Q-Jack-SEO-Logo.png","width":612,"height":138,"caption":"Res-Q-Jack, Inc."},"image":{"@id":"https:\/\/res-q-jack.com\/#\/schema\/logo\/image\/"}}]}},"_links":{"self":[{"href":"https:\/\/res-q-jack.com\/it\/wp-json\/wp\/v2\/pages\/195","targetHints":{"allow":["GET"]}}],"collection":[{"href":"https:\/\/res-q-jack.com\/it\/wp-json\/wp\/v2\/pages"}],"about":[{"href":"https:\/\/res-q-jack.com\/it\/wp-json\/wp\/v2\/types\/page"}],"author":[{"embeddable":true,"href":"https:\/\/res-q-jack.com\/it\/wp-json\/wp\/v2\/users\/2"}],"replies":[{"embeddable":true,"href":"https:\/\/res-q-jack.com\/it\/wp-json\/wp\/v2\/comments?post=195"}],"version-history":[{"count":0,"href":"https:\/\/res-q-jack.com\/it\/wp-json\/wp\/v2\/pages\/195\/revisions"}],"up":[{"embeddable":true,"href":"https:\/\/res-q-jack.com\/it\/wp-json\/wp\/v2\/pages\/44"}],"wp:attachment":[{"href":"https:\/\/res-q-jack.com\/it\/wp-json\/wp\/v2\/media?parent=195"}],"curies":[{"name":"wp","href":"https:\/\/api.w.org\/{rel}","templated":true}]}}