{"id":1501,"date":"2020-06-09T11:17:48","date_gmt":"2020-06-09T16:17:48","guid":{"rendered":"https:\/\/resqjack.wpengine.com\/?page_id=1501"},"modified":"2023-11-20T19:39:19","modified_gmt":"2023-11-21T00:39:19","slug":"formazione","status":"publish","type":"page","link":"https:\/\/res-q-jack.com\/it\/training\/","title":{"rendered":"Formazione"},"content":{"rendered":"<h1>Formazione<\/h1>\t\t\t\n\t\t\t\t<p>Per Res-Q-Jack, la formazione \u00e8 la chiave di volta di tutto ci\u00f2 che facciamo. Trovate istruzioni e video sulle nostre tecniche brevettate e gli eventi di formazione pi\u00f9 vicini a voi.<\/p>\n\t\t\t\t<img decoding=\"async\" data-src=\"https:\/\/res-q-jack.com\/wp-content\/uploads\/2020\/06\/Stabilization-Training-University.jpg\" alt=\"Universit\u00e0 di stabilizzazione Res-Q-Jack\" title=\"Stabilizzazione-Formazione-Universit\u00e0\" itemprop=\"image\" src=\"data:image\/svg+xml;base64,PHN2ZyB3aWR0aD0iMSIgaGVpZ2h0PSIxIiB4bWxucz0iaHR0cDovL3d3dy53My5vcmcvMjAwMC9zdmciPjwvc3ZnPg==\" class=\"lazyload\" style=\"--smush-placeholder-width: 450px; --smush-placeholder-aspect-ratio: 450\/300;\" \/>\n\t\t<h3>Universit\u00e0 di stabilizzazione<\/h3>\t\t\t\n\t\t\t\t<p>La Stabilization University \u00e8 il biglietto d'ingresso per conoscere gli strumenti Res-Q-Jack e per tenersi aggiornati sulle nostre ultime tecniche.<\/p>\n\t\t\t<a href=\"https:\/\/res-q-jack.com\/it\/formazione\/stabilizzazione-universita\/\" target=\"_self\" role=\"button\" aria-label=\"Visualizza dettagli\" rel=\"noopener\">\n\t\t\t\t\t\t\t\t\t\t\tVisualizza dettagli\n\t\t<\/a>\n\t\t\t\t<img decoding=\"async\" data-src=\"https:\/\/res-q-jack.com\/wp-content\/uploads\/2020\/06\/Training-Documents.jpg\" alt=\"Documenti di formazione Res-Q-Jack\" title=\"Documenti di formazione\" itemprop=\"image\" src=\"data:image\/svg+xml;base64,PHN2ZyB3aWR0aD0iMSIgaGVpZ2h0PSIxIiB4bWxucz0iaHR0cDovL3d3dy53My5vcmcvMjAwMC9zdmciPjwvc3ZnPg==\" class=\"lazyload\" style=\"--smush-placeholder-width: 450px; --smush-placeholder-aspect-ratio: 450\/300;\" \/>\n\t\t<h3>Documenti di formazione<\/h3>\t\t\t\n\t\t\t\t<p>Articoli e white paper per educare i nostri utenti a diventare pi\u00f9 efficaci e sicuri nell'estricazione.<\/p>\n\t\t\t<a href=\"https:\/\/res-q-jack.com\/it\/formazione\/documenti-di-formazione\/\" target=\"_self\" role=\"button\" aria-label=\"Visualizza dettagli\" rel=\"noopener\">\n\t\t\t\t\t\t\t\t\t\t\tVisualizza dettagli\n\t\t<\/a>\n\t\t\t\t<img decoding=\"async\" data-src=\"https:\/\/res-q-jack.com\/wp-content\/uploads\/2020\/06\/Vehicle-Stabilization-and-Extraction-Training-Videosjpg.jpg\" alt=\"Video di formazione sulla stabilizzazione e l&#039;estrazione del veicolo Res-Q-Jackjpg\" title=\"Video di formazione sulla stabilizzazione e l&#039;estrazione del veicolojpg\" itemprop=\"image\" src=\"data:image\/svg+xml;base64,PHN2ZyB3aWR0aD0iMSIgaGVpZ2h0PSIxIiB4bWxucz0iaHR0cDovL3d3dy53My5vcmcvMjAwMC9zdmciPjwvc3ZnPg==\" class=\"lazyload\" style=\"--smush-placeholder-width: 450px; --smush-placeholder-aspect-ratio: 450\/300;\" \/>\n\t\t<h3>Video di formazione<\/h3>\t\t\t\n\t\t\t\t<p>Osservate i prodotti Res-Q-Jack in azione e imparate a utilizzare le pi\u00f9 recenti attrezzature di estrazione e stabilizzazione.<\/p>\n\t\t\t<a href=\"https:\/\/res-q-jack.com\/it\/documenti-di-formazione\/video-di-formazione\/\" target=\"_self\" role=\"button\" aria-label=\"Visualizza dettagli\" rel=\"noopener\">\n\t\t\t\t\t\t\t\t\t\t\tVisualizza dettagli\n\t\t<\/a>\n\t\t\t\t<img decoding=\"async\" data-src=\"https:\/\/res-q-jack.com\/wp-content\/uploads\/2020\/06\/Res-Q_Jack-Training-Events.jpg\" alt=\"Eventi formativi Res-Q_Jack\" title=\"Eventi formativi Res-Q_Jack\" itemprop=\"image\" src=\"data:image\/svg+xml;base64,PHN2ZyB3aWR0aD0iMSIgaGVpZ2h0PSIxIiB4bWxucz0iaHR0cDovL3d3dy53My5vcmcvMjAwMC9zdmciPjwvc3ZnPg==\" class=\"lazyload\" style=\"--smush-placeholder-width: 450px; --smush-placeholder-aspect-ratio: 450\/300;\" \/>\n\t\t<h3>Eventi<\/h3>\t\t\t\n\t\t\t\t<p>Rimanete aggiornati sugli ultimi eventi universitari sulla stabilizzazione Res-Q-Jack, sulle dimostrazioni, sulle fiere e altro ancora.<\/p>\n\t\t\t<a href=\"https:\/\/res-q-jack.com\/it\/eventi\/\" target=\"_self\" role=\"button\" aria-label=\"Visualizza dettagli\" rel=\"noopener\">\n\t\t\t\t\t\t\t\t\t\t\tVisualizza dettagli\n\t\t<\/a>","protected":false},"excerpt":{"rendered":"<p>Formazione In Res-Q-Jack la formazione \u00e8 la pietra miliare di tutto ci\u00f2 che facciamo. Trovate istruzioni e video sulle nostre tecniche brevettate e gli eventi di formazione pi\u00f9 vicini a voi. Stabilization University La Stabilization University \u00e8 il vostro biglietto da visita per conoscere i vostri strumenti Res-Q-Jack e tenervi aggiornati sulle nostre ultime tecniche Visualizza i dettagli Documenti di formazione Articoli e white paper per...<\/p>","protected":false},"author":2,"featured_media":747,"parent":0,"menu_order":0,"comment_status":"closed","ping_status":"closed","template":"","meta":{"footnotes":""},"class_list":["post-1501","page","type-page","status-publish","has-post-thumbnail","hentry"],"yoast_head":"<!-- This site is optimized with the Yoast SEO plugin v27.2 - https:\/\/yoast.com\/product\/yoast-seo-wordpress\/ -->\n<title>Training | Res-Q-Jack, Inc.<\/title>\n<meta name=\"description\" content=\"Training videos, how-to articles, and training events offered by Res-Q-Jack.\" \/>\n<meta name=\"robots\" content=\"index, follow, max-snippet:-1, max-image-preview:large, max-video-preview:-1\" \/>\n<link rel=\"canonical\" href=\"https:\/\/res-q-jack.com\/it\/formazione\/\" \/>\n<meta property=\"og:locale\" content=\"it_IT\" \/>\n<meta property=\"og:type\" content=\"article\" \/>\n<meta property=\"og:title\" content=\"Training | Res-Q-Jack, Inc.\" \/>\n<meta property=\"og:description\" content=\"Training videos, how-to articles, and training events offered by Res-Q-Jack.\" \/>\n<meta property=\"og:url\" content=\"https:\/\/res-q-jack.com\/it\/formazione\/\" \/>\n<meta property=\"og:site_name\" content=\"Res-Q-Jack, Inc.\" \/>\n<meta property=\"article:modified_time\" content=\"2023-11-21T00:39:19+00:00\" \/>\n<meta property=\"og:image\" content=\"https:\/\/res-q-jack.com\/wp-content\/uploads\/2020\/02\/APEX-X-Strut-Heavy-Duty-Vehicle-Lifting-Strut-3.jpg\" \/>\n\t<meta property=\"og:image:width\" content=\"900\" \/>\n\t<meta property=\"og:image:height\" content=\"600\" \/>\n\t<meta property=\"og:image:type\" content=\"image\/jpeg\" \/>\n<meta name=\"twitter:card\" content=\"summary_large_image\" \/>\n<meta name=\"twitter:label1\" content=\"Tempo di lettura stimato\" \/>\n\t<meta name=\"twitter:data1\" content=\"1 minuto\" \/>\n<script type=\"application\/ld+json\" class=\"yoast-schema-graph\">{\"@context\":\"https:\/\/schema.org\",\"@graph\":[{\"@type\":\"WebPage\",\"@id\":\"https:\/\/res-q-jack.com\/training\/\",\"url\":\"https:\/\/res-q-jack.com\/training\/\",\"name\":\"Training | Res-Q-Jack, Inc.\",\"isPartOf\":{\"@id\":\"https:\/\/res-q-jack.com\/#website\"},\"primaryImageOfPage\":{\"@id\":\"https:\/\/res-q-jack.com\/training\/#primaryimage\"},\"image\":{\"@id\":\"https:\/\/res-q-jack.com\/training\/#primaryimage\"},\"thumbnailUrl\":\"https:\/\/res-q-jack.com\/wp-content\/uploads\/2020\/02\/APEX-X-Strut-Heavy-Duty-Vehicle-Lifting-Strut-3.jpg\",\"datePublished\":\"2020-06-09T16:17:48+00:00\",\"dateModified\":\"2023-11-21T00:39:19+00:00\",\"description\":\"Training videos, how-to articles, and training events offered by Res-Q-Jack.\",\"breadcrumb\":{\"@id\":\"https:\/\/res-q-jack.com\/training\/#breadcrumb\"},\"inLanguage\":\"it-IT\",\"potentialAction\":[{\"@type\":\"ReadAction\",\"target\":[\"https:\/\/res-q-jack.com\/training\/\"]}]},{\"@type\":\"ImageObject\",\"inLanguage\":\"it-IT\",\"@id\":\"https:\/\/res-q-jack.com\/training\/#primaryimage\",\"url\":\"https:\/\/res-q-jack.com\/wp-content\/uploads\/2020\/02\/APEX-X-Strut-Heavy-Duty-Vehicle-Lifting-Strut-3.jpg\",\"contentUrl\":\"https:\/\/res-q-jack.com\/wp-content\/uploads\/2020\/02\/APEX-X-Strut-Heavy-Duty-Vehicle-Lifting-Strut-3.jpg\",\"width\":900,\"height\":600,\"caption\":\"APEX X-Strut Heavy-Duty Vehicle Lifting Strut 3\"},{\"@type\":\"BreadcrumbList\",\"@id\":\"https:\/\/res-q-jack.com\/training\/#breadcrumb\",\"itemListElement\":[{\"@type\":\"ListItem\",\"position\":1,\"name\":\"Home\",\"item\":\"https:\/\/res-q-jack.com\/\"},{\"@type\":\"ListItem\",\"position\":2,\"name\":\"Training\"}]},{\"@type\":\"WebSite\",\"@id\":\"https:\/\/res-q-jack.com\/#website\",\"url\":\"https:\/\/res-q-jack.com\/\",\"name\":\"Res-Q-Jack, Inc.\",\"description\":\"Vehicle Stabilization Struts\",\"publisher\":{\"@id\":\"https:\/\/res-q-jack.com\/#organization\"},\"potentialAction\":[{\"@type\":\"SearchAction\",\"target\":{\"@type\":\"EntryPoint\",\"urlTemplate\":\"https:\/\/res-q-jack.com\/?s={search_term_string}\"},\"query-input\":{\"@type\":\"PropertyValueSpecification\",\"valueRequired\":true,\"valueName\":\"search_term_string\"}}],\"inLanguage\":\"it-IT\"},{\"@type\":\"Organization\",\"@id\":\"https:\/\/res-q-jack.com\/#organization\",\"name\":\"Res-Q-Jack, Inc.\",\"url\":\"https:\/\/res-q-jack.com\/\",\"logo\":{\"@type\":\"ImageObject\",\"inLanguage\":\"it-IT\",\"@id\":\"https:\/\/res-q-jack.com\/#\/schema\/logo\/image\/\",\"url\":\"https:\/\/res-q-jack.com\/wp-content\/uploads\/2020\/03\/Res-Q-Jack-SEO-Logo.png\",\"contentUrl\":\"https:\/\/res-q-jack.com\/wp-content\/uploads\/2020\/03\/Res-Q-Jack-SEO-Logo.png\",\"width\":612,\"height\":138,\"caption\":\"Res-Q-Jack, Inc.\"},\"image\":{\"@id\":\"https:\/\/res-q-jack.com\/#\/schema\/logo\/image\/\"}}]}<\/script>\n<!-- \/ Yoast SEO plugin. -->","yoast_head_json":{"title":"Formazione | Res-Q-Jack, Inc.","description":"Video di formazione, articoli su come fare e eventi di formazione offerti da Res-Q-Jack.","robots":{"index":"index","follow":"follow","max-snippet":"max-snippet:-1","max-image-preview":"max-image-preview:large","max-video-preview":"max-video-preview:-1"},"canonical":"https:\/\/res-q-jack.com\/it\/formazione\/","og_locale":"it_IT","og_type":"article","og_title":"Training | Res-Q-Jack, Inc.","og_description":"Training videos, how-to articles, and training events offered by Res-Q-Jack.","og_url":"https:\/\/res-q-jack.com\/it\/formazione\/","og_site_name":"Res-Q-Jack, Inc.","article_modified_time":"2023-11-21T00:39:19+00:00","og_image":[{"width":900,"height":600,"url":"https:\/\/res-q-jack.com\/wp-content\/uploads\/2020\/02\/APEX-X-Strut-Heavy-Duty-Vehicle-Lifting-Strut-3.jpg","type":"image\/jpeg"}],"twitter_card":"summary_large_image","twitter_misc":{"Tempo di lettura stimato":"1 minuto"},"schema":{"@context":"https:\/\/schema.org","@graph":[{"@type":"WebPage","@id":"https:\/\/res-q-jack.com\/training\/","url":"https:\/\/res-q-jack.com\/training\/","name":"Formazione | Res-Q-Jack, Inc.","isPartOf":{"@id":"https:\/\/res-q-jack.com\/#website"},"primaryImageOfPage":{"@id":"https:\/\/res-q-jack.com\/training\/#primaryimage"},"image":{"@id":"https:\/\/res-q-jack.com\/training\/#primaryimage"},"thumbnailUrl":"https:\/\/res-q-jack.com\/wp-content\/uploads\/2020\/02\/APEX-X-Strut-Heavy-Duty-Vehicle-Lifting-Strut-3.jpg","datePublished":"2020-06-09T16:17:48+00:00","dateModified":"2023-11-21T00:39:19+00:00","description":"Video di formazione, articoli su come fare e eventi di formazione offerti da Res-Q-Jack.","breadcrumb":{"@id":"https:\/\/res-q-jack.com\/training\/#breadcrumb"},"inLanguage":"it-IT","potentialAction":[{"@type":"ReadAction","target":["https:\/\/res-q-jack.com\/training\/"]}]},{"@type":"ImageObject","inLanguage":"it-IT","@id":"https:\/\/res-q-jack.com\/training\/#primaryimage","url":"https:\/\/res-q-jack.com\/wp-content\/uploads\/2020\/02\/APEX-X-Strut-Heavy-Duty-Vehicle-Lifting-Strut-3.jpg","contentUrl":"https:\/\/res-q-jack.com\/wp-content\/uploads\/2020\/02\/APEX-X-Strut-Heavy-Duty-Vehicle-Lifting-Strut-3.jpg","width":900,"height":600,"caption":"APEX X-Strut Heavy-Duty Vehicle Lifting Strut 3"},{"@type":"BreadcrumbList","@id":"https:\/\/res-q-jack.com\/training\/#breadcrumb","itemListElement":[{"@type":"ListItem","position":1,"name":"Home","item":"https:\/\/res-q-jack.com\/"},{"@type":"ListItem","position":2,"name":"Training"}]},{"@type":"WebSite","@id":"https:\/\/res-q-jack.com\/#website","url":"https:\/\/res-q-jack.com\/","name":"Res-Q-Jack, Inc.","description":"Puntoni di stabilizzazione del veicolo","publisher":{"@id":"https:\/\/res-q-jack.com\/#organization"},"potentialAction":[{"@type":"SearchAction","target":{"@type":"EntryPoint","urlTemplate":"https:\/\/res-q-jack.com\/?s={search_term_string}"},"query-input":{"@type":"PropertyValueSpecification","valueRequired":true,"valueName":"search_term_string"}}],"inLanguage":"it-IT"},{"@type":"Organization","@id":"https:\/\/res-q-jack.com\/#organization","name":"Res-Q-Jack, Inc.","url":"https:\/\/res-q-jack.com\/","logo":{"@type":"ImageObject","inLanguage":"it-IT","@id":"https:\/\/res-q-jack.com\/#\/schema\/logo\/image\/","url":"https:\/\/res-q-jack.com\/wp-content\/uploads\/2020\/03\/Res-Q-Jack-SEO-Logo.png","contentUrl":"https:\/\/res-q-jack.com\/wp-content\/uploads\/2020\/03\/Res-Q-Jack-SEO-Logo.png","width":612,"height":138,"caption":"Res-Q-Jack, Inc."},"image":{"@id":"https:\/\/res-q-jack.com\/#\/schema\/logo\/image\/"}}]}},"_links":{"self":[{"href":"https:\/\/res-q-jack.com\/it\/wp-json\/wp\/v2\/pages\/1501","targetHints":{"allow":["GET"]}}],"collection":[{"href":"https:\/\/res-q-jack.com\/it\/wp-json\/wp\/v2\/pages"}],"about":[{"href":"https:\/\/res-q-jack.com\/it\/wp-json\/wp\/v2\/types\/page"}],"author":[{"embeddable":true,"href":"https:\/\/res-q-jack.com\/it\/wp-json\/wp\/v2\/users\/2"}],"replies":[{"embeddable":true,"href":"https:\/\/res-q-jack.com\/it\/wp-json\/wp\/v2\/comments?post=1501"}],"version-history":[{"count":0,"href":"https:\/\/res-q-jack.com\/it\/wp-json\/wp\/v2\/pages\/1501\/revisions"}],"wp:featuredmedia":[{"embeddable":true,"href":"https:\/\/res-q-jack.com\/it\/wp-json\/wp\/v2\/media\/747"}],"wp:attachment":[{"href":"https:\/\/res-q-jack.com\/it\/wp-json\/wp\/v2\/media?parent=1501"}],"curies":[{"name":"wp","href":"https:\/\/api.w.org\/{rel}","templated":true}]}}