{"id":12,"date":"2019-12-13T10:36:36","date_gmt":"2019-12-13T15:36:36","guid":{"rendered":"https:\/\/resqjack.wpengine.com\/?page_id=12"},"modified":"2026-04-22T15:13:03","modified_gmt":"2026-04-22T20:13:03","slug":"casa","status":"publish","type":"page","link":"https:\/\/res-q-jack.com\/it\/","title":{"rendered":"Casa"},"content":{"rendered":"<h1>MINIMIZE THE EFFORT.<\/h1>\n\t<h1>MAXIMIZE THE LIFT.<\/h1>\n\t\t\t<a href=\"https:\/\/res-q-jack.com\/it\/accessori\/x-drive\/\"  target=\"_self\">\n\t\t\t\t\t\t\tEXPLORE X-DRIVE\n\t\t\t\t\t<\/a>\n\t<h2>\n\t\t\t\tRespond Faster with Pin-Free Stabilization &amp; Lifting\n\t\t\t<\/h2>\n\t\t\t<p>I nostri puntoni di stabilizzazione e sollevamento del veicolo senza perni sono pi\u00f9 veloci e pi\u00f9 facili da installare, risparmiando tempo quando \u00e8 pi\u00f9 importante.<\/p>\t\n\t\t\t\t<img decoding=\"async\" data-src=\"https:\/\/res-q-jack.com\/wp-content\/uploads\/2026\/04\/Super-X-Long-w-Ratchet-Hooked-on-Top.png\" alt=\"Super X Long w Ratchet Hooked on Top\" title=\"Super X Long w Ratchet Hooked on Top\" itemprop=\"image\" src=\"data:image\/svg+xml;base64,PHN2ZyB3aWR0aD0iMSIgaGVpZ2h0PSIxIiB4bWxucz0iaHR0cDovL3d3dy53My5vcmcvMjAwMC9zdmciPjwvc3ZnPg==\" class=\"lazyload\" style=\"--smush-placeholder-width: 1700px; --smush-placeholder-aspect-ratio: 1700\/8300;\" \/>\n\t\t\t<h5><img decoding=\"async\" data-src=\"https:\/\/res-q-jack.com\/wp-content\/uploads\/2020\/05\/Pin-Free-Stabilization-Struts-95x18-1.png\" src=\"data:image\/svg+xml;base64,PHN2ZyB3aWR0aD0iMSIgaGVpZ2h0PSIxIiB4bWxucz0iaHR0cDovL3d3dy53My5vcmcvMjAwMC9zdmciPjwvc3ZnPg==\" class=\"lazyload\" style=\"--smush-placeholder-width: 95px; --smush-placeholder-aspect-ratio: 95\/18;\" \/><\/h5><h3>Super X-Strut Series<\/h3>\t\t\t\n\t\t\t\t<p>Il Super X \u00e8 la nostra linea di puntelli pi\u00f9 robusta, progettata per il soccorso di veicoli pesanti, il puntellamento strutturale e il soccorso tecnico.\u00a0<\/p>\n<p><strong>Limite di carico di lavoro: 19.300 libbre (fattore di sicurezza 2:1)<\/strong><\/p>\n\t\t\t<a href=\"https:\/\/res-q-jack.com\/it\/puntoni\/montanti-di-stabilizzazione-del-veicolo\/montanti-di-stabilizzazione-per-veicoli-pesanti\/super-x-strut\/\" title=\"Visualizza dettagli\" target=\"_self\"   role=\"button\" aria-label=\"Visualizza dettagli\">\n\t\t\t\t\t\t\t\t\t\t\tVisualizza dettagli\n\t\t<\/a>\n\t\t\t\t<img decoding=\"async\" data-src=\"https:\/\/res-q-jack.com\/wp-content\/uploads\/2026\/04\/Apex-Long-Strut-scaled.png\" alt=\"Apex Long Strut\" title=\"Apex Long Strut\" itemprop=\"image\" src=\"data:image\/svg+xml;base64,PHN2ZyB3aWR0aD0iMSIgaGVpZ2h0PSIxIiB4bWxucz0iaHR0cDovL3d3dy53My5vcmcvMjAwMC9zdmciPjwvc3ZnPg==\" class=\"lazyload\" style=\"--smush-placeholder-width: 604px; --smush-placeholder-aspect-ratio: 604\/2560;\" \/>\n\t\t\t<h5><img decoding=\"async\" data-src=\"https:\/\/res-q-jack.com\/wp-content\/uploads\/2020\/05\/Pin-Free-Stabilization-Struts-95x18-1.png\" src=\"data:image\/svg+xml;base64,PHN2ZyB3aWR0aD0iMSIgaGVpZ2h0PSIxIiB4bWxucz0iaHR0cDovL3d3dy53My5vcmcvMjAwMC9zdmciPjwvc3ZnPg==\" class=\"lazyload\" style=\"--smush-placeholder-width: 95px; --smush-placeholder-aspect-ratio: 95\/18;\" \/><\/h5><h3>Apex X-Strut Series<\/h3>\t\t\t\n\t\t\t\t<p>L'Apex \u00e8 la nostra ultima linea di puntoni senza perni per impieghi gravosi, progettata per la maggior parte degli scenari di soccorso dei veicoli.\u00a0\u00a0<\/p>\n<p><strong>Limite di carico di lavoro: fino a 12.500 libbre (fattore di sicurezza 2:1)<\/strong><\/p>\n\t\t\t<a href=\"https:\/\/res-q-jack.com\/it\/puntoni\/montanti-di-stabilizzazione-del-veicolo\/montanti-di-stabilizzazione-per-veicoli-pesanti\/puntone-apex-x\/\" title=\"Visualizza dettagli\" target=\"_self\"   role=\"button\" aria-label=\"Visualizza dettagli\">\n\t\t\t\t\t\t\t\t\t\t\tVisualizza dettagli\n\t\t<\/a>\n\t\t\t\t<img decoding=\"async\" data-src=\"https:\/\/res-q-jack.com\/wp-content\/uploads\/2026\/04\/Auto-X-Long-Strut-scaled.png\" alt=\"Auto X Long Strut\" title=\"Auto X Long Strut\" itemprop=\"image\" src=\"data:image\/svg+xml;base64,PHN2ZyB3aWR0aD0iMSIgaGVpZ2h0PSIxIiB4bWxucz0iaHR0cDovL3d3dy53My5vcmcvMjAwMC9zdmciPjwvc3ZnPg==\" class=\"lazyload\" style=\"--smush-placeholder-width: 602px; --smush-placeholder-aspect-ratio: 602\/2560;\" \/>\n\t\t\t<h5><img decoding=\"async\" data-src=\"https:\/\/res-q-jack.com\/wp-content\/uploads\/2020\/05\/Pin-Free-Stabilization-Struts-95x18-1.png\" src=\"data:image\/svg+xml;base64,PHN2ZyB3aWR0aD0iMSIgaGVpZ2h0PSIxIiB4bWxucz0iaHR0cDovL3d3dy53My5vcmcvMjAwMC9zdmciPjwvc3ZnPg==\" class=\"lazyload\" style=\"--smush-placeholder-width: 95px; --smush-placeholder-aspect-ratio: 95\/18;\" \/><\/h5><h3>Auto X-Strut Series<\/h3>\t\t\t\n\t\t\t\t<p>Auto X \u00e8 il nostro puntone leggero senza perni per la stabilizzazione e il sollevamento fulmineo di veicoli di piccole dimensioni.<\/p>\n<p><strong>Limite di carico di lavoro: 3.250 libbre (fattore di sicurezza 2:1)<\/strong><\/p>\n\t\t\t<a href=\"https:\/\/res-q-jack.com\/it\/puntoni\/montanti-di-stabilizzazione-del-veicolo\/montanti-di-stabilizzazione-per-veicoli-leggeri\/auto-x-strut\/\" title=\"Visualizza dettagli\" target=\"_self\"   role=\"button\" aria-label=\"Visualizza dettagli\">\n\t\t\t\t\t\t\t\t\t\t\tVisualizza dettagli\n\t\t<\/a>\n<h3>\n\t\tStabilizzazione del veicolo\n\t\tElevato\n\t\t\t\t<\/h3>\t\n\t\t\t\t<p>At Res-Q-Jack, we take vehicle stabilization to the next level by offering the most versatile vehicle stabilization and lifting struts on the market.\u00a0 We offer struts ranging from light-duty to heavy-duty, both pin-operated and pin-free, each with a 2:1 safety factor.\u00a0 No matter your needs or your budget, Res-Q-Jack makes sure you have the right tool for the job.\u00a0 And with free training with every kit purchase, we make sure you get the most from our tools.<\/p>\n\t\t\t<a href=\"https:\/\/res-q-jack.com\/it\/circa\/\" title=\"Per saperne di pi\u00f9\" target=\"_self\"   role=\"button\" aria-label=\"Per saperne di pi\u00f9\">\n\t\t\t\t\t\t\tPer saperne di pi\u00f9\n\t\t<\/a>\n\t<a href=\"https:\/\/res-q-jack.com\/it\/puntoni\/montanti-di-stabilizzazione-del-veicolo\/montanti-di-stabilizzazione-per-veicoli-pesanti\/\" target=\"_self\"  aria-label=\"Go to https:\/\/res-q-jack.com\/struts\/vehicle-stabilization-struts\/heavy-duty-vehicle-stabilization-struts\/\"><\/a>\n\t\t\t\t<img decoding=\"async\" data-src=\"https:\/\/res-q-jack.com\/wp-content\/uploads\/2020\/06\/cement-truck-icon.png\" alt=\"Puntelli di stabilizzazione e salvataggio per veicoli pesanti\" title=\"icona del camion del cemento\" itemprop=\"image\" src=\"data:image\/svg+xml;base64,PHN2ZyB3aWR0aD0iMSIgaGVpZ2h0PSIxIiB4bWxucz0iaHR0cDovL3d3dy53My5vcmcvMjAwMC9zdmciPjwvc3ZnPg==\" class=\"lazyload\" style=\"--smush-placeholder-width: 115px; --smush-placeholder-aspect-ratio: 115\/115;\" \/>\n\t\t<p>Puntoni per impieghi gravosi<\/p>\t\t\t\n\t<a href=\"https:\/\/res-q-jack.com\/it\/puntoni\/montanti-di-stabilizzazione-del-veicolo\/montanti-di-stabilizzazione-del-veicolo-per-uso-standard\/\" target=\"_self\"  aria-label=\"Go to https:\/\/res-q-jack.com\/struts\/vehicle-stabilization-struts\/standard-duty-vehicle-stabilization-struts\/\"><\/a>\n\t\t\t\t<img decoding=\"async\" data-src=\"https:\/\/res-q-jack.com\/wp-content\/uploads\/2020\/06\/pickup-icon.png\" alt=\"Puntelli di stabilizzazione e salvataggio per veicoli per uso standard\" title=\"icona del pickup\" itemprop=\"image\" src=\"data:image\/svg+xml;base64,PHN2ZyB3aWR0aD0iMSIgaGVpZ2h0PSIxIiB4bWxucz0iaHR0cDovL3d3dy53My5vcmcvMjAwMC9zdmciPjwvc3ZnPg==\" class=\"lazyload\" style=\"--smush-placeholder-width: 115px; --smush-placeholder-aspect-ratio: 115\/115;\" \/>\n\t\t<p>Puntoni per impieghi standard<\/p>\t\t\t\n\t<a href=\"https:\/\/res-q-jack.com\/it\/puntoni\/montanti-di-stabilizzazione-del-veicolo\/montanti-di-stabilizzazione-per-veicoli-leggeri\/\" target=\"_self\"  aria-label=\"Go to https:\/\/res-q-jack.com\/struts\/vehicle-stabilization-struts\/light-duty-vehicle-stabilization-struts\/\"><\/a>\n\t\t\t\t<img decoding=\"async\" data-src=\"https:\/\/res-q-jack.com\/wp-content\/uploads\/2020\/06\/car-icon.png\" alt=\"Puntelli di stabilizzazione e salvataggio per veicoli leggeri\" title=\"icona dell&#039;auto\" itemprop=\"image\" src=\"data:image\/svg+xml;base64,PHN2ZyB3aWR0aD0iMSIgaGVpZ2h0PSIxIiB4bWxucz0iaHR0cDovL3d3dy53My5vcmcvMjAwMC9zdmciPjwvc3ZnPg==\" class=\"lazyload\" style=\"--smush-placeholder-width: 115px; --smush-placeholder-aspect-ratio: 115\/115;\" \/>\n\t\t<p>Puntoni per impieghi leggeri<\/p>\t\t\t\n\t<a href=\"https:\/\/res-q-jack.com\/it\/puntoni\/puntoni-da-trincea\/\" target=\"_self\"  aria-label=\"Go to https:\/\/res-q-jack.com\/struts\/trench-shoring-struts\/\"><\/a>\n\t\t\t\t<img decoding=\"async\" data-src=\"https:\/\/res-q-jack.com\/wp-content\/uploads\/2020\/06\/trench-icon.png\" alt=\"Puntelli di puntellamento per trincee\" title=\"icona della trincea\" itemprop=\"image\" src=\"data:image\/svg+xml;base64,PHN2ZyB3aWR0aD0iMSIgaGVpZ2h0PSIxIiB4bWxucz0iaHR0cDovL3d3dy53My5vcmcvMjAwMC9zdmciPjwvc3ZnPg==\" class=\"lazyload\" style=\"--smush-placeholder-width: 115px; --smush-placeholder-aspect-ratio: 115\/115;\" \/>\n\t\t<p>Puntelli di puntellamento per trincee<\/p>\t\t\t\n\t<a href=\"https:\/\/res-q-jack.com\/it\/formazione\/\" target=\"_self\"  aria-label=\"Go to https:\/\/res-q-jack.com\/training\/\"><\/a>\n\t\t\t\t<img decoding=\"async\" data-src=\"https:\/\/res-q-jack.com\/wp-content\/uploads\/2020\/06\/training-icon.png\" alt=\"Formazione Res-Q-Jack\" title=\"icona di formazione\" itemprop=\"image\" src=\"data:image\/svg+xml;base64,PHN2ZyB3aWR0aD0iMSIgaGVpZ2h0PSIxIiB4bWxucz0iaHR0cDovL3d3dy53My5vcmcvMjAwMC9zdmciPjwvc3ZnPg==\" class=\"lazyload\" style=\"--smush-placeholder-width: 115px; --smush-placeholder-aspect-ratio: 115\/115;\" \/>\n\t\t<p>Risorse educative<\/p>\t\t\t\n\t<a href=\"https:\/\/res-q-jack.com\/it\/formazione\/stabilizzazione-universita\/\" target=\"_self\"  aria-label=\"Go to https:\/\/res-q-jack.com\/training\/stabilization-university\/\"><\/a>\n\t\t\t\t<img decoding=\"async\" data-src=\"https:\/\/res-q-jack.com\/wp-content\/uploads\/2020\/06\/stabu-icon.png\" alt=\"Universit\u00e0 di stabilizzazione\" title=\"icona stabu\" itemprop=\"image\" src=\"data:image\/svg+xml;base64,PHN2ZyB3aWR0aD0iMSIgaGVpZ2h0PSIxIiB4bWxucz0iaHR0cDovL3d3dy53My5vcmcvMjAwMC9zdmciPjwvc3ZnPg==\" class=\"lazyload\" style=\"--smush-placeholder-width: 115px; --smush-placeholder-aspect-ratio: 115\/115;\" \/>\n\t\t<p>Universit\u00e0 di stabilizzazione<\/p>\t\t\t\n\t<a href=\"https:\/\/res-q-jack.com\/it\/eventi\/\" target=\"_self\"  aria-label=\"Visualizza dettagli\"00><\/a>\n\t\t\t\t<img decoding=\"async\" data-src=\"https:\/\/res-q-jack.com\/wp-content\/uploads\/2020\/06\/calendar-icon.png\" alt=\"Calendario degli eventi di Res-Q-Jack\" title=\"icona-calendario\" itemprop=\"image\" src=\"data:image\/svg+xml;base64,PHN2ZyB3aWR0aD0iMSIgaGVpZ2h0PSIxIiB4bWxucz0iaHR0cDovL3d3dy53My5vcmcvMjAwMC9zdmciPjwvc3ZnPg==\" class=\"lazyload\" style=\"--smush-placeholder-width: 115px; --smush-placeholder-aspect-ratio: 115\/115;\" \/>\n\t\t<p>Calendario degli eventi<\/p>\t\t\t\n\t<h3>\n\t\t\t\tAffidato da 4.000 dipartimenti in tutti gli Stati Uniti e nel mondo.\n\t\t\t<\/h3>\n\t\t<ul>\n\t\t<li><blockquote><p>\"Mi ci sono voluti 3 anni per convincere il mio dipartimento ad acquistare i vostri martinetti di salvataggio... e ci chiediamo come facevamo prima\" - Philip Kontoulas, Dipartimento dei vigili del fuoco della citt\u00e0 di Orlando -.<\/p><\/blockquote><\/li>\t\t<li><blockquote>\"Non avevamo preso in considerazione la stabilizzazione fino a quando non abbiamo usato i puntoni di sollevamento Res-Q-Jack in una dimostrazione pratica e ci siamo resi conto di tutto ci\u00f2 che poteva fare.  La dimostrazione ci ha convinto a scegliere i Res-Q-Jack\" - Capo Artie Sullivan, Dipartimento dei Vigili del Fuoco di Horseheads.<\/blockquote><\/li>\t\t<li><blockquote>\"Oggi abbiamo messo in funzione per la prima volta i Res-Q-Jack in occasione di un incidente stradale. Hanno funzionato alla grande! Grazie per il vostro aiuto e la vostra formazione!\"- Bob Brown, Vigili del Fuoco di Rose Tree -.<\/blockquote><\/li>\t\t<li><blockquote>\"Abbiamo usato questi prodotti sul campo, li ho usati nella formazione e ho anche avuto l'opportunit\u00e0, molti anni fa, di partecipare a uno Stab-U. I vostri prodotti fanno la differenza. Sono fermamente convinto che senza i puntelli di sollevamento in questo incidente, avremmo avuto un esito molto negativo per il paziente. Semplicemente non c'era altra scelta\" - Brian Robinson, responsabile dell'addestramento dello Stato, Associazione delle squadre di soccorso del Tennessee.<\/blockquote><\/li>\t\t\t<\/ul>\n\t\t<h3>Programmate oggi stesso la vostra dimostrazione gratuita!<\/h3>\n\t\t<p>State pensando di acquistare uno dei nostri puntoni di stabilizzazione e sollevamento per veicoli, facili da usare?  Volete una dimostrazione prima di impegnarvi nell'acquisto?<\/p>\n\t\t\t<a href=\"https:\/\/res-q-jack.com\/it\/demo-gratuita\/\"  target=\"_self\">\n\t\t\t\t\t\t\tProgrammare una dimostrazione\n\t\t\t\t\t<\/a>","protected":false},"excerpt":{"rendered":"<p>MINIMIZE THE EFFORT. MAXIMIZE THE LIFT. EXPLORE X-DRIVE Respond Faster with Pin-Free Stabilization &amp; Lifting Our Pin-Free Vehicle Stabilization &amp; Lifting Struts are faster and easier to deploy, saving time when it matters most. Super X-Strut Series The Super X is our most heavy-duty strut line, designed for heavy vehicle rescue, structural shoring and technical&hellip;<\/p>","protected":false},"author":2,"featured_media":14,"parent":0,"menu_order":0,"comment_status":"closed","ping_status":"closed","template":"","meta":{"footnotes":""},"class_list":["post-12","page","type-page","status-publish","has-post-thumbnail","hentry"],"yoast_head":"<!-- This site is optimized with the Yoast SEO plugin v27.2 - https:\/\/yoast.com\/product\/yoast-seo-wordpress\/ -->\n<title>Vehicle Stabilization Struts<\/title>\n<meta name=\"description\" content=\"Res-Q-Jack provides vehicle stabilization struts, lifting struts and trench shoring products for first responders, fire fighters and EMS.\" \/>\n<meta name=\"robots\" content=\"index, follow, max-snippet:-1, max-image-preview:large, max-video-preview:-1\" \/>\n<link rel=\"canonical\" href=\"https:\/\/res-q-jack.com\/it\/\" \/>\n<meta property=\"og:locale\" content=\"it_IT\" \/>\n<meta property=\"og:type\" content=\"article\" \/>\n<meta property=\"og:title\" content=\"Vehicle Stabilization Struts\" \/>\n<meta property=\"og:description\" content=\"Res-Q-Jack provides vehicle stabilization struts, lifting struts and trench shoring products for first responders, fire fighters and EMS.\" \/>\n<meta property=\"og:url\" content=\"https:\/\/res-q-jack.com\/it\/\" \/>\n<meta property=\"og:site_name\" content=\"Res-Q-Jack, Inc.\" \/>\n<meta property=\"article:modified_time\" content=\"2026-04-22T20:13:03+00:00\" \/>\n<meta property=\"og:image\" content=\"https:\/\/res-q-jack.com\/wp-content\/uploads\/2019\/12\/Vehicle-Stabilization-Struts-from-Res-Q-Jack.jpg\" \/>\n\t<meta property=\"og:image:width\" content=\"900\" \/>\n\t<meta property=\"og:image:height\" content=\"600\" \/>\n\t<meta property=\"og:image:type\" content=\"image\/jpeg\" \/>\n<meta name=\"twitter:card\" content=\"summary_large_image\" \/>\n<meta name=\"twitter:label1\" content=\"Tempo di lettura stimato\" \/>\n\t<meta name=\"twitter:data1\" content=\"5 minuti\" \/>\n<script type=\"application\/ld+json\" class=\"yoast-schema-graph\">{\"@context\":\"https:\/\/schema.org\",\"@graph\":[{\"@type\":\"WebPage\",\"@id\":\"https:\/\/res-q-jack.com\/\",\"url\":\"https:\/\/res-q-jack.com\/\",\"name\":\"Vehicle Stabilization Struts\",\"isPartOf\":{\"@id\":\"https:\/\/res-q-jack.com\/#website\"},\"primaryImageOfPage\":{\"@id\":\"https:\/\/res-q-jack.com\/#primaryimage\"},\"image\":{\"@id\":\"https:\/\/res-q-jack.com\/#primaryimage\"},\"thumbnailUrl\":\"https:\/\/res-q-jack.com\/wp-content\/uploads\/2019\/12\/Vehicle-Stabilization-Struts-from-Res-Q-Jack.jpg\",\"datePublished\":\"2019-12-13T15:36:36+00:00\",\"dateModified\":\"2026-04-22T20:13:03+00:00\",\"description\":\"Res-Q-Jack provides vehicle stabilization struts, lifting struts and trench shoring products for first responders, fire fighters and EMS.\",\"breadcrumb\":{\"@id\":\"https:\/\/res-q-jack.com\/#breadcrumb\"},\"inLanguage\":\"it-IT\",\"potentialAction\":[{\"@type\":\"ReadAction\",\"target\":[\"https:\/\/res-q-jack.com\/\"]}]},{\"@type\":\"ImageObject\",\"inLanguage\":\"it-IT\",\"@id\":\"https:\/\/res-q-jack.com\/#primaryimage\",\"url\":\"https:\/\/res-q-jack.com\/wp-content\/uploads\/2019\/12\/Vehicle-Stabilization-Struts-from-Res-Q-Jack.jpg\",\"contentUrl\":\"https:\/\/res-q-jack.com\/wp-content\/uploads\/2019\/12\/Vehicle-Stabilization-Struts-from-Res-Q-Jack.jpg\",\"width\":900,\"height\":600,\"caption\":\"Vehicle Stabilization Struts\"},{\"@type\":\"BreadcrumbList\",\"@id\":\"https:\/\/res-q-jack.com\/#breadcrumb\",\"itemListElement\":[{\"@type\":\"ListItem\",\"position\":1,\"name\":\"Home\",\"item\":\"https:\/\/res-q-jack.com\/\"},{\"@type\":\"ListItem\",\"position\":2,\"name\":\"Home\"}]},{\"@type\":\"WebSite\",\"@id\":\"https:\/\/res-q-jack.com\/#website\",\"url\":\"https:\/\/res-q-jack.com\/\",\"name\":\"Res-Q-Jack, Inc.\",\"description\":\"Vehicle Stabilization Struts\",\"publisher\":{\"@id\":\"https:\/\/res-q-jack.com\/#organization\"},\"potentialAction\":[{\"@type\":\"SearchAction\",\"target\":{\"@type\":\"EntryPoint\",\"urlTemplate\":\"https:\/\/res-q-jack.com\/?s={search_term_string}\"},\"query-input\":{\"@type\":\"PropertyValueSpecification\",\"valueRequired\":true,\"valueName\":\"search_term_string\"}}],\"inLanguage\":\"it-IT\"},{\"@type\":\"Organization\",\"@id\":\"https:\/\/res-q-jack.com\/#organization\",\"name\":\"Res-Q-Jack, Inc.\",\"url\":\"https:\/\/res-q-jack.com\/\",\"logo\":{\"@type\":\"ImageObject\",\"inLanguage\":\"it-IT\",\"@id\":\"https:\/\/res-q-jack.com\/#\/schema\/logo\/image\/\",\"url\":\"https:\/\/res-q-jack.com\/wp-content\/uploads\/2020\/03\/Res-Q-Jack-SEO-Logo.png\",\"contentUrl\":\"https:\/\/res-q-jack.com\/wp-content\/uploads\/2020\/03\/Res-Q-Jack-SEO-Logo.png\",\"width\":612,\"height\":138,\"caption\":\"Res-Q-Jack, Inc.\"},\"image\":{\"@id\":\"https:\/\/res-q-jack.com\/#\/schema\/logo\/image\/\"}}]}<\/script>\n<!-- \/ Yoast SEO plugin. -->","yoast_head_json":{"title":"Puntoni di stabilizzazione del veicolo","description":"Res-Q-Jack fornisce puntoni per la stabilizzazione dei veicoli, puntoni di sollevamento e prodotti per il puntellamento delle trincee per i primi soccorritori, i vigili del fuoco e l'EMS.","robots":{"index":"index","follow":"follow","max-snippet":"max-snippet:-1","max-image-preview":"max-image-preview:large","max-video-preview":"max-video-preview:-1"},"canonical":"https:\/\/res-q-jack.com\/it\/","og_locale":"it_IT","og_type":"article","og_title":"Vehicle Stabilization Struts","og_description":"Res-Q-Jack provides vehicle stabilization struts, lifting struts and trench shoring products for first responders, fire fighters and EMS.","og_url":"https:\/\/res-q-jack.com\/it\/","og_site_name":"Res-Q-Jack, Inc.","article_modified_time":"2026-04-22T20:13:03+00:00","og_image":[{"width":900,"height":600,"url":"https:\/\/res-q-jack.com\/wp-content\/uploads\/2019\/12\/Vehicle-Stabilization-Struts-from-Res-Q-Jack.jpg","type":"image\/jpeg"}],"twitter_card":"summary_large_image","twitter_misc":{"Tempo di lettura stimato":"5 minuti"},"schema":{"@context":"https:\/\/schema.org","@graph":[{"@type":"WebPage","@id":"https:\/\/res-q-jack.com\/","url":"https:\/\/res-q-jack.com\/","name":"Puntoni di stabilizzazione del veicolo","isPartOf":{"@id":"https:\/\/res-q-jack.com\/#website"},"primaryImageOfPage":{"@id":"https:\/\/res-q-jack.com\/#primaryimage"},"image":{"@id":"https:\/\/res-q-jack.com\/#primaryimage"},"thumbnailUrl":"https:\/\/res-q-jack.com\/wp-content\/uploads\/2019\/12\/Vehicle-Stabilization-Struts-from-Res-Q-Jack.jpg","datePublished":"2019-12-13T15:36:36+00:00","dateModified":"2026-04-22T20:13:03+00:00","description":"Res-Q-Jack fornisce puntoni per la stabilizzazione dei veicoli, puntoni di sollevamento e prodotti per il puntellamento delle trincee per i primi soccorritori, i vigili del fuoco e l'EMS.","breadcrumb":{"@id":"https:\/\/res-q-jack.com\/#breadcrumb"},"inLanguage":"it-IT","potentialAction":[{"@type":"ReadAction","target":["https:\/\/res-q-jack.com\/"]}]},{"@type":"ImageObject","inLanguage":"it-IT","@id":"https:\/\/res-q-jack.com\/#primaryimage","url":"https:\/\/res-q-jack.com\/wp-content\/uploads\/2019\/12\/Vehicle-Stabilization-Struts-from-Res-Q-Jack.jpg","contentUrl":"https:\/\/res-q-jack.com\/wp-content\/uploads\/2019\/12\/Vehicle-Stabilization-Struts-from-Res-Q-Jack.jpg","width":900,"height":600,"caption":"Vehicle Stabilization Struts"},{"@type":"BreadcrumbList","@id":"https:\/\/res-q-jack.com\/#breadcrumb","itemListElement":[{"@type":"ListItem","position":1,"name":"Home","item":"https:\/\/res-q-jack.com\/"},{"@type":"ListItem","position":2,"name":"Home"}]},{"@type":"WebSite","@id":"https:\/\/res-q-jack.com\/#website","url":"https:\/\/res-q-jack.com\/","name":"Res-Q-Jack, Inc.","description":"Puntoni di stabilizzazione del veicolo","publisher":{"@id":"https:\/\/res-q-jack.com\/#organization"},"potentialAction":[{"@type":"SearchAction","target":{"@type":"EntryPoint","urlTemplate":"https:\/\/res-q-jack.com\/?s={search_term_string}"},"query-input":{"@type":"PropertyValueSpecification","valueRequired":true,"valueName":"search_term_string"}}],"inLanguage":"it-IT"},{"@type":"Organization","@id":"https:\/\/res-q-jack.com\/#organization","name":"Res-Q-Jack, Inc.","url":"https:\/\/res-q-jack.com\/","logo":{"@type":"ImageObject","inLanguage":"it-IT","@id":"https:\/\/res-q-jack.com\/#\/schema\/logo\/image\/","url":"https:\/\/res-q-jack.com\/wp-content\/uploads\/2020\/03\/Res-Q-Jack-SEO-Logo.png","contentUrl":"https:\/\/res-q-jack.com\/wp-content\/uploads\/2020\/03\/Res-Q-Jack-SEO-Logo.png","width":612,"height":138,"caption":"Res-Q-Jack, Inc."},"image":{"@id":"https:\/\/res-q-jack.com\/#\/schema\/logo\/image\/"}}]}},"_links":{"self":[{"href":"https:\/\/res-q-jack.com\/it\/wp-json\/wp\/v2\/pages\/12","targetHints":{"allow":["GET"]}}],"collection":[{"href":"https:\/\/res-q-jack.com\/it\/wp-json\/wp\/v2\/pages"}],"about":[{"href":"https:\/\/res-q-jack.com\/it\/wp-json\/wp\/v2\/types\/page"}],"author":[{"embeddable":true,"href":"https:\/\/res-q-jack.com\/it\/wp-json\/wp\/v2\/users\/2"}],"replies":[{"embeddable":true,"href":"https:\/\/res-q-jack.com\/it\/wp-json\/wp\/v2\/comments?post=12"}],"version-history":[{"count":6,"href":"https:\/\/res-q-jack.com\/it\/wp-json\/wp\/v2\/pages\/12\/revisions"}],"predecessor-version":[{"id":2447,"href":"https:\/\/res-q-jack.com\/it\/wp-json\/wp\/v2\/pages\/12\/revisions\/2447"}],"wp:featuredmedia":[{"embeddable":true,"href":"https:\/\/res-q-jack.com\/it\/wp-json\/wp\/v2\/media\/14"}],"wp:attachment":[{"href":"https:\/\/res-q-jack.com\/it\/wp-json\/wp\/v2\/media?parent=12"}],"curies":[{"name":"wp","href":"https:\/\/api.w.org\/{rel}","templated":true}]}}