{"id":837,"date":"2020-02-17T16:19:04","date_gmt":"2020-02-17T21:19:04","guid":{"rendered":"https:\/\/resqjack.wpengine.com\/?page_id=837"},"modified":"2020-06-12T16:54:31","modified_gmt":"2020-06-12T21:54:31","slug":"demo-gratuite","status":"publish","type":"page","link":"https:\/\/res-q-jack.com\/fr\/free-demo\/","title":{"rendered":"D\u00e9monstration gratuite"},"content":{"rendered":"<h1>D\u00e9monstration gratuite<\/h1>\t\t\t\n\t\t\t\t<p>Contactez Res-Q-Jack pour organiser une d\u00e9monstration gratuite et pratique de nos \u00e9taiements de tranch\u00e9e, de nos stabilisateurs et de nos \u00e9tais de levage.<\/p>\n\t\t\t\t<img decoding=\"async\" data-src=\"https:\/\/res-q-jack.com\/wp-content\/uploads\/2020\/03\/Res-Q-Jack-Free-Demonstration.jpg\" alt=\"D\u00e9monstration gratuite de Res-Q-Jack\" title=\"D\u00e9monstration gratuite de Res-Q-Jack\" itemprop=\"image\" src=\"data:image\/svg+xml;base64,PHN2ZyB3aWR0aD0iMSIgaGVpZ2h0PSIxIiB4bWxucz0iaHR0cDovL3d3dy53My5vcmcvMjAwMC9zdmciPjwvc3ZnPg==\" class=\"lazyload\" style=\"--smush-placeholder-width: 874px; --smush-placeholder-aspect-ratio: 874\/502;\" \/>\n\t<h1>\n\t\t\t\tNuit d'entra\u00eenement, nuit d'exercice, en t\u00eate-\u00e0-t\u00eate dans vos locaux.\n\t\t\t<\/h1>\n\t\t\t\t<p>Tout ce dont vous avez besoin est un v\u00e9hicule hors d'usage et nous ferons le reste ! Apprenez \u00e0 utiliser nos outils dans le confort de votre propre \u00e9tablissement et d\u00e9couvrez la diff\u00e9rence Res-Q-Jack avec une d\u00e9monstration gratuite.<\/p>\n<p>Il vous suffit de nous appeler et nous vous mettrons en contact avec votre revendeur Res-Q-Jack local qui viendra dans vos locaux, \u00e0 votre convenance, pour vous montrer, \u00e0 vous et \u00e0 votre service, les capacit\u00e9s et les avantages de nos outils.<\/p>\n<p>Planifiez votre d\u00e9monstration GRATUITE et sans obligation d\u00e8s aujourd'hui !<\/p>\n\t<ul>\n\t\t<li>\t\t\t\t\n\t\t<h3>1-800-466-9626<\/h3><\/li><li>\t\t\t\t\n\t\t<h3><a href=\"mailto:fr******@********ck.com\" data-original-string=\"PLeOmvk27PIrWNiGQpV3Iw==ea0jserqCEkiIz1eKCaHfncVAcRnZ5\/Th79zw6LA8BOA8d\/+IYoz22pBBJ7RAMOjzVdHe1\/tSiQvidGQCud5x8tZw==\" title=\"This contact has been encoded by Anti-Spam by CleanTalk. Click to decode. To finish the decoding make sure that JavaScript is enabled in your browser.?subject=Schedule a Demo with Res-Q-Jack\" target=\"_self\" rel=\"noopener noreferrer\"><span \n                data-original-string='TgH1Lo1aZFs69i\/kgRG6Mw==ea0vtPetWLMqRCijKTN7uhZR+dEdF0RsoNrGrAGow+X9Vo='\n                class='apbct-email-encoder'\n                title='This contact has been encoded by Anti-Spam by CleanTalk. Click to decode. To finish the decoding make sure that JavaScript is enabled in your browser.'>Fr<span class=\"apbct-blur\">******<\/span>@<span class=\"apbct-blur\">********<\/span>ck.com<\/span><\/a><\/h3><\/li>\t<\/ul>","protected":false},"excerpt":{"rendered":"<p>D\u00e9monstration gratuite Contactez Res-Q-Jack pour organiser une d\u00e9monstration gratuite et pratique de nos \u00e9taiements de tranch\u00e9e, de nos stabilisateurs et de nos \u00e9tais de levage. Soir\u00e9e de formation, soir\u00e9e d'exercice, un \u00e0 un dans vos installations. Tout ce dont vous avez besoin, c'est d'un v\u00e9hicule hors d'usage et nous ferons le reste ! Faites l'exp\u00e9rience de nos outils dans le confort de votre propre \u00e9tablissement et d\u00e9couvrez la diff\u00e9rence Res-Q-Jack...<\/p>","protected":false},"author":2,"featured_media":0,"parent":0,"menu_order":0,"comment_status":"closed","ping_status":"closed","template":"","meta":{"footnotes":""},"class_list":["post-837","page","type-page","status-publish","hentry"],"yoast_head":"<!-- This site is optimized with the Yoast SEO plugin v27.2 - https:\/\/yoast.com\/product\/yoast-seo-wordpress\/ -->\n<title>Free Demo | Res-Q-Jack, Inc.<\/title>\n<meta name=\"robots\" content=\"index, follow, max-snippet:-1, max-image-preview:large, max-video-preview:-1\" \/>\n<link rel=\"canonical\" href=\"https:\/\/res-q-jack.com\/fr\/demo-gratuite\/\" \/>\n<meta property=\"og:locale\" content=\"fr_FR\" \/>\n<meta property=\"og:type\" content=\"article\" \/>\n<meta property=\"og:title\" content=\"Free Demo | Res-Q-Jack, Inc.\" \/>\n<meta property=\"og:description\" content=\"Free Demo Contact Res-Q-Jack to setup a free, hands-on demo of our trench shoring, stabilization and lifting struts. Training Night, Drill Night, one-on-one at your facility. All you need is a junk vehicle and we&#8217;ll do the rest! Get hands-on with our tools in the comfort of your own facility and experience the Res-Q-Jack difference&hellip;\" \/>\n<meta property=\"og:url\" content=\"https:\/\/res-q-jack.com\/fr\/demo-gratuite\/\" \/>\n<meta property=\"og:site_name\" content=\"Res-Q-Jack, Inc.\" \/>\n<meta property=\"article:modified_time\" content=\"2020-06-12T21:54:31+00:00\" \/>\n<meta property=\"og:image\" content=\"https:\/\/res-q-jack.com\/wp-content\/uploads\/2020\/03\/Res-Q-Jack-Free-Demonstration.jpg\" \/>\n<meta name=\"twitter:card\" content=\"summary_large_image\" \/>\n<meta name=\"twitter:label1\" content=\"Dur\u00e9e de lecture estim\u00e9e\" \/>\n\t<meta name=\"twitter:data1\" content=\"1 minute\" \/>\n<script type=\"application\/ld+json\" class=\"yoast-schema-graph\">{\"@context\":\"https:\/\/schema.org\",\"@graph\":[{\"@type\":\"WebPage\",\"@id\":\"https:\/\/res-q-jack.com\/free-demo\/\",\"url\":\"https:\/\/res-q-jack.com\/free-demo\/\",\"name\":\"Free Demo | Res-Q-Jack, Inc.\",\"isPartOf\":{\"@id\":\"https:\/\/res-q-jack.com\/#website\"},\"primaryImageOfPage\":{\"@id\":\"https:\/\/res-q-jack.com\/free-demo\/#primaryimage\"},\"image\":{\"@id\":\"https:\/\/res-q-jack.com\/free-demo\/#primaryimage\"},\"thumbnailUrl\":\"https:\/\/res-q-jack.com\/wp-content\/uploads\/2020\/03\/Res-Q-Jack-Free-Demonstration.jpg\",\"datePublished\":\"2020-02-17T21:19:04+00:00\",\"dateModified\":\"2020-06-12T21:54:31+00:00\",\"breadcrumb\":{\"@id\":\"https:\/\/res-q-jack.com\/free-demo\/#breadcrumb\"},\"inLanguage\":\"fr-FR\",\"potentialAction\":[{\"@type\":\"ReadAction\",\"target\":[\"https:\/\/res-q-jack.com\/free-demo\/\"]}]},{\"@type\":\"ImageObject\",\"inLanguage\":\"fr-FR\",\"@id\":\"https:\/\/res-q-jack.com\/free-demo\/#primaryimage\",\"url\":\"https:\/\/res-q-jack.com\/wp-content\/uploads\/2020\/03\/Res-Q-Jack-Free-Demonstration.jpg\",\"contentUrl\":\"https:\/\/res-q-jack.com\/wp-content\/uploads\/2020\/03\/Res-Q-Jack-Free-Demonstration.jpg\"},{\"@type\":\"BreadcrumbList\",\"@id\":\"https:\/\/res-q-jack.com\/free-demo\/#breadcrumb\",\"itemListElement\":[{\"@type\":\"ListItem\",\"position\":1,\"name\":\"Home\",\"item\":\"https:\/\/res-q-jack.com\/\"},{\"@type\":\"ListItem\",\"position\":2,\"name\":\"Free Demo\"}]},{\"@type\":\"WebSite\",\"@id\":\"https:\/\/res-q-jack.com\/#website\",\"url\":\"https:\/\/res-q-jack.com\/\",\"name\":\"Res-Q-Jack, Inc.\",\"description\":\"Vehicle Stabilization Struts\",\"publisher\":{\"@id\":\"https:\/\/res-q-jack.com\/#organization\"},\"potentialAction\":[{\"@type\":\"SearchAction\",\"target\":{\"@type\":\"EntryPoint\",\"urlTemplate\":\"https:\/\/res-q-jack.com\/?s={search_term_string}\"},\"query-input\":{\"@type\":\"PropertyValueSpecification\",\"valueRequired\":true,\"valueName\":\"search_term_string\"}}],\"inLanguage\":\"fr-FR\"},{\"@type\":\"Organization\",\"@id\":\"https:\/\/res-q-jack.com\/#organization\",\"name\":\"Res-Q-Jack, Inc.\",\"url\":\"https:\/\/res-q-jack.com\/\",\"logo\":{\"@type\":\"ImageObject\",\"inLanguage\":\"fr-FR\",\"@id\":\"https:\/\/res-q-jack.com\/#\/schema\/logo\/image\/\",\"url\":\"https:\/\/res-q-jack.com\/wp-content\/uploads\/2020\/03\/Res-Q-Jack-SEO-Logo.png\",\"contentUrl\":\"https:\/\/res-q-jack.com\/wp-content\/uploads\/2020\/03\/Res-Q-Jack-SEO-Logo.png\",\"width\":612,\"height\":138,\"caption\":\"Res-Q-Jack, Inc.\"},\"image\":{\"@id\":\"https:\/\/res-q-jack.com\/#\/schema\/logo\/image\/\"}}]}<\/script>\n<!-- \/ Yoast SEO plugin. -->","yoast_head_json":{"title":"D\u00e9monstration gratuite | Res-Q-Jack, Inc.","robots":{"index":"index","follow":"follow","max-snippet":"max-snippet:-1","max-image-preview":"max-image-preview:large","max-video-preview":"max-video-preview:-1"},"canonical":"https:\/\/res-q-jack.com\/fr\/demo-gratuite\/","og_locale":"fr_FR","og_type":"article","og_title":"Free Demo | Res-Q-Jack, Inc.","og_description":"Free Demo Contact Res-Q-Jack to setup a free, hands-on demo of our trench shoring, stabilization and lifting struts. Training Night, Drill Night, one-on-one at your facility. All you need is a junk vehicle and we&#8217;ll do the rest! Get hands-on with our tools in the comfort of your own facility and experience the Res-Q-Jack difference&hellip;","og_url":"https:\/\/res-q-jack.com\/fr\/demo-gratuite\/","og_site_name":"Res-Q-Jack, Inc.","article_modified_time":"2020-06-12T21:54:31+00:00","og_image":[{"url":"https:\/\/res-q-jack.com\/wp-content\/uploads\/2020\/03\/Res-Q-Jack-Free-Demonstration.jpg","type":"","width":"","height":""}],"twitter_card":"summary_large_image","twitter_misc":{"Dur\u00e9e de lecture estim\u00e9e":"1 minute"},"schema":{"@context":"https:\/\/schema.org","@graph":[{"@type":"WebPage","@id":"https:\/\/res-q-jack.com\/free-demo\/","url":"https:\/\/res-q-jack.com\/free-demo\/","name":"D\u00e9monstration gratuite | Res-Q-Jack, Inc.","isPartOf":{"@id":"https:\/\/res-q-jack.com\/#website"},"primaryImageOfPage":{"@id":"https:\/\/res-q-jack.com\/free-demo\/#primaryimage"},"image":{"@id":"https:\/\/res-q-jack.com\/free-demo\/#primaryimage"},"thumbnailUrl":"https:\/\/res-q-jack.com\/wp-content\/uploads\/2020\/03\/Res-Q-Jack-Free-Demonstration.jpg","datePublished":"2020-02-17T21:19:04+00:00","dateModified":"2020-06-12T21:54:31+00:00","breadcrumb":{"@id":"https:\/\/res-q-jack.com\/free-demo\/#breadcrumb"},"inLanguage":"fr-FR","potentialAction":[{"@type":"ReadAction","target":["https:\/\/res-q-jack.com\/free-demo\/"]}]},{"@type":"ImageObject","inLanguage":"fr-FR","@id":"https:\/\/res-q-jack.com\/free-demo\/#primaryimage","url":"https:\/\/res-q-jack.com\/wp-content\/uploads\/2020\/03\/Res-Q-Jack-Free-Demonstration.jpg","contentUrl":"https:\/\/res-q-jack.com\/wp-content\/uploads\/2020\/03\/Res-Q-Jack-Free-Demonstration.jpg"},{"@type":"BreadcrumbList","@id":"https:\/\/res-q-jack.com\/free-demo\/#breadcrumb","itemListElement":[{"@type":"ListItem","position":1,"name":"Home","item":"https:\/\/res-q-jack.com\/"},{"@type":"ListItem","position":2,"name":"Free Demo"}]},{"@type":"WebSite","@id":"https:\/\/res-q-jack.com\/#website","url":"https:\/\/res-q-jack.com\/","name":"Res-Q-Jack, Inc.","description":"Stabilisateurs de v\u00e9hicules","publisher":{"@id":"https:\/\/res-q-jack.com\/#organization"},"potentialAction":[{"@type":"SearchAction","target":{"@type":"EntryPoint","urlTemplate":"https:\/\/res-q-jack.com\/?s={search_term_string}"},"query-input":{"@type":"PropertyValueSpecification","valueRequired":true,"valueName":"search_term_string"}}],"inLanguage":"fr-FR"},{"@type":"Organization","@id":"https:\/\/res-q-jack.com\/#organization","name":"Res-Q-Jack, Inc.","url":"https:\/\/res-q-jack.com\/","logo":{"@type":"ImageObject","inLanguage":"fr-FR","@id":"https:\/\/res-q-jack.com\/#\/schema\/logo\/image\/","url":"https:\/\/res-q-jack.com\/wp-content\/uploads\/2020\/03\/Res-Q-Jack-SEO-Logo.png","contentUrl":"https:\/\/res-q-jack.com\/wp-content\/uploads\/2020\/03\/Res-Q-Jack-SEO-Logo.png","width":612,"height":138,"caption":"Res-Q-Jack, Inc."},"image":{"@id":"https:\/\/res-q-jack.com\/#\/schema\/logo\/image\/"}}]}},"_links":{"self":[{"href":"https:\/\/res-q-jack.com\/fr\/wp-json\/wp\/v2\/pages\/837","targetHints":{"allow":["GET"]}}],"collection":[{"href":"https:\/\/res-q-jack.com\/fr\/wp-json\/wp\/v2\/pages"}],"about":[{"href":"https:\/\/res-q-jack.com\/fr\/wp-json\/wp\/v2\/types\/page"}],"author":[{"embeddable":true,"href":"https:\/\/res-q-jack.com\/fr\/wp-json\/wp\/v2\/users\/2"}],"replies":[{"embeddable":true,"href":"https:\/\/res-q-jack.com\/fr\/wp-json\/wp\/v2\/comments?post=837"}],"version-history":[{"count":0,"href":"https:\/\/res-q-jack.com\/fr\/wp-json\/wp\/v2\/pages\/837\/revisions"}],"wp:attachment":[{"href":"https:\/\/res-q-jack.com\/fr\/wp-json\/wp\/v2\/media?parent=837"}],"curies":[{"name":"wp","href":"https:\/\/api.w.org\/{rel}","templated":true}]}}