{"id":50,"date":"2019-12-13T12:40:42","date_gmt":"2019-12-13T17:40:42","guid":{"rendered":"https:\/\/resqjack.wpengine.com\/?page_id=50"},"modified":"2021-02-01T16:18:07","modified_gmt":"2021-02-01T21:18:07","slug":"a-propos-de","status":"publish","type":"page","link":"https:\/\/res-q-jack.com\/fr\/about\/","title":{"rendered":"\u00c0 propos de"},"content":{"rendered":"<h1>\n\t\t\t\tNotre entreprise\n\t\t\t<\/h1>\n\t<p>\"NOS OUTILS SAUVENT DES VIES\".  Ces mots sont imprim\u00e9s sur un panneau de 8 pieds dans notre usine de fabrication d'Elmira, NY, pour rappeler ce qui se trouve sur nos produits.  Nos employ\u00e9s, dont beaucoup ont servi comme intervenants b\u00e9n\u00e9voles, connaissent l'importance des produits que nous fabriquons, et cela se voit dans tout ce que nous faisons.<\/p>\n<p>Nous construisons chaque jambe de force de sauvetage \u00e0 la main dans notre atelier, \u00e0 partir de mat\u00e9riaux \u00e9prouv\u00e9s et pr\u00e9visibles.  Des soudures \u00e0 la main \u00e0 l'usinage haut de gamme, toutes nos jambes de force sont construites avec soin, puis inspect\u00e9es et test\u00e9es pour garantir des ann\u00e9es de performance sur le terrain.<\/p>\n<p>Nos outils sont n\u00e9s de l'exp\u00e9rience de premi\u00e8re main sur le terrain et ont \u00e9t\u00e9 affin\u00e9s pour r\u00e9pondre aux besoins des intervenants gr\u00e2ce \u00e0 la communication avec ces derniers.<\/p>\n<p>Notre philosophie est simple : \"Des outils simples, une formation avanc\u00e9e\".  Nous croyons qu'il faut fournir aux intervenants des outils aussi intuitifs qu'efficaces, et offrir une formation approfondie pour maximiser l'efficacit\u00e9 sur le terrain.<\/p>\n<p>Ce n'est pas pour rien que nos produits sont rest\u00e9s simples.  Nous voulons que les intervenants soient confiants et r\u00e9ussissent \u00e0 utiliser nos outils.  Nous n'utilisons pas de syst\u00e8mes hydrauliques compliqu\u00e9s, de plastiques \"de l'\u00e8re spatiale\" impr\u00e9visibles ou de configurations trop complexes.<\/p>\n<p>Nous concevons nos jambes de force pour qu'elles soient conviviales, efficaces et fiables.  Nous choisissons les mat\u00e9riaux pour leur solidit\u00e9 et leur pr\u00e9visibilit\u00e9, et nous concevons nos syst\u00e8mes pour qu'ils soient plus simples, mais plus performants que les \u00e9quipements plus complexes.  Nous concevons nos jambes de force pour qu'elles soient pr\u00eates \u00e0 l'emploi, d\u00e8s leur sortie du camion, afin de gagner du temps au moment le plus important.<\/p>\n<p>Bien que nos outils soient intuitifs de par leur conception, nous croyons \u00e9galement qu'un excellent outil de sauvetage est aussi bon que la formation qui le sous-tend.  C'est pourquoi, lorsque votre service ach\u00e8te un produit Res-Q-Jack, nous vous offrons une formation gratuite, dans vos locaux, sur nos \u00e9quipements et nos techniques.<\/p>\n<p>Des installations de base aux techniques avanc\u00e9es, Res-Q-Jack s'engage \u00e0 former votre service jusqu'\u00e0 ce que vous soyez \u00e0 l'aise avec nos produits.  La compr\u00e9hension de nos techniques pionni\u00e8res de stabilisation et de levage contribuera \u00e0 votre succ\u00e8s sur le terrain.<\/p>\n<p>Nous sommes fiers d'\u00eatre une entreprise accessible qui se soucie des intervenants qui utilisent nos outils autant que de la raison pour laquelle ils les utilisent.<\/p>\n<p>Chez Res-Q-Jack, vous ne trouverez pas d'arborescence t\u00e9l\u00e9phonique, pas de lignes automatis\u00e9es et pas de r\u00e9ponses \u00e9vasives.  Nous sommes l\u00e0 pour nos clients quand ils ont besoin de nous et nous ferons de notre mieux pour les aider de toutes les mani\u00e8res possibles.  Des d\u00e9monstrations et formations gratuites aux produits personnalis\u00e9s, nous voulons que vous disposiez des meilleurs outils et de la meilleure formation pour faire votre travail.<\/p>\n<p>Nous sommes suffisamment petits pour \u00eatre joignables et fournir une attention individuelle, mais avec un vaste r\u00e9seau de concessionnaires s\u00e9lectionn\u00e9s qui croient autant en notre marque que nous, nous sommes suffisamment grands pour \u00eatre l\u00e0 avec la formation et le soutien, o\u00f9 que vous soyez.<\/p>\n\t<h3>\n\t\t\t\tNotre histoire\n\t\t\t<\/h3>\n\t<p>Apr\u00e8s avoir obtenu une ma\u00eetrise en g\u00e9nie m\u00e9canique et travaill\u00e9 plusieurs ann\u00e9es dans le domaine du conseil et de l'ing\u00e9nierie de conception, Cris Pasto a cr\u00e9\u00e9 la Cepco Tool Company.  Cepco Tools a commenc\u00e9 avec un produit permettant d'installer facilement les planches de terrasse, le contreplaqu\u00e9 et les mat\u00e9riaux \u00e0 rainure et languette d\u00e9form\u00e9s. Ce produit, le Bowrench Deck Tool, figure souvent sur la liste des outils manuels les plus vendus sur amazon.com, et a apport\u00e9 beaucoup de succ\u00e8s \u00e0 l'entreprise.<\/p>\n<p>Le succ\u00e8s de la cl\u00e9 Bowrench a donn\u00e9 naissance \u00e0 un produit appel\u00e9 QuikJack, un cric pour parquet en bois dur. Avec le d\u00e9veloppement et la croissance importante de Cepco Tools, Cris a pu prendre un peu de recul.  Il a donc fait quelque chose qu'il voulait faire depuis un certain temps - il a rejoint son service d'incendie local.<\/p>\n<p>En tant que membre du d\u00e9partement, Cris a \u00e9t\u00e9 expos\u00e9 \u00e0 de nombreux outils int\u00e9ressants et cr\u00e9atifs du service d'incendie, mais il a constat\u00e9 qu'il y avait beaucoup de place pour l'am\u00e9lioration, en particulier dans le domaine de la stabilisation des v\u00e9hicules de tourisme.  Frustr\u00e9 lorsqu'ils r\u00e9pondaient \u00e0 des accidents de v\u00e9hicules de type tonneaux, Cris ne s'est jamais senti \u00e0 l'aise avec le degr\u00e9 de stabilit\u00e9 qu'ils obtenaient avec les ressources dont ils disposaient.<\/p>\n<p>Au cours des mois suivants, Cris a d\u00e9velopp\u00e9 des prototypes, et Cepco Tools a fabriqu\u00e9 le premier Res-Q-Jack mod\u00e8le RJ1. L'intention initiale \u00e9tait simplement de fournir \u00e0 un seul service d'incendie des outils de stabilisation ad\u00e9quats, mais les choses allaient aller beaucoup plus loin.<\/p>\n<p>Apr\u00e8s avoir mis au point le RJ1, le service d'incendie voisin a demand\u00e9 \u00e0 Cepco Tools de leur en fabriquer un ensemble. De l\u00e0, Ron Moore de Firehouse Magazine et le service d'incendie de Plano au Texas ont eu vent du Res-Q-Jack.<\/p>\n<p>Il a appel\u00e9 Cris pour lui demander s'il pouvait tester le concept et inclure ses conclusions dans un article sp\u00e9cial sur la stabilisation pour Firehouse Magazine. L'article a essentiellement lanc\u00e9 la ligne de produits Res-Q-Jack sur le march\u00e9. Ron a \u00e9galement continu\u00e9 \u00e0 apporter une contribution pr\u00e9cieuse, faisant progresser l'entreprise ainsi que le d\u00e9veloppement de ses produits.<\/p>\n<p>Lorsque John Meier a rachet\u00e9 la soci\u00e9t\u00e9 en 2004, Res-Q-Jack est devenue une soci\u00e9t\u00e9 \u00e0 part enti\u00e8re, distincte de Cepco Tools.  Depuis lors, nous avons continu\u00e9 \u00e0 d\u00e9velopper et \u00e0 am\u00e9liorer nos produits afin de maximiser leur polyvalence, d'augmenter la vitesse d'installation, de les rendre plus conviviaux pour les utilisateurs et les patients, et de les maintenir \u00e0 un prix abordable.<\/p>\n<p>Si l'objectif des produits de Cepco Tool Company a toujours \u00e9t\u00e9 de faciliter la vie des entrepreneurs, Res-Q-Jack facilite d\u00e9sormais le travail des sauveteurs et, mieux encore, nous contribuons \u00e0 sauver des vies chaque jour.<\/p>\n<p>Aujourd'hui, l'entreprise a \u00e9volu\u00e9 pour devenir ce que vous voyez sur notre site Web et continue de fixer la barre en mati\u00e8re de stabilisation et de levage de v\u00e9hicules.<\/p>\n\t<h4>\n\t\t\t\tVous avez des questions ?  Appelez-nous au 1-800-466-9626.\n\t\t\t<\/h4>","protected":false},"excerpt":{"rendered":"<p>Notre entreprise \"NOS OUTILS SAUVENT DES VIES\".  Ces mots sont imprim\u00e9s sur un panneau de 8 pieds dans notre usine de fabrication d'Elmira, NY, pour rappeler ce qui se trouve sur nos produits.  Nos employ\u00e9s, dont beaucoup ont servi comme intervenants b\u00e9n\u00e9voles, connaissent l'importance des produits que nous fabriquons, et cela se voit dans tout ce que nous faisons.....<\/p>","protected":false},"author":2,"featured_media":0,"parent":0,"menu_order":0,"comment_status":"closed","ping_status":"closed","template":"","meta":{"footnotes":""},"class_list":["post-50","page","type-page","status-publish","hentry"],"yoast_head":"<!-- This site is optimized with the Yoast SEO plugin v27.2 - https:\/\/yoast.com\/product\/yoast-seo-wordpress\/ -->\n<title>About | Res-Q-Jack, Inc.<\/title>\n<meta name=\"robots\" content=\"index, follow, max-snippet:-1, max-image-preview:large, max-video-preview:-1\" \/>\n<link rel=\"canonical\" href=\"https:\/\/res-q-jack.com\/fr\/a-propos-de\/\" \/>\n<meta property=\"og:locale\" content=\"fr_FR\" \/>\n<meta property=\"og:type\" content=\"article\" \/>\n<meta property=\"og:title\" content=\"About | Res-Q-Jack, Inc.\" \/>\n<meta property=\"og:description\" content=\"Our Company &#8220;OUR TOOLS SAVE LIVES.&#8221;\u00a0 These words are printed on an 8-foot sign in our manufacturing facility in Elmira, NY as a reminder of what rides on our products.\u00a0 Our employees, many of whom have served as volunteer responders, know the importance of the products we produce, and this shows in all we do.&hellip;\" \/>\n<meta property=\"og:url\" content=\"https:\/\/res-q-jack.com\/fr\/a-propos-de\/\" \/>\n<meta property=\"og:site_name\" content=\"Res-Q-Jack, Inc.\" \/>\n<meta property=\"article:modified_time\" content=\"2021-02-01T21:18:07+00:00\" \/>\n<meta name=\"twitter:card\" content=\"summary_large_image\" \/>\n<meta name=\"twitter:label1\" content=\"Dur\u00e9e de lecture estim\u00e9e\" \/>\n\t<meta name=\"twitter:data1\" content=\"4 minutes\" \/>\n<script type=\"application\/ld+json\" class=\"yoast-schema-graph\">{\"@context\":\"https:\/\/schema.org\",\"@graph\":[{\"@type\":\"WebPage\",\"@id\":\"https:\/\/res-q-jack.com\/about\/\",\"url\":\"https:\/\/res-q-jack.com\/about\/\",\"name\":\"About | Res-Q-Jack, Inc.\",\"isPartOf\":{\"@id\":\"https:\/\/res-q-jack.com\/#website\"},\"datePublished\":\"2019-12-13T17:40:42+00:00\",\"dateModified\":\"2021-02-01T21:18:07+00:00\",\"breadcrumb\":{\"@id\":\"https:\/\/res-q-jack.com\/about\/#breadcrumb\"},\"inLanguage\":\"fr-FR\",\"potentialAction\":[{\"@type\":\"ReadAction\",\"target\":[\"https:\/\/res-q-jack.com\/about\/\"]}]},{\"@type\":\"BreadcrumbList\",\"@id\":\"https:\/\/res-q-jack.com\/about\/#breadcrumb\",\"itemListElement\":[{\"@type\":\"ListItem\",\"position\":1,\"name\":\"Home\",\"item\":\"https:\/\/res-q-jack.com\/\"},{\"@type\":\"ListItem\",\"position\":2,\"name\":\"About\"}]},{\"@type\":\"WebSite\",\"@id\":\"https:\/\/res-q-jack.com\/#website\",\"url\":\"https:\/\/res-q-jack.com\/\",\"name\":\"Res-Q-Jack, Inc.\",\"description\":\"Vehicle Stabilization Struts\",\"publisher\":{\"@id\":\"https:\/\/res-q-jack.com\/#organization\"},\"potentialAction\":[{\"@type\":\"SearchAction\",\"target\":{\"@type\":\"EntryPoint\",\"urlTemplate\":\"https:\/\/res-q-jack.com\/?s={search_term_string}\"},\"query-input\":{\"@type\":\"PropertyValueSpecification\",\"valueRequired\":true,\"valueName\":\"search_term_string\"}}],\"inLanguage\":\"fr-FR\"},{\"@type\":\"Organization\",\"@id\":\"https:\/\/res-q-jack.com\/#organization\",\"name\":\"Res-Q-Jack, Inc.\",\"url\":\"https:\/\/res-q-jack.com\/\",\"logo\":{\"@type\":\"ImageObject\",\"inLanguage\":\"fr-FR\",\"@id\":\"https:\/\/res-q-jack.com\/#\/schema\/logo\/image\/\",\"url\":\"https:\/\/res-q-jack.com\/wp-content\/uploads\/2020\/03\/Res-Q-Jack-SEO-Logo.png\",\"contentUrl\":\"https:\/\/res-q-jack.com\/wp-content\/uploads\/2020\/03\/Res-Q-Jack-SEO-Logo.png\",\"width\":612,\"height\":138,\"caption\":\"Res-Q-Jack, Inc.\"},\"image\":{\"@id\":\"https:\/\/res-q-jack.com\/#\/schema\/logo\/image\/\"}}]}<\/script>\n<!-- \/ Yoast SEO plugin. -->","yoast_head_json":{"title":"\u00c0 propos de | Res-Q-Jack, Inc.","robots":{"index":"index","follow":"follow","max-snippet":"max-snippet:-1","max-image-preview":"max-image-preview:large","max-video-preview":"max-video-preview:-1"},"canonical":"https:\/\/res-q-jack.com\/fr\/a-propos-de\/","og_locale":"fr_FR","og_type":"article","og_title":"About | Res-Q-Jack, Inc.","og_description":"Our Company &#8220;OUR TOOLS SAVE LIVES.&#8221;\u00a0 These words are printed on an 8-foot sign in our manufacturing facility in Elmira, NY as a reminder of what rides on our products.\u00a0 Our employees, many of whom have served as volunteer responders, know the importance of the products we produce, and this shows in all we do.&hellip;","og_url":"https:\/\/res-q-jack.com\/fr\/a-propos-de\/","og_site_name":"Res-Q-Jack, Inc.","article_modified_time":"2021-02-01T21:18:07+00:00","twitter_card":"summary_large_image","twitter_misc":{"Dur\u00e9e de lecture estim\u00e9e":"4 minutes"},"schema":{"@context":"https:\/\/schema.org","@graph":[{"@type":"WebPage","@id":"https:\/\/res-q-jack.com\/about\/","url":"https:\/\/res-q-jack.com\/about\/","name":"\u00c0 propos de | Res-Q-Jack, Inc.","isPartOf":{"@id":"https:\/\/res-q-jack.com\/#website"},"datePublished":"2019-12-13T17:40:42+00:00","dateModified":"2021-02-01T21:18:07+00:00","breadcrumb":{"@id":"https:\/\/res-q-jack.com\/about\/#breadcrumb"},"inLanguage":"fr-FR","potentialAction":[{"@type":"ReadAction","target":["https:\/\/res-q-jack.com\/about\/"]}]},{"@type":"BreadcrumbList","@id":"https:\/\/res-q-jack.com\/about\/#breadcrumb","itemListElement":[{"@type":"ListItem","position":1,"name":"Home","item":"https:\/\/res-q-jack.com\/"},{"@type":"ListItem","position":2,"name":"About"}]},{"@type":"WebSite","@id":"https:\/\/res-q-jack.com\/#website","url":"https:\/\/res-q-jack.com\/","name":"Res-Q-Jack, Inc.","description":"Stabilisateurs de v\u00e9hicules","publisher":{"@id":"https:\/\/res-q-jack.com\/#organization"},"potentialAction":[{"@type":"SearchAction","target":{"@type":"EntryPoint","urlTemplate":"https:\/\/res-q-jack.com\/?s={search_term_string}"},"query-input":{"@type":"PropertyValueSpecification","valueRequired":true,"valueName":"search_term_string"}}],"inLanguage":"fr-FR"},{"@type":"Organization","@id":"https:\/\/res-q-jack.com\/#organization","name":"Res-Q-Jack, Inc.","url":"https:\/\/res-q-jack.com\/","logo":{"@type":"ImageObject","inLanguage":"fr-FR","@id":"https:\/\/res-q-jack.com\/#\/schema\/logo\/image\/","url":"https:\/\/res-q-jack.com\/wp-content\/uploads\/2020\/03\/Res-Q-Jack-SEO-Logo.png","contentUrl":"https:\/\/res-q-jack.com\/wp-content\/uploads\/2020\/03\/Res-Q-Jack-SEO-Logo.png","width":612,"height":138,"caption":"Res-Q-Jack, Inc."},"image":{"@id":"https:\/\/res-q-jack.com\/#\/schema\/logo\/image\/"}}]}},"_links":{"self":[{"href":"https:\/\/res-q-jack.com\/fr\/wp-json\/wp\/v2\/pages\/50","targetHints":{"allow":["GET"]}}],"collection":[{"href":"https:\/\/res-q-jack.com\/fr\/wp-json\/wp\/v2\/pages"}],"about":[{"href":"https:\/\/res-q-jack.com\/fr\/wp-json\/wp\/v2\/types\/page"}],"author":[{"embeddable":true,"href":"https:\/\/res-q-jack.com\/fr\/wp-json\/wp\/v2\/users\/2"}],"replies":[{"embeddable":true,"href":"https:\/\/res-q-jack.com\/fr\/wp-json\/wp\/v2\/comments?post=50"}],"version-history":[{"count":0,"href":"https:\/\/res-q-jack.com\/fr\/wp-json\/wp\/v2\/pages\/50\/revisions"}],"wp:attachment":[{"href":"https:\/\/res-q-jack.com\/fr\/wp-json\/wp\/v2\/media?parent=50"}],"curies":[{"name":"wp","href":"https:\/\/api.w.org\/{rel}","templated":true}]}}