{"id":46,"date":"2019-12-13T12:40:16","date_gmt":"2019-12-13T17:40:16","guid":{"rendered":"https:\/\/resqjack.wpengine.com\/?page_id=46"},"modified":"2024-01-08T11:05:20","modified_gmt":"2024-01-08T16:05:20","slug":"documents-de-formation","status":"publish","type":"page","link":"https:\/\/res-q-jack.com\/fr\/training\/training-documents\/","title":{"rendered":"Documents de formation"},"content":{"rendered":"<h1>Documents de formation<\/h1>\t\t\t\n\t\t\t\t<p>L'\u00e9quipe de Res-Q-Jack a des ann\u00e9es d'exp\u00e9rience dans le domaine des incendies et des secours et nous avons utilis\u00e9 nos produits dans des centaines de situations. Au fil des ans, nous avons d\u00e9velopp\u00e9 des applications, brevet\u00e9 des techniques et r\u00e9dig\u00e9 de nombreux articles pour apprendre \u00e0 nos utilisateurs \u00e0 devenir plus efficaces et plus s\u00fbrs dans le domaine de la d\u00e9sincarc\u00e9ration.<\/p>\n\t<a href=\"https:\/\/res-q-jack.com\/wp-content\/uploads\/documents\/2021-22-ResQJack-Training-Presentation.pdf\" target=\"_blank\" rel=\"noopener\" aria-label=\"Go to https:\/\/res-q-jack.com\/wp-content\/uploads\/documents\/2021-22-ResQJack-Training-Presentation.pdf\"><\/a>\n\t\t\t\t<img decoding=\"async\" data-src=\"https:\/\/res-q-jack.com\/wp-content\/uploads\/2021\/10\/Training_PDF-min.jpg\" alt=\"Guide de formation PDF\" title=\"Formation_PDF-min\" itemprop=\"image\" src=\"data:image\/svg+xml;base64,PHN2ZyB3aWR0aD0iMSIgaGVpZ2h0PSIxIiB4bWxucz0iaHR0cDovL3d3dy53My5vcmcvMjAwMC9zdmciPjwvc3ZnPg==\" class=\"lazyload\" style=\"--smush-placeholder-width: 400px; --smush-placeholder-aspect-ratio: 400\/515;\" \/>\n\t\t\t\t<p>Formation PowerPoint PDF (14.9MB)<\/p>\n\t<a href=\"https:\/\/res-q-jack.com\/wp-content\/uploads\/documents\/2021-22-ResQJack-Training-Presentation-1.pptx\" target=\"_blank\" rel=\"noopener\" aria-label=\"Go to https:\/\/res-q-jack.com\/wp-content\/uploads\/documents\/2021-22-ResQJack-Training-Presentation-1.pptx\"><\/a>\n\t\t\t\t<img decoding=\"async\" data-src=\"https:\/\/res-q-jack.com\/wp-content\/uploads\/2021\/10\/Training_PPT-min.jpg\" alt=\"Guide de formation - Power Point\" title=\"Formation_PPT-min\" itemprop=\"image\" src=\"data:image\/svg+xml;base64,PHN2ZyB3aWR0aD0iMSIgaGVpZ2h0PSIxIiB4bWxucz0iaHR0cDovL3d3dy53My5vcmcvMjAwMC9zdmciPjwvc3ZnPg==\" class=\"lazyload\" style=\"--smush-placeholder-width: 400px; --smush-placeholder-aspect-ratio: 400\/515;\" \/>\n\t\t\t\t<p>Formation PowerPoint PPT (46.5MB)<\/p>\n\t<a href=\"https:\/\/res-q-jack.com\/wp-content\/uploads\/documents\/RQJ-2021-Quick-Reference-Guide-min-Stabilization.pdf\" target=\"_blank\" rel=\"noopener\" aria-label=\"Go to https:\/\/res-q-jack.com\/wp-content\/uploads\/documents\/RQJ-2021-Quick-Reference-Guide-min-Stabilization.pdf\"><\/a>\n\t\t\t\t<img decoding=\"async\" data-src=\"https:\/\/res-q-jack.com\/wp-content\/uploads\/2021\/10\/QR_Guide_2021-min.jpg\" alt=\"Guide de r\u00e9f\u00e9rence rapide\" title=\"QR_Guide_2021-min\" itemprop=\"image\" src=\"data:image\/svg+xml;base64,PHN2ZyB3aWR0aD0iMSIgaGVpZ2h0PSIxIiB4bWxucz0iaHR0cDovL3d3dy53My5vcmcvMjAwMC9zdmciPjwvc3ZnPg==\" class=\"lazyload\" style=\"--smush-placeholder-width: 400px; --smush-placeholder-aspect-ratio: 400\/515;\" \/>\n\t\t\t\t<p>Guide de r\u00e9f\u00e9rence rapide (13.4MB)<\/p>\n\t<a href=\"https:\/\/res-q-jack.com\/wp-content\/uploads\/documents\/RQJ-Finding-Purchase-Points.pdf\" target=\"_blank\" rel=\"noopener\" aria-label=\"Go to https:\/\/res-q-jack.com\/wp-content\/uploads\/documents\/RQJ-Finding-Purchase-Points.pdf\"><\/a>\n\t\t\t\t<img decoding=\"async\" data-src=\"https:\/\/res-q-jack.com\/wp-content\/uploads\/2020\/01\/Res-Q-Jack-Finding-Purchase-Points.jpg\" alt=\"Res-Q-Jack Trouver des points d&#039;achat\" title=\"Res-Q-Jack Trouver des points d&#039;achat\" itemprop=\"image\" src=\"data:image\/svg+xml;base64,PHN2ZyB3aWR0aD0iMSIgaGVpZ2h0PSIxIiB4bWxucz0iaHR0cDovL3d3dy53My5vcmcvMjAwMC9zdmciPjwvc3ZnPg==\" class=\"lazyload\" style=\"--smush-placeholder-width: 400px; --smush-placeholder-aspect-ratio: 400\/515;\" \/>\n\t\t\t\t<p>Trouver des points d'achat (350KB)<\/p>\n\t<a href=\"https:\/\/res-q-jack.com\/wp-content\/uploads\/documents\/phases-of-stabilization-correct-2016.pdf\" target=\"_blank\" rel=\"noopener\" aria-label=\"Go to https:\/\/res-q-jack.com\/wp-content\/uploads\/documents\/phases-of-stabilization-correct-2016.pdf\"><\/a>\n\t\t\t\t<img decoding=\"async\" data-src=\"https:\/\/res-q-jack.com\/wp-content\/uploads\/2020\/01\/Res-Q-Jack-Phases-of-Stabilization.jpg\" alt=\"Phases de stabilisation de Res-Q-Jack\" title=\"Phases de stabilisation de Res-Q-Jack\" itemprop=\"image\" src=\"data:image\/svg+xml;base64,PHN2ZyB3aWR0aD0iMSIgaGVpZ2h0PSIxIiB4bWxucz0iaHR0cDovL3d3dy53My5vcmcvMjAwMC9zdmciPjwvc3ZnPg==\" class=\"lazyload\" style=\"--smush-placeholder-width: 400px; --smush-placeholder-aspect-ratio: 400\/515;\" \/>\n\t\t\t\t<p>Phases de la stabilisation (1.3MB)<\/p>\n\t<a href=\"https:\/\/res-q-jack.com\/wp-content\/uploads\/documents\/roof-resting-stabilization-correct-2016.pdf\" target=\"_blank\" rel=\"noopener\" aria-label=\"Go to https:\/\/res-q-jack.com\/wp-content\/uploads\/documents\/roof-resting-stabilization-correct-2016.pdf\"><\/a>\n\t\t\t\t<img decoding=\"async\" data-src=\"https:\/\/res-q-jack.com\/wp-content\/uploads\/2020\/01\/Res-Q-Jack-Roof-Resting-Stabilization.jpg\" alt=\"Stabilisation de l&#039;appui de la toiture par Res-Q-Jack\" title=\"Stabilisation de l&#039;appui de la toiture par Res-Q-Jack\" itemprop=\"image\" src=\"data:image\/svg+xml;base64,PHN2ZyB3aWR0aD0iMSIgaGVpZ2h0PSIxIiB4bWxucz0iaHR0cDovL3d3dy53My5vcmcvMjAwMC9zdmciPjwvc3ZnPg==\" class=\"lazyload\" style=\"--smush-placeholder-width: 400px; --smush-placeholder-aspect-ratio: 400\/515;\" \/>\n\t\t\t\t<p>Stabilisation des toitures (1.6MB)<\/p>\n\t<a href=\"https:\/\/res-q-jack.com\/wp-content\/uploads\/documents\/2-point-stabilization-2016.pdf\" target=\"_blank\" rel=\"noopener\" aria-label=\"Go to https:\/\/res-q-jack.com\/wp-content\/uploads\/documents\/2-point-stabilization-2016.pdf\"><\/a>\n\t\t\t\t<img decoding=\"async\" data-src=\"https:\/\/res-q-jack.com\/wp-content\/uploads\/2020\/01\/Res-Q-Jack-2-Point-Stabilization.jpg\" alt=\"Stabilisation en 2 points de Res-Q-Jack\" title=\"Stabilisation en 2 points de Res-Q-Jack\" itemprop=\"image\" src=\"data:image\/svg+xml;base64,PHN2ZyB3aWR0aD0iMSIgaGVpZ2h0PSIxIiB4bWxucz0iaHR0cDovL3d3dy53My5vcmcvMjAwMC9zdmciPjwvc3ZnPg==\" class=\"lazyload\" style=\"--smush-placeholder-width: 400px; --smush-placeholder-aspect-ratio: 400\/515;\" \/>\n\t\t\t\t<p>Stabilisation \u00e0 2 points (2MB)<\/p>\n\t<a href=\"https:\/\/res-q-jack.com\/wp-content\/uploads\/documents\/3-point-stabilization-2016.pdf\" target=\"_blank\" rel=\"noopener\" aria-label=\"Go to https:\/\/res-q-jack.com\/wp-content\/uploads\/documents\/3-point-stabilization-2016.pdf\"><\/a>\n\t\t\t\t<img decoding=\"async\" data-src=\"https:\/\/res-q-jack.com\/wp-content\/uploads\/2020\/01\/Res-Q-Jack-3-Point-Side-Resting-Stabilization.jpg\" alt=\"Res-Q-Jack 3-Point Side Resting Stabilisation\" title=\"Res-Q-Jack 3-Point Side Resting Stabilisation\" itemprop=\"image\" src=\"data:image\/svg+xml;base64,PHN2ZyB3aWR0aD0iMSIgaGVpZ2h0PSIxIiB4bWxucz0iaHR0cDovL3d3dy53My5vcmcvMjAwMC9zdmciPjwvc3ZnPg==\" class=\"lazyload\" style=\"--smush-placeholder-width: 400px; --smush-placeholder-aspect-ratio: 400\/515;\" \/>\n\t\t\t\t<p>Stabilisation en 3 points (400KB)<\/p>\n\t<a href=\"https:\/\/res-q-jack.com\/wp-content\/uploads\/documents\/4-point-stabilization-2016.pdf\" target=\"_blank\" rel=\"noopener\" aria-label=\"Go to https:\/\/res-q-jack.com\/wp-content\/uploads\/documents\/4-point-stabilization-2016.pdf\"><\/a>\n\t\t\t\t<img decoding=\"async\" data-src=\"https:\/\/res-q-jack.com\/wp-content\/uploads\/2020\/01\/Res-Q-Jack-4-Point-Stabilization.jpg\" alt=\"Stabilisation en 4 points de Res-Q-Jack\" title=\"Stabilisation en 4 points de Res-Q-Jack\" itemprop=\"image\" src=\"data:image\/svg+xml;base64,PHN2ZyB3aWR0aD0iMSIgaGVpZ2h0PSIxIiB4bWxucz0iaHR0cDovL3d3dy53My5vcmcvMjAwMC9zdmciPjwvc3ZnPg==\" class=\"lazyload\" style=\"--smush-placeholder-width: 400px; --smush-placeholder-aspect-ratio: 400\/515;\" \/>\n\t\t\t\t<p>Stabilisation en 4 points (740KB)<\/p>\n\t<a href=\"https:\/\/res-q-jack.com\/wp-content\/uploads\/documents\/sloped-ground-stabilization-2016.pdf\" target=\"_blank\" rel=\"noopener\" aria-label=\"Go to https:\/\/res-q-jack.com\/wp-content\/uploads\/documents\/sloped-ground-stabilization-2016.pdf\"><\/a>\n\t\t\t\t<img decoding=\"async\" data-src=\"https:\/\/res-q-jack.com\/wp-content\/uploads\/2020\/01\/Res-Q-Jack-Sloped-Ground-Stabilization.jpg\" alt=\"Stabilisation des sols en pente Res-Q-Jack\" title=\"Stabilisation des sols en pente Res-Q-Jack\" itemprop=\"image\" src=\"data:image\/svg+xml;base64,PHN2ZyB3aWR0aD0iMSIgaGVpZ2h0PSIxIiB4bWxucz0iaHR0cDovL3d3dy53My5vcmcvMjAwMC9zdmciPjwvc3ZnPg==\" class=\"lazyload\" style=\"--smush-placeholder-width: 400px; --smush-placeholder-aspect-ratio: 400\/515;\" \/>\n\t\t\t\t<p>Stabilisation des sols en pente (1.1MB)<\/p>\n\t<a href=\"https:\/\/res-q-jack.com\/wp-content\/uploads\/documents\/t-bone-override-2016.pdf\" target=\"_blank\" rel=\"noopener\" aria-label=\"Go to https:\/\/res-q-jack.com\/wp-content\/uploads\/documents\/2021-22-ResQJack-Training-Presentation-1.pptx\"00><\/a>\n\t\t\t\t<img decoding=\"async\" data-src=\"https:\/\/res-q-jack.com\/wp-content\/uploads\/2020\/01\/Res-Q-Jack-T-Bone-Override.jpg\" alt=\"Res-Q-Jack T-Bone Override\" title=\"Res-Q-Jack T-Bone Override\" itemprop=\"image\" src=\"data:image\/svg+xml;base64,PHN2ZyB3aWR0aD0iMSIgaGVpZ2h0PSIxIiB4bWxucz0iaHR0cDovL3d3dy53My5vcmcvMjAwMC9zdmciPjwvc3ZnPg==\" class=\"lazyload\" style=\"--smush-placeholder-width: 400px; --smush-placeholder-aspect-ratio: 400\/515;\" \/>\n\t\t\t\t<p>T-Bone Override (1.8MB)<\/p>\n\t<a href=\"https:\/\/res-q-jack.com\/wp-content\/uploads\/documents\/darlington-roll-2016.pdf\" target=\"_blank\" rel=\"noopener\" aria-label=\"Go to https:\/\/res-q-jack.com\/wp-content\/uploads\/documents\/2021-22-ResQJack-Training-Presentation-1.pptx\"11><\/a>\n\t\t\t\t<img decoding=\"async\" data-src=\"https:\/\/res-q-jack.com\/wp-content\/uploads\/2020\/01\/Res-Q-Jack-Darlington-Roll.jpg\" alt=\"Rouleau Res-Q-Jack Darlington\" title=\"Rouleau Res-Q-Jack Darlington\" itemprop=\"image\" src=\"data:image\/svg+xml;base64,PHN2ZyB3aWR0aD0iMSIgaGVpZ2h0PSIxIiB4bWxucz0iaHR0cDovL3d3dy53My5vcmcvMjAwMC9zdmciPjwvc3ZnPg==\" class=\"lazyload\" style=\"--smush-placeholder-width: 400px; --smush-placeholder-aspect-ratio: 400\/515;\" \/>\n\t\t\t\t<p>Rouleau de Darlington (1MB)<\/p>\n\t<a href=\"https:\/\/res-q-jack.com\/wp-content\/uploads\/documents\/dash-displacement-2-2016.pdf\" target=\"_blank\" rel=\"noopener\" aria-label=\"Go to https:\/\/res-q-jack.com\/wp-content\/uploads\/documents\/2021-22-ResQJack-Training-Presentation-1.pptx\"22><\/a>\n\t\t\t\t<img decoding=\"async\" data-src=\"https:\/\/res-q-jack.com\/wp-content\/uploads\/2020\/01\/Res-Q-Jack-Dash-Displacement.jpg\" alt=\"D\u00e9placement Res-Q-Jack-Dash\" title=\"D\u00e9placement Res-Q-Jack-Dash\" itemprop=\"image\" src=\"data:image\/svg+xml;base64,PHN2ZyB3aWR0aD0iMSIgaGVpZ2h0PSIxIiB4bWxucz0iaHR0cDovL3d3dy53My5vcmcvMjAwMC9zdmciPjwvc3ZnPg==\" class=\"lazyload\" style=\"--smush-placeholder-width: 400px; --smush-placeholder-aspect-ratio: 400\/515;\" \/>\n\t\t\t\t<p>D\u00e9placement du tableau de bord (654KB)<\/p>","protected":false},"excerpt":{"rendered":"<p>Documents de formation L'\u00e9quipe Res-Q-Jack a des ann\u00e9es d'exp\u00e9rience dans le domaine des incendies et des secours et nous avons utilis\u00e9 nos produits dans des centaines de situations. Au fil des ans, nous avons d\u00e9velopp\u00e9 des applications, des techniques brevet\u00e9es et nous avons r\u00e9dig\u00e9 de nombreux documents pour former nos utilisateurs afin qu'ils deviennent plus efficaces et plus s\u00fbrs lors de la d\u00e9sincarc\u00e9ration. Formation PowerPoint PDF (14.9MB) Formation PowerPoint...<\/p>","protected":false},"author":2,"featured_media":1504,"parent":1501,"menu_order":0,"comment_status":"closed","ping_status":"closed","template":"","meta":{"footnotes":""},"class_list":["post-46","page","type-page","status-publish","has-post-thumbnail","hentry"],"yoast_head":"<!-- This site is optimized with the Yoast SEO plugin v27.5 - https:\/\/yoast.com\/product\/yoast-seo-wordpress\/ -->\n<title>Training Documents | Res-Q-Jack, Inc.<\/title>\n<meta name=\"description\" content=\"How-to articles and white papers to educate our users to become more effective, and safer at extrication.\" \/>\n<meta name=\"robots\" content=\"index, follow, max-snippet:-1, max-image-preview:large, max-video-preview:-1\" \/>\n<link rel=\"canonical\" href=\"https:\/\/res-q-jack.com\/fr\/formation\/documents-de-formation\/\" \/>\n<meta property=\"og:locale\" content=\"fr_FR\" \/>\n<meta property=\"og:type\" content=\"article\" \/>\n<meta property=\"og:title\" content=\"Training Documents | Res-Q-Jack, Inc.\" \/>\n<meta property=\"og:description\" content=\"How-to articles and white papers to educate our users to become more effective, and safer at extrication.\" \/>\n<meta property=\"og:url\" content=\"https:\/\/res-q-jack.com\/fr\/formation\/documents-de-formation\/\" \/>\n<meta property=\"og:site_name\" content=\"Res-Q-Jack, Inc.\" \/>\n<meta property=\"article:modified_time\" content=\"2024-01-08T16:05:20+00:00\" \/>\n<meta property=\"og:image\" content=\"https:\/\/res-q-jack.com\/wp-content\/uploads\/2020\/06\/Training-Documents.jpg\" \/>\n\t<meta property=\"og:image:width\" content=\"450\" \/>\n\t<meta property=\"og:image:height\" content=\"300\" \/>\n\t<meta property=\"og:image:type\" content=\"image\/jpeg\" \/>\n<meta name=\"twitter:card\" content=\"summary_large_image\" \/>\n<script type=\"application\/ld+json\" class=\"yoast-schema-graph\">{\"@context\":\"https:\\\/\\\/schema.org\",\"@graph\":[{\"@type\":\"WebPage\",\"@id\":\"https:\\\/\\\/res-q-jack.com\\\/training\\\/training-documents\\\/\",\"url\":\"https:\\\/\\\/res-q-jack.com\\\/training\\\/training-documents\\\/\",\"name\":\"Training Documents | Res-Q-Jack, Inc.\",\"isPartOf\":{\"@id\":\"https:\\\/\\\/res-q-jack.com\\\/#website\"},\"primaryImageOfPage\":{\"@id\":\"https:\\\/\\\/res-q-jack.com\\\/training\\\/training-documents\\\/#primaryimage\"},\"image\":{\"@id\":\"https:\\\/\\\/res-q-jack.com\\\/training\\\/training-documents\\\/#primaryimage\"},\"thumbnailUrl\":\"https:\\\/\\\/res-q-jack.com\\\/wp-content\\\/uploads\\\/2020\\\/06\\\/Training-Documents.jpg\",\"datePublished\":\"2019-12-13T17:40:16+00:00\",\"dateModified\":\"2024-01-08T16:05:20+00:00\",\"description\":\"How-to articles and white papers to educate our users to become more effective, and safer at extrication.\",\"breadcrumb\":{\"@id\":\"https:\\\/\\\/res-q-jack.com\\\/training\\\/training-documents\\\/#breadcrumb\"},\"inLanguage\":\"fr-FR\",\"potentialAction\":[{\"@type\":\"ReadAction\",\"target\":[\"https:\\\/\\\/res-q-jack.com\\\/training\\\/training-documents\\\/\"]}]},{\"@type\":\"ImageObject\",\"inLanguage\":\"fr-FR\",\"@id\":\"https:\\\/\\\/res-q-jack.com\\\/training\\\/training-documents\\\/#primaryimage\",\"url\":\"https:\\\/\\\/res-q-jack.com\\\/wp-content\\\/uploads\\\/2020\\\/06\\\/Training-Documents.jpg\",\"contentUrl\":\"https:\\\/\\\/res-q-jack.com\\\/wp-content\\\/uploads\\\/2020\\\/06\\\/Training-Documents.jpg\",\"width\":450,\"height\":300,\"caption\":\"Res-Q-Jack Training Documents\"},{\"@type\":\"BreadcrumbList\",\"@id\":\"https:\\\/\\\/res-q-jack.com\\\/training\\\/training-documents\\\/#breadcrumb\",\"itemListElement\":[{\"@type\":\"ListItem\",\"position\":1,\"name\":\"Home\",\"item\":\"https:\\\/\\\/res-q-jack.com\\\/\"},{\"@type\":\"ListItem\",\"position\":2,\"name\":\"Training\",\"item\":\"https:\\\/\\\/res-q-jack.com\\\/training\\\/\"},{\"@type\":\"ListItem\",\"position\":3,\"name\":\"Training Documents\"}]},{\"@type\":\"WebSite\",\"@id\":\"https:\\\/\\\/res-q-jack.com\\\/#website\",\"url\":\"https:\\\/\\\/res-q-jack.com\\\/\",\"name\":\"Res-Q-Jack, Inc.\",\"description\":\"Vehicle Stabilization Struts\",\"publisher\":{\"@id\":\"https:\\\/\\\/res-q-jack.com\\\/#organization\"},\"potentialAction\":[{\"@type\":\"SearchAction\",\"target\":{\"@type\":\"EntryPoint\",\"urlTemplate\":\"https:\\\/\\\/res-q-jack.com\\\/?s={search_term_string}\"},\"query-input\":{\"@type\":\"PropertyValueSpecification\",\"valueRequired\":true,\"valueName\":\"search_term_string\"}}],\"inLanguage\":\"fr-FR\"},{\"@type\":\"Organization\",\"@id\":\"https:\\\/\\\/res-q-jack.com\\\/#organization\",\"name\":\"Res-Q-Jack, Inc.\",\"url\":\"https:\\\/\\\/res-q-jack.com\\\/\",\"logo\":{\"@type\":\"ImageObject\",\"inLanguage\":\"fr-FR\",\"@id\":\"https:\\\/\\\/res-q-jack.com\\\/#\\\/schema\\\/logo\\\/image\\\/\",\"url\":\"https:\\\/\\\/res-q-jack.com\\\/wp-content\\\/uploads\\\/2020\\\/03\\\/Res-Q-Jack-SEO-Logo.png\",\"contentUrl\":\"https:\\\/\\\/res-q-jack.com\\\/wp-content\\\/uploads\\\/2020\\\/03\\\/Res-Q-Jack-SEO-Logo.png\",\"width\":612,\"height\":138,\"caption\":\"Res-Q-Jack, Inc.\"},\"image\":{\"@id\":\"https:\\\/\\\/res-q-jack.com\\\/#\\\/schema\\\/logo\\\/image\\\/\"}}]}<\/script>\n<!-- \/ Yoast SEO plugin. -->","yoast_head_json":{"title":"Documents de formation | Res-Q-Jack, Inc.","description":"Des articles pratiques et des livres blancs pour apprendre \u00e0 nos utilisateurs \u00e0 devenir plus efficaces et plus s\u00fbrs en mati\u00e8re de d\u00e9sincarc\u00e9ration.","robots":{"index":"index","follow":"follow","max-snippet":"max-snippet:-1","max-image-preview":"max-image-preview:large","max-video-preview":"max-video-preview:-1"},"canonical":"https:\/\/res-q-jack.com\/fr\/formation\/documents-de-formation\/","og_locale":"fr_FR","og_type":"article","og_title":"Training Documents | Res-Q-Jack, Inc.","og_description":"How-to articles and white papers to educate our users to become more effective, and safer at extrication.","og_url":"https:\/\/res-q-jack.com\/fr\/formation\/documents-de-formation\/","og_site_name":"Res-Q-Jack, Inc.","article_modified_time":"2024-01-08T16:05:20+00:00","og_image":[{"width":450,"height":300,"url":"https:\/\/res-q-jack.com\/wp-content\/uploads\/2020\/06\/Training-Documents.jpg","type":"image\/jpeg"}],"twitter_card":"summary_large_image","schema":{"@context":"https:\/\/schema.org","@graph":[{"@type":"WebPage","@id":"https:\/\/res-q-jack.com\/training\/training-documents\/","url":"https:\/\/res-q-jack.com\/training\/training-documents\/","name":"Documents de formation | Res-Q-Jack, Inc.","isPartOf":{"@id":"https:\/\/res-q-jack.com\/#website"},"primaryImageOfPage":{"@id":"https:\/\/res-q-jack.com\/training\/training-documents\/#primaryimage"},"image":{"@id":"https:\/\/res-q-jack.com\/training\/training-documents\/#primaryimage"},"thumbnailUrl":"https:\/\/res-q-jack.com\/wp-content\/uploads\/2020\/06\/Training-Documents.jpg","datePublished":"2019-12-13T17:40:16+00:00","dateModified":"2024-01-08T16:05:20+00:00","description":"Des articles pratiques et des livres blancs pour apprendre \u00e0 nos utilisateurs \u00e0 devenir plus efficaces et plus s\u00fbrs en mati\u00e8re de d\u00e9sincarc\u00e9ration.","breadcrumb":{"@id":"https:\/\/res-q-jack.com\/training\/training-documents\/#breadcrumb"},"inLanguage":"fr-FR","potentialAction":[{"@type":"ReadAction","target":["https:\/\/res-q-jack.com\/training\/training-documents\/"]}]},{"@type":"ImageObject","inLanguage":"fr-FR","@id":"https:\/\/res-q-jack.com\/training\/training-documents\/#primaryimage","url":"https:\/\/res-q-jack.com\/wp-content\/uploads\/2020\/06\/Training-Documents.jpg","contentUrl":"https:\/\/res-q-jack.com\/wp-content\/uploads\/2020\/06\/Training-Documents.jpg","width":450,"height":300,"caption":"Res-Q-Jack Training Documents"},{"@type":"BreadcrumbList","@id":"https:\/\/res-q-jack.com\/training\/training-documents\/#breadcrumb","itemListElement":[{"@type":"ListItem","position":1,"name":"Home","item":"https:\/\/res-q-jack.com\/"},{"@type":"ListItem","position":2,"name":"Training","item":"https:\/\/res-q-jack.com\/training\/"},{"@type":"ListItem","position":3,"name":"Training Documents"}]},{"@type":"WebSite","@id":"https:\/\/res-q-jack.com\/#website","url":"https:\/\/res-q-jack.com\/","name":"Res-Q-Jack, Inc.","description":"Stabilisateurs de v\u00e9hicules","publisher":{"@id":"https:\/\/res-q-jack.com\/#organization"},"potentialAction":[{"@type":"SearchAction","target":{"@type":"EntryPoint","urlTemplate":"https:\/\/res-q-jack.com\/?s={search_term_string}"},"query-input":{"@type":"PropertyValueSpecification","valueRequired":true,"valueName":"search_term_string"}}],"inLanguage":"fr-FR"},{"@type":"Organization","@id":"https:\/\/res-q-jack.com\/#organization","name":"Res-Q-Jack, Inc.","url":"https:\/\/res-q-jack.com\/","logo":{"@type":"ImageObject","inLanguage":"fr-FR","@id":"https:\/\/res-q-jack.com\/#\/schema\/logo\/image\/","url":"https:\/\/res-q-jack.com\/wp-content\/uploads\/2020\/03\/Res-Q-Jack-SEO-Logo.png","contentUrl":"https:\/\/res-q-jack.com\/wp-content\/uploads\/2020\/03\/Res-Q-Jack-SEO-Logo.png","width":612,"height":138,"caption":"Res-Q-Jack, Inc."},"image":{"@id":"https:\/\/res-q-jack.com\/#\/schema\/logo\/image\/"}}]}},"_links":{"self":[{"href":"https:\/\/res-q-jack.com\/fr\/wp-json\/wp\/v2\/pages\/46","targetHints":{"allow":["GET"]}}],"collection":[{"href":"https:\/\/res-q-jack.com\/fr\/wp-json\/wp\/v2\/pages"}],"about":[{"href":"https:\/\/res-q-jack.com\/fr\/wp-json\/wp\/v2\/types\/page"}],"author":[{"embeddable":true,"href":"https:\/\/res-q-jack.com\/fr\/wp-json\/wp\/v2\/users\/2"}],"replies":[{"embeddable":true,"href":"https:\/\/res-q-jack.com\/fr\/wp-json\/wp\/v2\/comments?post=46"}],"version-history":[{"count":0,"href":"https:\/\/res-q-jack.com\/fr\/wp-json\/wp\/v2\/pages\/46\/revisions"}],"up":[{"embeddable":true,"href":"https:\/\/res-q-jack.com\/fr\/wp-json\/wp\/v2\/pages\/1501"}],"wp:featuredmedia":[{"embeddable":true,"href":"https:\/\/res-q-jack.com\/fr\/wp-json\/wp\/v2\/media\/1504"}],"wp:attachment":[{"href":"https:\/\/res-q-jack.com\/fr\/wp-json\/wp\/v2\/media?parent=46"}],"curies":[{"name":"wp","href":"https:\/\/api.w.org\/{rel}","templated":true}]}}