{"id":42,"date":"2019-12-13T12:39:51","date_gmt":"2019-12-13T17:39:51","guid":{"rendered":"https:\/\/resqjack.wpengine.com\/?page_id=42"},"modified":"2020-11-19T15:55:22","modified_gmt":"2020-11-19T20:55:22","slug":"jambes-de-force","status":"publish","type":"page","link":"https:\/\/res-q-jack.com\/fr\/struts\/","title":{"rendered":"Les jambes de force de sauvetage"},"content":{"rendered":"<h1>Stabilisation, \u00e9tayage<br \/>et jambes de force de levage<\/h1>\t\t\t\n\t\t\t\t<p>Les jambes de force Res-Q-Jack sont n\u00e9es d'ann\u00e9es d'exp\u00e9rience de premi\u00e8re main dans les services d'incendie et de secours.  Nous continuons \u00e0 affiner et \u00e0 am\u00e9liorer nos jambes de force de sauvetage en fonction des retours d'exp\u00e9rience du terrain.  Nous concevons, fabriquons et testons tous nos \u00e9tan\u00e7ons aux \u00c9tats-Unis \u00e0 partir de mat\u00e9riaux de qualit\u00e9 pour vous offrir des outils de sauvetage conviviaux, s\u00fbrs et efficaces.<\/p>\n\t\t\t\t<img decoding=\"async\" data-src=\"https:\/\/res-q-jack.com\/wp-content\/uploads\/2020\/06\/Super-X-Strut-Our-Stongest-Heavy-Duty-Lifting-Strut.jpg\" alt=\"Super X-Strut Notre jambe de force la plus robuste pour le levage de charges lourdes\" title=\"Super X-Strut Notre jambe de force la plus robuste pour le levage de charges lourdes\" itemprop=\"image\" src=\"data:image\/svg+xml;base64,PHN2ZyB3aWR0aD0iMSIgaGVpZ2h0PSIxIiB4bWxucz0iaHR0cDovL3d3dy53My5vcmcvMjAwMC9zdmciPjwvc3ZnPg==\" class=\"lazyload\" \/>\n\t\t\t<h5><img decoding=\"async\" data-src=\"https:\/\/res-q-jack.com\/wp-content\/uploads\/2020\/05\/Pin-Free-Stabilization-Struts-95x18-1.png\" src=\"data:image\/svg+xml;base64,PHN2ZyB3aWR0aD0iMSIgaGVpZ2h0PSIxIiB4bWxucz0iaHR0cDovL3d3dy53My5vcmcvMjAwMC9zdmciPjwvc3ZnPg==\" class=\"lazyload\" style=\"--smush-placeholder-width: 95px; --smush-placeholder-aspect-ratio: 95\/18;\" \/><\/h5><h3>Super X-Strut<sup><\/sup> S\u00e9rie<\/h3>\t\t\t\n\t\t\t\t<p>Le Super X est notre gamme d'\u00e9tais la plus r\u00e9sistante, con\u00e7ue pour le sauvetage de v\u00e9hicules lourds, l'\u00e9tayage structurel et le sauvetage technique.\u00a0<\/p>\n\n\t\t\t<a href=\"https:\/\/res-q-jack.com\/fr\/jambes-de-force\/jambes-de-stabilisation-du-vehicule\/jambes-de-stabilisation-pour-vehicules-lourds\/super-x-strut\/\" target=\"_self\" role=\"button\" rel=\"noopener noreferrer\">\n\t\t\t\t\t\t\t\t\t\t\tVoir les d\u00e9tails\n\t\t<\/a>\n\t\t\t\t<img decoding=\"async\" data-src=\"https:\/\/res-q-jack.com\/wp-content\/uploads\/2020\/04\/Apex-X-Struct-Series-Heavy-Duty-Pin-Free-Vehicle-Stabilization-Strut-100x300.jpg\" alt=\"Apex X-Struct Series Heavy-Duty Pin-Free Vehicle Stabilization Strut (jambe de force de stabilisation de v\u00e9hicule sans broche)\" title=\"Apex X-Struct Series Heavy-Duty Pin-Free Vehicle Stabilization Strut (jambe de force de stabilisation de v\u00e9hicule sans broche)\" itemprop=\"image\" src=\"data:image\/svg+xml;base64,PHN2ZyB3aWR0aD0iMSIgaGVpZ2h0PSIxIiB4bWxucz0iaHR0cDovL3d3dy53My5vcmcvMjAwMC9zdmciPjwvc3ZnPg==\" class=\"lazyload\" style=\"--smush-placeholder-width: 100px; --smush-placeholder-aspect-ratio: 100\/300;\" \/>\n\t\t\t<h5><img decoding=\"async\" data-src=\"https:\/\/res-q-jack.com\/wp-content\/uploads\/2020\/05\/Pin-Free-Stabilization-Struts-95x18-1.png\" src=\"data:image\/svg+xml;base64,PHN2ZyB3aWR0aD0iMSIgaGVpZ2h0PSIxIiB4bWxucz0iaHR0cDovL3d3dy53My5vcmcvMjAwMC9zdmciPjwvc3ZnPg==\" class=\"lazyload\" style=\"--smush-placeholder-width: 95px; --smush-placeholder-aspect-ratio: 95\/18;\" \/><\/h5><h3>Apex X-Strut<sup><\/sup> S\u00e9rie<\/h3>\t\t\t\n\t\t\t\t<p>L'Apex est notre toute derni\u00e8re gamme de jambes de force sans axe, con\u00e7ue pour la plupart des sc\u00e9narios de sauvetage de v\u00e9hicules.\u00a0\u00a0<\/p>\n\n\t\t\t<a href=\"https:\/\/res-q-jack.com\/fr\/jambes-de-force\/jambes-de-stabilisation-du-vehicule\/jambes-de-stabilisation-pour-vehicules-lourds\/apex-x-strut\/\" target=\"_self\" role=\"button\" rel=\"noopener noreferrer\">\n\t\t\t\t\t\t\t\t\t\t\tVoir les d\u00e9tails\n\t\t<\/a>\n\t\t\t\t<img decoding=\"async\" data-src=\"https:\/\/res-q-jack.com\/wp-content\/uploads\/2019\/12\/Aluminum-X-Strut-Series-Heavy-Duty-Pinned-Vehicle-Stabilization-Strut-100x300.png\" alt=\"Stabilisateur de v\u00e9hicule \u00e0 goupille en aluminium de la s\u00e9rie X-Strut pour usage intensif\" title=\"Stabilisateur de v\u00e9hicule \u00e0 goupille en aluminium de la s\u00e9rie X-Strut pour usage intensif\" itemprop=\"image\" src=\"data:image\/svg+xml;base64,PHN2ZyB3aWR0aD0iMSIgaGVpZ2h0PSIxIiB4bWxucz0iaHR0cDovL3d3dy53My5vcmcvMjAwMC9zdmciPjwvc3ZnPg==\" class=\"lazyload\" style=\"--smush-placeholder-width: 100px; --smush-placeholder-aspect-ratio: 100\/300;\" \/>\n\t\t\t<h3>Support en aluminium en forme de X<sup><\/sup> S\u00e9rie<\/h3>\t\t\t\n\t\t\t\t<p>La jambe de force X-Strut en aluminium est notre gamme de jambes de force \u00e0 goupille la plus robuste, con\u00e7ue pour le sauvetage de v\u00e9hicules lourds ainsi que pour d'autres applications diverses.<\/p>\n\n\t\t\t<a href=\"https:\/\/res-q-jack.com\/fr\/jambes-de-force\/jambes-de-stabilisation-du-vehicule\/jambes-de-stabilisation-pour-vehicules-lourds\/aluminium-x-strut\/\" target=\"_self\" role=\"button\" rel=\"noopener noreferrer\">\n\t\t\t\t\t\t\t\t\t\t\tVoir les d\u00e9tails\n\t\t<\/a>\n\t\t\t\t<img decoding=\"async\" data-src=\"https:\/\/res-q-jack.com\/wp-content\/uploads\/2019\/12\/Steel-X-Strut-Series-Standard-Duty-Vehicle-Stabilization-Strut.jpg\" alt=\"Stabilisateur de v\u00e9hicule \u00e0 usage standard de la s\u00e9rie X-Strut en acier\" title=\"Stabilisateur de v\u00e9hicule \u00e0 usage standard de la s\u00e9rie X-Strut en acier\" itemprop=\"image\" src=\"data:image\/svg+xml;base64,PHN2ZyB3aWR0aD0iMSIgaGVpZ2h0PSIxIiB4bWxucz0iaHR0cDovL3d3dy53My5vcmcvMjAwMC9zdmciPjwvc3ZnPg==\" class=\"lazyload\" style=\"--smush-placeholder-width: 220px; --smush-placeholder-aspect-ratio: 220\/660;\" \/>\n\t\t\t<h3>Acier X-Strut<sup><\/sup> S\u00e9rie Struts<\/h3>\t\t\t\n\t\t\t\t<p>La s\u00e9rie Steel X-Strut est notre ligne originale de X-Strut con\u00e7ue pour le sauvetage de v\u00e9hicules typiques.<\/p>\n\n\t\t\t<a href=\"https:\/\/res-q-jack.com\/fr\/jambes-de-force\/jambes-de-stabilisation-du-vehicule\/jambes-de-stabilisation-de-vehicule-a-usage-standard\/acier-x-strut\/\" target=\"_self\" role=\"button\" rel=\"noopener noreferrer\">\n\t\t\t\t\t\t\t\t\t\t\tVoir les d\u00e9tails\n\t\t<\/a>\n\t\t\t\t<img decoding=\"async\" data-src=\"https:\/\/res-q-jack.com\/wp-content\/uploads\/2019\/12\/Auto-X-Strut-Series-Light-Duty-Vehicle-Stabilization-Strut-100x300.jpg\" alt=\"Stabilisateur de v\u00e9hicule l\u00e9ger Auto X-Strut Series\" title=\"Stabilisateur de v\u00e9hicule l\u00e9ger Auto X-Strut Series\" itemprop=\"image\" src=\"data:image\/svg+xml;base64,PHN2ZyB3aWR0aD0iMSIgaGVpZ2h0PSIxIiB4bWxucz0iaHR0cDovL3d3dy53My5vcmcvMjAwMC9zdmciPjwvc3ZnPg==\" class=\"lazyload\" style=\"--smush-placeholder-width: 100px; --smush-placeholder-aspect-ratio: 100\/300;\" \/>\n\t\t\t<h5><img decoding=\"async\" data-src=\"https:\/\/res-q-jack.com\/wp-content\/uploads\/2020\/05\/Pin-Free-Stabilization-Struts-95x18-1.png\" src=\"data:image\/svg+xml;base64,PHN2ZyB3aWR0aD0iMSIgaGVpZ2h0PSIxIiB4bWxucz0iaHR0cDovL3d3dy53My5vcmcvMjAwMC9zdmciPjwvc3ZnPg==\" class=\"lazyload\" style=\"--smush-placeholder-width: 95px; --smush-placeholder-aspect-ratio: 95\/18;\" \/><\/h5><h3>Auto X-Strut<sup><\/sup> S\u00e9rie<\/h3>\t\t\t\n\t\t\t\t<p>L'Auto X est notre jambe de force l\u00e9g\u00e8re sans axe pour une stabilisation et un levage rapides comme l'\u00e9clair des petits v\u00e9hicules typiques.<\/p>\n\n\t\t\t<a href=\"https:\/\/res-q-jack.com\/fr\/jambes-de-force\/jambes-de-stabilisation-du-vehicule\/jambes-de-stabilisation-pour-vehicules-legers\/auto-x-strut\/\" target=\"_self\" role=\"button\" rel=\"noopener noreferrer\">\n\t\t\t\t\t\t\t\t\t\t\tVoir les d\u00e9tails\n\t\t<\/a>\n\t\t\t\t<img decoding=\"async\" data-src=\"https:\/\/res-q-jack.com\/wp-content\/uploads\/2019\/12\/GreenLite-X-Strut-Series-Light-Duty-Vehicle-Stabilization-Strut-100x300.jpg\" alt=\"Stabilisateur de v\u00e9hicule l\u00e9ger GreenLite X-Strut Series\" title=\"Stabilisateur de v\u00e9hicule l\u00e9ger GreenLite X-Strut Series\" itemprop=\"image\" src=\"data:image\/svg+xml;base64,PHN2ZyB3aWR0aD0iMSIgaGVpZ2h0PSIxIiB4bWxucz0iaHR0cDovL3d3dy53My5vcmcvMjAwMC9zdmciPjwvc3ZnPg==\" class=\"lazyload\" style=\"--smush-placeholder-width: 100px; --smush-placeholder-aspect-ratio: 100\/300;\" \/>\n\t\t\t<h3>GreenLite\u2122 X-Strut<sup><\/sup> S\u00e9rie<\/h3>\t\t\t\n\t\t\t\t<p>La s\u00e9rie GreenLite est notre gamme de X-Strut la plus abordable, con\u00e7ue pour une stabilisation rapide avec la possibilit\u00e9 de soulever lorsque cela est n\u00e9cessaire.<\/p>\n\n\t\t\t<a href=\"https:\/\/res-q-jack.com\/fr\/jambes-de-force\/jambes-de-stabilisation-du-vehicule\/jambes-de-stabilisation-pour-vehicules-legers\/greenlite-x-strut\/\" target=\"_self\" role=\"button\" rel=\"noopener noreferrer\">\n\t\t\t\t\t\t\t\t\t\t\tVoir les d\u00e9tails\n\t\t<\/a>\n\t\t\t\t<img decoding=\"async\" data-src=\"https:\/\/res-q-jack.com\/wp-content\/uploads\/2019\/12\/RJ3-Series-Standard-Duty-Vehicle-Stabilization-Strut-100x300.jpg\" alt=\"S\u00e9rie RJ3 Stabilisateur de v\u00e9hicule de service normal\" title=\"S\u00e9rie RJ3 Stabilisateur de v\u00e9hicule de service normal\" itemprop=\"image\" src=\"data:image\/svg+xml;base64,PHN2ZyB3aWR0aD0iMSIgaGVpZ2h0PSIxIiB4bWxucz0iaHR0cDovL3d3dy53My5vcmcvMjAwMC9zdmciPjwvc3ZnPg==\" class=\"lazyload\" style=\"--smush-placeholder-width: 100px; --smush-placeholder-aspect-ratio: 100\/300;\" \/>\n\t\t\t<h3>Entretoises de la s\u00e9rie RJ3<\/h3>\t\t\t\n\t\t\t\t<p>La s\u00e9rie RJ3 est une gamme originale d'\u00e9tais de stabilisation en acier con\u00e7us pour le sauvetage de v\u00e9hicules typiques.<\/p>\n\n\t\t\t<a href=\"https:\/\/res-q-jack.com\/fr\/jambes-de-force\/jambes-de-stabilisation-du-vehicule\/jambes-de-stabilisation-de-vehicule-a-usage-standard\/rj3-jkst-jackstand\/\" target=\"_self\" role=\"button\" rel=\"noopener noreferrer\">\n\t\t\t\t\t\t\t\t\t\t\tVoir les d\u00e9tails\n\t\t<\/a>\n\t\t\t\t<img decoding=\"async\" data-src=\"https:\/\/res-q-jack.com\/wp-content\/uploads\/2020\/03\/Super-X-Trench-Shoring-Struts.jpg\" alt=\"\u00c9tais de blindage de tranch\u00e9e Super X\" title=\"\u00c9tais de blindage de tranch\u00e9e Super X\" itemprop=\"image\" src=\"data:image\/svg+xml;base64,PHN2ZyB3aWR0aD0iMSIgaGVpZ2h0PSIxIiB4bWxucz0iaHR0cDovL3d3dy53My5vcmcvMjAwMC9zdmciPjwvc3ZnPg==\" class=\"lazyload\" style=\"--smush-placeholder-width: 340px; --smush-placeholder-aspect-ratio: 340\/660;\" \/>\n\t\t\t<h5><img decoding=\"async\" data-src=\"https:\/\/res-q-jack.com\/wp-content\/uploads\/2020\/05\/Pin-Free-Stabilization-Struts-95x18-1.png\" src=\"data:image\/svg+xml;base64,PHN2ZyB3aWR0aD0iMSIgaGVpZ2h0PSIxIiB4bWxucz0iaHR0cDovL3d3dy53My5vcmcvMjAwMC9zdmciPjwvc3ZnPg==\" class=\"lazyload\" style=\"--smush-placeholder-width: 95px; --smush-placeholder-aspect-ratio: 95\/18;\" \/><\/h5><h3>Syst\u00e8me d'\u00e9tayage des tranch\u00e9es SPX<\/h3>\t\t\t\n\t\t\t\t<p>Bas\u00e9 sur l'architecture Super X-Strut, ce syst\u00e8me offre une solution efficace pour les applications de blindage de tranch\u00e9es.<\/p>\n\n\t\t\t<a href=\"https:\/\/res-q-jack.com\/fr\/jambes-de-force\/trench-shoring-struts\/\" target=\"_self\" role=\"button\" rel=\"noopener noreferrer\">\n\t\t\t\t\t\t\t\t\t\t\tVoir les d\u00e9tails\n\t\t<\/a>","protected":false},"excerpt":{"rendered":"<p>\u00c9tais de stabilisation, d'\u00e9tayage et de levage Les \u00e9tais Res-Q-Jack sont n\u00e9s d'ann\u00e9es d'exp\u00e9rience directe dans le domaine des incendies et du sauvetage.  Nous continuons \u00e0 affiner et \u00e0 am\u00e9liorer nos \u00e9tais de sauvetage en nous basant sur les commentaires du terrain.  Nous concevons, fabriquons et testons tous nos \u00e9tan\u00e7ons aux \u00c9tats-Unis \u00e0 partir de mat\u00e9riaux de qualit\u00e9 pour vous offrir un sauvetage convivial, s\u00fbr et efficace...<\/p>","protected":false},"author":2,"featured_media":745,"parent":0,"menu_order":0,"comment_status":"closed","ping_status":"closed","template":"","meta":{"footnotes":""},"class_list":["post-42","page","type-page","status-publish","has-post-thumbnail","hentry"],"yoast_head":"<!-- This site is optimized with the Yoast SEO plugin v27.2 - https:\/\/yoast.com\/product\/yoast-seo-wordpress\/ -->\n<title>Rescue Struts | Res-Q-Jack, Inc.<\/title>\n<meta name=\"description\" content=\"Res-Q-Jack rescue struts include pinned and pin-free options for Fire and Rescue squads. Our rescue struts are designed, built and tested in the USA.\" \/>\n<meta name=\"robots\" content=\"index, follow, max-snippet:-1, max-image-preview:large, max-video-preview:-1\" \/>\n<link rel=\"canonical\" href=\"https:\/\/res-q-jack.com\/fr\/jambes-de-force\/\" \/>\n<meta property=\"og:locale\" content=\"fr_FR\" \/>\n<meta property=\"og:type\" content=\"article\" \/>\n<meta property=\"og:title\" content=\"Rescue Struts | Res-Q-Jack, Inc.\" \/>\n<meta property=\"og:description\" content=\"Res-Q-Jack rescue struts include pinned and pin-free options for Fire and Rescue squads. Our rescue struts are designed, built and tested in the USA.\" \/>\n<meta property=\"og:url\" content=\"https:\/\/res-q-jack.com\/fr\/jambes-de-force\/\" \/>\n<meta property=\"og:site_name\" content=\"Res-Q-Jack, Inc.\" \/>\n<meta property=\"article:modified_time\" content=\"2020-11-19T20:55:22+00:00\" \/>\n<meta property=\"og:image\" content=\"https:\/\/res-q-jack.com\/wp-content\/uploads\/2020\/02\/APEX-X-Strut-Heavy-Duty-Vehicle-Lifting-Strut-1.jpg\" \/>\n\t<meta property=\"og:image:width\" content=\"900\" \/>\n\t<meta property=\"og:image:height\" content=\"600\" \/>\n\t<meta property=\"og:image:type\" content=\"image\/jpeg\" \/>\n<meta name=\"twitter:card\" content=\"summary_large_image\" \/>\n<meta name=\"twitter:label1\" content=\"Dur\u00e9e de lecture estim\u00e9e\" \/>\n\t<meta name=\"twitter:data1\" content=\"1 minute\" \/>\n<script type=\"application\/ld+json\" class=\"yoast-schema-graph\">{\"@context\":\"https:\/\/schema.org\",\"@graph\":[{\"@type\":\"WebPage\",\"@id\":\"https:\/\/res-q-jack.com\/struts\/\",\"url\":\"https:\/\/res-q-jack.com\/struts\/\",\"name\":\"Rescue Struts | Res-Q-Jack, Inc.\",\"isPartOf\":{\"@id\":\"https:\/\/res-q-jack.com\/#website\"},\"primaryImageOfPage\":{\"@id\":\"https:\/\/res-q-jack.com\/struts\/#primaryimage\"},\"image\":{\"@id\":\"https:\/\/res-q-jack.com\/struts\/#primaryimage\"},\"thumbnailUrl\":\"https:\/\/res-q-jack.com\/wp-content\/uploads\/2020\/02\/APEX-X-Strut-Heavy-Duty-Vehicle-Lifting-Strut-1.jpg\",\"datePublished\":\"2019-12-13T17:39:51+00:00\",\"dateModified\":\"2020-11-19T20:55:22+00:00\",\"description\":\"Res-Q-Jack rescue struts include pinned and pin-free options for Fire and Rescue squads. Our rescue struts are designed, built and tested in the USA.\",\"breadcrumb\":{\"@id\":\"https:\/\/res-q-jack.com\/struts\/#breadcrumb\"},\"inLanguage\":\"fr-FR\",\"potentialAction\":[{\"@type\":\"ReadAction\",\"target\":[\"https:\/\/res-q-jack.com\/struts\/\"]}]},{\"@type\":\"ImageObject\",\"inLanguage\":\"fr-FR\",\"@id\":\"https:\/\/res-q-jack.com\/struts\/#primaryimage\",\"url\":\"https:\/\/res-q-jack.com\/wp-content\/uploads\/2020\/02\/APEX-X-Strut-Heavy-Duty-Vehicle-Lifting-Strut-1.jpg\",\"contentUrl\":\"https:\/\/res-q-jack.com\/wp-content\/uploads\/2020\/02\/APEX-X-Strut-Heavy-Duty-Vehicle-Lifting-Strut-1.jpg\",\"width\":900,\"height\":600,\"caption\":\"APEX X-Strut Heavy-Duty Vehicle Lifting Strut 1\"},{\"@type\":\"BreadcrumbList\",\"@id\":\"https:\/\/res-q-jack.com\/struts\/#breadcrumb\",\"itemListElement\":[{\"@type\":\"ListItem\",\"position\":1,\"name\":\"Home\",\"item\":\"https:\/\/res-q-jack.com\/\"},{\"@type\":\"ListItem\",\"position\":2,\"name\":\"Rescue Struts\"}]},{\"@type\":\"WebSite\",\"@id\":\"https:\/\/res-q-jack.com\/#website\",\"url\":\"https:\/\/res-q-jack.com\/\",\"name\":\"Res-Q-Jack, Inc.\",\"description\":\"Vehicle Stabilization Struts\",\"publisher\":{\"@id\":\"https:\/\/res-q-jack.com\/#organization\"},\"potentialAction\":[{\"@type\":\"SearchAction\",\"target\":{\"@type\":\"EntryPoint\",\"urlTemplate\":\"https:\/\/res-q-jack.com\/?s={search_term_string}\"},\"query-input\":{\"@type\":\"PropertyValueSpecification\",\"valueRequired\":true,\"valueName\":\"search_term_string\"}}],\"inLanguage\":\"fr-FR\"},{\"@type\":\"Organization\",\"@id\":\"https:\/\/res-q-jack.com\/#organization\",\"name\":\"Res-Q-Jack, Inc.\",\"url\":\"https:\/\/res-q-jack.com\/\",\"logo\":{\"@type\":\"ImageObject\",\"inLanguage\":\"fr-FR\",\"@id\":\"https:\/\/res-q-jack.com\/#\/schema\/logo\/image\/\",\"url\":\"https:\/\/res-q-jack.com\/wp-content\/uploads\/2020\/03\/Res-Q-Jack-SEO-Logo.png\",\"contentUrl\":\"https:\/\/res-q-jack.com\/wp-content\/uploads\/2020\/03\/Res-Q-Jack-SEO-Logo.png\",\"width\":612,\"height\":138,\"caption\":\"Res-Q-Jack, Inc.\"},\"image\":{\"@id\":\"https:\/\/res-q-jack.com\/#\/schema\/logo\/image\/\"}}]}<\/script>\n<!-- \/ Yoast SEO plugin. -->","yoast_head_json":{"title":"Rescue Struts | Res-Q-Jack, Inc.","description":"Les jambes de force de sauvetage Res-Q-Jack comprennent des options avec et sans goupille pour les \u00e9quipes de pompiers et de secours. Nos jambes de force de sauvetage sont con\u00e7ues, construites et test\u00e9es aux Etats-Unis.","robots":{"index":"index","follow":"follow","max-snippet":"max-snippet:-1","max-image-preview":"max-image-preview:large","max-video-preview":"max-video-preview:-1"},"canonical":"https:\/\/res-q-jack.com\/fr\/jambes-de-force\/","og_locale":"fr_FR","og_type":"article","og_title":"Rescue Struts | Res-Q-Jack, Inc.","og_description":"Res-Q-Jack rescue struts include pinned and pin-free options for Fire and Rescue squads. Our rescue struts are designed, built and tested in the USA.","og_url":"https:\/\/res-q-jack.com\/fr\/jambes-de-force\/","og_site_name":"Res-Q-Jack, Inc.","article_modified_time":"2020-11-19T20:55:22+00:00","og_image":[{"width":900,"height":600,"url":"https:\/\/res-q-jack.com\/wp-content\/uploads\/2020\/02\/APEX-X-Strut-Heavy-Duty-Vehicle-Lifting-Strut-1.jpg","type":"image\/jpeg"}],"twitter_card":"summary_large_image","twitter_misc":{"Dur\u00e9e de lecture estim\u00e9e":"1 minute"},"schema":{"@context":"https:\/\/schema.org","@graph":[{"@type":"WebPage","@id":"https:\/\/res-q-jack.com\/struts\/","url":"https:\/\/res-q-jack.com\/struts\/","name":"Rescue Struts | Res-Q-Jack, Inc.","isPartOf":{"@id":"https:\/\/res-q-jack.com\/#website"},"primaryImageOfPage":{"@id":"https:\/\/res-q-jack.com\/struts\/#primaryimage"},"image":{"@id":"https:\/\/res-q-jack.com\/struts\/#primaryimage"},"thumbnailUrl":"https:\/\/res-q-jack.com\/wp-content\/uploads\/2020\/02\/APEX-X-Strut-Heavy-Duty-Vehicle-Lifting-Strut-1.jpg","datePublished":"2019-12-13T17:39:51+00:00","dateModified":"2020-11-19T20:55:22+00:00","description":"Les jambes de force de sauvetage Res-Q-Jack comprennent des options avec et sans goupille pour les \u00e9quipes de pompiers et de secours. Nos jambes de force de sauvetage sont con\u00e7ues, construites et test\u00e9es aux Etats-Unis.","breadcrumb":{"@id":"https:\/\/res-q-jack.com\/struts\/#breadcrumb"},"inLanguage":"fr-FR","potentialAction":[{"@type":"ReadAction","target":["https:\/\/res-q-jack.com\/struts\/"]}]},{"@type":"ImageObject","inLanguage":"fr-FR","@id":"https:\/\/res-q-jack.com\/struts\/#primaryimage","url":"https:\/\/res-q-jack.com\/wp-content\/uploads\/2020\/02\/APEX-X-Strut-Heavy-Duty-Vehicle-Lifting-Strut-1.jpg","contentUrl":"https:\/\/res-q-jack.com\/wp-content\/uploads\/2020\/02\/APEX-X-Strut-Heavy-Duty-Vehicle-Lifting-Strut-1.jpg","width":900,"height":600,"caption":"APEX X-Strut Heavy-Duty Vehicle Lifting Strut 1"},{"@type":"BreadcrumbList","@id":"https:\/\/res-q-jack.com\/struts\/#breadcrumb","itemListElement":[{"@type":"ListItem","position":1,"name":"Home","item":"https:\/\/res-q-jack.com\/"},{"@type":"ListItem","position":2,"name":"Rescue Struts"}]},{"@type":"WebSite","@id":"https:\/\/res-q-jack.com\/#website","url":"https:\/\/res-q-jack.com\/","name":"Res-Q-Jack, Inc.","description":"Stabilisateurs de v\u00e9hicules","publisher":{"@id":"https:\/\/res-q-jack.com\/#organization"},"potentialAction":[{"@type":"SearchAction","target":{"@type":"EntryPoint","urlTemplate":"https:\/\/res-q-jack.com\/?s={search_term_string}"},"query-input":{"@type":"PropertyValueSpecification","valueRequired":true,"valueName":"search_term_string"}}],"inLanguage":"fr-FR"},{"@type":"Organization","@id":"https:\/\/res-q-jack.com\/#organization","name":"Res-Q-Jack, Inc.","url":"https:\/\/res-q-jack.com\/","logo":{"@type":"ImageObject","inLanguage":"fr-FR","@id":"https:\/\/res-q-jack.com\/#\/schema\/logo\/image\/","url":"https:\/\/res-q-jack.com\/wp-content\/uploads\/2020\/03\/Res-Q-Jack-SEO-Logo.png","contentUrl":"https:\/\/res-q-jack.com\/wp-content\/uploads\/2020\/03\/Res-Q-Jack-SEO-Logo.png","width":612,"height":138,"caption":"Res-Q-Jack, Inc."},"image":{"@id":"https:\/\/res-q-jack.com\/#\/schema\/logo\/image\/"}}]}},"_links":{"self":[{"href":"https:\/\/res-q-jack.com\/fr\/wp-json\/wp\/v2\/pages\/42","targetHints":{"allow":["GET"]}}],"collection":[{"href":"https:\/\/res-q-jack.com\/fr\/wp-json\/wp\/v2\/pages"}],"about":[{"href":"https:\/\/res-q-jack.com\/fr\/wp-json\/wp\/v2\/types\/page"}],"author":[{"embeddable":true,"href":"https:\/\/res-q-jack.com\/fr\/wp-json\/wp\/v2\/users\/2"}],"replies":[{"embeddable":true,"href":"https:\/\/res-q-jack.com\/fr\/wp-json\/wp\/v2\/comments?post=42"}],"version-history":[{"count":0,"href":"https:\/\/res-q-jack.com\/fr\/wp-json\/wp\/v2\/pages\/42\/revisions"}],"wp:featuredmedia":[{"embeddable":true,"href":"https:\/\/res-q-jack.com\/fr\/wp-json\/wp\/v2\/media\/745"}],"wp:attachment":[{"href":"https:\/\/res-q-jack.com\/fr\/wp-json\/wp\/v2\/media?parent=42"}],"curies":[{"name":"wp","href":"https:\/\/api.w.org\/{rel}","templated":true}]}}