{"id":3,"date":"2019-12-13T14:37:13","date_gmt":"2019-12-13T14:37:13","guid":{"rendered":"https:\/\/resqjack.wpengine.com\/?page_id=3"},"modified":"2020-02-19T17:27:48","modified_gmt":"2020-02-19T22:27:48","slug":"politique-de-confidentialite","status":"publish","type":"page","link":"https:\/\/res-q-jack.com\/fr\/privacy-policy\/","title":{"rendered":"Politique de confidentialit\u00e9"},"content":{"rendered":"<p><strong>POLITIQUE DE CONFIDENTIALIT\u00c9 POUR RES-Q-JACK.COM<\/strong><\/p>\n<strong>INTRODUCTION<\/strong><br \/>\nNous prenons au s\u00e9rieux votre droit \u00e0 la confidentialit\u00e9 et souhaitons que vous vous sentiez \u00e0 l'aise en utilisant notre site Web. La pr\u00e9sente politique de confidentialit\u00e9 porte sur les informations personnellement identifiables (appel\u00e9es \"Donn\u00e9es\" ci-dessous) que nous pouvons recueillir sur notre site. Cette Politique ne s'applique pas \u00e0 d'autres entit\u00e9s que nous ne poss\u00e9dons pas ou ne contr\u00f4lons pas ou \u00e0 des personnes qui ne sont pas nos employ\u00e9s, agents ou sous notre contr\u00f4le.\n<strong>1. COLLECTE DES DONN\u00c9ES<\/strong><br \/>\nNotre processus d'inscription ne requiert qu'une adresse \u00e9lectronique valide, un identifiant et un mot de passe uniques. Vous avez la possibilit\u00e9 de nous fournir d'autres informations. Veuillez noter que votre nom d'utilisateur, votre adresse \u00e9lectronique ou d'autres soumissions que vous faites sur ce site peuvent contenir votre vrai nom ou d'autres informations personnellement identifiables et, par cons\u00e9quent, peuvent appara\u00eetre sur ce site. Comme de nombreux sites Web, nous pouvons \u00e9galement recevoir automatiquement des informations g\u00e9n\u00e9rales contenues dans les fichiers journaux de notre serveur, telles que votre adresse IP et les informations relatives aux cookies. Des informations sur la mani\u00e8re dont la publicit\u00e9 peut \u00eatre diffus\u00e9e sur ce site (le cas \u00e9ch\u00e9ant) sont pr\u00e9sent\u00e9es ci-dessous.\n<strong>2. UTILISATION DES DONN\u00c9ES<\/strong><br \/>\nNous pouvons utiliser les Donn\u00e9es pour personnaliser et am\u00e9liorer votre exp\u00e9rience d'utilisateur sur ce site. Nous ferons tout notre possible pour que vos Donn\u00e9es ne soient pas fournies \u00e0 des tiers, sauf (i) si la pr\u00e9sente Politique de confidentialit\u00e9 en dispose autrement ; (ii) si nous obtenons votre consentement, par exemple lorsque vous choisissez d'accepter ou de refuser le partage des Donn\u00e9es ; (iii) si un service fourni sur notre site n\u00e9cessite l'interaction avec un tiers ou est fourni par un tiers, par exemple un fournisseur de services d'application ; (iv) dans le cadre d'une proc\u00e9dure judiciaire ou de l'application de la loi ; (v) si nous constatons que votre utilisation de ce site viole notre Politique, nos Conditions de service, d'autres directives d'utilisation ou si nous le jugeons raisonnablement n\u00e9cessaire pour prot\u00e9ger nos droits l\u00e9gaux et\/ou notre propri\u00e9t\u00e9 ; (vi) ou (vi) si ce site est achet\u00e9 par un tiers, ce tiers pouvant utiliser les Donn\u00e9es de la m\u00eame mani\u00e8re que nous le pouvons, comme indiqu\u00e9 dans la pr\u00e9sente Politique. Dans le cas o\u00f9 vous choisissez d'utiliser les liens qui apparaissent sur notre site pour visiter d'autres sites web, il vous est conseill\u00e9 de lire les politiques de confidentialit\u00e9 qui apparaissent sur ces sites.\n<strong>3. COOKIES<\/strong><br \/>\nComme de nombreux sites web, nous d\u00e9finissons et utilisons des cookies pour am\u00e9liorer votre exp\u00e9rience d'utilisateur, par exemple en conservant vos param\u00e8tres personnels. Des publicit\u00e9s peuvent appara\u00eetre sur notre site web et, dans ce cas, elles peuvent d\u00e9finir et acc\u00e9der \u00e0 des cookies sur votre ordinateur et sont soumises \u00e0 la politique de confidentialit\u00e9 des parties fournissant la publicit\u00e9. Toutefois, les soci\u00e9t\u00e9s qui diffusent la publicit\u00e9 n'ont pas acc\u00e8s \u00e0 nos cookies. Ces soci\u00e9t\u00e9s utilisent g\u00e9n\u00e9ralement des codes anonymes ou non identifiables personnellement pour obtenir des informations sur vos visites sur notre site.\n<strong>4. ENFANTS<\/strong><br \/>\nNous n'autorisons pas les personnes \u00e2g\u00e9es de dix-sept ans ou moins \u00e0 devenir membres de ce site. Pour plus d'informations, veuillez contacter notre webmaster.\n<strong>5. MODIFICATION OU SUPPRESSION DES INFORMATIONS RELATIVES \u00c0 VOTRE COMPTE<\/strong><br \/>\nNous vous offrons la possibilit\u00e9 de modifier les informations de votre compte d'utilisateur que vous nous avez fournies lors de votre inscription en utilisant la zone de configuration de votre page personnelle. Vous pouvez demander la suppression de votre compte d'utilisateur en contactant notre webmaster. Le contenu ou les autres donn\u00e9es que vous avez pu nous fournir et qui ne sont pas contenus dans votre compte d'utilisateur, comme les messages qui peuvent appara\u00eetre dans nos forums, peuvent continuer \u00e0 figurer sur notre site, \u00e0 notre discr\u00e9tion, m\u00eame si votre compte d'utilisateur est supprim\u00e9.\n<strong>6. MODIFICATIONS DE LA PR\u00c9SENTE POLITIQUE DE CONFIDENTIALIT\u00c9<\/strong><br \/>\nNous pouvons apporter des modifications \u00e0 cette politique de temps \u00e0 autre. Nous vous informerons des modifications substantielles apport\u00e9es \u00e0 cette politique en publiant une annonce bien visible sur notre site et\/ou en envoyant un message \u00e0 l'adresse \u00e9lectronique que vous nous avez fournie et qui figure dans vos param\u00e8tres d'utilisateur.\n<strong>7. PAS DE GARANTIES<\/strong><br \/>\nBien que la pr\u00e9sente politique de confidentialit\u00e9 \u00e9nonce nos normes de conservation des donn\u00e9es et que nous nous efforcions de les respecter, nous ne sommes pas en mesure de garantir ces normes. Certains facteurs ind\u00e9pendants de notre volont\u00e9 peuvent entra\u00eener la divulgation de donn\u00e9es. Par cons\u00e9quent, nous d\u00e9clinons toute garantie ou d\u00e9claration concernant la conservation ou la non-divulgation des donn\u00e9es.\n<strong>8. INFORMATIONS SUR LES CONTACTS<\/strong><br \/>\nSi vous avez des questions concernant la pr\u00e9sente politique ou notre site web, n'h\u00e9sitez pas \u00e0 nous contacter.\n<p>&nbsp;<\/p>\n\t<h3>\n\t\t\t\tVous avez des questions ?  Appelez-nous au 1-800-466-9626.\n\t\t\t<\/h3>","protected":false},"excerpt":{"rendered":"<p>POLITIQUE DE CONFIDENTIALIT\u00c9 POUR RES-Q-JACK.COM INTRODUCTION Nous prenons votre droit \u00e0 la confidentialit\u00e9 au s\u00e9rieux et souhaitons que vous vous sentiez \u00e0 l'aise en utilisant notre site Web. Cette politique de confidentialit\u00e9 traite des informations personnellement identifiables (appel\u00e9es \"Donn\u00e9es\" ci-dessous) que nous pouvons recueillir sur notre site. Cette politique ne s'applique pas aux autres entit\u00e9s que nous...<\/p>","protected":false},"author":1,"featured_media":0,"parent":0,"menu_order":0,"comment_status":"closed","ping_status":"open","template":"","meta":{"footnotes":""},"class_list":["post-3","page","type-page","status-publish","hentry"],"yoast_head":"<!-- This site is optimized with the Yoast SEO plugin v27.2 - https:\/\/yoast.com\/product\/yoast-seo-wordpress\/ -->\n<title>Privacy Policy | Res-Q-Jack, Inc.<\/title>\n<meta name=\"robots\" content=\"index, follow, max-snippet:-1, max-image-preview:large, max-video-preview:-1\" \/>\n<link rel=\"canonical\" href=\"https:\/\/res-q-jack.com\/fr\/politique-de-confidentialite\/\" \/>\n<meta property=\"og:locale\" content=\"fr_FR\" \/>\n<meta property=\"og:type\" content=\"article\" \/>\n<meta property=\"og:title\" content=\"Privacy Policy | Res-Q-Jack, Inc.\" \/>\n<meta property=\"og:description\" content=\"PRIVACY POLICY FOR RES-Q-JACK.COM INTRODUCTION We take your right to privacy seriously and want you to feel comfortable using our web site. This Privacy Policy deals with personally identifiable information (referred to as &#8220;Data&#8221; below) that may be collected by us on our site. This Policy does not apply to other entities that we do&hellip;\" \/>\n<meta property=\"og:url\" content=\"https:\/\/res-q-jack.com\/fr\/politique-de-confidentialite\/\" \/>\n<meta property=\"og:site_name\" content=\"Res-Q-Jack, Inc.\" \/>\n<meta property=\"article:modified_time\" content=\"2020-02-19T22:27:48+00:00\" \/>\n<meta name=\"twitter:card\" content=\"summary_large_image\" \/>\n<meta name=\"twitter:label1\" content=\"Dur\u00e9e de lecture estim\u00e9e\" \/>\n\t<meta name=\"twitter:data1\" content=\"4 minutes\" \/>\n<script type=\"application\/ld+json\" class=\"yoast-schema-graph\">{\"@context\":\"https:\/\/schema.org\",\"@graph\":[{\"@type\":\"WebPage\",\"@id\":\"https:\/\/res-q-jack.com\/privacy-policy\/\",\"url\":\"https:\/\/res-q-jack.com\/privacy-policy\/\",\"name\":\"Privacy Policy | Res-Q-Jack, Inc.\",\"isPartOf\":{\"@id\":\"https:\/\/res-q-jack.com\/#website\"},\"datePublished\":\"2019-12-13T14:37:13+00:00\",\"dateModified\":\"2020-02-19T22:27:48+00:00\",\"breadcrumb\":{\"@id\":\"https:\/\/res-q-jack.com\/privacy-policy\/#breadcrumb\"},\"inLanguage\":\"fr-FR\",\"potentialAction\":[{\"@type\":\"ReadAction\",\"target\":[\"https:\/\/res-q-jack.com\/privacy-policy\/\"]}]},{\"@type\":\"BreadcrumbList\",\"@id\":\"https:\/\/res-q-jack.com\/privacy-policy\/#breadcrumb\",\"itemListElement\":[{\"@type\":\"ListItem\",\"position\":1,\"name\":\"Home\",\"item\":\"https:\/\/res-q-jack.com\/\"},{\"@type\":\"ListItem\",\"position\":2,\"name\":\"Privacy Policy\"}]},{\"@type\":\"WebSite\",\"@id\":\"https:\/\/res-q-jack.com\/#website\",\"url\":\"https:\/\/res-q-jack.com\/\",\"name\":\"Res-Q-Jack, Inc.\",\"description\":\"Vehicle Stabilization Struts\",\"publisher\":{\"@id\":\"https:\/\/res-q-jack.com\/#organization\"},\"potentialAction\":[{\"@type\":\"SearchAction\",\"target\":{\"@type\":\"EntryPoint\",\"urlTemplate\":\"https:\/\/res-q-jack.com\/?s={search_term_string}\"},\"query-input\":{\"@type\":\"PropertyValueSpecification\",\"valueRequired\":true,\"valueName\":\"search_term_string\"}}],\"inLanguage\":\"fr-FR\"},{\"@type\":\"Organization\",\"@id\":\"https:\/\/res-q-jack.com\/#organization\",\"name\":\"Res-Q-Jack, Inc.\",\"url\":\"https:\/\/res-q-jack.com\/\",\"logo\":{\"@type\":\"ImageObject\",\"inLanguage\":\"fr-FR\",\"@id\":\"https:\/\/res-q-jack.com\/#\/schema\/logo\/image\/\",\"url\":\"https:\/\/res-q-jack.com\/wp-content\/uploads\/2020\/03\/Res-Q-Jack-SEO-Logo.png\",\"contentUrl\":\"https:\/\/res-q-jack.com\/wp-content\/uploads\/2020\/03\/Res-Q-Jack-SEO-Logo.png\",\"width\":612,\"height\":138,\"caption\":\"Res-Q-Jack, Inc.\"},\"image\":{\"@id\":\"https:\/\/res-q-jack.com\/#\/schema\/logo\/image\/\"}}]}<\/script>\n<!-- \/ Yoast SEO plugin. -->","yoast_head_json":{"title":"Politique de confidentialit\u00e9 | Res-Q-Jack, Inc.","robots":{"index":"index","follow":"follow","max-snippet":"max-snippet:-1","max-image-preview":"max-image-preview:large","max-video-preview":"max-video-preview:-1"},"canonical":"https:\/\/res-q-jack.com\/fr\/politique-de-confidentialite\/","og_locale":"fr_FR","og_type":"article","og_title":"Privacy Policy | Res-Q-Jack, Inc.","og_description":"PRIVACY POLICY FOR RES-Q-JACK.COM INTRODUCTION We take your right to privacy seriously and want you to feel comfortable using our web site. This Privacy Policy deals with personally identifiable information (referred to as &#8220;Data&#8221; below) that may be collected by us on our site. This Policy does not apply to other entities that we do&hellip;","og_url":"https:\/\/res-q-jack.com\/fr\/politique-de-confidentialite\/","og_site_name":"Res-Q-Jack, Inc.","article_modified_time":"2020-02-19T22:27:48+00:00","twitter_card":"summary_large_image","twitter_misc":{"Dur\u00e9e de lecture estim\u00e9e":"4 minutes"},"schema":{"@context":"https:\/\/schema.org","@graph":[{"@type":"WebPage","@id":"https:\/\/res-q-jack.com\/privacy-policy\/","url":"https:\/\/res-q-jack.com\/privacy-policy\/","name":"Politique de confidentialit\u00e9 | Res-Q-Jack, Inc.","isPartOf":{"@id":"https:\/\/res-q-jack.com\/#website"},"datePublished":"2019-12-13T14:37:13+00:00","dateModified":"2020-02-19T22:27:48+00:00","breadcrumb":{"@id":"https:\/\/res-q-jack.com\/privacy-policy\/#breadcrumb"},"inLanguage":"fr-FR","potentialAction":[{"@type":"ReadAction","target":["https:\/\/res-q-jack.com\/privacy-policy\/"]}]},{"@type":"BreadcrumbList","@id":"https:\/\/res-q-jack.com\/privacy-policy\/#breadcrumb","itemListElement":[{"@type":"ListItem","position":1,"name":"Home","item":"https:\/\/res-q-jack.com\/"},{"@type":"ListItem","position":2,"name":"Privacy Policy"}]},{"@type":"WebSite","@id":"https:\/\/res-q-jack.com\/#website","url":"https:\/\/res-q-jack.com\/","name":"Res-Q-Jack, Inc.","description":"Stabilisateurs de v\u00e9hicules","publisher":{"@id":"https:\/\/res-q-jack.com\/#organization"},"potentialAction":[{"@type":"SearchAction","target":{"@type":"EntryPoint","urlTemplate":"https:\/\/res-q-jack.com\/?s={search_term_string}"},"query-input":{"@type":"PropertyValueSpecification","valueRequired":true,"valueName":"search_term_string"}}],"inLanguage":"fr-FR"},{"@type":"Organization","@id":"https:\/\/res-q-jack.com\/#organization","name":"Res-Q-Jack, Inc.","url":"https:\/\/res-q-jack.com\/","logo":{"@type":"ImageObject","inLanguage":"fr-FR","@id":"https:\/\/res-q-jack.com\/#\/schema\/logo\/image\/","url":"https:\/\/res-q-jack.com\/wp-content\/uploads\/2020\/03\/Res-Q-Jack-SEO-Logo.png","contentUrl":"https:\/\/res-q-jack.com\/wp-content\/uploads\/2020\/03\/Res-Q-Jack-SEO-Logo.png","width":612,"height":138,"caption":"Res-Q-Jack, Inc."},"image":{"@id":"https:\/\/res-q-jack.com\/#\/schema\/logo\/image\/"}}]}},"_links":{"self":[{"href":"https:\/\/res-q-jack.com\/fr\/wp-json\/wp\/v2\/pages\/3","targetHints":{"allow":["GET"]}}],"collection":[{"href":"https:\/\/res-q-jack.com\/fr\/wp-json\/wp\/v2\/pages"}],"about":[{"href":"https:\/\/res-q-jack.com\/fr\/wp-json\/wp\/v2\/types\/page"}],"author":[{"embeddable":true,"href":"https:\/\/res-q-jack.com\/fr\/wp-json\/wp\/v2\/users\/1"}],"replies":[{"embeddable":true,"href":"https:\/\/res-q-jack.com\/fr\/wp-json\/wp\/v2\/comments?post=3"}],"version-history":[{"count":0,"href":"https:\/\/res-q-jack.com\/fr\/wp-json\/wp\/v2\/pages\/3\/revisions"}],"wp:attachment":[{"href":"https:\/\/res-q-jack.com\/fr\/wp-json\/wp\/v2\/media?parent=3"}],"curies":[{"name":"wp","href":"https:\/\/api.w.org\/{rel}","templated":true}]}}