{"id":2273,"date":"2026-04-14T13:51:47","date_gmt":"2026-04-14T18:51:47","guid":{"rendered":"https:\/\/res-q-jack.com\/?page_id=2273"},"modified":"2026-04-14T16:07:10","modified_gmt":"2026-04-14T21:07:10","slug":"x-drive","status":"publish","type":"page","link":"https:\/\/res-q-jack.com\/fr\/accessories\/x-drive\/","title":{"rendered":"X-Drive"},"content":{"rendered":"<img decoding=\"async\" data-src=\"https:\/\/res-q-jack.com\/wp-content\/uploads\/2026\/04\/X-Drive-Label-transparent-scaled.png\" alt=\"X-Drive Label transparent\" title=\"X-Drive Label transparent\" itemprop=\"image\" src=\"data:image\/svg+xml;base64,PHN2ZyB3aWR0aD0iMSIgaGVpZ2h0PSIxIiB4bWxucz0iaHR0cDovL3d3dy53My5vcmcvMjAwMC9zdmciPjwvc3ZnPg==\" class=\"lazyload\" style=\"--smush-placeholder-width: 2560px; --smush-placeholder-aspect-ratio: 2560\/437;\" \/>\n\t\t<h2>electric drive lifting system<\/h2>\t\t\t\n\t\t\t\t<p>Capable of lifting over 6000lb with just the push of a button, the X-drive is compatible with all of our Super X and Apex series struts and jacks.<\/p>\n\t\t\t\t<img decoding=\"async\" data-src=\"https:\/\/res-q-jack.com\/wp-content\/uploads\/2026\/04\/X-Drive-ISO-web-3.png\" alt=\"X- Drive ISO web 3\" title=\"X- Drive ISO web 3\" itemprop=\"image\" src=\"data:image\/svg+xml;base64,PHN2ZyB3aWR0aD0iMSIgaGVpZ2h0PSIxIiB4bWxucz0iaHR0cDovL3d3dy53My5vcmcvMjAwMC9zdmciPjwvc3ZnPg==\" class=\"lazyload\" style=\"--smush-placeholder-width: 1143px; --smush-placeholder-aspect-ratio: 1143\/1784;\" \/>\n\t\t\t<h4>Electric Drive Lifting System<\/h4><h2>X-Drive<\/h2>\t\t\t\n\t\t\t\t<p>Introducing the X-Drive Electric Drive Lifting System-maximize lift, minimize effort with 6,000 lbs of power at the push of a button. Eliminate manual cranking and conserve strength for the life-saving tasks that matter most. Battery-powered for operational efficiency, IP64-rated for durability, and built with a rugged Nylon 12 housing and steel\/aluminum frame, the X-Drive pairs with our Super X and Apex struts using the included conversion kit*.<\/p>\n<p>*Contact dealer for more information.<\/p>\n\t<ul>\n\t\t<li>\t\t\t\t\n\t\t<h4>T\u00e9l\u00e9chargements<\/h4><\/li>\t<\/ul>\n\t<ul>\n\t\t<li><a href=\"https:\/\/res-q-jack.com\/wp-content\/uploads\/2026\/04\/X-Drive-Spec-Sheet.pdf\" target=\"_blank\" rel=\"noopener\" aria-label=\"Go to https:\/\/res-q-jack.com\/wp-content\/uploads\/2026\/04\/X-Drive-Spec-Sheet.pdf\">\t\t\t\t\n\t\tFiche technique (309KB)<\/a><\/li><li><a href=\"https:\/\/res-q-jack.com\/fr\/demande-cotation-2\/\" target=\"_blank\" rel=\"noopener\" aria-label=\"Go to https:\/\/res-q-jack.com\/request-a-catalog\/\">\t\t\t\t\n\t\tCatalogue de produits (8MB)<\/a><\/li>\t<\/ul>\n\t<ul>\n\t\t<li>\t\t\t\t\n\t\t<h4>Sp\u00e9cifications<\/h4><\/li>\t<\/ul>\n\t<p>&nbsp;<\/p>\n<p>Weight: 10.7 lb (21 kg)<\/p>\n<p>Lift Rate: 6.5 in\/min<\/p>\n<p>Load Limit: 6000 lbs (2721 kgs)<\/p>\n<p>Aluminum Frame<\/p>\n<p>Stainless Steel Hardware<\/p>\n<p><em>Item # XDR-MIL &#8211; compatible with Milwaukee 18V<\/em><\/p>\n<p><em>Item # XDR-MAK- compatible with Makita 18V<\/em><\/p>\n<p><em>Item # XDR-DEW- compatible with Dewalt 20V<\/em><\/p>\n\t<p>(facteur de s\u00e9curit\u00e9 2:1 sur les jambes de force et les accessoires)<\/p>\n\t\t\t<a href=\"https:\/\/res-q-jack.com\/fr\/demande-cotation\/\" target=\"_self\"  aria-label=\"Demander un devis\">\n\t\t\t\t\t\t\t\tDemander un devis \n\t\t\t\t\t\t\t<\/a>\n\t\t\t<a href=\"https:\/\/res-q-jack.com\/fr\/demo-gratuite\/\" target=\"_self\"  aria-label=\"Planifier une d\u00e9mo\">\n\t\t\t\t\t\t\t\tPlanifier une d\u00e9mo\n\t\t\t\t\t\t\t<\/a>\n\t<h4>\n\t\t\t\tVous avez des questions ?  Appelez-nous au 1-800-466-9626.\n\t\t\t<\/h4>\n\t<h5>\n\t\t\t\tBenefits of a X-Drive Electric Drive Lifting System\n\t\t\t<\/h5>\n<figure itemscope itemtype=\"https:\/\/schema.org\/ImageObject\">\n\t\t\t\t<img decoding=\"async\" data-src=\"https:\/\/res-q-jack.com\/wp-content\/uploads\/2026\/04\/x-drive-in-warehouse-3-web-scaled.jpg\" alt=\"x drive in warehouse 3 web\" height=\"1440\" width=\"2560\" title=\"x drive in warehouse 3 web\" onerror=\"this.style.display='none'\" src=\"data:image\/svg+xml;base64,PHN2ZyB3aWR0aD0iMSIgaGVpZ2h0PSIxIiB4bWxucz0iaHR0cDovL3d3dy53My5vcmcvMjAwMC9zdmciPjwvc3ZnPg==\" class=\"lazyload\" style=\"--smush-placeholder-width: 2560px; --smush-placeholder-aspect-ratio: 2560\/1440;\" \/>\n\t<\/figure>\n\t\t\t<h3>1. Compatible with Multiple Batteries<\/h3>\t\t\t\n\t\t\t\t<p>X-Drive is compatible with the following battery models: (not included) <br \/>Milwaukee 18V, Makita 18V, &amp; Dewalt 20V.<\/p>\n\t\t\t<h3>2. Magnetic Hold to Jack<\/h3>\t\t\t\n\t\t\t\t<p>A strong magnetic connection keeps the X-Drive secure to the jack unit, to prevent accidental drops, and ensure a tight fit during deployment.<\/p>\n\t\t\t<h3>3. 5-watt Working-Area Lighting<\/h3>\t\t\t\n\t\t\t\t<p>When a battery is attached, 5 watt working-area LED lighting is engaged, allowing easy operation in the dark.<\/p>\n\t\t\t<h3>4. Includes Jack Conversion Kit &#038; Handle<\/h3>\t\t\t\n\t\t\t\t<p>Existing APEX and Super-X customers can easily convert their current jacks for X-Drive compatibility with the included conversion kit. The kit includes an additional handle for easy switching between manual and electric lifting.<\/p>","protected":false},"excerpt":{"rendered":"<p>electric drive lifting system Capable of lifting over 6000lb with just the push of a button, the X-drive is compatible with all of our Super X and Apex series struts and jacks. Electric Drive Lifting System X-Drive Introducing the X-Drive Electric Drive Lifting System-maximize lift, minimize effort with 6,000 lbs of power at the push&hellip;<\/p>","protected":false},"author":1,"featured_media":1958,"parent":44,"menu_order":0,"comment_status":"closed","ping_status":"closed","template":"","meta":{"footnotes":""},"class_list":["post-2273","page","type-page","status-publish","has-post-thumbnail","hentry"],"yoast_head":"<!-- This site is optimized with the Yoast SEO plugin v27.2 - https:\/\/yoast.com\/product\/yoast-seo-wordpress\/ -->\n<title>X-Drive | Res-Q-Jack, Inc.<\/title>\n<meta name=\"description\" content=\"Super X-Struts are engineered for versatility, they excels in stabilizing vehicles, addressing structural collapses, and aiding in rescues.\" \/>\n<meta name=\"robots\" content=\"index, follow, max-snippet:-1, max-image-preview:large, max-video-preview:-1\" \/>\n<link rel=\"canonical\" href=\"https:\/\/res-q-jack.com\/fr\/accessoires\/x-drive\/\" \/>\n<meta property=\"og:locale\" content=\"fr_FR\" \/>\n<meta property=\"og:type\" content=\"article\" \/>\n<meta property=\"og:title\" content=\"X-Drive | Res-Q-Jack, Inc.\" \/>\n<meta property=\"og:description\" content=\"Super X-Struts are engineered for versatility, they excels in stabilizing vehicles, addressing structural collapses, and aiding in rescues.\" \/>\n<meta property=\"og:url\" content=\"https:\/\/res-q-jack.com\/fr\/accessoires\/x-drive\/\" \/>\n<meta property=\"og:site_name\" content=\"Res-Q-Jack, Inc.\" \/>\n<meta property=\"article:modified_time\" content=\"2026-04-14T21:07:10+00:00\" \/>\n<meta property=\"og:image\" content=\"https:\/\/res-q-jack.com\/wp-content\/uploads\/2022\/06\/Super-X-Strut-Our-Strongest-Heavy-Duty-Lifting-Strut.jpeg\" \/>\n\t<meta property=\"og:image:width\" content=\"220\" \/>\n\t<meta property=\"og:image:height\" content=\"660\" \/>\n\t<meta property=\"og:image:type\" content=\"image\/jpeg\" \/>\n<meta name=\"twitter:card\" content=\"summary_large_image\" \/>\n<meta name=\"twitter:label1\" content=\"Dur\u00e9e de lecture estim\u00e9e\" \/>\n\t<meta name=\"twitter:data1\" content=\"2 minutes\" \/>\n<script type=\"application\/ld+json\" class=\"yoast-schema-graph\">{\"@context\":\"https:\/\/schema.org\",\"@graph\":[{\"@type\":\"WebPage\",\"@id\":\"https:\/\/res-q-jack.com\/accessories\/x-drive\/\",\"url\":\"https:\/\/res-q-jack.com\/accessories\/x-drive\/\",\"name\":\"X-Drive | Res-Q-Jack, Inc.\",\"isPartOf\":{\"@id\":\"https:\/\/res-q-jack.com\/#website\"},\"primaryImageOfPage\":{\"@id\":\"https:\/\/res-q-jack.com\/accessories\/x-drive\/#primaryimage\"},\"image\":{\"@id\":\"https:\/\/res-q-jack.com\/accessories\/x-drive\/#primaryimage\"},\"thumbnailUrl\":\"https:\/\/res-q-jack.com\/wp-content\/uploads\/2022\/06\/Super-X-Strut-Our-Strongest-Heavy-Duty-Lifting-Strut.jpeg\",\"datePublished\":\"2026-04-14T18:51:47+00:00\",\"dateModified\":\"2026-04-14T21:07:10+00:00\",\"description\":\"Super X-Struts are engineered for versatility, they excels in stabilizing vehicles, addressing structural collapses, and aiding in rescues.\",\"breadcrumb\":{\"@id\":\"https:\/\/res-q-jack.com\/accessories\/x-drive\/#breadcrumb\"},\"inLanguage\":\"fr-FR\",\"potentialAction\":[{\"@type\":\"ReadAction\",\"target\":[\"https:\/\/res-q-jack.com\/accessories\/x-drive\/\"]}]},{\"@type\":\"ImageObject\",\"inLanguage\":\"fr-FR\",\"@id\":\"https:\/\/res-q-jack.com\/accessories\/x-drive\/#primaryimage\",\"url\":\"https:\/\/res-q-jack.com\/wp-content\/uploads\/2022\/06\/Super-X-Strut-Our-Strongest-Heavy-Duty-Lifting-Strut.jpeg\",\"contentUrl\":\"https:\/\/res-q-jack.com\/wp-content\/uploads\/2022\/06\/Super-X-Strut-Our-Strongest-Heavy-Duty-Lifting-Strut.jpeg\",\"width\":220,\"height\":660,\"caption\":\"Super X-Strut Our Strongest Heavy-Duty Lifting Strut\"},{\"@type\":\"BreadcrumbList\",\"@id\":\"https:\/\/res-q-jack.com\/accessories\/x-drive\/#breadcrumb\",\"itemListElement\":[{\"@type\":\"ListItem\",\"position\":1,\"name\":\"Home\",\"item\":\"https:\/\/res-q-jack.com\/\"},{\"@type\":\"ListItem\",\"position\":2,\"name\":\"Accessories\",\"item\":\"https:\/\/res-q-jack.com\/accessories\/\"},{\"@type\":\"ListItem\",\"position\":3,\"name\":\"X-Drive\"}]},{\"@type\":\"WebSite\",\"@id\":\"https:\/\/res-q-jack.com\/#website\",\"url\":\"https:\/\/res-q-jack.com\/\",\"name\":\"Res-Q-Jack, Inc.\",\"description\":\"Vehicle Stabilization Struts\",\"publisher\":{\"@id\":\"https:\/\/res-q-jack.com\/#organization\"},\"potentialAction\":[{\"@type\":\"SearchAction\",\"target\":{\"@type\":\"EntryPoint\",\"urlTemplate\":\"https:\/\/res-q-jack.com\/?s={search_term_string}\"},\"query-input\":{\"@type\":\"PropertyValueSpecification\",\"valueRequired\":true,\"valueName\":\"search_term_string\"}}],\"inLanguage\":\"fr-FR\"},{\"@type\":\"Organization\",\"@id\":\"https:\/\/res-q-jack.com\/#organization\",\"name\":\"Res-Q-Jack, Inc.\",\"url\":\"https:\/\/res-q-jack.com\/\",\"logo\":{\"@type\":\"ImageObject\",\"inLanguage\":\"fr-FR\",\"@id\":\"https:\/\/res-q-jack.com\/#\/schema\/logo\/image\/\",\"url\":\"https:\/\/res-q-jack.com\/wp-content\/uploads\/2020\/03\/Res-Q-Jack-SEO-Logo.png\",\"contentUrl\":\"https:\/\/res-q-jack.com\/wp-content\/uploads\/2020\/03\/Res-Q-Jack-SEO-Logo.png\",\"width\":612,\"height\":138,\"caption\":\"Res-Q-Jack, Inc.\"},\"image\":{\"@id\":\"https:\/\/res-q-jack.com\/#\/schema\/logo\/image\/\"}}]}<\/script>\n<!-- \/ Yoast SEO plugin. -->","yoast_head_json":{"title":"X-Drive | Res-Q-Jack, Inc.","description":"Les Super X-Struts sont con\u00e7us pour \u00eatre polyvalents, ils excellent dans la stabilisation des v\u00e9hicules, dans les effondrements structurels et dans l'aide aux sauvetages.","robots":{"index":"index","follow":"follow","max-snippet":"max-snippet:-1","max-image-preview":"max-image-preview:large","max-video-preview":"max-video-preview:-1"},"canonical":"https:\/\/res-q-jack.com\/fr\/accessoires\/x-drive\/","og_locale":"fr_FR","og_type":"article","og_title":"X-Drive | Res-Q-Jack, Inc.","og_description":"Super X-Struts are engineered for versatility, they excels in stabilizing vehicles, addressing structural collapses, and aiding in rescues.","og_url":"https:\/\/res-q-jack.com\/fr\/accessoires\/x-drive\/","og_site_name":"Res-Q-Jack, Inc.","article_modified_time":"2026-04-14T21:07:10+00:00","og_image":[{"width":220,"height":660,"url":"https:\/\/res-q-jack.com\/wp-content\/uploads\/2022\/06\/Super-X-Strut-Our-Strongest-Heavy-Duty-Lifting-Strut.jpeg","type":"image\/jpeg"}],"twitter_card":"summary_large_image","twitter_misc":{"Dur\u00e9e de lecture estim\u00e9e":"2 minutes"},"schema":{"@context":"https:\/\/schema.org","@graph":[{"@type":"WebPage","@id":"https:\/\/res-q-jack.com\/accessories\/x-drive\/","url":"https:\/\/res-q-jack.com\/accessories\/x-drive\/","name":"X-Drive | Res-Q-Jack, Inc.","isPartOf":{"@id":"https:\/\/res-q-jack.com\/#website"},"primaryImageOfPage":{"@id":"https:\/\/res-q-jack.com\/accessories\/x-drive\/#primaryimage"},"image":{"@id":"https:\/\/res-q-jack.com\/accessories\/x-drive\/#primaryimage"},"thumbnailUrl":"https:\/\/res-q-jack.com\/wp-content\/uploads\/2022\/06\/Super-X-Strut-Our-Strongest-Heavy-Duty-Lifting-Strut.jpeg","datePublished":"2026-04-14T18:51:47+00:00","dateModified":"2026-04-14T21:07:10+00:00","description":"Les Super X-Struts sont con\u00e7us pour \u00eatre polyvalents, ils excellent dans la stabilisation des v\u00e9hicules, dans les effondrements structurels et dans l'aide aux sauvetages.","breadcrumb":{"@id":"https:\/\/res-q-jack.com\/accessories\/x-drive\/#breadcrumb"},"inLanguage":"fr-FR","potentialAction":[{"@type":"ReadAction","target":["https:\/\/res-q-jack.com\/accessories\/x-drive\/"]}]},{"@type":"ImageObject","inLanguage":"fr-FR","@id":"https:\/\/res-q-jack.com\/accessories\/x-drive\/#primaryimage","url":"https:\/\/res-q-jack.com\/wp-content\/uploads\/2022\/06\/Super-X-Strut-Our-Strongest-Heavy-Duty-Lifting-Strut.jpeg","contentUrl":"https:\/\/res-q-jack.com\/wp-content\/uploads\/2022\/06\/Super-X-Strut-Our-Strongest-Heavy-Duty-Lifting-Strut.jpeg","width":220,"height":660,"caption":"Super X-Strut Our Strongest Heavy-Duty Lifting Strut"},{"@type":"BreadcrumbList","@id":"https:\/\/res-q-jack.com\/accessories\/x-drive\/#breadcrumb","itemListElement":[{"@type":"ListItem","position":1,"name":"Home","item":"https:\/\/res-q-jack.com\/"},{"@type":"ListItem","position":2,"name":"Accessories","item":"https:\/\/res-q-jack.com\/accessories\/"},{"@type":"ListItem","position":3,"name":"X-Drive"}]},{"@type":"WebSite","@id":"https:\/\/res-q-jack.com\/#website","url":"https:\/\/res-q-jack.com\/","name":"Res-Q-Jack, Inc.","description":"Stabilisateurs de v\u00e9hicules","publisher":{"@id":"https:\/\/res-q-jack.com\/#organization"},"potentialAction":[{"@type":"SearchAction","target":{"@type":"EntryPoint","urlTemplate":"https:\/\/res-q-jack.com\/?s={search_term_string}"},"query-input":{"@type":"PropertyValueSpecification","valueRequired":true,"valueName":"search_term_string"}}],"inLanguage":"fr-FR"},{"@type":"Organization","@id":"https:\/\/res-q-jack.com\/#organization","name":"Res-Q-Jack, Inc.","url":"https:\/\/res-q-jack.com\/","logo":{"@type":"ImageObject","inLanguage":"fr-FR","@id":"https:\/\/res-q-jack.com\/#\/schema\/logo\/image\/","url":"https:\/\/res-q-jack.com\/wp-content\/uploads\/2020\/03\/Res-Q-Jack-SEO-Logo.png","contentUrl":"https:\/\/res-q-jack.com\/wp-content\/uploads\/2020\/03\/Res-Q-Jack-SEO-Logo.png","width":612,"height":138,"caption":"Res-Q-Jack, Inc."},"image":{"@id":"https:\/\/res-q-jack.com\/#\/schema\/logo\/image\/"}}]}},"_links":{"self":[{"href":"https:\/\/res-q-jack.com\/fr\/wp-json\/wp\/v2\/pages\/2273","targetHints":{"allow":["GET"]}}],"collection":[{"href":"https:\/\/res-q-jack.com\/fr\/wp-json\/wp\/v2\/pages"}],"about":[{"href":"https:\/\/res-q-jack.com\/fr\/wp-json\/wp\/v2\/types\/page"}],"author":[{"embeddable":true,"href":"https:\/\/res-q-jack.com\/fr\/wp-json\/wp\/v2\/users\/1"}],"replies":[{"embeddable":true,"href":"https:\/\/res-q-jack.com\/fr\/wp-json\/wp\/v2\/comments?post=2273"}],"version-history":[{"count":6,"href":"https:\/\/res-q-jack.com\/fr\/wp-json\/wp\/v2\/pages\/2273\/revisions"}],"predecessor-version":[{"id":2316,"href":"https:\/\/res-q-jack.com\/fr\/wp-json\/wp\/v2\/pages\/2273\/revisions\/2316"}],"up":[{"embeddable":true,"href":"https:\/\/res-q-jack.com\/fr\/wp-json\/wp\/v2\/pages\/44"}],"wp:featuredmedia":[{"embeddable":true,"href":"https:\/\/res-q-jack.com\/fr\/wp-json\/wp\/v2\/media\/1958"}],"wp:attachment":[{"href":"https:\/\/res-q-jack.com\/fr\/wp-json\/wp\/v2\/media?parent=2273"}],"curies":[{"name":"wp","href":"https:\/\/api.w.org\/{rel}","templated":true}]}}