{"id":197,"date":"2019-12-18T18:33:03","date_gmt":"2019-12-18T23:33:03","guid":{"rendered":"https:\/\/resqjack.wpengine.com\/?page_id=197"},"modified":"2024-02-27T12:33:18","modified_gmt":"2024-02-27T17:33:18","slug":"raccords-a-broches","status":"publish","type":"page","link":"https:\/\/res-q-jack.com\/fr\/accessories\/pinned-end-fittings\/","title":{"rendered":"Raccords \u00e0 bouts ronds"},"content":{"rendered":"<h1>Raccords \u00e0 bouts ronds<\/h1>\r\n<ul>\r\n<li>\r\n<h3><a href=\"https:\/\/res-q-jack.com\/fr\/accessoires\/\" target=\"_self\" rel=\"noopener noreferrer\">En savoir plus sur nos accessoires<\/a><\/h3>\r\n<\/li>\r\n<\/ul>\r\n<p><img decoding=\"async\" title=\"T\u00eate de tr\u00e9pied \u00e9pingl\u00e9e\" data-src=\"https:\/\/res-q-jack.com\/wp-content\/uploads\/2020\/02\/Pinned-Tripod-Head.jpg\" alt=\"T\u00eate de tr\u00e9pied \u00e9pingl\u00e9e\" src=\"data:image\/svg+xml;base64,PHN2ZyB3aWR0aD0iMSIgaGVpZ2h0PSIxIiB4bWxucz0iaHR0cDovL3d3dy53My5vcmcvMjAwMC9zdmciPjwvc3ZnPg==\" class=\"lazyload\" style=\"--smush-placeholder-width: 900px; --smush-placeholder-aspect-ratio: 900\/600;\" \/><\/p>\r\n<h5>ALX-TRPD| RJ3-TRPD | GLX-TRPD<\/h5>\r\n<h3>T\u00eate de tr\u00e9pied<\/h3>\r\n<p>Transformez vos \u00e9tr\u00e9sillons \u00e0 goupilles en tr\u00e9pied pour les sc\u00e9narios de sauvetage technique. La couronne est en acier thermolaqu\u00e9 et les pieds en acier tubulaire. S\u00e9curis\u00e9 par nos goupilles de verrouillage \u00e0 languette en acier tremp\u00e9. Les t\u00eates Steel X \/ RJ3 et GreenLite comprennent des extensions de 36\u2033 pour atteindre jusqu'\u00e0 9 pieds.<\/p>\r\n<p><img decoding=\"async\" title=\"T\u00eate carr\u00e9e \u00e9pingl\u00e9e\" data-src=\"https:\/\/res-q-jack.com\/wp-content\/uploads\/2020\/02\/Pinned-Square-Head.jpg\" alt=\"T\u00eate carr\u00e9e \u00e9pingl\u00e9e\" src=\"data:image\/svg+xml;base64,PHN2ZyB3aWR0aD0iMSIgaGVpZ2h0PSIxIiB4bWxucz0iaHR0cDovL3d3dy53My5vcmcvMjAwMC9zdmciPjwvc3ZnPg==\" class=\"lazyload\" style=\"--smush-placeholder-width: 900px; --smush-placeholder-aspect-ratio: 900\/600;\" \/><\/p>\r\n<h5>ALX-SQUR | RJ3-SQUR<\/h5>\r\n<h3>T\u00eate carr\u00e9e<\/h3>\r\n<p>Cet embout est \u00e9quip\u00e9 d'une plaque carr\u00e9e pour une utilisation dans des situations structurelles telles qu'un \u00e9tayage l\u00e9ger contre une surface plane en hauteur. Disponible pour les s\u00e9ries X en aluminium, X en acier et RJ3.<\/p>\r\n<p><img decoding=\"async\" title=\"Plaque en L \u00e9pingl\u00e9e\" data-src=\"https:\/\/res-q-jack.com\/wp-content\/uploads\/2020\/02\/Pinned-L-Plate.jpg\" alt=\"Plaque en L \u00e9pingl\u00e9e\" src=\"data:image\/svg+xml;base64,PHN2ZyB3aWR0aD0iMSIgaGVpZ2h0PSIxIiB4bWxucz0iaHR0cDovL3d3dy53My5vcmcvMjAwMC9zdmciPjwvc3ZnPg==\" class=\"lazyload\" style=\"--smush-placeholder-width: 900px; --smush-placeholder-aspect-ratio: 900\/600;\" \/><\/p>\r\n<h5>ALX-LPLT | RJ3-LPLT<\/h5>\r\n<h3>L-PLate<\/h3>\r\n<p>Cet embout est con\u00e7u pour le soutien des poutres lors de l'\u00e9tayage de structures l\u00e9g\u00e8res. Sa conception en forme de L permet de soutenir la poutre, et comprend des trous de chaque c\u00f4t\u00e9 pour la fixer avec des clous ou des vis. Disponible pour les s\u00e9ries X en aluminium, X en acier et RJ3.\u00a0<\/p>\r\n<p><img decoding=\"async\" title=\"T\u00eate de C \u00e9pingl\u00e9e\" data-src=\"https:\/\/res-q-jack.com\/wp-content\/uploads\/2020\/02\/Pinned-C-Head.jpg\" alt=\"T\u00eate de C \u00e9pingl\u00e9e\" src=\"data:image\/svg+xml;base64,PHN2ZyB3aWR0aD0iMSIgaGVpZ2h0PSIxIiB4bWxucz0iaHR0cDovL3d3dy53My5vcmcvMjAwMC9zdmciPjwvc3ZnPg==\" class=\"lazyload\" style=\"--smush-placeholder-width: 900px; --smush-placeholder-aspect-ratio: 900\/600;\" \/><\/p>\r\n<h5>ALX-CHED | RJ3-CHED<\/h5>\r\n<h3>C-Head<\/h3>\r\n<p>Ce raccord d'extr\u00e9mit\u00e9 permet d'accueillir des \u00e9l\u00e9ments larges, comme un poteau en A, avec un maintien positif assur\u00e9. Disponible pour les s\u00e9ries X en aluminium, X en acier et RJ3.<\/p>\r\n<p><img decoding=\"async\" title=\"Base fixe \u00e0 goupille\" data-src=\"https:\/\/res-q-jack.com\/wp-content\/uploads\/2020\/02\/Pinned-Fixed-Base.jpg\" alt=\"Base fixe \u00e0 goupille\" src=\"data:image\/svg+xml;base64,PHN2ZyB3aWR0aD0iMSIgaGVpZ2h0PSIxIiB4bWxucz0iaHR0cDovL3d3dy53My5vcmcvMjAwMC9zdmciPjwvc3ZnPg==\" class=\"lazyload\" style=\"--smush-placeholder-width: 900px; --smush-placeholder-aspect-ratio: 900\/600;\" \/><\/p>\r\n<h5>RJ3-FBAS<\/h5>\r\n<h3>Base fixe<\/h3>\r\n<p>Cette base rigide se tient droite, et est utile pour de nombreuses applications, comme une unit\u00e9 de cric servant de dispositif de levage d'objets \u00e0 faible hauteur, pour les tonneaux ou les applications en espace confin\u00e9. Compatible avec le RJ3 uniquement.<\/p>\r\n<p><img decoding=\"async\" title=\"Base RJ3 \u00e0 broches\" data-src=\"https:\/\/res-q-jack.com\/wp-content\/uploads\/2020\/02\/Pinned-RJ3-Base.jpg\" alt=\"Base RJ3 \u00e0 broches\" src=\"data:image\/svg+xml;base64,PHN2ZyB3aWR0aD0iMSIgaGVpZ2h0PSIxIiB4bWxucz0iaHR0cDovL3d3dy53My5vcmcvMjAwMC9zdmciPjwvc3ZnPg==\" class=\"lazyload\" style=\"--smush-placeholder-width: 900px; --smush-placeholder-aspect-ratio: 900\/600;\" \/><\/p>\r\n<h5>RJ3-BASE<\/h5>\r\n<h3>Base RJ3<\/h3>\r\n<p>Notre plaque de base standard pour la s\u00e9rie RJ3. Des anneaux en D sont fix\u00e9s en permanence pour faciliter la connexion des dispositifs de retenue de base, ainsi que des sangles \u00e0 boucle CAM pour plus de commodit\u00e9. Compatible avec le RJ3 uniquement.<\/p>\r\n<p><img decoding=\"async\" title=\"T\u00eate CRG pivotante - Jaune\" data-src=\"https:\/\/res-q-jack.com\/wp-content\/uploads\/2020\/04\/Swivel-CRG-Head-Yellow.png\" alt=\"T\u00eate CRG pivotante - Jaune\" src=\"data:image\/svg+xml;base64,PHN2ZyB3aWR0aD0iMSIgaGVpZ2h0PSIxIiB4bWxucz0iaHR0cDovL3d3dy53My5vcmcvMjAwMC9zdmciPjwvc3ZnPg==\" class=\"lazyload\" style=\"--smush-placeholder-width: 900px; --smush-placeholder-aspect-ratio: 900\/600;\" \/><\/p>\r\n<h5>ALX-SCRG | STX-SCRG | RJ3-SCRG | GLX-SCRG<\/h5>\r\n<h3>T\u00eate pivotante CRG<\/h3>\r\n<p>La CRG combine les embouts Channel, Round Point et Chain Grab en une seule t\u00eate r\u00e9volutionnaire, et rend inutile le changement de t\u00eate pendant un sauvetage. L'embout CRG pivotant pivote sur 360\u00b0 pour trouver facilement les points d'achat, quel que soit l'angle. \u00c9galement disponible en tant que t\u00eate CRG fixe (RJ3-FCRG -RJ3 Jackstand uniquement).<\/p>","protected":false},"excerpt":{"rendered":"<p>Raccords d'extr\u00e9mit\u00e9 \u00e0 goupille En savoir plus sur nos accessoires T\u00eate de tr\u00e9pied ALX-TRPD| RJ3-TRPD | GLX-TRPD Transformez vos \u00e9tais \u00e0 goupille en tr\u00e9pied pour les sc\u00e9narios de sauvetage technique. Comprend une couronne en acier rev\u00eatue de poudre et des jambes en acier tubulaire. Fixation avec nos goupilles de verrouillage en acier tremp\u00e9. Les t\u00eates Steel X \/ RJ3 et GreenLite comprennent des extensions de 36\u2033 pour atteindre...<\/p>","protected":false},"author":2,"featured_media":0,"parent":44,"menu_order":0,"comment_status":"closed","ping_status":"closed","template":"","meta":{"footnotes":""},"class_list":["post-197","page","type-page","status-publish","hentry"],"yoast_head":"<!-- This site is optimized with the Yoast SEO plugin v27.2 - https:\/\/yoast.com\/product\/yoast-seo-wordpress\/ -->\n<title>Pinned End Fittings | Res-Q-Jack, Inc.<\/title>\n<meta name=\"robots\" content=\"index, follow, max-snippet:-1, max-image-preview:large, max-video-preview:-1\" \/>\n<link rel=\"canonical\" href=\"https:\/\/res-q-jack.com\/fr\/accessoires\/raccords-a-broches\/\" \/>\n<meta property=\"og:locale\" content=\"fr_FR\" \/>\n<meta property=\"og:type\" content=\"article\" \/>\n<meta property=\"og:title\" content=\"Pinned End Fittings | Res-Q-Jack, Inc.\" \/>\n<meta property=\"og:description\" content=\"Pinned End Fittings Learn more about our accessories ALX-TRPD| RJ3-TRPD | GLX-TRPD Tripod Head Turn your pin-operated struts into a tripod for technical rescue scenarios. Features powder coated steel crown and tubular steel legs. Secured with our hardened steel tab lock pins. Steel X \/ RJ3 and GreenLite heads include 36&#8243; extensions to reach up&hellip;\" \/>\n<meta property=\"og:url\" content=\"https:\/\/res-q-jack.com\/fr\/accessoires\/raccords-a-broches\/\" \/>\n<meta property=\"og:site_name\" content=\"Res-Q-Jack, Inc.\" \/>\n<meta property=\"article:modified_time\" content=\"2024-02-27T17:33:18+00:00\" \/>\n<meta property=\"og:image\" content=\"https:\/\/res-q-jack.com\/wp-content\/uploads\/2020\/02\/Pinned-Tripod-Head.jpg\" \/>\n<meta name=\"twitter:card\" content=\"summary_large_image\" \/>\n<meta name=\"twitter:label1\" content=\"Dur\u00e9e de lecture estim\u00e9e\" \/>\n\t<meta name=\"twitter:data1\" content=\"4 minutes\" \/>\n<script type=\"application\/ld+json\" class=\"yoast-schema-graph\">{\"@context\":\"https:\/\/schema.org\",\"@graph\":[{\"@type\":\"WebPage\",\"@id\":\"https:\/\/res-q-jack.com\/accessories\/pinned-end-fittings\/\",\"url\":\"https:\/\/res-q-jack.com\/accessories\/pinned-end-fittings\/\",\"name\":\"Pinned End Fittings | Res-Q-Jack, Inc.\",\"isPartOf\":{\"@id\":\"https:\/\/res-q-jack.com\/#website\"},\"primaryImageOfPage\":{\"@id\":\"https:\/\/res-q-jack.com\/accessories\/pinned-end-fittings\/#primaryimage\"},\"image\":{\"@id\":\"https:\/\/res-q-jack.com\/accessories\/pinned-end-fittings\/#primaryimage\"},\"thumbnailUrl\":\"https:\/\/res-q-jack.com\/wp-content\/uploads\/2020\/02\/Pinned-Tripod-Head.jpg\",\"datePublished\":\"2019-12-18T23:33:03+00:00\",\"dateModified\":\"2024-02-27T17:33:18+00:00\",\"breadcrumb\":{\"@id\":\"https:\/\/res-q-jack.com\/accessories\/pinned-end-fittings\/#breadcrumb\"},\"inLanguage\":\"fr-FR\",\"potentialAction\":[{\"@type\":\"ReadAction\",\"target\":[\"https:\/\/res-q-jack.com\/accessories\/pinned-end-fittings\/\"]}]},{\"@type\":\"ImageObject\",\"inLanguage\":\"fr-FR\",\"@id\":\"https:\/\/res-q-jack.com\/accessories\/pinned-end-fittings\/#primaryimage\",\"url\":\"https:\/\/res-q-jack.com\/wp-content\/uploads\/2020\/02\/Pinned-Tripod-Head.jpg\",\"contentUrl\":\"https:\/\/res-q-jack.com\/wp-content\/uploads\/2020\/02\/Pinned-Tripod-Head.jpg\"},{\"@type\":\"BreadcrumbList\",\"@id\":\"https:\/\/res-q-jack.com\/accessories\/pinned-end-fittings\/#breadcrumb\",\"itemListElement\":[{\"@type\":\"ListItem\",\"position\":1,\"name\":\"Home\",\"item\":\"https:\/\/res-q-jack.com\/\"},{\"@type\":\"ListItem\",\"position\":2,\"name\":\"Accessories\",\"item\":\"https:\/\/res-q-jack.com\/accessories\/\"},{\"@type\":\"ListItem\",\"position\":3,\"name\":\"Pinned End Fittings\"}]},{\"@type\":\"WebSite\",\"@id\":\"https:\/\/res-q-jack.com\/#website\",\"url\":\"https:\/\/res-q-jack.com\/\",\"name\":\"Res-Q-Jack, Inc.\",\"description\":\"Vehicle Stabilization Struts\",\"publisher\":{\"@id\":\"https:\/\/res-q-jack.com\/#organization\"},\"potentialAction\":[{\"@type\":\"SearchAction\",\"target\":{\"@type\":\"EntryPoint\",\"urlTemplate\":\"https:\/\/res-q-jack.com\/?s={search_term_string}\"},\"query-input\":{\"@type\":\"PropertyValueSpecification\",\"valueRequired\":true,\"valueName\":\"search_term_string\"}}],\"inLanguage\":\"fr-FR\"},{\"@type\":\"Organization\",\"@id\":\"https:\/\/res-q-jack.com\/#organization\",\"name\":\"Res-Q-Jack, Inc.\",\"url\":\"https:\/\/res-q-jack.com\/\",\"logo\":{\"@type\":\"ImageObject\",\"inLanguage\":\"fr-FR\",\"@id\":\"https:\/\/res-q-jack.com\/#\/schema\/logo\/image\/\",\"url\":\"https:\/\/res-q-jack.com\/wp-content\/uploads\/2020\/03\/Res-Q-Jack-SEO-Logo.png\",\"contentUrl\":\"https:\/\/res-q-jack.com\/wp-content\/uploads\/2020\/03\/Res-Q-Jack-SEO-Logo.png\",\"width\":612,\"height\":138,\"caption\":\"Res-Q-Jack, Inc.\"},\"image\":{\"@id\":\"https:\/\/res-q-jack.com\/#\/schema\/logo\/image\/\"}}]}<\/script>\n<!-- \/ Yoast SEO plugin. -->","yoast_head_json":{"title":"Raccords \u00e0 goupille | Res-Q-Jack, Inc.","robots":{"index":"index","follow":"follow","max-snippet":"max-snippet:-1","max-image-preview":"max-image-preview:large","max-video-preview":"max-video-preview:-1"},"canonical":"https:\/\/res-q-jack.com\/fr\/accessoires\/raccords-a-broches\/","og_locale":"fr_FR","og_type":"article","og_title":"Pinned End Fittings | Res-Q-Jack, Inc.","og_description":"Pinned End Fittings Learn more about our accessories ALX-TRPD| RJ3-TRPD | GLX-TRPD Tripod Head Turn your pin-operated struts into a tripod for technical rescue scenarios. Features powder coated steel crown and tubular steel legs. Secured with our hardened steel tab lock pins. Steel X \/ RJ3 and GreenLite heads include 36&#8243; extensions to reach up&hellip;","og_url":"https:\/\/res-q-jack.com\/fr\/accessoires\/raccords-a-broches\/","og_site_name":"Res-Q-Jack, Inc.","article_modified_time":"2024-02-27T17:33:18+00:00","og_image":[{"url":"https:\/\/res-q-jack.com\/wp-content\/uploads\/2020\/02\/Pinned-Tripod-Head.jpg","type":"","width":"","height":""}],"twitter_card":"summary_large_image","twitter_misc":{"Dur\u00e9e de lecture estim\u00e9e":"4 minutes"},"schema":{"@context":"https:\/\/schema.org","@graph":[{"@type":"WebPage","@id":"https:\/\/res-q-jack.com\/accessories\/pinned-end-fittings\/","url":"https:\/\/res-q-jack.com\/accessories\/pinned-end-fittings\/","name":"Raccords \u00e0 goupille | Res-Q-Jack, Inc.","isPartOf":{"@id":"https:\/\/res-q-jack.com\/#website"},"primaryImageOfPage":{"@id":"https:\/\/res-q-jack.com\/accessories\/pinned-end-fittings\/#primaryimage"},"image":{"@id":"https:\/\/res-q-jack.com\/accessories\/pinned-end-fittings\/#primaryimage"},"thumbnailUrl":"https:\/\/res-q-jack.com\/wp-content\/uploads\/2020\/02\/Pinned-Tripod-Head.jpg","datePublished":"2019-12-18T23:33:03+00:00","dateModified":"2024-02-27T17:33:18+00:00","breadcrumb":{"@id":"https:\/\/res-q-jack.com\/accessories\/pinned-end-fittings\/#breadcrumb"},"inLanguage":"fr-FR","potentialAction":[{"@type":"ReadAction","target":["https:\/\/res-q-jack.com\/accessories\/pinned-end-fittings\/"]}]},{"@type":"ImageObject","inLanguage":"fr-FR","@id":"https:\/\/res-q-jack.com\/accessories\/pinned-end-fittings\/#primaryimage","url":"https:\/\/res-q-jack.com\/wp-content\/uploads\/2020\/02\/Pinned-Tripod-Head.jpg","contentUrl":"https:\/\/res-q-jack.com\/wp-content\/uploads\/2020\/02\/Pinned-Tripod-Head.jpg"},{"@type":"BreadcrumbList","@id":"https:\/\/res-q-jack.com\/accessories\/pinned-end-fittings\/#breadcrumb","itemListElement":[{"@type":"ListItem","position":1,"name":"Home","item":"https:\/\/res-q-jack.com\/"},{"@type":"ListItem","position":2,"name":"Accessories","item":"https:\/\/res-q-jack.com\/accessories\/"},{"@type":"ListItem","position":3,"name":"Pinned End Fittings"}]},{"@type":"WebSite","@id":"https:\/\/res-q-jack.com\/#website","url":"https:\/\/res-q-jack.com\/","name":"Res-Q-Jack, Inc.","description":"Stabilisateurs de v\u00e9hicules","publisher":{"@id":"https:\/\/res-q-jack.com\/#organization"},"potentialAction":[{"@type":"SearchAction","target":{"@type":"EntryPoint","urlTemplate":"https:\/\/res-q-jack.com\/?s={search_term_string}"},"query-input":{"@type":"PropertyValueSpecification","valueRequired":true,"valueName":"search_term_string"}}],"inLanguage":"fr-FR"},{"@type":"Organization","@id":"https:\/\/res-q-jack.com\/#organization","name":"Res-Q-Jack, Inc.","url":"https:\/\/res-q-jack.com\/","logo":{"@type":"ImageObject","inLanguage":"fr-FR","@id":"https:\/\/res-q-jack.com\/#\/schema\/logo\/image\/","url":"https:\/\/res-q-jack.com\/wp-content\/uploads\/2020\/03\/Res-Q-Jack-SEO-Logo.png","contentUrl":"https:\/\/res-q-jack.com\/wp-content\/uploads\/2020\/03\/Res-Q-Jack-SEO-Logo.png","width":612,"height":138,"caption":"Res-Q-Jack, Inc."},"image":{"@id":"https:\/\/res-q-jack.com\/#\/schema\/logo\/image\/"}}]}},"_links":{"self":[{"href":"https:\/\/res-q-jack.com\/fr\/wp-json\/wp\/v2\/pages\/197","targetHints":{"allow":["GET"]}}],"collection":[{"href":"https:\/\/res-q-jack.com\/fr\/wp-json\/wp\/v2\/pages"}],"about":[{"href":"https:\/\/res-q-jack.com\/fr\/wp-json\/wp\/v2\/types\/page"}],"author":[{"embeddable":true,"href":"https:\/\/res-q-jack.com\/fr\/wp-json\/wp\/v2\/users\/2"}],"replies":[{"embeddable":true,"href":"https:\/\/res-q-jack.com\/fr\/wp-json\/wp\/v2\/comments?post=197"}],"version-history":[{"count":0,"href":"https:\/\/res-q-jack.com\/fr\/wp-json\/wp\/v2\/pages\/197\/revisions"}],"up":[{"embeddable":true,"href":"https:\/\/res-q-jack.com\/fr\/wp-json\/wp\/v2\/pages\/44"}],"wp:attachment":[{"href":"https:\/\/res-q-jack.com\/fr\/wp-json\/wp\/v2\/media?parent=197"}],"curies":[{"name":"wp","href":"https:\/\/api.w.org\/{rel}","templated":true}]}}