{"id":187,"date":"2019-12-18T16:18:26","date_gmt":"2019-12-18T21:18:26","guid":{"rendered":"https:\/\/resqjack.wpengine.com\/?page_id=187"},"modified":"2026-04-14T08:59:56","modified_gmt":"2026-04-14T13:59:56","slug":"jambes-de-stabilisation-du-vehicule","status":"publish","type":"page","link":"https:\/\/res-q-jack.com\/fr\/struts\/vehicle-stabilization-struts\/","title":{"rendered":"Stabilisateurs de v\u00e9hicules"},"content":{"rendered":"<h3>Heavy, Standard &amp; Light-Duty<\/h3>\r\n<h1>Stabilisateurs de v\u00e9hicules<\/h1>\r\n<p>Nos jambes de force sont con\u00e7ues, fabriqu\u00e9es \u00e0 la main et rigoureusement test\u00e9es aux \u00c9tats-Unis, afin de vous offrir une jambe de force fiable et \u00e0 d\u00e9ploiement rapide pour tout sc\u00e9nario de sauvetage.<\/p>\r\n<p><img decoding=\"async\" title=\"ic\u00f4ne du camion de ciment\" data-src=\"https:\/\/res-q-jack.com\/wp-content\/uploads\/2020\/06\/cement-truck-icon.png\" alt=\"Stabilisateurs et jambes de force de sauvetage pour v\u00e9hicules lourds\" src=\"data:image\/svg+xml;base64,PHN2ZyB3aWR0aD0iMSIgaGVpZ2h0PSIxIiB4bWxucz0iaHR0cDovL3d3dy53My5vcmcvMjAwMC9zdmciPjwvc3ZnPg==\" class=\"lazyload\" style=\"--smush-placeholder-width: 115px; --smush-placeholder-aspect-ratio: 115\/115;\" \/><\/p>\r\n<h3>Heavy-Duty<\/h3>\r\n<h2>Stabilisateurs de v\u00e9hicules<\/h2>\r\n<p>Nos jambes de force \u00e0 usage intensif ont des charges de travail nominales de 10 000 lb \u00e0 20 000 lb (2:1) pour une utilisation avec de gros v\u00e9hicules, l'\u00e9tayage structurel et le sauvetage technique.<\/p>\r\n<p><img decoding=\"async\" title=\"Super X-Strut Series Stabilisateur de v\u00e9hicule pour service lourd\" data-src=\"https:\/\/res-q-jack.com\/wp-content\/uploads\/2019\/12\/Super-X-Strut-Series-Heavy-Duty-Vehicle-Stabilization-Strut-100x300.png\" alt=\"Super X-Strut Series Stabilisateur de v\u00e9hicule pour service lourd\" src=\"data:image\/svg+xml;base64,PHN2ZyB3aWR0aD0iMSIgaGVpZ2h0PSIxIiB4bWxucz0iaHR0cDovL3d3dy53My5vcmcvMjAwMC9zdmciPjwvc3ZnPg==\" class=\"lazyload\" style=\"--smush-placeholder-width: 100px; --smush-placeholder-aspect-ratio: 100\/300;\" \/><\/p>\r\n<h5><img decoding=\"async\" data-src=\"https:\/\/res-q-jack.com\/wp-content\/uploads\/2020\/05\/Pin-Free-Stabilization-Struts-95x18-1.png\" src=\"data:image\/svg+xml;base64,PHN2ZyB3aWR0aD0iMSIgaGVpZ2h0PSIxIiB4bWxucz0iaHR0cDovL3d3dy53My5vcmcvMjAwMC9zdmciPjwvc3ZnPg==\" class=\"lazyload\" style=\"--smush-placeholder-width: 95px; --smush-placeholder-aspect-ratio: 95\/18;\" \/><\/h5>\r\n<h3>Super X-Strut Series<\/h3>\r\n<p>Le Super X est notre gamme d'\u00e9tais la plus r\u00e9sistante, con\u00e7ue pour le sauvetage de v\u00e9hicules lourds, l'\u00e9tayage structurel et le sauvetage technique.\u00a0<\/p>\r\n<p><strong>Limite de charge utile : 19 300 lb (facteur de s\u00e9curit\u00e9 de 2:1)<\/strong><\/p>\r\n<p><a role=\"button\" href=\"https:\/\/res-q-jack.com\/fr\/jambes-de-force\/jambes-de-stabilisation-du-vehicule\/jambes-de-stabilisation-pour-vehicules-lourds\/super-x-strut\/\" target=\"_self\" rel=\"noopener noreferrer\"> Voir les d\u00e9tails <\/a> <img decoding=\"async\" title=\"Apex X-Struct Series Heavy-Duty Pin-Free Vehicle Stabilization Strut (jambe de force de stabilisation de v\u00e9hicule sans broche)\" data-src=\"https:\/\/res-q-jack.com\/wp-content\/uploads\/2020\/04\/Apex-X-Struct-Series-Heavy-Duty-Pin-Free-Vehicle-Stabilization-Strut-100x300.jpg\" alt=\"Apex X-Struct Series Heavy-Duty Pin-Free Vehicle Stabilization Strut (jambe de force de stabilisation de v\u00e9hicule sans broche)\" src=\"data:image\/svg+xml;base64,PHN2ZyB3aWR0aD0iMSIgaGVpZ2h0PSIxIiB4bWxucz0iaHR0cDovL3d3dy53My5vcmcvMjAwMC9zdmciPjwvc3ZnPg==\" class=\"lazyload\" style=\"--smush-placeholder-width: 100px; --smush-placeholder-aspect-ratio: 100\/300;\" \/><\/p>\r\n<h5><img decoding=\"async\" data-src=\"https:\/\/res-q-jack.com\/wp-content\/uploads\/2020\/05\/Pin-Free-Stabilization-Struts-95x18-1.png\" src=\"data:image\/svg+xml;base64,PHN2ZyB3aWR0aD0iMSIgaGVpZ2h0PSIxIiB4bWxucz0iaHR0cDovL3d3dy53My5vcmcvMjAwMC9zdmciPjwvc3ZnPg==\" class=\"lazyload\" style=\"--smush-placeholder-width: 95px; --smush-placeholder-aspect-ratio: 95\/18;\" \/><\/h5>\r\n<h3>Apex X-Strut Series<\/h3>\r\n<p>L'Apex est notre toute derni\u00e8re gamme de jambes de force sans axe, con\u00e7ue pour la plupart des sc\u00e9narios de sauvetage de v\u00e9hicules.\u00a0\u00a0<\/p>\r\n<p><strong>Limite de charge utile : jusqu'\u00e0 12 500 lb (facteur de s\u00e9curit\u00e9 2:1)<\/strong><\/p>\r\n<p><a role=\"button\" href=\"https:\/\/res-q-jack.com\/fr\/jambes-de-force\/jambes-de-stabilisation-du-vehicule\/jambes-de-stabilisation-pour-vehicules-lourds\/apex-x-strut\/\" target=\"_self\" rel=\"noopener noreferrer\"> Voir les d\u00e9tails <\/a> <img decoding=\"async\" title=\"Stabilisateur de v\u00e9hicule \u00e0 goupille en aluminium de la s\u00e9rie X-Strut pour usage intensif\" data-src=\"https:\/\/res-q-jack.com\/wp-content\/uploads\/2019\/12\/Aluminum-X-Strut-Series-Heavy-Duty-Pinned-Vehicle-Stabilization-Strut-100x300.png\" alt=\"Stabilisateur de v\u00e9hicule \u00e0 goupille en aluminium de la s\u00e9rie X-Strut pour usage intensif\" src=\"data:image\/svg+xml;base64,PHN2ZyB3aWR0aD0iMSIgaGVpZ2h0PSIxIiB4bWxucz0iaHR0cDovL3d3dy53My5vcmcvMjAwMC9zdmciPjwvc3ZnPg==\" class=\"lazyload\" style=\"--smush-placeholder-width: 100px; --smush-placeholder-aspect-ratio: 100\/300;\" \/><\/p>\r\n<h3>Aluminum X-Strut Series<\/h3>\r\n<p>La jambe de force X-Strut en aluminium est notre gamme de jambes de force \u00e0 goupille la plus robuste, con\u00e7ue pour le sauvetage de v\u00e9hicules lourds ainsi que pour d'autres applications diverses.<\/p>\r\n<p><strong>Limite de charge utile : 10 000 lb (facteur de s\u00e9curit\u00e9 de 2:1)<\/strong><\/p>\r\n<p><a role=\"button\" href=\"https:\/\/res-q-jack.com\/fr\/jambes-de-force\/jambes-de-stabilisation-du-vehicule\/jambes-de-stabilisation-pour-vehicules-lourds\/aluminium-x-strut\/\" target=\"_self\" rel=\"noopener noreferrer\"> Voir les d\u00e9tails <\/a> <img decoding=\"async\" title=\"ic\u00f4ne de prise en charge\" data-src=\"https:\/\/res-q-jack.com\/wp-content\/uploads\/2020\/06\/pickup-icon.png\" alt=\"Stabilisateurs et jambes de force de sauvetage pour v\u00e9hicules de service normal\" src=\"data:image\/svg+xml;base64,PHN2ZyB3aWR0aD0iMSIgaGVpZ2h0PSIxIiB4bWxucz0iaHR0cDovL3d3dy53My5vcmcvMjAwMC9zdmciPjwvc3ZnPg==\" class=\"lazyload\" style=\"--smush-placeholder-width: 115px; --smush-placeholder-aspect-ratio: 115\/115;\" \/><\/p>\r\n<h3>Standard-Duty<\/h3>\r\n<h2>Stabilisateurs de v\u00e9hicules<\/h2>\r\n<p>Nos jambes de force standard ont des charges de travail nominales de 4 000 lb (2:1) pour une utilisation avec les camions l\u00e9gers, les VUS et les v\u00e9hicules typiques.<\/p>\r\n<p><img decoding=\"async\" title=\"Stabilisateur de v\u00e9hicule \u00e0 usage standard de la s\u00e9rie X-Strut en acier\" data-src=\"https:\/\/res-q-jack.com\/wp-content\/uploads\/2019\/12\/Steel-X-Strut-Series-Standard-Duty-Vehicle-Stabilization-Strut.jpg\" alt=\"Stabilisateur de v\u00e9hicule \u00e0 usage standard de la s\u00e9rie X-Strut en acier\" src=\"data:image\/svg+xml;base64,PHN2ZyB3aWR0aD0iMSIgaGVpZ2h0PSIxIiB4bWxucz0iaHR0cDovL3d3dy53My5vcmcvMjAwMC9zdmciPjwvc3ZnPg==\" class=\"lazyload\" style=\"--smush-placeholder-width: 220px; --smush-placeholder-aspect-ratio: 220\/660;\" \/><\/p>\r\n<h3>Steel X-Strut Series Struts<\/h3>\r\n<p>La s\u00e9rie Steel X-Strut est notre ligne originale de X-Strut con\u00e7ue pour le sauvetage de v\u00e9hicules typiques.<\/p>\r\n<p><strong>Limite de charge utile : 4 000 lb (facteur de s\u00e9curit\u00e9 2:1)<\/strong><\/p>\r\n<p><a role=\"button\" href=\"https:\/\/res-q-jack.com\/fr\/jambes-de-force\/jambes-de-stabilisation-du-vehicule\/jambes-de-stabilisation-de-vehicule-a-usage-standard\/acier-x-strut\/\" target=\"_self\" rel=\"noopener noreferrer\"> Voir les d\u00e9tails <\/a> <img decoding=\"async\" title=\"S\u00e9rie RJ3 Stabilisateur de v\u00e9hicule de service normal\" data-src=\"https:\/\/res-q-jack.com\/wp-content\/uploads\/2019\/12\/RJ3-Series-Standard-Duty-Vehicle-Stabilization-Strut-100x300.jpg\" alt=\"S\u00e9rie RJ3 Stabilisateur de v\u00e9hicule de service normal\" src=\"data:image\/svg+xml;base64,PHN2ZyB3aWR0aD0iMSIgaGVpZ2h0PSIxIiB4bWxucz0iaHR0cDovL3d3dy53My5vcmcvMjAwMC9zdmciPjwvc3ZnPg==\" class=\"lazyload\" style=\"--smush-placeholder-width: 100px; --smush-placeholder-aspect-ratio: 100\/300;\" \/><\/p>\r\n<h3>Entretoises de la s\u00e9rie RJ3<\/h3>\r\n<p>La s\u00e9rie RJ3 est une gamme originale d'\u00e9tais de stabilisation en acier con\u00e7us pour le sauvetage de v\u00e9hicules typiques.<\/p>\r\n<p><strong>Limite de charge utile : 4 000 lb (facteur de s\u00e9curit\u00e9 2:1)<\/strong><\/p>\r\n<p><a role=\"button\" href=\"https:\/\/res-q-jack.com\/fr\/jambes-de-force\/jambes-de-stabilisation-du-vehicule\/jambes-de-stabilisation-de-vehicule-a-usage-standard\/rj3-jkst-jackstand\/\" target=\"_self\" rel=\"noopener noreferrer\"> Voir les d\u00e9tails <\/a> <img decoding=\"async\" title=\"ic\u00f4ne de voiture\" data-src=\"https:\/\/res-q-jack.com\/wp-content\/uploads\/2020\/06\/car-icon.png\" alt=\"Stabilisateurs et jambes de force de sauvetage pour v\u00e9hicules l\u00e9gers\" src=\"data:image\/svg+xml;base64,PHN2ZyB3aWR0aD0iMSIgaGVpZ2h0PSIxIiB4bWxucz0iaHR0cDovL3d3dy53My5vcmcvMjAwMC9zdmciPjwvc3ZnPg==\" class=\"lazyload\" style=\"--smush-placeholder-width: 115px; --smush-placeholder-aspect-ratio: 115\/115;\" \/><\/p>\r\n<h3>Travaux l\u00e9gers<\/h3>\r\n<h2>Stabilisateurs de v\u00e9hicules<\/h2>\r\n<p>Nos jambes de force ont des charges de travail inf\u00e9rieures \u00e0 4 000 livres (2:1) pour une utilisation avec des voitures compactes et des v\u00e9hicules plus l\u00e9gers.<\/p>\r\n<p><img decoding=\"async\" title=\"Stabilisateur de v\u00e9hicule l\u00e9ger Auto X-Strut Series\" data-src=\"https:\/\/res-q-jack.com\/wp-content\/uploads\/2019\/12\/Auto-X-Strut-Series-Light-Duty-Vehicle-Stabilization-Strut-100x300.jpg\" alt=\"Stabilisateur de v\u00e9hicule l\u00e9ger Auto X-Strut Series\" src=\"data:image\/svg+xml;base64,PHN2ZyB3aWR0aD0iMSIgaGVpZ2h0PSIxIiB4bWxucz0iaHR0cDovL3d3dy53My5vcmcvMjAwMC9zdmciPjwvc3ZnPg==\" class=\"lazyload\" style=\"--smush-placeholder-width: 100px; --smush-placeholder-aspect-ratio: 100\/300;\" \/><\/p>\r\n<h5><img decoding=\"async\" data-src=\"https:\/\/res-q-jack.com\/wp-content\/uploads\/2020\/05\/Pin-Free-Stabilization-Struts-95x18-1.png\" src=\"data:image\/svg+xml;base64,PHN2ZyB3aWR0aD0iMSIgaGVpZ2h0PSIxIiB4bWxucz0iaHR0cDovL3d3dy53My5vcmcvMjAwMC9zdmciPjwvc3ZnPg==\" class=\"lazyload\" style=\"--smush-placeholder-width: 95px; --smush-placeholder-aspect-ratio: 95\/18;\" \/><\/h5>\r\n<h3>Auto X-Strut Series<\/h3>\r\n<p>L'Auto X est notre jambe de force l\u00e9g\u00e8re sans axe pour une stabilisation et un levage rapides comme l'\u00e9clair des petits v\u00e9hicules typiques.<\/p>\r\n<p><strong>Limite de charge utile : 3 250 lb (facteur de s\u00e9curit\u00e9 2:1)<\/strong><\/p>\r\n<p><a role=\"button\" href=\"https:\/\/res-q-jack.com\/fr\/jambes-de-force\/jambes-de-stabilisation-du-vehicule\/jambes-de-stabilisation-pour-vehicules-legers\/auto-x-strut\/\" target=\"_self\" rel=\"noopener noreferrer\"> Voir les d\u00e9tails <\/a> <img decoding=\"async\" title=\"Stabilisateur de v\u00e9hicule l\u00e9ger GreenLite X-Strut Series\" data-src=\"https:\/\/res-q-jack.com\/wp-content\/uploads\/2019\/12\/GreenLite-X-Strut-Series-Light-Duty-Vehicle-Stabilization-Strut-100x300.jpg\" alt=\"Stabilisateur de v\u00e9hicule l\u00e9ger GreenLite X-Strut Series\" src=\"data:image\/svg+xml;base64,PHN2ZyB3aWR0aD0iMSIgaGVpZ2h0PSIxIiB4bWxucz0iaHR0cDovL3d3dy53My5vcmcvMjAwMC9zdmciPjwvc3ZnPg==\" class=\"lazyload\" style=\"--smush-placeholder-width: 100px; --smush-placeholder-aspect-ratio: 100\/300;\" \/><\/p>\r\n<h3>GreenLite\u2122 X-Strut Series<\/h3>\r\n<p>La s\u00e9rie GreenLite est notre gamme de X-Strut la plus abordable, con\u00e7ue pour une stabilisation rapide avec la possibilit\u00e9 de soulever lorsque cela est n\u00e9cessaire.<\/p>\r\n<p><strong>Limite de charge utile : 2 500 lb (facteur de s\u00e9curit\u00e9 2:1)<\/strong><\/p>\r\n<p><a role=\"button\" href=\"https:\/\/res-q-jack.com\/fr\/jambes-de-force\/jambes-de-stabilisation-du-vehicule\/jambes-de-stabilisation-pour-vehicules-legers\/greenlite-x-strut\/\" target=\"_self\" rel=\"noopener noreferrer\"> Voir les d\u00e9tails <\/a><\/p>\r\n<h4>Vous avez des questions ? Appelez-nous au 1-800-466-9626.<\/h4>","protected":false},"excerpt":{"rendered":"<p>Heavy, Standard &amp; Light-Duty Vehicle Stabilization Struts Our struts are designed, hand-made and rigorously tested in the USA, to give you a fast-deploying and reliable strut for any rescue scenario. Heavy-Duty Vehicle Stabilization Struts Our heavy-duty struts have rated working loads of 10,000 lbs. to 20,000 (2:1) for use with large vehicles, structural shoring &amp;&hellip;<\/p>","protected":false},"author":2,"featured_media":0,"parent":42,"menu_order":0,"comment_status":"closed","ping_status":"closed","template":"","meta":{"footnotes":""},"class_list":["post-187","page","type-page","status-publish","hentry"],"yoast_head":"<!-- This site is optimized with the Yoast SEO plugin v27.2 - https:\/\/yoast.com\/product\/yoast-seo-wordpress\/ -->\n<title>Vehicle Stabilization Struts | Res-Q-Jack, Inc.<\/title>\n<meta name=\"description\" content=\"Vehicle stabilization struts by Res-Q-Jack\u2014built for swift, secure support in emergency rescues. Enhance your team\u2019s efficiency today.\" \/>\n<meta name=\"robots\" content=\"index, follow, max-snippet:-1, max-image-preview:large, max-video-preview:-1\" \/>\n<link rel=\"canonical\" href=\"https:\/\/res-q-jack.com\/fr\/jambes-de-force\/jambes-de-stabilisation-du-vehicule\/\" \/>\n<meta property=\"og:locale\" content=\"fr_FR\" \/>\n<meta property=\"og:type\" content=\"article\" \/>\n<meta property=\"og:title\" content=\"Vehicle Stabilization Struts | Res-Q-Jack, Inc.\" \/>\n<meta property=\"og:description\" content=\"Vehicle stabilization struts by Res-Q-Jack\u2014built for swift, secure support in emergency rescues. Enhance your team\u2019s efficiency today.\" \/>\n<meta property=\"og:url\" content=\"https:\/\/res-q-jack.com\/fr\/jambes-de-force\/jambes-de-stabilisation-du-vehicule\/\" \/>\n<meta property=\"og:site_name\" content=\"Res-Q-Jack, Inc.\" \/>\n<meta property=\"article:modified_time\" content=\"2026-04-14T13:59:56+00:00\" \/>\n<meta property=\"og:image\" content=\"https:\/\/res-q-jack.com\/wp-content\/uploads\/2020\/06\/cement-truck-icon.png\" \/>\n<meta name=\"twitter:card\" content=\"summary_large_image\" \/>\n<meta name=\"twitter:label1\" content=\"Dur\u00e9e de lecture estim\u00e9e\" \/>\n\t<meta name=\"twitter:data1\" content=\"5 minutes\" \/>\n<script type=\"application\/ld+json\" class=\"yoast-schema-graph\">{\"@context\":\"https:\/\/schema.org\",\"@graph\":[{\"@type\":\"WebPage\",\"@id\":\"https:\/\/res-q-jack.com\/struts\/vehicle-stabilization-struts\/\",\"url\":\"https:\/\/res-q-jack.com\/struts\/vehicle-stabilization-struts\/\",\"name\":\"Vehicle Stabilization Struts | Res-Q-Jack, Inc.\",\"isPartOf\":{\"@id\":\"https:\/\/res-q-jack.com\/#website\"},\"primaryImageOfPage\":{\"@id\":\"https:\/\/res-q-jack.com\/struts\/vehicle-stabilization-struts\/#primaryimage\"},\"image\":{\"@id\":\"https:\/\/res-q-jack.com\/struts\/vehicle-stabilization-struts\/#primaryimage\"},\"thumbnailUrl\":\"https:\/\/res-q-jack.com\/wp-content\/uploads\/2020\/06\/cement-truck-icon.png\",\"datePublished\":\"2019-12-18T21:18:26+00:00\",\"dateModified\":\"2026-04-14T13:59:56+00:00\",\"description\":\"Vehicle stabilization struts by Res-Q-Jack\u2014built for swift, secure support in emergency rescues. Enhance your team\u2019s efficiency today.\",\"breadcrumb\":{\"@id\":\"https:\/\/res-q-jack.com\/struts\/vehicle-stabilization-struts\/#breadcrumb\"},\"inLanguage\":\"fr-FR\",\"potentialAction\":[{\"@type\":\"ReadAction\",\"target\":[\"https:\/\/res-q-jack.com\/struts\/vehicle-stabilization-struts\/\"]}]},{\"@type\":\"ImageObject\",\"inLanguage\":\"fr-FR\",\"@id\":\"https:\/\/res-q-jack.com\/struts\/vehicle-stabilization-struts\/#primaryimage\",\"url\":\"https:\/\/res-q-jack.com\/wp-content\/uploads\/2020\/06\/cement-truck-icon.png\",\"contentUrl\":\"https:\/\/res-q-jack.com\/wp-content\/uploads\/2020\/06\/cement-truck-icon.png\"},{\"@type\":\"BreadcrumbList\",\"@id\":\"https:\/\/res-q-jack.com\/struts\/vehicle-stabilization-struts\/#breadcrumb\",\"itemListElement\":[{\"@type\":\"ListItem\",\"position\":1,\"name\":\"Home\",\"item\":\"https:\/\/res-q-jack.com\/\"},{\"@type\":\"ListItem\",\"position\":2,\"name\":\"Rescue Struts\",\"item\":\"https:\/\/res-q-jack.com\/struts\/\"},{\"@type\":\"ListItem\",\"position\":3,\"name\":\"Vehicle Stabilization Struts\"}]},{\"@type\":\"WebSite\",\"@id\":\"https:\/\/res-q-jack.com\/#website\",\"url\":\"https:\/\/res-q-jack.com\/\",\"name\":\"Res-Q-Jack, Inc.\",\"description\":\"Vehicle Stabilization Struts\",\"publisher\":{\"@id\":\"https:\/\/res-q-jack.com\/#organization\"},\"potentialAction\":[{\"@type\":\"SearchAction\",\"target\":{\"@type\":\"EntryPoint\",\"urlTemplate\":\"https:\/\/res-q-jack.com\/?s={search_term_string}\"},\"query-input\":{\"@type\":\"PropertyValueSpecification\",\"valueRequired\":true,\"valueName\":\"search_term_string\"}}],\"inLanguage\":\"fr-FR\"},{\"@type\":\"Organization\",\"@id\":\"https:\/\/res-q-jack.com\/#organization\",\"name\":\"Res-Q-Jack, Inc.\",\"url\":\"https:\/\/res-q-jack.com\/\",\"logo\":{\"@type\":\"ImageObject\",\"inLanguage\":\"fr-FR\",\"@id\":\"https:\/\/res-q-jack.com\/#\/schema\/logo\/image\/\",\"url\":\"https:\/\/res-q-jack.com\/wp-content\/uploads\/2020\/03\/Res-Q-Jack-SEO-Logo.png\",\"contentUrl\":\"https:\/\/res-q-jack.com\/wp-content\/uploads\/2020\/03\/Res-Q-Jack-SEO-Logo.png\",\"width\":612,\"height\":138,\"caption\":\"Res-Q-Jack, Inc.\"},\"image\":{\"@id\":\"https:\/\/res-q-jack.com\/#\/schema\/logo\/image\/\"}}]}<\/script>\n<!-- \/ Yoast SEO plugin. -->","yoast_head_json":{"title":"Stabilisateurs de v\u00e9hicules | Res-Q-Jack, Inc.","description":"Les jambes de force de stabilisation des v\u00e9hicules de Res-Q-Jack sont con\u00e7ues pour un soutien rapide et s\u00fbr lors des sauvetages d'urgence. Am\u00e9liorez l'efficacit\u00e9 de votre \u00e9quipe d\u00e8s aujourd'hui.","robots":{"index":"index","follow":"follow","max-snippet":"max-snippet:-1","max-image-preview":"max-image-preview:large","max-video-preview":"max-video-preview:-1"},"canonical":"https:\/\/res-q-jack.com\/fr\/jambes-de-force\/jambes-de-stabilisation-du-vehicule\/","og_locale":"fr_FR","og_type":"article","og_title":"Vehicle Stabilization Struts | Res-Q-Jack, Inc.","og_description":"Vehicle stabilization struts by Res-Q-Jack\u2014built for swift, secure support in emergency rescues. Enhance your team\u2019s efficiency today.","og_url":"https:\/\/res-q-jack.com\/fr\/jambes-de-force\/jambes-de-stabilisation-du-vehicule\/","og_site_name":"Res-Q-Jack, Inc.","article_modified_time":"2026-04-14T13:59:56+00:00","og_image":[{"url":"https:\/\/res-q-jack.com\/wp-content\/uploads\/2020\/06\/cement-truck-icon.png","type":"","width":"","height":""}],"twitter_card":"summary_large_image","twitter_misc":{"Dur\u00e9e de lecture estim\u00e9e":"5 minutes"},"schema":{"@context":"https:\/\/schema.org","@graph":[{"@type":"WebPage","@id":"https:\/\/res-q-jack.com\/struts\/vehicle-stabilization-struts\/","url":"https:\/\/res-q-jack.com\/struts\/vehicle-stabilization-struts\/","name":"Stabilisateurs de v\u00e9hicules | Res-Q-Jack, Inc.","isPartOf":{"@id":"https:\/\/res-q-jack.com\/#website"},"primaryImageOfPage":{"@id":"https:\/\/res-q-jack.com\/struts\/vehicle-stabilization-struts\/#primaryimage"},"image":{"@id":"https:\/\/res-q-jack.com\/struts\/vehicle-stabilization-struts\/#primaryimage"},"thumbnailUrl":"https:\/\/res-q-jack.com\/wp-content\/uploads\/2020\/06\/cement-truck-icon.png","datePublished":"2019-12-18T21:18:26+00:00","dateModified":"2026-04-14T13:59:56+00:00","description":"Les jambes de force de stabilisation des v\u00e9hicules de Res-Q-Jack sont con\u00e7ues pour un soutien rapide et s\u00fbr lors des sauvetages d'urgence. Am\u00e9liorez l'efficacit\u00e9 de votre \u00e9quipe d\u00e8s aujourd'hui.","breadcrumb":{"@id":"https:\/\/res-q-jack.com\/struts\/vehicle-stabilization-struts\/#breadcrumb"},"inLanguage":"fr-FR","potentialAction":[{"@type":"ReadAction","target":["https:\/\/res-q-jack.com\/struts\/vehicle-stabilization-struts\/"]}]},{"@type":"ImageObject","inLanguage":"fr-FR","@id":"https:\/\/res-q-jack.com\/struts\/vehicle-stabilization-struts\/#primaryimage","url":"https:\/\/res-q-jack.com\/wp-content\/uploads\/2020\/06\/cement-truck-icon.png","contentUrl":"https:\/\/res-q-jack.com\/wp-content\/uploads\/2020\/06\/cement-truck-icon.png"},{"@type":"BreadcrumbList","@id":"https:\/\/res-q-jack.com\/struts\/vehicle-stabilization-struts\/#breadcrumb","itemListElement":[{"@type":"ListItem","position":1,"name":"Home","item":"https:\/\/res-q-jack.com\/"},{"@type":"ListItem","position":2,"name":"Rescue Struts","item":"https:\/\/res-q-jack.com\/struts\/"},{"@type":"ListItem","position":3,"name":"Vehicle Stabilization Struts"}]},{"@type":"WebSite","@id":"https:\/\/res-q-jack.com\/#website","url":"https:\/\/res-q-jack.com\/","name":"Res-Q-Jack, Inc.","description":"Stabilisateurs de v\u00e9hicules","publisher":{"@id":"https:\/\/res-q-jack.com\/#organization"},"potentialAction":[{"@type":"SearchAction","target":{"@type":"EntryPoint","urlTemplate":"https:\/\/res-q-jack.com\/?s={search_term_string}"},"query-input":{"@type":"PropertyValueSpecification","valueRequired":true,"valueName":"search_term_string"}}],"inLanguage":"fr-FR"},{"@type":"Organization","@id":"https:\/\/res-q-jack.com\/#organization","name":"Res-Q-Jack, Inc.","url":"https:\/\/res-q-jack.com\/","logo":{"@type":"ImageObject","inLanguage":"fr-FR","@id":"https:\/\/res-q-jack.com\/#\/schema\/logo\/image\/","url":"https:\/\/res-q-jack.com\/wp-content\/uploads\/2020\/03\/Res-Q-Jack-SEO-Logo.png","contentUrl":"https:\/\/res-q-jack.com\/wp-content\/uploads\/2020\/03\/Res-Q-Jack-SEO-Logo.png","width":612,"height":138,"caption":"Res-Q-Jack, Inc."},"image":{"@id":"https:\/\/res-q-jack.com\/#\/schema\/logo\/image\/"}}]}},"_links":{"self":[{"href":"https:\/\/res-q-jack.com\/fr\/wp-json\/wp\/v2\/pages\/187","targetHints":{"allow":["GET"]}}],"collection":[{"href":"https:\/\/res-q-jack.com\/fr\/wp-json\/wp\/v2\/pages"}],"about":[{"href":"https:\/\/res-q-jack.com\/fr\/wp-json\/wp\/v2\/types\/page"}],"author":[{"embeddable":true,"href":"https:\/\/res-q-jack.com\/fr\/wp-json\/wp\/v2\/users\/2"}],"replies":[{"embeddable":true,"href":"https:\/\/res-q-jack.com\/fr\/wp-json\/wp\/v2\/comments?post=187"}],"version-history":[{"count":1,"href":"https:\/\/res-q-jack.com\/fr\/wp-json\/wp\/v2\/pages\/187\/revisions"}],"predecessor-version":[{"id":2226,"href":"https:\/\/res-q-jack.com\/fr\/wp-json\/wp\/v2\/pages\/187\/revisions\/2226"}],"up":[{"embeddable":true,"href":"https:\/\/res-q-jack.com\/fr\/wp-json\/wp\/v2\/pages\/42"}],"wp:attachment":[{"href":"https:\/\/res-q-jack.com\/fr\/wp-json\/wp\/v2\/media?parent=187"}],"curies":[{"name":"wp","href":"https:\/\/api.w.org\/{rel}","templated":true}]}}