{"id":184,"date":"2019-12-18T16:16:33","date_gmt":"2019-12-18T21:16:33","guid":{"rendered":"https:\/\/resqjack.wpengine.com\/?page_id=184"},"modified":"2024-10-29T10:50:30","modified_gmt":"2024-10-29T15:50:30","slug":"trench-shoring-struts","status":"publish","type":"page","link":"https:\/\/res-q-jack.com\/fr\/struts\/trench-shoring-struts\/","title":{"rendered":"\u00c9tais de blindage de tranch\u00e9e"},"content":{"rendered":"<img decoding=\"async\" data-src=\"https:\/\/res-q-jack.com\/wp-content\/uploads\/2020\/01\/Trench-Shoring-Rescue-Jacks.png\" alt=\"Crics de sauvetage de la s\u00e9rie SPX pour le blindage des tranch\u00e9es\" title=\"Crics de sauvetage pour le blindage de tranch\u00e9es\" itemprop=\"image\" src=\"data:image\/svg+xml;base64,PHN2ZyB3aWR0aD0iMSIgaGVpZ2h0PSIxIiB4bWxucz0iaHR0cDovL3d3dy53My5vcmcvMjAwMC9zdmciPjwvc3ZnPg==\" class=\"lazyload\" style=\"--smush-placeholder-width: 400px; --smush-placeholder-aspect-ratio: 400\/81;\" \/>\n\t\t<h1>\u00c9tais de blindage de tranch\u00e9e<\/h1>\t\t\t\n\t\t\t\t<p>Nos \u00e9tais de blindage de tranch\u00e9e ont des charges de travail nominales de 10 400 \u00e0 38 400 lb et des longueurs de port\u00e9e de 26\u2033 \u00e0 112\u2033.<\/p>\n\t\t\t\t<img decoding=\"async\" data-src=\"https:\/\/res-q-jack.com\/wp-content\/uploads\/2020\/01\/Trench-Shoring-Struts.jpg\" alt=\"\u00c9tais de blindage de tranch\u00e9e\" title=\"\u00c9tais de blindage de tranch\u00e9e\" itemprop=\"image\" src=\"data:image\/svg+xml;base64,PHN2ZyB3aWR0aD0iMSIgaGVpZ2h0PSIxIiB4bWxucz0iaHR0cDovL3d3dy53My5vcmcvMjAwMC9zdmciPjwvc3ZnPg==\" class=\"lazyload\" style=\"--smush-placeholder-width: 220px; --smush-placeholder-aspect-ratio: 220\/408;\" \/>\n\t\t\t<h2>\u00c9tais de blindage de tranch\u00e9e pneumatique<\/h2>\t\t\t\n\t\t\t\t<p>Le nouveau syst\u00e8me de blindage de tranch\u00e9e Super X excelle dans tout sc\u00e9nario de sauvetage de tranch\u00e9e.  Fabriqu\u00e9 en aluminium de haute qualit\u00e9 et dot\u00e9 des m\u00eames fonctionnalit\u00e9s que notre gamme Super X-Strut, le syst\u00e8me de blindage de tranch\u00e9e r\u00e9pondra \u00e0 tous vos besoins.  Ces \u00e9tan\u00e7ons sont disponibles en trois tailles pour s'adapter \u00e0 une vari\u00e9t\u00e9 de situations, et chacun est compatible avec nos composants Super X-Strut, ainsi qu'avec les composants de la concurrence.<\/p>\n\t<ul>\n\t\t<li>\t\t\t\t\n\t\t<h4>T\u00e9l\u00e9chargements<\/h4><\/li>\t<\/ul>\n\t<ul>\n\t\t<li><a href=\"https:\/\/res-q-jack.com\/wp-content\/uploads\/documents\/RQJ-Tech-Data-Sheet-SPX-Trench-Shore.pdf\" target=\"_blank\" rel=\"noopener\" aria-label=\"Go to https:\/\/res-q-jack.com\/wp-content\/uploads\/documents\/RQJ-Tech-Data-Sheet-SPX-Trench-Shore.pdf\">\t\t\t\t\n\t\tFiche technique (801KB)<\/a><\/li><li><a href=\"https:\/\/res-q-jack.com\/fr\/demande-cotation-2\/\" target=\"_blank\" rel=\"noopener\" aria-label=\"Go to https:\/\/res-q-jack.com\/request-a-catalog\/\">\t\t\t\t\n\t\tCatalogue de produits (8MB)<\/a><\/li>\t<\/ul>\n\t<ul>\n\t\t<li>\t\t\t\t\n\t\t<h4>Sp\u00e9cifications<\/h4><\/li>\t<\/ul>\n\t<p>WLL \u00e0 des longueurs diff\u00e9rentes*<\/p>\n\t<ul>\n\t\t<li>\t\t\t\t\n\t\t26\u2033 Longueur : 38,400 lbs<\/li><li>\t\t\t\t\n\t\t50\u2033 Longueur : 30,600 lbs<\/li><li>\t\t\t\t\n\t\t74\u2033 Longueur : 25,150 lbs<\/li><li>\t\t\t\t\n\t\t94\u2033 Longueur : 14,180 lbs<\/li><li>\t\t\t\t\n\t\t112\u2033 Longueur : 10,400 lbs<\/li>\t<\/ul>\n\t<p>(facteur de s\u00e9curit\u00e9 2:1 sur les jambes de force et les accessoires)<\/p>\n<p>* Limites de charge de travail calcul\u00e9es avec des raccords d'extr\u00e9mit\u00e9 de plaque de tranch\u00e9e pivotants.<\/p>\n\t\t\t<a href=\"https:\/\/res-q-jack.com\/fr\/demande-cotation\/\" target=\"_self\" rel=\"noopener\">\n\t\t\t\t\t\t\t\tDemander un devis\n\t\t\t\t\t\t\t<\/a>\n\t\t\t<a href=\"https:\/\/res-q-jack.com\/fr\/demo-gratuite\/\" target=\"_self\" rel=\"noopener\">\n\t\t\t\t\t\t\t\tPlanifier une d\u00e9mo\n\t\t\t\t\t\t\t<\/a>\n\t<h4>\n\t\t\t\tVous avez des questions ?  Appelez-nous au 1-800-466-9626.\n\t\t\t<\/h4>\n\t<h3>\n\t\t\t\tTrois tailles au choix\n\t\t\t<\/h3>\n\t\t\t<p>Disponible en trois longueurs pour vous assurer que vous avez la bonne longueur pour le travail.  Chaque Trench Shore accepte \u00e9galement n'importe laquelle de nos rallonges SPX, ce qui vous donne jusqu'\u00e0 4 pieds de plus en longueur (MAX : 2 rallonges par \u00e9tai). *Toutes les longueurs comprennent DEUX embouts de plaque d'extr\u00e9mit\u00e9 pivotante (inclus avec chaque \u00e9tai).<\/p>\t\n\t\t\t\t<img decoding=\"async\" data-src=\"https:\/\/res-q-jack.com\/wp-content\/uploads\/2020\/01\/Trench-Shoring-Strut-Size-Comparison.png\" alt=\"Comparaison des tailles des \u00e9tais de blindage de tranch\u00e9e\" title=\"Comparaison des tailles des \u00e9tais de blindage de tranch\u00e9e\" itemprop=\"image\" src=\"data:image\/svg+xml;base64,PHN2ZyB3aWR0aD0iMSIgaGVpZ2h0PSIxIiB4bWxucz0iaHR0cDovL3d3dy53My5vcmcvMjAwMC9zdmciPjwvc3ZnPg==\" class=\"lazyload\" style=\"--smush-placeholder-width: 959px; --smush-placeholder-aspect-ratio: 959\/238;\" \/>\n\t<h5>\n\t\t\t\tAvantages d'un \u00e9tai de blindage de tranch\u00e9e de marque Res-Q-Jack\n\t\t\t<\/h5>\n\t\t\t\t<img decoding=\"async\" data-src=\"https:\/\/res-q-jack.com\/wp-content\/uploads\/2020\/05\/Trench-Shoring-Strut-Features.jpg\" alt=\"Caract\u00e9ristiques des \u00e9tais de blindage de tranch\u00e9e\" title=\"Caract\u00e9ristiques des \u00e9tais de blindage de tranch\u00e9e\" itemprop=\"image\" src=\"data:image\/svg+xml;base64,PHN2ZyB3aWR0aD0iMSIgaGVpZ2h0PSIxIiB4bWxucz0iaHR0cDovL3d3dy53My5vcmcvMjAwMC9zdmciPjwvc3ZnPg==\" class=\"lazyload\" style=\"--smush-placeholder-width: 374px; --smush-placeholder-aspect-ratio: 374\/681;\" \/>\n\t\t\t<h3>1. Tube int\u00e9rieur creux<\/h3>\t\t\t\n\t\t\t\t<p>Le Super X Trench Shore est con\u00e7u pour \u00eatre rapide et facile \u00e0 d\u00e9ployer.  Notre tube int\u00e9rieur creux permet de gagner jusqu'\u00e0 5 livres de poids suppl\u00e9mentaire par rapport \u00e0 un tube plein.<\/p>\n\t\t\t<h3>2. Goupille de verrouillage brevet\u00e9e<\/h3>\t\t\t\n\t\t\t\t<p>Notre goupille de verrouillage brevet\u00e9e cr\u00e9e un arr\u00eat positif, \u00e9liminant le risque d'extension excessive et emp\u00eachant la chambre \u00e0 air de tomber.<\/p>\n\t\t\t<h3>3. Activation pneumatique<\/h3>\t\t\t\n\t\t\t\t<p>Nos \u00e9tais de sout\u00e8nement de tranch\u00e9e sont test\u00e9s hydrostatiquement jusqu'\u00e0 800 PSI pour \u00eatre utilis\u00e9s avec des syst\u00e8mes \u00e0 air comprim\u00e9.<\/p>\n\t\t\t<h3>4. Raccords d'extr\u00e9mit\u00e9 ambidextres<\/h3>\t\t\t\n\t\t\t\t<p>Utilisez des extensions \u00e0 chaque extr\u00e9mit\u00e9 pour obtenir jusqu'\u00e0 4 pieds de plus en longueur (max : 2 extensions).<\/p>","protected":false},"excerpt":{"rendered":"<p>\u00c9taiement de tranch\u00e9e Nos \u00e9taiements de tranch\u00e9e ont des charges de travail nominales de 10 400 \u00e0 38 400 lb et des longueurs de port\u00e9e de 26\u2033 \u00e0 112\u2033. \u00c9tr\u00e9sillons de blindage de tranch\u00e9e pneumatiques Le nouveau syst\u00e8me de blindage de tranch\u00e9e Super X excelle dans tout sc\u00e9nario de sauvetage de tranch\u00e9e.  Usin\u00e9 \u00e0 partir d'aluminium de haute qualit\u00e9 et pr\u00e9sentant les m\u00eames fonctionnalit\u00e9s que notre gamme de jambes de force Super X,...<\/p>","protected":false},"author":2,"featured_media":0,"parent":42,"menu_order":0,"comment_status":"closed","ping_status":"closed","template":"","meta":{"footnotes":""},"class_list":["post-184","page","type-page","status-publish","hentry"],"yoast_head":"<!-- This site is optimized with the Yoast SEO plugin v27.2 - https:\/\/yoast.com\/product\/yoast-seo-wordpress\/ -->\n<title>Trench Shoring Struts | Res-Q-Jack, Inc.<\/title>\n<meta name=\"description\" content=\"Res-Q-Jack trench shoring struts and lifting jacks have rated working loads from 10,400 - 38,400 lbs. and span lengths from 26&quot; to 112&quot;.\" \/>\n<meta name=\"robots\" content=\"index, follow, max-snippet:-1, max-image-preview:large, max-video-preview:-1\" \/>\n<link rel=\"canonical\" href=\"https:\/\/res-q-jack.com\/fr\/jambes-de-force\/trench-shoring-struts\/\" \/>\n<meta property=\"og:locale\" content=\"fr_FR\" \/>\n<meta property=\"og:type\" content=\"article\" \/>\n<meta property=\"og:title\" content=\"Trench Shoring Struts | Res-Q-Jack, Inc.\" \/>\n<meta property=\"og:description\" content=\"Res-Q-Jack trench shoring struts and lifting jacks have rated working loads from 10,400 - 38,400 lbs. and span lengths from 26&quot; to 112&quot;.\" \/>\n<meta property=\"og:url\" content=\"https:\/\/res-q-jack.com\/fr\/jambes-de-force\/trench-shoring-struts\/\" \/>\n<meta property=\"og:site_name\" content=\"Res-Q-Jack, Inc.\" \/>\n<meta property=\"article:modified_time\" content=\"2024-10-29T15:50:30+00:00\" \/>\n<meta property=\"og:image\" content=\"https:\/\/res-q-jack.com\/wp-content\/uploads\/2020\/01\/Trench-Shoring-Rescue-Jacks.png\" \/>\n<meta name=\"twitter:card\" content=\"summary_large_image\" \/>\n<meta name=\"twitter:label1\" content=\"Dur\u00e9e de lecture estim\u00e9e\" \/>\n\t<meta name=\"twitter:data1\" content=\"1 minute\" \/>\n<script type=\"application\/ld+json\" class=\"yoast-schema-graph\">{\"@context\":\"https:\/\/schema.org\",\"@graph\":[{\"@type\":\"WebPage\",\"@id\":\"https:\/\/res-q-jack.com\/struts\/trench-shoring-struts\/\",\"url\":\"https:\/\/res-q-jack.com\/struts\/trench-shoring-struts\/\",\"name\":\"Trench Shoring Struts | Res-Q-Jack, Inc.\",\"isPartOf\":{\"@id\":\"https:\/\/res-q-jack.com\/#website\"},\"primaryImageOfPage\":{\"@id\":\"https:\/\/res-q-jack.com\/struts\/trench-shoring-struts\/#primaryimage\"},\"image\":{\"@id\":\"https:\/\/res-q-jack.com\/struts\/trench-shoring-struts\/#primaryimage\"},\"thumbnailUrl\":\"https:\/\/res-q-jack.com\/wp-content\/uploads\/2020\/01\/Trench-Shoring-Rescue-Jacks.png\",\"datePublished\":\"2019-12-18T21:16:33+00:00\",\"dateModified\":\"2024-10-29T15:50:30+00:00\",\"description\":\"Res-Q-Jack trench shoring struts and lifting jacks have rated working loads from 10,400 - 38,400 lbs. and span lengths from 26\\\" to 112\\\".\",\"breadcrumb\":{\"@id\":\"https:\/\/res-q-jack.com\/struts\/trench-shoring-struts\/#breadcrumb\"},\"inLanguage\":\"fr-FR\",\"potentialAction\":[{\"@type\":\"ReadAction\",\"target\":[\"https:\/\/res-q-jack.com\/struts\/trench-shoring-struts\/\"]}]},{\"@type\":\"ImageObject\",\"inLanguage\":\"fr-FR\",\"@id\":\"https:\/\/res-q-jack.com\/struts\/trench-shoring-struts\/#primaryimage\",\"url\":\"https:\/\/res-q-jack.com\/wp-content\/uploads\/2020\/01\/Trench-Shoring-Rescue-Jacks.png\",\"contentUrl\":\"https:\/\/res-q-jack.com\/wp-content\/uploads\/2020\/01\/Trench-Shoring-Rescue-Jacks.png\"},{\"@type\":\"BreadcrumbList\",\"@id\":\"https:\/\/res-q-jack.com\/struts\/trench-shoring-struts\/#breadcrumb\",\"itemListElement\":[{\"@type\":\"ListItem\",\"position\":1,\"name\":\"Home\",\"item\":\"https:\/\/res-q-jack.com\/\"},{\"@type\":\"ListItem\",\"position\":2,\"name\":\"Rescue Struts\",\"item\":\"https:\/\/res-q-jack.com\/struts\/\"},{\"@type\":\"ListItem\",\"position\":3,\"name\":\"Trench Shoring Struts\"}]},{\"@type\":\"WebSite\",\"@id\":\"https:\/\/res-q-jack.com\/#website\",\"url\":\"https:\/\/res-q-jack.com\/\",\"name\":\"Res-Q-Jack, Inc.\",\"description\":\"Vehicle Stabilization Struts\",\"publisher\":{\"@id\":\"https:\/\/res-q-jack.com\/#organization\"},\"potentialAction\":[{\"@type\":\"SearchAction\",\"target\":{\"@type\":\"EntryPoint\",\"urlTemplate\":\"https:\/\/res-q-jack.com\/?s={search_term_string}\"},\"query-input\":{\"@type\":\"PropertyValueSpecification\",\"valueRequired\":true,\"valueName\":\"search_term_string\"}}],\"inLanguage\":\"fr-FR\"},{\"@type\":\"Organization\",\"@id\":\"https:\/\/res-q-jack.com\/#organization\",\"name\":\"Res-Q-Jack, Inc.\",\"url\":\"https:\/\/res-q-jack.com\/\",\"logo\":{\"@type\":\"ImageObject\",\"inLanguage\":\"fr-FR\",\"@id\":\"https:\/\/res-q-jack.com\/#\/schema\/logo\/image\/\",\"url\":\"https:\/\/res-q-jack.com\/wp-content\/uploads\/2020\/03\/Res-Q-Jack-SEO-Logo.png\",\"contentUrl\":\"https:\/\/res-q-jack.com\/wp-content\/uploads\/2020\/03\/Res-Q-Jack-SEO-Logo.png\",\"width\":612,\"height\":138,\"caption\":\"Res-Q-Jack, Inc.\"},\"image\":{\"@id\":\"https:\/\/res-q-jack.com\/#\/schema\/logo\/image\/\"}}]}<\/script>\n<!-- \/ Yoast SEO plugin. -->","yoast_head_json":{"title":"\u00c9tais de blindage de tranch\u00e9e | Res-Q-Jack, Inc.","description":"Les \u00e9tais de blindage de tranch\u00e9e et les v\u00e9rins de levage Res-Q-Jack ont des charges de travail nominales de 10 400 \u00e0 38 400 livres et des longueurs de port\u00e9e de 26 \u00e0 112 pouces.","robots":{"index":"index","follow":"follow","max-snippet":"max-snippet:-1","max-image-preview":"max-image-preview:large","max-video-preview":"max-video-preview:-1"},"canonical":"https:\/\/res-q-jack.com\/fr\/jambes-de-force\/trench-shoring-struts\/","og_locale":"fr_FR","og_type":"article","og_title":"Trench Shoring Struts | Res-Q-Jack, Inc.","og_description":"Res-Q-Jack trench shoring struts and lifting jacks have rated working loads from 10,400 - 38,400 lbs. and span lengths from 26\" to 112\".","og_url":"https:\/\/res-q-jack.com\/fr\/jambes-de-force\/trench-shoring-struts\/","og_site_name":"Res-Q-Jack, Inc.","article_modified_time":"2024-10-29T15:50:30+00:00","og_image":[{"url":"https:\/\/res-q-jack.com\/wp-content\/uploads\/2020\/01\/Trench-Shoring-Rescue-Jacks.png","type":"","width":"","height":""}],"twitter_card":"summary_large_image","twitter_misc":{"Dur\u00e9e de lecture estim\u00e9e":"1 minute"},"schema":{"@context":"https:\/\/schema.org","@graph":[{"@type":"WebPage","@id":"https:\/\/res-q-jack.com\/struts\/trench-shoring-struts\/","url":"https:\/\/res-q-jack.com\/struts\/trench-shoring-struts\/","name":"\u00c9tais de blindage de tranch\u00e9e | Res-Q-Jack, Inc.","isPartOf":{"@id":"https:\/\/res-q-jack.com\/#website"},"primaryImageOfPage":{"@id":"https:\/\/res-q-jack.com\/struts\/trench-shoring-struts\/#primaryimage"},"image":{"@id":"https:\/\/res-q-jack.com\/struts\/trench-shoring-struts\/#primaryimage"},"thumbnailUrl":"https:\/\/res-q-jack.com\/wp-content\/uploads\/2020\/01\/Trench-Shoring-Rescue-Jacks.png","datePublished":"2019-12-18T21:16:33+00:00","dateModified":"2024-10-29T15:50:30+00:00","description":"Les \u00e9tais de blindage de tranch\u00e9e et les v\u00e9rins de levage Res-Q-Jack ont des charges de travail nominales de 10 400 \u00e0 38 400 livres et des longueurs de port\u00e9e de 26 \u00e0 112 pouces.","breadcrumb":{"@id":"https:\/\/res-q-jack.com\/struts\/trench-shoring-struts\/#breadcrumb"},"inLanguage":"fr-FR","potentialAction":[{"@type":"ReadAction","target":["https:\/\/res-q-jack.com\/struts\/trench-shoring-struts\/"]}]},{"@type":"ImageObject","inLanguage":"fr-FR","@id":"https:\/\/res-q-jack.com\/struts\/trench-shoring-struts\/#primaryimage","url":"https:\/\/res-q-jack.com\/wp-content\/uploads\/2020\/01\/Trench-Shoring-Rescue-Jacks.png","contentUrl":"https:\/\/res-q-jack.com\/wp-content\/uploads\/2020\/01\/Trench-Shoring-Rescue-Jacks.png"},{"@type":"BreadcrumbList","@id":"https:\/\/res-q-jack.com\/struts\/trench-shoring-struts\/#breadcrumb","itemListElement":[{"@type":"ListItem","position":1,"name":"Home","item":"https:\/\/res-q-jack.com\/"},{"@type":"ListItem","position":2,"name":"Rescue Struts","item":"https:\/\/res-q-jack.com\/struts\/"},{"@type":"ListItem","position":3,"name":"Trench Shoring Struts"}]},{"@type":"WebSite","@id":"https:\/\/res-q-jack.com\/#website","url":"https:\/\/res-q-jack.com\/","name":"Res-Q-Jack, Inc.","description":"Stabilisateurs de v\u00e9hicules","publisher":{"@id":"https:\/\/res-q-jack.com\/#organization"},"potentialAction":[{"@type":"SearchAction","target":{"@type":"EntryPoint","urlTemplate":"https:\/\/res-q-jack.com\/?s={search_term_string}"},"query-input":{"@type":"PropertyValueSpecification","valueRequired":true,"valueName":"search_term_string"}}],"inLanguage":"fr-FR"},{"@type":"Organization","@id":"https:\/\/res-q-jack.com\/#organization","name":"Res-Q-Jack, Inc.","url":"https:\/\/res-q-jack.com\/","logo":{"@type":"ImageObject","inLanguage":"fr-FR","@id":"https:\/\/res-q-jack.com\/#\/schema\/logo\/image\/","url":"https:\/\/res-q-jack.com\/wp-content\/uploads\/2020\/03\/Res-Q-Jack-SEO-Logo.png","contentUrl":"https:\/\/res-q-jack.com\/wp-content\/uploads\/2020\/03\/Res-Q-Jack-SEO-Logo.png","width":612,"height":138,"caption":"Res-Q-Jack, Inc."},"image":{"@id":"https:\/\/res-q-jack.com\/#\/schema\/logo\/image\/"}}]}},"_links":{"self":[{"href":"https:\/\/res-q-jack.com\/fr\/wp-json\/wp\/v2\/pages\/184","targetHints":{"allow":["GET"]}}],"collection":[{"href":"https:\/\/res-q-jack.com\/fr\/wp-json\/wp\/v2\/pages"}],"about":[{"href":"https:\/\/res-q-jack.com\/fr\/wp-json\/wp\/v2\/types\/page"}],"author":[{"embeddable":true,"href":"https:\/\/res-q-jack.com\/fr\/wp-json\/wp\/v2\/users\/2"}],"replies":[{"embeddable":true,"href":"https:\/\/res-q-jack.com\/fr\/wp-json\/wp\/v2\/comments?post=184"}],"version-history":[{"count":0,"href":"https:\/\/res-q-jack.com\/fr\/wp-json\/wp\/v2\/pages\/184\/revisions"}],"up":[{"embeddable":true,"href":"https:\/\/res-q-jack.com\/fr\/wp-json\/wp\/v2\/pages\/42"}],"wp:attachment":[{"href":"https:\/\/res-q-jack.com\/fr\/wp-json\/wp\/v2\/media?parent=184"}],"curies":[{"name":"wp","href":"https:\/\/api.w.org\/{rel}","templated":true}]}}